{"id":342193,"date":"2021-08-06T16:05:12","date_gmt":"2021-08-06T13:05:12","guid":{"rendered":"https:\/\/sharks.ee\/vunder_2019\/?post_type=product&#038;p=342193"},"modified":"2021-08-06T16:05:12","modified_gmt":"2021-08-06T13:05:12","slug":"akvarelkrasu-kubinu-1-2-komplekts-derwent-metallic","status":"publish","type":"product","link":"https:\/\/hobstop.ee\/lv\/produkts\/akvarelkrasu-kubinu-1-2-komplekts-derwent-metallic\/","title":{"rendered":"Akvare\u013ckr\u0101su kubi\u0146u 1\/2 komplekts Derwent Metallic"},"content":{"rendered":"<p>Derwent Metallic kr\u0101su palete sast\u0101v no mirdzo\u0161\u0101m met\u0101liskaj\u0101m kr\u0101s\u0101m, kas, uzkl\u0101jot uz gai\u0161a un tum\u0161a pap\u012bra, izskat\u0101s lieliski. \u0160aj\u0101 izteikti atstarojo\u0161o kr\u0101su diapazon\u0101 ir unik\u0101li to\u0146i, kas skaisti sajaucas, lai izveidotu pilnu met\u0101la kr\u0101su spektru. \u012apa\u0161i smalki met\u0101la pigmenti pie\u0161\u0137ir atstarojo\u0161u sp\u012bdumu, saglab\u0101jot mirdzumu ar\u012b tad, kad kr\u0101sa ir no\u017euvusi. Uzkl\u0101jiet kr\u0113mveida necaursp\u012bd\u012bgos triepienus, lai uz lapas veidotu sl\u0101\u0146us un kr\u0101su sajaukumu. Piem\u0113rotas da\u017e\u0101diem m\u0101kslas vai amatniec\u012bbas projektiem. <\/p>\n<p>Komplekt\u0101 ietilpst:<br \/>\n12&#215;1\/2 Derwent Metallic kr\u0101su kubi\u0146i<br \/>\nOti\u0146a<br \/>\nS\u016bklis<br \/>\nPlastmasas k\u0101rba ar virsm\u0101m da\u017e\u0101du kr\u0101su sajaukumu veido\u0161anai<\/p>\n","protected":false},"excerpt":{"rendered":"<p>Derwent Metallic kr\u0101su palete sast\u0101v no mirdzo\u0161\u0101m met\u0101liskaj\u0101m kr\u0101s\u0101m, kas, uzkl\u0101jot uz gai\u0161a un tum\u0161a pap\u012bra, izskat\u0101s lieliski. \u0160aj\u0101 izteikti atstarojo\u0161o kr\u0101su diapazon\u0101 ir unik\u0101li to\u0146i, kas skaisti sajaucas, lai izveidotu pilnu met\u0101la kr\u0101su spektru. \u012apa\u0161i smalki met\u0101la pigmenti pie\u0161\u0137ir atstarojo\u0161u sp\u012bdumu, saglab\u0101jot mirdzumu ar\u012b tad, kad kr\u0101sa ir no\u017euvusi. Uzkl\u0101jiet kr\u0113mveida necaursp\u012bd\u012bgos triepienus, lai uz lapas veidotu sl\u0101\u0146us un kr\u0101su sajaukumu. Piem\u0113rotas da\u017e\u0101diem m\u0101kslas vai amatniec\u012bbas projektiem. Komplekt\u0101 ietilpst: 12&#215;1\/2 Derwent Metallic kr\u0101su kubi\u0146i Oti\u0146a S\u016bklis Plastmasas k\u0101rba ar virsm\u0101m da\u017e\u0101du kr\u0101su sajaukumu veido\u0161anai<\/p>\n","protected":false},"featured_media":354583,"comment_status":"closed","ping_status":"closed","template":"","meta":{"_acf_changed":false,"ep_exclude_from_search":false},"product_cat":[20361],"product_tag":[],"class_list":{"0":"post-342193","1":"product","2":"type-product","3":"status-publish","4":"has-post-thumbnail","6":"product_cat-maaramata","8":"first","9":"instock","10":"taxable","11":"shipping-taxable","12":"product-type-simple"},"acf":[],"yoast_head":"<!-- This site is optimized with the Yoast SEO plugin v24.1 - https:\/\/yoast.com\/wordpress\/plugins\/seo\/ -->\n<title>Akvare\u013ckr\u0101su kubi\u0146u 1\/2 komplekts Derwent Metallic &#8211; Skizze<\/title>\n<meta name=\"robots\" content=\"noindex, follow, max-snippet:-1, max-image-preview:large, max-video-preview:-1\" \/>\n<meta property=\"og:locale\" content=\"lv_LV\" \/>\n<meta property=\"og:type\" content=\"article\" \/>\n<meta property=\"og:title\" content=\"Akvare\u013ckr\u0101su kubi\u0146u 1\/2 komplekts Derwent Metallic &#8211; Skizze\" \/>\n<meta property=\"og:description\" content=\"Derwent Metallic kr\u0101su palete sast\u0101v no mirdzo\u0161\u0101m met\u0101liskaj\u0101m kr\u0101s\u0101m, kas, uzkl\u0101jot uz gai\u0161a un tum\u0161a pap\u012bra, izskat\u0101s lieliski. \u0160aj\u0101 izteikti atstarojo\u0161o kr\u0101su diapazon\u0101 ir unik\u0101li to\u0146i, kas skaisti sajaucas, lai izveidotu pilnu met\u0101la kr\u0101su spektru. \u012apa\u0161i smalki met\u0101la pigmenti pie\u0161\u0137ir atstarojo\u0161u sp\u012bdumu, saglab\u0101jot mirdzumu ar\u012b tad, kad kr\u0101sa ir no\u017euvusi. Uzkl\u0101jiet kr\u0113mveida necaursp\u012bd\u012bgos triepienus, lai uz lapas veidotu sl\u0101\u0146us un kr\u0101su sajaukumu. Piem\u0113rotas da\u017e\u0101diem m\u0101kslas vai amatniec\u012bbas projektiem. Komplekt\u0101 ietilpst: 12&#215;1\/2 Derwent Metallic kr\u0101su kubi\u0146i Oti\u0146a S\u016bklis Plastmasas k\u0101rba ar virsm\u0101m da\u017e\u0101du kr\u0101su sajaukumu veido\u0161anai\" \/>\n<meta property=\"og:url\" content=\"https:\/\/hobstop.ee\/lv\/produkts\/akvarelkrasu-kubinu-1-2-komplekts-derwent-metallic\/\" \/>\n<meta property=\"og:site_name\" content=\"Skizze\" \/>\n<meta property=\"article:publisher\" content=\"http:\/\/www.facebook.com\/VunderSkizze\" \/>\n<meta property=\"og:image\" content=\"https:\/\/hobstop.ee\/media\/5306.jpg\" \/>\n\t<meta property=\"og:image:width\" content=\"1024\" \/>\n\t<meta property=\"og:image:height\" content=\"768\" \/>\n\t<meta property=\"og:image:type\" content=\"image\/jpeg\" \/>\n<meta name=\"twitter:card\" content=\"summary_large_image\" \/>\n<meta name=\"twitter:label1\" content=\"Est. reading time\" \/>\n\t<meta name=\"twitter:data1\" content=\"1 min\u016b\u0161u\" \/>\n<script type=\"application\/ld+json\" class=\"yoast-schema-graph\">{\"@context\":\"https:\/\/schema.org\",\"@graph\":[{\"@type\":\"WebPage\",\"@id\":\"https:\/\/hobstop.ee\/lv\/produkts\/akvarelkrasu-kubinu-1-2-komplekts-derwent-metallic\/\",\"url\":\"https:\/\/hobstop.ee\/lv\/produkts\/akvarelkrasu-kubinu-1-2-komplekts-derwent-metallic\/\",\"name\":\"Akvare\u013ckr\u0101su kubi\u0146u 1\/2 komplekts Derwent Metallic &#8211; Skizze\",\"isPartOf\":{\"@id\":\"https:\/\/www.hobstop.ee\/lv\/#website\"},\"primaryImageOfPage\":{\"@id\":\"https:\/\/hobstop.ee\/lv\/produkts\/akvarelkrasu-kubinu-1-2-komplekts-derwent-metallic\/#primaryimage\"},\"image\":{\"@id\":\"https:\/\/hobstop.ee\/lv\/produkts\/akvarelkrasu-kubinu-1-2-komplekts-derwent-metallic\/#primaryimage\"},\"thumbnailUrl\":\"https:\/\/hobstop.ee\/media\/5306.jpg\",\"datePublished\":\"2021-08-06T13:05:12+00:00\",\"dateModified\":\"2021-08-06T13:05:12+00:00\",\"breadcrumb\":{\"@id\":\"https:\/\/hobstop.ee\/lv\/produkts\/akvarelkrasu-kubinu-1-2-komplekts-derwent-metallic\/#breadcrumb\"},\"inLanguage\":\"lv-LV\",\"potentialAction\":[{\"@type\":\"ReadAction\",\"target\":[\"https:\/\/hobstop.ee\/lv\/produkts\/akvarelkrasu-kubinu-1-2-komplekts-derwent-metallic\/\"]}]},{\"@type\":\"ImageObject\",\"inLanguage\":\"lv-LV\",\"@id\":\"https:\/\/hobstop.ee\/lv\/produkts\/akvarelkrasu-kubinu-1-2-komplekts-derwent-metallic\/#primaryimage\",\"url\":\"https:\/\/hobstop.ee\/media\/5306.jpg\",\"contentUrl\":\"https:\/\/hobstop.ee\/media\/5306.jpg\",\"width\":1024,\"height\":768},{\"@type\":\"BreadcrumbList\",\"@id\":\"https:\/\/hobstop.ee\/lv\/produkts\/akvarelkrasu-kubinu-1-2-komplekts-derwent-metallic\/#breadcrumb\",\"itemListElement\":[{\"@type\":\"ListItem\",\"position\":1,\"name\":\"Avaleht\",\"item\":\"https:\/\/www.hobstop.ee\/lv\/\"},{\"@type\":\"ListItem\",\"position\":2,\"name\":\"Veikals\",\"item\":\"https:\/\/www.hobstop.ee\/lv\/veikals\/\"},{\"@type\":\"ListItem\",\"position\":3,\"name\":\"Akvare\u013ckr\u0101su kubi\u0146u 1\/2 komplekts Derwent Metallic\"}]},{\"@type\":\"WebSite\",\"@id\":\"https:\/\/www.hobstop.ee\/lv\/#website\",\"url\":\"https:\/\/www.hobstop.ee\/lv\/\",\"name\":\"Skizze\",\"description\":\"M\u0101kslas, hobiju un skolas preces\",\"publisher\":{\"@id\":\"https:\/\/www.hobstop.ee\/lv\/#organization\"},\"potentialAction\":[{\"@type\":\"SearchAction\",\"target\":{\"@type\":\"EntryPoint\",\"urlTemplate\":\"https:\/\/www.hobstop.ee\/lv\/?s={search_term_string}\"},\"query-input\":{\"@type\":\"PropertyValueSpecification\",\"valueRequired\":true,\"valueName\":\"search_term_string\"}}],\"inLanguage\":\"lv-LV\"},{\"@type\":\"Organization\",\"@id\":\"https:\/\/www.hobstop.ee\/lv\/#organization\",\"name\":\"Vunder AS\",\"url\":\"https:\/\/www.hobstop.ee\/lv\/\",\"logo\":{\"@type\":\"ImageObject\",\"inLanguage\":\"lv-LV\",\"@id\":\"https:\/\/www.hobstop.ee\/lv\/#\/schema\/logo\/image\/\",\"url\":\"https:\/\/hobstop.ee\/media\/vunder-logo.png\",\"contentUrl\":\"https:\/\/hobstop.ee\/media\/vunder-logo.png\",\"width\":127,\"height\":55,\"caption\":\"Vunder AS\"},\"image\":{\"@id\":\"https:\/\/www.hobstop.ee\/lv\/#\/schema\/logo\/image\/\"},\"sameAs\":[\"http:\/\/www.facebook.com\/VunderSkizze\"]}]}<\/script>\n<!-- \/ Yoast SEO plugin. -->","yoast_head_json":{"title":"Akvare\u013ckr\u0101su kubi\u0146u 1\/2 komplekts Derwent Metallic &#8211; Skizze","robots":{"index":"noindex","follow":"follow","max-snippet":"max-snippet:-1","max-image-preview":"max-image-preview:large","max-video-preview":"max-video-preview:-1"},"og_locale":"lv_LV","og_type":"article","og_title":"Akvare\u013ckr\u0101su kubi\u0146u 1\/2 komplekts Derwent Metallic &#8211; Skizze","og_description":"Derwent Metallic kr\u0101su palete sast\u0101v no mirdzo\u0161\u0101m met\u0101liskaj\u0101m kr\u0101s\u0101m, kas, uzkl\u0101jot uz gai\u0161a un tum\u0161a pap\u012bra, izskat\u0101s lieliski. \u0160aj\u0101 izteikti atstarojo\u0161o kr\u0101su diapazon\u0101 ir unik\u0101li to\u0146i, kas skaisti sajaucas, lai izveidotu pilnu met\u0101la kr\u0101su spektru. \u012apa\u0161i smalki met\u0101la pigmenti pie\u0161\u0137ir atstarojo\u0161u sp\u012bdumu, saglab\u0101jot mirdzumu ar\u012b tad, kad kr\u0101sa ir no\u017euvusi. Uzkl\u0101jiet kr\u0113mveida necaursp\u012bd\u012bgos triepienus, lai uz lapas veidotu sl\u0101\u0146us un kr\u0101su sajaukumu. Piem\u0113rotas da\u017e\u0101diem m\u0101kslas vai amatniec\u012bbas projektiem. Komplekt\u0101 ietilpst: 12&#215;1\/2 Derwent Metallic kr\u0101su kubi\u0146i Oti\u0146a S\u016bklis Plastmasas k\u0101rba ar virsm\u0101m da\u017e\u0101du kr\u0101su sajaukumu veido\u0161anai","og_url":"https:\/\/hobstop.ee\/lv\/produkts\/akvarelkrasu-kubinu-1-2-komplekts-derwent-metallic\/","og_site_name":"Skizze","article_publisher":"http:\/\/www.facebook.com\/VunderSkizze","og_image":[{"width":1024,"height":768,"url":"https:\/\/hobstop.ee\/media\/5306.jpg","type":"image\/jpeg"}],"twitter_card":"summary_large_image","twitter_misc":{"Est. reading time":"1 min\u016b\u0161u"},"schema":{"@context":"https:\/\/schema.org","@graph":[{"@type":"WebPage","@id":"https:\/\/hobstop.ee\/lv\/produkts\/akvarelkrasu-kubinu-1-2-komplekts-derwent-metallic\/","url":"https:\/\/hobstop.ee\/lv\/produkts\/akvarelkrasu-kubinu-1-2-komplekts-derwent-metallic\/","name":"Akvare\u013ckr\u0101su kubi\u0146u 1\/2 komplekts Derwent Metallic &#8211; Skizze","isPartOf":{"@id":"https:\/\/www.hobstop.ee\/lv\/#website"},"primaryImageOfPage":{"@id":"https:\/\/hobstop.ee\/lv\/produkts\/akvarelkrasu-kubinu-1-2-komplekts-derwent-metallic\/#primaryimage"},"image":{"@id":"https:\/\/hobstop.ee\/lv\/produkts\/akvarelkrasu-kubinu-1-2-komplekts-derwent-metallic\/#primaryimage"},"thumbnailUrl":"https:\/\/hobstop.ee\/media\/5306.jpg","datePublished":"2021-08-06T13:05:12+00:00","dateModified":"2021-08-06T13:05:12+00:00","breadcrumb":{"@id":"https:\/\/hobstop.ee\/lv\/produkts\/akvarelkrasu-kubinu-1-2-komplekts-derwent-metallic\/#breadcrumb"},"inLanguage":"lv-LV","potentialAction":[{"@type":"ReadAction","target":["https:\/\/hobstop.ee\/lv\/produkts\/akvarelkrasu-kubinu-1-2-komplekts-derwent-metallic\/"]}]},{"@type":"ImageObject","inLanguage":"lv-LV","@id":"https:\/\/hobstop.ee\/lv\/produkts\/akvarelkrasu-kubinu-1-2-komplekts-derwent-metallic\/#primaryimage","url":"https:\/\/hobstop.ee\/media\/5306.jpg","contentUrl":"https:\/\/hobstop.ee\/media\/5306.jpg","width":1024,"height":768},{"@type":"BreadcrumbList","@id":"https:\/\/hobstop.ee\/lv\/produkts\/akvarelkrasu-kubinu-1-2-komplekts-derwent-metallic\/#breadcrumb","itemListElement":[{"@type":"ListItem","position":1,"name":"Avaleht","item":"https:\/\/www.hobstop.ee\/lv\/"},{"@type":"ListItem","position":2,"name":"Veikals","item":"https:\/\/www.hobstop.ee\/lv\/veikals\/"},{"@type":"ListItem","position":3,"name":"Akvare\u013ckr\u0101su kubi\u0146u 1\/2 komplekts Derwent Metallic"}]},{"@type":"WebSite","@id":"https:\/\/www.hobstop.ee\/lv\/#website","url":"https:\/\/www.hobstop.ee\/lv\/","name":"Skizze","description":"M\u0101kslas, hobiju un skolas preces","publisher":{"@id":"https:\/\/www.hobstop.ee\/lv\/#organization"},"potentialAction":[{"@type":"SearchAction","target":{"@type":"EntryPoint","urlTemplate":"https:\/\/www.hobstop.ee\/lv\/?s={search_term_string}"},"query-input":{"@type":"PropertyValueSpecification","valueRequired":true,"valueName":"search_term_string"}}],"inLanguage":"lv-LV"},{"@type":"Organization","@id":"https:\/\/www.hobstop.ee\/lv\/#organization","name":"Vunder AS","url":"https:\/\/www.hobstop.ee\/lv\/","logo":{"@type":"ImageObject","inLanguage":"lv-LV","@id":"https:\/\/www.hobstop.ee\/lv\/#\/schema\/logo\/image\/","url":"https:\/\/hobstop.ee\/media\/vunder-logo.png","contentUrl":"https:\/\/hobstop.ee\/media\/vunder-logo.png","width":127,"height":55,"caption":"Vunder AS"},"image":{"@id":"https:\/\/www.hobstop.ee\/lv\/#\/schema\/logo\/image\/"},"sameAs":["http:\/\/www.facebook.com\/VunderSkizze"]}]}},"_links":{"self":[{"href":"https:\/\/hobstop.ee\/lv\/wp-json\/wp\/v2\/product\/342193","targetHints":{"allow":["GET"]}}],"collection":[{"href":"https:\/\/hobstop.ee\/lv\/wp-json\/wp\/v2\/product"}],"about":[{"href":"https:\/\/hobstop.ee\/lv\/wp-json\/wp\/v2\/types\/product"}],"replies":[{"embeddable":true,"href":"https:\/\/hobstop.ee\/lv\/wp-json\/wp\/v2\/comments?post=342193"}],"wp:featuredmedia":[{"embeddable":true,"href":"https:\/\/hobstop.ee\/lv\/wp-json\/wp\/v2\/media\/354583"}],"wp:attachment":[{"href":"https:\/\/hobstop.ee\/lv\/wp-json\/wp\/v2\/media?parent=342193"}],"wp:term":[{"taxonomy":"product_cat","embeddable":true,"href":"https:\/\/hobstop.ee\/lv\/wp-json\/wp\/v2\/product_cat?post=342193"},{"taxonomy":"product_tag","embeddable":true,"href":"https:\/\/hobstop.ee\/lv\/wp-json\/wp\/v2\/product_tag?post=342193"}],"curies":[{"name":"wp","href":"https:\/\/api.w.org\/{rel}","templated":true}]}}