{"id":342217,"date":"2021-08-06T16:05:26","date_gmt":"2021-08-06T13:05:26","guid":{"rendered":"https:\/\/sharks.ee\/vunder_2019\/?post_type=product&#038;p=342217"},"modified":"2021-08-06T16:05:26","modified_gmt":"2021-08-06T13:05:26","slug":"akvarelkrasu-kubinu-1-2-komplekts-derwent-pastel","status":"publish","type":"product","link":"https:\/\/hobstop.ee\/lv\/produkts\/akvarelkrasu-kubinu-1-2-komplekts-derwent-pastel\/","title":{"rendered":"Akvare\u013ckr\u0101su kubi\u0146u 1\/2 komplekts Derwent Pastel"},"content":{"rendered":"<p>Derwent unik\u0101li veidot\u0101s rota\u013c\u012bg\u0101s paste\u013cto\u0146u kr\u0101sas ir m\u012bkstas un gai\u0161as, gua\u0161as stil\u0101 pigment\u0113tas kr\u0101sas paletes sast\u0101v\u0101. Ar t\u0101m var veidot biezus, necaursp\u012bd\u012bgus sl\u0101\u0146us, neiz\u0161\u0137\u012bdinot iepriek\u0161 iz\u017euvu\u0161os sl\u0101\u0146us, un \u013caujot kr\u0101sai no\u017e\u016bt, saglab\u0101jot spilgtumu un mat\u0113tu efektu. K\u0101 alternat\u012bvu \u0161os m\u016bsdien\u012bgos, gai\u0161os to\u0146us var kl\u0101t maigi, k\u0101 vieglu triepienu, vai izmantot kop\u0101 ar Derwent Inktense un Metallic kr\u0101su komplektiem, lai pie\u0161\u0137irtu dramatisku efektu. <\/p>\n<p>Komplekt\u0101 ietilpst:<br \/>\n12&#215;1\/2 Derwent Pastel kr\u0101su kubi\u0146i<br \/>\nOti\u0146a<br \/>\nS\u016bklis<br \/>\nPlastmasas k\u0101rba ar virsm\u0101m da\u017e\u0101du kr\u0101su sajaukumu veido\u0161anai<\/p>\n","protected":false},"excerpt":{"rendered":"<p>Derwent unik\u0101li veidot\u0101s rota\u013c\u012bg\u0101s paste\u013cto\u0146u kr\u0101sas ir m\u012bkstas un gai\u0161as, gua\u0161as stil\u0101 pigment\u0113tas kr\u0101sas paletes sast\u0101v\u0101. Ar t\u0101m var veidot biezus, necaursp\u012bd\u012bgus sl\u0101\u0146us, neiz\u0161\u0137\u012bdinot iepriek\u0161 iz\u017euvu\u0161os sl\u0101\u0146us, un \u013caujot kr\u0101sai no\u017e\u016bt, saglab\u0101jot spilgtumu un mat\u0113tu efektu. K\u0101 alternat\u012bvu \u0161os m\u016bsdien\u012bgos, gai\u0161os to\u0146us var kl\u0101t maigi, k\u0101 vieglu triepienu, vai izmantot kop\u0101 ar Derwent Inktense un Metallic kr\u0101su komplektiem, lai pie\u0161\u0137irtu dramatisku efektu. Komplekt\u0101 ietilpst: 12&#215;1\/2 Derwent Pastel kr\u0101su kubi\u0146i Oti\u0146a S\u016bklis Plastmasas k\u0101rba ar virsm\u0101m da\u017e\u0101du kr\u0101su sajaukumu veido\u0161anai<\/p>\n","protected":false},"featured_media":354631,"comment_status":"closed","ping_status":"closed","template":"","meta":{"_acf_changed":false,"ep_exclude_from_search":false},"product_cat":[20361],"product_tag":[],"class_list":{"0":"post-342217","1":"product","2":"type-product","3":"status-publish","4":"has-post-thumbnail","6":"product_cat-maaramata","8":"first","9":"instock","10":"taxable","11":"shipping-taxable","12":"product-type-simple"},"acf":[],"yoast_head":"<!-- This site is optimized with the Yoast SEO plugin v24.1 - https:\/\/yoast.com\/wordpress\/plugins\/seo\/ -->\n<title>Akvare\u013ckr\u0101su kubi\u0146u 1\/2 komplekts Derwent Pastel &#8211; Skizze<\/title>\n<meta name=\"robots\" content=\"noindex, follow, max-snippet:-1, max-image-preview:large, max-video-preview:-1\" \/>\n<meta property=\"og:locale\" content=\"lv_LV\" \/>\n<meta property=\"og:type\" content=\"article\" \/>\n<meta property=\"og:title\" content=\"Akvare\u013ckr\u0101su kubi\u0146u 1\/2 komplekts Derwent Pastel &#8211; Skizze\" \/>\n<meta property=\"og:description\" content=\"Derwent unik\u0101li veidot\u0101s rota\u013c\u012bg\u0101s paste\u013cto\u0146u kr\u0101sas ir m\u012bkstas un gai\u0161as, gua\u0161as stil\u0101 pigment\u0113tas kr\u0101sas paletes sast\u0101v\u0101. Ar t\u0101m var veidot biezus, necaursp\u012bd\u012bgus sl\u0101\u0146us, neiz\u0161\u0137\u012bdinot iepriek\u0161 iz\u017euvu\u0161os sl\u0101\u0146us, un \u013caujot kr\u0101sai no\u017e\u016bt, saglab\u0101jot spilgtumu un mat\u0113tu efektu. K\u0101 alternat\u012bvu \u0161os m\u016bsdien\u012bgos, gai\u0161os to\u0146us var kl\u0101t maigi, k\u0101 vieglu triepienu, vai izmantot kop\u0101 ar Derwent Inktense un Metallic kr\u0101su komplektiem, lai pie\u0161\u0137irtu dramatisku efektu. Komplekt\u0101 ietilpst: 12&#215;1\/2 Derwent Pastel kr\u0101su kubi\u0146i Oti\u0146a S\u016bklis Plastmasas k\u0101rba ar virsm\u0101m da\u017e\u0101du kr\u0101su sajaukumu veido\u0161anai\" \/>\n<meta property=\"og:url\" content=\"https:\/\/hobstop.ee\/lv\/produkts\/akvarelkrasu-kubinu-1-2-komplekts-derwent-pastel\/\" \/>\n<meta property=\"og:site_name\" content=\"Skizze\" \/>\n<meta property=\"article:publisher\" content=\"http:\/\/www.facebook.com\/VunderSkizze\" \/>\n<meta property=\"og:image\" content=\"https:\/\/www.hobstop.ee\/media\/5320.jpg\" \/>\n\t<meta property=\"og:image:width\" content=\"1024\" \/>\n\t<meta property=\"og:image:height\" content=\"768\" \/>\n\t<meta property=\"og:image:type\" content=\"image\/jpeg\" \/>\n<meta name=\"twitter:card\" content=\"summary_large_image\" \/>\n<meta name=\"twitter:label1\" content=\"Est. reading time\" \/>\n\t<meta name=\"twitter:data1\" content=\"1 min\u016b\u0161u\" \/>\n<script type=\"application\/ld+json\" class=\"yoast-schema-graph\">{\"@context\":\"https:\/\/schema.org\",\"@graph\":[{\"@type\":\"WebPage\",\"@id\":\"https:\/\/hobstop.ee\/lv\/produkts\/akvarelkrasu-kubinu-1-2-komplekts-derwent-pastel\/\",\"url\":\"https:\/\/hobstop.ee\/lv\/produkts\/akvarelkrasu-kubinu-1-2-komplekts-derwent-pastel\/\",\"name\":\"Akvare\u013ckr\u0101su kubi\u0146u 1\/2 komplekts Derwent Pastel &#8211; Skizze\",\"isPartOf\":{\"@id\":\"https:\/\/hobstop.ee\/lv\/#website\"},\"primaryImageOfPage\":{\"@id\":\"https:\/\/hobstop.ee\/lv\/produkts\/akvarelkrasu-kubinu-1-2-komplekts-derwent-pastel\/#primaryimage\"},\"image\":{\"@id\":\"https:\/\/hobstop.ee\/lv\/produkts\/akvarelkrasu-kubinu-1-2-komplekts-derwent-pastel\/#primaryimage\"},\"thumbnailUrl\":\"https:\/\/hobstop.ee\/media\/5320.jpg\",\"datePublished\":\"2021-08-06T13:05:26+00:00\",\"dateModified\":\"2021-08-06T13:05:26+00:00\",\"breadcrumb\":{\"@id\":\"https:\/\/hobstop.ee\/lv\/produkts\/akvarelkrasu-kubinu-1-2-komplekts-derwent-pastel\/#breadcrumb\"},\"inLanguage\":\"lv-LV\",\"potentialAction\":[{\"@type\":\"ReadAction\",\"target\":[\"https:\/\/hobstop.ee\/lv\/produkts\/akvarelkrasu-kubinu-1-2-komplekts-derwent-pastel\/\"]}]},{\"@type\":\"ImageObject\",\"inLanguage\":\"lv-LV\",\"@id\":\"https:\/\/hobstop.ee\/lv\/produkts\/akvarelkrasu-kubinu-1-2-komplekts-derwent-pastel\/#primaryimage\",\"url\":\"https:\/\/hobstop.ee\/media\/5320.jpg\",\"contentUrl\":\"https:\/\/hobstop.ee\/media\/5320.jpg\",\"width\":1024,\"height\":768},{\"@type\":\"BreadcrumbList\",\"@id\":\"https:\/\/hobstop.ee\/lv\/produkts\/akvarelkrasu-kubinu-1-2-komplekts-derwent-pastel\/#breadcrumb\",\"itemListElement\":[{\"@type\":\"ListItem\",\"position\":1,\"name\":\"Avaleht\",\"item\":\"https:\/\/www.hobstop.ee\/lv\/\"},{\"@type\":\"ListItem\",\"position\":2,\"name\":\"Veikals\",\"item\":\"https:\/\/www.hobstop.ee\/lv\/veikals\/\"},{\"@type\":\"ListItem\",\"position\":3,\"name\":\"Akvare\u013ckr\u0101su kubi\u0146u 1\/2 komplekts Derwent Pastel\"}]},{\"@type\":\"WebSite\",\"@id\":\"https:\/\/hobstop.ee\/lv\/#website\",\"url\":\"https:\/\/hobstop.ee\/lv\/\",\"name\":\"Skizze\",\"description\":\"M\u0101kslas, hobiju un skolas preces\",\"publisher\":{\"@id\":\"https:\/\/hobstop.ee\/lv\/#organization\"},\"potentialAction\":[{\"@type\":\"SearchAction\",\"target\":{\"@type\":\"EntryPoint\",\"urlTemplate\":\"https:\/\/hobstop.ee\/lv\/?s={search_term_string}\"},\"query-input\":{\"@type\":\"PropertyValueSpecification\",\"valueRequired\":true,\"valueName\":\"search_term_string\"}}],\"inLanguage\":\"lv-LV\"},{\"@type\":\"Organization\",\"@id\":\"https:\/\/hobstop.ee\/lv\/#organization\",\"name\":\"Vunder AS\",\"url\":\"https:\/\/hobstop.ee\/lv\/\",\"logo\":{\"@type\":\"ImageObject\",\"inLanguage\":\"lv-LV\",\"@id\":\"https:\/\/hobstop.ee\/lv\/#\/schema\/logo\/image\/\",\"url\":\"https:\/\/hobstop.ee\/media\/vunder-logo.png\",\"contentUrl\":\"https:\/\/hobstop.ee\/media\/vunder-logo.png\",\"width\":127,\"height\":55,\"caption\":\"Vunder AS\"},\"image\":{\"@id\":\"https:\/\/hobstop.ee\/lv\/#\/schema\/logo\/image\/\"},\"sameAs\":[\"http:\/\/www.facebook.com\/VunderSkizze\"]}]}<\/script>\n<!-- \/ Yoast SEO plugin. -->","yoast_head_json":{"title":"Akvare\u013ckr\u0101su kubi\u0146u 1\/2 komplekts Derwent Pastel &#8211; Skizze","robots":{"index":"noindex","follow":"follow","max-snippet":"max-snippet:-1","max-image-preview":"max-image-preview:large","max-video-preview":"max-video-preview:-1"},"og_locale":"lv_LV","og_type":"article","og_title":"Akvare\u013ckr\u0101su kubi\u0146u 1\/2 komplekts Derwent Pastel &#8211; Skizze","og_description":"Derwent unik\u0101li veidot\u0101s rota\u013c\u012bg\u0101s paste\u013cto\u0146u kr\u0101sas ir m\u012bkstas un gai\u0161as, gua\u0161as stil\u0101 pigment\u0113tas kr\u0101sas paletes sast\u0101v\u0101. Ar t\u0101m var veidot biezus, necaursp\u012bd\u012bgus sl\u0101\u0146us, neiz\u0161\u0137\u012bdinot iepriek\u0161 iz\u017euvu\u0161os sl\u0101\u0146us, un \u013caujot kr\u0101sai no\u017e\u016bt, saglab\u0101jot spilgtumu un mat\u0113tu efektu. K\u0101 alternat\u012bvu \u0161os m\u016bsdien\u012bgos, gai\u0161os to\u0146us var kl\u0101t maigi, k\u0101 vieglu triepienu, vai izmantot kop\u0101 ar Derwent Inktense un Metallic kr\u0101su komplektiem, lai pie\u0161\u0137irtu dramatisku efektu. Komplekt\u0101 ietilpst: 12&#215;1\/2 Derwent Pastel kr\u0101su kubi\u0146i Oti\u0146a S\u016bklis Plastmasas k\u0101rba ar virsm\u0101m da\u017e\u0101du kr\u0101su sajaukumu veido\u0161anai","og_url":"https:\/\/hobstop.ee\/lv\/produkts\/akvarelkrasu-kubinu-1-2-komplekts-derwent-pastel\/","og_site_name":"Skizze","article_publisher":"http:\/\/www.facebook.com\/VunderSkizze","og_image":[{"width":1024,"height":768,"url":"https:\/\/www.hobstop.ee\/media\/5320.jpg","type":"image\/jpeg"}],"twitter_card":"summary_large_image","twitter_misc":{"Est. reading time":"1 min\u016b\u0161u"},"schema":{"@context":"https:\/\/schema.org","@graph":[{"@type":"WebPage","@id":"https:\/\/hobstop.ee\/lv\/produkts\/akvarelkrasu-kubinu-1-2-komplekts-derwent-pastel\/","url":"https:\/\/hobstop.ee\/lv\/produkts\/akvarelkrasu-kubinu-1-2-komplekts-derwent-pastel\/","name":"Akvare\u013ckr\u0101su kubi\u0146u 1\/2 komplekts Derwent Pastel &#8211; Skizze","isPartOf":{"@id":"https:\/\/hobstop.ee\/lv\/#website"},"primaryImageOfPage":{"@id":"https:\/\/hobstop.ee\/lv\/produkts\/akvarelkrasu-kubinu-1-2-komplekts-derwent-pastel\/#primaryimage"},"image":{"@id":"https:\/\/hobstop.ee\/lv\/produkts\/akvarelkrasu-kubinu-1-2-komplekts-derwent-pastel\/#primaryimage"},"thumbnailUrl":"https:\/\/hobstop.ee\/media\/5320.jpg","datePublished":"2021-08-06T13:05:26+00:00","dateModified":"2021-08-06T13:05:26+00:00","breadcrumb":{"@id":"https:\/\/hobstop.ee\/lv\/produkts\/akvarelkrasu-kubinu-1-2-komplekts-derwent-pastel\/#breadcrumb"},"inLanguage":"lv-LV","potentialAction":[{"@type":"ReadAction","target":["https:\/\/hobstop.ee\/lv\/produkts\/akvarelkrasu-kubinu-1-2-komplekts-derwent-pastel\/"]}]},{"@type":"ImageObject","inLanguage":"lv-LV","@id":"https:\/\/hobstop.ee\/lv\/produkts\/akvarelkrasu-kubinu-1-2-komplekts-derwent-pastel\/#primaryimage","url":"https:\/\/hobstop.ee\/media\/5320.jpg","contentUrl":"https:\/\/hobstop.ee\/media\/5320.jpg","width":1024,"height":768},{"@type":"BreadcrumbList","@id":"https:\/\/hobstop.ee\/lv\/produkts\/akvarelkrasu-kubinu-1-2-komplekts-derwent-pastel\/#breadcrumb","itemListElement":[{"@type":"ListItem","position":1,"name":"Avaleht","item":"https:\/\/www.hobstop.ee\/lv\/"},{"@type":"ListItem","position":2,"name":"Veikals","item":"https:\/\/www.hobstop.ee\/lv\/veikals\/"},{"@type":"ListItem","position":3,"name":"Akvare\u013ckr\u0101su kubi\u0146u 1\/2 komplekts Derwent Pastel"}]},{"@type":"WebSite","@id":"https:\/\/hobstop.ee\/lv\/#website","url":"https:\/\/hobstop.ee\/lv\/","name":"Skizze","description":"M\u0101kslas, hobiju un skolas preces","publisher":{"@id":"https:\/\/hobstop.ee\/lv\/#organization"},"potentialAction":[{"@type":"SearchAction","target":{"@type":"EntryPoint","urlTemplate":"https:\/\/hobstop.ee\/lv\/?s={search_term_string}"},"query-input":{"@type":"PropertyValueSpecification","valueRequired":true,"valueName":"search_term_string"}}],"inLanguage":"lv-LV"},{"@type":"Organization","@id":"https:\/\/hobstop.ee\/lv\/#organization","name":"Vunder AS","url":"https:\/\/hobstop.ee\/lv\/","logo":{"@type":"ImageObject","inLanguage":"lv-LV","@id":"https:\/\/hobstop.ee\/lv\/#\/schema\/logo\/image\/","url":"https:\/\/hobstop.ee\/media\/vunder-logo.png","contentUrl":"https:\/\/hobstop.ee\/media\/vunder-logo.png","width":127,"height":55,"caption":"Vunder AS"},"image":{"@id":"https:\/\/hobstop.ee\/lv\/#\/schema\/logo\/image\/"},"sameAs":["http:\/\/www.facebook.com\/VunderSkizze"]}]}},"_links":{"self":[{"href":"https:\/\/hobstop.ee\/lv\/wp-json\/wp\/v2\/product\/342217","targetHints":{"allow":["GET"]}}],"collection":[{"href":"https:\/\/hobstop.ee\/lv\/wp-json\/wp\/v2\/product"}],"about":[{"href":"https:\/\/hobstop.ee\/lv\/wp-json\/wp\/v2\/types\/product"}],"replies":[{"embeddable":true,"href":"https:\/\/hobstop.ee\/lv\/wp-json\/wp\/v2\/comments?post=342217"}],"wp:featuredmedia":[{"embeddable":true,"href":"https:\/\/hobstop.ee\/lv\/wp-json\/wp\/v2\/media\/354631"}],"wp:attachment":[{"href":"https:\/\/hobstop.ee\/lv\/wp-json\/wp\/v2\/media?parent=342217"}],"wp:term":[{"taxonomy":"product_cat","embeddable":true,"href":"https:\/\/hobstop.ee\/lv\/wp-json\/wp\/v2\/product_cat?post=342217"},{"taxonomy":"product_tag","embeddable":true,"href":"https:\/\/hobstop.ee\/lv\/wp-json\/wp\/v2\/product_tag?post=342217"}],"curies":[{"name":"wp","href":"https:\/\/api.w.org\/{rel}","templated":true}]}}