{"id":342229,"date":"2021-08-06T15:09:42","date_gmt":"2021-08-06T12:09:42","guid":{"rendered":"https:\/\/sharks.ee\/vunder_2019\/?post_type=product&#038;p=342229"},"modified":"2021-08-06T15:09:53","modified_gmt":"2021-08-06T12:09:53","slug":"zidpapirs-rayher-ar-punktiniem-50x75cm","status":"publish","type":"product","link":"https:\/\/hobstop.ee\/lv\/produkts\/zidpapirs-rayher-ar-punktiniem-50x75cm\/","title":{"rendered":"Z\u012bdpap\u012brs Rayher ar punkti\u0146iem 50x75cm"},"content":{"rendered":"<p>\u0160im \u013coti pl\u0101najam Rayher z\u012bdpap\u012bram ir lieli folijas punkti dekor\u0113\u0161anai, un tas ir paredz\u0113ts dekorat\u012bvai iesai\u0146o\u0161anai un da\u017e\u0101d\u0101m rado\u0161\u0101m idej\u0101m. Var izmantot m\u0101kslas un rokdarbu projektiem, d\u0101vanu iesai\u0146o\u0161anai som\u0101m un k\u0101rb\u0101m, un k\u0101 iepakojuma pap\u012bru papildu aizsardz\u012bbai. Iepakojum\u0101 loksnes ir saloc\u012bt\u0101 veid\u0101.<\/p>\n","protected":false},"excerpt":{"rendered":"<p>\u0160im \u013coti pl\u0101najam Rayher z\u012bdpap\u012bram ir lieli folijas punkti dekor\u0113\u0161anai, un tas ir paredz\u0113ts dekorat\u012bvai iesai\u0146o\u0161anai un da\u017e\u0101d\u0101m rado\u0161\u0101m idej\u0101m. Var izmantot m\u0101kslas un rokdarbu projektiem, d\u0101vanu iesai\u0146o\u0161anai som\u0101m un k\u0101rb\u0101m, un k\u0101 iepakojuma pap\u012bru papildu aizsardz\u012bbai. Iepakojum\u0101 loksnes ir saloc\u012bt\u0101 veid\u0101.<\/p>\n","protected":false},"featured_media":354527,"comment_status":"closed","ping_status":"closed","template":"","meta":{"_acf_changed":false,"ep_exclude_from_search":false},"product_cat":[20361],"product_tag":[],"class_list":{"0":"post-342229","1":"product","2":"type-product","3":"status-publish","4":"has-post-thumbnail","6":"product_cat-maaramata","8":"first","9":"instock","10":"taxable","11":"shipping-taxable","12":"product-type-simple"},"acf":[],"yoast_head":"<!-- This site is optimized with the Yoast SEO plugin v24.1 - https:\/\/yoast.com\/wordpress\/plugins\/seo\/ -->\n<title>Z\u012bdpap\u012brs Rayher ar punkti\u0146iem 50x75cm &#8211; Skizze<\/title>\n<meta name=\"robots\" content=\"noindex, follow, max-snippet:-1, max-image-preview:large, max-video-preview:-1\" \/>\n<meta property=\"og:locale\" content=\"lv_LV\" \/>\n<meta property=\"og:type\" content=\"article\" \/>\n<meta property=\"og:title\" content=\"Z\u012bdpap\u012brs Rayher ar punkti\u0146iem 50x75cm &#8211; Skizze\" \/>\n<meta property=\"og:description\" content=\"\u0160im \u013coti pl\u0101najam Rayher z\u012bdpap\u012bram ir lieli folijas punkti dekor\u0113\u0161anai, un tas ir paredz\u0113ts dekorat\u012bvai iesai\u0146o\u0161anai un da\u017e\u0101d\u0101m rado\u0161\u0101m idej\u0101m. Var izmantot m\u0101kslas un rokdarbu projektiem, d\u0101vanu iesai\u0146o\u0161anai som\u0101m un k\u0101rb\u0101m, un k\u0101 iepakojuma pap\u012bru papildu aizsardz\u012bbai. Iepakojum\u0101 loksnes ir saloc\u012bt\u0101 veid\u0101.\" \/>\n<meta property=\"og:url\" content=\"https:\/\/hobstop.ee\/lv\/produkts\/zidpapirs-rayher-ar-punktiniem-50x75cm\/\" \/>\n<meta property=\"og:site_name\" content=\"Skizze\" \/>\n<meta property=\"article:publisher\" content=\"http:\/\/www.facebook.com\/VunderSkizze\" \/>\n<meta property=\"article:modified_time\" content=\"2021-08-06T12:09:53+00:00\" \/>\n<meta property=\"og:image\" content=\"https:\/\/www.hobstop.ee\/media\/5325.jpg\" \/>\n\t<meta property=\"og:image:width\" content=\"1024\" \/>\n\t<meta property=\"og:image:height\" content=\"768\" \/>\n\t<meta property=\"og:image:type\" content=\"image\/jpeg\" \/>\n<meta name=\"twitter:card\" content=\"summary_large_image\" \/>\n<script type=\"application\/ld+json\" class=\"yoast-schema-graph\">{\"@context\":\"https:\/\/schema.org\",\"@graph\":[{\"@type\":\"WebPage\",\"@id\":\"https:\/\/hobstop.ee\/lv\/produkts\/zidpapirs-rayher-ar-punktiniem-50x75cm\/\",\"url\":\"https:\/\/hobstop.ee\/lv\/produkts\/zidpapirs-rayher-ar-punktiniem-50x75cm\/\",\"name\":\"Z\u012bdpap\u012brs Rayher ar punkti\u0146iem 50x75cm &#8211; Skizze\",\"isPartOf\":{\"@id\":\"https:\/\/hobstop.ee\/lv\/#website\"},\"primaryImageOfPage\":{\"@id\":\"https:\/\/hobstop.ee\/lv\/produkts\/zidpapirs-rayher-ar-punktiniem-50x75cm\/#primaryimage\"},\"image\":{\"@id\":\"https:\/\/hobstop.ee\/lv\/produkts\/zidpapirs-rayher-ar-punktiniem-50x75cm\/#primaryimage\"},\"thumbnailUrl\":\"https:\/\/hobstop.ee\/media\/5325.jpg\",\"datePublished\":\"2021-08-06T12:09:42+00:00\",\"dateModified\":\"2021-08-06T12:09:53+00:00\",\"breadcrumb\":{\"@id\":\"https:\/\/hobstop.ee\/lv\/produkts\/zidpapirs-rayher-ar-punktiniem-50x75cm\/#breadcrumb\"},\"inLanguage\":\"lv-LV\",\"potentialAction\":[{\"@type\":\"ReadAction\",\"target\":[\"https:\/\/hobstop.ee\/lv\/produkts\/zidpapirs-rayher-ar-punktiniem-50x75cm\/\"]}]},{\"@type\":\"ImageObject\",\"inLanguage\":\"lv-LV\",\"@id\":\"https:\/\/hobstop.ee\/lv\/produkts\/zidpapirs-rayher-ar-punktiniem-50x75cm\/#primaryimage\",\"url\":\"https:\/\/hobstop.ee\/media\/5325.jpg\",\"contentUrl\":\"https:\/\/hobstop.ee\/media\/5325.jpg\",\"width\":1024,\"height\":768},{\"@type\":\"BreadcrumbList\",\"@id\":\"https:\/\/hobstop.ee\/lv\/produkts\/zidpapirs-rayher-ar-punktiniem-50x75cm\/#breadcrumb\",\"itemListElement\":[{\"@type\":\"ListItem\",\"position\":1,\"name\":\"Avaleht\",\"item\":\"https:\/\/www.hobstop.ee\/lv\/\"},{\"@type\":\"ListItem\",\"position\":2,\"name\":\"Veikals\",\"item\":\"https:\/\/www.hobstop.ee\/lv\/veikals\/\"},{\"@type\":\"ListItem\",\"position\":3,\"name\":\"Z\u012bdpap\u012brs Rayher ar punkti\u0146iem 50x75cm\"}]},{\"@type\":\"WebSite\",\"@id\":\"https:\/\/hobstop.ee\/lv\/#website\",\"url\":\"https:\/\/hobstop.ee\/lv\/\",\"name\":\"Skizze\",\"description\":\"M\u0101kslas, hobiju un skolas preces\",\"publisher\":{\"@id\":\"https:\/\/hobstop.ee\/lv\/#organization\"},\"potentialAction\":[{\"@type\":\"SearchAction\",\"target\":{\"@type\":\"EntryPoint\",\"urlTemplate\":\"https:\/\/hobstop.ee\/lv\/?s={search_term_string}\"},\"query-input\":{\"@type\":\"PropertyValueSpecification\",\"valueRequired\":true,\"valueName\":\"search_term_string\"}}],\"inLanguage\":\"lv-LV\"},{\"@type\":\"Organization\",\"@id\":\"https:\/\/hobstop.ee\/lv\/#organization\",\"name\":\"Vunder AS\",\"url\":\"https:\/\/hobstop.ee\/lv\/\",\"logo\":{\"@type\":\"ImageObject\",\"inLanguage\":\"lv-LV\",\"@id\":\"https:\/\/hobstop.ee\/lv\/#\/schema\/logo\/image\/\",\"url\":\"https:\/\/hobstop.ee\/media\/vunder-logo.png\",\"contentUrl\":\"https:\/\/hobstop.ee\/media\/vunder-logo.png\",\"width\":127,\"height\":55,\"caption\":\"Vunder AS\"},\"image\":{\"@id\":\"https:\/\/hobstop.ee\/lv\/#\/schema\/logo\/image\/\"},\"sameAs\":[\"http:\/\/www.facebook.com\/VunderSkizze\"]}]}<\/script>\n<!-- \/ Yoast SEO plugin. -->","yoast_head_json":{"title":"Z\u012bdpap\u012brs Rayher ar punkti\u0146iem 50x75cm &#8211; Skizze","robots":{"index":"noindex","follow":"follow","max-snippet":"max-snippet:-1","max-image-preview":"max-image-preview:large","max-video-preview":"max-video-preview:-1"},"og_locale":"lv_LV","og_type":"article","og_title":"Z\u012bdpap\u012brs Rayher ar punkti\u0146iem 50x75cm &#8211; Skizze","og_description":"\u0160im \u013coti pl\u0101najam Rayher z\u012bdpap\u012bram ir lieli folijas punkti dekor\u0113\u0161anai, un tas ir paredz\u0113ts dekorat\u012bvai iesai\u0146o\u0161anai un da\u017e\u0101d\u0101m rado\u0161\u0101m idej\u0101m. Var izmantot m\u0101kslas un rokdarbu projektiem, d\u0101vanu iesai\u0146o\u0161anai som\u0101m un k\u0101rb\u0101m, un k\u0101 iepakojuma pap\u012bru papildu aizsardz\u012bbai. Iepakojum\u0101 loksnes ir saloc\u012bt\u0101 veid\u0101.","og_url":"https:\/\/hobstop.ee\/lv\/produkts\/zidpapirs-rayher-ar-punktiniem-50x75cm\/","og_site_name":"Skizze","article_publisher":"http:\/\/www.facebook.com\/VunderSkizze","article_modified_time":"2021-08-06T12:09:53+00:00","og_image":[{"width":1024,"height":768,"url":"https:\/\/www.hobstop.ee\/media\/5325.jpg","type":"image\/jpeg"}],"twitter_card":"summary_large_image","schema":{"@context":"https:\/\/schema.org","@graph":[{"@type":"WebPage","@id":"https:\/\/hobstop.ee\/lv\/produkts\/zidpapirs-rayher-ar-punktiniem-50x75cm\/","url":"https:\/\/hobstop.ee\/lv\/produkts\/zidpapirs-rayher-ar-punktiniem-50x75cm\/","name":"Z\u012bdpap\u012brs Rayher ar punkti\u0146iem 50x75cm &#8211; Skizze","isPartOf":{"@id":"https:\/\/hobstop.ee\/lv\/#website"},"primaryImageOfPage":{"@id":"https:\/\/hobstop.ee\/lv\/produkts\/zidpapirs-rayher-ar-punktiniem-50x75cm\/#primaryimage"},"image":{"@id":"https:\/\/hobstop.ee\/lv\/produkts\/zidpapirs-rayher-ar-punktiniem-50x75cm\/#primaryimage"},"thumbnailUrl":"https:\/\/hobstop.ee\/media\/5325.jpg","datePublished":"2021-08-06T12:09:42+00:00","dateModified":"2021-08-06T12:09:53+00:00","breadcrumb":{"@id":"https:\/\/hobstop.ee\/lv\/produkts\/zidpapirs-rayher-ar-punktiniem-50x75cm\/#breadcrumb"},"inLanguage":"lv-LV","potentialAction":[{"@type":"ReadAction","target":["https:\/\/hobstop.ee\/lv\/produkts\/zidpapirs-rayher-ar-punktiniem-50x75cm\/"]}]},{"@type":"ImageObject","inLanguage":"lv-LV","@id":"https:\/\/hobstop.ee\/lv\/produkts\/zidpapirs-rayher-ar-punktiniem-50x75cm\/#primaryimage","url":"https:\/\/hobstop.ee\/media\/5325.jpg","contentUrl":"https:\/\/hobstop.ee\/media\/5325.jpg","width":1024,"height":768},{"@type":"BreadcrumbList","@id":"https:\/\/hobstop.ee\/lv\/produkts\/zidpapirs-rayher-ar-punktiniem-50x75cm\/#breadcrumb","itemListElement":[{"@type":"ListItem","position":1,"name":"Avaleht","item":"https:\/\/www.hobstop.ee\/lv\/"},{"@type":"ListItem","position":2,"name":"Veikals","item":"https:\/\/www.hobstop.ee\/lv\/veikals\/"},{"@type":"ListItem","position":3,"name":"Z\u012bdpap\u012brs Rayher ar punkti\u0146iem 50x75cm"}]},{"@type":"WebSite","@id":"https:\/\/hobstop.ee\/lv\/#website","url":"https:\/\/hobstop.ee\/lv\/","name":"Skizze","description":"M\u0101kslas, hobiju un skolas preces","publisher":{"@id":"https:\/\/hobstop.ee\/lv\/#organization"},"potentialAction":[{"@type":"SearchAction","target":{"@type":"EntryPoint","urlTemplate":"https:\/\/hobstop.ee\/lv\/?s={search_term_string}"},"query-input":{"@type":"PropertyValueSpecification","valueRequired":true,"valueName":"search_term_string"}}],"inLanguage":"lv-LV"},{"@type":"Organization","@id":"https:\/\/hobstop.ee\/lv\/#organization","name":"Vunder AS","url":"https:\/\/hobstop.ee\/lv\/","logo":{"@type":"ImageObject","inLanguage":"lv-LV","@id":"https:\/\/hobstop.ee\/lv\/#\/schema\/logo\/image\/","url":"https:\/\/hobstop.ee\/media\/vunder-logo.png","contentUrl":"https:\/\/hobstop.ee\/media\/vunder-logo.png","width":127,"height":55,"caption":"Vunder AS"},"image":{"@id":"https:\/\/hobstop.ee\/lv\/#\/schema\/logo\/image\/"},"sameAs":["http:\/\/www.facebook.com\/VunderSkizze"]}]}},"_links":{"self":[{"href":"https:\/\/hobstop.ee\/lv\/wp-json\/wp\/v2\/product\/342229","targetHints":{"allow":["GET"]}}],"collection":[{"href":"https:\/\/hobstop.ee\/lv\/wp-json\/wp\/v2\/product"}],"about":[{"href":"https:\/\/hobstop.ee\/lv\/wp-json\/wp\/v2\/types\/product"}],"replies":[{"embeddable":true,"href":"https:\/\/hobstop.ee\/lv\/wp-json\/wp\/v2\/comments?post=342229"}],"wp:featuredmedia":[{"embeddable":true,"href":"https:\/\/hobstop.ee\/lv\/wp-json\/wp\/v2\/media\/354527"}],"wp:attachment":[{"href":"https:\/\/hobstop.ee\/lv\/wp-json\/wp\/v2\/media?parent=342229"}],"wp:term":[{"taxonomy":"product_cat","embeddable":true,"href":"https:\/\/hobstop.ee\/lv\/wp-json\/wp\/v2\/product_cat?post=342229"},{"taxonomy":"product_tag","embeddable":true,"href":"https:\/\/hobstop.ee\/lv\/wp-json\/wp\/v2\/product_tag?post=342229"}],"curies":[{"name":"wp","href":"https:\/\/api.w.org\/{rel}","templated":true}]}}