{"id":342237,"date":"2021-08-06T14:57:44","date_gmt":"2021-08-06T11:57:44","guid":{"rendered":"https:\/\/sharks.ee\/vunder_2019\/?post_type=product&#038;p=342237"},"modified":"2021-08-06T14:57:44","modified_gmt":"2021-08-06T11:57:44","slug":"veidosanas-masa-darwi-roc","status":"publish","type":"product","link":"https:\/\/hobstop.ee\/lv\/produkts\/veidosanas-masa-darwi-roc\/","title":{"rendered":"Veido\u0161anas masa Darwi ROC"},"content":{"rendered":"<p>Darwi Roc ir ciets un iztur\u012bgs, gais\u0101 \u017e\u016bsto\u0161s (pa\u0161ciet\u0113jo\u0161s) m\u0101ls, ko izmanto t\u0113lniec\u012bbai un smalk\u0101kiem model\u0113\u0161anas darbiem. Kad tas ir saciet\u0113jis, tas ir \u013coti iztur\u012bgs pret triecieniem. Pateicoties t\u0101 ciet\u012bbai, kas ir l\u012bdz\u012bga marmoram, j\u016bsu darbs var nokrist, ta\u010du tas nesapl\u012bs\u012bs! Tas nesmar\u017eo un nel\u012bp pie rok\u0101m, t\u0101p\u0113c darba rezult\u0101ts priec\u0113. M\u0101ls ir m\u012bksts un da\u013c\u0113ji elast\u012bgs. \u017d\u016bstot, tas nesaraujas. P\u0113c iz\u017e\u016b\u0161anas m\u0101ls ir maig\u0101 zilo\u0146kaula kr\u0101s\u0101, bet, lai ieg\u016btu balt\u0101ku rezult\u0101tu, to vajadz\u0113tu sl\u012bp\u0113t. Sare\u017e\u0123\u012bt\u0101k\u0101m skulpt\u016br\u0101m ar daudz\u0101m smalk\u0101m deta\u013c\u0101m ir nepiecie\u0161ams stiep\u013cu r\u0101mis, kas kalpos k\u0101 m\u0101la strukt\u016bra, kam\u0113r tas v\u0113l ir slapj\u0161, l\u012bdz tas piln\u012bb\u0101 iz\u017e\u016bst.<\/p>\n","protected":false},"excerpt":{"rendered":"<p>Darwi Roc ir ciets un iztur\u012bgs, gais\u0101 \u017e\u016bsto\u0161s (pa\u0161ciet\u0113jo\u0161s) m\u0101ls, ko izmanto t\u0113lniec\u012bbai un smalk\u0101kiem model\u0113\u0161anas darbiem. Kad tas ir saciet\u0113jis, tas ir \u013coti iztur\u012bgs pret triecieniem. Pateicoties t\u0101 ciet\u012bbai, kas ir l\u012bdz\u012bga marmoram, j\u016bsu darbs var nokrist, ta\u010du tas nesapl\u012bs\u012bs! Tas nesmar\u017eo un nel\u012bp pie rok\u0101m, t\u0101p\u0113c darba rezult\u0101ts priec\u0113. M\u0101ls ir m\u012bksts un da\u013c\u0113ji elast\u012bgs. \u017d\u016bstot, tas nesaraujas. P\u0113c iz\u017e\u016b\u0161anas m\u0101ls ir maig\u0101 zilo\u0146kaula kr\u0101s\u0101, bet, lai ieg\u016btu balt\u0101ku rezult\u0101tu, to vajadz\u0113tu sl\u012bp\u0113t. Sare\u017e\u0123\u012bt\u0101k\u0101m skulpt\u016br\u0101m ar daudz\u0101m smalk\u0101m deta\u013c\u0101m ir nepiecie\u0161ams stiep\u013cu r\u0101mis, kas kalpos k\u0101 m\u0101la strukt\u016bra, kam\u0113r tas v\u0113l ir slapj\u0161, l\u012bdz tas piln\u012bb\u0101 iz\u017e\u016bst.<\/p>\n","protected":false},"featured_media":354427,"comment_status":"closed","ping_status":"closed","template":"","meta":{"_acf_changed":false,"ep_exclude_from_search":false},"product_cat":[20361],"product_tag":[],"class_list":{"0":"post-342237","1":"product","2":"type-product","3":"status-publish","4":"has-post-thumbnail","6":"product_cat-maaramata","8":"first","9":"instock","10":"taxable","11":"shipping-taxable","12":"product-type-simple"},"acf":[],"yoast_head":"<!-- This site is optimized with the Yoast SEO plugin v24.1 - https:\/\/yoast.com\/wordpress\/plugins\/seo\/ -->\n<title>Veido\u0161anas masa Darwi ROC &#8211; Skizze<\/title>\n<meta name=\"robots\" content=\"noindex, follow, max-snippet:-1, max-image-preview:large, max-video-preview:-1\" \/>\n<meta property=\"og:locale\" content=\"lv_LV\" \/>\n<meta property=\"og:type\" content=\"article\" \/>\n<meta property=\"og:title\" content=\"Veido\u0161anas masa Darwi ROC &#8211; Skizze\" \/>\n<meta property=\"og:description\" content=\"Darwi Roc ir ciets un iztur\u012bgs, gais\u0101 \u017e\u016bsto\u0161s (pa\u0161ciet\u0113jo\u0161s) m\u0101ls, ko izmanto t\u0113lniec\u012bbai un smalk\u0101kiem model\u0113\u0161anas darbiem. Kad tas ir saciet\u0113jis, tas ir \u013coti iztur\u012bgs pret triecieniem. Pateicoties t\u0101 ciet\u012bbai, kas ir l\u012bdz\u012bga marmoram, j\u016bsu darbs var nokrist, ta\u010du tas nesapl\u012bs\u012bs! Tas nesmar\u017eo un nel\u012bp pie rok\u0101m, t\u0101p\u0113c darba rezult\u0101ts priec\u0113. M\u0101ls ir m\u012bksts un da\u013c\u0113ji elast\u012bgs. \u017d\u016bstot, tas nesaraujas. P\u0113c iz\u017e\u016b\u0161anas m\u0101ls ir maig\u0101 zilo\u0146kaula kr\u0101s\u0101, bet, lai ieg\u016btu balt\u0101ku rezult\u0101tu, to vajadz\u0113tu sl\u012bp\u0113t. Sare\u017e\u0123\u012bt\u0101k\u0101m skulpt\u016br\u0101m ar daudz\u0101m smalk\u0101m deta\u013c\u0101m ir nepiecie\u0161ams stiep\u013cu r\u0101mis, kas kalpos k\u0101 m\u0101la strukt\u016bra, kam\u0113r tas v\u0113l ir slapj\u0161, l\u012bdz tas piln\u012bb\u0101 iz\u017e\u016bst.\" \/>\n<meta property=\"og:url\" content=\"https:\/\/hobstop.ee\/lv\/produkts\/veidosanas-masa-darwi-roc\/\" \/>\n<meta property=\"og:site_name\" content=\"Skizze\" \/>\n<meta property=\"article:publisher\" content=\"http:\/\/www.facebook.com\/VunderSkizze\" \/>\n<meta property=\"og:image\" content=\"https:\/\/hobstop.ee\/media\/5327.jpg\" \/>\n\t<meta property=\"og:image:width\" content=\"1024\" \/>\n\t<meta property=\"og:image:height\" content=\"768\" \/>\n\t<meta property=\"og:image:type\" content=\"image\/jpeg\" \/>\n<meta name=\"twitter:card\" content=\"summary_large_image\" \/>\n<meta name=\"twitter:label1\" content=\"Est. reading time\" \/>\n\t<meta name=\"twitter:data1\" content=\"1 min\u016b\u0161u\" \/>\n<script type=\"application\/ld+json\" class=\"yoast-schema-graph\">{\"@context\":\"https:\/\/schema.org\",\"@graph\":[{\"@type\":\"WebPage\",\"@id\":\"https:\/\/hobstop.ee\/lv\/produkts\/veidosanas-masa-darwi-roc\/\",\"url\":\"https:\/\/hobstop.ee\/lv\/produkts\/veidosanas-masa-darwi-roc\/\",\"name\":\"Veido\u0161anas masa Darwi ROC &#8211; Skizze\",\"isPartOf\":{\"@id\":\"https:\/\/www.hobstop.ee\/lv\/#website\"},\"primaryImageOfPage\":{\"@id\":\"https:\/\/hobstop.ee\/lv\/produkts\/veidosanas-masa-darwi-roc\/#primaryimage\"},\"image\":{\"@id\":\"https:\/\/hobstop.ee\/lv\/produkts\/veidosanas-masa-darwi-roc\/#primaryimage\"},\"thumbnailUrl\":\"https:\/\/hobstop.ee\/media\/5327.jpg\",\"datePublished\":\"2021-08-06T11:57:44+00:00\",\"dateModified\":\"2021-08-06T11:57:44+00:00\",\"breadcrumb\":{\"@id\":\"https:\/\/hobstop.ee\/lv\/produkts\/veidosanas-masa-darwi-roc\/#breadcrumb\"},\"inLanguage\":\"lv-LV\",\"potentialAction\":[{\"@type\":\"ReadAction\",\"target\":[\"https:\/\/hobstop.ee\/lv\/produkts\/veidosanas-masa-darwi-roc\/\"]}]},{\"@type\":\"ImageObject\",\"inLanguage\":\"lv-LV\",\"@id\":\"https:\/\/hobstop.ee\/lv\/produkts\/veidosanas-masa-darwi-roc\/#primaryimage\",\"url\":\"https:\/\/hobstop.ee\/media\/5327.jpg\",\"contentUrl\":\"https:\/\/hobstop.ee\/media\/5327.jpg\",\"width\":1024,\"height\":768},{\"@type\":\"BreadcrumbList\",\"@id\":\"https:\/\/hobstop.ee\/lv\/produkts\/veidosanas-masa-darwi-roc\/#breadcrumb\",\"itemListElement\":[{\"@type\":\"ListItem\",\"position\":1,\"name\":\"Avaleht\",\"item\":\"https:\/\/www.hobstop.ee\/lv\/\"},{\"@type\":\"ListItem\",\"position\":2,\"name\":\"Veikals\",\"item\":\"https:\/\/www.hobstop.ee\/lv\/veikals\/\"},{\"@type\":\"ListItem\",\"position\":3,\"name\":\"Veido\u0161anas masa Darwi ROC\"}]},{\"@type\":\"WebSite\",\"@id\":\"https:\/\/www.hobstop.ee\/lv\/#website\",\"url\":\"https:\/\/www.hobstop.ee\/lv\/\",\"name\":\"Skizze\",\"description\":\"M\u0101kslas, hobiju un skolas preces\",\"publisher\":{\"@id\":\"https:\/\/www.hobstop.ee\/lv\/#organization\"},\"potentialAction\":[{\"@type\":\"SearchAction\",\"target\":{\"@type\":\"EntryPoint\",\"urlTemplate\":\"https:\/\/www.hobstop.ee\/lv\/?s={search_term_string}\"},\"query-input\":{\"@type\":\"PropertyValueSpecification\",\"valueRequired\":true,\"valueName\":\"search_term_string\"}}],\"inLanguage\":\"lv-LV\"},{\"@type\":\"Organization\",\"@id\":\"https:\/\/www.hobstop.ee\/lv\/#organization\",\"name\":\"Vunder AS\",\"url\":\"https:\/\/www.hobstop.ee\/lv\/\",\"logo\":{\"@type\":\"ImageObject\",\"inLanguage\":\"lv-LV\",\"@id\":\"https:\/\/www.hobstop.ee\/lv\/#\/schema\/logo\/image\/\",\"url\":\"https:\/\/hobstop.ee\/media\/vunder-logo.png\",\"contentUrl\":\"https:\/\/hobstop.ee\/media\/vunder-logo.png\",\"width\":127,\"height\":55,\"caption\":\"Vunder AS\"},\"image\":{\"@id\":\"https:\/\/www.hobstop.ee\/lv\/#\/schema\/logo\/image\/\"},\"sameAs\":[\"http:\/\/www.facebook.com\/VunderSkizze\"]}]}<\/script>\n<!-- \/ Yoast SEO plugin. -->","yoast_head_json":{"title":"Veido\u0161anas masa Darwi ROC &#8211; Skizze","robots":{"index":"noindex","follow":"follow","max-snippet":"max-snippet:-1","max-image-preview":"max-image-preview:large","max-video-preview":"max-video-preview:-1"},"og_locale":"lv_LV","og_type":"article","og_title":"Veido\u0161anas masa Darwi ROC &#8211; Skizze","og_description":"Darwi Roc ir ciets un iztur\u012bgs, gais\u0101 \u017e\u016bsto\u0161s (pa\u0161ciet\u0113jo\u0161s) m\u0101ls, ko izmanto t\u0113lniec\u012bbai un smalk\u0101kiem model\u0113\u0161anas darbiem. Kad tas ir saciet\u0113jis, tas ir \u013coti iztur\u012bgs pret triecieniem. Pateicoties t\u0101 ciet\u012bbai, kas ir l\u012bdz\u012bga marmoram, j\u016bsu darbs var nokrist, ta\u010du tas nesapl\u012bs\u012bs! Tas nesmar\u017eo un nel\u012bp pie rok\u0101m, t\u0101p\u0113c darba rezult\u0101ts priec\u0113. M\u0101ls ir m\u012bksts un da\u013c\u0113ji elast\u012bgs. \u017d\u016bstot, tas nesaraujas. P\u0113c iz\u017e\u016b\u0161anas m\u0101ls ir maig\u0101 zilo\u0146kaula kr\u0101s\u0101, bet, lai ieg\u016btu balt\u0101ku rezult\u0101tu, to vajadz\u0113tu sl\u012bp\u0113t. Sare\u017e\u0123\u012bt\u0101k\u0101m skulpt\u016br\u0101m ar daudz\u0101m smalk\u0101m deta\u013c\u0101m ir nepiecie\u0161ams stiep\u013cu r\u0101mis, kas kalpos k\u0101 m\u0101la strukt\u016bra, kam\u0113r tas v\u0113l ir slapj\u0161, l\u012bdz tas piln\u012bb\u0101 iz\u017e\u016bst.","og_url":"https:\/\/hobstop.ee\/lv\/produkts\/veidosanas-masa-darwi-roc\/","og_site_name":"Skizze","article_publisher":"http:\/\/www.facebook.com\/VunderSkizze","og_image":[{"width":1024,"height":768,"url":"https:\/\/hobstop.ee\/media\/5327.jpg","type":"image\/jpeg"}],"twitter_card":"summary_large_image","twitter_misc":{"Est. reading time":"1 min\u016b\u0161u"},"schema":{"@context":"https:\/\/schema.org","@graph":[{"@type":"WebPage","@id":"https:\/\/hobstop.ee\/lv\/produkts\/veidosanas-masa-darwi-roc\/","url":"https:\/\/hobstop.ee\/lv\/produkts\/veidosanas-masa-darwi-roc\/","name":"Veido\u0161anas masa Darwi ROC &#8211; Skizze","isPartOf":{"@id":"https:\/\/www.hobstop.ee\/lv\/#website"},"primaryImageOfPage":{"@id":"https:\/\/hobstop.ee\/lv\/produkts\/veidosanas-masa-darwi-roc\/#primaryimage"},"image":{"@id":"https:\/\/hobstop.ee\/lv\/produkts\/veidosanas-masa-darwi-roc\/#primaryimage"},"thumbnailUrl":"https:\/\/hobstop.ee\/media\/5327.jpg","datePublished":"2021-08-06T11:57:44+00:00","dateModified":"2021-08-06T11:57:44+00:00","breadcrumb":{"@id":"https:\/\/hobstop.ee\/lv\/produkts\/veidosanas-masa-darwi-roc\/#breadcrumb"},"inLanguage":"lv-LV","potentialAction":[{"@type":"ReadAction","target":["https:\/\/hobstop.ee\/lv\/produkts\/veidosanas-masa-darwi-roc\/"]}]},{"@type":"ImageObject","inLanguage":"lv-LV","@id":"https:\/\/hobstop.ee\/lv\/produkts\/veidosanas-masa-darwi-roc\/#primaryimage","url":"https:\/\/hobstop.ee\/media\/5327.jpg","contentUrl":"https:\/\/hobstop.ee\/media\/5327.jpg","width":1024,"height":768},{"@type":"BreadcrumbList","@id":"https:\/\/hobstop.ee\/lv\/produkts\/veidosanas-masa-darwi-roc\/#breadcrumb","itemListElement":[{"@type":"ListItem","position":1,"name":"Avaleht","item":"https:\/\/www.hobstop.ee\/lv\/"},{"@type":"ListItem","position":2,"name":"Veikals","item":"https:\/\/www.hobstop.ee\/lv\/veikals\/"},{"@type":"ListItem","position":3,"name":"Veido\u0161anas masa Darwi ROC"}]},{"@type":"WebSite","@id":"https:\/\/www.hobstop.ee\/lv\/#website","url":"https:\/\/www.hobstop.ee\/lv\/","name":"Skizze","description":"M\u0101kslas, hobiju un skolas preces","publisher":{"@id":"https:\/\/www.hobstop.ee\/lv\/#organization"},"potentialAction":[{"@type":"SearchAction","target":{"@type":"EntryPoint","urlTemplate":"https:\/\/www.hobstop.ee\/lv\/?s={search_term_string}"},"query-input":{"@type":"PropertyValueSpecification","valueRequired":true,"valueName":"search_term_string"}}],"inLanguage":"lv-LV"},{"@type":"Organization","@id":"https:\/\/www.hobstop.ee\/lv\/#organization","name":"Vunder AS","url":"https:\/\/www.hobstop.ee\/lv\/","logo":{"@type":"ImageObject","inLanguage":"lv-LV","@id":"https:\/\/www.hobstop.ee\/lv\/#\/schema\/logo\/image\/","url":"https:\/\/hobstop.ee\/media\/vunder-logo.png","contentUrl":"https:\/\/hobstop.ee\/media\/vunder-logo.png","width":127,"height":55,"caption":"Vunder AS"},"image":{"@id":"https:\/\/www.hobstop.ee\/lv\/#\/schema\/logo\/image\/"},"sameAs":["http:\/\/www.facebook.com\/VunderSkizze"]}]}},"_links":{"self":[{"href":"https:\/\/hobstop.ee\/lv\/wp-json\/wp\/v2\/product\/342237","targetHints":{"allow":["GET"]}}],"collection":[{"href":"https:\/\/hobstop.ee\/lv\/wp-json\/wp\/v2\/product"}],"about":[{"href":"https:\/\/hobstop.ee\/lv\/wp-json\/wp\/v2\/types\/product"}],"replies":[{"embeddable":true,"href":"https:\/\/hobstop.ee\/lv\/wp-json\/wp\/v2\/comments?post=342237"}],"wp:featuredmedia":[{"embeddable":true,"href":"https:\/\/hobstop.ee\/lv\/wp-json\/wp\/v2\/media\/354427"}],"wp:attachment":[{"href":"https:\/\/hobstop.ee\/lv\/wp-json\/wp\/v2\/media?parent=342237"}],"wp:term":[{"taxonomy":"product_cat","embeddable":true,"href":"https:\/\/hobstop.ee\/lv\/wp-json\/wp\/v2\/product_cat?post=342237"},{"taxonomy":"product_tag","embeddable":true,"href":"https:\/\/hobstop.ee\/lv\/wp-json\/wp\/v2\/product_tag?post=342237"}],"curies":[{"name":"wp","href":"https:\/\/api.w.org\/{rel}","templated":true}]}}