{"id":342241,"date":"2021-08-06T14:57:31","date_gmt":"2021-08-06T11:57:31","guid":{"rendered":"https:\/\/sharks.ee\/vunder_2019\/?post_type=product&#038;p=342241"},"modified":"2021-08-06T14:57:31","modified_gmt":"2021-08-06T11:57:31","slug":"veidosanas-masa-darwi-classic","status":"publish","type":"product","link":"https:\/\/hobstop.ee\/lv\/produkts\/veidosanas-masa-darwi-classic\/","title":{"rendered":"Veido\u0161anas masa Darwi Classic"},"content":{"rendered":"<p>Darwi Classic ir balts, gais\u0101 \u017e\u016bsto\u0161s (pa\u0161ciet\u0113jo\u0161s) m\u0101ls, kas labi paz\u012bstams, pateicoties t\u0101 smalkajiem graudiem. Tas tiek izmantots jebkuriem model\u0113\u0161anas darbiem, nelielu dekorat\u012bvu priek\u0161metu, rotu, le\u013c\u013cu u.c. darin\u0101\u0161anai. Tas nesmar\u017eo un nel\u012bp pie rok\u0101m, t\u0101p\u0113c darba rezult\u0101ts priec\u0113. M\u0101ls ir m\u012bksts un da\u013c\u0113ji elast\u012bgs. \u017d\u016bstot, tas nesaraujas un p\u0113c no\u017e\u016b\u0161anas tas ir vid\u0113ji ciets un piln\u012bgi necaursp\u012bd\u012bgs. T\u0101 dekor\u0113\u0161anai var izmantot kr\u0101sas un laku.<\/p>\n","protected":false},"excerpt":{"rendered":"<p>Darwi Classic ir balts, gais\u0101 \u017e\u016bsto\u0161s (pa\u0161ciet\u0113jo\u0161s) m\u0101ls, kas labi paz\u012bstams, pateicoties t\u0101 smalkajiem graudiem. Tas tiek izmantots jebkuriem model\u0113\u0161anas darbiem, nelielu dekorat\u012bvu priek\u0161metu, rotu, le\u013c\u013cu u.c. darin\u0101\u0161anai. Tas nesmar\u017eo un nel\u012bp pie rok\u0101m, t\u0101p\u0113c darba rezult\u0101ts priec\u0113. M\u0101ls ir m\u012bksts un da\u013c\u0113ji elast\u012bgs. \u017d\u016bstot, tas nesaraujas un p\u0113c no\u017e\u016b\u0161anas tas ir vid\u0113ji ciets un piln\u012bgi necaursp\u012bd\u012bgs. T\u0101 dekor\u0113\u0161anai var izmantot kr\u0101sas un laku.<\/p>\n","protected":false},"featured_media":354431,"comment_status":"closed","ping_status":"closed","template":"","meta":{"_acf_changed":false,"ep_exclude_from_search":false},"product_cat":[20361],"product_tag":[],"class_list":{"0":"post-342241","1":"product","2":"type-product","3":"status-publish","4":"has-post-thumbnail","6":"product_cat-maaramata","8":"first","9":"instock","10":"taxable","11":"shipping-taxable","12":"product-type-simple"},"acf":[],"yoast_head":"<!-- This site is optimized with the Yoast SEO plugin v24.1 - https:\/\/yoast.com\/wordpress\/plugins\/seo\/ -->\n<title>Veido\u0161anas masa Darwi Classic &#8211; Skizze<\/title>\n<meta name=\"robots\" content=\"noindex, follow, max-snippet:-1, max-image-preview:large, max-video-preview:-1\" \/>\n<meta property=\"og:locale\" content=\"lv_LV\" \/>\n<meta property=\"og:type\" content=\"article\" \/>\n<meta property=\"og:title\" content=\"Veido\u0161anas masa Darwi Classic &#8211; Skizze\" \/>\n<meta property=\"og:description\" content=\"Darwi Classic ir balts, gais\u0101 \u017e\u016bsto\u0161s (pa\u0161ciet\u0113jo\u0161s) m\u0101ls, kas labi paz\u012bstams, pateicoties t\u0101 smalkajiem graudiem. Tas tiek izmantots jebkuriem model\u0113\u0161anas darbiem, nelielu dekorat\u012bvu priek\u0161metu, rotu, le\u013c\u013cu u.c. darin\u0101\u0161anai. Tas nesmar\u017eo un nel\u012bp pie rok\u0101m, t\u0101p\u0113c darba rezult\u0101ts priec\u0113. M\u0101ls ir m\u012bksts un da\u013c\u0113ji elast\u012bgs. \u017d\u016bstot, tas nesaraujas un p\u0113c no\u017e\u016b\u0161anas tas ir vid\u0113ji ciets un piln\u012bgi necaursp\u012bd\u012bgs. T\u0101 dekor\u0113\u0161anai var izmantot kr\u0101sas un laku.\" \/>\n<meta property=\"og:url\" content=\"https:\/\/hobstop.ee\/lv\/produkts\/veidosanas-masa-darwi-classic\/\" \/>\n<meta property=\"og:site_name\" content=\"Skizze\" \/>\n<meta property=\"article:publisher\" content=\"http:\/\/www.facebook.com\/VunderSkizze\" \/>\n<meta property=\"og:image\" content=\"https:\/\/hobstop.ee\/media\/5328.jpg\" \/>\n\t<meta property=\"og:image:width\" content=\"1024\" \/>\n\t<meta property=\"og:image:height\" content=\"768\" \/>\n\t<meta property=\"og:image:type\" content=\"image\/jpeg\" \/>\n<meta name=\"twitter:card\" content=\"summary_large_image\" \/>\n<script type=\"application\/ld+json\" class=\"yoast-schema-graph\">{\"@context\":\"https:\/\/schema.org\",\"@graph\":[{\"@type\":\"WebPage\",\"@id\":\"https:\/\/hobstop.ee\/lv\/produkts\/veidosanas-masa-darwi-classic\/\",\"url\":\"https:\/\/hobstop.ee\/lv\/produkts\/veidosanas-masa-darwi-classic\/\",\"name\":\"Veido\u0161anas masa Darwi Classic &#8211; Skizze\",\"isPartOf\":{\"@id\":\"https:\/\/hobstop.ee\/lv\/#website\"},\"primaryImageOfPage\":{\"@id\":\"https:\/\/hobstop.ee\/lv\/produkts\/veidosanas-masa-darwi-classic\/#primaryimage\"},\"image\":{\"@id\":\"https:\/\/hobstop.ee\/lv\/produkts\/veidosanas-masa-darwi-classic\/#primaryimage\"},\"thumbnailUrl\":\"https:\/\/hobstop.ee\/media\/5328.jpg\",\"datePublished\":\"2021-08-06T11:57:31+00:00\",\"dateModified\":\"2021-08-06T11:57:31+00:00\",\"breadcrumb\":{\"@id\":\"https:\/\/hobstop.ee\/lv\/produkts\/veidosanas-masa-darwi-classic\/#breadcrumb\"},\"inLanguage\":\"lv-LV\",\"potentialAction\":[{\"@type\":\"ReadAction\",\"target\":[\"https:\/\/hobstop.ee\/lv\/produkts\/veidosanas-masa-darwi-classic\/\"]}]},{\"@type\":\"ImageObject\",\"inLanguage\":\"lv-LV\",\"@id\":\"https:\/\/hobstop.ee\/lv\/produkts\/veidosanas-masa-darwi-classic\/#primaryimage\",\"url\":\"https:\/\/hobstop.ee\/media\/5328.jpg\",\"contentUrl\":\"https:\/\/hobstop.ee\/media\/5328.jpg\",\"width\":1024,\"height\":768},{\"@type\":\"BreadcrumbList\",\"@id\":\"https:\/\/hobstop.ee\/lv\/produkts\/veidosanas-masa-darwi-classic\/#breadcrumb\",\"itemListElement\":[{\"@type\":\"ListItem\",\"position\":1,\"name\":\"Avaleht\",\"item\":\"https:\/\/www.hobstop.ee\/lv\/\"},{\"@type\":\"ListItem\",\"position\":2,\"name\":\"Veikals\",\"item\":\"https:\/\/www.hobstop.ee\/lv\/veikals\/\"},{\"@type\":\"ListItem\",\"position\":3,\"name\":\"Veido\u0161anas masa Darwi Classic\"}]},{\"@type\":\"WebSite\",\"@id\":\"https:\/\/hobstop.ee\/lv\/#website\",\"url\":\"https:\/\/hobstop.ee\/lv\/\",\"name\":\"Skizze\",\"description\":\"M\u0101kslas, hobiju un skolas preces\",\"publisher\":{\"@id\":\"https:\/\/hobstop.ee\/lv\/#organization\"},\"potentialAction\":[{\"@type\":\"SearchAction\",\"target\":{\"@type\":\"EntryPoint\",\"urlTemplate\":\"https:\/\/hobstop.ee\/lv\/?s={search_term_string}\"},\"query-input\":{\"@type\":\"PropertyValueSpecification\",\"valueRequired\":true,\"valueName\":\"search_term_string\"}}],\"inLanguage\":\"lv-LV\"},{\"@type\":\"Organization\",\"@id\":\"https:\/\/hobstop.ee\/lv\/#organization\",\"name\":\"Vunder AS\",\"url\":\"https:\/\/hobstop.ee\/lv\/\",\"logo\":{\"@type\":\"ImageObject\",\"inLanguage\":\"lv-LV\",\"@id\":\"https:\/\/hobstop.ee\/lv\/#\/schema\/logo\/image\/\",\"url\":\"https:\/\/hobstop.ee\/media\/vunder-logo.png\",\"contentUrl\":\"https:\/\/hobstop.ee\/media\/vunder-logo.png\",\"width\":127,\"height\":55,\"caption\":\"Vunder AS\"},\"image\":{\"@id\":\"https:\/\/hobstop.ee\/lv\/#\/schema\/logo\/image\/\"},\"sameAs\":[\"http:\/\/www.facebook.com\/VunderSkizze\"]}]}<\/script>\n<!-- \/ Yoast SEO plugin. -->","yoast_head_json":{"title":"Veido\u0161anas masa Darwi Classic &#8211; Skizze","robots":{"index":"noindex","follow":"follow","max-snippet":"max-snippet:-1","max-image-preview":"max-image-preview:large","max-video-preview":"max-video-preview:-1"},"og_locale":"lv_LV","og_type":"article","og_title":"Veido\u0161anas masa Darwi Classic &#8211; Skizze","og_description":"Darwi Classic ir balts, gais\u0101 \u017e\u016bsto\u0161s (pa\u0161ciet\u0113jo\u0161s) m\u0101ls, kas labi paz\u012bstams, pateicoties t\u0101 smalkajiem graudiem. Tas tiek izmantots jebkuriem model\u0113\u0161anas darbiem, nelielu dekorat\u012bvu priek\u0161metu, rotu, le\u013c\u013cu u.c. darin\u0101\u0161anai. Tas nesmar\u017eo un nel\u012bp pie rok\u0101m, t\u0101p\u0113c darba rezult\u0101ts priec\u0113. M\u0101ls ir m\u012bksts un da\u013c\u0113ji elast\u012bgs. \u017d\u016bstot, tas nesaraujas un p\u0113c no\u017e\u016b\u0161anas tas ir vid\u0113ji ciets un piln\u012bgi necaursp\u012bd\u012bgs. T\u0101 dekor\u0113\u0161anai var izmantot kr\u0101sas un laku.","og_url":"https:\/\/hobstop.ee\/lv\/produkts\/veidosanas-masa-darwi-classic\/","og_site_name":"Skizze","article_publisher":"http:\/\/www.facebook.com\/VunderSkizze","og_image":[{"width":1024,"height":768,"url":"https:\/\/hobstop.ee\/media\/5328.jpg","type":"image\/jpeg"}],"twitter_card":"summary_large_image","schema":{"@context":"https:\/\/schema.org","@graph":[{"@type":"WebPage","@id":"https:\/\/hobstop.ee\/lv\/produkts\/veidosanas-masa-darwi-classic\/","url":"https:\/\/hobstop.ee\/lv\/produkts\/veidosanas-masa-darwi-classic\/","name":"Veido\u0161anas masa Darwi Classic &#8211; Skizze","isPartOf":{"@id":"https:\/\/hobstop.ee\/lv\/#website"},"primaryImageOfPage":{"@id":"https:\/\/hobstop.ee\/lv\/produkts\/veidosanas-masa-darwi-classic\/#primaryimage"},"image":{"@id":"https:\/\/hobstop.ee\/lv\/produkts\/veidosanas-masa-darwi-classic\/#primaryimage"},"thumbnailUrl":"https:\/\/hobstop.ee\/media\/5328.jpg","datePublished":"2021-08-06T11:57:31+00:00","dateModified":"2021-08-06T11:57:31+00:00","breadcrumb":{"@id":"https:\/\/hobstop.ee\/lv\/produkts\/veidosanas-masa-darwi-classic\/#breadcrumb"},"inLanguage":"lv-LV","potentialAction":[{"@type":"ReadAction","target":["https:\/\/hobstop.ee\/lv\/produkts\/veidosanas-masa-darwi-classic\/"]}]},{"@type":"ImageObject","inLanguage":"lv-LV","@id":"https:\/\/hobstop.ee\/lv\/produkts\/veidosanas-masa-darwi-classic\/#primaryimage","url":"https:\/\/hobstop.ee\/media\/5328.jpg","contentUrl":"https:\/\/hobstop.ee\/media\/5328.jpg","width":1024,"height":768},{"@type":"BreadcrumbList","@id":"https:\/\/hobstop.ee\/lv\/produkts\/veidosanas-masa-darwi-classic\/#breadcrumb","itemListElement":[{"@type":"ListItem","position":1,"name":"Avaleht","item":"https:\/\/www.hobstop.ee\/lv\/"},{"@type":"ListItem","position":2,"name":"Veikals","item":"https:\/\/www.hobstop.ee\/lv\/veikals\/"},{"@type":"ListItem","position":3,"name":"Veido\u0161anas masa Darwi Classic"}]},{"@type":"WebSite","@id":"https:\/\/hobstop.ee\/lv\/#website","url":"https:\/\/hobstop.ee\/lv\/","name":"Skizze","description":"M\u0101kslas, hobiju un skolas preces","publisher":{"@id":"https:\/\/hobstop.ee\/lv\/#organization"},"potentialAction":[{"@type":"SearchAction","target":{"@type":"EntryPoint","urlTemplate":"https:\/\/hobstop.ee\/lv\/?s={search_term_string}"},"query-input":{"@type":"PropertyValueSpecification","valueRequired":true,"valueName":"search_term_string"}}],"inLanguage":"lv-LV"},{"@type":"Organization","@id":"https:\/\/hobstop.ee\/lv\/#organization","name":"Vunder AS","url":"https:\/\/hobstop.ee\/lv\/","logo":{"@type":"ImageObject","inLanguage":"lv-LV","@id":"https:\/\/hobstop.ee\/lv\/#\/schema\/logo\/image\/","url":"https:\/\/hobstop.ee\/media\/vunder-logo.png","contentUrl":"https:\/\/hobstop.ee\/media\/vunder-logo.png","width":127,"height":55,"caption":"Vunder AS"},"image":{"@id":"https:\/\/hobstop.ee\/lv\/#\/schema\/logo\/image\/"},"sameAs":["http:\/\/www.facebook.com\/VunderSkizze"]}]}},"_links":{"self":[{"href":"https:\/\/hobstop.ee\/lv\/wp-json\/wp\/v2\/product\/342241","targetHints":{"allow":["GET"]}}],"collection":[{"href":"https:\/\/hobstop.ee\/lv\/wp-json\/wp\/v2\/product"}],"about":[{"href":"https:\/\/hobstop.ee\/lv\/wp-json\/wp\/v2\/types\/product"}],"replies":[{"embeddable":true,"href":"https:\/\/hobstop.ee\/lv\/wp-json\/wp\/v2\/comments?post=342241"}],"wp:featuredmedia":[{"embeddable":true,"href":"https:\/\/hobstop.ee\/lv\/wp-json\/wp\/v2\/media\/354431"}],"wp:attachment":[{"href":"https:\/\/hobstop.ee\/lv\/wp-json\/wp\/v2\/media?parent=342241"}],"wp:term":[{"taxonomy":"product_cat","embeddable":true,"href":"https:\/\/hobstop.ee\/lv\/wp-json\/wp\/v2\/product_cat?post=342241"},{"taxonomy":"product_tag","embeddable":true,"href":"https:\/\/hobstop.ee\/lv\/wp-json\/wp\/v2\/product_tag?post=342241"}],"curies":[{"name":"wp","href":"https:\/\/api.w.org\/{rel}","templated":true}]}}