{"id":342245,"date":"2021-08-06T15:34:22","date_gmt":"2021-08-06T12:34:22","guid":{"rendered":"https:\/\/sharks.ee\/vunder_2019\/?post_type=product&#038;p=342245"},"modified":"2021-08-06T15:34:22","modified_gmt":"2021-08-06T12:34:22","slug":"abpuseja-limlente-mg","status":"publish","type":"product","link":"https:\/\/hobstop.ee\/lv\/produkts\/abpuseja-limlente-mg\/","title":{"rendered":"Abpus\u0113j\u0101 l\u012bmlente M&#038;G"},"content":{"rendered":"<p>M&#038;G divpus\u0113j\u0101 l\u012bmlente ir piem\u0113rota da\u017e\u0101diem m\u0101jas un rokdarbiem, piem\u0113ram, lai savienotu vai sal\u012bm\u0113tu pap\u012bru, \u0101das stiprin\u0101jumiem u.t.t. To ir viegli noraut un no\u0146emt ar rok\u0101m. Ide\u0101li piem\u0113rots liel\u0101kajai da\u013cai virsmu un nodro\u0161ina notur\u012bgu sa\u0137eri. P\u0101rliecinieties, ka virsmas ir gludas, t\u012bras un sausas, un veiciet spiedienu, lai nodro\u0161in\u0101tu vislab\u0101ko sa\u0137eri.<\/p>\n","protected":false},"excerpt":{"rendered":"<p>M&#038;G divpus\u0113j\u0101 l\u012bmlente ir piem\u0113rota da\u017e\u0101diem m\u0101jas un rokdarbiem, piem\u0113ram, lai savienotu vai sal\u012bm\u0113tu pap\u012bru, \u0101das stiprin\u0101jumiem u.t.t. To ir viegli noraut un no\u0146emt ar rok\u0101m. Ide\u0101li piem\u0113rots liel\u0101kajai da\u013cai virsmu un nodro\u0161ina notur\u012bgu sa\u0137eri. P\u0101rliecinieties, ka virsmas ir gludas, t\u012bras un sausas, un veiciet spiedienu, lai nodro\u0161in\u0101tu vislab\u0101ko sa\u0137eri.<\/p>\n","protected":false},"featured_media":354579,"comment_status":"closed","ping_status":"closed","template":"","meta":{"_acf_changed":false,"ep_exclude_from_search":false},"product_cat":[20361],"product_tag":[],"class_list":{"0":"post-342245","1":"product","2":"type-product","3":"status-publish","4":"has-post-thumbnail","6":"product_cat-maaramata","8":"first","9":"instock","10":"taxable","11":"shipping-taxable","12":"product-type-simple"},"acf":[],"yoast_head":"<!-- This site is optimized with the Yoast SEO plugin v24.1 - https:\/\/yoast.com\/wordpress\/plugins\/seo\/ -->\n<title>Abpus\u0113j\u0101 l\u012bmlente M&amp;G &#8211; Skizze<\/title>\n<meta name=\"robots\" content=\"noindex, follow, max-snippet:-1, max-image-preview:large, max-video-preview:-1\" \/>\n<meta property=\"og:locale\" content=\"lv_LV\" \/>\n<meta property=\"og:type\" content=\"article\" \/>\n<meta property=\"og:title\" content=\"Abpus\u0113j\u0101 l\u012bmlente M&amp;G &#8211; Skizze\" \/>\n<meta property=\"og:description\" content=\"M&#038;G divpus\u0113j\u0101 l\u012bmlente ir piem\u0113rota da\u017e\u0101diem m\u0101jas un rokdarbiem, piem\u0113ram, lai savienotu vai sal\u012bm\u0113tu pap\u012bru, \u0101das stiprin\u0101jumiem u.t.t. To ir viegli noraut un no\u0146emt ar rok\u0101m. Ide\u0101li piem\u0113rots liel\u0101kajai da\u013cai virsmu un nodro\u0161ina notur\u012bgu sa\u0137eri. P\u0101rliecinieties, ka virsmas ir gludas, t\u012bras un sausas, un veiciet spiedienu, lai nodro\u0161in\u0101tu vislab\u0101ko sa\u0137eri.\" \/>\n<meta property=\"og:url\" content=\"https:\/\/hobstop.ee\/lv\/produkts\/abpuseja-limlente-mg\/\" \/>\n<meta property=\"og:site_name\" content=\"Skizze\" \/>\n<meta property=\"article:publisher\" content=\"http:\/\/www.facebook.com\/VunderSkizze\" \/>\n<meta property=\"og:image\" content=\"https:\/\/hobstop.ee\/media\/5329.jpg\" \/>\n\t<meta property=\"og:image:width\" content=\"1024\" \/>\n\t<meta property=\"og:image:height\" content=\"768\" \/>\n\t<meta property=\"og:image:type\" content=\"image\/jpeg\" \/>\n<meta name=\"twitter:card\" content=\"summary_large_image\" \/>\n<script type=\"application\/ld+json\" class=\"yoast-schema-graph\">{\"@context\":\"https:\/\/schema.org\",\"@graph\":[{\"@type\":\"WebPage\",\"@id\":\"https:\/\/hobstop.ee\/lv\/produkts\/abpuseja-limlente-mg\/\",\"url\":\"https:\/\/hobstop.ee\/lv\/produkts\/abpuseja-limlente-mg\/\",\"name\":\"Abpus\u0113j\u0101 l\u012bmlente M&G &#8211; Skizze\",\"isPartOf\":{\"@id\":\"https:\/\/hobstop.ee\/lv\/#website\"},\"primaryImageOfPage\":{\"@id\":\"https:\/\/hobstop.ee\/lv\/produkts\/abpuseja-limlente-mg\/#primaryimage\"},\"image\":{\"@id\":\"https:\/\/hobstop.ee\/lv\/produkts\/abpuseja-limlente-mg\/#primaryimage\"},\"thumbnailUrl\":\"https:\/\/hobstop.ee\/media\/5329.jpg\",\"datePublished\":\"2021-08-06T12:34:22+00:00\",\"dateModified\":\"2021-08-06T12:34:22+00:00\",\"breadcrumb\":{\"@id\":\"https:\/\/hobstop.ee\/lv\/produkts\/abpuseja-limlente-mg\/#breadcrumb\"},\"inLanguage\":\"lv-LV\",\"potentialAction\":[{\"@type\":\"ReadAction\",\"target\":[\"https:\/\/hobstop.ee\/lv\/produkts\/abpuseja-limlente-mg\/\"]}]},{\"@type\":\"ImageObject\",\"inLanguage\":\"lv-LV\",\"@id\":\"https:\/\/hobstop.ee\/lv\/produkts\/abpuseja-limlente-mg\/#primaryimage\",\"url\":\"https:\/\/hobstop.ee\/media\/5329.jpg\",\"contentUrl\":\"https:\/\/hobstop.ee\/media\/5329.jpg\",\"width\":1024,\"height\":768},{\"@type\":\"BreadcrumbList\",\"@id\":\"https:\/\/hobstop.ee\/lv\/produkts\/abpuseja-limlente-mg\/#breadcrumb\",\"itemListElement\":[{\"@type\":\"ListItem\",\"position\":1,\"name\":\"Avaleht\",\"item\":\"https:\/\/www.hobstop.ee\/lv\/\"},{\"@type\":\"ListItem\",\"position\":2,\"name\":\"Veikals\",\"item\":\"https:\/\/www.hobstop.ee\/lv\/veikals\/\"},{\"@type\":\"ListItem\",\"position\":3,\"name\":\"Abpus\u0113j\u0101 l\u012bmlente M&#038;G\"}]},{\"@type\":\"WebSite\",\"@id\":\"https:\/\/hobstop.ee\/lv\/#website\",\"url\":\"https:\/\/hobstop.ee\/lv\/\",\"name\":\"Skizze\",\"description\":\"M\u0101kslas, hobiju un skolas preces\",\"publisher\":{\"@id\":\"https:\/\/hobstop.ee\/lv\/#organization\"},\"potentialAction\":[{\"@type\":\"SearchAction\",\"target\":{\"@type\":\"EntryPoint\",\"urlTemplate\":\"https:\/\/hobstop.ee\/lv\/?s={search_term_string}\"},\"query-input\":{\"@type\":\"PropertyValueSpecification\",\"valueRequired\":true,\"valueName\":\"search_term_string\"}}],\"inLanguage\":\"lv-LV\"},{\"@type\":\"Organization\",\"@id\":\"https:\/\/hobstop.ee\/lv\/#organization\",\"name\":\"Vunder AS\",\"url\":\"https:\/\/hobstop.ee\/lv\/\",\"logo\":{\"@type\":\"ImageObject\",\"inLanguage\":\"lv-LV\",\"@id\":\"https:\/\/hobstop.ee\/lv\/#\/schema\/logo\/image\/\",\"url\":\"https:\/\/hobstop.ee\/media\/vunder-logo.png\",\"contentUrl\":\"https:\/\/hobstop.ee\/media\/vunder-logo.png\",\"width\":127,\"height\":55,\"caption\":\"Vunder AS\"},\"image\":{\"@id\":\"https:\/\/hobstop.ee\/lv\/#\/schema\/logo\/image\/\"},\"sameAs\":[\"http:\/\/www.facebook.com\/VunderSkizze\"]}]}<\/script>\n<!-- \/ Yoast SEO plugin. -->","yoast_head_json":{"title":"Abpus\u0113j\u0101 l\u012bmlente M&G &#8211; Skizze","robots":{"index":"noindex","follow":"follow","max-snippet":"max-snippet:-1","max-image-preview":"max-image-preview:large","max-video-preview":"max-video-preview:-1"},"og_locale":"lv_LV","og_type":"article","og_title":"Abpus\u0113j\u0101 l\u012bmlente M&G &#8211; Skizze","og_description":"M&#038;G divpus\u0113j\u0101 l\u012bmlente ir piem\u0113rota da\u017e\u0101diem m\u0101jas un rokdarbiem, piem\u0113ram, lai savienotu vai sal\u012bm\u0113tu pap\u012bru, \u0101das stiprin\u0101jumiem u.t.t. To ir viegli noraut un no\u0146emt ar rok\u0101m. Ide\u0101li piem\u0113rots liel\u0101kajai da\u013cai virsmu un nodro\u0161ina notur\u012bgu sa\u0137eri. P\u0101rliecinieties, ka virsmas ir gludas, t\u012bras un sausas, un veiciet spiedienu, lai nodro\u0161in\u0101tu vislab\u0101ko sa\u0137eri.","og_url":"https:\/\/hobstop.ee\/lv\/produkts\/abpuseja-limlente-mg\/","og_site_name":"Skizze","article_publisher":"http:\/\/www.facebook.com\/VunderSkizze","og_image":[{"width":1024,"height":768,"url":"https:\/\/hobstop.ee\/media\/5329.jpg","type":"image\/jpeg"}],"twitter_card":"summary_large_image","schema":{"@context":"https:\/\/schema.org","@graph":[{"@type":"WebPage","@id":"https:\/\/hobstop.ee\/lv\/produkts\/abpuseja-limlente-mg\/","url":"https:\/\/hobstop.ee\/lv\/produkts\/abpuseja-limlente-mg\/","name":"Abpus\u0113j\u0101 l\u012bmlente M&G &#8211; Skizze","isPartOf":{"@id":"https:\/\/hobstop.ee\/lv\/#website"},"primaryImageOfPage":{"@id":"https:\/\/hobstop.ee\/lv\/produkts\/abpuseja-limlente-mg\/#primaryimage"},"image":{"@id":"https:\/\/hobstop.ee\/lv\/produkts\/abpuseja-limlente-mg\/#primaryimage"},"thumbnailUrl":"https:\/\/hobstop.ee\/media\/5329.jpg","datePublished":"2021-08-06T12:34:22+00:00","dateModified":"2021-08-06T12:34:22+00:00","breadcrumb":{"@id":"https:\/\/hobstop.ee\/lv\/produkts\/abpuseja-limlente-mg\/#breadcrumb"},"inLanguage":"lv-LV","potentialAction":[{"@type":"ReadAction","target":["https:\/\/hobstop.ee\/lv\/produkts\/abpuseja-limlente-mg\/"]}]},{"@type":"ImageObject","inLanguage":"lv-LV","@id":"https:\/\/hobstop.ee\/lv\/produkts\/abpuseja-limlente-mg\/#primaryimage","url":"https:\/\/hobstop.ee\/media\/5329.jpg","contentUrl":"https:\/\/hobstop.ee\/media\/5329.jpg","width":1024,"height":768},{"@type":"BreadcrumbList","@id":"https:\/\/hobstop.ee\/lv\/produkts\/abpuseja-limlente-mg\/#breadcrumb","itemListElement":[{"@type":"ListItem","position":1,"name":"Avaleht","item":"https:\/\/www.hobstop.ee\/lv\/"},{"@type":"ListItem","position":2,"name":"Veikals","item":"https:\/\/www.hobstop.ee\/lv\/veikals\/"},{"@type":"ListItem","position":3,"name":"Abpus\u0113j\u0101 l\u012bmlente M&#038;G"}]},{"@type":"WebSite","@id":"https:\/\/hobstop.ee\/lv\/#website","url":"https:\/\/hobstop.ee\/lv\/","name":"Skizze","description":"M\u0101kslas, hobiju un skolas preces","publisher":{"@id":"https:\/\/hobstop.ee\/lv\/#organization"},"potentialAction":[{"@type":"SearchAction","target":{"@type":"EntryPoint","urlTemplate":"https:\/\/hobstop.ee\/lv\/?s={search_term_string}"},"query-input":{"@type":"PropertyValueSpecification","valueRequired":true,"valueName":"search_term_string"}}],"inLanguage":"lv-LV"},{"@type":"Organization","@id":"https:\/\/hobstop.ee\/lv\/#organization","name":"Vunder AS","url":"https:\/\/hobstop.ee\/lv\/","logo":{"@type":"ImageObject","inLanguage":"lv-LV","@id":"https:\/\/hobstop.ee\/lv\/#\/schema\/logo\/image\/","url":"https:\/\/hobstop.ee\/media\/vunder-logo.png","contentUrl":"https:\/\/hobstop.ee\/media\/vunder-logo.png","width":127,"height":55,"caption":"Vunder AS"},"image":{"@id":"https:\/\/hobstop.ee\/lv\/#\/schema\/logo\/image\/"},"sameAs":["http:\/\/www.facebook.com\/VunderSkizze"]}]}},"_links":{"self":[{"href":"https:\/\/hobstop.ee\/lv\/wp-json\/wp\/v2\/product\/342245","targetHints":{"allow":["GET"]}}],"collection":[{"href":"https:\/\/hobstop.ee\/lv\/wp-json\/wp\/v2\/product"}],"about":[{"href":"https:\/\/hobstop.ee\/lv\/wp-json\/wp\/v2\/types\/product"}],"replies":[{"embeddable":true,"href":"https:\/\/hobstop.ee\/lv\/wp-json\/wp\/v2\/comments?post=342245"}],"wp:featuredmedia":[{"embeddable":true,"href":"https:\/\/hobstop.ee\/lv\/wp-json\/wp\/v2\/media\/354579"}],"wp:attachment":[{"href":"https:\/\/hobstop.ee\/lv\/wp-json\/wp\/v2\/media?parent=342245"}],"wp:term":[{"taxonomy":"product_cat","embeddable":true,"href":"https:\/\/hobstop.ee\/lv\/wp-json\/wp\/v2\/product_cat?post=342245"},{"taxonomy":"product_tag","embeddable":true,"href":"https:\/\/hobstop.ee\/lv\/wp-json\/wp\/v2\/product_tag?post=342245"}],"curies":[{"name":"wp","href":"https:\/\/api.w.org\/{rel}","templated":true}]}}