{"id":342257,"date":"2021-08-06T16:08:11","date_gmt":"2021-08-06T13:08:11","guid":{"rendered":"https:\/\/sharks.ee\/vunder_2019\/?post_type=product&#038;p=342257"},"modified":"2021-08-06T16:08:11","modified_gmt":"2021-08-06T13:08:11","slug":"tintes-pildspalva-fineliner-mg-sketcher-2","status":"publish","type":"product","link":"https:\/\/hobstop.ee\/lv\/produkts\/tintes-pildspalva-fineliner-mg-sketcher-2\/","title":{"rendered":"Tintes pildspalva fineliner M&#038;G Sketcher"},"content":{"rendered":"<p>M&#038;G Sketcher tintes pildspalva ir ide\u0101li piem\u0113rota ilustr\u0113\u0161anai, ski\u010du veido\u0161anai un m\u0101kslas darbiem kopum\u0101. \u016adensiztur\u012bga tinte ar sp\u0113c\u012bgu kr\u0101su pal\u012bdz rad\u012bt notur\u012bgus darbus izteikti meln\u0101 kr\u0101s\u0101. Pildspalvai ir prec\u012bzi kalibr\u0113ts neilona uzgalis, kas, z\u012bm\u0113jot deta\u013cas, \u013cauj veidot \u013coti prec\u012bzas l\u012bnijas.<\/p>\n","protected":false},"excerpt":{"rendered":"<p>M&#038;G Sketcher tintes pildspalva ir ide\u0101li piem\u0113rota ilustr\u0113\u0161anai, ski\u010du veido\u0161anai un m\u0101kslas darbiem kopum\u0101. \u016adensiztur\u012bga tinte ar sp\u0113c\u012bgu kr\u0101su pal\u012bdz rad\u012bt notur\u012bgus darbus izteikti meln\u0101 kr\u0101s\u0101. Pildspalvai ir prec\u012bzi kalibr\u0113ts neilona uzgalis, kas, z\u012bm\u0113jot deta\u013cas, \u013cauj veidot \u013coti prec\u012bzas l\u012bnijas.<\/p>\n","protected":false},"featured_media":354623,"comment_status":"closed","ping_status":"closed","template":"","meta":{"_acf_changed":false,"ep_exclude_from_search":false},"product_cat":[20361],"product_tag":[],"class_list":{"0":"post-342257","1":"product","2":"type-product","3":"status-publish","4":"has-post-thumbnail","6":"product_cat-maaramata","8":"first","9":"instock","10":"taxable","11":"shipping-taxable","12":"product-type-simple"},"acf":[],"yoast_head":"<!-- This site is optimized with the Yoast SEO plugin v24.1 - https:\/\/yoast.com\/wordpress\/plugins\/seo\/ -->\n<title>Tintes pildspalva fineliner M&amp;G Sketcher &#8211; Skizze<\/title>\n<meta name=\"robots\" content=\"noindex, follow, max-snippet:-1, max-image-preview:large, max-video-preview:-1\" \/>\n<meta property=\"og:locale\" content=\"lv_LV\" \/>\n<meta property=\"og:type\" content=\"article\" \/>\n<meta property=\"og:title\" content=\"Tintes pildspalva fineliner M&amp;G Sketcher &#8211; Skizze\" \/>\n<meta property=\"og:description\" content=\"M&#038;G Sketcher tintes pildspalva ir ide\u0101li piem\u0113rota ilustr\u0113\u0161anai, ski\u010du veido\u0161anai un m\u0101kslas darbiem kopum\u0101. \u016adensiztur\u012bga tinte ar sp\u0113c\u012bgu kr\u0101su pal\u012bdz rad\u012bt notur\u012bgus darbus izteikti meln\u0101 kr\u0101s\u0101. Pildspalvai ir prec\u012bzi kalibr\u0113ts neilona uzgalis, kas, z\u012bm\u0113jot deta\u013cas, \u013cauj veidot \u013coti prec\u012bzas l\u012bnijas.\" \/>\n<meta property=\"og:url\" content=\"https:\/\/hobstop.ee\/lv\/produkts\/tintes-pildspalva-fineliner-mg-sketcher-2\/\" \/>\n<meta property=\"og:site_name\" content=\"Skizze\" \/>\n<meta property=\"article:publisher\" content=\"http:\/\/www.facebook.com\/VunderSkizze\" \/>\n<meta property=\"og:image\" content=\"https:\/\/hobstop.ee\/media\/5334.jpg\" \/>\n\t<meta property=\"og:image:width\" content=\"1024\" \/>\n\t<meta property=\"og:image:height\" content=\"768\" \/>\n\t<meta property=\"og:image:type\" content=\"image\/jpeg\" \/>\n<meta name=\"twitter:card\" content=\"summary_large_image\" \/>\n<script type=\"application\/ld+json\" class=\"yoast-schema-graph\">{\"@context\":\"https:\/\/schema.org\",\"@graph\":[{\"@type\":\"WebPage\",\"@id\":\"https:\/\/hobstop.ee\/lv\/produkts\/tintes-pildspalva-fineliner-mg-sketcher-2\/\",\"url\":\"https:\/\/hobstop.ee\/lv\/produkts\/tintes-pildspalva-fineliner-mg-sketcher-2\/\",\"name\":\"Tintes pildspalva fineliner M&G Sketcher &#8211; Skizze\",\"isPartOf\":{\"@id\":\"https:\/\/hobstop.ee\/lv\/#website\"},\"primaryImageOfPage\":{\"@id\":\"https:\/\/hobstop.ee\/lv\/produkts\/tintes-pildspalva-fineliner-mg-sketcher-2\/#primaryimage\"},\"image\":{\"@id\":\"https:\/\/hobstop.ee\/lv\/produkts\/tintes-pildspalva-fineliner-mg-sketcher-2\/#primaryimage\"},\"thumbnailUrl\":\"https:\/\/hobstop.ee\/media\/5334.jpg\",\"datePublished\":\"2021-08-06T13:08:11+00:00\",\"dateModified\":\"2021-08-06T13:08:11+00:00\",\"breadcrumb\":{\"@id\":\"https:\/\/hobstop.ee\/lv\/produkts\/tintes-pildspalva-fineliner-mg-sketcher-2\/#breadcrumb\"},\"inLanguage\":\"lv-LV\",\"potentialAction\":[{\"@type\":\"ReadAction\",\"target\":[\"https:\/\/hobstop.ee\/lv\/produkts\/tintes-pildspalva-fineliner-mg-sketcher-2\/\"]}]},{\"@type\":\"ImageObject\",\"inLanguage\":\"lv-LV\",\"@id\":\"https:\/\/hobstop.ee\/lv\/produkts\/tintes-pildspalva-fineliner-mg-sketcher-2\/#primaryimage\",\"url\":\"https:\/\/hobstop.ee\/media\/5334.jpg\",\"contentUrl\":\"https:\/\/hobstop.ee\/media\/5334.jpg\",\"width\":1024,\"height\":768},{\"@type\":\"BreadcrumbList\",\"@id\":\"https:\/\/hobstop.ee\/lv\/produkts\/tintes-pildspalva-fineliner-mg-sketcher-2\/#breadcrumb\",\"itemListElement\":[{\"@type\":\"ListItem\",\"position\":1,\"name\":\"Avaleht\",\"item\":\"https:\/\/www.hobstop.ee\/lv\/\"},{\"@type\":\"ListItem\",\"position\":2,\"name\":\"Veikals\",\"item\":\"https:\/\/www.hobstop.ee\/lv\/veikals\/\"},{\"@type\":\"ListItem\",\"position\":3,\"name\":\"Tintes pildspalva fineliner M&#038;G Sketcher\"}]},{\"@type\":\"WebSite\",\"@id\":\"https:\/\/hobstop.ee\/lv\/#website\",\"url\":\"https:\/\/hobstop.ee\/lv\/\",\"name\":\"Skizze\",\"description\":\"M\u0101kslas, hobiju un skolas preces\",\"publisher\":{\"@id\":\"https:\/\/hobstop.ee\/lv\/#organization\"},\"potentialAction\":[{\"@type\":\"SearchAction\",\"target\":{\"@type\":\"EntryPoint\",\"urlTemplate\":\"https:\/\/hobstop.ee\/lv\/?s={search_term_string}\"},\"query-input\":{\"@type\":\"PropertyValueSpecification\",\"valueRequired\":true,\"valueName\":\"search_term_string\"}}],\"inLanguage\":\"lv-LV\"},{\"@type\":\"Organization\",\"@id\":\"https:\/\/hobstop.ee\/lv\/#organization\",\"name\":\"Vunder AS\",\"url\":\"https:\/\/hobstop.ee\/lv\/\",\"logo\":{\"@type\":\"ImageObject\",\"inLanguage\":\"lv-LV\",\"@id\":\"https:\/\/hobstop.ee\/lv\/#\/schema\/logo\/image\/\",\"url\":\"https:\/\/hobstop.ee\/media\/vunder-logo.png\",\"contentUrl\":\"https:\/\/hobstop.ee\/media\/vunder-logo.png\",\"width\":127,\"height\":55,\"caption\":\"Vunder AS\"},\"image\":{\"@id\":\"https:\/\/hobstop.ee\/lv\/#\/schema\/logo\/image\/\"},\"sameAs\":[\"http:\/\/www.facebook.com\/VunderSkizze\"]}]}<\/script>\n<!-- \/ Yoast SEO plugin. -->","yoast_head_json":{"title":"Tintes pildspalva fineliner M&G Sketcher &#8211; Skizze","robots":{"index":"noindex","follow":"follow","max-snippet":"max-snippet:-1","max-image-preview":"max-image-preview:large","max-video-preview":"max-video-preview:-1"},"og_locale":"lv_LV","og_type":"article","og_title":"Tintes pildspalva fineliner M&G Sketcher &#8211; Skizze","og_description":"M&#038;G Sketcher tintes pildspalva ir ide\u0101li piem\u0113rota ilustr\u0113\u0161anai, ski\u010du veido\u0161anai un m\u0101kslas darbiem kopum\u0101. \u016adensiztur\u012bga tinte ar sp\u0113c\u012bgu kr\u0101su pal\u012bdz rad\u012bt notur\u012bgus darbus izteikti meln\u0101 kr\u0101s\u0101. Pildspalvai ir prec\u012bzi kalibr\u0113ts neilona uzgalis, kas, z\u012bm\u0113jot deta\u013cas, \u013cauj veidot \u013coti prec\u012bzas l\u012bnijas.","og_url":"https:\/\/hobstop.ee\/lv\/produkts\/tintes-pildspalva-fineliner-mg-sketcher-2\/","og_site_name":"Skizze","article_publisher":"http:\/\/www.facebook.com\/VunderSkizze","og_image":[{"width":1024,"height":768,"url":"https:\/\/hobstop.ee\/media\/5334.jpg","type":"image\/jpeg"}],"twitter_card":"summary_large_image","schema":{"@context":"https:\/\/schema.org","@graph":[{"@type":"WebPage","@id":"https:\/\/hobstop.ee\/lv\/produkts\/tintes-pildspalva-fineliner-mg-sketcher-2\/","url":"https:\/\/hobstop.ee\/lv\/produkts\/tintes-pildspalva-fineliner-mg-sketcher-2\/","name":"Tintes pildspalva fineliner M&G Sketcher &#8211; Skizze","isPartOf":{"@id":"https:\/\/hobstop.ee\/lv\/#website"},"primaryImageOfPage":{"@id":"https:\/\/hobstop.ee\/lv\/produkts\/tintes-pildspalva-fineliner-mg-sketcher-2\/#primaryimage"},"image":{"@id":"https:\/\/hobstop.ee\/lv\/produkts\/tintes-pildspalva-fineliner-mg-sketcher-2\/#primaryimage"},"thumbnailUrl":"https:\/\/hobstop.ee\/media\/5334.jpg","datePublished":"2021-08-06T13:08:11+00:00","dateModified":"2021-08-06T13:08:11+00:00","breadcrumb":{"@id":"https:\/\/hobstop.ee\/lv\/produkts\/tintes-pildspalva-fineliner-mg-sketcher-2\/#breadcrumb"},"inLanguage":"lv-LV","potentialAction":[{"@type":"ReadAction","target":["https:\/\/hobstop.ee\/lv\/produkts\/tintes-pildspalva-fineliner-mg-sketcher-2\/"]}]},{"@type":"ImageObject","inLanguage":"lv-LV","@id":"https:\/\/hobstop.ee\/lv\/produkts\/tintes-pildspalva-fineliner-mg-sketcher-2\/#primaryimage","url":"https:\/\/hobstop.ee\/media\/5334.jpg","contentUrl":"https:\/\/hobstop.ee\/media\/5334.jpg","width":1024,"height":768},{"@type":"BreadcrumbList","@id":"https:\/\/hobstop.ee\/lv\/produkts\/tintes-pildspalva-fineliner-mg-sketcher-2\/#breadcrumb","itemListElement":[{"@type":"ListItem","position":1,"name":"Avaleht","item":"https:\/\/www.hobstop.ee\/lv\/"},{"@type":"ListItem","position":2,"name":"Veikals","item":"https:\/\/www.hobstop.ee\/lv\/veikals\/"},{"@type":"ListItem","position":3,"name":"Tintes pildspalva fineliner M&#038;G Sketcher"}]},{"@type":"WebSite","@id":"https:\/\/hobstop.ee\/lv\/#website","url":"https:\/\/hobstop.ee\/lv\/","name":"Skizze","description":"M\u0101kslas, hobiju un skolas preces","publisher":{"@id":"https:\/\/hobstop.ee\/lv\/#organization"},"potentialAction":[{"@type":"SearchAction","target":{"@type":"EntryPoint","urlTemplate":"https:\/\/hobstop.ee\/lv\/?s={search_term_string}"},"query-input":{"@type":"PropertyValueSpecification","valueRequired":true,"valueName":"search_term_string"}}],"inLanguage":"lv-LV"},{"@type":"Organization","@id":"https:\/\/hobstop.ee\/lv\/#organization","name":"Vunder AS","url":"https:\/\/hobstop.ee\/lv\/","logo":{"@type":"ImageObject","inLanguage":"lv-LV","@id":"https:\/\/hobstop.ee\/lv\/#\/schema\/logo\/image\/","url":"https:\/\/hobstop.ee\/media\/vunder-logo.png","contentUrl":"https:\/\/hobstop.ee\/media\/vunder-logo.png","width":127,"height":55,"caption":"Vunder AS"},"image":{"@id":"https:\/\/hobstop.ee\/lv\/#\/schema\/logo\/image\/"},"sameAs":["http:\/\/www.facebook.com\/VunderSkizze"]}]}},"_links":{"self":[{"href":"https:\/\/hobstop.ee\/lv\/wp-json\/wp\/v2\/product\/342257","targetHints":{"allow":["GET"]}}],"collection":[{"href":"https:\/\/hobstop.ee\/lv\/wp-json\/wp\/v2\/product"}],"about":[{"href":"https:\/\/hobstop.ee\/lv\/wp-json\/wp\/v2\/types\/product"}],"replies":[{"embeddable":true,"href":"https:\/\/hobstop.ee\/lv\/wp-json\/wp\/v2\/comments?post=342257"}],"wp:featuredmedia":[{"embeddable":true,"href":"https:\/\/hobstop.ee\/lv\/wp-json\/wp\/v2\/media\/354623"}],"wp:attachment":[{"href":"https:\/\/hobstop.ee\/lv\/wp-json\/wp\/v2\/media?parent=342257"}],"wp:term":[{"taxonomy":"product_cat","embeddable":true,"href":"https:\/\/hobstop.ee\/lv\/wp-json\/wp\/v2\/product_cat?post=342257"},{"taxonomy":"product_tag","embeddable":true,"href":"https:\/\/hobstop.ee\/lv\/wp-json\/wp\/v2\/product_tag?post=342257"}],"curies":[{"name":"wp","href":"https:\/\/api.w.org\/{rel}","templated":true}]}}