{"id":342265,"date":"2021-08-06T16:00:51","date_gmt":"2021-08-06T13:00:51","guid":{"rendered":"https:\/\/sharks.ee\/vunder_2019\/?post_type=product&#038;p=342265"},"modified":"2021-08-06T16:00:51","modified_gmt":"2021-08-06T13:00:51","slug":"zimogu-komplekts-maped-creativ-early-age-2","status":"publish","type":"product","link":"https:\/\/hobstop.ee\/lv\/produkts\/zimogu-komplekts-maped-creativ-early-age-2\/","title":{"rendered":"Z\u012bmogu komplekts Maped Creativ Early Age"},"content":{"rendered":"<p>\u0160is Maped Creativ komplekts ir lielisks veids, lai b\u0113rns pats izveidotu savu pirmo m\u0101kslas darbu, dekor\u0113jot m\u012blo\u0161us dz\u012bvnieku \u0137erme\u0146us ar tintes spilventi\u0146u pal\u012bdz\u012bbu. Komplekt\u0101 ir pol\u0101r\u0101 t\u0113m\u0101 ar ilustr\u0101cij\u0101m no Zieme\u013cpola. <\/p>\n<p>Komplekt\u0101 ietilpst:<br \/>\n4 ilustr\u0113tas kart\u012btes<br \/>\n2 ergonomiski z\u012bmogi ar da\u017e\u0101diem rakstiem.<br \/>\nZilas tintes spilventi\u0146\u0161<\/p>\n","protected":false},"excerpt":{"rendered":"<p>\u0160is Maped Creativ komplekts ir lielisks veids, lai b\u0113rns pats izveidotu savu pirmo m\u0101kslas darbu, dekor\u0113jot m\u012blo\u0161us dz\u012bvnieku \u0137erme\u0146us ar tintes spilventi\u0146u pal\u012bdz\u012bbu. Komplekt\u0101 ir pol\u0101r\u0101 t\u0113m\u0101 ar ilustr\u0101cij\u0101m no Zieme\u013cpola. Komplekt\u0101 ietilpst: 4 ilustr\u0113tas kart\u012btes 2 ergonomiski z\u012bmogi ar da\u017e\u0101diem rakstiem. Zilas tintes spilventi\u0146\u0161<\/p>\n","protected":false},"featured_media":354567,"comment_status":"closed","ping_status":"closed","template":"","meta":{"_acf_changed":false,"ep_exclude_from_search":false},"product_cat":[20361],"product_tag":[],"class_list":{"0":"post-342265","1":"product","2":"type-product","3":"status-publish","4":"has-post-thumbnail","6":"product_cat-maaramata","8":"first","9":"instock","10":"taxable","11":"shipping-taxable","12":"product-type-simple"},"acf":[],"yoast_head":"<!-- This site is optimized with the Yoast SEO plugin v24.1 - https:\/\/yoast.com\/wordpress\/plugins\/seo\/ -->\n<title>Z\u012bmogu komplekts Maped Creativ Early Age &#8211; Skizze<\/title>\n<meta name=\"robots\" content=\"noindex, follow, max-snippet:-1, max-image-preview:large, max-video-preview:-1\" \/>\n<meta property=\"og:locale\" content=\"lv_LV\" \/>\n<meta property=\"og:type\" content=\"article\" \/>\n<meta property=\"og:title\" content=\"Z\u012bmogu komplekts Maped Creativ Early Age &#8211; Skizze\" \/>\n<meta property=\"og:description\" content=\"\u0160is Maped Creativ komplekts ir lielisks veids, lai b\u0113rns pats izveidotu savu pirmo m\u0101kslas darbu, dekor\u0113jot m\u012blo\u0161us dz\u012bvnieku \u0137erme\u0146us ar tintes spilventi\u0146u pal\u012bdz\u012bbu. Komplekt\u0101 ir pol\u0101r\u0101 t\u0113m\u0101 ar ilustr\u0101cij\u0101m no Zieme\u013cpola. Komplekt\u0101 ietilpst: 4 ilustr\u0113tas kart\u012btes 2 ergonomiski z\u012bmogi ar da\u017e\u0101diem rakstiem. Zilas tintes spilventi\u0146\u0161\" \/>\n<meta property=\"og:url\" content=\"https:\/\/hobstop.ee\/lv\/produkts\/zimogu-komplekts-maped-creativ-early-age-2\/\" \/>\n<meta property=\"og:site_name\" content=\"Skizze\" \/>\n<meta property=\"article:publisher\" content=\"http:\/\/www.facebook.com\/VunderSkizze\" \/>\n<meta property=\"og:image\" content=\"https:\/\/hobstop.ee\/media\/5338.jpg\" \/>\n\t<meta property=\"og:image:width\" content=\"1024\" \/>\n\t<meta property=\"og:image:height\" content=\"768\" \/>\n\t<meta property=\"og:image:type\" content=\"image\/jpeg\" \/>\n<meta name=\"twitter:card\" content=\"summary_large_image\" \/>\n<script type=\"application\/ld+json\" class=\"yoast-schema-graph\">{\"@context\":\"https:\/\/schema.org\",\"@graph\":[{\"@type\":\"WebPage\",\"@id\":\"https:\/\/hobstop.ee\/lv\/produkts\/zimogu-komplekts-maped-creativ-early-age-2\/\",\"url\":\"https:\/\/hobstop.ee\/lv\/produkts\/zimogu-komplekts-maped-creativ-early-age-2\/\",\"name\":\"Z\u012bmogu komplekts Maped Creativ Early Age &#8211; Skizze\",\"isPartOf\":{\"@id\":\"https:\/\/hobstop.ee\/lv\/#website\"},\"primaryImageOfPage\":{\"@id\":\"https:\/\/hobstop.ee\/lv\/produkts\/zimogu-komplekts-maped-creativ-early-age-2\/#primaryimage\"},\"image\":{\"@id\":\"https:\/\/hobstop.ee\/lv\/produkts\/zimogu-komplekts-maped-creativ-early-age-2\/#primaryimage\"},\"thumbnailUrl\":\"https:\/\/hobstop.ee\/media\/5338.jpg\",\"datePublished\":\"2021-08-06T13:00:51+00:00\",\"dateModified\":\"2021-08-06T13:00:51+00:00\",\"breadcrumb\":{\"@id\":\"https:\/\/hobstop.ee\/lv\/produkts\/zimogu-komplekts-maped-creativ-early-age-2\/#breadcrumb\"},\"inLanguage\":\"lv-LV\",\"potentialAction\":[{\"@type\":\"ReadAction\",\"target\":[\"https:\/\/hobstop.ee\/lv\/produkts\/zimogu-komplekts-maped-creativ-early-age-2\/\"]}]},{\"@type\":\"ImageObject\",\"inLanguage\":\"lv-LV\",\"@id\":\"https:\/\/hobstop.ee\/lv\/produkts\/zimogu-komplekts-maped-creativ-early-age-2\/#primaryimage\",\"url\":\"https:\/\/hobstop.ee\/media\/5338.jpg\",\"contentUrl\":\"https:\/\/hobstop.ee\/media\/5338.jpg\",\"width\":1024,\"height\":768},{\"@type\":\"BreadcrumbList\",\"@id\":\"https:\/\/hobstop.ee\/lv\/produkts\/zimogu-komplekts-maped-creativ-early-age-2\/#breadcrumb\",\"itemListElement\":[{\"@type\":\"ListItem\",\"position\":1,\"name\":\"Avaleht\",\"item\":\"https:\/\/www.hobstop.ee\/lv\/\"},{\"@type\":\"ListItem\",\"position\":2,\"name\":\"Veikals\",\"item\":\"https:\/\/www.hobstop.ee\/lv\/veikals\/\"},{\"@type\":\"ListItem\",\"position\":3,\"name\":\"Z\u012bmogu komplekts Maped Creativ Early Age\"}]},{\"@type\":\"WebSite\",\"@id\":\"https:\/\/hobstop.ee\/lv\/#website\",\"url\":\"https:\/\/hobstop.ee\/lv\/\",\"name\":\"Skizze\",\"description\":\"M\u0101kslas, hobiju un skolas preces\",\"publisher\":{\"@id\":\"https:\/\/hobstop.ee\/lv\/#organization\"},\"potentialAction\":[{\"@type\":\"SearchAction\",\"target\":{\"@type\":\"EntryPoint\",\"urlTemplate\":\"https:\/\/hobstop.ee\/lv\/?s={search_term_string}\"},\"query-input\":{\"@type\":\"PropertyValueSpecification\",\"valueRequired\":true,\"valueName\":\"search_term_string\"}}],\"inLanguage\":\"lv-LV\"},{\"@type\":\"Organization\",\"@id\":\"https:\/\/hobstop.ee\/lv\/#organization\",\"name\":\"Vunder AS\",\"url\":\"https:\/\/hobstop.ee\/lv\/\",\"logo\":{\"@type\":\"ImageObject\",\"inLanguage\":\"lv-LV\",\"@id\":\"https:\/\/hobstop.ee\/lv\/#\/schema\/logo\/image\/\",\"url\":\"https:\/\/hobstop.ee\/media\/vunder-logo.png\",\"contentUrl\":\"https:\/\/hobstop.ee\/media\/vunder-logo.png\",\"width\":127,\"height\":55,\"caption\":\"Vunder AS\"},\"image\":{\"@id\":\"https:\/\/hobstop.ee\/lv\/#\/schema\/logo\/image\/\"},\"sameAs\":[\"http:\/\/www.facebook.com\/VunderSkizze\"]}]}<\/script>\n<!-- \/ Yoast SEO plugin. -->","yoast_head_json":{"title":"Z\u012bmogu komplekts Maped Creativ Early Age &#8211; Skizze","robots":{"index":"noindex","follow":"follow","max-snippet":"max-snippet:-1","max-image-preview":"max-image-preview:large","max-video-preview":"max-video-preview:-1"},"og_locale":"lv_LV","og_type":"article","og_title":"Z\u012bmogu komplekts Maped Creativ Early Age &#8211; Skizze","og_description":"\u0160is Maped Creativ komplekts ir lielisks veids, lai b\u0113rns pats izveidotu savu pirmo m\u0101kslas darbu, dekor\u0113jot m\u012blo\u0161us dz\u012bvnieku \u0137erme\u0146us ar tintes spilventi\u0146u pal\u012bdz\u012bbu. Komplekt\u0101 ir pol\u0101r\u0101 t\u0113m\u0101 ar ilustr\u0101cij\u0101m no Zieme\u013cpola. Komplekt\u0101 ietilpst: 4 ilustr\u0113tas kart\u012btes 2 ergonomiski z\u012bmogi ar da\u017e\u0101diem rakstiem. Zilas tintes spilventi\u0146\u0161","og_url":"https:\/\/hobstop.ee\/lv\/produkts\/zimogu-komplekts-maped-creativ-early-age-2\/","og_site_name":"Skizze","article_publisher":"http:\/\/www.facebook.com\/VunderSkizze","og_image":[{"width":1024,"height":768,"url":"https:\/\/hobstop.ee\/media\/5338.jpg","type":"image\/jpeg"}],"twitter_card":"summary_large_image","schema":{"@context":"https:\/\/schema.org","@graph":[{"@type":"WebPage","@id":"https:\/\/hobstop.ee\/lv\/produkts\/zimogu-komplekts-maped-creativ-early-age-2\/","url":"https:\/\/hobstop.ee\/lv\/produkts\/zimogu-komplekts-maped-creativ-early-age-2\/","name":"Z\u012bmogu komplekts Maped Creativ Early Age &#8211; Skizze","isPartOf":{"@id":"https:\/\/hobstop.ee\/lv\/#website"},"primaryImageOfPage":{"@id":"https:\/\/hobstop.ee\/lv\/produkts\/zimogu-komplekts-maped-creativ-early-age-2\/#primaryimage"},"image":{"@id":"https:\/\/hobstop.ee\/lv\/produkts\/zimogu-komplekts-maped-creativ-early-age-2\/#primaryimage"},"thumbnailUrl":"https:\/\/hobstop.ee\/media\/5338.jpg","datePublished":"2021-08-06T13:00:51+00:00","dateModified":"2021-08-06T13:00:51+00:00","breadcrumb":{"@id":"https:\/\/hobstop.ee\/lv\/produkts\/zimogu-komplekts-maped-creativ-early-age-2\/#breadcrumb"},"inLanguage":"lv-LV","potentialAction":[{"@type":"ReadAction","target":["https:\/\/hobstop.ee\/lv\/produkts\/zimogu-komplekts-maped-creativ-early-age-2\/"]}]},{"@type":"ImageObject","inLanguage":"lv-LV","@id":"https:\/\/hobstop.ee\/lv\/produkts\/zimogu-komplekts-maped-creativ-early-age-2\/#primaryimage","url":"https:\/\/hobstop.ee\/media\/5338.jpg","contentUrl":"https:\/\/hobstop.ee\/media\/5338.jpg","width":1024,"height":768},{"@type":"BreadcrumbList","@id":"https:\/\/hobstop.ee\/lv\/produkts\/zimogu-komplekts-maped-creativ-early-age-2\/#breadcrumb","itemListElement":[{"@type":"ListItem","position":1,"name":"Avaleht","item":"https:\/\/www.hobstop.ee\/lv\/"},{"@type":"ListItem","position":2,"name":"Veikals","item":"https:\/\/www.hobstop.ee\/lv\/veikals\/"},{"@type":"ListItem","position":3,"name":"Z\u012bmogu komplekts Maped Creativ Early Age"}]},{"@type":"WebSite","@id":"https:\/\/hobstop.ee\/lv\/#website","url":"https:\/\/hobstop.ee\/lv\/","name":"Skizze","description":"M\u0101kslas, hobiju un skolas preces","publisher":{"@id":"https:\/\/hobstop.ee\/lv\/#organization"},"potentialAction":[{"@type":"SearchAction","target":{"@type":"EntryPoint","urlTemplate":"https:\/\/hobstop.ee\/lv\/?s={search_term_string}"},"query-input":{"@type":"PropertyValueSpecification","valueRequired":true,"valueName":"search_term_string"}}],"inLanguage":"lv-LV"},{"@type":"Organization","@id":"https:\/\/hobstop.ee\/lv\/#organization","name":"Vunder AS","url":"https:\/\/hobstop.ee\/lv\/","logo":{"@type":"ImageObject","inLanguage":"lv-LV","@id":"https:\/\/hobstop.ee\/lv\/#\/schema\/logo\/image\/","url":"https:\/\/hobstop.ee\/media\/vunder-logo.png","contentUrl":"https:\/\/hobstop.ee\/media\/vunder-logo.png","width":127,"height":55,"caption":"Vunder AS"},"image":{"@id":"https:\/\/hobstop.ee\/lv\/#\/schema\/logo\/image\/"},"sameAs":["http:\/\/www.facebook.com\/VunderSkizze"]}]}},"_links":{"self":[{"href":"https:\/\/hobstop.ee\/lv\/wp-json\/wp\/v2\/product\/342265","targetHints":{"allow":["GET"]}}],"collection":[{"href":"https:\/\/hobstop.ee\/lv\/wp-json\/wp\/v2\/product"}],"about":[{"href":"https:\/\/hobstop.ee\/lv\/wp-json\/wp\/v2\/types\/product"}],"replies":[{"embeddable":true,"href":"https:\/\/hobstop.ee\/lv\/wp-json\/wp\/v2\/comments?post=342265"}],"wp:featuredmedia":[{"embeddable":true,"href":"https:\/\/hobstop.ee\/lv\/wp-json\/wp\/v2\/media\/354567"}],"wp:attachment":[{"href":"https:\/\/hobstop.ee\/lv\/wp-json\/wp\/v2\/media?parent=342265"}],"wp:term":[{"taxonomy":"product_cat","embeddable":true,"href":"https:\/\/hobstop.ee\/lv\/wp-json\/wp\/v2\/product_cat?post=342265"},{"taxonomy":"product_tag","embeddable":true,"href":"https:\/\/hobstop.ee\/lv\/wp-json\/wp\/v2\/product_tag?post=342265"}],"curies":[{"name":"wp","href":"https:\/\/api.w.org\/{rel}","templated":true}]}}