{"id":342273,"date":"2021-08-06T16:00:23","date_gmt":"2021-08-06T13:00:23","guid":{"rendered":"https:\/\/sharks.ee\/vunder_2019\/?post_type=product&#038;p=342273"},"modified":"2021-08-06T16:00:23","modified_gmt":"2021-08-06T13:00:23","slug":"paliktnis-zimesanai-maped-creativ-textur-art","status":"publish","type":"product","link":"https:\/\/hobstop.ee\/lv\/produkts\/paliktnis-zimesanai-maped-creativ-textur-art\/","title":{"rendered":"Paliktnis z\u012bm\u0113\u0161anai Maped Creativ Textur Art"},"content":{"rendered":"<p>Jautra un ori\u0123in\u0101la z\u012bm\u0113\u0161anas t\u0101fele pasakainiem darbiem ar daudz\u0101m iesp\u0113jam\u0101m kombin\u0101cij\u0101m. B\u0113rns var kombin\u0113t da\u017e\u0101dus z\u012bm\u0113\u0161anas \u0161ablonus un izveidot pats savu m\u0101kslas darbu. Padariet kont\u016bru redzamu, berz\u0113jot, iekr\u0101sojiet, izmantojot tekst\u016bras, un darbs ir gatavs! \u0160is komplekts pal\u012bdz rad\u012bt z\u012bm\u0113jumus, kas patiks b\u0113rniem: pils, prin\u010du un prince\u0161u t\u0113mas. <\/p>\n<p>Komplekt\u0101 ietilpst:<br \/>\nZ\u012bm\u0113\u0161anas t\u0101fele<br \/>\n7 kr\u0101sainie kr\u012bti\u0146i<br \/>\n15 divpus\u0113jie \u0161abloni<br \/>\n9 kr\u0101sojamie \u0161abloni ar tekst\u016bru<br \/>\nA4 lapas 5 gab.<\/p>\n","protected":false},"excerpt":{"rendered":"<p>Jautra un ori\u0123in\u0101la z\u012bm\u0113\u0161anas t\u0101fele pasakainiem darbiem ar daudz\u0101m iesp\u0113jam\u0101m kombin\u0101cij\u0101m. B\u0113rns var kombin\u0113t da\u017e\u0101dus z\u012bm\u0113\u0161anas \u0161ablonus un izveidot pats savu m\u0101kslas darbu. Padariet kont\u016bru redzamu, berz\u0113jot, iekr\u0101sojiet, izmantojot tekst\u016bras, un darbs ir gatavs! \u0160is komplekts pal\u012bdz rad\u012bt z\u012bm\u0113jumus, kas patiks b\u0113rniem: pils, prin\u010du un prince\u0161u t\u0113mas. Komplekt\u0101 ietilpst: Z\u012bm\u0113\u0161anas t\u0101fele 7 kr\u0101sainie kr\u012bti\u0146i 15 divpus\u0113jie \u0161abloni 9 kr\u0101sojamie \u0161abloni ar tekst\u016bru A4 lapas 5 gab.<\/p>\n","protected":false},"featured_media":354555,"comment_status":"closed","ping_status":"closed","template":"","meta":{"_acf_changed":false,"ep_exclude_from_search":false},"product_cat":[20361],"product_tag":[],"class_list":{"0":"post-342273","1":"product","2":"type-product","3":"status-publish","4":"has-post-thumbnail","6":"product_cat-maaramata","8":"first","9":"instock","10":"taxable","11":"shipping-taxable","12":"product-type-simple"},"acf":[],"yoast_head":"<!-- This site is optimized with the Yoast SEO plugin v24.1 - https:\/\/yoast.com\/wordpress\/plugins\/seo\/ -->\n<title>Paliktnis z\u012bm\u0113\u0161anai Maped Creativ Textur Art &#8211; Skizze<\/title>\n<meta name=\"robots\" content=\"noindex, follow, max-snippet:-1, max-image-preview:large, max-video-preview:-1\" \/>\n<meta property=\"og:locale\" content=\"lv_LV\" \/>\n<meta property=\"og:type\" content=\"article\" \/>\n<meta property=\"og:title\" content=\"Paliktnis z\u012bm\u0113\u0161anai Maped Creativ Textur Art &#8211; Skizze\" \/>\n<meta property=\"og:description\" content=\"Jautra un ori\u0123in\u0101la z\u012bm\u0113\u0161anas t\u0101fele pasakainiem darbiem ar daudz\u0101m iesp\u0113jam\u0101m kombin\u0101cij\u0101m. B\u0113rns var kombin\u0113t da\u017e\u0101dus z\u012bm\u0113\u0161anas \u0161ablonus un izveidot pats savu m\u0101kslas darbu. Padariet kont\u016bru redzamu, berz\u0113jot, iekr\u0101sojiet, izmantojot tekst\u016bras, un darbs ir gatavs! \u0160is komplekts pal\u012bdz rad\u012bt z\u012bm\u0113jumus, kas patiks b\u0113rniem: pils, prin\u010du un prince\u0161u t\u0113mas. Komplekt\u0101 ietilpst: Z\u012bm\u0113\u0161anas t\u0101fele 7 kr\u0101sainie kr\u012bti\u0146i 15 divpus\u0113jie \u0161abloni 9 kr\u0101sojamie \u0161abloni ar tekst\u016bru A4 lapas 5 gab.\" \/>\n<meta property=\"og:url\" content=\"https:\/\/hobstop.ee\/lv\/produkts\/paliktnis-zimesanai-maped-creativ-textur-art\/\" \/>\n<meta property=\"og:site_name\" content=\"Skizze\" \/>\n<meta property=\"article:publisher\" content=\"http:\/\/www.facebook.com\/VunderSkizze\" \/>\n<meta property=\"og:image\" content=\"https:\/\/hobstop.ee\/media\/5340.jpg\" \/>\n\t<meta property=\"og:image:width\" content=\"1024\" \/>\n\t<meta property=\"og:image:height\" content=\"768\" \/>\n\t<meta property=\"og:image:type\" content=\"image\/jpeg\" \/>\n<meta name=\"twitter:card\" content=\"summary_large_image\" \/>\n<script type=\"application\/ld+json\" class=\"yoast-schema-graph\">{\"@context\":\"https:\/\/schema.org\",\"@graph\":[{\"@type\":\"WebPage\",\"@id\":\"https:\/\/hobstop.ee\/lv\/produkts\/paliktnis-zimesanai-maped-creativ-textur-art\/\",\"url\":\"https:\/\/hobstop.ee\/lv\/produkts\/paliktnis-zimesanai-maped-creativ-textur-art\/\",\"name\":\"Paliktnis z\u012bm\u0113\u0161anai Maped Creativ Textur Art &#8211; Skizze\",\"isPartOf\":{\"@id\":\"https:\/\/hobstop.ee\/lv\/#website\"},\"primaryImageOfPage\":{\"@id\":\"https:\/\/hobstop.ee\/lv\/produkts\/paliktnis-zimesanai-maped-creativ-textur-art\/#primaryimage\"},\"image\":{\"@id\":\"https:\/\/hobstop.ee\/lv\/produkts\/paliktnis-zimesanai-maped-creativ-textur-art\/#primaryimage\"},\"thumbnailUrl\":\"https:\/\/hobstop.ee\/media\/5340.jpg\",\"datePublished\":\"2021-08-06T13:00:23+00:00\",\"dateModified\":\"2021-08-06T13:00:23+00:00\",\"breadcrumb\":{\"@id\":\"https:\/\/hobstop.ee\/lv\/produkts\/paliktnis-zimesanai-maped-creativ-textur-art\/#breadcrumb\"},\"inLanguage\":\"lv-LV\",\"potentialAction\":[{\"@type\":\"ReadAction\",\"target\":[\"https:\/\/hobstop.ee\/lv\/produkts\/paliktnis-zimesanai-maped-creativ-textur-art\/\"]}]},{\"@type\":\"ImageObject\",\"inLanguage\":\"lv-LV\",\"@id\":\"https:\/\/hobstop.ee\/lv\/produkts\/paliktnis-zimesanai-maped-creativ-textur-art\/#primaryimage\",\"url\":\"https:\/\/hobstop.ee\/media\/5340.jpg\",\"contentUrl\":\"https:\/\/hobstop.ee\/media\/5340.jpg\",\"width\":1024,\"height\":768},{\"@type\":\"BreadcrumbList\",\"@id\":\"https:\/\/hobstop.ee\/lv\/produkts\/paliktnis-zimesanai-maped-creativ-textur-art\/#breadcrumb\",\"itemListElement\":[{\"@type\":\"ListItem\",\"position\":1,\"name\":\"Avaleht\",\"item\":\"https:\/\/www.hobstop.ee\/lv\/\"},{\"@type\":\"ListItem\",\"position\":2,\"name\":\"Veikals\",\"item\":\"https:\/\/www.hobstop.ee\/lv\/veikals\/\"},{\"@type\":\"ListItem\",\"position\":3,\"name\":\"Paliktnis z\u012bm\u0113\u0161anai Maped Creativ Textur Art\"}]},{\"@type\":\"WebSite\",\"@id\":\"https:\/\/hobstop.ee\/lv\/#website\",\"url\":\"https:\/\/hobstop.ee\/lv\/\",\"name\":\"Skizze\",\"description\":\"M\u0101kslas, hobiju un skolas preces\",\"publisher\":{\"@id\":\"https:\/\/hobstop.ee\/lv\/#organization\"},\"potentialAction\":[{\"@type\":\"SearchAction\",\"target\":{\"@type\":\"EntryPoint\",\"urlTemplate\":\"https:\/\/hobstop.ee\/lv\/?s={search_term_string}\"},\"query-input\":{\"@type\":\"PropertyValueSpecification\",\"valueRequired\":true,\"valueName\":\"search_term_string\"}}],\"inLanguage\":\"lv-LV\"},{\"@type\":\"Organization\",\"@id\":\"https:\/\/hobstop.ee\/lv\/#organization\",\"name\":\"Vunder AS\",\"url\":\"https:\/\/hobstop.ee\/lv\/\",\"logo\":{\"@type\":\"ImageObject\",\"inLanguage\":\"lv-LV\",\"@id\":\"https:\/\/hobstop.ee\/lv\/#\/schema\/logo\/image\/\",\"url\":\"https:\/\/hobstop.ee\/media\/vunder-logo.png\",\"contentUrl\":\"https:\/\/hobstop.ee\/media\/vunder-logo.png\",\"width\":127,\"height\":55,\"caption\":\"Vunder AS\"},\"image\":{\"@id\":\"https:\/\/hobstop.ee\/lv\/#\/schema\/logo\/image\/\"},\"sameAs\":[\"http:\/\/www.facebook.com\/VunderSkizze\"]}]}<\/script>\n<!-- \/ Yoast SEO plugin. -->","yoast_head_json":{"title":"Paliktnis z\u012bm\u0113\u0161anai Maped Creativ Textur Art &#8211; Skizze","robots":{"index":"noindex","follow":"follow","max-snippet":"max-snippet:-1","max-image-preview":"max-image-preview:large","max-video-preview":"max-video-preview:-1"},"og_locale":"lv_LV","og_type":"article","og_title":"Paliktnis z\u012bm\u0113\u0161anai Maped Creativ Textur Art &#8211; Skizze","og_description":"Jautra un ori\u0123in\u0101la z\u012bm\u0113\u0161anas t\u0101fele pasakainiem darbiem ar daudz\u0101m iesp\u0113jam\u0101m kombin\u0101cij\u0101m. B\u0113rns var kombin\u0113t da\u017e\u0101dus z\u012bm\u0113\u0161anas \u0161ablonus un izveidot pats savu m\u0101kslas darbu. Padariet kont\u016bru redzamu, berz\u0113jot, iekr\u0101sojiet, izmantojot tekst\u016bras, un darbs ir gatavs! \u0160is komplekts pal\u012bdz rad\u012bt z\u012bm\u0113jumus, kas patiks b\u0113rniem: pils, prin\u010du un prince\u0161u t\u0113mas. Komplekt\u0101 ietilpst: Z\u012bm\u0113\u0161anas t\u0101fele 7 kr\u0101sainie kr\u012bti\u0146i 15 divpus\u0113jie \u0161abloni 9 kr\u0101sojamie \u0161abloni ar tekst\u016bru A4 lapas 5 gab.","og_url":"https:\/\/hobstop.ee\/lv\/produkts\/paliktnis-zimesanai-maped-creativ-textur-art\/","og_site_name":"Skizze","article_publisher":"http:\/\/www.facebook.com\/VunderSkizze","og_image":[{"width":1024,"height":768,"url":"https:\/\/hobstop.ee\/media\/5340.jpg","type":"image\/jpeg"}],"twitter_card":"summary_large_image","schema":{"@context":"https:\/\/schema.org","@graph":[{"@type":"WebPage","@id":"https:\/\/hobstop.ee\/lv\/produkts\/paliktnis-zimesanai-maped-creativ-textur-art\/","url":"https:\/\/hobstop.ee\/lv\/produkts\/paliktnis-zimesanai-maped-creativ-textur-art\/","name":"Paliktnis z\u012bm\u0113\u0161anai Maped Creativ Textur Art &#8211; Skizze","isPartOf":{"@id":"https:\/\/hobstop.ee\/lv\/#website"},"primaryImageOfPage":{"@id":"https:\/\/hobstop.ee\/lv\/produkts\/paliktnis-zimesanai-maped-creativ-textur-art\/#primaryimage"},"image":{"@id":"https:\/\/hobstop.ee\/lv\/produkts\/paliktnis-zimesanai-maped-creativ-textur-art\/#primaryimage"},"thumbnailUrl":"https:\/\/hobstop.ee\/media\/5340.jpg","datePublished":"2021-08-06T13:00:23+00:00","dateModified":"2021-08-06T13:00:23+00:00","breadcrumb":{"@id":"https:\/\/hobstop.ee\/lv\/produkts\/paliktnis-zimesanai-maped-creativ-textur-art\/#breadcrumb"},"inLanguage":"lv-LV","potentialAction":[{"@type":"ReadAction","target":["https:\/\/hobstop.ee\/lv\/produkts\/paliktnis-zimesanai-maped-creativ-textur-art\/"]}]},{"@type":"ImageObject","inLanguage":"lv-LV","@id":"https:\/\/hobstop.ee\/lv\/produkts\/paliktnis-zimesanai-maped-creativ-textur-art\/#primaryimage","url":"https:\/\/hobstop.ee\/media\/5340.jpg","contentUrl":"https:\/\/hobstop.ee\/media\/5340.jpg","width":1024,"height":768},{"@type":"BreadcrumbList","@id":"https:\/\/hobstop.ee\/lv\/produkts\/paliktnis-zimesanai-maped-creativ-textur-art\/#breadcrumb","itemListElement":[{"@type":"ListItem","position":1,"name":"Avaleht","item":"https:\/\/www.hobstop.ee\/lv\/"},{"@type":"ListItem","position":2,"name":"Veikals","item":"https:\/\/www.hobstop.ee\/lv\/veikals\/"},{"@type":"ListItem","position":3,"name":"Paliktnis z\u012bm\u0113\u0161anai Maped Creativ Textur Art"}]},{"@type":"WebSite","@id":"https:\/\/hobstop.ee\/lv\/#website","url":"https:\/\/hobstop.ee\/lv\/","name":"Skizze","description":"M\u0101kslas, hobiju un skolas preces","publisher":{"@id":"https:\/\/hobstop.ee\/lv\/#organization"},"potentialAction":[{"@type":"SearchAction","target":{"@type":"EntryPoint","urlTemplate":"https:\/\/hobstop.ee\/lv\/?s={search_term_string}"},"query-input":{"@type":"PropertyValueSpecification","valueRequired":true,"valueName":"search_term_string"}}],"inLanguage":"lv-LV"},{"@type":"Organization","@id":"https:\/\/hobstop.ee\/lv\/#organization","name":"Vunder AS","url":"https:\/\/hobstop.ee\/lv\/","logo":{"@type":"ImageObject","inLanguage":"lv-LV","@id":"https:\/\/hobstop.ee\/lv\/#\/schema\/logo\/image\/","url":"https:\/\/hobstop.ee\/media\/vunder-logo.png","contentUrl":"https:\/\/hobstop.ee\/media\/vunder-logo.png","width":127,"height":55,"caption":"Vunder AS"},"image":{"@id":"https:\/\/hobstop.ee\/lv\/#\/schema\/logo\/image\/"},"sameAs":["http:\/\/www.facebook.com\/VunderSkizze"]}]}},"_links":{"self":[{"href":"https:\/\/hobstop.ee\/lv\/wp-json\/wp\/v2\/product\/342273","targetHints":{"allow":["GET"]}}],"collection":[{"href":"https:\/\/hobstop.ee\/lv\/wp-json\/wp\/v2\/product"}],"about":[{"href":"https:\/\/hobstop.ee\/lv\/wp-json\/wp\/v2\/types\/product"}],"replies":[{"embeddable":true,"href":"https:\/\/hobstop.ee\/lv\/wp-json\/wp\/v2\/comments?post=342273"}],"wp:featuredmedia":[{"embeddable":true,"href":"https:\/\/hobstop.ee\/lv\/wp-json\/wp\/v2\/media\/354555"}],"wp:attachment":[{"href":"https:\/\/hobstop.ee\/lv\/wp-json\/wp\/v2\/media?parent=342273"}],"wp:term":[{"taxonomy":"product_cat","embeddable":true,"href":"https:\/\/hobstop.ee\/lv\/wp-json\/wp\/v2\/product_cat?post=342273"},{"taxonomy":"product_tag","embeddable":true,"href":"https:\/\/hobstop.ee\/lv\/wp-json\/wp\/v2\/product_tag?post=342273"}],"curies":[{"name":"wp","href":"https:\/\/api.w.org\/{rel}","templated":true}]}}