{"id":342277,"date":"2021-08-06T16:00:10","date_gmt":"2021-08-06T13:00:10","guid":{"rendered":"https:\/\/sharks.ee\/vunder_2019\/?post_type=product&#038;p=342277"},"modified":"2021-08-06T16:00:10","modified_gmt":"2021-08-06T13:00:10","slug":"pusamie-flomasteri-komplekts-maped-creativ-blow-pen","status":"publish","type":"product","link":"https:\/\/hobstop.ee\/lv\/produkts\/pusamie-flomasteri-komplekts-maped-creativ-blow-pen\/","title":{"rendered":"P\u016b\u0161amie flomasteri komplekts Maped Creativ Blow Pen"},"content":{"rendered":"<p>\u0160aj\u0101 Blowpen Art komplekt\u0101 ir elpu aizraujo\u0161a kr\u0101su palete! Maped Creativ Blowpen pied\u0101v\u0101 jaunu kr\u0101so\u0161anas veidu, p\u016b\u0161ot tinti. Tas ir \u013coti viegli izmantojams, jo elast\u012bg\u0101 caurule nodro\u0161ina nevainojamu kust\u012bbas br\u012bv\u012bbu. Atk\u0101rtoti uzpild\u0101mi ar Maped Color\u2019Peps Jungle flom\u0101steriem <\/p>\n<p>Komplekt\u0101 ietilpst:<br \/>\n2 pulverizatora piederumi<br \/>\n24 Jumbo flom\u0101steri<br \/>\nA5 lapas 5 gab.<\/p>\n","protected":false},"excerpt":{"rendered":"<p>\u0160aj\u0101 Blowpen Art komplekt\u0101 ir elpu aizraujo\u0161a kr\u0101su palete! Maped Creativ Blowpen pied\u0101v\u0101 jaunu kr\u0101so\u0161anas veidu, p\u016b\u0161ot tinti. Tas ir \u013coti viegli izmantojams, jo elast\u012bg\u0101 caurule nodro\u0161ina nevainojamu kust\u012bbas br\u012bv\u012bbu. Atk\u0101rtoti uzpild\u0101mi ar Maped Color\u2019Peps Jungle flom\u0101steriem Komplekt\u0101 ietilpst: 2 pulverizatora piederumi 24 Jumbo flom\u0101steri A5 lapas 5 gab.<\/p>\n","protected":false},"featured_media":354551,"comment_status":"closed","ping_status":"closed","template":"","meta":{"_acf_changed":false,"ep_exclude_from_search":false},"product_cat":[20361],"product_tag":[],"class_list":{"0":"post-342277","1":"product","2":"type-product","3":"status-publish","4":"has-post-thumbnail","6":"product_cat-maaramata","8":"first","9":"instock","10":"taxable","11":"shipping-taxable","12":"product-type-simple"},"acf":[],"yoast_head":"<!-- This site is optimized with the Yoast SEO plugin v24.1 - https:\/\/yoast.com\/wordpress\/plugins\/seo\/ -->\n<title>P\u016b\u0161amie flomasteri komplekts Maped Creativ Blow Pen &#8211; Skizze<\/title>\n<meta name=\"robots\" content=\"noindex, follow, max-snippet:-1, max-image-preview:large, max-video-preview:-1\" \/>\n<meta property=\"og:locale\" content=\"lv_LV\" \/>\n<meta property=\"og:type\" content=\"article\" \/>\n<meta property=\"og:title\" content=\"P\u016b\u0161amie flomasteri komplekts Maped Creativ Blow Pen &#8211; Skizze\" \/>\n<meta property=\"og:description\" content=\"\u0160aj\u0101 Blowpen Art komplekt\u0101 ir elpu aizraujo\u0161a kr\u0101su palete! Maped Creativ Blowpen pied\u0101v\u0101 jaunu kr\u0101so\u0161anas veidu, p\u016b\u0161ot tinti. Tas ir \u013coti viegli izmantojams, jo elast\u012bg\u0101 caurule nodro\u0161ina nevainojamu kust\u012bbas br\u012bv\u012bbu. Atk\u0101rtoti uzpild\u0101mi ar Maped Color\u2019Peps Jungle flom\u0101steriem Komplekt\u0101 ietilpst: 2 pulverizatora piederumi 24 Jumbo flom\u0101steri A5 lapas 5 gab.\" \/>\n<meta property=\"og:url\" content=\"https:\/\/hobstop.ee\/lv\/produkts\/pusamie-flomasteri-komplekts-maped-creativ-blow-pen\/\" \/>\n<meta property=\"og:site_name\" content=\"Skizze\" \/>\n<meta property=\"article:publisher\" content=\"http:\/\/www.facebook.com\/VunderSkizze\" \/>\n<meta property=\"og:image\" content=\"https:\/\/hobstop.ee\/media\/5341.jpg\" \/>\n\t<meta property=\"og:image:width\" content=\"1024\" \/>\n\t<meta property=\"og:image:height\" content=\"768\" \/>\n\t<meta property=\"og:image:type\" content=\"image\/jpeg\" \/>\n<meta name=\"twitter:card\" content=\"summary_large_image\" \/>\n<script type=\"application\/ld+json\" class=\"yoast-schema-graph\">{\"@context\":\"https:\/\/schema.org\",\"@graph\":[{\"@type\":\"WebPage\",\"@id\":\"https:\/\/hobstop.ee\/lv\/produkts\/pusamie-flomasteri-komplekts-maped-creativ-blow-pen\/\",\"url\":\"https:\/\/hobstop.ee\/lv\/produkts\/pusamie-flomasteri-komplekts-maped-creativ-blow-pen\/\",\"name\":\"P\u016b\u0161amie flomasteri komplekts Maped Creativ Blow Pen &#8211; Skizze\",\"isPartOf\":{\"@id\":\"https:\/\/hobstop.ee\/lv\/#website\"},\"primaryImageOfPage\":{\"@id\":\"https:\/\/hobstop.ee\/lv\/produkts\/pusamie-flomasteri-komplekts-maped-creativ-blow-pen\/#primaryimage\"},\"image\":{\"@id\":\"https:\/\/hobstop.ee\/lv\/produkts\/pusamie-flomasteri-komplekts-maped-creativ-blow-pen\/#primaryimage\"},\"thumbnailUrl\":\"https:\/\/hobstop.ee\/media\/5341.jpg\",\"datePublished\":\"2021-08-06T13:00:10+00:00\",\"dateModified\":\"2021-08-06T13:00:10+00:00\",\"breadcrumb\":{\"@id\":\"https:\/\/hobstop.ee\/lv\/produkts\/pusamie-flomasteri-komplekts-maped-creativ-blow-pen\/#breadcrumb\"},\"inLanguage\":\"lv-LV\",\"potentialAction\":[{\"@type\":\"ReadAction\",\"target\":[\"https:\/\/hobstop.ee\/lv\/produkts\/pusamie-flomasteri-komplekts-maped-creativ-blow-pen\/\"]}]},{\"@type\":\"ImageObject\",\"inLanguage\":\"lv-LV\",\"@id\":\"https:\/\/hobstop.ee\/lv\/produkts\/pusamie-flomasteri-komplekts-maped-creativ-blow-pen\/#primaryimage\",\"url\":\"https:\/\/hobstop.ee\/media\/5341.jpg\",\"contentUrl\":\"https:\/\/hobstop.ee\/media\/5341.jpg\",\"width\":1024,\"height\":768},{\"@type\":\"BreadcrumbList\",\"@id\":\"https:\/\/hobstop.ee\/lv\/produkts\/pusamie-flomasteri-komplekts-maped-creativ-blow-pen\/#breadcrumb\",\"itemListElement\":[{\"@type\":\"ListItem\",\"position\":1,\"name\":\"Avaleht\",\"item\":\"https:\/\/www.hobstop.ee\/lv\/\"},{\"@type\":\"ListItem\",\"position\":2,\"name\":\"Veikals\",\"item\":\"https:\/\/www.hobstop.ee\/lv\/veikals\/\"},{\"@type\":\"ListItem\",\"position\":3,\"name\":\"P\u016b\u0161amie flomasteri komplekts Maped Creativ Blow Pen\"}]},{\"@type\":\"WebSite\",\"@id\":\"https:\/\/hobstop.ee\/lv\/#website\",\"url\":\"https:\/\/hobstop.ee\/lv\/\",\"name\":\"Skizze\",\"description\":\"M\u0101kslas, hobiju un skolas preces\",\"publisher\":{\"@id\":\"https:\/\/hobstop.ee\/lv\/#organization\"},\"potentialAction\":[{\"@type\":\"SearchAction\",\"target\":{\"@type\":\"EntryPoint\",\"urlTemplate\":\"https:\/\/hobstop.ee\/lv\/?s={search_term_string}\"},\"query-input\":{\"@type\":\"PropertyValueSpecification\",\"valueRequired\":true,\"valueName\":\"search_term_string\"}}],\"inLanguage\":\"lv-LV\"},{\"@type\":\"Organization\",\"@id\":\"https:\/\/hobstop.ee\/lv\/#organization\",\"name\":\"Vunder AS\",\"url\":\"https:\/\/hobstop.ee\/lv\/\",\"logo\":{\"@type\":\"ImageObject\",\"inLanguage\":\"lv-LV\",\"@id\":\"https:\/\/hobstop.ee\/lv\/#\/schema\/logo\/image\/\",\"url\":\"https:\/\/hobstop.ee\/media\/vunder-logo.png\",\"contentUrl\":\"https:\/\/hobstop.ee\/media\/vunder-logo.png\",\"width\":127,\"height\":55,\"caption\":\"Vunder AS\"},\"image\":{\"@id\":\"https:\/\/hobstop.ee\/lv\/#\/schema\/logo\/image\/\"},\"sameAs\":[\"http:\/\/www.facebook.com\/VunderSkizze\"]}]}<\/script>\n<!-- \/ Yoast SEO plugin. -->","yoast_head_json":{"title":"P\u016b\u0161amie flomasteri komplekts Maped Creativ Blow Pen &#8211; Skizze","robots":{"index":"noindex","follow":"follow","max-snippet":"max-snippet:-1","max-image-preview":"max-image-preview:large","max-video-preview":"max-video-preview:-1"},"og_locale":"lv_LV","og_type":"article","og_title":"P\u016b\u0161amie flomasteri komplekts Maped Creativ Blow Pen &#8211; Skizze","og_description":"\u0160aj\u0101 Blowpen Art komplekt\u0101 ir elpu aizraujo\u0161a kr\u0101su palete! Maped Creativ Blowpen pied\u0101v\u0101 jaunu kr\u0101so\u0161anas veidu, p\u016b\u0161ot tinti. Tas ir \u013coti viegli izmantojams, jo elast\u012bg\u0101 caurule nodro\u0161ina nevainojamu kust\u012bbas br\u012bv\u012bbu. Atk\u0101rtoti uzpild\u0101mi ar Maped Color\u2019Peps Jungle flom\u0101steriem Komplekt\u0101 ietilpst: 2 pulverizatora piederumi 24 Jumbo flom\u0101steri A5 lapas 5 gab.","og_url":"https:\/\/hobstop.ee\/lv\/produkts\/pusamie-flomasteri-komplekts-maped-creativ-blow-pen\/","og_site_name":"Skizze","article_publisher":"http:\/\/www.facebook.com\/VunderSkizze","og_image":[{"width":1024,"height":768,"url":"https:\/\/hobstop.ee\/media\/5341.jpg","type":"image\/jpeg"}],"twitter_card":"summary_large_image","schema":{"@context":"https:\/\/schema.org","@graph":[{"@type":"WebPage","@id":"https:\/\/hobstop.ee\/lv\/produkts\/pusamie-flomasteri-komplekts-maped-creativ-blow-pen\/","url":"https:\/\/hobstop.ee\/lv\/produkts\/pusamie-flomasteri-komplekts-maped-creativ-blow-pen\/","name":"P\u016b\u0161amie flomasteri komplekts Maped Creativ Blow Pen &#8211; Skizze","isPartOf":{"@id":"https:\/\/hobstop.ee\/lv\/#website"},"primaryImageOfPage":{"@id":"https:\/\/hobstop.ee\/lv\/produkts\/pusamie-flomasteri-komplekts-maped-creativ-blow-pen\/#primaryimage"},"image":{"@id":"https:\/\/hobstop.ee\/lv\/produkts\/pusamie-flomasteri-komplekts-maped-creativ-blow-pen\/#primaryimage"},"thumbnailUrl":"https:\/\/hobstop.ee\/media\/5341.jpg","datePublished":"2021-08-06T13:00:10+00:00","dateModified":"2021-08-06T13:00:10+00:00","breadcrumb":{"@id":"https:\/\/hobstop.ee\/lv\/produkts\/pusamie-flomasteri-komplekts-maped-creativ-blow-pen\/#breadcrumb"},"inLanguage":"lv-LV","potentialAction":[{"@type":"ReadAction","target":["https:\/\/hobstop.ee\/lv\/produkts\/pusamie-flomasteri-komplekts-maped-creativ-blow-pen\/"]}]},{"@type":"ImageObject","inLanguage":"lv-LV","@id":"https:\/\/hobstop.ee\/lv\/produkts\/pusamie-flomasteri-komplekts-maped-creativ-blow-pen\/#primaryimage","url":"https:\/\/hobstop.ee\/media\/5341.jpg","contentUrl":"https:\/\/hobstop.ee\/media\/5341.jpg","width":1024,"height":768},{"@type":"BreadcrumbList","@id":"https:\/\/hobstop.ee\/lv\/produkts\/pusamie-flomasteri-komplekts-maped-creativ-blow-pen\/#breadcrumb","itemListElement":[{"@type":"ListItem","position":1,"name":"Avaleht","item":"https:\/\/www.hobstop.ee\/lv\/"},{"@type":"ListItem","position":2,"name":"Veikals","item":"https:\/\/www.hobstop.ee\/lv\/veikals\/"},{"@type":"ListItem","position":3,"name":"P\u016b\u0161amie flomasteri komplekts Maped Creativ Blow Pen"}]},{"@type":"WebSite","@id":"https:\/\/hobstop.ee\/lv\/#website","url":"https:\/\/hobstop.ee\/lv\/","name":"Skizze","description":"M\u0101kslas, hobiju un skolas preces","publisher":{"@id":"https:\/\/hobstop.ee\/lv\/#organization"},"potentialAction":[{"@type":"SearchAction","target":{"@type":"EntryPoint","urlTemplate":"https:\/\/hobstop.ee\/lv\/?s={search_term_string}"},"query-input":{"@type":"PropertyValueSpecification","valueRequired":true,"valueName":"search_term_string"}}],"inLanguage":"lv-LV"},{"@type":"Organization","@id":"https:\/\/hobstop.ee\/lv\/#organization","name":"Vunder AS","url":"https:\/\/hobstop.ee\/lv\/","logo":{"@type":"ImageObject","inLanguage":"lv-LV","@id":"https:\/\/hobstop.ee\/lv\/#\/schema\/logo\/image\/","url":"https:\/\/hobstop.ee\/media\/vunder-logo.png","contentUrl":"https:\/\/hobstop.ee\/media\/vunder-logo.png","width":127,"height":55,"caption":"Vunder AS"},"image":{"@id":"https:\/\/hobstop.ee\/lv\/#\/schema\/logo\/image\/"},"sameAs":["http:\/\/www.facebook.com\/VunderSkizze"]}]}},"_links":{"self":[{"href":"https:\/\/hobstop.ee\/lv\/wp-json\/wp\/v2\/product\/342277","targetHints":{"allow":["GET"]}}],"collection":[{"href":"https:\/\/hobstop.ee\/lv\/wp-json\/wp\/v2\/product"}],"about":[{"href":"https:\/\/hobstop.ee\/lv\/wp-json\/wp\/v2\/types\/product"}],"replies":[{"embeddable":true,"href":"https:\/\/hobstop.ee\/lv\/wp-json\/wp\/v2\/comments?post=342277"}],"wp:featuredmedia":[{"embeddable":true,"href":"https:\/\/hobstop.ee\/lv\/wp-json\/wp\/v2\/media\/354551"}],"wp:attachment":[{"href":"https:\/\/hobstop.ee\/lv\/wp-json\/wp\/v2\/media?parent=342277"}],"wp:term":[{"taxonomy":"product_cat","embeddable":true,"href":"https:\/\/hobstop.ee\/lv\/wp-json\/wp\/v2\/product_cat?post=342277"},{"taxonomy":"product_tag","embeddable":true,"href":"https:\/\/hobstop.ee\/lv\/wp-json\/wp\/v2\/product_tag?post=342277"}],"curies":[{"name":"wp","href":"https:\/\/api.w.org\/{rel}","templated":true}]}}