{"id":342289,"date":"2021-08-06T16:13:50","date_gmt":"2021-08-06T13:13:50","guid":{"rendered":"https:\/\/sharks.ee\/vunder_2019\/?post_type=product&#038;p=342289"},"modified":"2021-08-06T16:14:03","modified_gmt":"2021-08-06T13:14:03","slug":"ellas-pastelkritini-atskaidami-ar-udeni-mg-arts","status":"publish","type":"product","link":"https:\/\/hobstop.ee\/lv\/produkts\/ellas-pastelkritini-atskaidami-ar-udeni-mg-arts\/","title":{"rendered":"E\u013c\u013cas paste\u013ckr\u012bti\u0146i at\u0161\u0137aid\u0101mi ar \u016bdeni M&#038;G Arts"},"content":{"rendered":"<p>M&#038;G \u016bden\u012b \u0161\u0137\u012bsto\u0161ie e\u013c\u013cas paste\u013ci ir paredz\u0113ti m\u0101kslas cien\u012bt\u0101jiem, kuri nov\u0113rt\u0113 augstas kvalit\u0101tes m\u0101kslas materi\u0101lus par pie\u0146emamu cenu, lai eksperiment\u0113tu ar jaun\u0101m rado\u0161aj\u0101m izpausm\u0113m. \u0160iem e\u013c\u013cas paste\u013ciem ir m\u012bksta tekst\u016bra, un tie lieliski kl\u0101jas, uz pap\u012bra tie kl\u0101jas vienm\u0113r\u012bgi, \u013caujot viegli izveidot jaunas un interesantas virsmas. Pigmenti ir \u016bden\u012b \u0161\u0137\u012bsto\u0161i, t\u0101p\u0113c l\u012bnijas var veidot gai\u0161\u0101kas, iejaukt fon\u0101 vai padar\u012bt glud\u0101kas jau rad\u012bt\u0101s virsmas.<\/p>\n","protected":false},"excerpt":{"rendered":"<p>M&#038;G \u016bden\u012b \u0161\u0137\u012bsto\u0161ie e\u013c\u013cas paste\u013ci ir paredz\u0113ti m\u0101kslas cien\u012bt\u0101jiem, kuri nov\u0113rt\u0113 augstas kvalit\u0101tes m\u0101kslas materi\u0101lus par pie\u0146emamu cenu, lai eksperiment\u0113tu ar jaun\u0101m rado\u0161aj\u0101m izpausm\u0113m. \u0160iem e\u013c\u013cas paste\u013ciem ir m\u012bksta tekst\u016bra, un tie lieliski kl\u0101jas, uz pap\u012bra tie kl\u0101jas vienm\u0113r\u012bgi, \u013caujot viegli izveidot jaunas un interesantas virsmas. Pigmenti ir \u016bden\u012b \u0161\u0137\u012bsto\u0161i, t\u0101p\u0113c l\u012bnijas var veidot gai\u0161\u0101kas, iejaukt fon\u0101 vai padar\u012bt glud\u0101kas jau rad\u012bt\u0101s virsmas.<\/p>\n","protected":false},"featured_media":354679,"comment_status":"closed","ping_status":"closed","template":"","meta":{"_acf_changed":false,"ep_exclude_from_search":false},"product_cat":[20361],"product_tag":[],"class_list":{"0":"post-342289","1":"product","2":"type-product","3":"status-publish","4":"has-post-thumbnail","6":"product_cat-maaramata","8":"first","9":"instock","10":"taxable","11":"shipping-taxable","12":"product-type-simple"},"acf":[],"yoast_head":"<!-- This site is optimized with the Yoast SEO plugin v24.1 - https:\/\/yoast.com\/wordpress\/plugins\/seo\/ -->\n<title>E\u013c\u013cas paste\u013ckr\u012bti\u0146i at\u0161\u0137aid\u0101mi ar \u016bdeni M&amp;G Arts &#8211; Skizze<\/title>\n<meta name=\"robots\" content=\"noindex, follow, max-snippet:-1, max-image-preview:large, max-video-preview:-1\" \/>\n<meta property=\"og:locale\" content=\"lv_LV\" \/>\n<meta property=\"og:type\" content=\"article\" \/>\n<meta property=\"og:title\" content=\"E\u013c\u013cas paste\u013ckr\u012bti\u0146i at\u0161\u0137aid\u0101mi ar \u016bdeni M&amp;G Arts &#8211; Skizze\" \/>\n<meta property=\"og:description\" content=\"M&#038;G \u016bden\u012b \u0161\u0137\u012bsto\u0161ie e\u013c\u013cas paste\u013ci ir paredz\u0113ti m\u0101kslas cien\u012bt\u0101jiem, kuri nov\u0113rt\u0113 augstas kvalit\u0101tes m\u0101kslas materi\u0101lus par pie\u0146emamu cenu, lai eksperiment\u0113tu ar jaun\u0101m rado\u0161aj\u0101m izpausm\u0113m. \u0160iem e\u013c\u013cas paste\u013ciem ir m\u012bksta tekst\u016bra, un tie lieliski kl\u0101jas, uz pap\u012bra tie kl\u0101jas vienm\u0113r\u012bgi, \u013caujot viegli izveidot jaunas un interesantas virsmas. Pigmenti ir \u016bden\u012b \u0161\u0137\u012bsto\u0161i, t\u0101p\u0113c l\u012bnijas var veidot gai\u0161\u0101kas, iejaukt fon\u0101 vai padar\u012bt glud\u0101kas jau rad\u012bt\u0101s virsmas.\" \/>\n<meta property=\"og:url\" content=\"https:\/\/hobstop.ee\/lv\/produkts\/ellas-pastelkritini-atskaidami-ar-udeni-mg-arts\/\" \/>\n<meta property=\"og:site_name\" content=\"Skizze\" \/>\n<meta property=\"article:publisher\" content=\"http:\/\/www.facebook.com\/VunderSkizze\" \/>\n<meta property=\"article:modified_time\" content=\"2021-08-06T13:14:03+00:00\" \/>\n<meta property=\"og:image\" content=\"https:\/\/hobstop.ee\/media\/5347.jpg\" \/>\n\t<meta property=\"og:image:width\" content=\"1024\" \/>\n\t<meta property=\"og:image:height\" content=\"768\" \/>\n\t<meta property=\"og:image:type\" content=\"image\/jpeg\" \/>\n<meta name=\"twitter:card\" content=\"summary_large_image\" \/>\n<script type=\"application\/ld+json\" class=\"yoast-schema-graph\">{\"@context\":\"https:\/\/schema.org\",\"@graph\":[{\"@type\":\"WebPage\",\"@id\":\"https:\/\/hobstop.ee\/lv\/produkts\/ellas-pastelkritini-atskaidami-ar-udeni-mg-arts\/\",\"url\":\"https:\/\/hobstop.ee\/lv\/produkts\/ellas-pastelkritini-atskaidami-ar-udeni-mg-arts\/\",\"name\":\"E\u013c\u013cas paste\u013ckr\u012bti\u0146i at\u0161\u0137aid\u0101mi ar \u016bdeni M&G Arts &#8211; Skizze\",\"isPartOf\":{\"@id\":\"https:\/\/hobstop.ee\/lv\/#website\"},\"primaryImageOfPage\":{\"@id\":\"https:\/\/hobstop.ee\/lv\/produkts\/ellas-pastelkritini-atskaidami-ar-udeni-mg-arts\/#primaryimage\"},\"image\":{\"@id\":\"https:\/\/hobstop.ee\/lv\/produkts\/ellas-pastelkritini-atskaidami-ar-udeni-mg-arts\/#primaryimage\"},\"thumbnailUrl\":\"https:\/\/hobstop.ee\/media\/5347.jpg\",\"datePublished\":\"2021-08-06T13:13:50+00:00\",\"dateModified\":\"2021-08-06T13:14:03+00:00\",\"breadcrumb\":{\"@id\":\"https:\/\/hobstop.ee\/lv\/produkts\/ellas-pastelkritini-atskaidami-ar-udeni-mg-arts\/#breadcrumb\"},\"inLanguage\":\"lv-LV\",\"potentialAction\":[{\"@type\":\"ReadAction\",\"target\":[\"https:\/\/hobstop.ee\/lv\/produkts\/ellas-pastelkritini-atskaidami-ar-udeni-mg-arts\/\"]}]},{\"@type\":\"ImageObject\",\"inLanguage\":\"lv-LV\",\"@id\":\"https:\/\/hobstop.ee\/lv\/produkts\/ellas-pastelkritini-atskaidami-ar-udeni-mg-arts\/#primaryimage\",\"url\":\"https:\/\/hobstop.ee\/media\/5347.jpg\",\"contentUrl\":\"https:\/\/hobstop.ee\/media\/5347.jpg\",\"width\":1024,\"height\":768},{\"@type\":\"BreadcrumbList\",\"@id\":\"https:\/\/hobstop.ee\/lv\/produkts\/ellas-pastelkritini-atskaidami-ar-udeni-mg-arts\/#breadcrumb\",\"itemListElement\":[{\"@type\":\"ListItem\",\"position\":1,\"name\":\"Avaleht\",\"item\":\"https:\/\/hobstop.ee\/lv\/\"},{\"@type\":\"ListItem\",\"position\":2,\"name\":\"Veikals\",\"item\":\"https:\/\/hobstop.ee\/lv\/veikals\/\"},{\"@type\":\"ListItem\",\"position\":3,\"name\":\"E\u013c\u013cas paste\u013ckr\u012bti\u0146i at\u0161\u0137aid\u0101mi ar \u016bdeni M&#038;G Arts\"}]},{\"@type\":\"WebSite\",\"@id\":\"https:\/\/hobstop.ee\/lv\/#website\",\"url\":\"https:\/\/hobstop.ee\/lv\/\",\"name\":\"Skizze\",\"description\":\"M\u0101kslas, hobiju un skolas preces\",\"publisher\":{\"@id\":\"https:\/\/hobstop.ee\/lv\/#organization\"},\"potentialAction\":[{\"@type\":\"SearchAction\",\"target\":{\"@type\":\"EntryPoint\",\"urlTemplate\":\"https:\/\/hobstop.ee\/lv\/?s={search_term_string}\"},\"query-input\":{\"@type\":\"PropertyValueSpecification\",\"valueRequired\":true,\"valueName\":\"search_term_string\"}}],\"inLanguage\":\"lv-LV\"},{\"@type\":\"Organization\",\"@id\":\"https:\/\/hobstop.ee\/lv\/#organization\",\"name\":\"Vunder AS\",\"url\":\"https:\/\/hobstop.ee\/lv\/\",\"logo\":{\"@type\":\"ImageObject\",\"inLanguage\":\"lv-LV\",\"@id\":\"https:\/\/hobstop.ee\/lv\/#\/schema\/logo\/image\/\",\"url\":\"https:\/\/hobstop.ee\/media\/vunder-logo.png\",\"contentUrl\":\"https:\/\/hobstop.ee\/media\/vunder-logo.png\",\"width\":127,\"height\":55,\"caption\":\"Vunder AS\"},\"image\":{\"@id\":\"https:\/\/hobstop.ee\/lv\/#\/schema\/logo\/image\/\"},\"sameAs\":[\"http:\/\/www.facebook.com\/VunderSkizze\"]}]}<\/script>\n<!-- \/ Yoast SEO plugin. -->","yoast_head_json":{"title":"E\u013c\u013cas paste\u013ckr\u012bti\u0146i at\u0161\u0137aid\u0101mi ar \u016bdeni M&G Arts &#8211; Skizze","robots":{"index":"noindex","follow":"follow","max-snippet":"max-snippet:-1","max-image-preview":"max-image-preview:large","max-video-preview":"max-video-preview:-1"},"og_locale":"lv_LV","og_type":"article","og_title":"E\u013c\u013cas paste\u013ckr\u012bti\u0146i at\u0161\u0137aid\u0101mi ar \u016bdeni M&G Arts &#8211; Skizze","og_description":"M&#038;G \u016bden\u012b \u0161\u0137\u012bsto\u0161ie e\u013c\u013cas paste\u013ci ir paredz\u0113ti m\u0101kslas cien\u012bt\u0101jiem, kuri nov\u0113rt\u0113 augstas kvalit\u0101tes m\u0101kslas materi\u0101lus par pie\u0146emamu cenu, lai eksperiment\u0113tu ar jaun\u0101m rado\u0161aj\u0101m izpausm\u0113m. \u0160iem e\u013c\u013cas paste\u013ciem ir m\u012bksta tekst\u016bra, un tie lieliski kl\u0101jas, uz pap\u012bra tie kl\u0101jas vienm\u0113r\u012bgi, \u013caujot viegli izveidot jaunas un interesantas virsmas. Pigmenti ir \u016bden\u012b \u0161\u0137\u012bsto\u0161i, t\u0101p\u0113c l\u012bnijas var veidot gai\u0161\u0101kas, iejaukt fon\u0101 vai padar\u012bt glud\u0101kas jau rad\u012bt\u0101s virsmas.","og_url":"https:\/\/hobstop.ee\/lv\/produkts\/ellas-pastelkritini-atskaidami-ar-udeni-mg-arts\/","og_site_name":"Skizze","article_publisher":"http:\/\/www.facebook.com\/VunderSkizze","article_modified_time":"2021-08-06T13:14:03+00:00","og_image":[{"width":1024,"height":768,"url":"https:\/\/hobstop.ee\/media\/5347.jpg","type":"image\/jpeg"}],"twitter_card":"summary_large_image","schema":{"@context":"https:\/\/schema.org","@graph":[{"@type":"WebPage","@id":"https:\/\/hobstop.ee\/lv\/produkts\/ellas-pastelkritini-atskaidami-ar-udeni-mg-arts\/","url":"https:\/\/hobstop.ee\/lv\/produkts\/ellas-pastelkritini-atskaidami-ar-udeni-mg-arts\/","name":"E\u013c\u013cas paste\u013ckr\u012bti\u0146i at\u0161\u0137aid\u0101mi ar \u016bdeni M&G Arts &#8211; Skizze","isPartOf":{"@id":"https:\/\/hobstop.ee\/lv\/#website"},"primaryImageOfPage":{"@id":"https:\/\/hobstop.ee\/lv\/produkts\/ellas-pastelkritini-atskaidami-ar-udeni-mg-arts\/#primaryimage"},"image":{"@id":"https:\/\/hobstop.ee\/lv\/produkts\/ellas-pastelkritini-atskaidami-ar-udeni-mg-arts\/#primaryimage"},"thumbnailUrl":"https:\/\/hobstop.ee\/media\/5347.jpg","datePublished":"2021-08-06T13:13:50+00:00","dateModified":"2021-08-06T13:14:03+00:00","breadcrumb":{"@id":"https:\/\/hobstop.ee\/lv\/produkts\/ellas-pastelkritini-atskaidami-ar-udeni-mg-arts\/#breadcrumb"},"inLanguage":"lv-LV","potentialAction":[{"@type":"ReadAction","target":["https:\/\/hobstop.ee\/lv\/produkts\/ellas-pastelkritini-atskaidami-ar-udeni-mg-arts\/"]}]},{"@type":"ImageObject","inLanguage":"lv-LV","@id":"https:\/\/hobstop.ee\/lv\/produkts\/ellas-pastelkritini-atskaidami-ar-udeni-mg-arts\/#primaryimage","url":"https:\/\/hobstop.ee\/media\/5347.jpg","contentUrl":"https:\/\/hobstop.ee\/media\/5347.jpg","width":1024,"height":768},{"@type":"BreadcrumbList","@id":"https:\/\/hobstop.ee\/lv\/produkts\/ellas-pastelkritini-atskaidami-ar-udeni-mg-arts\/#breadcrumb","itemListElement":[{"@type":"ListItem","position":1,"name":"Avaleht","item":"https:\/\/hobstop.ee\/lv\/"},{"@type":"ListItem","position":2,"name":"Veikals","item":"https:\/\/hobstop.ee\/lv\/veikals\/"},{"@type":"ListItem","position":3,"name":"E\u013c\u013cas paste\u013ckr\u012bti\u0146i at\u0161\u0137aid\u0101mi ar \u016bdeni M&#038;G Arts"}]},{"@type":"WebSite","@id":"https:\/\/hobstop.ee\/lv\/#website","url":"https:\/\/hobstop.ee\/lv\/","name":"Skizze","description":"M\u0101kslas, hobiju un skolas preces","publisher":{"@id":"https:\/\/hobstop.ee\/lv\/#organization"},"potentialAction":[{"@type":"SearchAction","target":{"@type":"EntryPoint","urlTemplate":"https:\/\/hobstop.ee\/lv\/?s={search_term_string}"},"query-input":{"@type":"PropertyValueSpecification","valueRequired":true,"valueName":"search_term_string"}}],"inLanguage":"lv-LV"},{"@type":"Organization","@id":"https:\/\/hobstop.ee\/lv\/#organization","name":"Vunder AS","url":"https:\/\/hobstop.ee\/lv\/","logo":{"@type":"ImageObject","inLanguage":"lv-LV","@id":"https:\/\/hobstop.ee\/lv\/#\/schema\/logo\/image\/","url":"https:\/\/hobstop.ee\/media\/vunder-logo.png","contentUrl":"https:\/\/hobstop.ee\/media\/vunder-logo.png","width":127,"height":55,"caption":"Vunder AS"},"image":{"@id":"https:\/\/hobstop.ee\/lv\/#\/schema\/logo\/image\/"},"sameAs":["http:\/\/www.facebook.com\/VunderSkizze"]}]}},"_links":{"self":[{"href":"https:\/\/hobstop.ee\/lv\/wp-json\/wp\/v2\/product\/342289","targetHints":{"allow":["GET"]}}],"collection":[{"href":"https:\/\/hobstop.ee\/lv\/wp-json\/wp\/v2\/product"}],"about":[{"href":"https:\/\/hobstop.ee\/lv\/wp-json\/wp\/v2\/types\/product"}],"replies":[{"embeddable":true,"href":"https:\/\/hobstop.ee\/lv\/wp-json\/wp\/v2\/comments?post=342289"}],"wp:featuredmedia":[{"embeddable":true,"href":"https:\/\/hobstop.ee\/lv\/wp-json\/wp\/v2\/media\/354679"}],"wp:attachment":[{"href":"https:\/\/hobstop.ee\/lv\/wp-json\/wp\/v2\/media?parent=342289"}],"wp:term":[{"taxonomy":"product_cat","embeddable":true,"href":"https:\/\/hobstop.ee\/lv\/wp-json\/wp\/v2\/product_cat?post=342289"},{"taxonomy":"product_tag","embeddable":true,"href":"https:\/\/hobstop.ee\/lv\/wp-json\/wp\/v2\/product_tag?post=342289"}],"curies":[{"name":"wp","href":"https:\/\/api.w.org\/{rel}","templated":true}]}}