{"id":342293,"date":"2021-08-06T16:07:56","date_gmt":"2021-08-06T13:07:56","guid":{"rendered":"https:\/\/sharks.ee\/vunder_2019\/?post_type=product&#038;p=342293"},"modified":"2021-08-06T16:07:56","modified_gmt":"2021-08-06T13:07:56","slug":"tintes-pildspalva-fineliner-mg-sketcher-brush","status":"publish","type":"product","link":"https:\/\/hobstop.ee\/lv\/produkts\/tintes-pildspalva-fineliner-mg-sketcher-brush\/","title":{"rendered":"Tintes pildspalva fineliner M&#038;G Sketcher Brush"},"content":{"rendered":"<p>Tintes pildspalva ar otas galu, kas ir ide\u0101li piem\u0113rota ilustr\u0113\u0161anai, ski\u010du veido\u0161anai un m\u0101kslas darbiem kopum\u0101. \u016adensiztur\u012bga tinte ar sp\u0113c\u012bgu kr\u0101su pal\u012bdz rad\u012bt notur\u012bgus darbus izteikti meln\u0101 kr\u0101s\u0101. M\u012bkstais un elast\u012bgais otas uzgalis ir ide\u0101li piem\u0113rots kaligr\u0101fijas darbiem un liel\u0101ku virsmu p\u0101rkl\u0101\u0161anai.<\/p>\n","protected":false},"excerpt":{"rendered":"<p>Tintes pildspalva ar otas galu, kas ir ide\u0101li piem\u0113rota ilustr\u0113\u0161anai, ski\u010du veido\u0161anai un m\u0101kslas darbiem kopum\u0101. \u016adensiztur\u012bga tinte ar sp\u0113c\u012bgu kr\u0101su pal\u012bdz rad\u012bt notur\u012bgus darbus izteikti meln\u0101 kr\u0101s\u0101. M\u012bkstais un elast\u012bgais otas uzgalis ir ide\u0101li piem\u0113rots kaligr\u0101fijas darbiem un liel\u0101ku virsmu p\u0101rkl\u0101\u0161anai.<\/p>\n","protected":false},"featured_media":354667,"comment_status":"closed","ping_status":"closed","template":"","meta":{"_acf_changed":false,"ep_exclude_from_search":false},"product_cat":[20361],"product_tag":[],"class_list":{"0":"post-342293","1":"product","2":"type-product","3":"status-publish","4":"has-post-thumbnail","6":"product_cat-maaramata","8":"first","9":"instock","10":"taxable","11":"shipping-taxable","12":"product-type-simple"},"acf":[],"yoast_head":"<!-- This site is optimized with the Yoast SEO plugin v24.1 - https:\/\/yoast.com\/wordpress\/plugins\/seo\/ -->\n<title>Tintes pildspalva fineliner M&amp;G Sketcher Brush &#8211; Skizze<\/title>\n<meta name=\"robots\" content=\"noindex, follow, max-snippet:-1, max-image-preview:large, max-video-preview:-1\" \/>\n<meta property=\"og:locale\" content=\"lv_LV\" \/>\n<meta property=\"og:type\" content=\"article\" \/>\n<meta property=\"og:title\" content=\"Tintes pildspalva fineliner M&amp;G Sketcher Brush &#8211; Skizze\" \/>\n<meta property=\"og:description\" content=\"Tintes pildspalva ar otas galu, kas ir ide\u0101li piem\u0113rota ilustr\u0113\u0161anai, ski\u010du veido\u0161anai un m\u0101kslas darbiem kopum\u0101. \u016adensiztur\u012bga tinte ar sp\u0113c\u012bgu kr\u0101su pal\u012bdz rad\u012bt notur\u012bgus darbus izteikti meln\u0101 kr\u0101s\u0101. M\u012bkstais un elast\u012bgais otas uzgalis ir ide\u0101li piem\u0113rots kaligr\u0101fijas darbiem un liel\u0101ku virsmu p\u0101rkl\u0101\u0161anai.\" \/>\n<meta property=\"og:url\" content=\"https:\/\/hobstop.ee\/lv\/produkts\/tintes-pildspalva-fineliner-mg-sketcher-brush\/\" \/>\n<meta property=\"og:site_name\" content=\"Skizze\" \/>\n<meta property=\"article:publisher\" content=\"http:\/\/www.facebook.com\/VunderSkizze\" \/>\n<meta property=\"og:image\" content=\"https:\/\/hobstop.ee\/media\/5351.jpg\" \/>\n\t<meta property=\"og:image:width\" content=\"1024\" \/>\n\t<meta property=\"og:image:height\" content=\"768\" \/>\n\t<meta property=\"og:image:type\" content=\"image\/jpeg\" \/>\n<meta name=\"twitter:card\" content=\"summary_large_image\" \/>\n<script type=\"application\/ld+json\" class=\"yoast-schema-graph\">{\"@context\":\"https:\/\/schema.org\",\"@graph\":[{\"@type\":\"WebPage\",\"@id\":\"https:\/\/hobstop.ee\/lv\/produkts\/tintes-pildspalva-fineliner-mg-sketcher-brush\/\",\"url\":\"https:\/\/hobstop.ee\/lv\/produkts\/tintes-pildspalva-fineliner-mg-sketcher-brush\/\",\"name\":\"Tintes pildspalva fineliner M&G Sketcher Brush &#8211; Skizze\",\"isPartOf\":{\"@id\":\"https:\/\/hobstop.ee\/lv\/#website\"},\"primaryImageOfPage\":{\"@id\":\"https:\/\/hobstop.ee\/lv\/produkts\/tintes-pildspalva-fineliner-mg-sketcher-brush\/#primaryimage\"},\"image\":{\"@id\":\"https:\/\/hobstop.ee\/lv\/produkts\/tintes-pildspalva-fineliner-mg-sketcher-brush\/#primaryimage\"},\"thumbnailUrl\":\"https:\/\/hobstop.ee\/media\/5351.jpg\",\"datePublished\":\"2021-08-06T13:07:56+00:00\",\"dateModified\":\"2021-08-06T13:07:56+00:00\",\"breadcrumb\":{\"@id\":\"https:\/\/hobstop.ee\/lv\/produkts\/tintes-pildspalva-fineliner-mg-sketcher-brush\/#breadcrumb\"},\"inLanguage\":\"lv-LV\",\"potentialAction\":[{\"@type\":\"ReadAction\",\"target\":[\"https:\/\/hobstop.ee\/lv\/produkts\/tintes-pildspalva-fineliner-mg-sketcher-brush\/\"]}]},{\"@type\":\"ImageObject\",\"inLanguage\":\"lv-LV\",\"@id\":\"https:\/\/hobstop.ee\/lv\/produkts\/tintes-pildspalva-fineliner-mg-sketcher-brush\/#primaryimage\",\"url\":\"https:\/\/hobstop.ee\/media\/5351.jpg\",\"contentUrl\":\"https:\/\/hobstop.ee\/media\/5351.jpg\",\"width\":1024,\"height\":768},{\"@type\":\"BreadcrumbList\",\"@id\":\"https:\/\/hobstop.ee\/lv\/produkts\/tintes-pildspalva-fineliner-mg-sketcher-brush\/#breadcrumb\",\"itemListElement\":[{\"@type\":\"ListItem\",\"position\":1,\"name\":\"Avaleht\",\"item\":\"https:\/\/hobstop.ee\/lv\/\"},{\"@type\":\"ListItem\",\"position\":2,\"name\":\"Veikals\",\"item\":\"https:\/\/hobstop.ee\/lv\/veikals\/\"},{\"@type\":\"ListItem\",\"position\":3,\"name\":\"Tintes pildspalva fineliner M&#038;G Sketcher Brush\"}]},{\"@type\":\"WebSite\",\"@id\":\"https:\/\/hobstop.ee\/lv\/#website\",\"url\":\"https:\/\/hobstop.ee\/lv\/\",\"name\":\"Skizze\",\"description\":\"M\u0101kslas, hobiju un skolas preces\",\"publisher\":{\"@id\":\"https:\/\/hobstop.ee\/lv\/#organization\"},\"potentialAction\":[{\"@type\":\"SearchAction\",\"target\":{\"@type\":\"EntryPoint\",\"urlTemplate\":\"https:\/\/hobstop.ee\/lv\/?s={search_term_string}\"},\"query-input\":{\"@type\":\"PropertyValueSpecification\",\"valueRequired\":true,\"valueName\":\"search_term_string\"}}],\"inLanguage\":\"lv-LV\"},{\"@type\":\"Organization\",\"@id\":\"https:\/\/hobstop.ee\/lv\/#organization\",\"name\":\"Vunder AS\",\"url\":\"https:\/\/hobstop.ee\/lv\/\",\"logo\":{\"@type\":\"ImageObject\",\"inLanguage\":\"lv-LV\",\"@id\":\"https:\/\/hobstop.ee\/lv\/#\/schema\/logo\/image\/\",\"url\":\"https:\/\/hobstop.ee\/media\/vunder-logo.png\",\"contentUrl\":\"https:\/\/hobstop.ee\/media\/vunder-logo.png\",\"width\":127,\"height\":55,\"caption\":\"Vunder AS\"},\"image\":{\"@id\":\"https:\/\/hobstop.ee\/lv\/#\/schema\/logo\/image\/\"},\"sameAs\":[\"http:\/\/www.facebook.com\/VunderSkizze\"]}]}<\/script>\n<!-- \/ Yoast SEO plugin. -->","yoast_head_json":{"title":"Tintes pildspalva fineliner M&G Sketcher Brush &#8211; Skizze","robots":{"index":"noindex","follow":"follow","max-snippet":"max-snippet:-1","max-image-preview":"max-image-preview:large","max-video-preview":"max-video-preview:-1"},"og_locale":"lv_LV","og_type":"article","og_title":"Tintes pildspalva fineliner M&G Sketcher Brush &#8211; Skizze","og_description":"Tintes pildspalva ar otas galu, kas ir ide\u0101li piem\u0113rota ilustr\u0113\u0161anai, ski\u010du veido\u0161anai un m\u0101kslas darbiem kopum\u0101. \u016adensiztur\u012bga tinte ar sp\u0113c\u012bgu kr\u0101su pal\u012bdz rad\u012bt notur\u012bgus darbus izteikti meln\u0101 kr\u0101s\u0101. M\u012bkstais un elast\u012bgais otas uzgalis ir ide\u0101li piem\u0113rots kaligr\u0101fijas darbiem un liel\u0101ku virsmu p\u0101rkl\u0101\u0161anai.","og_url":"https:\/\/hobstop.ee\/lv\/produkts\/tintes-pildspalva-fineliner-mg-sketcher-brush\/","og_site_name":"Skizze","article_publisher":"http:\/\/www.facebook.com\/VunderSkizze","og_image":[{"width":1024,"height":768,"url":"https:\/\/hobstop.ee\/media\/5351.jpg","type":"image\/jpeg"}],"twitter_card":"summary_large_image","schema":{"@context":"https:\/\/schema.org","@graph":[{"@type":"WebPage","@id":"https:\/\/hobstop.ee\/lv\/produkts\/tintes-pildspalva-fineliner-mg-sketcher-brush\/","url":"https:\/\/hobstop.ee\/lv\/produkts\/tintes-pildspalva-fineliner-mg-sketcher-brush\/","name":"Tintes pildspalva fineliner M&G Sketcher Brush &#8211; Skizze","isPartOf":{"@id":"https:\/\/hobstop.ee\/lv\/#website"},"primaryImageOfPage":{"@id":"https:\/\/hobstop.ee\/lv\/produkts\/tintes-pildspalva-fineliner-mg-sketcher-brush\/#primaryimage"},"image":{"@id":"https:\/\/hobstop.ee\/lv\/produkts\/tintes-pildspalva-fineliner-mg-sketcher-brush\/#primaryimage"},"thumbnailUrl":"https:\/\/hobstop.ee\/media\/5351.jpg","datePublished":"2021-08-06T13:07:56+00:00","dateModified":"2021-08-06T13:07:56+00:00","breadcrumb":{"@id":"https:\/\/hobstop.ee\/lv\/produkts\/tintes-pildspalva-fineliner-mg-sketcher-brush\/#breadcrumb"},"inLanguage":"lv-LV","potentialAction":[{"@type":"ReadAction","target":["https:\/\/hobstop.ee\/lv\/produkts\/tintes-pildspalva-fineliner-mg-sketcher-brush\/"]}]},{"@type":"ImageObject","inLanguage":"lv-LV","@id":"https:\/\/hobstop.ee\/lv\/produkts\/tintes-pildspalva-fineliner-mg-sketcher-brush\/#primaryimage","url":"https:\/\/hobstop.ee\/media\/5351.jpg","contentUrl":"https:\/\/hobstop.ee\/media\/5351.jpg","width":1024,"height":768},{"@type":"BreadcrumbList","@id":"https:\/\/hobstop.ee\/lv\/produkts\/tintes-pildspalva-fineliner-mg-sketcher-brush\/#breadcrumb","itemListElement":[{"@type":"ListItem","position":1,"name":"Avaleht","item":"https:\/\/hobstop.ee\/lv\/"},{"@type":"ListItem","position":2,"name":"Veikals","item":"https:\/\/hobstop.ee\/lv\/veikals\/"},{"@type":"ListItem","position":3,"name":"Tintes pildspalva fineliner M&#038;G Sketcher Brush"}]},{"@type":"WebSite","@id":"https:\/\/hobstop.ee\/lv\/#website","url":"https:\/\/hobstop.ee\/lv\/","name":"Skizze","description":"M\u0101kslas, hobiju un skolas preces","publisher":{"@id":"https:\/\/hobstop.ee\/lv\/#organization"},"potentialAction":[{"@type":"SearchAction","target":{"@type":"EntryPoint","urlTemplate":"https:\/\/hobstop.ee\/lv\/?s={search_term_string}"},"query-input":{"@type":"PropertyValueSpecification","valueRequired":true,"valueName":"search_term_string"}}],"inLanguage":"lv-LV"},{"@type":"Organization","@id":"https:\/\/hobstop.ee\/lv\/#organization","name":"Vunder AS","url":"https:\/\/hobstop.ee\/lv\/","logo":{"@type":"ImageObject","inLanguage":"lv-LV","@id":"https:\/\/hobstop.ee\/lv\/#\/schema\/logo\/image\/","url":"https:\/\/hobstop.ee\/media\/vunder-logo.png","contentUrl":"https:\/\/hobstop.ee\/media\/vunder-logo.png","width":127,"height":55,"caption":"Vunder AS"},"image":{"@id":"https:\/\/hobstop.ee\/lv\/#\/schema\/logo\/image\/"},"sameAs":["http:\/\/www.facebook.com\/VunderSkizze"]}]}},"_links":{"self":[{"href":"https:\/\/hobstop.ee\/lv\/wp-json\/wp\/v2\/product\/342293","targetHints":{"allow":["GET"]}}],"collection":[{"href":"https:\/\/hobstop.ee\/lv\/wp-json\/wp\/v2\/product"}],"about":[{"href":"https:\/\/hobstop.ee\/lv\/wp-json\/wp\/v2\/types\/product"}],"replies":[{"embeddable":true,"href":"https:\/\/hobstop.ee\/lv\/wp-json\/wp\/v2\/comments?post=342293"}],"wp:featuredmedia":[{"embeddable":true,"href":"https:\/\/hobstop.ee\/lv\/wp-json\/wp\/v2\/media\/354667"}],"wp:attachment":[{"href":"https:\/\/hobstop.ee\/lv\/wp-json\/wp\/v2\/media?parent=342293"}],"wp:term":[{"taxonomy":"product_cat","embeddable":true,"href":"https:\/\/hobstop.ee\/lv\/wp-json\/wp\/v2\/product_cat?post=342293"},{"taxonomy":"product_tag","embeddable":true,"href":"https:\/\/hobstop.ee\/lv\/wp-json\/wp\/v2\/product_tag?post=342293"}],"curies":[{"name":"wp","href":"https:\/\/api.w.org\/{rel}","templated":true}]}}