{"id":342297,"date":"2021-08-06T16:07:09","date_gmt":"2021-08-06T13:07:09","guid":{"rendered":"https:\/\/sharks.ee\/vunder_2019\/?post_type=product&#038;p=342297"},"modified":"2021-08-06T16:07:44","modified_gmt":"2021-08-06T13:07:44","slug":"akrila-krasu-komplekts-mg","status":"publish","type":"product","link":"https:\/\/hobstop.ee\/lv\/produkts\/akrila-krasu-komplekts-mg\/","title":{"rendered":"Akrila kr\u0101su komplekts M&#038;G"},"content":{"rendered":"<p>M&#038;G akrila kr\u0101sas satur spilgtus pigmentus, un t\u0101s labi kl\u0101jas. Lieliski piem\u0113rotas, lai rad\u012btu skaistas necaursp\u012bd\u012bgas vai akvare\u013ciem l\u012bdz\u012bgas virsmas. Kr\u0101sas glezn\u0101s sapl\u016bst un sajaucas. Lietojot biez\u0101k\u0101 sl\u0101n\u012b, kr\u0101sa ir izteikta un gal\u012bga, vienm\u0113r\u012bga un gai\u0161a. Kr\u0101sas var izmantot uz audekla, tekstila, pap\u012bra un koka. Instrumentus var not\u012br\u012bt ar \u016bdeni uzreiz p\u0113c lieto\u0161anas.<\/p>\n","protected":false},"excerpt":{"rendered":"<p>M&#038;G akrila kr\u0101sas satur spilgtus pigmentus, un t\u0101s labi kl\u0101jas. Lieliski piem\u0113rotas, lai rad\u012btu skaistas necaursp\u012bd\u012bgas vai akvare\u013ciem l\u012bdz\u012bgas virsmas. Kr\u0101sas glezn\u0101s sapl\u016bst un sajaucas. Lietojot biez\u0101k\u0101 sl\u0101n\u012b, kr\u0101sa ir izteikta un gal\u012bga, vienm\u0113r\u012bga un gai\u0161a. Kr\u0101sas var izmantot uz audekla, tekstila, pap\u012bra un koka. Instrumentus var not\u012br\u012bt ar \u016bdeni uzreiz p\u0113c lieto\u0161anas.<\/p>\n","protected":false},"featured_media":354683,"comment_status":"closed","ping_status":"closed","template":"","meta":{"_acf_changed":false,"ep_exclude_from_search":false},"product_cat":[20361],"product_tag":[],"class_list":{"0":"post-342297","1":"product","2":"type-product","3":"status-publish","4":"has-post-thumbnail","6":"product_cat-maaramata","8":"first","9":"instock","10":"taxable","11":"shipping-taxable","12":"product-type-simple"},"acf":[],"yoast_head":"<!-- This site is optimized with the Yoast SEO plugin v24.1 - https:\/\/yoast.com\/wordpress\/plugins\/seo\/ -->\n<title>Akrila kr\u0101su komplekts M&amp;G &#8211; Skizze<\/title>\n<meta name=\"robots\" content=\"noindex, follow, max-snippet:-1, max-image-preview:large, max-video-preview:-1\" \/>\n<meta property=\"og:locale\" content=\"lv_LV\" \/>\n<meta property=\"og:type\" content=\"article\" \/>\n<meta property=\"og:title\" content=\"Akrila kr\u0101su komplekts M&amp;G &#8211; Skizze\" \/>\n<meta property=\"og:description\" content=\"M&#038;G akrila kr\u0101sas satur spilgtus pigmentus, un t\u0101s labi kl\u0101jas. Lieliski piem\u0113rotas, lai rad\u012btu skaistas necaursp\u012bd\u012bgas vai akvare\u013ciem l\u012bdz\u012bgas virsmas. Kr\u0101sas glezn\u0101s sapl\u016bst un sajaucas. Lietojot biez\u0101k\u0101 sl\u0101n\u012b, kr\u0101sa ir izteikta un gal\u012bga, vienm\u0113r\u012bga un gai\u0161a. Kr\u0101sas var izmantot uz audekla, tekstila, pap\u012bra un koka. Instrumentus var not\u012br\u012bt ar \u016bdeni uzreiz p\u0113c lieto\u0161anas.\" \/>\n<meta property=\"og:url\" content=\"https:\/\/hobstop.ee\/lv\/produkts\/akrila-krasu-komplekts-mg\/\" \/>\n<meta property=\"og:site_name\" content=\"Skizze\" \/>\n<meta property=\"article:publisher\" content=\"http:\/\/www.facebook.com\/VunderSkizze\" \/>\n<meta property=\"article:modified_time\" content=\"2021-08-06T13:07:44+00:00\" \/>\n<meta property=\"og:image\" content=\"https:\/\/hobstop.ee\/media\/5357.jpg\" \/>\n\t<meta property=\"og:image:width\" content=\"1024\" \/>\n\t<meta property=\"og:image:height\" content=\"768\" \/>\n\t<meta property=\"og:image:type\" content=\"image\/jpeg\" \/>\n<meta name=\"twitter:card\" content=\"summary_large_image\" \/>\n<script type=\"application\/ld+json\" class=\"yoast-schema-graph\">{\"@context\":\"https:\/\/schema.org\",\"@graph\":[{\"@type\":\"WebPage\",\"@id\":\"https:\/\/hobstop.ee\/lv\/produkts\/akrila-krasu-komplekts-mg\/\",\"url\":\"https:\/\/hobstop.ee\/lv\/produkts\/akrila-krasu-komplekts-mg\/\",\"name\":\"Akrila kr\u0101su komplekts M&G &#8211; Skizze\",\"isPartOf\":{\"@id\":\"https:\/\/hobstop.ee\/lv\/#website\"},\"primaryImageOfPage\":{\"@id\":\"https:\/\/hobstop.ee\/lv\/produkts\/akrila-krasu-komplekts-mg\/#primaryimage\"},\"image\":{\"@id\":\"https:\/\/hobstop.ee\/lv\/produkts\/akrila-krasu-komplekts-mg\/#primaryimage\"},\"thumbnailUrl\":\"https:\/\/hobstop.ee\/media\/5357.jpg\",\"datePublished\":\"2021-08-06T13:07:09+00:00\",\"dateModified\":\"2021-08-06T13:07:44+00:00\",\"breadcrumb\":{\"@id\":\"https:\/\/hobstop.ee\/lv\/produkts\/akrila-krasu-komplekts-mg\/#breadcrumb\"},\"inLanguage\":\"lv-LV\",\"potentialAction\":[{\"@type\":\"ReadAction\",\"target\":[\"https:\/\/hobstop.ee\/lv\/produkts\/akrila-krasu-komplekts-mg\/\"]}]},{\"@type\":\"ImageObject\",\"inLanguage\":\"lv-LV\",\"@id\":\"https:\/\/hobstop.ee\/lv\/produkts\/akrila-krasu-komplekts-mg\/#primaryimage\",\"url\":\"https:\/\/hobstop.ee\/media\/5357.jpg\",\"contentUrl\":\"https:\/\/hobstop.ee\/media\/5357.jpg\",\"width\":1024,\"height\":768},{\"@type\":\"BreadcrumbList\",\"@id\":\"https:\/\/hobstop.ee\/lv\/produkts\/akrila-krasu-komplekts-mg\/#breadcrumb\",\"itemListElement\":[{\"@type\":\"ListItem\",\"position\":1,\"name\":\"Avaleht\",\"item\":\"https:\/\/hobstop.ee\/lv\/\"},{\"@type\":\"ListItem\",\"position\":2,\"name\":\"Veikals\",\"item\":\"https:\/\/hobstop.ee\/lv\/veikals\/\"},{\"@type\":\"ListItem\",\"position\":3,\"name\":\"Akrila kr\u0101su komplekts M&#038;G\"}]},{\"@type\":\"WebSite\",\"@id\":\"https:\/\/hobstop.ee\/lv\/#website\",\"url\":\"https:\/\/hobstop.ee\/lv\/\",\"name\":\"Skizze\",\"description\":\"M\u0101kslas, hobiju un skolas preces\",\"publisher\":{\"@id\":\"https:\/\/hobstop.ee\/lv\/#organization\"},\"potentialAction\":[{\"@type\":\"SearchAction\",\"target\":{\"@type\":\"EntryPoint\",\"urlTemplate\":\"https:\/\/hobstop.ee\/lv\/?s={search_term_string}\"},\"query-input\":{\"@type\":\"PropertyValueSpecification\",\"valueRequired\":true,\"valueName\":\"search_term_string\"}}],\"inLanguage\":\"lv-LV\"},{\"@type\":\"Organization\",\"@id\":\"https:\/\/hobstop.ee\/lv\/#organization\",\"name\":\"Vunder AS\",\"url\":\"https:\/\/hobstop.ee\/lv\/\",\"logo\":{\"@type\":\"ImageObject\",\"inLanguage\":\"lv-LV\",\"@id\":\"https:\/\/hobstop.ee\/lv\/#\/schema\/logo\/image\/\",\"url\":\"https:\/\/hobstop.ee\/media\/vunder-logo.png\",\"contentUrl\":\"https:\/\/hobstop.ee\/media\/vunder-logo.png\",\"width\":127,\"height\":55,\"caption\":\"Vunder AS\"},\"image\":{\"@id\":\"https:\/\/hobstop.ee\/lv\/#\/schema\/logo\/image\/\"},\"sameAs\":[\"http:\/\/www.facebook.com\/VunderSkizze\"]}]}<\/script>\n<!-- \/ Yoast SEO plugin. -->","yoast_head_json":{"title":"Akrila kr\u0101su komplekts M&G &#8211; Skizze","robots":{"index":"noindex","follow":"follow","max-snippet":"max-snippet:-1","max-image-preview":"max-image-preview:large","max-video-preview":"max-video-preview:-1"},"og_locale":"lv_LV","og_type":"article","og_title":"Akrila kr\u0101su komplekts M&G &#8211; Skizze","og_description":"M&#038;G akrila kr\u0101sas satur spilgtus pigmentus, un t\u0101s labi kl\u0101jas. Lieliski piem\u0113rotas, lai rad\u012btu skaistas necaursp\u012bd\u012bgas vai akvare\u013ciem l\u012bdz\u012bgas virsmas. Kr\u0101sas glezn\u0101s sapl\u016bst un sajaucas. Lietojot biez\u0101k\u0101 sl\u0101n\u012b, kr\u0101sa ir izteikta un gal\u012bga, vienm\u0113r\u012bga un gai\u0161a. Kr\u0101sas var izmantot uz audekla, tekstila, pap\u012bra un koka. Instrumentus var not\u012br\u012bt ar \u016bdeni uzreiz p\u0113c lieto\u0161anas.","og_url":"https:\/\/hobstop.ee\/lv\/produkts\/akrila-krasu-komplekts-mg\/","og_site_name":"Skizze","article_publisher":"http:\/\/www.facebook.com\/VunderSkizze","article_modified_time":"2021-08-06T13:07:44+00:00","og_image":[{"width":1024,"height":768,"url":"https:\/\/hobstop.ee\/media\/5357.jpg","type":"image\/jpeg"}],"twitter_card":"summary_large_image","schema":{"@context":"https:\/\/schema.org","@graph":[{"@type":"WebPage","@id":"https:\/\/hobstop.ee\/lv\/produkts\/akrila-krasu-komplekts-mg\/","url":"https:\/\/hobstop.ee\/lv\/produkts\/akrila-krasu-komplekts-mg\/","name":"Akrila kr\u0101su komplekts M&G &#8211; Skizze","isPartOf":{"@id":"https:\/\/hobstop.ee\/lv\/#website"},"primaryImageOfPage":{"@id":"https:\/\/hobstop.ee\/lv\/produkts\/akrila-krasu-komplekts-mg\/#primaryimage"},"image":{"@id":"https:\/\/hobstop.ee\/lv\/produkts\/akrila-krasu-komplekts-mg\/#primaryimage"},"thumbnailUrl":"https:\/\/hobstop.ee\/media\/5357.jpg","datePublished":"2021-08-06T13:07:09+00:00","dateModified":"2021-08-06T13:07:44+00:00","breadcrumb":{"@id":"https:\/\/hobstop.ee\/lv\/produkts\/akrila-krasu-komplekts-mg\/#breadcrumb"},"inLanguage":"lv-LV","potentialAction":[{"@type":"ReadAction","target":["https:\/\/hobstop.ee\/lv\/produkts\/akrila-krasu-komplekts-mg\/"]}]},{"@type":"ImageObject","inLanguage":"lv-LV","@id":"https:\/\/hobstop.ee\/lv\/produkts\/akrila-krasu-komplekts-mg\/#primaryimage","url":"https:\/\/hobstop.ee\/media\/5357.jpg","contentUrl":"https:\/\/hobstop.ee\/media\/5357.jpg","width":1024,"height":768},{"@type":"BreadcrumbList","@id":"https:\/\/hobstop.ee\/lv\/produkts\/akrila-krasu-komplekts-mg\/#breadcrumb","itemListElement":[{"@type":"ListItem","position":1,"name":"Avaleht","item":"https:\/\/hobstop.ee\/lv\/"},{"@type":"ListItem","position":2,"name":"Veikals","item":"https:\/\/hobstop.ee\/lv\/veikals\/"},{"@type":"ListItem","position":3,"name":"Akrila kr\u0101su komplekts M&#038;G"}]},{"@type":"WebSite","@id":"https:\/\/hobstop.ee\/lv\/#website","url":"https:\/\/hobstop.ee\/lv\/","name":"Skizze","description":"M\u0101kslas, hobiju un skolas preces","publisher":{"@id":"https:\/\/hobstop.ee\/lv\/#organization"},"potentialAction":[{"@type":"SearchAction","target":{"@type":"EntryPoint","urlTemplate":"https:\/\/hobstop.ee\/lv\/?s={search_term_string}"},"query-input":{"@type":"PropertyValueSpecification","valueRequired":true,"valueName":"search_term_string"}}],"inLanguage":"lv-LV"},{"@type":"Organization","@id":"https:\/\/hobstop.ee\/lv\/#organization","name":"Vunder AS","url":"https:\/\/hobstop.ee\/lv\/","logo":{"@type":"ImageObject","inLanguage":"lv-LV","@id":"https:\/\/hobstop.ee\/lv\/#\/schema\/logo\/image\/","url":"https:\/\/hobstop.ee\/media\/vunder-logo.png","contentUrl":"https:\/\/hobstop.ee\/media\/vunder-logo.png","width":127,"height":55,"caption":"Vunder AS"},"image":{"@id":"https:\/\/hobstop.ee\/lv\/#\/schema\/logo\/image\/"},"sameAs":["http:\/\/www.facebook.com\/VunderSkizze"]}]}},"_links":{"self":[{"href":"https:\/\/hobstop.ee\/lv\/wp-json\/wp\/v2\/product\/342297","targetHints":{"allow":["GET"]}}],"collection":[{"href":"https:\/\/hobstop.ee\/lv\/wp-json\/wp\/v2\/product"}],"about":[{"href":"https:\/\/hobstop.ee\/lv\/wp-json\/wp\/v2\/types\/product"}],"replies":[{"embeddable":true,"href":"https:\/\/hobstop.ee\/lv\/wp-json\/wp\/v2\/comments?post=342297"}],"wp:featuredmedia":[{"embeddable":true,"href":"https:\/\/hobstop.ee\/lv\/wp-json\/wp\/v2\/media\/354683"}],"wp:attachment":[{"href":"https:\/\/hobstop.ee\/lv\/wp-json\/wp\/v2\/media?parent=342297"}],"wp:term":[{"taxonomy":"product_cat","embeddable":true,"href":"https:\/\/hobstop.ee\/lv\/wp-json\/wp\/v2\/product_cat?post=342297"},{"taxonomy":"product_tag","embeddable":true,"href":"https:\/\/hobstop.ee\/lv\/wp-json\/wp\/v2\/product_tag?post=342297"}],"curies":[{"name":"wp","href":"https:\/\/api.w.org\/{rel}","templated":true}]}}