{"id":343610,"date":"2022-04-14T15:09:44","date_gmt":"2022-04-14T12:09:47","guid":{"rendered":"https:\/\/sharks.ee\/vunder_2019\/?post_type=product&p=343610"},"modified":"2022-04-14T15:09:47","modified_gmt":"2022-04-14T12:09:47","slug":"aizsargella-liberon-sauna","status":"publish","type":"product","link":"https:\/\/hobstop.ee\/lv\/produkts\/aizsargella-liberon-sauna\/","title":{"rendered":"Aizsarge\u013c\u013ca Liberon Sauna"},"content":{"rendered":"<p>Liberon Sauna aizsarg\u0101jo\u0161\u0101 e\u013c\u013ca aizsarg\u0101 visas koka virsmas no mitruma un net\u012brumiem iek\u0161telp\u0101s. Piem\u0113rota gan neapstr\u0101d\u0101tu, gan iepriek\u0161 e\u013c\u013cotu koka virsmu, piem\u0113ram, pirts platformu, sienu un griestu apdarei. Saglab\u0101 koksnes dabisko izskatu, k\u0101 ar\u012b izce\u013c koksnes toni atkar\u012bb\u0101 no koksnes kvalit\u0101tes.<\/p>\n<p>Lieto\u0161ana:<br \/>\nP\u0101rliecinieties, ka virsma ir t\u012bra un sausa. Ja nepiecie\u0161ams, sl\u012bp\u0113jiet virsmu un not\u012briet sl\u012bp\u0113\u0161anas rezult\u0101t\u0101 radu\u0161os putek\u013cus. Ieteicams produktu iepriek\u0161 izm\u0113\u0123in\u0101t uz maz redzamas virsmas. Uzkl\u0101jiet Liberon Sauna aizsarg\u0101jo\u0161o e\u013c\u013cu uz virsmas ar oti\u0146u un \u013caujiet e\u013c\u013cai uzs\u016bkties kok\u0101. Ja koks ir \u012bpa\u0161i sauss un visa e\u013c\u013ca uzreiz tiek absorb\u0113ta, nekav\u0113joties j\u0101uzkl\u0101j otrs e\u013c\u013cas sl\u0101nis. Uzsildiet pirti un not\u012briet lieko e\u013c\u013cu ar t\u012bru, putek\u013cus nesaturo\u0161u dr\u0101ni\u0146u. Kad e\u013c\u013ca ir pareizi un vienm\u0113r\u012bgi ies\u016bkusies koka virsm\u0101, virsma ir gatava lieto\u0161anai. <\/p>\n<p>Padoms:<br \/>\nLai p\u0101rbaud\u012btu, vai virsm\u0101 e\u013c\u013ca ir absorb\u0113jusies pietiekami labi, uzkl\u0101jiet uz virsmas da\u017eus pilienus \u016bdens. Ja \u016bdeni ies\u016bcas kok\u0101, uz virsmai j\u0101uzkl\u0101j v\u0113l viens e\u013c\u013cas sl\u0101nis. Ja \u016bdens paliek uz virsmas, virsma ir gatava lieto\u0161anai. <\/p>\n<p>P\u0101rkl\u0101jums: 8-15m\u00b2\/L<br \/>\nDarba r\u012bki: ota<br \/>\nDarba r\u012bku t\u012br\u012b\u0161ana: \u016bdens un ziepes<\/p>\n","protected":false},"excerpt":{"rendered":"<p>Liberon Sauna aizsarg\u0101jo\u0161\u0101 e\u013c\u013ca aizsarg\u0101 visas koka virsmas no mitruma un net\u012brumiem iek\u0161telp\u0101s. Piem\u0113rota gan neapstr\u0101d\u0101tu, gan iepriek\u0161 e\u013c\u013cotu koka virsmu, piem\u0113ram, pirts platformu, sienu un griestu apdarei. Saglab\u0101 koksnes dabisko izskatu, k\u0101 ar\u012b izce\u013c koksnes toni atkar\u012bb\u0101 no koksnes kvalit\u0101tes. Lieto\u0161ana: P\u0101rliecinieties, ka virsma ir t\u012bra un sausa. Ja nepiecie\u0161ams, sl\u012bp\u0113jiet virsmu un not\u012briet sl\u012bp\u0113\u0161anas rezult\u0101t\u0101 radu\u0161os putek\u013cus. Ieteicams produktu iepriek\u0161 izm\u0113\u0123in\u0101t uz maz redzamas virsmas. Uzkl\u0101jiet Liberon Sauna aizsarg\u0101jo\u0161o e\u013c\u013cu uz virsmas ar oti\u0146u un \u013caujiet e\u013c\u013cai uzs\u016bkties kok\u0101. Ja koks ir \u012bpa\u0161i sauss un visa e\u013c\u013ca uzreiz tiek absorb\u0113ta, nekav\u0113joties j\u0101uzkl\u0101j otrs e\u013c\u013cas sl\u0101nis. Uzsildiet pirti un not\u012briet lieko e\u013c\u013cu ar t\u012bru, putek\u013cus nesaturo\u0161u dr\u0101ni\u0146u. Kad e\u013c\u013ca ir pareizi un vienm\u0113r\u012bgi ies\u016bkusies koka virsm\u0101, virsma ir gatava lieto\u0161anai. Padoms: Lai p\u0101rbaud\u012btu, vai virsm\u0101 e\u013c\u013ca ir absorb\u0113jusies pietiekami labi, uzkl\u0101jiet uz virsmas da\u017eus pilienus \u016bdens. Ja \u016bdeni ies\u016bcas kok\u0101, uz virsmai j\u0101uzkl\u0101j v\u0113l viens e\u013c\u013cas sl\u0101nis. Ja \u016bdens paliek uz virsmas, virsma ir gatava lieto\u0161anai. P\u0101rkl\u0101jums: 8-15m\u00b2\/L Darba r\u012bki: ota Darba r\u012bku t\u012br\u012b\u0161ana: \u016bdens un ziepes<\/p>\n","protected":false},"featured_media":0,"comment_status":"closed","ping_status":"closed","template":"","meta":{"_acf_changed":false,"ep_exclude_from_search":false},"product_cat":[20361],"product_tag":[],"class_list":{"0":"post-343610","1":"product","2":"type-product","3":"status-publish","5":"product_cat-maaramata","7":"first","8":"instock","9":"taxable","10":"shipping-taxable","11":"product-type-simple"},"acf":[],"yoast_head":"<!-- This site is optimized with the Yoast SEO plugin v24.1 - https:\/\/yoast.com\/wordpress\/plugins\/seo\/ -->\n<title>Aizsarge\u013c\u013ca Liberon Sauna &#8211; Skizze<\/title>\n<meta name=\"robots\" content=\"noindex, follow, max-snippet:-1, max-image-preview:large, max-video-preview:-1\" \/>\n<meta property=\"og:locale\" content=\"lv_LV\" \/>\n<meta property=\"og:type\" content=\"article\" \/>\n<meta property=\"og:title\" content=\"Aizsarge\u013c\u013ca Liberon Sauna &#8211; Skizze\" \/>\n<meta property=\"og:description\" content=\"Liberon Sauna aizsarg\u0101jo\u0161\u0101 e\u013c\u013ca aizsarg\u0101 visas koka virsmas no mitruma un net\u012brumiem iek\u0161telp\u0101s. Piem\u0113rota gan neapstr\u0101d\u0101tu, gan iepriek\u0161 e\u013c\u013cotu koka virsmu, piem\u0113ram, pirts platformu, sienu un griestu apdarei. Saglab\u0101 koksnes dabisko izskatu, k\u0101 ar\u012b izce\u013c koksnes toni atkar\u012bb\u0101 no koksnes kvalit\u0101tes. Lieto\u0161ana: P\u0101rliecinieties, ka virsma ir t\u012bra un sausa. Ja nepiecie\u0161ams, sl\u012bp\u0113jiet virsmu un not\u012briet sl\u012bp\u0113\u0161anas rezult\u0101t\u0101 radu\u0161os putek\u013cus. Ieteicams produktu iepriek\u0161 izm\u0113\u0123in\u0101t uz maz redzamas virsmas. Uzkl\u0101jiet Liberon Sauna aizsarg\u0101jo\u0161o e\u013c\u013cu uz virsmas ar oti\u0146u un \u013caujiet e\u013c\u013cai uzs\u016bkties kok\u0101. Ja koks ir \u012bpa\u0161i sauss un visa e\u013c\u013ca uzreiz tiek absorb\u0113ta, nekav\u0113joties j\u0101uzkl\u0101j otrs e\u013c\u013cas sl\u0101nis. Uzsildiet pirti un not\u012briet lieko e\u013c\u013cu ar t\u012bru, putek\u013cus nesaturo\u0161u dr\u0101ni\u0146u. Kad e\u013c\u013ca ir pareizi un vienm\u0113r\u012bgi ies\u016bkusies koka virsm\u0101, virsma ir gatava lieto\u0161anai. Padoms: Lai p\u0101rbaud\u012btu, vai virsm\u0101 e\u013c\u013ca ir absorb\u0113jusies pietiekami labi, uzkl\u0101jiet uz virsmas da\u017eus pilienus \u016bdens. Ja \u016bdeni ies\u016bcas kok\u0101, uz virsmai j\u0101uzkl\u0101j v\u0113l viens e\u013c\u013cas sl\u0101nis. Ja \u016bdens paliek uz virsmas, virsma ir gatava lieto\u0161anai. P\u0101rkl\u0101jums: 8-15m\u00b2\/L Darba r\u012bki: ota Darba r\u012bku t\u012br\u012b\u0161ana: \u016bdens un ziepes\" \/>\n<meta property=\"og:url\" content=\"https:\/\/hobstop.ee\/lv\/produkts\/aizsargella-liberon-sauna\/\" \/>\n<meta property=\"og:site_name\" content=\"Skizze\" \/>\n<meta property=\"article:publisher\" content=\"http:\/\/www.facebook.com\/VunderSkizze\" \/>\n<meta property=\"article:modified_time\" content=\"-0001-11-30T00:00:00+00:00\" \/>\n<meta name=\"twitter:card\" content=\"summary_large_image\" \/>\n<meta name=\"twitter:label1\" content=\"Est. reading time\" \/>\n\t<meta name=\"twitter:data1\" content=\"1 min\u016b\u0161u\" \/>\n<script type=\"application\/ld+json\" class=\"yoast-schema-graph\">{\"@context\":\"https:\/\/schema.org\",\"@graph\":[{\"@type\":\"WebPage\",\"@id\":\"https:\/\/hobstop.ee\/lv\/produkts\/aizsargella-liberon-sauna\/\",\"url\":\"https:\/\/hobstop.ee\/lv\/produkts\/aizsargella-liberon-sauna\/\",\"name\":\"Aizsarge\u013c\u013ca Liberon Sauna &#8211; Skizze\",\"isPartOf\":{\"@id\":\"https:\/\/hobstop.ee\/lv\/#website\"},\"datePublished\":\"2022-04-14T12:09:47+00:00\",\"dateModified\":\"-0001-11-30T00:00:00+00:00\",\"breadcrumb\":{\"@id\":\"https:\/\/hobstop.ee\/lv\/produkts\/aizsargella-liberon-sauna\/#breadcrumb\"},\"inLanguage\":\"lv-LV\",\"potentialAction\":[{\"@type\":\"ReadAction\",\"target\":[\"https:\/\/hobstop.ee\/lv\/produkts\/aizsargella-liberon-sauna\/\"]}]},{\"@type\":\"BreadcrumbList\",\"@id\":\"https:\/\/hobstop.ee\/lv\/produkts\/aizsargella-liberon-sauna\/#breadcrumb\",\"itemListElement\":[{\"@type\":\"ListItem\",\"position\":1,\"name\":\"Avaleht\",\"item\":\"https:\/\/hobstop.ee\/lv\/\"},{\"@type\":\"ListItem\",\"position\":2,\"name\":\"Veikals\",\"item\":\"https:\/\/hobstop.ee\/lv\/veikals\/\"},{\"@type\":\"ListItem\",\"position\":3,\"name\":\"Aizsarge\u013c\u013ca Liberon Sauna\"}]},{\"@type\":\"WebSite\",\"@id\":\"https:\/\/hobstop.ee\/lv\/#website\",\"url\":\"https:\/\/hobstop.ee\/lv\/\",\"name\":\"Skizze\",\"description\":\"M\u0101kslas, hobiju un skolas preces\",\"publisher\":{\"@id\":\"https:\/\/hobstop.ee\/lv\/#organization\"},\"potentialAction\":[{\"@type\":\"SearchAction\",\"target\":{\"@type\":\"EntryPoint\",\"urlTemplate\":\"https:\/\/hobstop.ee\/lv\/?s={search_term_string}\"},\"query-input\":{\"@type\":\"PropertyValueSpecification\",\"valueRequired\":true,\"valueName\":\"search_term_string\"}}],\"inLanguage\":\"lv-LV\"},{\"@type\":\"Organization\",\"@id\":\"https:\/\/hobstop.ee\/lv\/#organization\",\"name\":\"Vunder AS\",\"url\":\"https:\/\/hobstop.ee\/lv\/\",\"logo\":{\"@type\":\"ImageObject\",\"inLanguage\":\"lv-LV\",\"@id\":\"https:\/\/hobstop.ee\/lv\/#\/schema\/logo\/image\/\",\"url\":\"https:\/\/hobstop.ee\/media\/vunder-logo.png\",\"contentUrl\":\"https:\/\/hobstop.ee\/media\/vunder-logo.png\",\"width\":127,\"height\":55,\"caption\":\"Vunder AS\"},\"image\":{\"@id\":\"https:\/\/hobstop.ee\/lv\/#\/schema\/logo\/image\/\"},\"sameAs\":[\"http:\/\/www.facebook.com\/VunderSkizze\"]}]}<\/script>\n<!-- \/ Yoast SEO plugin. -->","yoast_head_json":{"title":"Aizsarge\u013c\u013ca Liberon Sauna &#8211; Skizze","robots":{"index":"noindex","follow":"follow","max-snippet":"max-snippet:-1","max-image-preview":"max-image-preview:large","max-video-preview":"max-video-preview:-1"},"og_locale":"lv_LV","og_type":"article","og_title":"Aizsarge\u013c\u013ca Liberon Sauna &#8211; Skizze","og_description":"Liberon Sauna aizsarg\u0101jo\u0161\u0101 e\u013c\u013ca aizsarg\u0101 visas koka virsmas no mitruma un net\u012brumiem iek\u0161telp\u0101s. Piem\u0113rota gan neapstr\u0101d\u0101tu, gan iepriek\u0161 e\u013c\u013cotu koka virsmu, piem\u0113ram, pirts platformu, sienu un griestu apdarei. Saglab\u0101 koksnes dabisko izskatu, k\u0101 ar\u012b izce\u013c koksnes toni atkar\u012bb\u0101 no koksnes kvalit\u0101tes. Lieto\u0161ana: P\u0101rliecinieties, ka virsma ir t\u012bra un sausa. Ja nepiecie\u0161ams, sl\u012bp\u0113jiet virsmu un not\u012briet sl\u012bp\u0113\u0161anas rezult\u0101t\u0101 radu\u0161os putek\u013cus. Ieteicams produktu iepriek\u0161 izm\u0113\u0123in\u0101t uz maz redzamas virsmas. Uzkl\u0101jiet Liberon Sauna aizsarg\u0101jo\u0161o e\u013c\u013cu uz virsmas ar oti\u0146u un \u013caujiet e\u013c\u013cai uzs\u016bkties kok\u0101. Ja koks ir \u012bpa\u0161i sauss un visa e\u013c\u013ca uzreiz tiek absorb\u0113ta, nekav\u0113joties j\u0101uzkl\u0101j otrs e\u013c\u013cas sl\u0101nis. Uzsildiet pirti un not\u012briet lieko e\u013c\u013cu ar t\u012bru, putek\u013cus nesaturo\u0161u dr\u0101ni\u0146u. Kad e\u013c\u013ca ir pareizi un vienm\u0113r\u012bgi ies\u016bkusies koka virsm\u0101, virsma ir gatava lieto\u0161anai. Padoms: Lai p\u0101rbaud\u012btu, vai virsm\u0101 e\u013c\u013ca ir absorb\u0113jusies pietiekami labi, uzkl\u0101jiet uz virsmas da\u017eus pilienus \u016bdens. Ja \u016bdeni ies\u016bcas kok\u0101, uz virsmai j\u0101uzkl\u0101j v\u0113l viens e\u013c\u013cas sl\u0101nis. Ja \u016bdens paliek uz virsmas, virsma ir gatava lieto\u0161anai. P\u0101rkl\u0101jums: 8-15m\u00b2\/L Darba r\u012bki: ota Darba r\u012bku t\u012br\u012b\u0161ana: \u016bdens un ziepes","og_url":"https:\/\/hobstop.ee\/lv\/produkts\/aizsargella-liberon-sauna\/","og_site_name":"Skizze","article_publisher":"http:\/\/www.facebook.com\/VunderSkizze","article_modified_time":"-0001-11-30T00:00:00+00:00","twitter_card":"summary_large_image","twitter_misc":{"Est. reading time":"1 min\u016b\u0161u"},"schema":{"@context":"https:\/\/schema.org","@graph":[{"@type":"WebPage","@id":"https:\/\/hobstop.ee\/lv\/produkts\/aizsargella-liberon-sauna\/","url":"https:\/\/hobstop.ee\/lv\/produkts\/aizsargella-liberon-sauna\/","name":"Aizsarge\u013c\u013ca Liberon Sauna &#8211; Skizze","isPartOf":{"@id":"https:\/\/hobstop.ee\/lv\/#website"},"datePublished":"2022-04-14T12:09:47+00:00","dateModified":"-0001-11-30T00:00:00+00:00","breadcrumb":{"@id":"https:\/\/hobstop.ee\/lv\/produkts\/aizsargella-liberon-sauna\/#breadcrumb"},"inLanguage":"lv-LV","potentialAction":[{"@type":"ReadAction","target":["https:\/\/hobstop.ee\/lv\/produkts\/aizsargella-liberon-sauna\/"]}]},{"@type":"BreadcrumbList","@id":"https:\/\/hobstop.ee\/lv\/produkts\/aizsargella-liberon-sauna\/#breadcrumb","itemListElement":[{"@type":"ListItem","position":1,"name":"Avaleht","item":"https:\/\/hobstop.ee\/lv\/"},{"@type":"ListItem","position":2,"name":"Veikals","item":"https:\/\/hobstop.ee\/lv\/veikals\/"},{"@type":"ListItem","position":3,"name":"Aizsarge\u013c\u013ca Liberon Sauna"}]},{"@type":"WebSite","@id":"https:\/\/hobstop.ee\/lv\/#website","url":"https:\/\/hobstop.ee\/lv\/","name":"Skizze","description":"M\u0101kslas, hobiju un skolas preces","publisher":{"@id":"https:\/\/hobstop.ee\/lv\/#organization"},"potentialAction":[{"@type":"SearchAction","target":{"@type":"EntryPoint","urlTemplate":"https:\/\/hobstop.ee\/lv\/?s={search_term_string}"},"query-input":{"@type":"PropertyValueSpecification","valueRequired":true,"valueName":"search_term_string"}}],"inLanguage":"lv-LV"},{"@type":"Organization","@id":"https:\/\/hobstop.ee\/lv\/#organization","name":"Vunder AS","url":"https:\/\/hobstop.ee\/lv\/","logo":{"@type":"ImageObject","inLanguage":"lv-LV","@id":"https:\/\/hobstop.ee\/lv\/#\/schema\/logo\/image\/","url":"https:\/\/hobstop.ee\/media\/vunder-logo.png","contentUrl":"https:\/\/hobstop.ee\/media\/vunder-logo.png","width":127,"height":55,"caption":"Vunder AS"},"image":{"@id":"https:\/\/hobstop.ee\/lv\/#\/schema\/logo\/image\/"},"sameAs":["http:\/\/www.facebook.com\/VunderSkizze"]}]}},"_links":{"self":[{"href":"https:\/\/hobstop.ee\/lv\/wp-json\/wp\/v2\/product\/343610","targetHints":{"allow":["GET"]}}],"collection":[{"href":"https:\/\/hobstop.ee\/lv\/wp-json\/wp\/v2\/product"}],"about":[{"href":"https:\/\/hobstop.ee\/lv\/wp-json\/wp\/v2\/types\/product"}],"replies":[{"embeddable":true,"href":"https:\/\/hobstop.ee\/lv\/wp-json\/wp\/v2\/comments?post=343610"}],"wp:attachment":[{"href":"https:\/\/hobstop.ee\/lv\/wp-json\/wp\/v2\/media?parent=343610"}],"wp:term":[{"taxonomy":"product_cat","embeddable":true,"href":"https:\/\/hobstop.ee\/lv\/wp-json\/wp\/v2\/product_cat?post=343610"},{"taxonomy":"product_tag","embeddable":true,"href":"https:\/\/hobstop.ee\/lv\/wp-json\/wp\/v2\/product_tag?post=343610"}],"curies":[{"name":"wp","href":"https:\/\/api.w.org\/{rel}","templated":true}]}}