{"id":343614,"date":"2022-04-14T15:09:51","date_gmt":"2022-04-14T12:09:53","guid":{"rendered":"https:\/\/sharks.ee\/vunder_2019\/?post_type=product&p=343614"},"modified":"2022-04-14T15:09:53","modified_gmt":"2022-04-14T12:09:53","slug":"beice-liberon-sauna-750ml","status":"publish","type":"product","link":"https:\/\/hobstop.ee\/lv\/produkts\/beice-liberon-sauna-750ml\/","title":{"rendered":"Beice Liberon Sauna 750ml"},"content":{"rendered":"<p>Liberon Sauna beice ir piem\u0113rota visu koka virsmu ton\u0113\u0161anai, izce\u013cot koka tekst\u016bru. Produkts aizsarg\u0101 koku no mitruma un net\u012brumiem, vienlaikus saglab\u0101jot koka dabisko izskatu. Liberon Sauna s\u0113rijas produkti ir bez smar\u017eas, ar zemu izpl\u016b\u0161anas l\u012bmeni un viegli lietojami gan uz horizont\u0101l\u0101m, gan vertik\u0101l\u0101m virsm\u0101m. Pietiek ar vienu k\u0101rtu. Lai ieg\u016btu lab\u0101ku rezult\u0101tu, p\u0101rkl\u0101t beic\u0113t\u0101s virsmas ar Liberon Sauna aizsarge\u013c\u013cu. <\/p>\n<p>Lieto\u0161ana:<br \/>\nUzkl\u0101jiet uz t\u012bras, sausas un viegli sl\u012bp\u0113tas virsmas. Noteikti iepriek\u0161 not\u012briet virsmu! Pirms lieto\u0161anas k\u0101rt\u012bgi sakratiet trauku, lai beice pareizi sajauktos. Pirms lieto\u0161anas ieteicams p\u0101rbaud\u012bt beices to\u0146a piem\u0113rot\u012bbu uz nelielas, maz redzamas virsmas. Uzkl\u0101jiet produktu uz virsmas ar platu otu koka \u0161\u0137iedras virzien\u0101, vienlaikus p\u0101rkl\u0101t maz\u0101ku laukumu. Gala rezult\u0101ts liel\u0101 m\u0113r\u0101 ir atkar\u012bgs no koka veida, uzkl\u0101\u0161anas tehnikas un no t\u0101, k\u0101 beices p\u0101rpalikumi tiek not\u012br\u012bti no virsmas. Ja v\u0113lies ieg\u016bt tum\u0161\u0101ku un intens\u012bv\u0101ku nokr\u0101su, uz virsmas vienm\u0113r\u012bgi j\u0101uzkl\u0101j viena pl\u0101na beices k\u0101rta. Lai ieg\u016btu vienm\u0113r\u012bg\u0101ku virsmu, uzkl\u0101jiet pl\u0101nu k\u0101rtu un nekav\u0113joties not\u012briet lieko beici ar audumu, kas nesatur putek\u013cus.<\/p>\n<p>P\u0101rkl\u0101jums: 12m\u00b2\/L<br \/>\n\u017d\u016b\u0161anas laiks: 4h<br \/>\nDarba r\u012bki: dr\u0101na, ota<br \/>\nDarba r\u012bku t\u012br\u012b\u0161ana: \u016bdens un ziepes<\/p>\n","protected":false},"excerpt":{"rendered":"<p>Liberon Sauna beice ir piem\u0113rota visu koka virsmu ton\u0113\u0161anai, izce\u013cot koka tekst\u016bru. Produkts aizsarg\u0101 koku no mitruma un net\u012brumiem, vienlaikus saglab\u0101jot koka dabisko izskatu. Liberon Sauna s\u0113rijas produkti ir bez smar\u017eas, ar zemu izpl\u016b\u0161anas l\u012bmeni un viegli lietojami gan uz horizont\u0101l\u0101m, gan vertik\u0101l\u0101m virsm\u0101m. Pietiek ar vienu k\u0101rtu. Lai ieg\u016btu lab\u0101ku rezult\u0101tu, p\u0101rkl\u0101t beic\u0113t\u0101s virsmas ar Liberon Sauna aizsarge\u013c\u013cu. Lieto\u0161ana: Uzkl\u0101jiet uz t\u012bras, sausas un viegli sl\u012bp\u0113tas virsmas. Noteikti iepriek\u0161 not\u012briet virsmu! Pirms lieto\u0161anas k\u0101rt\u012bgi sakratiet trauku, lai beice pareizi sajauktos. Pirms lieto\u0161anas ieteicams p\u0101rbaud\u012bt beices to\u0146a piem\u0113rot\u012bbu uz nelielas, maz redzamas virsmas. Uzkl\u0101jiet produktu uz virsmas ar platu otu koka \u0161\u0137iedras virzien\u0101, vienlaikus p\u0101rkl\u0101t maz\u0101ku laukumu. Gala rezult\u0101ts liel\u0101 m\u0113r\u0101 ir atkar\u012bgs no koka veida, uzkl\u0101\u0161anas tehnikas un no t\u0101, k\u0101 beices p\u0101rpalikumi tiek not\u012br\u012bti no virsmas. Ja v\u0113lies ieg\u016bt tum\u0161\u0101ku un intens\u012bv\u0101ku nokr\u0101su, uz virsmas vienm\u0113r\u012bgi j\u0101uzkl\u0101j viena pl\u0101na beices k\u0101rta. Lai ieg\u016btu vienm\u0113r\u012bg\u0101ku virsmu, uzkl\u0101jiet pl\u0101nu k\u0101rtu un nekav\u0113joties not\u012briet lieko beici ar audumu, kas nesatur putek\u013cus. P\u0101rkl\u0101jums: 12m\u00b2\/L \u017d\u016b\u0161anas laiks: 4h Darba r\u012bki: dr\u0101na, ota Darba r\u012bku t\u012br\u012b\u0161ana: \u016bdens un ziepes<\/p>\n","protected":false},"featured_media":0,"comment_status":"closed","ping_status":"closed","template":"","meta":{"_acf_changed":false,"ep_exclude_from_search":false},"product_cat":[20361],"product_tag":[],"class_list":{"0":"post-343614","1":"product","2":"type-product","3":"status-publish","5":"product_cat-maaramata","7":"first","8":"instock","9":"taxable","10":"shipping-taxable","11":"product-type-simple"},"acf":[],"yoast_head":"<!-- This site is optimized with the Yoast SEO plugin v24.1 - https:\/\/yoast.com\/wordpress\/plugins\/seo\/ -->\n<title>Beice Liberon Sauna 750ml &#8211; Skizze<\/title>\n<meta name=\"robots\" content=\"noindex, follow, max-snippet:-1, max-image-preview:large, max-video-preview:-1\" \/>\n<meta property=\"og:locale\" content=\"lv_LV\" \/>\n<meta property=\"og:type\" content=\"article\" \/>\n<meta property=\"og:title\" content=\"Beice Liberon Sauna 750ml &#8211; Skizze\" \/>\n<meta property=\"og:description\" content=\"Liberon Sauna beice ir piem\u0113rota visu koka virsmu ton\u0113\u0161anai, izce\u013cot koka tekst\u016bru. Produkts aizsarg\u0101 koku no mitruma un net\u012brumiem, vienlaikus saglab\u0101jot koka dabisko izskatu. Liberon Sauna s\u0113rijas produkti ir bez smar\u017eas, ar zemu izpl\u016b\u0161anas l\u012bmeni un viegli lietojami gan uz horizont\u0101l\u0101m, gan vertik\u0101l\u0101m virsm\u0101m. Pietiek ar vienu k\u0101rtu. Lai ieg\u016btu lab\u0101ku rezult\u0101tu, p\u0101rkl\u0101t beic\u0113t\u0101s virsmas ar Liberon Sauna aizsarge\u013c\u013cu. Lieto\u0161ana: Uzkl\u0101jiet uz t\u012bras, sausas un viegli sl\u012bp\u0113tas virsmas. Noteikti iepriek\u0161 not\u012briet virsmu! Pirms lieto\u0161anas k\u0101rt\u012bgi sakratiet trauku, lai beice pareizi sajauktos. Pirms lieto\u0161anas ieteicams p\u0101rbaud\u012bt beices to\u0146a piem\u0113rot\u012bbu uz nelielas, maz redzamas virsmas. Uzkl\u0101jiet produktu uz virsmas ar platu otu koka \u0161\u0137iedras virzien\u0101, vienlaikus p\u0101rkl\u0101t maz\u0101ku laukumu. Gala rezult\u0101ts liel\u0101 m\u0113r\u0101 ir atkar\u012bgs no koka veida, uzkl\u0101\u0161anas tehnikas un no t\u0101, k\u0101 beices p\u0101rpalikumi tiek not\u012br\u012bti no virsmas. Ja v\u0113lies ieg\u016bt tum\u0161\u0101ku un intens\u012bv\u0101ku nokr\u0101su, uz virsmas vienm\u0113r\u012bgi j\u0101uzkl\u0101j viena pl\u0101na beices k\u0101rta. Lai ieg\u016btu vienm\u0113r\u012bg\u0101ku virsmu, uzkl\u0101jiet pl\u0101nu k\u0101rtu un nekav\u0113joties not\u012briet lieko beici ar audumu, kas nesatur putek\u013cus. P\u0101rkl\u0101jums: 12m\u00b2\/L \u017d\u016b\u0161anas laiks: 4h Darba r\u012bki: dr\u0101na, ota Darba r\u012bku t\u012br\u012b\u0161ana: \u016bdens un ziepes\" \/>\n<meta property=\"og:url\" content=\"https:\/\/hobstop.ee\/lv\/produkts\/beice-liberon-sauna-750ml\/\" \/>\n<meta property=\"og:site_name\" content=\"Skizze\" \/>\n<meta property=\"article:publisher\" content=\"http:\/\/www.facebook.com\/VunderSkizze\" \/>\n<meta property=\"article:modified_time\" content=\"-0001-11-30T00:00:00+00:00\" \/>\n<meta name=\"twitter:card\" content=\"summary_large_image\" \/>\n<meta name=\"twitter:label1\" content=\"Est. reading time\" \/>\n\t<meta name=\"twitter:data1\" content=\"1 min\u016b\u0161u\" \/>\n<script type=\"application\/ld+json\" class=\"yoast-schema-graph\">{\"@context\":\"https:\/\/schema.org\",\"@graph\":[{\"@type\":\"WebPage\",\"@id\":\"https:\/\/hobstop.ee\/lv\/produkts\/beice-liberon-sauna-750ml\/\",\"url\":\"https:\/\/hobstop.ee\/lv\/produkts\/beice-liberon-sauna-750ml\/\",\"name\":\"Beice Liberon Sauna 750ml &#8211; Skizze\",\"isPartOf\":{\"@id\":\"https:\/\/hobstop.ee\/lv\/#website\"},\"datePublished\":\"2022-04-14T12:09:53+00:00\",\"dateModified\":\"-0001-11-30T00:00:00+00:00\",\"breadcrumb\":{\"@id\":\"https:\/\/hobstop.ee\/lv\/produkts\/beice-liberon-sauna-750ml\/#breadcrumb\"},\"inLanguage\":\"lv-LV\",\"potentialAction\":[{\"@type\":\"ReadAction\",\"target\":[\"https:\/\/hobstop.ee\/lv\/produkts\/beice-liberon-sauna-750ml\/\"]}]},{\"@type\":\"BreadcrumbList\",\"@id\":\"https:\/\/hobstop.ee\/lv\/produkts\/beice-liberon-sauna-750ml\/#breadcrumb\",\"itemListElement\":[{\"@type\":\"ListItem\",\"position\":1,\"name\":\"Avaleht\",\"item\":\"https:\/\/hobstop.ee\/lv\/\"},{\"@type\":\"ListItem\",\"position\":2,\"name\":\"Veikals\",\"item\":\"https:\/\/hobstop.ee\/lv\/veikals\/\"},{\"@type\":\"ListItem\",\"position\":3,\"name\":\"Beice Liberon Sauna 750ml\"}]},{\"@type\":\"WebSite\",\"@id\":\"https:\/\/hobstop.ee\/lv\/#website\",\"url\":\"https:\/\/hobstop.ee\/lv\/\",\"name\":\"Skizze\",\"description\":\"M\u0101kslas, hobiju un skolas preces\",\"publisher\":{\"@id\":\"https:\/\/hobstop.ee\/lv\/#organization\"},\"potentialAction\":[{\"@type\":\"SearchAction\",\"target\":{\"@type\":\"EntryPoint\",\"urlTemplate\":\"https:\/\/hobstop.ee\/lv\/?s={search_term_string}\"},\"query-input\":{\"@type\":\"PropertyValueSpecification\",\"valueRequired\":true,\"valueName\":\"search_term_string\"}}],\"inLanguage\":\"lv-LV\"},{\"@type\":\"Organization\",\"@id\":\"https:\/\/hobstop.ee\/lv\/#organization\",\"name\":\"Vunder AS\",\"url\":\"https:\/\/hobstop.ee\/lv\/\",\"logo\":{\"@type\":\"ImageObject\",\"inLanguage\":\"lv-LV\",\"@id\":\"https:\/\/hobstop.ee\/lv\/#\/schema\/logo\/image\/\",\"url\":\"https:\/\/hobstop.ee\/media\/vunder-logo.png\",\"contentUrl\":\"https:\/\/hobstop.ee\/media\/vunder-logo.png\",\"width\":127,\"height\":55,\"caption\":\"Vunder AS\"},\"image\":{\"@id\":\"https:\/\/hobstop.ee\/lv\/#\/schema\/logo\/image\/\"},\"sameAs\":[\"http:\/\/www.facebook.com\/VunderSkizze\"]}]}<\/script>\n<!-- \/ Yoast SEO plugin. -->","yoast_head_json":{"title":"Beice Liberon Sauna 750ml &#8211; Skizze","robots":{"index":"noindex","follow":"follow","max-snippet":"max-snippet:-1","max-image-preview":"max-image-preview:large","max-video-preview":"max-video-preview:-1"},"og_locale":"lv_LV","og_type":"article","og_title":"Beice Liberon Sauna 750ml &#8211; Skizze","og_description":"Liberon Sauna beice ir piem\u0113rota visu koka virsmu ton\u0113\u0161anai, izce\u013cot koka tekst\u016bru. Produkts aizsarg\u0101 koku no mitruma un net\u012brumiem, vienlaikus saglab\u0101jot koka dabisko izskatu. Liberon Sauna s\u0113rijas produkti ir bez smar\u017eas, ar zemu izpl\u016b\u0161anas l\u012bmeni un viegli lietojami gan uz horizont\u0101l\u0101m, gan vertik\u0101l\u0101m virsm\u0101m. Pietiek ar vienu k\u0101rtu. Lai ieg\u016btu lab\u0101ku rezult\u0101tu, p\u0101rkl\u0101t beic\u0113t\u0101s virsmas ar Liberon Sauna aizsarge\u013c\u013cu. Lieto\u0161ana: Uzkl\u0101jiet uz t\u012bras, sausas un viegli sl\u012bp\u0113tas virsmas. Noteikti iepriek\u0161 not\u012briet virsmu! Pirms lieto\u0161anas k\u0101rt\u012bgi sakratiet trauku, lai beice pareizi sajauktos. Pirms lieto\u0161anas ieteicams p\u0101rbaud\u012bt beices to\u0146a piem\u0113rot\u012bbu uz nelielas, maz redzamas virsmas. Uzkl\u0101jiet produktu uz virsmas ar platu otu koka \u0161\u0137iedras virzien\u0101, vienlaikus p\u0101rkl\u0101t maz\u0101ku laukumu. Gala rezult\u0101ts liel\u0101 m\u0113r\u0101 ir atkar\u012bgs no koka veida, uzkl\u0101\u0161anas tehnikas un no t\u0101, k\u0101 beices p\u0101rpalikumi tiek not\u012br\u012bti no virsmas. Ja v\u0113lies ieg\u016bt tum\u0161\u0101ku un intens\u012bv\u0101ku nokr\u0101su, uz virsmas vienm\u0113r\u012bgi j\u0101uzkl\u0101j viena pl\u0101na beices k\u0101rta. Lai ieg\u016btu vienm\u0113r\u012bg\u0101ku virsmu, uzkl\u0101jiet pl\u0101nu k\u0101rtu un nekav\u0113joties not\u012briet lieko beici ar audumu, kas nesatur putek\u013cus. P\u0101rkl\u0101jums: 12m\u00b2\/L \u017d\u016b\u0161anas laiks: 4h Darba r\u012bki: dr\u0101na, ota Darba r\u012bku t\u012br\u012b\u0161ana: \u016bdens un ziepes","og_url":"https:\/\/hobstop.ee\/lv\/produkts\/beice-liberon-sauna-750ml\/","og_site_name":"Skizze","article_publisher":"http:\/\/www.facebook.com\/VunderSkizze","article_modified_time":"-0001-11-30T00:00:00+00:00","twitter_card":"summary_large_image","twitter_misc":{"Est. reading time":"1 min\u016b\u0161u"},"schema":{"@context":"https:\/\/schema.org","@graph":[{"@type":"WebPage","@id":"https:\/\/hobstop.ee\/lv\/produkts\/beice-liberon-sauna-750ml\/","url":"https:\/\/hobstop.ee\/lv\/produkts\/beice-liberon-sauna-750ml\/","name":"Beice Liberon Sauna 750ml &#8211; Skizze","isPartOf":{"@id":"https:\/\/hobstop.ee\/lv\/#website"},"datePublished":"2022-04-14T12:09:53+00:00","dateModified":"-0001-11-30T00:00:00+00:00","breadcrumb":{"@id":"https:\/\/hobstop.ee\/lv\/produkts\/beice-liberon-sauna-750ml\/#breadcrumb"},"inLanguage":"lv-LV","potentialAction":[{"@type":"ReadAction","target":["https:\/\/hobstop.ee\/lv\/produkts\/beice-liberon-sauna-750ml\/"]}]},{"@type":"BreadcrumbList","@id":"https:\/\/hobstop.ee\/lv\/produkts\/beice-liberon-sauna-750ml\/#breadcrumb","itemListElement":[{"@type":"ListItem","position":1,"name":"Avaleht","item":"https:\/\/hobstop.ee\/lv\/"},{"@type":"ListItem","position":2,"name":"Veikals","item":"https:\/\/hobstop.ee\/lv\/veikals\/"},{"@type":"ListItem","position":3,"name":"Beice Liberon Sauna 750ml"}]},{"@type":"WebSite","@id":"https:\/\/hobstop.ee\/lv\/#website","url":"https:\/\/hobstop.ee\/lv\/","name":"Skizze","description":"M\u0101kslas, hobiju un skolas preces","publisher":{"@id":"https:\/\/hobstop.ee\/lv\/#organization"},"potentialAction":[{"@type":"SearchAction","target":{"@type":"EntryPoint","urlTemplate":"https:\/\/hobstop.ee\/lv\/?s={search_term_string}"},"query-input":{"@type":"PropertyValueSpecification","valueRequired":true,"valueName":"search_term_string"}}],"inLanguage":"lv-LV"},{"@type":"Organization","@id":"https:\/\/hobstop.ee\/lv\/#organization","name":"Vunder AS","url":"https:\/\/hobstop.ee\/lv\/","logo":{"@type":"ImageObject","inLanguage":"lv-LV","@id":"https:\/\/hobstop.ee\/lv\/#\/schema\/logo\/image\/","url":"https:\/\/hobstop.ee\/media\/vunder-logo.png","contentUrl":"https:\/\/hobstop.ee\/media\/vunder-logo.png","width":127,"height":55,"caption":"Vunder AS"},"image":{"@id":"https:\/\/hobstop.ee\/lv\/#\/schema\/logo\/image\/"},"sameAs":["http:\/\/www.facebook.com\/VunderSkizze"]}]}},"_links":{"self":[{"href":"https:\/\/hobstop.ee\/lv\/wp-json\/wp\/v2\/product\/343614","targetHints":{"allow":["GET"]}}],"collection":[{"href":"https:\/\/hobstop.ee\/lv\/wp-json\/wp\/v2\/product"}],"about":[{"href":"https:\/\/hobstop.ee\/lv\/wp-json\/wp\/v2\/types\/product"}],"replies":[{"embeddable":true,"href":"https:\/\/hobstop.ee\/lv\/wp-json\/wp\/v2\/comments?post=343614"}],"wp:attachment":[{"href":"https:\/\/hobstop.ee\/lv\/wp-json\/wp\/v2\/media?parent=343614"}],"wp:term":[{"taxonomy":"product_cat","embeddable":true,"href":"https:\/\/hobstop.ee\/lv\/wp-json\/wp\/v2\/product_cat?post=343614"},{"taxonomy":"product_tag","embeddable":true,"href":"https:\/\/hobstop.ee\/lv\/wp-json\/wp\/v2\/product_tag?post=343614"}],"curies":[{"name":"wp","href":"https:\/\/api.w.org\/{rel}","templated":true}]}}