{"id":51433,"date":"2014-12-08T16:14:57","date_gmt":"2014-12-08T14:14:57","guid":{"rendered":"https:\/\/sharks.ee\/vunder_2019.klient.veebimajutus.ee\/?post_type=product&#038;p=51433"},"modified":"2014-12-08T16:14:57","modified_gmt":"2014-12-08T14:14:57","slug":"plastilins-giotto-pongo-soft-250g","status":"publish","type":"product","link":"https:\/\/hobstop.ee\/lv\/produkts\/plastilins-giotto-pongo-soft-250g\/","title":{"rendered":"Plastil\u012bns Giotto Pongo Soft 250g"},"content":{"rendered":"<p>Uz vaska un miner\u0101lu b\u0101zes veidots kr\u0101sains plastil\u012bns.  \u012apa\u0161ais sast\u0101vs nodro\u0161ina optim\u0101las plastiskuma un veido\u0161anas \u012bpa\u0161\u012bbas.  Sortiment\u0101 ir da\u017e\u0101das kr\u0101sas, kas sav\u0101 starp\u0101 ir jaucamas.  Neiz\u017e\u016bst saskar\u0113 ar gaisu, daudzk\u0101rt\u012bgi lietojams.  Pongo ir plastil\u012bns, kas speci\u0101li izstr\u0101d\u0101ts b\u0113rnu rado\u0161aj\u0101m nodarb\u012bb\u0101m, gan lieti\u0161\u0137\u0101s m\u0101kslas entuziastiem, gan tiem, kas v\u0113las izpausties cit\u0101s m\u0101kslas jom\u0101s.<\/p>\n","protected":false},"excerpt":{"rendered":"<p>Uz vaska un miner\u0101lu b\u0101zes veidots kr\u0101sains plastil\u012bns. \u012apa\u0161ais sast\u0101vs nodro\u0161ina optim\u0101las plastiskuma un veido\u0161anas \u012bpa\u0161\u012bbas. Sortiment\u0101 ir da\u017e\u0101das kr\u0101sas, kas sav\u0101 starp\u0101 ir jaucamas. Neiz\u017e\u016bst saskar\u0113 ar gaisu, daudzk\u0101rt\u012bgi lietojams. Pongo ir plastil\u012bns, kas speci\u0101li izstr\u0101d\u0101ts b\u0113rnu rado\u0161aj\u0101m nodarb\u012bb\u0101m, gan lieti\u0161\u0137\u0101s m\u0101kslas entuziastiem, gan tiem, kas v\u0113las izpausties cit\u0101s m\u0101kslas jom\u0101s.<\/p>\n","protected":false},"featured_media":0,"comment_status":"closed","ping_status":"closed","template":"","meta":{"_acf_changed":false,"ep_exclude_from_search":false},"product_cat":[18189,17916,17951],"product_tag":[],"class_list":{"0":"post-51433","1":"product","2":"type-product","3":"status-publish","5":"product_cat-plastilins","6":"product_cat-preces-skolai","7":"product_cat-veidosanas-masas-un-piederumi","9":"first","10":"instock","11":"sale","12":"taxable","13":"shipping-taxable","14":"purchasable","15":"product-type-variable"},"acf":[],"yoast_head":"<!-- This site is optimized with the Yoast SEO plugin v24.1 - https:\/\/yoast.com\/wordpress\/plugins\/seo\/ -->\n<title>Plastil\u012bns Giotto Pongo Soft 250g &#8211; Skizze<\/title>\n<meta name=\"robots\" content=\"noindex, follow, max-snippet:-1, max-image-preview:large, max-video-preview:-1\" \/>\n<meta property=\"og:locale\" content=\"lv_LV\" \/>\n<meta property=\"og:type\" content=\"article\" \/>\n<meta property=\"og:title\" content=\"Plastil\u012bns Giotto Pongo Soft 250g &#8211; Skizze\" \/>\n<meta property=\"og:description\" content=\"Uz vaska un miner\u0101lu b\u0101zes veidots kr\u0101sains plastil\u012bns. \u012apa\u0161ais sast\u0101vs nodro\u0161ina optim\u0101las plastiskuma un veido\u0161anas \u012bpa\u0161\u012bbas. Sortiment\u0101 ir da\u017e\u0101das kr\u0101sas, kas sav\u0101 starp\u0101 ir jaucamas. Neiz\u017e\u016bst saskar\u0113 ar gaisu, daudzk\u0101rt\u012bgi lietojams. Pongo ir plastil\u012bns, kas speci\u0101li izstr\u0101d\u0101ts b\u0113rnu rado\u0161aj\u0101m nodarb\u012bb\u0101m, gan lieti\u0161\u0137\u0101s m\u0101kslas entuziastiem, gan tiem, kas v\u0113las izpausties cit\u0101s m\u0101kslas jom\u0101s.\" \/>\n<meta property=\"og:url\" content=\"https:\/\/hobstop.ee\/lv\/produkts\/plastilins-giotto-pongo-soft-250g\/\" \/>\n<meta property=\"og:site_name\" content=\"Skizze\" \/>\n<meta property=\"article:publisher\" content=\"http:\/\/www.facebook.com\/VunderSkizze\" \/>\n<meta name=\"twitter:card\" content=\"summary_large_image\" \/>\n<script type=\"application\/ld+json\" class=\"yoast-schema-graph\">{\"@context\":\"https:\/\/schema.org\",\"@graph\":[{\"@type\":\"WebPage\",\"@id\":\"https:\/\/hobstop.ee\/lv\/produkts\/plastilins-giotto-pongo-soft-250g\/\",\"url\":\"https:\/\/hobstop.ee\/lv\/produkts\/plastilins-giotto-pongo-soft-250g\/\",\"name\":\"Plastil\u012bns Giotto Pongo Soft 250g &#8211; Skizze\",\"isPartOf\":{\"@id\":\"https:\/\/hobstop.ee\/lv\/#website\"},\"datePublished\":\"2014-12-08T14:14:57+00:00\",\"dateModified\":\"2014-12-08T14:14:57+00:00\",\"breadcrumb\":{\"@id\":\"https:\/\/hobstop.ee\/lv\/produkts\/plastilins-giotto-pongo-soft-250g\/#breadcrumb\"},\"inLanguage\":\"lv-LV\",\"potentialAction\":[{\"@type\":\"ReadAction\",\"target\":[\"https:\/\/hobstop.ee\/lv\/produkts\/plastilins-giotto-pongo-soft-250g\/\"]}]},{\"@type\":\"BreadcrumbList\",\"@id\":\"https:\/\/hobstop.ee\/lv\/produkts\/plastilins-giotto-pongo-soft-250g\/#breadcrumb\",\"itemListElement\":[{\"@type\":\"ListItem\",\"position\":1,\"name\":\"Avaleht\",\"item\":\"https:\/\/www.hobstop.ee\/lv\/\"},{\"@type\":\"ListItem\",\"position\":2,\"name\":\"Veikals\",\"item\":\"https:\/\/www.hobstop.ee\/lv\/veikals\/\"},{\"@type\":\"ListItem\",\"position\":3,\"name\":\"Plastil\u012bns Giotto Pongo Soft 250g\"}]},{\"@type\":\"WebSite\",\"@id\":\"https:\/\/hobstop.ee\/lv\/#website\",\"url\":\"https:\/\/hobstop.ee\/lv\/\",\"name\":\"Skizze\",\"description\":\"M\u0101kslas, hobiju un skolas preces\",\"publisher\":{\"@id\":\"https:\/\/hobstop.ee\/lv\/#organization\"},\"potentialAction\":[{\"@type\":\"SearchAction\",\"target\":{\"@type\":\"EntryPoint\",\"urlTemplate\":\"https:\/\/hobstop.ee\/lv\/?s={search_term_string}\"},\"query-input\":{\"@type\":\"PropertyValueSpecification\",\"valueRequired\":true,\"valueName\":\"search_term_string\"}}],\"inLanguage\":\"lv-LV\"},{\"@type\":\"Organization\",\"@id\":\"https:\/\/hobstop.ee\/lv\/#organization\",\"name\":\"Vunder AS\",\"url\":\"https:\/\/hobstop.ee\/lv\/\",\"logo\":{\"@type\":\"ImageObject\",\"inLanguage\":\"lv-LV\",\"@id\":\"https:\/\/hobstop.ee\/lv\/#\/schema\/logo\/image\/\",\"url\":\"https:\/\/hobstop.ee\/media\/vunder-logo.png\",\"contentUrl\":\"https:\/\/hobstop.ee\/media\/vunder-logo.png\",\"width\":127,\"height\":55,\"caption\":\"Vunder AS\"},\"image\":{\"@id\":\"https:\/\/hobstop.ee\/lv\/#\/schema\/logo\/image\/\"},\"sameAs\":[\"http:\/\/www.facebook.com\/VunderSkizze\"]}]}<\/script>\n<!-- \/ Yoast SEO plugin. -->","yoast_head_json":{"title":"Plastil\u012bns Giotto Pongo Soft 250g &#8211; Skizze","robots":{"index":"noindex","follow":"follow","max-snippet":"max-snippet:-1","max-image-preview":"max-image-preview:large","max-video-preview":"max-video-preview:-1"},"og_locale":"lv_LV","og_type":"article","og_title":"Plastil\u012bns Giotto Pongo Soft 250g &#8211; Skizze","og_description":"Uz vaska un miner\u0101lu b\u0101zes veidots kr\u0101sains plastil\u012bns. \u012apa\u0161ais sast\u0101vs nodro\u0161ina optim\u0101las plastiskuma un veido\u0161anas \u012bpa\u0161\u012bbas. Sortiment\u0101 ir da\u017e\u0101das kr\u0101sas, kas sav\u0101 starp\u0101 ir jaucamas. Neiz\u017e\u016bst saskar\u0113 ar gaisu, daudzk\u0101rt\u012bgi lietojams. Pongo ir plastil\u012bns, kas speci\u0101li izstr\u0101d\u0101ts b\u0113rnu rado\u0161aj\u0101m nodarb\u012bb\u0101m, gan lieti\u0161\u0137\u0101s m\u0101kslas entuziastiem, gan tiem, kas v\u0113las izpausties cit\u0101s m\u0101kslas jom\u0101s.","og_url":"https:\/\/hobstop.ee\/lv\/produkts\/plastilins-giotto-pongo-soft-250g\/","og_site_name":"Skizze","article_publisher":"http:\/\/www.facebook.com\/VunderSkizze","twitter_card":"summary_large_image","schema":{"@context":"https:\/\/schema.org","@graph":[{"@type":"WebPage","@id":"https:\/\/hobstop.ee\/lv\/produkts\/plastilins-giotto-pongo-soft-250g\/","url":"https:\/\/hobstop.ee\/lv\/produkts\/plastilins-giotto-pongo-soft-250g\/","name":"Plastil\u012bns Giotto Pongo Soft 250g &#8211; Skizze","isPartOf":{"@id":"https:\/\/hobstop.ee\/lv\/#website"},"datePublished":"2014-12-08T14:14:57+00:00","dateModified":"2014-12-08T14:14:57+00:00","breadcrumb":{"@id":"https:\/\/hobstop.ee\/lv\/produkts\/plastilins-giotto-pongo-soft-250g\/#breadcrumb"},"inLanguage":"lv-LV","potentialAction":[{"@type":"ReadAction","target":["https:\/\/hobstop.ee\/lv\/produkts\/plastilins-giotto-pongo-soft-250g\/"]}]},{"@type":"BreadcrumbList","@id":"https:\/\/hobstop.ee\/lv\/produkts\/plastilins-giotto-pongo-soft-250g\/#breadcrumb","itemListElement":[{"@type":"ListItem","position":1,"name":"Avaleht","item":"https:\/\/www.hobstop.ee\/lv\/"},{"@type":"ListItem","position":2,"name":"Veikals","item":"https:\/\/www.hobstop.ee\/lv\/veikals\/"},{"@type":"ListItem","position":3,"name":"Plastil\u012bns Giotto Pongo Soft 250g"}]},{"@type":"WebSite","@id":"https:\/\/hobstop.ee\/lv\/#website","url":"https:\/\/hobstop.ee\/lv\/","name":"Skizze","description":"M\u0101kslas, hobiju un skolas preces","publisher":{"@id":"https:\/\/hobstop.ee\/lv\/#organization"},"potentialAction":[{"@type":"SearchAction","target":{"@type":"EntryPoint","urlTemplate":"https:\/\/hobstop.ee\/lv\/?s={search_term_string}"},"query-input":{"@type":"PropertyValueSpecification","valueRequired":true,"valueName":"search_term_string"}}],"inLanguage":"lv-LV"},{"@type":"Organization","@id":"https:\/\/hobstop.ee\/lv\/#organization","name":"Vunder AS","url":"https:\/\/hobstop.ee\/lv\/","logo":{"@type":"ImageObject","inLanguage":"lv-LV","@id":"https:\/\/hobstop.ee\/lv\/#\/schema\/logo\/image\/","url":"https:\/\/hobstop.ee\/media\/vunder-logo.png","contentUrl":"https:\/\/hobstop.ee\/media\/vunder-logo.png","width":127,"height":55,"caption":"Vunder AS"},"image":{"@id":"https:\/\/hobstop.ee\/lv\/#\/schema\/logo\/image\/"},"sameAs":["http:\/\/www.facebook.com\/VunderSkizze"]}]}},"_links":{"self":[{"href":"https:\/\/hobstop.ee\/lv\/wp-json\/wp\/v2\/product\/51433","targetHints":{"allow":["GET"]}}],"collection":[{"href":"https:\/\/hobstop.ee\/lv\/wp-json\/wp\/v2\/product"}],"about":[{"href":"https:\/\/hobstop.ee\/lv\/wp-json\/wp\/v2\/types\/product"}],"replies":[{"embeddable":true,"href":"https:\/\/hobstop.ee\/lv\/wp-json\/wp\/v2\/comments?post=51433"}],"wp:attachment":[{"href":"https:\/\/hobstop.ee\/lv\/wp-json\/wp\/v2\/media?parent=51433"}],"wp:term":[{"taxonomy":"product_cat","embeddable":true,"href":"https:\/\/hobstop.ee\/lv\/wp-json\/wp\/v2\/product_cat?post=51433"},{"taxonomy":"product_tag","embeddable":true,"href":"https:\/\/hobstop.ee\/lv\/wp-json\/wp\/v2\/product_tag?post=51433"}],"curies":[{"name":"wp","href":"https:\/\/api.w.org\/{rel}","templated":true}]}}