{"id":60235,"date":"2014-12-09T12:46:04","date_gmt":"2014-12-09T10:46:04","guid":{"rendered":"https:\/\/sharks.ee\/vunder_2019.klient.veebimajutus.ee\/?post_type=product&#038;p=60235"},"modified":"2014-12-09T12:46:04","modified_gmt":"2014-12-09T10:46:04","slug":"medijs-gels-akrilam-liquitex-spidigs","status":"publish","type":"product","link":"https:\/\/hobstop.ee\/lv\/produkts\/medijs-gels-akrilam-liquitex-spidigs\/","title":{"rendered":"Medijs-g\u0113ls akrilam Liquitex sp\u012bd\u012bgs"},"content":{"rendered":"<p>Liquitex Gloss jeb sp\u012bd\u012bgs \u017eelejveida m\u0113dijs palielina akrila kr\u0101sas sp\u012bdumu, padara kr\u0101su biez\u0101ku, k\u0101 ar\u012b izce\u013c otas triepienus. Pagarina \u017e\u016b\u0161anas laiku un palielina kr\u0101sas to\u0146a dzi\u013cumu.<br \/>\nM\u0113dijs iz\u017e\u016bstot paliek caursp\u012bd\u012bgs. Piem\u0113rots struktur\u0101lu efektu veido\u0161anai ar caursp\u012bd\u012bgiem to\u0146iem. Lieliski noder druk\u0101tu att\u0113lu p\u0101rne\u0161anai.<\/p>\n","protected":false},"excerpt":{"rendered":"<p>Liquitex Gloss jeb sp\u012bd\u012bgs \u017eelejveida m\u0113dijs palielina akrila kr\u0101sas sp\u012bdumu, padara kr\u0101su biez\u0101ku, k\u0101 ar\u012b izce\u013c otas triepienus. Pagarina \u017e\u016b\u0161anas laiku un palielina kr\u0101sas to\u0146a dzi\u013cumu. M\u0113dijs iz\u017e\u016bstot paliek caursp\u012bd\u012bgs. Piem\u0113rots struktur\u0101lu efektu veido\u0161anai ar caursp\u012bd\u012bgiem to\u0146iem. Lieliski noder druk\u0101tu att\u0113lu p\u0101rne\u0161anai.<\/p>\n","protected":false},"featured_media":353763,"comment_status":"closed","ping_status":"closed","template":"","meta":{"_acf_changed":false,"ep_exclude_from_search":false},"product_cat":[18997,17980,16123],"product_tag":[],"class_list":{"0":"post-60235","1":"product","2":"type-product","3":"status-publish","4":"has-post-thumbnail","6":"product_cat-akrilkrasu-mediji-3","7":"product_cat-krasas-un-gleznosanas-paligmateriali","8":"product_cat-makslas-piederumi-2","10":"first","11":"outofstock","12":"taxable","13":"shipping-taxable","14":"purchasable","15":"product-type-variable"},"acf":[],"yoast_head":"<!-- This site is optimized with the Yoast SEO plugin v24.1 - https:\/\/yoast.com\/wordpress\/plugins\/seo\/ -->\n<title>Medijs-g\u0113ls akrilam Liquitex sp\u012bd\u012bgs &#8211; Skizze<\/title>\n<meta name=\"robots\" content=\"noindex, follow, max-snippet:-1, max-image-preview:large, max-video-preview:-1\" \/>\n<meta property=\"og:locale\" content=\"lv_LV\" \/>\n<meta property=\"og:type\" content=\"article\" \/>\n<meta property=\"og:title\" content=\"Medijs-g\u0113ls akrilam Liquitex sp\u012bd\u012bgs &#8211; Skizze\" \/>\n<meta property=\"og:description\" content=\"Liquitex Gloss jeb sp\u012bd\u012bgs \u017eelejveida m\u0113dijs palielina akrila kr\u0101sas sp\u012bdumu, padara kr\u0101su biez\u0101ku, k\u0101 ar\u012b izce\u013c otas triepienus. Pagarina \u017e\u016b\u0161anas laiku un palielina kr\u0101sas to\u0146a dzi\u013cumu. M\u0113dijs iz\u017e\u016bstot paliek caursp\u012bd\u012bgs. Piem\u0113rots struktur\u0101lu efektu veido\u0161anai ar caursp\u012bd\u012bgiem to\u0146iem. Lieliski noder druk\u0101tu att\u0113lu p\u0101rne\u0161anai.\" \/>\n<meta property=\"og:url\" content=\"https:\/\/hobstop.ee\/lv\/produkts\/medijs-gels-akrilam-liquitex-spidigs\/\" \/>\n<meta property=\"og:site_name\" content=\"Skizze\" \/>\n<meta property=\"article:publisher\" content=\"http:\/\/www.facebook.com\/VunderSkizze\" \/>\n<meta property=\"og:image\" content=\"https:\/\/www.hobstop.ee\/media\/70.jpg\" \/>\n\t<meta property=\"og:image:width\" content=\"1024\" \/>\n\t<meta property=\"og:image:height\" content=\"768\" \/>\n\t<meta property=\"og:image:type\" content=\"image\/jpeg\" \/>\n<meta name=\"twitter:card\" content=\"summary_large_image\" \/>\n<script type=\"application\/ld+json\" class=\"yoast-schema-graph\">{\"@context\":\"https:\/\/schema.org\",\"@graph\":[{\"@type\":\"WebPage\",\"@id\":\"https:\/\/hobstop.ee\/lv\/produkts\/medijs-gels-akrilam-liquitex-spidigs\/\",\"url\":\"https:\/\/hobstop.ee\/lv\/produkts\/medijs-gels-akrilam-liquitex-spidigs\/\",\"name\":\"Medijs-g\u0113ls akrilam Liquitex sp\u012bd\u012bgs &#8211; Skizze\",\"isPartOf\":{\"@id\":\"https:\/\/hobstop.ee\/lv\/#website\"},\"primaryImageOfPage\":{\"@id\":\"https:\/\/hobstop.ee\/lv\/produkts\/medijs-gels-akrilam-liquitex-spidigs\/#primaryimage\"},\"image\":{\"@id\":\"https:\/\/hobstop.ee\/lv\/produkts\/medijs-gels-akrilam-liquitex-spidigs\/#primaryimage\"},\"thumbnailUrl\":\"https:\/\/hobstop.ee\/media\/70.jpg\",\"datePublished\":\"2014-12-09T10:46:04+00:00\",\"dateModified\":\"2014-12-09T10:46:04+00:00\",\"breadcrumb\":{\"@id\":\"https:\/\/hobstop.ee\/lv\/produkts\/medijs-gels-akrilam-liquitex-spidigs\/#breadcrumb\"},\"inLanguage\":\"lv-LV\",\"potentialAction\":[{\"@type\":\"ReadAction\",\"target\":[\"https:\/\/hobstop.ee\/lv\/produkts\/medijs-gels-akrilam-liquitex-spidigs\/\"]}]},{\"@type\":\"ImageObject\",\"inLanguage\":\"lv-LV\",\"@id\":\"https:\/\/hobstop.ee\/lv\/produkts\/medijs-gels-akrilam-liquitex-spidigs\/#primaryimage\",\"url\":\"https:\/\/hobstop.ee\/media\/70.jpg\",\"contentUrl\":\"https:\/\/hobstop.ee\/media\/70.jpg\",\"width\":1024,\"height\":768},{\"@type\":\"BreadcrumbList\",\"@id\":\"https:\/\/hobstop.ee\/lv\/produkts\/medijs-gels-akrilam-liquitex-spidigs\/#breadcrumb\",\"itemListElement\":[{\"@type\":\"ListItem\",\"position\":1,\"name\":\"Avaleht\",\"item\":\"https:\/\/www.hobstop.ee\/lv\/\"},{\"@type\":\"ListItem\",\"position\":2,\"name\":\"Veikals\",\"item\":\"https:\/\/www.hobstop.ee\/lv\/veikals\/\"},{\"@type\":\"ListItem\",\"position\":3,\"name\":\"Medijs-g\u0113ls akrilam Liquitex sp\u012bd\u012bgs\"}]},{\"@type\":\"WebSite\",\"@id\":\"https:\/\/hobstop.ee\/lv\/#website\",\"url\":\"https:\/\/hobstop.ee\/lv\/\",\"name\":\"Skizze\",\"description\":\"M\u0101kslas, hobiju un skolas preces\",\"publisher\":{\"@id\":\"https:\/\/hobstop.ee\/lv\/#organization\"},\"potentialAction\":[{\"@type\":\"SearchAction\",\"target\":{\"@type\":\"EntryPoint\",\"urlTemplate\":\"https:\/\/hobstop.ee\/lv\/?s={search_term_string}\"},\"query-input\":{\"@type\":\"PropertyValueSpecification\",\"valueRequired\":true,\"valueName\":\"search_term_string\"}}],\"inLanguage\":\"lv-LV\"},{\"@type\":\"Organization\",\"@id\":\"https:\/\/hobstop.ee\/lv\/#organization\",\"name\":\"Vunder AS\",\"url\":\"https:\/\/hobstop.ee\/lv\/\",\"logo\":{\"@type\":\"ImageObject\",\"inLanguage\":\"lv-LV\",\"@id\":\"https:\/\/hobstop.ee\/lv\/#\/schema\/logo\/image\/\",\"url\":\"https:\/\/hobstop.ee\/media\/vunder-logo.png\",\"contentUrl\":\"https:\/\/hobstop.ee\/media\/vunder-logo.png\",\"width\":127,\"height\":55,\"caption\":\"Vunder AS\"},\"image\":{\"@id\":\"https:\/\/hobstop.ee\/lv\/#\/schema\/logo\/image\/\"},\"sameAs\":[\"http:\/\/www.facebook.com\/VunderSkizze\"]}]}<\/script>\n<!-- \/ Yoast SEO plugin. -->","yoast_head_json":{"title":"Medijs-g\u0113ls akrilam Liquitex sp\u012bd\u012bgs &#8211; Skizze","robots":{"index":"noindex","follow":"follow","max-snippet":"max-snippet:-1","max-image-preview":"max-image-preview:large","max-video-preview":"max-video-preview:-1"},"og_locale":"lv_LV","og_type":"article","og_title":"Medijs-g\u0113ls akrilam Liquitex sp\u012bd\u012bgs &#8211; Skizze","og_description":"Liquitex Gloss jeb sp\u012bd\u012bgs \u017eelejveida m\u0113dijs palielina akrila kr\u0101sas sp\u012bdumu, padara kr\u0101su biez\u0101ku, k\u0101 ar\u012b izce\u013c otas triepienus. Pagarina \u017e\u016b\u0161anas laiku un palielina kr\u0101sas to\u0146a dzi\u013cumu. M\u0113dijs iz\u017e\u016bstot paliek caursp\u012bd\u012bgs. Piem\u0113rots struktur\u0101lu efektu veido\u0161anai ar caursp\u012bd\u012bgiem to\u0146iem. Lieliski noder druk\u0101tu att\u0113lu p\u0101rne\u0161anai.","og_url":"https:\/\/hobstop.ee\/lv\/produkts\/medijs-gels-akrilam-liquitex-spidigs\/","og_site_name":"Skizze","article_publisher":"http:\/\/www.facebook.com\/VunderSkizze","og_image":[{"width":1024,"height":768,"url":"https:\/\/www.hobstop.ee\/media\/70.jpg","type":"image\/jpeg"}],"twitter_card":"summary_large_image","schema":{"@context":"https:\/\/schema.org","@graph":[{"@type":"WebPage","@id":"https:\/\/hobstop.ee\/lv\/produkts\/medijs-gels-akrilam-liquitex-spidigs\/","url":"https:\/\/hobstop.ee\/lv\/produkts\/medijs-gels-akrilam-liquitex-spidigs\/","name":"Medijs-g\u0113ls akrilam Liquitex sp\u012bd\u012bgs &#8211; Skizze","isPartOf":{"@id":"https:\/\/hobstop.ee\/lv\/#website"},"primaryImageOfPage":{"@id":"https:\/\/hobstop.ee\/lv\/produkts\/medijs-gels-akrilam-liquitex-spidigs\/#primaryimage"},"image":{"@id":"https:\/\/hobstop.ee\/lv\/produkts\/medijs-gels-akrilam-liquitex-spidigs\/#primaryimage"},"thumbnailUrl":"https:\/\/hobstop.ee\/media\/70.jpg","datePublished":"2014-12-09T10:46:04+00:00","dateModified":"2014-12-09T10:46:04+00:00","breadcrumb":{"@id":"https:\/\/hobstop.ee\/lv\/produkts\/medijs-gels-akrilam-liquitex-spidigs\/#breadcrumb"},"inLanguage":"lv-LV","potentialAction":[{"@type":"ReadAction","target":["https:\/\/hobstop.ee\/lv\/produkts\/medijs-gels-akrilam-liquitex-spidigs\/"]}]},{"@type":"ImageObject","inLanguage":"lv-LV","@id":"https:\/\/hobstop.ee\/lv\/produkts\/medijs-gels-akrilam-liquitex-spidigs\/#primaryimage","url":"https:\/\/hobstop.ee\/media\/70.jpg","contentUrl":"https:\/\/hobstop.ee\/media\/70.jpg","width":1024,"height":768},{"@type":"BreadcrumbList","@id":"https:\/\/hobstop.ee\/lv\/produkts\/medijs-gels-akrilam-liquitex-spidigs\/#breadcrumb","itemListElement":[{"@type":"ListItem","position":1,"name":"Avaleht","item":"https:\/\/www.hobstop.ee\/lv\/"},{"@type":"ListItem","position":2,"name":"Veikals","item":"https:\/\/www.hobstop.ee\/lv\/veikals\/"},{"@type":"ListItem","position":3,"name":"Medijs-g\u0113ls akrilam Liquitex sp\u012bd\u012bgs"}]},{"@type":"WebSite","@id":"https:\/\/hobstop.ee\/lv\/#website","url":"https:\/\/hobstop.ee\/lv\/","name":"Skizze","description":"M\u0101kslas, hobiju un skolas preces","publisher":{"@id":"https:\/\/hobstop.ee\/lv\/#organization"},"potentialAction":[{"@type":"SearchAction","target":{"@type":"EntryPoint","urlTemplate":"https:\/\/hobstop.ee\/lv\/?s={search_term_string}"},"query-input":{"@type":"PropertyValueSpecification","valueRequired":true,"valueName":"search_term_string"}}],"inLanguage":"lv-LV"},{"@type":"Organization","@id":"https:\/\/hobstop.ee\/lv\/#organization","name":"Vunder AS","url":"https:\/\/hobstop.ee\/lv\/","logo":{"@type":"ImageObject","inLanguage":"lv-LV","@id":"https:\/\/hobstop.ee\/lv\/#\/schema\/logo\/image\/","url":"https:\/\/hobstop.ee\/media\/vunder-logo.png","contentUrl":"https:\/\/hobstop.ee\/media\/vunder-logo.png","width":127,"height":55,"caption":"Vunder AS"},"image":{"@id":"https:\/\/hobstop.ee\/lv\/#\/schema\/logo\/image\/"},"sameAs":["http:\/\/www.facebook.com\/VunderSkizze"]}]}},"_links":{"self":[{"href":"https:\/\/hobstop.ee\/lv\/wp-json\/wp\/v2\/product\/60235","targetHints":{"allow":["GET"]}}],"collection":[{"href":"https:\/\/hobstop.ee\/lv\/wp-json\/wp\/v2\/product"}],"about":[{"href":"https:\/\/hobstop.ee\/lv\/wp-json\/wp\/v2\/types\/product"}],"replies":[{"embeddable":true,"href":"https:\/\/hobstop.ee\/lv\/wp-json\/wp\/v2\/comments?post=60235"}],"wp:featuredmedia":[{"embeddable":true,"href":"https:\/\/hobstop.ee\/lv\/wp-json\/wp\/v2\/media\/353763"}],"wp:attachment":[{"href":"https:\/\/hobstop.ee\/lv\/wp-json\/wp\/v2\/media?parent=60235"}],"wp:term":[{"taxonomy":"product_cat","embeddable":true,"href":"https:\/\/hobstop.ee\/lv\/wp-json\/wp\/v2\/product_cat?post=60235"},{"taxonomy":"product_tag","embeddable":true,"href":"https:\/\/hobstop.ee\/lv\/wp-json\/wp\/v2\/product_tag?post=60235"}],"curies":[{"name":"wp","href":"https:\/\/api.w.org\/{rel}","templated":true}]}}