{"id":60244,"date":"2014-12-09T12:46:14","date_gmt":"2014-12-09T10:46:14","guid":{"rendered":"https:\/\/sharks.ee\/vunder_2019.klient.veebimajutus.ee\/?post_type=product&#038;p=60244"},"modified":"2014-12-09T12:46:14","modified_gmt":"2014-12-09T10:46:14","slug":"akavarelzimuli-derwent-inktense-metala-kaste","status":"publish","type":"product","link":"https:\/\/hobstop.ee\/lv\/produkts\/akavarelzimuli-derwent-inktense-metala-kaste\/","title":{"rendered":"Akavare\u013cz\u012bmu\u013ci Derwent Inktense met\u0101la kast\u0113"},"content":{"rendered":"<p>Z\u012bmulis un tinte rada sp\u0113c\u012bgu, intens\u012bvu kr\u0101su kop\u0101 ar caursp\u012bd\u012bgu efektu. Inktens tekst\u016bra ir piem\u0113rota kr\u0101su p\u0101reju veido\u0161anai. Izmantojiet t\u012bru, izteikti sausu kr\u0101su, tad izpludiniet pigmentu piln\u012bb\u0101, lai rad\u012btu tu\u0161ai l\u012bdz\u012bgu efektu. P\u0113c no\u017e\u016b\u0161anas kr\u0101sa ieg\u016bst notur\u012bbu un to var p\u0101rkl\u0101t ar citiem l\u012bdzek\u013ciem. Neierobe\u017eotas iesp\u0113jas un izcils rezult\u0101ts. Inktens var tikt izmantots uz audekla, lai rad\u012btu skaistus z\u012bm\u0113jumus uz z\u012bda vai pik\u0113 auduma.<br \/>\nApa\u013cas 8mm formas korpuss, serdenis d=4mm<\/p>\n","protected":false},"excerpt":{"rendered":"<p>Z\u012bmulis un tinte rada sp\u0113c\u012bgu, intens\u012bvu kr\u0101su kop\u0101 ar caursp\u012bd\u012bgu efektu. Inktens tekst\u016bra ir piem\u0113rota kr\u0101su p\u0101reju veido\u0161anai. Izmantojiet t\u012bru, izteikti sausu kr\u0101su, tad izpludiniet pigmentu piln\u012bb\u0101, lai rad\u012btu tu\u0161ai l\u012bdz\u012bgu efektu. P\u0113c no\u017e\u016b\u0161anas kr\u0101sa ieg\u016bst notur\u012bbu un to var p\u0101rkl\u0101t ar citiem l\u012bdzek\u013ciem. Neierobe\u017eotas iesp\u0113jas un izcils rezult\u0101ts. Inktens var tikt izmantots uz audekla, lai rad\u012btu skaistus z\u012bm\u0113jumus uz z\u012bda vai pik\u0113 auduma. Apa\u013cas 8mm formas korpuss, serdenis d=4mm<\/p>\n","protected":false},"featured_media":299944,"comment_status":"closed","ping_status":"closed","template":"","meta":{"_acf_changed":false,"ep_exclude_from_search":false},"product_cat":[18985,16123,18931],"product_tag":[],"class_list":{"0":"post-60244","1":"product","2":"type-product","3":"status-publish","4":"has-post-thumbnail","6":"product_cat-akvarelkrasu-zimuli-2","7":"product_cat-makslas-piederumi-2","8":"product_cat-zimesanas-piederumi-3","10":"first","11":"instock","12":"taxable","13":"shipping-taxable","14":"purchasable","15":"product-type-variable"},"acf":[],"yoast_head":"<!-- This site is optimized with the Yoast SEO plugin v24.1 - https:\/\/yoast.com\/wordpress\/plugins\/seo\/ -->\n<title>Akavare\u013cz\u012bmu\u013ci Derwent Inktense met\u0101la kast\u0113 &#8211; Skizze<\/title>\n<meta name=\"robots\" content=\"noindex, follow, max-snippet:-1, max-image-preview:large, max-video-preview:-1\" \/>\n<meta property=\"og:locale\" content=\"lv_LV\" \/>\n<meta property=\"og:type\" content=\"article\" \/>\n<meta property=\"og:title\" content=\"Akavare\u013cz\u012bmu\u013ci Derwent Inktense met\u0101la kast\u0113 &#8211; Skizze\" \/>\n<meta property=\"og:description\" content=\"Z\u012bmulis un tinte rada sp\u0113c\u012bgu, intens\u012bvu kr\u0101su kop\u0101 ar caursp\u012bd\u012bgu efektu. Inktens tekst\u016bra ir piem\u0113rota kr\u0101su p\u0101reju veido\u0161anai. Izmantojiet t\u012bru, izteikti sausu kr\u0101su, tad izpludiniet pigmentu piln\u012bb\u0101, lai rad\u012btu tu\u0161ai l\u012bdz\u012bgu efektu. P\u0113c no\u017e\u016b\u0161anas kr\u0101sa ieg\u016bst notur\u012bbu un to var p\u0101rkl\u0101t ar citiem l\u012bdzek\u013ciem. Neierobe\u017eotas iesp\u0113jas un izcils rezult\u0101ts. Inktens var tikt izmantots uz audekla, lai rad\u012btu skaistus z\u012bm\u0113jumus uz z\u012bda vai pik\u0113 auduma. Apa\u013cas 8mm formas korpuss, serdenis d=4mm\" \/>\n<meta property=\"og:url\" content=\"https:\/\/hobstop.ee\/lv\/produkts\/akavarelzimuli-derwent-inktense-metala-kaste\/\" \/>\n<meta property=\"og:site_name\" content=\"Skizze\" \/>\n<meta property=\"article:publisher\" content=\"http:\/\/www.facebook.com\/VunderSkizze\" \/>\n<meta property=\"og:image\" content=\"https:\/\/www.hobstop.ee\/media\/89.jpg\" \/>\n\t<meta property=\"og:image:width\" content=\"1024\" \/>\n\t<meta property=\"og:image:height\" content=\"768\" \/>\n\t<meta property=\"og:image:type\" content=\"image\/jpeg\" \/>\n<meta name=\"twitter:card\" content=\"summary_large_image\" \/>\n<meta name=\"twitter:label1\" content=\"Est. reading time\" \/>\n\t<meta name=\"twitter:data1\" content=\"1 min\u016b\u0161u\" \/>\n<script type=\"application\/ld+json\" class=\"yoast-schema-graph\">{\"@context\":\"https:\/\/schema.org\",\"@graph\":[{\"@type\":\"WebPage\",\"@id\":\"https:\/\/hobstop.ee\/lv\/produkts\/akavarelzimuli-derwent-inktense-metala-kaste\/\",\"url\":\"https:\/\/hobstop.ee\/lv\/produkts\/akavarelzimuli-derwent-inktense-metala-kaste\/\",\"name\":\"Akavare\u013cz\u012bmu\u013ci Derwent Inktense met\u0101la kast\u0113 &#8211; Skizze\",\"isPartOf\":{\"@id\":\"https:\/\/hobstop.ee\/lv\/#website\"},\"primaryImageOfPage\":{\"@id\":\"https:\/\/hobstop.ee\/lv\/produkts\/akavarelzimuli-derwent-inktense-metala-kaste\/#primaryimage\"},\"image\":{\"@id\":\"https:\/\/hobstop.ee\/lv\/produkts\/akavarelzimuli-derwent-inktense-metala-kaste\/#primaryimage\"},\"thumbnailUrl\":\"https:\/\/hobstop.ee\/media\/89.jpg\",\"datePublished\":\"2014-12-09T10:46:14+00:00\",\"dateModified\":\"2014-12-09T10:46:14+00:00\",\"breadcrumb\":{\"@id\":\"https:\/\/hobstop.ee\/lv\/produkts\/akavarelzimuli-derwent-inktense-metala-kaste\/#breadcrumb\"},\"inLanguage\":\"lv-LV\",\"potentialAction\":[{\"@type\":\"ReadAction\",\"target\":[\"https:\/\/hobstop.ee\/lv\/produkts\/akavarelzimuli-derwent-inktense-metala-kaste\/\"]}]},{\"@type\":\"ImageObject\",\"inLanguage\":\"lv-LV\",\"@id\":\"https:\/\/hobstop.ee\/lv\/produkts\/akavarelzimuli-derwent-inktense-metala-kaste\/#primaryimage\",\"url\":\"https:\/\/hobstop.ee\/media\/89.jpg\",\"contentUrl\":\"https:\/\/hobstop.ee\/media\/89.jpg\",\"width\":1024,\"height\":768},{\"@type\":\"BreadcrumbList\",\"@id\":\"https:\/\/hobstop.ee\/lv\/produkts\/akavarelzimuli-derwent-inktense-metala-kaste\/#breadcrumb\",\"itemListElement\":[{\"@type\":\"ListItem\",\"position\":1,\"name\":\"Avaleht\",\"item\":\"https:\/\/www.hobstop.ee\/lv\/\"},{\"@type\":\"ListItem\",\"position\":2,\"name\":\"Veikals\",\"item\":\"https:\/\/www.hobstop.ee\/lv\/veikals\/\"},{\"@type\":\"ListItem\",\"position\":3,\"name\":\"Akavare\u013cz\u012bmu\u013ci Derwent Inktense met\u0101la kast\u0113\"}]},{\"@type\":\"WebSite\",\"@id\":\"https:\/\/hobstop.ee\/lv\/#website\",\"url\":\"https:\/\/hobstop.ee\/lv\/\",\"name\":\"Skizze\",\"description\":\"M\u0101kslas, hobiju un skolas preces\",\"publisher\":{\"@id\":\"https:\/\/hobstop.ee\/lv\/#organization\"},\"potentialAction\":[{\"@type\":\"SearchAction\",\"target\":{\"@type\":\"EntryPoint\",\"urlTemplate\":\"https:\/\/hobstop.ee\/lv\/?s={search_term_string}\"},\"query-input\":{\"@type\":\"PropertyValueSpecification\",\"valueRequired\":true,\"valueName\":\"search_term_string\"}}],\"inLanguage\":\"lv-LV\"},{\"@type\":\"Organization\",\"@id\":\"https:\/\/hobstop.ee\/lv\/#organization\",\"name\":\"Vunder AS\",\"url\":\"https:\/\/hobstop.ee\/lv\/\",\"logo\":{\"@type\":\"ImageObject\",\"inLanguage\":\"lv-LV\",\"@id\":\"https:\/\/hobstop.ee\/lv\/#\/schema\/logo\/image\/\",\"url\":\"https:\/\/hobstop.ee\/media\/vunder-logo.png\",\"contentUrl\":\"https:\/\/hobstop.ee\/media\/vunder-logo.png\",\"width\":127,\"height\":55,\"caption\":\"Vunder AS\"},\"image\":{\"@id\":\"https:\/\/hobstop.ee\/lv\/#\/schema\/logo\/image\/\"},\"sameAs\":[\"http:\/\/www.facebook.com\/VunderSkizze\"]}]}<\/script>\n<!-- \/ Yoast SEO plugin. -->","yoast_head_json":{"title":"Akavare\u013cz\u012bmu\u013ci Derwent Inktense met\u0101la kast\u0113 &#8211; Skizze","robots":{"index":"noindex","follow":"follow","max-snippet":"max-snippet:-1","max-image-preview":"max-image-preview:large","max-video-preview":"max-video-preview:-1"},"og_locale":"lv_LV","og_type":"article","og_title":"Akavare\u013cz\u012bmu\u013ci Derwent Inktense met\u0101la kast\u0113 &#8211; Skizze","og_description":"Z\u012bmulis un tinte rada sp\u0113c\u012bgu, intens\u012bvu kr\u0101su kop\u0101 ar caursp\u012bd\u012bgu efektu. Inktens tekst\u016bra ir piem\u0113rota kr\u0101su p\u0101reju veido\u0161anai. Izmantojiet t\u012bru, izteikti sausu kr\u0101su, tad izpludiniet pigmentu piln\u012bb\u0101, lai rad\u012btu tu\u0161ai l\u012bdz\u012bgu efektu. P\u0113c no\u017e\u016b\u0161anas kr\u0101sa ieg\u016bst notur\u012bbu un to var p\u0101rkl\u0101t ar citiem l\u012bdzek\u013ciem. Neierobe\u017eotas iesp\u0113jas un izcils rezult\u0101ts. Inktens var tikt izmantots uz audekla, lai rad\u012btu skaistus z\u012bm\u0113jumus uz z\u012bda vai pik\u0113 auduma. Apa\u013cas 8mm formas korpuss, serdenis d=4mm","og_url":"https:\/\/hobstop.ee\/lv\/produkts\/akavarelzimuli-derwent-inktense-metala-kaste\/","og_site_name":"Skizze","article_publisher":"http:\/\/www.facebook.com\/VunderSkizze","og_image":[{"width":1024,"height":768,"url":"https:\/\/www.hobstop.ee\/media\/89.jpg","type":"image\/jpeg"}],"twitter_card":"summary_large_image","twitter_misc":{"Est. reading time":"1 min\u016b\u0161u"},"schema":{"@context":"https:\/\/schema.org","@graph":[{"@type":"WebPage","@id":"https:\/\/hobstop.ee\/lv\/produkts\/akavarelzimuli-derwent-inktense-metala-kaste\/","url":"https:\/\/hobstop.ee\/lv\/produkts\/akavarelzimuli-derwent-inktense-metala-kaste\/","name":"Akavare\u013cz\u012bmu\u013ci Derwent Inktense met\u0101la kast\u0113 &#8211; Skizze","isPartOf":{"@id":"https:\/\/hobstop.ee\/lv\/#website"},"primaryImageOfPage":{"@id":"https:\/\/hobstop.ee\/lv\/produkts\/akavarelzimuli-derwent-inktense-metala-kaste\/#primaryimage"},"image":{"@id":"https:\/\/hobstop.ee\/lv\/produkts\/akavarelzimuli-derwent-inktense-metala-kaste\/#primaryimage"},"thumbnailUrl":"https:\/\/hobstop.ee\/media\/89.jpg","datePublished":"2014-12-09T10:46:14+00:00","dateModified":"2014-12-09T10:46:14+00:00","breadcrumb":{"@id":"https:\/\/hobstop.ee\/lv\/produkts\/akavarelzimuli-derwent-inktense-metala-kaste\/#breadcrumb"},"inLanguage":"lv-LV","potentialAction":[{"@type":"ReadAction","target":["https:\/\/hobstop.ee\/lv\/produkts\/akavarelzimuli-derwent-inktense-metala-kaste\/"]}]},{"@type":"ImageObject","inLanguage":"lv-LV","@id":"https:\/\/hobstop.ee\/lv\/produkts\/akavarelzimuli-derwent-inktense-metala-kaste\/#primaryimage","url":"https:\/\/hobstop.ee\/media\/89.jpg","contentUrl":"https:\/\/hobstop.ee\/media\/89.jpg","width":1024,"height":768},{"@type":"BreadcrumbList","@id":"https:\/\/hobstop.ee\/lv\/produkts\/akavarelzimuli-derwent-inktense-metala-kaste\/#breadcrumb","itemListElement":[{"@type":"ListItem","position":1,"name":"Avaleht","item":"https:\/\/www.hobstop.ee\/lv\/"},{"@type":"ListItem","position":2,"name":"Veikals","item":"https:\/\/www.hobstop.ee\/lv\/veikals\/"},{"@type":"ListItem","position":3,"name":"Akavare\u013cz\u012bmu\u013ci Derwent Inktense met\u0101la kast\u0113"}]},{"@type":"WebSite","@id":"https:\/\/hobstop.ee\/lv\/#website","url":"https:\/\/hobstop.ee\/lv\/","name":"Skizze","description":"M\u0101kslas, hobiju un skolas preces","publisher":{"@id":"https:\/\/hobstop.ee\/lv\/#organization"},"potentialAction":[{"@type":"SearchAction","target":{"@type":"EntryPoint","urlTemplate":"https:\/\/hobstop.ee\/lv\/?s={search_term_string}"},"query-input":{"@type":"PropertyValueSpecification","valueRequired":true,"valueName":"search_term_string"}}],"inLanguage":"lv-LV"},{"@type":"Organization","@id":"https:\/\/hobstop.ee\/lv\/#organization","name":"Vunder AS","url":"https:\/\/hobstop.ee\/lv\/","logo":{"@type":"ImageObject","inLanguage":"lv-LV","@id":"https:\/\/hobstop.ee\/lv\/#\/schema\/logo\/image\/","url":"https:\/\/hobstop.ee\/media\/vunder-logo.png","contentUrl":"https:\/\/hobstop.ee\/media\/vunder-logo.png","width":127,"height":55,"caption":"Vunder AS"},"image":{"@id":"https:\/\/hobstop.ee\/lv\/#\/schema\/logo\/image\/"},"sameAs":["http:\/\/www.facebook.com\/VunderSkizze"]}]}},"_links":{"self":[{"href":"https:\/\/hobstop.ee\/lv\/wp-json\/wp\/v2\/product\/60244","targetHints":{"allow":["GET"]}}],"collection":[{"href":"https:\/\/hobstop.ee\/lv\/wp-json\/wp\/v2\/product"}],"about":[{"href":"https:\/\/hobstop.ee\/lv\/wp-json\/wp\/v2\/types\/product"}],"replies":[{"embeddable":true,"href":"https:\/\/hobstop.ee\/lv\/wp-json\/wp\/v2\/comments?post=60244"}],"wp:featuredmedia":[{"embeddable":true,"href":"https:\/\/hobstop.ee\/lv\/wp-json\/wp\/v2\/media\/299944"}],"wp:attachment":[{"href":"https:\/\/hobstop.ee\/lv\/wp-json\/wp\/v2\/media?parent=60244"}],"wp:term":[{"taxonomy":"product_cat","embeddable":true,"href":"https:\/\/hobstop.ee\/lv\/wp-json\/wp\/v2\/product_cat?post=60244"},{"taxonomy":"product_tag","embeddable":true,"href":"https:\/\/hobstop.ee\/lv\/wp-json\/wp\/v2\/product_tag?post=60244"}],"curies":[{"name":"wp","href":"https:\/\/api.w.org\/{rel}","templated":true}]}}