{"id":60341,"date":"2014-12-09T12:46:55","date_gmt":"2014-12-09T10:46:55","guid":{"rendered":"https:\/\/sharks.ee\/vunder_2019.klient.veebimajutus.ee\/?post_type=product&#038;p=60341"},"modified":"2014-12-09T12:46:55","modified_gmt":"2014-12-09T10:46:55","slug":"grafikas-pamatne-mabef-m38","status":"publish","type":"product","link":"https:\/\/hobstop.ee\/lv\/produkts\/grafikas-pamatne-mabef-m38\/","title":{"rendered":"Grafikas pamatne Mabef M38"},"content":{"rendered":"<p>MABEF M38 saliekams gleznu stat\u012bvs \u2013 lielisks pal\u012bgl\u012bdzeklis darbu izst\u0101d\u012b\u0161anai.  Izgatavots no e\u013c\u013cota di\u017esk\u0101b\u0101r\u017ea, iztur\u012bgs pret sm\u0113r\u0113\u0161anos.  Viegla (3.5kg), p\u0101rn\u0113s\u0101jama konstrukcija un pievilc\u012bgs dizains.  Ide\u0101li piem\u0113rots darbu izst\u0101d\u012b\u0161anai izst\u0101d\u0113s un gadatirgos.<br \/>\nPlatums 56cm, augstums 84cm, svara iztur\u012bba 1 kg.<\/p>\n","protected":false},"excerpt":{"rendered":"<p>MABEF M38 saliekams gleznu stat\u012bvs \u2013 lielisks pal\u012bgl\u012bdzeklis darbu izst\u0101d\u012b\u0161anai. Izgatavots no e\u013c\u013cota di\u017esk\u0101b\u0101r\u017ea, iztur\u012bgs pret sm\u0113r\u0113\u0161anos. Viegla (3.5kg), p\u0101rn\u0113s\u0101jama konstrukcija un pievilc\u012bgs dizains. Ide\u0101li piem\u0113rots darbu izst\u0101d\u012b\u0161anai izst\u0101d\u0113s un gadatirgos. Platums 56cm, augstums 84cm, svara iztur\u012bba 1 kg.<\/p>\n","protected":false},"featured_media":101683,"comment_status":"closed","ping_status":"closed","template":"","meta":{"_acf_changed":false,"ep_exclude_from_search":false},"product_cat":[19006,16123,18934],"product_tag":[],"class_list":{"0":"post-60341","1":"product","2":"type-product","3":"status-publish","4":"has-post-thumbnail","6":"product_cat-dazadi-28","7":"product_cat-makslas-piederumi-2","8":"product_cat-molberti-2","10":"first","11":"instock","12":"taxable","13":"shipping-taxable","14":"purchasable","15":"product-type-variable"},"acf":[],"yoast_head":"<!-- This site is optimized with the Yoast SEO plugin v24.1 - https:\/\/yoast.com\/wordpress\/plugins\/seo\/ -->\n<title>Grafikas pamatne Mabef M38 &#8211; Skizze<\/title>\n<meta name=\"robots\" content=\"noindex, follow, max-snippet:-1, max-image-preview:large, max-video-preview:-1\" \/>\n<meta property=\"og:locale\" content=\"lv_LV\" \/>\n<meta property=\"og:type\" content=\"article\" \/>\n<meta property=\"og:title\" content=\"Grafikas pamatne Mabef M38 &#8211; Skizze\" \/>\n<meta property=\"og:description\" content=\"MABEF M38 saliekams gleznu stat\u012bvs \u2013 lielisks pal\u012bgl\u012bdzeklis darbu izst\u0101d\u012b\u0161anai. Izgatavots no e\u013c\u013cota di\u017esk\u0101b\u0101r\u017ea, iztur\u012bgs pret sm\u0113r\u0113\u0161anos. Viegla (3.5kg), p\u0101rn\u0113s\u0101jama konstrukcija un pievilc\u012bgs dizains. Ide\u0101li piem\u0113rots darbu izst\u0101d\u012b\u0161anai izst\u0101d\u0113s un gadatirgos. Platums 56cm, augstums 84cm, svara iztur\u012bba 1 kg.\" \/>\n<meta property=\"og:url\" content=\"https:\/\/hobstop.ee\/lv\/produkts\/grafikas-pamatne-mabef-m38\/\" \/>\n<meta property=\"og:site_name\" content=\"Skizze\" \/>\n<meta property=\"article:publisher\" content=\"http:\/\/www.facebook.com\/VunderSkizze\" \/>\n<meta property=\"og:image\" content=\"https:\/\/hobstop.ee\/media\/233.jpg\" \/>\n\t<meta property=\"og:image:width\" content=\"1024\" \/>\n\t<meta property=\"og:image:height\" content=\"768\" \/>\n\t<meta property=\"og:image:type\" content=\"image\/jpeg\" \/>\n<meta name=\"twitter:card\" content=\"summary_large_image\" \/>\n<script type=\"application\/ld+json\" class=\"yoast-schema-graph\">{\"@context\":\"https:\/\/schema.org\",\"@graph\":[{\"@type\":\"WebPage\",\"@id\":\"https:\/\/hobstop.ee\/lv\/produkts\/grafikas-pamatne-mabef-m38\/\",\"url\":\"https:\/\/hobstop.ee\/lv\/produkts\/grafikas-pamatne-mabef-m38\/\",\"name\":\"Grafikas pamatne Mabef M38 &#8211; Skizze\",\"isPartOf\":{\"@id\":\"https:\/\/hobstop.ee\/lv\/#website\"},\"primaryImageOfPage\":{\"@id\":\"https:\/\/hobstop.ee\/lv\/produkts\/grafikas-pamatne-mabef-m38\/#primaryimage\"},\"image\":{\"@id\":\"https:\/\/hobstop.ee\/lv\/produkts\/grafikas-pamatne-mabef-m38\/#primaryimage\"},\"thumbnailUrl\":\"https:\/\/hobstop.ee\/media\/233.jpg\",\"datePublished\":\"2014-12-09T10:46:55+00:00\",\"dateModified\":\"2014-12-09T10:46:55+00:00\",\"breadcrumb\":{\"@id\":\"https:\/\/hobstop.ee\/lv\/produkts\/grafikas-pamatne-mabef-m38\/#breadcrumb\"},\"inLanguage\":\"lv-LV\",\"potentialAction\":[{\"@type\":\"ReadAction\",\"target\":[\"https:\/\/hobstop.ee\/lv\/produkts\/grafikas-pamatne-mabef-m38\/\"]}]},{\"@type\":\"ImageObject\",\"inLanguage\":\"lv-LV\",\"@id\":\"https:\/\/hobstop.ee\/lv\/produkts\/grafikas-pamatne-mabef-m38\/#primaryimage\",\"url\":\"https:\/\/hobstop.ee\/media\/233.jpg\",\"contentUrl\":\"https:\/\/hobstop.ee\/media\/233.jpg\",\"width\":1024,\"height\":768},{\"@type\":\"BreadcrumbList\",\"@id\":\"https:\/\/hobstop.ee\/lv\/produkts\/grafikas-pamatne-mabef-m38\/#breadcrumb\",\"itemListElement\":[{\"@type\":\"ListItem\",\"position\":1,\"name\":\"Avaleht\",\"item\":\"https:\/\/hobstop.ee\/lv\/\"},{\"@type\":\"ListItem\",\"position\":2,\"name\":\"Veikals\",\"item\":\"https:\/\/hobstop.ee\/lv\/veikals\/\"},{\"@type\":\"ListItem\",\"position\":3,\"name\":\"Grafikas pamatne Mabef M38\"}]},{\"@type\":\"WebSite\",\"@id\":\"https:\/\/hobstop.ee\/lv\/#website\",\"url\":\"https:\/\/hobstop.ee\/lv\/\",\"name\":\"Skizze\",\"description\":\"M\u0101kslas, hobiju un skolas preces\",\"publisher\":{\"@id\":\"https:\/\/hobstop.ee\/lv\/#organization\"},\"potentialAction\":[{\"@type\":\"SearchAction\",\"target\":{\"@type\":\"EntryPoint\",\"urlTemplate\":\"https:\/\/hobstop.ee\/lv\/?s={search_term_string}\"},\"query-input\":{\"@type\":\"PropertyValueSpecification\",\"valueRequired\":true,\"valueName\":\"search_term_string\"}}],\"inLanguage\":\"lv-LV\"},{\"@type\":\"Organization\",\"@id\":\"https:\/\/hobstop.ee\/lv\/#organization\",\"name\":\"Vunder AS\",\"url\":\"https:\/\/hobstop.ee\/lv\/\",\"logo\":{\"@type\":\"ImageObject\",\"inLanguage\":\"lv-LV\",\"@id\":\"https:\/\/hobstop.ee\/lv\/#\/schema\/logo\/image\/\",\"url\":\"https:\/\/hobstop.ee\/media\/vunder-logo.png\",\"contentUrl\":\"https:\/\/hobstop.ee\/media\/vunder-logo.png\",\"width\":127,\"height\":55,\"caption\":\"Vunder AS\"},\"image\":{\"@id\":\"https:\/\/hobstop.ee\/lv\/#\/schema\/logo\/image\/\"},\"sameAs\":[\"http:\/\/www.facebook.com\/VunderSkizze\"]}]}<\/script>\n<!-- \/ Yoast SEO plugin. -->","yoast_head_json":{"title":"Grafikas pamatne Mabef M38 &#8211; Skizze","robots":{"index":"noindex","follow":"follow","max-snippet":"max-snippet:-1","max-image-preview":"max-image-preview:large","max-video-preview":"max-video-preview:-1"},"og_locale":"lv_LV","og_type":"article","og_title":"Grafikas pamatne Mabef M38 &#8211; Skizze","og_description":"MABEF M38 saliekams gleznu stat\u012bvs \u2013 lielisks pal\u012bgl\u012bdzeklis darbu izst\u0101d\u012b\u0161anai. Izgatavots no e\u013c\u013cota di\u017esk\u0101b\u0101r\u017ea, iztur\u012bgs pret sm\u0113r\u0113\u0161anos. Viegla (3.5kg), p\u0101rn\u0113s\u0101jama konstrukcija un pievilc\u012bgs dizains. Ide\u0101li piem\u0113rots darbu izst\u0101d\u012b\u0161anai izst\u0101d\u0113s un gadatirgos. Platums 56cm, augstums 84cm, svara iztur\u012bba 1 kg.","og_url":"https:\/\/hobstop.ee\/lv\/produkts\/grafikas-pamatne-mabef-m38\/","og_site_name":"Skizze","article_publisher":"http:\/\/www.facebook.com\/VunderSkizze","og_image":[{"width":1024,"height":768,"url":"https:\/\/hobstop.ee\/media\/233.jpg","type":"image\/jpeg"}],"twitter_card":"summary_large_image","schema":{"@context":"https:\/\/schema.org","@graph":[{"@type":"WebPage","@id":"https:\/\/hobstop.ee\/lv\/produkts\/grafikas-pamatne-mabef-m38\/","url":"https:\/\/hobstop.ee\/lv\/produkts\/grafikas-pamatne-mabef-m38\/","name":"Grafikas pamatne Mabef M38 &#8211; Skizze","isPartOf":{"@id":"https:\/\/hobstop.ee\/lv\/#website"},"primaryImageOfPage":{"@id":"https:\/\/hobstop.ee\/lv\/produkts\/grafikas-pamatne-mabef-m38\/#primaryimage"},"image":{"@id":"https:\/\/hobstop.ee\/lv\/produkts\/grafikas-pamatne-mabef-m38\/#primaryimage"},"thumbnailUrl":"https:\/\/hobstop.ee\/media\/233.jpg","datePublished":"2014-12-09T10:46:55+00:00","dateModified":"2014-12-09T10:46:55+00:00","breadcrumb":{"@id":"https:\/\/hobstop.ee\/lv\/produkts\/grafikas-pamatne-mabef-m38\/#breadcrumb"},"inLanguage":"lv-LV","potentialAction":[{"@type":"ReadAction","target":["https:\/\/hobstop.ee\/lv\/produkts\/grafikas-pamatne-mabef-m38\/"]}]},{"@type":"ImageObject","inLanguage":"lv-LV","@id":"https:\/\/hobstop.ee\/lv\/produkts\/grafikas-pamatne-mabef-m38\/#primaryimage","url":"https:\/\/hobstop.ee\/media\/233.jpg","contentUrl":"https:\/\/hobstop.ee\/media\/233.jpg","width":1024,"height":768},{"@type":"BreadcrumbList","@id":"https:\/\/hobstop.ee\/lv\/produkts\/grafikas-pamatne-mabef-m38\/#breadcrumb","itemListElement":[{"@type":"ListItem","position":1,"name":"Avaleht","item":"https:\/\/hobstop.ee\/lv\/"},{"@type":"ListItem","position":2,"name":"Veikals","item":"https:\/\/hobstop.ee\/lv\/veikals\/"},{"@type":"ListItem","position":3,"name":"Grafikas pamatne Mabef M38"}]},{"@type":"WebSite","@id":"https:\/\/hobstop.ee\/lv\/#website","url":"https:\/\/hobstop.ee\/lv\/","name":"Skizze","description":"M\u0101kslas, hobiju un skolas preces","publisher":{"@id":"https:\/\/hobstop.ee\/lv\/#organization"},"potentialAction":[{"@type":"SearchAction","target":{"@type":"EntryPoint","urlTemplate":"https:\/\/hobstop.ee\/lv\/?s={search_term_string}"},"query-input":{"@type":"PropertyValueSpecification","valueRequired":true,"valueName":"search_term_string"}}],"inLanguage":"lv-LV"},{"@type":"Organization","@id":"https:\/\/hobstop.ee\/lv\/#organization","name":"Vunder AS","url":"https:\/\/hobstop.ee\/lv\/","logo":{"@type":"ImageObject","inLanguage":"lv-LV","@id":"https:\/\/hobstop.ee\/lv\/#\/schema\/logo\/image\/","url":"https:\/\/hobstop.ee\/media\/vunder-logo.png","contentUrl":"https:\/\/hobstop.ee\/media\/vunder-logo.png","width":127,"height":55,"caption":"Vunder AS"},"image":{"@id":"https:\/\/hobstop.ee\/lv\/#\/schema\/logo\/image\/"},"sameAs":["http:\/\/www.facebook.com\/VunderSkizze"]}]}},"_links":{"self":[{"href":"https:\/\/hobstop.ee\/lv\/wp-json\/wp\/v2\/product\/60341","targetHints":{"allow":["GET"]}}],"collection":[{"href":"https:\/\/hobstop.ee\/lv\/wp-json\/wp\/v2\/product"}],"about":[{"href":"https:\/\/hobstop.ee\/lv\/wp-json\/wp\/v2\/types\/product"}],"replies":[{"embeddable":true,"href":"https:\/\/hobstop.ee\/lv\/wp-json\/wp\/v2\/comments?post=60341"}],"wp:featuredmedia":[{"embeddable":true,"href":"https:\/\/hobstop.ee\/lv\/wp-json\/wp\/v2\/media\/101683"}],"wp:attachment":[{"href":"https:\/\/hobstop.ee\/lv\/wp-json\/wp\/v2\/media?parent=60341"}],"wp:term":[{"taxonomy":"product_cat","embeddable":true,"href":"https:\/\/hobstop.ee\/lv\/wp-json\/wp\/v2\/product_cat?post=60341"},{"taxonomy":"product_tag","embeddable":true,"href":"https:\/\/hobstop.ee\/lv\/wp-json\/wp\/v2\/product_tag?post=60341"}],"curies":[{"name":"wp","href":"https:\/\/api.w.org\/{rel}","templated":true}]}}