{"id":60358,"date":"2014-12-09T12:47:06","date_gmt":"2014-12-09T10:47:06","guid":{"rendered":"https:\/\/sharks.ee\/vunder_2019.klient.veebimajutus.ee\/?post_type=product&#038;p=60358"},"modified":"2014-12-09T12:47:06","modified_gmt":"2014-12-09T10:47:06","slug":"krasainie-zimuli-derwent-graphitint-metala-kaste","status":"publish","type":"product","link":"https:\/\/hobstop.ee\/lv\/produkts\/krasainie-zimuli-derwent-graphitint-metala-kaste\/","title":{"rendered":"Kr\u0101sainie z\u012bmu\u013ci Derwent Graphitint met\u0101la kast\u0113"},"content":{"rendered":"<p>Ja v\u0113laties pie\u0161\u0137irt nedaudz kr\u0101su darbiem, kurus veidojat ar graf\u012btu, ar \u0161\u012b z\u012bmu\u013ca pal\u012bdz\u012bbu j\u016bs to var\u0113siet paveikt. Izmantojot saus\u0101 veid\u0101, Graphitint pie\u0161\u0137irs kr\u0101su, bet, pievienojot \u016bdeni, tas p\u0101rv\u0113rt\u012bs toni bag\u0101t\u012bg\u0101 un dinamisk\u0101 kr\u0101s\u0101. Graphitint piem\u012bt t\u0101das pa\u0161as \u012bpa\u0161\u012bbas k\u0101 4B Watersoluble Sketching z\u012bmulim, proti, tas aizraus m\u0101ksliniekus, kuri v\u0113las pie\u0161\u0137irt kr\u0101su dimensijas ar graf\u012btu veidotiem darbiem, ta\u010du saglab\u0101s visas zin\u0101m\u0101s un graf\u012bta z\u012bmulim rakstur\u012bg\u0101s \u012bpa\u0161\u012bbas.<br \/>\nApa\u013c\u0161 8mm korpuss, serdenis d=4mm.<\/p>\n","protected":false},"excerpt":{"rendered":"<p>Ja v\u0113laties pie\u0161\u0137irt nedaudz kr\u0101su darbiem, kurus veidojat ar graf\u012btu, ar \u0161\u012b z\u012bmu\u013ca pal\u012bdz\u012bbu j\u016bs to var\u0113siet paveikt. Izmantojot saus\u0101 veid\u0101, Graphitint pie\u0161\u0137irs kr\u0101su, bet, pievienojot \u016bdeni, tas p\u0101rv\u0113rt\u012bs toni bag\u0101t\u012bg\u0101 un dinamisk\u0101 kr\u0101s\u0101. Graphitint piem\u012bt t\u0101das pa\u0161as \u012bpa\u0161\u012bbas k\u0101 4B Watersoluble Sketching z\u012bmulim, proti, tas aizraus m\u0101ksliniekus, kuri v\u0113las pie\u0161\u0137irt kr\u0101su dimensijas ar graf\u012btu veidotiem darbiem, ta\u010du saglab\u0101s visas zin\u0101m\u0101s un graf\u012bta z\u012bmulim rakstur\u012bg\u0101s \u012bpa\u0161\u012bbas. Apa\u013c\u0161 8mm korpuss, serdenis d=4mm.<\/p>\n","protected":false},"featured_media":354775,"comment_status":"closed","ping_status":"closed","template":"","meta":{"_acf_changed":false,"ep_exclude_from_search":false},"product_cat":[16123,18991,18931],"product_tag":[],"class_list":{"0":"post-60358","1":"product","2":"type-product","3":"status-publish","4":"has-post-thumbnail","6":"product_cat-makslas-piederumi-2","7":"product_cat-skicu-zimuli-2","8":"product_cat-zimesanas-piederumi-3","10":"first","11":"outofstock","12":"taxable","13":"shipping-taxable","14":"purchasable","15":"product-type-variable"},"acf":[],"yoast_head":"<!-- This site is optimized with the Yoast SEO plugin v24.1 - https:\/\/yoast.com\/wordpress\/plugins\/seo\/ -->\n<title>Kr\u0101sainie z\u012bmu\u013ci Derwent Graphitint met\u0101la kast\u0113 &#8211; Skizze<\/title>\n<meta name=\"robots\" content=\"noindex, follow, max-snippet:-1, max-image-preview:large, max-video-preview:-1\" \/>\n<meta property=\"og:locale\" content=\"lv_LV\" \/>\n<meta property=\"og:type\" content=\"article\" \/>\n<meta property=\"og:title\" content=\"Kr\u0101sainie z\u012bmu\u013ci Derwent Graphitint met\u0101la kast\u0113 &#8211; Skizze\" \/>\n<meta property=\"og:description\" content=\"Ja v\u0113laties pie\u0161\u0137irt nedaudz kr\u0101su darbiem, kurus veidojat ar graf\u012btu, ar \u0161\u012b z\u012bmu\u013ca pal\u012bdz\u012bbu j\u016bs to var\u0113siet paveikt. Izmantojot saus\u0101 veid\u0101, Graphitint pie\u0161\u0137irs kr\u0101su, bet, pievienojot \u016bdeni, tas p\u0101rv\u0113rt\u012bs toni bag\u0101t\u012bg\u0101 un dinamisk\u0101 kr\u0101s\u0101. Graphitint piem\u012bt t\u0101das pa\u0161as \u012bpa\u0161\u012bbas k\u0101 4B Watersoluble Sketching z\u012bmulim, proti, tas aizraus m\u0101ksliniekus, kuri v\u0113las pie\u0161\u0137irt kr\u0101su dimensijas ar graf\u012btu veidotiem darbiem, ta\u010du saglab\u0101s visas zin\u0101m\u0101s un graf\u012bta z\u012bmulim rakstur\u012bg\u0101s \u012bpa\u0161\u012bbas. Apa\u013c\u0161 8mm korpuss, serdenis d=4mm.\" \/>\n<meta property=\"og:url\" content=\"https:\/\/hobstop.ee\/lv\/produkts\/krasainie-zimuli-derwent-graphitint-metala-kaste\/\" \/>\n<meta property=\"og:site_name\" content=\"Skizze\" \/>\n<meta property=\"article:publisher\" content=\"http:\/\/www.facebook.com\/VunderSkizze\" \/>\n<meta property=\"og:image\" content=\"https:\/\/www.hobstop.ee\/media\/276.jpg\" \/>\n\t<meta property=\"og:image:width\" content=\"1024\" \/>\n\t<meta property=\"og:image:height\" content=\"768\" \/>\n\t<meta property=\"og:image:type\" content=\"image\/jpeg\" \/>\n<meta name=\"twitter:card\" content=\"summary_large_image\" \/>\n<meta name=\"twitter:label1\" content=\"Est. reading time\" \/>\n\t<meta name=\"twitter:data1\" content=\"1 min\u016b\u0161u\" \/>\n<script type=\"application\/ld+json\" class=\"yoast-schema-graph\">{\"@context\":\"https:\/\/schema.org\",\"@graph\":[{\"@type\":\"WebPage\",\"@id\":\"https:\/\/hobstop.ee\/lv\/produkts\/krasainie-zimuli-derwent-graphitint-metala-kaste\/\",\"url\":\"https:\/\/hobstop.ee\/lv\/produkts\/krasainie-zimuli-derwent-graphitint-metala-kaste\/\",\"name\":\"Kr\u0101sainie z\u012bmu\u013ci Derwent Graphitint met\u0101la kast\u0113 &#8211; Skizze\",\"isPartOf\":{\"@id\":\"https:\/\/hobstop.ee\/lv\/#website\"},\"primaryImageOfPage\":{\"@id\":\"https:\/\/hobstop.ee\/lv\/produkts\/krasainie-zimuli-derwent-graphitint-metala-kaste\/#primaryimage\"},\"image\":{\"@id\":\"https:\/\/hobstop.ee\/lv\/produkts\/krasainie-zimuli-derwent-graphitint-metala-kaste\/#primaryimage\"},\"thumbnailUrl\":\"https:\/\/hobstop.ee\/media\/276.jpg\",\"datePublished\":\"2014-12-09T10:47:06+00:00\",\"dateModified\":\"2014-12-09T10:47:06+00:00\",\"breadcrumb\":{\"@id\":\"https:\/\/hobstop.ee\/lv\/produkts\/krasainie-zimuli-derwent-graphitint-metala-kaste\/#breadcrumb\"},\"inLanguage\":\"lv-LV\",\"potentialAction\":[{\"@type\":\"ReadAction\",\"target\":[\"https:\/\/hobstop.ee\/lv\/produkts\/krasainie-zimuli-derwent-graphitint-metala-kaste\/\"]}]},{\"@type\":\"ImageObject\",\"inLanguage\":\"lv-LV\",\"@id\":\"https:\/\/hobstop.ee\/lv\/produkts\/krasainie-zimuli-derwent-graphitint-metala-kaste\/#primaryimage\",\"url\":\"https:\/\/hobstop.ee\/media\/276.jpg\",\"contentUrl\":\"https:\/\/hobstop.ee\/media\/276.jpg\",\"width\":1024,\"height\":768},{\"@type\":\"BreadcrumbList\",\"@id\":\"https:\/\/hobstop.ee\/lv\/produkts\/krasainie-zimuli-derwent-graphitint-metala-kaste\/#breadcrumb\",\"itemListElement\":[{\"@type\":\"ListItem\",\"position\":1,\"name\":\"Avaleht\",\"item\":\"https:\/\/www.hobstop.ee\/lv\/\"},{\"@type\":\"ListItem\",\"position\":2,\"name\":\"Veikals\",\"item\":\"https:\/\/www.hobstop.ee\/lv\/veikals\/\"},{\"@type\":\"ListItem\",\"position\":3,\"name\":\"Kr\u0101sainie z\u012bmu\u013ci Derwent Graphitint met\u0101la kast\u0113\"}]},{\"@type\":\"WebSite\",\"@id\":\"https:\/\/hobstop.ee\/lv\/#website\",\"url\":\"https:\/\/hobstop.ee\/lv\/\",\"name\":\"Skizze\",\"description\":\"M\u0101kslas, hobiju un skolas preces\",\"publisher\":{\"@id\":\"https:\/\/hobstop.ee\/lv\/#organization\"},\"potentialAction\":[{\"@type\":\"SearchAction\",\"target\":{\"@type\":\"EntryPoint\",\"urlTemplate\":\"https:\/\/hobstop.ee\/lv\/?s={search_term_string}\"},\"query-input\":{\"@type\":\"PropertyValueSpecification\",\"valueRequired\":true,\"valueName\":\"search_term_string\"}}],\"inLanguage\":\"lv-LV\"},{\"@type\":\"Organization\",\"@id\":\"https:\/\/hobstop.ee\/lv\/#organization\",\"name\":\"Vunder AS\",\"url\":\"https:\/\/hobstop.ee\/lv\/\",\"logo\":{\"@type\":\"ImageObject\",\"inLanguage\":\"lv-LV\",\"@id\":\"https:\/\/hobstop.ee\/lv\/#\/schema\/logo\/image\/\",\"url\":\"https:\/\/hobstop.ee\/media\/vunder-logo.png\",\"contentUrl\":\"https:\/\/hobstop.ee\/media\/vunder-logo.png\",\"width\":127,\"height\":55,\"caption\":\"Vunder AS\"},\"image\":{\"@id\":\"https:\/\/hobstop.ee\/lv\/#\/schema\/logo\/image\/\"},\"sameAs\":[\"http:\/\/www.facebook.com\/VunderSkizze\"]}]}<\/script>\n<!-- \/ Yoast SEO plugin. -->","yoast_head_json":{"title":"Kr\u0101sainie z\u012bmu\u013ci Derwent Graphitint met\u0101la kast\u0113 &#8211; Skizze","robots":{"index":"noindex","follow":"follow","max-snippet":"max-snippet:-1","max-image-preview":"max-image-preview:large","max-video-preview":"max-video-preview:-1"},"og_locale":"lv_LV","og_type":"article","og_title":"Kr\u0101sainie z\u012bmu\u013ci Derwent Graphitint met\u0101la kast\u0113 &#8211; Skizze","og_description":"Ja v\u0113laties pie\u0161\u0137irt nedaudz kr\u0101su darbiem, kurus veidojat ar graf\u012btu, ar \u0161\u012b z\u012bmu\u013ca pal\u012bdz\u012bbu j\u016bs to var\u0113siet paveikt. Izmantojot saus\u0101 veid\u0101, Graphitint pie\u0161\u0137irs kr\u0101su, bet, pievienojot \u016bdeni, tas p\u0101rv\u0113rt\u012bs toni bag\u0101t\u012bg\u0101 un dinamisk\u0101 kr\u0101s\u0101. Graphitint piem\u012bt t\u0101das pa\u0161as \u012bpa\u0161\u012bbas k\u0101 4B Watersoluble Sketching z\u012bmulim, proti, tas aizraus m\u0101ksliniekus, kuri v\u0113las pie\u0161\u0137irt kr\u0101su dimensijas ar graf\u012btu veidotiem darbiem, ta\u010du saglab\u0101s visas zin\u0101m\u0101s un graf\u012bta z\u012bmulim rakstur\u012bg\u0101s \u012bpa\u0161\u012bbas. Apa\u013c\u0161 8mm korpuss, serdenis d=4mm.","og_url":"https:\/\/hobstop.ee\/lv\/produkts\/krasainie-zimuli-derwent-graphitint-metala-kaste\/","og_site_name":"Skizze","article_publisher":"http:\/\/www.facebook.com\/VunderSkizze","og_image":[{"width":1024,"height":768,"url":"https:\/\/www.hobstop.ee\/media\/276.jpg","type":"image\/jpeg"}],"twitter_card":"summary_large_image","twitter_misc":{"Est. reading time":"1 min\u016b\u0161u"},"schema":{"@context":"https:\/\/schema.org","@graph":[{"@type":"WebPage","@id":"https:\/\/hobstop.ee\/lv\/produkts\/krasainie-zimuli-derwent-graphitint-metala-kaste\/","url":"https:\/\/hobstop.ee\/lv\/produkts\/krasainie-zimuli-derwent-graphitint-metala-kaste\/","name":"Kr\u0101sainie z\u012bmu\u013ci Derwent Graphitint met\u0101la kast\u0113 &#8211; Skizze","isPartOf":{"@id":"https:\/\/hobstop.ee\/lv\/#website"},"primaryImageOfPage":{"@id":"https:\/\/hobstop.ee\/lv\/produkts\/krasainie-zimuli-derwent-graphitint-metala-kaste\/#primaryimage"},"image":{"@id":"https:\/\/hobstop.ee\/lv\/produkts\/krasainie-zimuli-derwent-graphitint-metala-kaste\/#primaryimage"},"thumbnailUrl":"https:\/\/hobstop.ee\/media\/276.jpg","datePublished":"2014-12-09T10:47:06+00:00","dateModified":"2014-12-09T10:47:06+00:00","breadcrumb":{"@id":"https:\/\/hobstop.ee\/lv\/produkts\/krasainie-zimuli-derwent-graphitint-metala-kaste\/#breadcrumb"},"inLanguage":"lv-LV","potentialAction":[{"@type":"ReadAction","target":["https:\/\/hobstop.ee\/lv\/produkts\/krasainie-zimuli-derwent-graphitint-metala-kaste\/"]}]},{"@type":"ImageObject","inLanguage":"lv-LV","@id":"https:\/\/hobstop.ee\/lv\/produkts\/krasainie-zimuli-derwent-graphitint-metala-kaste\/#primaryimage","url":"https:\/\/hobstop.ee\/media\/276.jpg","contentUrl":"https:\/\/hobstop.ee\/media\/276.jpg","width":1024,"height":768},{"@type":"BreadcrumbList","@id":"https:\/\/hobstop.ee\/lv\/produkts\/krasainie-zimuli-derwent-graphitint-metala-kaste\/#breadcrumb","itemListElement":[{"@type":"ListItem","position":1,"name":"Avaleht","item":"https:\/\/www.hobstop.ee\/lv\/"},{"@type":"ListItem","position":2,"name":"Veikals","item":"https:\/\/www.hobstop.ee\/lv\/veikals\/"},{"@type":"ListItem","position":3,"name":"Kr\u0101sainie z\u012bmu\u013ci Derwent Graphitint met\u0101la kast\u0113"}]},{"@type":"WebSite","@id":"https:\/\/hobstop.ee\/lv\/#website","url":"https:\/\/hobstop.ee\/lv\/","name":"Skizze","description":"M\u0101kslas, hobiju un skolas preces","publisher":{"@id":"https:\/\/hobstop.ee\/lv\/#organization"},"potentialAction":[{"@type":"SearchAction","target":{"@type":"EntryPoint","urlTemplate":"https:\/\/hobstop.ee\/lv\/?s={search_term_string}"},"query-input":{"@type":"PropertyValueSpecification","valueRequired":true,"valueName":"search_term_string"}}],"inLanguage":"lv-LV"},{"@type":"Organization","@id":"https:\/\/hobstop.ee\/lv\/#organization","name":"Vunder AS","url":"https:\/\/hobstop.ee\/lv\/","logo":{"@type":"ImageObject","inLanguage":"lv-LV","@id":"https:\/\/hobstop.ee\/lv\/#\/schema\/logo\/image\/","url":"https:\/\/hobstop.ee\/media\/vunder-logo.png","contentUrl":"https:\/\/hobstop.ee\/media\/vunder-logo.png","width":127,"height":55,"caption":"Vunder AS"},"image":{"@id":"https:\/\/hobstop.ee\/lv\/#\/schema\/logo\/image\/"},"sameAs":["http:\/\/www.facebook.com\/VunderSkizze"]}]}},"_links":{"self":[{"href":"https:\/\/hobstop.ee\/lv\/wp-json\/wp\/v2\/product\/60358","targetHints":{"allow":["GET"]}}],"collection":[{"href":"https:\/\/hobstop.ee\/lv\/wp-json\/wp\/v2\/product"}],"about":[{"href":"https:\/\/hobstop.ee\/lv\/wp-json\/wp\/v2\/types\/product"}],"replies":[{"embeddable":true,"href":"https:\/\/hobstop.ee\/lv\/wp-json\/wp\/v2\/comments?post=60358"}],"wp:featuredmedia":[{"embeddable":true,"href":"https:\/\/hobstop.ee\/lv\/wp-json\/wp\/v2\/media\/354775"}],"wp:attachment":[{"href":"https:\/\/hobstop.ee\/lv\/wp-json\/wp\/v2\/media?parent=60358"}],"wp:term":[{"taxonomy":"product_cat","embeddable":true,"href":"https:\/\/hobstop.ee\/lv\/wp-json\/wp\/v2\/product_cat?post=60358"},{"taxonomy":"product_tag","embeddable":true,"href":"https:\/\/hobstop.ee\/lv\/wp-json\/wp\/v2\/product_tag?post=60358"}],"curies":[{"name":"wp","href":"https:\/\/api.w.org\/{rel}","templated":true}]}}