{"id":60590,"date":"2014-12-09T12:49:51","date_gmt":"2014-12-09T10:49:51","guid":{"rendered":"https:\/\/sharks.ee\/vunder_2019.klient.veebimajutus.ee\/?post_type=product&#038;p=60590"},"modified":"2014-12-09T12:49:51","modified_gmt":"2014-12-09T10:49:51","slug":"lime-giotto-pva","status":"publish","type":"product","link":"https:\/\/hobstop.ee\/lv\/produkts\/lime-giotto-pva\/","title":{"rendered":"L\u012bme Giotto PVA"},"content":{"rendered":"<p>Univers\u0101la l\u012bme. \u012apa\u0161i labas l\u012bm\u0113\u0161anas \u012bpa\u0161\u012bbas. \u0100tri no\u017e\u016bsto\u0161a. Piem\u0113rota pap\u012bra, kartona, koka, keramikas, finiera, filca un citu materi\u0101lu l\u012bm\u0113\u0161anai. Lieto\u0161anai skol\u0101s un birojos. Traipus un l\u012bmes paliekas not\u012br\u012bt pirms l\u012bmes piln\u012bgas no\u017e\u016b\u0161anas (izskalot audumu aukst\u0101  \u016bden\u012b).<\/p>\n","protected":false},"excerpt":{"rendered":"<p>Univers\u0101la l\u012bme. \u012apa\u0161i labas l\u012bm\u0113\u0161anas \u012bpa\u0161\u012bbas. \u0100tri no\u017e\u016bsto\u0161a. Piem\u0113rota pap\u012bra, kartona, koka, keramikas, finiera, filca un citu materi\u0101lu l\u012bm\u0113\u0161anai. Lieto\u0161anai skol\u0101s un birojos. Traipus un l\u012bmes paliekas not\u012br\u012bt pirms l\u012bmes piln\u012bgas no\u017e\u016b\u0161anas (izskalot audumu aukst\u0101 \u016bden\u012b).<\/p>\n","protected":false},"featured_media":144008,"comment_status":"closed","ping_status":"closed","template":"","meta":{"_acf_changed":false,"ep_exclude_from_search":false},"product_cat":[18641,18061,17916],"product_tag":[],"class_list":{"0":"post-60590","1":"product","2":"type-product","3":"status-publish","4":"has-post-thumbnail","6":"product_cat-dazadi-3","7":"product_cat-limes","8":"product_cat-preces-skolai","10":"first","11":"instock","12":"sale","13":"taxable","14":"shipping-taxable","15":"purchasable","16":"product-type-variable"},"acf":[],"yoast_head":"<!-- This site is optimized with the Yoast SEO plugin v24.1 - https:\/\/yoast.com\/wordpress\/plugins\/seo\/ -->\n<title>L\u012bme Giotto PVA &#8211; Skizze<\/title>\n<meta name=\"robots\" content=\"noindex, follow, max-snippet:-1, max-image-preview:large, max-video-preview:-1\" \/>\n<meta property=\"og:locale\" content=\"lv_LV\" \/>\n<meta property=\"og:type\" content=\"article\" \/>\n<meta property=\"og:title\" content=\"L\u012bme Giotto PVA &#8211; Skizze\" \/>\n<meta property=\"og:description\" content=\"Univers\u0101la l\u012bme. \u012apa\u0161i labas l\u012bm\u0113\u0161anas \u012bpa\u0161\u012bbas. \u0100tri no\u017e\u016bsto\u0161a. Piem\u0113rota pap\u012bra, kartona, koka, keramikas, finiera, filca un citu materi\u0101lu l\u012bm\u0113\u0161anai. Lieto\u0161anai skol\u0101s un birojos. Traipus un l\u012bmes paliekas not\u012br\u012bt pirms l\u012bmes piln\u012bgas no\u017e\u016b\u0161anas (izskalot audumu aukst\u0101 \u016bden\u012b).\" \/>\n<meta property=\"og:url\" content=\"https:\/\/hobstop.ee\/lv\/produkts\/lime-giotto-pva\/\" \/>\n<meta property=\"og:site_name\" content=\"Skizze\" \/>\n<meta property=\"article:publisher\" content=\"http:\/\/www.facebook.com\/VunderSkizze\" \/>\n<meta property=\"og:image\" content=\"https:\/\/hobstop.ee\/media\/1038.jpg\" \/>\n\t<meta property=\"og:image:width\" content=\"1024\" \/>\n\t<meta property=\"og:image:height\" content=\"768\" \/>\n\t<meta property=\"og:image:type\" content=\"image\/jpeg\" \/>\n<meta name=\"twitter:card\" content=\"summary_large_image\" \/>\n<script type=\"application\/ld+json\" class=\"yoast-schema-graph\">{\"@context\":\"https:\/\/schema.org\",\"@graph\":[{\"@type\":\"WebPage\",\"@id\":\"https:\/\/hobstop.ee\/lv\/produkts\/lime-giotto-pva\/\",\"url\":\"https:\/\/hobstop.ee\/lv\/produkts\/lime-giotto-pva\/\",\"name\":\"L\u012bme Giotto PVA &#8211; Skizze\",\"isPartOf\":{\"@id\":\"https:\/\/hobstop.ee\/lv\/#website\"},\"primaryImageOfPage\":{\"@id\":\"https:\/\/hobstop.ee\/lv\/produkts\/lime-giotto-pva\/#primaryimage\"},\"image\":{\"@id\":\"https:\/\/hobstop.ee\/lv\/produkts\/lime-giotto-pva\/#primaryimage\"},\"thumbnailUrl\":\"https:\/\/hobstop.ee\/media\/1038.jpg\",\"datePublished\":\"2014-12-09T10:49:51+00:00\",\"dateModified\":\"2014-12-09T10:49:51+00:00\",\"breadcrumb\":{\"@id\":\"https:\/\/hobstop.ee\/lv\/produkts\/lime-giotto-pva\/#breadcrumb\"},\"inLanguage\":\"lv-LV\",\"potentialAction\":[{\"@type\":\"ReadAction\",\"target\":[\"https:\/\/hobstop.ee\/lv\/produkts\/lime-giotto-pva\/\"]}]},{\"@type\":\"ImageObject\",\"inLanguage\":\"lv-LV\",\"@id\":\"https:\/\/hobstop.ee\/lv\/produkts\/lime-giotto-pva\/#primaryimage\",\"url\":\"https:\/\/hobstop.ee\/media\/1038.jpg\",\"contentUrl\":\"https:\/\/hobstop.ee\/media\/1038.jpg\",\"width\":1024,\"height\":768},{\"@type\":\"BreadcrumbList\",\"@id\":\"https:\/\/hobstop.ee\/lv\/produkts\/lime-giotto-pva\/#breadcrumb\",\"itemListElement\":[{\"@type\":\"ListItem\",\"position\":1,\"name\":\"Avaleht\",\"item\":\"https:\/\/www.hobstop.ee\/lv\/\"},{\"@type\":\"ListItem\",\"position\":2,\"name\":\"Veikals\",\"item\":\"https:\/\/www.hobstop.ee\/lv\/veikals\/\"},{\"@type\":\"ListItem\",\"position\":3,\"name\":\"L\u012bme Giotto PVA\"}]},{\"@type\":\"WebSite\",\"@id\":\"https:\/\/hobstop.ee\/lv\/#website\",\"url\":\"https:\/\/hobstop.ee\/lv\/\",\"name\":\"Skizze\",\"description\":\"M\u0101kslas, hobiju un skolas preces\",\"publisher\":{\"@id\":\"https:\/\/hobstop.ee\/lv\/#organization\"},\"potentialAction\":[{\"@type\":\"SearchAction\",\"target\":{\"@type\":\"EntryPoint\",\"urlTemplate\":\"https:\/\/hobstop.ee\/lv\/?s={search_term_string}\"},\"query-input\":{\"@type\":\"PropertyValueSpecification\",\"valueRequired\":true,\"valueName\":\"search_term_string\"}}],\"inLanguage\":\"lv-LV\"},{\"@type\":\"Organization\",\"@id\":\"https:\/\/hobstop.ee\/lv\/#organization\",\"name\":\"Vunder AS\",\"url\":\"https:\/\/hobstop.ee\/lv\/\",\"logo\":{\"@type\":\"ImageObject\",\"inLanguage\":\"lv-LV\",\"@id\":\"https:\/\/hobstop.ee\/lv\/#\/schema\/logo\/image\/\",\"url\":\"https:\/\/hobstop.ee\/media\/vunder-logo.png\",\"contentUrl\":\"https:\/\/hobstop.ee\/media\/vunder-logo.png\",\"width\":127,\"height\":55,\"caption\":\"Vunder AS\"},\"image\":{\"@id\":\"https:\/\/hobstop.ee\/lv\/#\/schema\/logo\/image\/\"},\"sameAs\":[\"http:\/\/www.facebook.com\/VunderSkizze\"]}]}<\/script>\n<!-- \/ Yoast SEO plugin. -->","yoast_head_json":{"title":"L\u012bme Giotto PVA &#8211; Skizze","robots":{"index":"noindex","follow":"follow","max-snippet":"max-snippet:-1","max-image-preview":"max-image-preview:large","max-video-preview":"max-video-preview:-1"},"og_locale":"lv_LV","og_type":"article","og_title":"L\u012bme Giotto PVA &#8211; Skizze","og_description":"Univers\u0101la l\u012bme. \u012apa\u0161i labas l\u012bm\u0113\u0161anas \u012bpa\u0161\u012bbas. \u0100tri no\u017e\u016bsto\u0161a. Piem\u0113rota pap\u012bra, kartona, koka, keramikas, finiera, filca un citu materi\u0101lu l\u012bm\u0113\u0161anai. Lieto\u0161anai skol\u0101s un birojos. Traipus un l\u012bmes paliekas not\u012br\u012bt pirms l\u012bmes piln\u012bgas no\u017e\u016b\u0161anas (izskalot audumu aukst\u0101 \u016bden\u012b).","og_url":"https:\/\/hobstop.ee\/lv\/produkts\/lime-giotto-pva\/","og_site_name":"Skizze","article_publisher":"http:\/\/www.facebook.com\/VunderSkizze","og_image":[{"width":1024,"height":768,"url":"https:\/\/hobstop.ee\/media\/1038.jpg","type":"image\/jpeg"}],"twitter_card":"summary_large_image","schema":{"@context":"https:\/\/schema.org","@graph":[{"@type":"WebPage","@id":"https:\/\/hobstop.ee\/lv\/produkts\/lime-giotto-pva\/","url":"https:\/\/hobstop.ee\/lv\/produkts\/lime-giotto-pva\/","name":"L\u012bme Giotto PVA &#8211; Skizze","isPartOf":{"@id":"https:\/\/hobstop.ee\/lv\/#website"},"primaryImageOfPage":{"@id":"https:\/\/hobstop.ee\/lv\/produkts\/lime-giotto-pva\/#primaryimage"},"image":{"@id":"https:\/\/hobstop.ee\/lv\/produkts\/lime-giotto-pva\/#primaryimage"},"thumbnailUrl":"https:\/\/hobstop.ee\/media\/1038.jpg","datePublished":"2014-12-09T10:49:51+00:00","dateModified":"2014-12-09T10:49:51+00:00","breadcrumb":{"@id":"https:\/\/hobstop.ee\/lv\/produkts\/lime-giotto-pva\/#breadcrumb"},"inLanguage":"lv-LV","potentialAction":[{"@type":"ReadAction","target":["https:\/\/hobstop.ee\/lv\/produkts\/lime-giotto-pva\/"]}]},{"@type":"ImageObject","inLanguage":"lv-LV","@id":"https:\/\/hobstop.ee\/lv\/produkts\/lime-giotto-pva\/#primaryimage","url":"https:\/\/hobstop.ee\/media\/1038.jpg","contentUrl":"https:\/\/hobstop.ee\/media\/1038.jpg","width":1024,"height":768},{"@type":"BreadcrumbList","@id":"https:\/\/hobstop.ee\/lv\/produkts\/lime-giotto-pva\/#breadcrumb","itemListElement":[{"@type":"ListItem","position":1,"name":"Avaleht","item":"https:\/\/www.hobstop.ee\/lv\/"},{"@type":"ListItem","position":2,"name":"Veikals","item":"https:\/\/www.hobstop.ee\/lv\/veikals\/"},{"@type":"ListItem","position":3,"name":"L\u012bme Giotto PVA"}]},{"@type":"WebSite","@id":"https:\/\/hobstop.ee\/lv\/#website","url":"https:\/\/hobstop.ee\/lv\/","name":"Skizze","description":"M\u0101kslas, hobiju un skolas preces","publisher":{"@id":"https:\/\/hobstop.ee\/lv\/#organization"},"potentialAction":[{"@type":"SearchAction","target":{"@type":"EntryPoint","urlTemplate":"https:\/\/hobstop.ee\/lv\/?s={search_term_string}"},"query-input":{"@type":"PropertyValueSpecification","valueRequired":true,"valueName":"search_term_string"}}],"inLanguage":"lv-LV"},{"@type":"Organization","@id":"https:\/\/hobstop.ee\/lv\/#organization","name":"Vunder AS","url":"https:\/\/hobstop.ee\/lv\/","logo":{"@type":"ImageObject","inLanguage":"lv-LV","@id":"https:\/\/hobstop.ee\/lv\/#\/schema\/logo\/image\/","url":"https:\/\/hobstop.ee\/media\/vunder-logo.png","contentUrl":"https:\/\/hobstop.ee\/media\/vunder-logo.png","width":127,"height":55,"caption":"Vunder AS"},"image":{"@id":"https:\/\/hobstop.ee\/lv\/#\/schema\/logo\/image\/"},"sameAs":["http:\/\/www.facebook.com\/VunderSkizze"]}]}},"_links":{"self":[{"href":"https:\/\/hobstop.ee\/lv\/wp-json\/wp\/v2\/product\/60590","targetHints":{"allow":["GET"]}}],"collection":[{"href":"https:\/\/hobstop.ee\/lv\/wp-json\/wp\/v2\/product"}],"about":[{"href":"https:\/\/hobstop.ee\/lv\/wp-json\/wp\/v2\/types\/product"}],"replies":[{"embeddable":true,"href":"https:\/\/hobstop.ee\/lv\/wp-json\/wp\/v2\/comments?post=60590"}],"wp:featuredmedia":[{"embeddable":true,"href":"https:\/\/hobstop.ee\/lv\/wp-json\/wp\/v2\/media\/144008"}],"wp:attachment":[{"href":"https:\/\/hobstop.ee\/lv\/wp-json\/wp\/v2\/media?parent=60590"}],"wp:term":[{"taxonomy":"product_cat","embeddable":true,"href":"https:\/\/hobstop.ee\/lv\/wp-json\/wp\/v2\/product_cat?post=60590"},{"taxonomy":"product_tag","embeddable":true,"href":"https:\/\/hobstop.ee\/lv\/wp-json\/wp\/v2\/product_tag?post=60590"}],"curies":[{"name":"wp","href":"https:\/\/api.w.org\/{rel}","templated":true}]}}