{"id":60599,"date":"2014-12-09T12:49:58","date_gmt":"2014-12-09T10:49:58","guid":{"rendered":"https:\/\/sharks.ee\/vunder_2019.klient.veebimajutus.ee\/?post_type=product&#038;p=60599"},"modified":"2014-12-09T12:49:58","modified_gmt":"2014-12-09T10:49:58","slug":"linolejs-drukasanai-3-2mm","status":"publish","type":"product","link":"https:\/\/hobstop.ee\/lv\/produkts\/linolejs-drukasanai-3-2mm\/","title":{"rendered":"Linolejs druk\u0101\u0161anai 3.2mm"},"content":{"rendered":"<p>\u012apa\u0161i augstas kvalit\u0101tes, br\u016bns linolejs, kas speci\u0101li izstr\u0101d\u0101ts apdrukai spiedogu tehnik\u0101.  Linoleja virsma nav cietin\u0101ta (k\u0101 gr\u012bdas linolejam), t\u0101d\u0113\u013c t\u0101 apdruka un grie\u0161ana ir iev\u0113rojami viegl\u0101ka,  k\u0101 ar\u012b b\u016btiski dro\u0161\u0101ka.  Linolejs nav paredz\u0113ts ilgsto\u0161ai uzglab\u0101\u0161anai \u2013 tas noveco un saciet\u0113. Ieteicamais izmanto\u0161anas laiks ir 1 gads, bet ieteicamie uzglab\u0101\u0161anas apst\u0101k\u013ci &#8211; temperat\u016bra, kas nedaudz zem\u0101ka par istabas temperat\u016bru, vid\u0113js gaisa mitruma l\u012bmenis.<\/p>\n","protected":false},"excerpt":{"rendered":"<p>\u012apa\u0161i augstas kvalit\u0101tes, br\u016bns linolejs, kas speci\u0101li izstr\u0101d\u0101ts apdrukai spiedogu tehnik\u0101. Linoleja virsma nav cietin\u0101ta (k\u0101 gr\u012bdas linolejam), t\u0101d\u0113\u013c t\u0101 apdruka un grie\u0161ana ir iev\u0113rojami viegl\u0101ka, k\u0101 ar\u012b b\u016btiski dro\u0161\u0101ka. Linolejs nav paredz\u0113ts ilgsto\u0161ai uzglab\u0101\u0161anai \u2013 tas noveco un saciet\u0113. Ieteicamais izmanto\u0161anas laiks ir 1 gads, bet ieteicamie uzglab\u0101\u0161anas apst\u0101k\u013ci &#8211; temperat\u016bra, kas nedaudz zem\u0101ka par istabas temperat\u016bru, vid\u0113js gaisa mitruma l\u012bmenis.<\/p>\n","protected":false},"featured_media":102510,"comment_status":"closed","ping_status":"closed","template":"","meta":{"_acf_changed":false,"ep_exclude_from_search":false},"product_cat":[18648,18147,16123],"product_tag":[],"class_list":{"0":"post-60599","1":"product","2":"type-product","3":"status-publish","4":"has-post-thumbnail","6":"product_cat-grafika","7":"product_cat-linolejs-2","8":"product_cat-makslas-piederumi-2","10":"first","11":"instock","12":"taxable","13":"shipping-taxable","14":"purchasable","15":"product-type-variable"},"acf":[],"yoast_head":"<!-- This site is optimized with the Yoast SEO plugin v24.1 - https:\/\/yoast.com\/wordpress\/plugins\/seo\/ -->\n<title>Linolejs druk\u0101\u0161anai 3.2mm  &#8211; Skizze<\/title>\n<meta name=\"robots\" content=\"noindex, follow, max-snippet:-1, max-image-preview:large, max-video-preview:-1\" \/>\n<meta property=\"og:locale\" content=\"lv_LV\" \/>\n<meta property=\"og:type\" content=\"article\" \/>\n<meta property=\"og:title\" content=\"Linolejs druk\u0101\u0161anai 3.2mm  &#8211; Skizze\" \/>\n<meta property=\"og:description\" content=\"\u012apa\u0161i augstas kvalit\u0101tes, br\u016bns linolejs, kas speci\u0101li izstr\u0101d\u0101ts apdrukai spiedogu tehnik\u0101. Linoleja virsma nav cietin\u0101ta (k\u0101 gr\u012bdas linolejam), t\u0101d\u0113\u013c t\u0101 apdruka un grie\u0161ana ir iev\u0113rojami viegl\u0101ka, k\u0101 ar\u012b b\u016btiski dro\u0161\u0101ka. Linolejs nav paredz\u0113ts ilgsto\u0161ai uzglab\u0101\u0161anai \u2013 tas noveco un saciet\u0113. Ieteicamais izmanto\u0161anas laiks ir 1 gads, bet ieteicamie uzglab\u0101\u0161anas apst\u0101k\u013ci &#8211; temperat\u016bra, kas nedaudz zem\u0101ka par istabas temperat\u016bru, vid\u0113js gaisa mitruma l\u012bmenis.\" \/>\n<meta property=\"og:url\" content=\"https:\/\/hobstop.ee\/lv\/produkts\/linolejs-drukasanai-3-2mm\/\" \/>\n<meta property=\"og:site_name\" content=\"Skizze\" \/>\n<meta property=\"article:publisher\" content=\"http:\/\/www.facebook.com\/VunderSkizze\" \/>\n<meta property=\"og:image\" content=\"https:\/\/hobstop.ee\/media\/1058.jpg\" \/>\n\t<meta property=\"og:image:width\" content=\"1024\" \/>\n\t<meta property=\"og:image:height\" content=\"768\" \/>\n\t<meta property=\"og:image:type\" content=\"image\/jpeg\" \/>\n<meta name=\"twitter:card\" content=\"summary_large_image\" \/>\n<script type=\"application\/ld+json\" class=\"yoast-schema-graph\">{\"@context\":\"https:\/\/schema.org\",\"@graph\":[{\"@type\":\"WebPage\",\"@id\":\"https:\/\/hobstop.ee\/lv\/produkts\/linolejs-drukasanai-3-2mm\/\",\"url\":\"https:\/\/hobstop.ee\/lv\/produkts\/linolejs-drukasanai-3-2mm\/\",\"name\":\"Linolejs druk\u0101\u0161anai 3.2mm &#8211; Skizze\",\"isPartOf\":{\"@id\":\"https:\/\/hobstop.ee\/lv\/#website\"},\"primaryImageOfPage\":{\"@id\":\"https:\/\/hobstop.ee\/lv\/produkts\/linolejs-drukasanai-3-2mm\/#primaryimage\"},\"image\":{\"@id\":\"https:\/\/hobstop.ee\/lv\/produkts\/linolejs-drukasanai-3-2mm\/#primaryimage\"},\"thumbnailUrl\":\"https:\/\/hobstop.ee\/media\/1058.jpg\",\"datePublished\":\"2014-12-09T10:49:58+00:00\",\"dateModified\":\"2014-12-09T10:49:58+00:00\",\"breadcrumb\":{\"@id\":\"https:\/\/hobstop.ee\/lv\/produkts\/linolejs-drukasanai-3-2mm\/#breadcrumb\"},\"inLanguage\":\"lv-LV\",\"potentialAction\":[{\"@type\":\"ReadAction\",\"target\":[\"https:\/\/hobstop.ee\/lv\/produkts\/linolejs-drukasanai-3-2mm\/\"]}]},{\"@type\":\"ImageObject\",\"inLanguage\":\"lv-LV\",\"@id\":\"https:\/\/hobstop.ee\/lv\/produkts\/linolejs-drukasanai-3-2mm\/#primaryimage\",\"url\":\"https:\/\/hobstop.ee\/media\/1058.jpg\",\"contentUrl\":\"https:\/\/hobstop.ee\/media\/1058.jpg\",\"width\":1024,\"height\":768},{\"@type\":\"BreadcrumbList\",\"@id\":\"https:\/\/hobstop.ee\/lv\/produkts\/linolejs-drukasanai-3-2mm\/#breadcrumb\",\"itemListElement\":[{\"@type\":\"ListItem\",\"position\":1,\"name\":\"Avaleht\",\"item\":\"https:\/\/www.hobstop.ee\/lv\/\"},{\"@type\":\"ListItem\",\"position\":2,\"name\":\"Veikals\",\"item\":\"https:\/\/www.hobstop.ee\/lv\/veikals\/\"},{\"@type\":\"ListItem\",\"position\":3,\"name\":\"Linolejs druk\u0101\u0161anai 3.2mm\"}]},{\"@type\":\"WebSite\",\"@id\":\"https:\/\/hobstop.ee\/lv\/#website\",\"url\":\"https:\/\/hobstop.ee\/lv\/\",\"name\":\"Skizze\",\"description\":\"M\u0101kslas, hobiju un skolas preces\",\"publisher\":{\"@id\":\"https:\/\/hobstop.ee\/lv\/#organization\"},\"potentialAction\":[{\"@type\":\"SearchAction\",\"target\":{\"@type\":\"EntryPoint\",\"urlTemplate\":\"https:\/\/hobstop.ee\/lv\/?s={search_term_string}\"},\"query-input\":{\"@type\":\"PropertyValueSpecification\",\"valueRequired\":true,\"valueName\":\"search_term_string\"}}],\"inLanguage\":\"lv-LV\"},{\"@type\":\"Organization\",\"@id\":\"https:\/\/hobstop.ee\/lv\/#organization\",\"name\":\"Vunder AS\",\"url\":\"https:\/\/hobstop.ee\/lv\/\",\"logo\":{\"@type\":\"ImageObject\",\"inLanguage\":\"lv-LV\",\"@id\":\"https:\/\/hobstop.ee\/lv\/#\/schema\/logo\/image\/\",\"url\":\"https:\/\/hobstop.ee\/media\/vunder-logo.png\",\"contentUrl\":\"https:\/\/hobstop.ee\/media\/vunder-logo.png\",\"width\":127,\"height\":55,\"caption\":\"Vunder AS\"},\"image\":{\"@id\":\"https:\/\/hobstop.ee\/lv\/#\/schema\/logo\/image\/\"},\"sameAs\":[\"http:\/\/www.facebook.com\/VunderSkizze\"]}]}<\/script>\n<!-- \/ Yoast SEO plugin. -->","yoast_head_json":{"title":"Linolejs druk\u0101\u0161anai 3.2mm  &#8211; Skizze","robots":{"index":"noindex","follow":"follow","max-snippet":"max-snippet:-1","max-image-preview":"max-image-preview:large","max-video-preview":"max-video-preview:-1"},"og_locale":"lv_LV","og_type":"article","og_title":"Linolejs druk\u0101\u0161anai 3.2mm  &#8211; Skizze","og_description":"\u012apa\u0161i augstas kvalit\u0101tes, br\u016bns linolejs, kas speci\u0101li izstr\u0101d\u0101ts apdrukai spiedogu tehnik\u0101. Linoleja virsma nav cietin\u0101ta (k\u0101 gr\u012bdas linolejam), t\u0101d\u0113\u013c t\u0101 apdruka un grie\u0161ana ir iev\u0113rojami viegl\u0101ka, k\u0101 ar\u012b b\u016btiski dro\u0161\u0101ka. Linolejs nav paredz\u0113ts ilgsto\u0161ai uzglab\u0101\u0161anai \u2013 tas noveco un saciet\u0113. Ieteicamais izmanto\u0161anas laiks ir 1 gads, bet ieteicamie uzglab\u0101\u0161anas apst\u0101k\u013ci &#8211; temperat\u016bra, kas nedaudz zem\u0101ka par istabas temperat\u016bru, vid\u0113js gaisa mitruma l\u012bmenis.","og_url":"https:\/\/hobstop.ee\/lv\/produkts\/linolejs-drukasanai-3-2mm\/","og_site_name":"Skizze","article_publisher":"http:\/\/www.facebook.com\/VunderSkizze","og_image":[{"width":1024,"height":768,"url":"https:\/\/hobstop.ee\/media\/1058.jpg","type":"image\/jpeg"}],"twitter_card":"summary_large_image","schema":{"@context":"https:\/\/schema.org","@graph":[{"@type":"WebPage","@id":"https:\/\/hobstop.ee\/lv\/produkts\/linolejs-drukasanai-3-2mm\/","url":"https:\/\/hobstop.ee\/lv\/produkts\/linolejs-drukasanai-3-2mm\/","name":"Linolejs druk\u0101\u0161anai 3.2mm &#8211; Skizze","isPartOf":{"@id":"https:\/\/hobstop.ee\/lv\/#website"},"primaryImageOfPage":{"@id":"https:\/\/hobstop.ee\/lv\/produkts\/linolejs-drukasanai-3-2mm\/#primaryimage"},"image":{"@id":"https:\/\/hobstop.ee\/lv\/produkts\/linolejs-drukasanai-3-2mm\/#primaryimage"},"thumbnailUrl":"https:\/\/hobstop.ee\/media\/1058.jpg","datePublished":"2014-12-09T10:49:58+00:00","dateModified":"2014-12-09T10:49:58+00:00","breadcrumb":{"@id":"https:\/\/hobstop.ee\/lv\/produkts\/linolejs-drukasanai-3-2mm\/#breadcrumb"},"inLanguage":"lv-LV","potentialAction":[{"@type":"ReadAction","target":["https:\/\/hobstop.ee\/lv\/produkts\/linolejs-drukasanai-3-2mm\/"]}]},{"@type":"ImageObject","inLanguage":"lv-LV","@id":"https:\/\/hobstop.ee\/lv\/produkts\/linolejs-drukasanai-3-2mm\/#primaryimage","url":"https:\/\/hobstop.ee\/media\/1058.jpg","contentUrl":"https:\/\/hobstop.ee\/media\/1058.jpg","width":1024,"height":768},{"@type":"BreadcrumbList","@id":"https:\/\/hobstop.ee\/lv\/produkts\/linolejs-drukasanai-3-2mm\/#breadcrumb","itemListElement":[{"@type":"ListItem","position":1,"name":"Avaleht","item":"https:\/\/www.hobstop.ee\/lv\/"},{"@type":"ListItem","position":2,"name":"Veikals","item":"https:\/\/www.hobstop.ee\/lv\/veikals\/"},{"@type":"ListItem","position":3,"name":"Linolejs druk\u0101\u0161anai 3.2mm"}]},{"@type":"WebSite","@id":"https:\/\/hobstop.ee\/lv\/#website","url":"https:\/\/hobstop.ee\/lv\/","name":"Skizze","description":"M\u0101kslas, hobiju un skolas preces","publisher":{"@id":"https:\/\/hobstop.ee\/lv\/#organization"},"potentialAction":[{"@type":"SearchAction","target":{"@type":"EntryPoint","urlTemplate":"https:\/\/hobstop.ee\/lv\/?s={search_term_string}"},"query-input":{"@type":"PropertyValueSpecification","valueRequired":true,"valueName":"search_term_string"}}],"inLanguage":"lv-LV"},{"@type":"Organization","@id":"https:\/\/hobstop.ee\/lv\/#organization","name":"Vunder AS","url":"https:\/\/hobstop.ee\/lv\/","logo":{"@type":"ImageObject","inLanguage":"lv-LV","@id":"https:\/\/hobstop.ee\/lv\/#\/schema\/logo\/image\/","url":"https:\/\/hobstop.ee\/media\/vunder-logo.png","contentUrl":"https:\/\/hobstop.ee\/media\/vunder-logo.png","width":127,"height":55,"caption":"Vunder AS"},"image":{"@id":"https:\/\/hobstop.ee\/lv\/#\/schema\/logo\/image\/"},"sameAs":["http:\/\/www.facebook.com\/VunderSkizze"]}]}},"_links":{"self":[{"href":"https:\/\/hobstop.ee\/lv\/wp-json\/wp\/v2\/product\/60599","targetHints":{"allow":["GET"]}}],"collection":[{"href":"https:\/\/hobstop.ee\/lv\/wp-json\/wp\/v2\/product"}],"about":[{"href":"https:\/\/hobstop.ee\/lv\/wp-json\/wp\/v2\/types\/product"}],"replies":[{"embeddable":true,"href":"https:\/\/hobstop.ee\/lv\/wp-json\/wp\/v2\/comments?post=60599"}],"wp:featuredmedia":[{"embeddable":true,"href":"https:\/\/hobstop.ee\/lv\/wp-json\/wp\/v2\/media\/102510"}],"wp:attachment":[{"href":"https:\/\/hobstop.ee\/lv\/wp-json\/wp\/v2\/media?parent=60599"}],"wp:term":[{"taxonomy":"product_cat","embeddable":true,"href":"https:\/\/hobstop.ee\/lv\/wp-json\/wp\/v2\/product_cat?post=60599"},{"taxonomy":"product_tag","embeddable":true,"href":"https:\/\/hobstop.ee\/lv\/wp-json\/wp\/v2\/product_tag?post=60599"}],"curies":[{"name":"wp","href":"https:\/\/api.w.org\/{rel}","templated":true}]}}