{"id":60614,"date":"2014-12-09T12:50:03","date_gmt":"2014-12-09T10:50:03","guid":{"rendered":"https:\/\/sharks.ee\/vunder_2019.klient.veebimajutus.ee\/?post_type=product&#038;p=60614"},"modified":"2019-07-03T13:14:51","modified_gmt":"2019-07-03T10:14:51","slug":"linoleja-atspiedumu-izgriezsanas-komplekts-abig","status":"publish","type":"product","link":"https:\/\/hobstop.ee\/lv\/produkts\/linoleja-atspiedumu-izgriezsanas-komplekts-abig\/","title":{"rendered":"Linoleja atspiedumu izgriez\u0161anas komplekts Abig"},"content":{"rendered":"<p>Linogriezumiem un m\u012bkstas koksnes grie\u0161anai, ide\u0101li piem\u0113rots izmanto\u0161anai skol\u0101s un ies\u0101c\u0113jiem.  Instrumentam ir di\u017esk\u0101bar\u017ea rokturis ar unik\u0101lu asmens no\u0146\u0113m\u0113ju, kas atvieglo un padara dro\u0161\u0101ku uzga\u013cu nomai\u0146u, k\u0101 ar\u012b pieci speci\u0101li piemekl\u0113ti uzga\u013ci.  Daudzpus\u012bgi izmantojamais komplekts ir iepakots gaum\u012bg\u0101 plastmasas kast\u012bt\u0113 ar atsevi\u0161\u0137u nodal\u012bjumu uzga\u013ciem.  <\/p>\n<p>Komplekt\u0101 ietilpst:<br \/>\nDi\u017esk\u0101b\u0101r\u017ea rokturis<br \/>\nAsme\u0146a no\u0146\u0113m\u0113js<br \/>\nV-veida asmens<br \/>\nU-veida asme\u0146i \u2013 platums 2mm, 3mm, 4mm<br \/>\nNoasin\u0101ts asmens<\/p>\n","protected":false},"excerpt":{"rendered":"<p>Linogriezumiem un m\u012bkstas koksnes grie\u0161anai, ide\u0101li piem\u0113rots izmanto\u0161anai skol\u0101s un ies\u0101c\u0113jiem. Instrumentam ir di\u017esk\u0101bar\u017ea rokturis ar unik\u0101lu asmens no\u0146\u0113m\u0113ju, kas atvieglo un padara dro\u0161\u0101ku uzga\u013cu nomai\u0146u, k\u0101 ar\u012b pieci speci\u0101li piemekl\u0113ti uzga\u013ci. Daudzpus\u012bgi izmantojamais komplekts ir iepakots gaum\u012bg\u0101 plastmasas kast\u012bt\u0113 ar atsevi\u0161\u0137u nodal\u012bjumu uzga\u013ciem. Komplekt\u0101 ietilpst: Di\u017esk\u0101b\u0101r\u017ea rokturis Asme\u0146a no\u0146\u0113m\u0113js V-veida asmens U-veida asme\u0146i \u2013 platums 2mm, 3mm, 4mm Noasin\u0101ts asmens<\/p>\n","protected":false},"featured_media":102530,"comment_status":"closed","ping_status":"closed","template":"","meta":{"_acf_changed":false,"ep_exclude_from_search":false},"product_cat":[18648,17966,16123],"product_tag":[],"class_list":{"0":"post-60614","1":"product","2":"type-product","3":"status-publish","4":"has-post-thumbnail","6":"product_cat-grafika","7":"product_cat-griesanas-piederumi-2","8":"product_cat-makslas-piederumi-2","10":"first","11":"instock","12":"taxable","13":"shipping-taxable","14":"purchasable","15":"product-type-variable"},"acf":[],"yoast_head":"<!-- This site is optimized with the Yoast SEO plugin v24.1 - https:\/\/yoast.com\/wordpress\/plugins\/seo\/ -->\n<title>Linoleja atspiedumu izgriez\u0161anas komplekts Abig &#8211; Skizze<\/title>\n<meta name=\"robots\" content=\"noindex, follow, max-snippet:-1, max-image-preview:large, max-video-preview:-1\" \/>\n<meta property=\"og:locale\" content=\"lv_LV\" \/>\n<meta property=\"og:type\" content=\"article\" \/>\n<meta property=\"og:title\" content=\"Linoleja atspiedumu izgriez\u0161anas komplekts Abig &#8211; Skizze\" \/>\n<meta property=\"og:description\" content=\"Linogriezumiem un m\u012bkstas koksnes grie\u0161anai, ide\u0101li piem\u0113rots izmanto\u0161anai skol\u0101s un ies\u0101c\u0113jiem. Instrumentam ir di\u017esk\u0101bar\u017ea rokturis ar unik\u0101lu asmens no\u0146\u0113m\u0113ju, kas atvieglo un padara dro\u0161\u0101ku uzga\u013cu nomai\u0146u, k\u0101 ar\u012b pieci speci\u0101li piemekl\u0113ti uzga\u013ci. Daudzpus\u012bgi izmantojamais komplekts ir iepakots gaum\u012bg\u0101 plastmasas kast\u012bt\u0113 ar atsevi\u0161\u0137u nodal\u012bjumu uzga\u013ciem. Komplekt\u0101 ietilpst: Di\u017esk\u0101b\u0101r\u017ea rokturis Asme\u0146a no\u0146\u0113m\u0113js V-veida asmens U-veida asme\u0146i \u2013 platums 2mm, 3mm, 4mm Noasin\u0101ts asmens\" \/>\n<meta property=\"og:url\" content=\"https:\/\/hobstop.ee\/lv\/produkts\/linoleja-atspiedumu-izgriezsanas-komplekts-abig\/\" \/>\n<meta property=\"og:site_name\" content=\"Skizze\" \/>\n<meta property=\"article:publisher\" content=\"http:\/\/www.facebook.com\/VunderSkizze\" \/>\n<meta property=\"article:modified_time\" content=\"2019-07-03T10:14:51+00:00\" \/>\n<meta property=\"og:image\" content=\"https:\/\/hobstop.ee\/media\/1064.jpg\" \/>\n\t<meta property=\"og:image:width\" content=\"1024\" \/>\n\t<meta property=\"og:image:height\" content=\"768\" \/>\n\t<meta property=\"og:image:type\" content=\"image\/jpeg\" \/>\n<meta name=\"twitter:card\" content=\"summary_large_image\" \/>\n<script type=\"application\/ld+json\" class=\"yoast-schema-graph\">{\"@context\":\"https:\/\/schema.org\",\"@graph\":[{\"@type\":\"WebPage\",\"@id\":\"https:\/\/hobstop.ee\/lv\/produkts\/linoleja-atspiedumu-izgriezsanas-komplekts-abig\/\",\"url\":\"https:\/\/hobstop.ee\/lv\/produkts\/linoleja-atspiedumu-izgriezsanas-komplekts-abig\/\",\"name\":\"Linoleja atspiedumu izgriez\u0161anas komplekts Abig &#8211; Skizze\",\"isPartOf\":{\"@id\":\"https:\/\/hobstop.ee\/lv\/#website\"},\"primaryImageOfPage\":{\"@id\":\"https:\/\/hobstop.ee\/lv\/produkts\/linoleja-atspiedumu-izgriezsanas-komplekts-abig\/#primaryimage\"},\"image\":{\"@id\":\"https:\/\/hobstop.ee\/lv\/produkts\/linoleja-atspiedumu-izgriezsanas-komplekts-abig\/#primaryimage\"},\"thumbnailUrl\":\"https:\/\/hobstop.ee\/media\/1064.jpg\",\"datePublished\":\"2014-12-09T10:50:03+00:00\",\"dateModified\":\"2019-07-03T10:14:51+00:00\",\"breadcrumb\":{\"@id\":\"https:\/\/hobstop.ee\/lv\/produkts\/linoleja-atspiedumu-izgriezsanas-komplekts-abig\/#breadcrumb\"},\"inLanguage\":\"lv-LV\",\"potentialAction\":[{\"@type\":\"ReadAction\",\"target\":[\"https:\/\/hobstop.ee\/lv\/produkts\/linoleja-atspiedumu-izgriezsanas-komplekts-abig\/\"]}]},{\"@type\":\"ImageObject\",\"inLanguage\":\"lv-LV\",\"@id\":\"https:\/\/hobstop.ee\/lv\/produkts\/linoleja-atspiedumu-izgriezsanas-komplekts-abig\/#primaryimage\",\"url\":\"https:\/\/hobstop.ee\/media\/1064.jpg\",\"contentUrl\":\"https:\/\/hobstop.ee\/media\/1064.jpg\",\"width\":1024,\"height\":768},{\"@type\":\"BreadcrumbList\",\"@id\":\"https:\/\/hobstop.ee\/lv\/produkts\/linoleja-atspiedumu-izgriezsanas-komplekts-abig\/#breadcrumb\",\"itemListElement\":[{\"@type\":\"ListItem\",\"position\":1,\"name\":\"Avaleht\",\"item\":\"https:\/\/hobstop.ee\/lv\/\"},{\"@type\":\"ListItem\",\"position\":2,\"name\":\"Veikals\",\"item\":\"https:\/\/hobstop.ee\/lv\/veikals\/\"},{\"@type\":\"ListItem\",\"position\":3,\"name\":\"Linoleja atspiedumu izgriez\u0161anas komplekts Abig\"}]},{\"@type\":\"WebSite\",\"@id\":\"https:\/\/hobstop.ee\/lv\/#website\",\"url\":\"https:\/\/hobstop.ee\/lv\/\",\"name\":\"Skizze\",\"description\":\"M\u0101kslas, hobiju un skolas preces\",\"publisher\":{\"@id\":\"https:\/\/hobstop.ee\/lv\/#organization\"},\"potentialAction\":[{\"@type\":\"SearchAction\",\"target\":{\"@type\":\"EntryPoint\",\"urlTemplate\":\"https:\/\/hobstop.ee\/lv\/?s={search_term_string}\"},\"query-input\":{\"@type\":\"PropertyValueSpecification\",\"valueRequired\":true,\"valueName\":\"search_term_string\"}}],\"inLanguage\":\"lv-LV\"},{\"@type\":\"Organization\",\"@id\":\"https:\/\/hobstop.ee\/lv\/#organization\",\"name\":\"Vunder AS\",\"url\":\"https:\/\/hobstop.ee\/lv\/\",\"logo\":{\"@type\":\"ImageObject\",\"inLanguage\":\"lv-LV\",\"@id\":\"https:\/\/hobstop.ee\/lv\/#\/schema\/logo\/image\/\",\"url\":\"https:\/\/hobstop.ee\/media\/vunder-logo.png\",\"contentUrl\":\"https:\/\/hobstop.ee\/media\/vunder-logo.png\",\"width\":127,\"height\":55,\"caption\":\"Vunder AS\"},\"image\":{\"@id\":\"https:\/\/hobstop.ee\/lv\/#\/schema\/logo\/image\/\"},\"sameAs\":[\"http:\/\/www.facebook.com\/VunderSkizze\"]}]}<\/script>\n<!-- \/ Yoast SEO plugin. -->","yoast_head_json":{"title":"Linoleja atspiedumu izgriez\u0161anas komplekts Abig &#8211; Skizze","robots":{"index":"noindex","follow":"follow","max-snippet":"max-snippet:-1","max-image-preview":"max-image-preview:large","max-video-preview":"max-video-preview:-1"},"og_locale":"lv_LV","og_type":"article","og_title":"Linoleja atspiedumu izgriez\u0161anas komplekts Abig &#8211; Skizze","og_description":"Linogriezumiem un m\u012bkstas koksnes grie\u0161anai, ide\u0101li piem\u0113rots izmanto\u0161anai skol\u0101s un ies\u0101c\u0113jiem. Instrumentam ir di\u017esk\u0101bar\u017ea rokturis ar unik\u0101lu asmens no\u0146\u0113m\u0113ju, kas atvieglo un padara dro\u0161\u0101ku uzga\u013cu nomai\u0146u, k\u0101 ar\u012b pieci speci\u0101li piemekl\u0113ti uzga\u013ci. Daudzpus\u012bgi izmantojamais komplekts ir iepakots gaum\u012bg\u0101 plastmasas kast\u012bt\u0113 ar atsevi\u0161\u0137u nodal\u012bjumu uzga\u013ciem. Komplekt\u0101 ietilpst: Di\u017esk\u0101b\u0101r\u017ea rokturis Asme\u0146a no\u0146\u0113m\u0113js V-veida asmens U-veida asme\u0146i \u2013 platums 2mm, 3mm, 4mm Noasin\u0101ts asmens","og_url":"https:\/\/hobstop.ee\/lv\/produkts\/linoleja-atspiedumu-izgriezsanas-komplekts-abig\/","og_site_name":"Skizze","article_publisher":"http:\/\/www.facebook.com\/VunderSkizze","article_modified_time":"2019-07-03T10:14:51+00:00","og_image":[{"width":1024,"height":768,"url":"https:\/\/hobstop.ee\/media\/1064.jpg","type":"image\/jpeg"}],"twitter_card":"summary_large_image","schema":{"@context":"https:\/\/schema.org","@graph":[{"@type":"WebPage","@id":"https:\/\/hobstop.ee\/lv\/produkts\/linoleja-atspiedumu-izgriezsanas-komplekts-abig\/","url":"https:\/\/hobstop.ee\/lv\/produkts\/linoleja-atspiedumu-izgriezsanas-komplekts-abig\/","name":"Linoleja atspiedumu izgriez\u0161anas komplekts Abig &#8211; Skizze","isPartOf":{"@id":"https:\/\/hobstop.ee\/lv\/#website"},"primaryImageOfPage":{"@id":"https:\/\/hobstop.ee\/lv\/produkts\/linoleja-atspiedumu-izgriezsanas-komplekts-abig\/#primaryimage"},"image":{"@id":"https:\/\/hobstop.ee\/lv\/produkts\/linoleja-atspiedumu-izgriezsanas-komplekts-abig\/#primaryimage"},"thumbnailUrl":"https:\/\/hobstop.ee\/media\/1064.jpg","datePublished":"2014-12-09T10:50:03+00:00","dateModified":"2019-07-03T10:14:51+00:00","breadcrumb":{"@id":"https:\/\/hobstop.ee\/lv\/produkts\/linoleja-atspiedumu-izgriezsanas-komplekts-abig\/#breadcrumb"},"inLanguage":"lv-LV","potentialAction":[{"@type":"ReadAction","target":["https:\/\/hobstop.ee\/lv\/produkts\/linoleja-atspiedumu-izgriezsanas-komplekts-abig\/"]}]},{"@type":"ImageObject","inLanguage":"lv-LV","@id":"https:\/\/hobstop.ee\/lv\/produkts\/linoleja-atspiedumu-izgriezsanas-komplekts-abig\/#primaryimage","url":"https:\/\/hobstop.ee\/media\/1064.jpg","contentUrl":"https:\/\/hobstop.ee\/media\/1064.jpg","width":1024,"height":768},{"@type":"BreadcrumbList","@id":"https:\/\/hobstop.ee\/lv\/produkts\/linoleja-atspiedumu-izgriezsanas-komplekts-abig\/#breadcrumb","itemListElement":[{"@type":"ListItem","position":1,"name":"Avaleht","item":"https:\/\/hobstop.ee\/lv\/"},{"@type":"ListItem","position":2,"name":"Veikals","item":"https:\/\/hobstop.ee\/lv\/veikals\/"},{"@type":"ListItem","position":3,"name":"Linoleja atspiedumu izgriez\u0161anas komplekts Abig"}]},{"@type":"WebSite","@id":"https:\/\/hobstop.ee\/lv\/#website","url":"https:\/\/hobstop.ee\/lv\/","name":"Skizze","description":"M\u0101kslas, hobiju un skolas preces","publisher":{"@id":"https:\/\/hobstop.ee\/lv\/#organization"},"potentialAction":[{"@type":"SearchAction","target":{"@type":"EntryPoint","urlTemplate":"https:\/\/hobstop.ee\/lv\/?s={search_term_string}"},"query-input":{"@type":"PropertyValueSpecification","valueRequired":true,"valueName":"search_term_string"}}],"inLanguage":"lv-LV"},{"@type":"Organization","@id":"https:\/\/hobstop.ee\/lv\/#organization","name":"Vunder AS","url":"https:\/\/hobstop.ee\/lv\/","logo":{"@type":"ImageObject","inLanguage":"lv-LV","@id":"https:\/\/hobstop.ee\/lv\/#\/schema\/logo\/image\/","url":"https:\/\/hobstop.ee\/media\/vunder-logo.png","contentUrl":"https:\/\/hobstop.ee\/media\/vunder-logo.png","width":127,"height":55,"caption":"Vunder AS"},"image":{"@id":"https:\/\/hobstop.ee\/lv\/#\/schema\/logo\/image\/"},"sameAs":["http:\/\/www.facebook.com\/VunderSkizze"]}]}},"_links":{"self":[{"href":"https:\/\/hobstop.ee\/lv\/wp-json\/wp\/v2\/product\/60614","targetHints":{"allow":["GET"]}}],"collection":[{"href":"https:\/\/hobstop.ee\/lv\/wp-json\/wp\/v2\/product"}],"about":[{"href":"https:\/\/hobstop.ee\/lv\/wp-json\/wp\/v2\/types\/product"}],"replies":[{"embeddable":true,"href":"https:\/\/hobstop.ee\/lv\/wp-json\/wp\/v2\/comments?post=60614"}],"wp:featuredmedia":[{"embeddable":true,"href":"https:\/\/hobstop.ee\/lv\/wp-json\/wp\/v2\/media\/102530"}],"wp:attachment":[{"href":"https:\/\/hobstop.ee\/lv\/wp-json\/wp\/v2\/media?parent=60614"}],"wp:term":[{"taxonomy":"product_cat","embeddable":true,"href":"https:\/\/hobstop.ee\/lv\/wp-json\/wp\/v2\/product_cat?post=60614"},{"taxonomy":"product_tag","embeddable":true,"href":"https:\/\/hobstop.ee\/lv\/wp-json\/wp\/v2\/product_tag?post=60614"}],"curies":[{"name":"wp","href":"https:\/\/api.w.org\/{rel}","templated":true}]}}