{"id":60685,"date":"2014-12-09T12:50:31","date_gmt":"2014-12-09T10:50:31","guid":{"rendered":"https:\/\/sharks.ee\/vunder_2019.klient.veebimajutus.ee\/?post_type=product&#038;p=60685"},"modified":"2014-12-09T12:50:31","modified_gmt":"2014-12-09T10:50:31","slug":"teksta-markers-pilot-begreen-spotliter","status":"publish","type":"product","link":"https:\/\/hobstop.ee\/lv\/produkts\/teksta-markers-pilot-begreen-spotliter\/","title":{"rendered":"Teksta m\u0101rkers Pilot BeGreen Spotliter"},"content":{"rendered":"<p>Divpus\u0113js teksta m\u0101rkeris<br \/>\n&#8211; 70% dzelten\u0101s kr\u0101sas \/ 30% roz\u0101 kr\u0101sas<br \/>\n&#8211; 71.7% otrreiz\u0113j\u0101s p\u0101rstr\u0101des izejmateri\u0101ls<\/p>\n<p>Pilot BeGreen rakst\u0101mpiederumi ir no otrreiz\u0113j\u0101s p\u0101rstr\u0101des plastmasas gatavotu dabai draudz\u012bgu rakst\u0101mpiederumu s\u0113rija.<\/p>\n","protected":false},"excerpt":{"rendered":"<p>Divpus\u0113js teksta m\u0101rkeris &#8211; 70% dzelten\u0101s kr\u0101sas \/ 30% roz\u0101 kr\u0101sas &#8211; 71.7% otrreiz\u0113j\u0101s p\u0101rstr\u0101des izejmateri\u0101ls Pilot BeGreen rakst\u0101mpiederumi ir no otrreiz\u0113j\u0101s p\u0101rstr\u0101des plastmasas gatavotu dabai draudz\u012bgu rakst\u0101mpiederumu s\u0113rija.<\/p>\n","protected":false},"featured_media":102662,"comment_status":"closed","ping_status":"closed","template":"","meta":{"_acf_changed":false,"ep_exclude_from_search":false},"product_cat":[18519,20200],"product_tag":[],"class_list":{"0":"post-60685","1":"product","2":"type-product","3":"status-publish","4":"has-post-thumbnail","6":"product_cat-rakstampiederumi-2","7":"product_cat-teksta-markieri","9":"first","10":"outofstock","11":"taxable","12":"shipping-taxable","13":"purchasable","14":"product-type-variable"},"acf":[],"yoast_head":"<!-- This site is optimized with the Yoast SEO plugin v24.1 - https:\/\/yoast.com\/wordpress\/plugins\/seo\/ -->\n<title>Teksta m\u0101rkers Pilot BeGreen Spotliter &#8211; Skizze<\/title>\n<meta name=\"robots\" content=\"noindex, follow, max-snippet:-1, max-image-preview:large, max-video-preview:-1\" \/>\n<meta property=\"og:locale\" content=\"lv_LV\" \/>\n<meta property=\"og:type\" content=\"article\" \/>\n<meta property=\"og:title\" content=\"Teksta m\u0101rkers Pilot BeGreen Spotliter &#8211; Skizze\" \/>\n<meta property=\"og:description\" content=\"Divpus\u0113js teksta m\u0101rkeris &#8211; 70% dzelten\u0101s kr\u0101sas \/ 30% roz\u0101 kr\u0101sas &#8211; 71.7% otrreiz\u0113j\u0101s p\u0101rstr\u0101des izejmateri\u0101ls Pilot BeGreen rakst\u0101mpiederumi ir no otrreiz\u0113j\u0101s p\u0101rstr\u0101des plastmasas gatavotu dabai draudz\u012bgu rakst\u0101mpiederumu s\u0113rija.\" \/>\n<meta property=\"og:url\" content=\"https:\/\/hobstop.ee\/lv\/produkts\/teksta-markers-pilot-begreen-spotliter\/\" \/>\n<meta property=\"og:site_name\" content=\"Skizze\" \/>\n<meta property=\"article:publisher\" content=\"http:\/\/www.facebook.com\/VunderSkizze\" \/>\n<meta property=\"og:image\" content=\"https:\/\/hobstop.ee\/media\/1145.jpg\" \/>\n\t<meta property=\"og:image:width\" content=\"1024\" \/>\n\t<meta property=\"og:image:height\" content=\"768\" \/>\n\t<meta property=\"og:image:type\" content=\"image\/jpeg\" \/>\n<meta name=\"twitter:card\" content=\"summary_large_image\" \/>\n<script type=\"application\/ld+json\" class=\"yoast-schema-graph\">{\"@context\":\"https:\/\/schema.org\",\"@graph\":[{\"@type\":\"WebPage\",\"@id\":\"https:\/\/hobstop.ee\/lv\/produkts\/teksta-markers-pilot-begreen-spotliter\/\",\"url\":\"https:\/\/hobstop.ee\/lv\/produkts\/teksta-markers-pilot-begreen-spotliter\/\",\"name\":\"Teksta m\u0101rkers Pilot BeGreen Spotliter &#8211; Skizze\",\"isPartOf\":{\"@id\":\"https:\/\/hobstop.ee\/lv\/#website\"},\"primaryImageOfPage\":{\"@id\":\"https:\/\/hobstop.ee\/lv\/produkts\/teksta-markers-pilot-begreen-spotliter\/#primaryimage\"},\"image\":{\"@id\":\"https:\/\/hobstop.ee\/lv\/produkts\/teksta-markers-pilot-begreen-spotliter\/#primaryimage\"},\"thumbnailUrl\":\"https:\/\/hobstop.ee\/media\/1145.jpg\",\"datePublished\":\"2014-12-09T10:50:31+00:00\",\"dateModified\":\"2014-12-09T10:50:31+00:00\",\"breadcrumb\":{\"@id\":\"https:\/\/hobstop.ee\/lv\/produkts\/teksta-markers-pilot-begreen-spotliter\/#breadcrumb\"},\"inLanguage\":\"lv-LV\",\"potentialAction\":[{\"@type\":\"ReadAction\",\"target\":[\"https:\/\/hobstop.ee\/lv\/produkts\/teksta-markers-pilot-begreen-spotliter\/\"]}]},{\"@type\":\"ImageObject\",\"inLanguage\":\"lv-LV\",\"@id\":\"https:\/\/hobstop.ee\/lv\/produkts\/teksta-markers-pilot-begreen-spotliter\/#primaryimage\",\"url\":\"https:\/\/hobstop.ee\/media\/1145.jpg\",\"contentUrl\":\"https:\/\/hobstop.ee\/media\/1145.jpg\",\"width\":1024,\"height\":768},{\"@type\":\"BreadcrumbList\",\"@id\":\"https:\/\/hobstop.ee\/lv\/produkts\/teksta-markers-pilot-begreen-spotliter\/#breadcrumb\",\"itemListElement\":[{\"@type\":\"ListItem\",\"position\":1,\"name\":\"Avaleht\",\"item\":\"https:\/\/www.hobstop.ee\/lv\/\"},{\"@type\":\"ListItem\",\"position\":2,\"name\":\"Veikals\",\"item\":\"https:\/\/www.hobstop.ee\/lv\/veikals\/\"},{\"@type\":\"ListItem\",\"position\":3,\"name\":\"Teksta m\u0101rkers Pilot BeGreen Spotliter\"}]},{\"@type\":\"WebSite\",\"@id\":\"https:\/\/hobstop.ee\/lv\/#website\",\"url\":\"https:\/\/hobstop.ee\/lv\/\",\"name\":\"Skizze\",\"description\":\"M\u0101kslas, hobiju un skolas preces\",\"publisher\":{\"@id\":\"https:\/\/hobstop.ee\/lv\/#organization\"},\"potentialAction\":[{\"@type\":\"SearchAction\",\"target\":{\"@type\":\"EntryPoint\",\"urlTemplate\":\"https:\/\/hobstop.ee\/lv\/?s={search_term_string}\"},\"query-input\":{\"@type\":\"PropertyValueSpecification\",\"valueRequired\":true,\"valueName\":\"search_term_string\"}}],\"inLanguage\":\"lv-LV\"},{\"@type\":\"Organization\",\"@id\":\"https:\/\/hobstop.ee\/lv\/#organization\",\"name\":\"Vunder AS\",\"url\":\"https:\/\/hobstop.ee\/lv\/\",\"logo\":{\"@type\":\"ImageObject\",\"inLanguage\":\"lv-LV\",\"@id\":\"https:\/\/hobstop.ee\/lv\/#\/schema\/logo\/image\/\",\"url\":\"https:\/\/hobstop.ee\/media\/vunder-logo.png\",\"contentUrl\":\"https:\/\/hobstop.ee\/media\/vunder-logo.png\",\"width\":127,\"height\":55,\"caption\":\"Vunder AS\"},\"image\":{\"@id\":\"https:\/\/hobstop.ee\/lv\/#\/schema\/logo\/image\/\"},\"sameAs\":[\"http:\/\/www.facebook.com\/VunderSkizze\"]}]}<\/script>\n<!-- \/ Yoast SEO plugin. -->","yoast_head_json":{"title":"Teksta m\u0101rkers Pilot BeGreen Spotliter &#8211; Skizze","robots":{"index":"noindex","follow":"follow","max-snippet":"max-snippet:-1","max-image-preview":"max-image-preview:large","max-video-preview":"max-video-preview:-1"},"og_locale":"lv_LV","og_type":"article","og_title":"Teksta m\u0101rkers Pilot BeGreen Spotliter &#8211; Skizze","og_description":"Divpus\u0113js teksta m\u0101rkeris &#8211; 70% dzelten\u0101s kr\u0101sas \/ 30% roz\u0101 kr\u0101sas &#8211; 71.7% otrreiz\u0113j\u0101s p\u0101rstr\u0101des izejmateri\u0101ls Pilot BeGreen rakst\u0101mpiederumi ir no otrreiz\u0113j\u0101s p\u0101rstr\u0101des plastmasas gatavotu dabai draudz\u012bgu rakst\u0101mpiederumu s\u0113rija.","og_url":"https:\/\/hobstop.ee\/lv\/produkts\/teksta-markers-pilot-begreen-spotliter\/","og_site_name":"Skizze","article_publisher":"http:\/\/www.facebook.com\/VunderSkizze","og_image":[{"width":1024,"height":768,"url":"https:\/\/hobstop.ee\/media\/1145.jpg","type":"image\/jpeg"}],"twitter_card":"summary_large_image","schema":{"@context":"https:\/\/schema.org","@graph":[{"@type":"WebPage","@id":"https:\/\/hobstop.ee\/lv\/produkts\/teksta-markers-pilot-begreen-spotliter\/","url":"https:\/\/hobstop.ee\/lv\/produkts\/teksta-markers-pilot-begreen-spotliter\/","name":"Teksta m\u0101rkers Pilot BeGreen Spotliter &#8211; Skizze","isPartOf":{"@id":"https:\/\/hobstop.ee\/lv\/#website"},"primaryImageOfPage":{"@id":"https:\/\/hobstop.ee\/lv\/produkts\/teksta-markers-pilot-begreen-spotliter\/#primaryimage"},"image":{"@id":"https:\/\/hobstop.ee\/lv\/produkts\/teksta-markers-pilot-begreen-spotliter\/#primaryimage"},"thumbnailUrl":"https:\/\/hobstop.ee\/media\/1145.jpg","datePublished":"2014-12-09T10:50:31+00:00","dateModified":"2014-12-09T10:50:31+00:00","breadcrumb":{"@id":"https:\/\/hobstop.ee\/lv\/produkts\/teksta-markers-pilot-begreen-spotliter\/#breadcrumb"},"inLanguage":"lv-LV","potentialAction":[{"@type":"ReadAction","target":["https:\/\/hobstop.ee\/lv\/produkts\/teksta-markers-pilot-begreen-spotliter\/"]}]},{"@type":"ImageObject","inLanguage":"lv-LV","@id":"https:\/\/hobstop.ee\/lv\/produkts\/teksta-markers-pilot-begreen-spotliter\/#primaryimage","url":"https:\/\/hobstop.ee\/media\/1145.jpg","contentUrl":"https:\/\/hobstop.ee\/media\/1145.jpg","width":1024,"height":768},{"@type":"BreadcrumbList","@id":"https:\/\/hobstop.ee\/lv\/produkts\/teksta-markers-pilot-begreen-spotliter\/#breadcrumb","itemListElement":[{"@type":"ListItem","position":1,"name":"Avaleht","item":"https:\/\/www.hobstop.ee\/lv\/"},{"@type":"ListItem","position":2,"name":"Veikals","item":"https:\/\/www.hobstop.ee\/lv\/veikals\/"},{"@type":"ListItem","position":3,"name":"Teksta m\u0101rkers Pilot BeGreen Spotliter"}]},{"@type":"WebSite","@id":"https:\/\/hobstop.ee\/lv\/#website","url":"https:\/\/hobstop.ee\/lv\/","name":"Skizze","description":"M\u0101kslas, hobiju un skolas preces","publisher":{"@id":"https:\/\/hobstop.ee\/lv\/#organization"},"potentialAction":[{"@type":"SearchAction","target":{"@type":"EntryPoint","urlTemplate":"https:\/\/hobstop.ee\/lv\/?s={search_term_string}"},"query-input":{"@type":"PropertyValueSpecification","valueRequired":true,"valueName":"search_term_string"}}],"inLanguage":"lv-LV"},{"@type":"Organization","@id":"https:\/\/hobstop.ee\/lv\/#organization","name":"Vunder AS","url":"https:\/\/hobstop.ee\/lv\/","logo":{"@type":"ImageObject","inLanguage":"lv-LV","@id":"https:\/\/hobstop.ee\/lv\/#\/schema\/logo\/image\/","url":"https:\/\/hobstop.ee\/media\/vunder-logo.png","contentUrl":"https:\/\/hobstop.ee\/media\/vunder-logo.png","width":127,"height":55,"caption":"Vunder AS"},"image":{"@id":"https:\/\/hobstop.ee\/lv\/#\/schema\/logo\/image\/"},"sameAs":["http:\/\/www.facebook.com\/VunderSkizze"]}]}},"_links":{"self":[{"href":"https:\/\/hobstop.ee\/lv\/wp-json\/wp\/v2\/product\/60685","targetHints":{"allow":["GET"]}}],"collection":[{"href":"https:\/\/hobstop.ee\/lv\/wp-json\/wp\/v2\/product"}],"about":[{"href":"https:\/\/hobstop.ee\/lv\/wp-json\/wp\/v2\/types\/product"}],"replies":[{"embeddable":true,"href":"https:\/\/hobstop.ee\/lv\/wp-json\/wp\/v2\/comments?post=60685"}],"wp:featuredmedia":[{"embeddable":true,"href":"https:\/\/hobstop.ee\/lv\/wp-json\/wp\/v2\/media\/102662"}],"wp:attachment":[{"href":"https:\/\/hobstop.ee\/lv\/wp-json\/wp\/v2\/media?parent=60685"}],"wp:term":[{"taxonomy":"product_cat","embeddable":true,"href":"https:\/\/hobstop.ee\/lv\/wp-json\/wp\/v2\/product_cat?post=60685"},{"taxonomy":"product_tag","embeddable":true,"href":"https:\/\/hobstop.ee\/lv\/wp-json\/wp\/v2\/product_tag?post=60685"}],"curies":[{"name":"wp","href":"https:\/\/api.w.org\/{rel}","templated":true}]}}