{"id":60711,"date":"2014-12-09T12:51:10","date_gmt":"2014-12-09T10:51:10","guid":{"rendered":"https:\/\/sharks.ee\/vunder_2019.klient.veebimajutus.ee\/?post_type=product&#038;p=60711"},"modified":"2014-12-09T12:51:10","modified_gmt":"2014-12-09T10:51:10","slug":"molberts-mabef-m08","status":"publish","type":"product","link":"https:\/\/hobstop.ee\/lv\/produkts\/molberts-mabef-m08\/","title":{"rendered":"Molberts Mabef M08"},"content":{"rendered":"<p>MABEF M08 ir vienk\u0101r\u0161s ta\u010du daudzveid\u012bgi izmantojams, p\u0101rveidojams studijas molberts. Tas ir izgatavots no di\u017esk\u0101bar\u017ea un pies\u016bcin\u0101ts ar dab\u012bgu e\u013c\u013cu, kas izce\u013c koksnes dab\u012bgo strukt\u016bru.  T\u0101 audekla tur\u0113t\u0101ja le\u0146\u0137is var tikt main\u012bts no vertik\u0101la st\u0101vok\u013ca (e\u013c\u013cas gleznojumiem) l\u012bdz piln\u012bgi horizont\u0101lam novietojumam (veidojot galdu darbam ar akvare\u013ckr\u0101s\u0101m). Ar sp\u0101rnu uzgriezni regul\u0113jamais audekla tur\u0113t\u0101js ir paredz\u0113ts l\u012bdz 180cm augsta audekla novieto\u0161anai.  \u0160is molberts lieliski ieder\u0113sies katra m\u0101kslinieka m\u0101j\u0101 vai studij\u0101 un tas ir ide\u0101li piem\u0113rots tiem, kas darbojas ar at\u0161\u0137ir\u012bgiem materi\u0101liem un kr\u0101s\u0101m.  Svars 9.5kg.<\/p>\n","protected":false},"excerpt":{"rendered":"<p>MABEF M08 ir vienk\u0101r\u0161s ta\u010du daudzveid\u012bgi izmantojams, p\u0101rveidojams studijas molberts. Tas ir izgatavots no di\u017esk\u0101bar\u017ea un pies\u016bcin\u0101ts ar dab\u012bgu e\u013c\u013cu, kas izce\u013c koksnes dab\u012bgo strukt\u016bru. T\u0101 audekla tur\u0113t\u0101ja le\u0146\u0137is var tikt main\u012bts no vertik\u0101la st\u0101vok\u013ca (e\u013c\u013cas gleznojumiem) l\u012bdz piln\u012bgi horizont\u0101lam novietojumam (veidojot galdu darbam ar akvare\u013ckr\u0101s\u0101m). Ar sp\u0101rnu uzgriezni regul\u0113jamais audekla tur\u0113t\u0101js ir paredz\u0113ts l\u012bdz 180cm augsta audekla novieto\u0161anai. \u0160is molberts lieliski ieder\u0113sies katra m\u0101kslinieka m\u0101j\u0101 vai studij\u0101 un tas ir ide\u0101li piem\u0113rots tiem, kas darbojas ar at\u0161\u0137ir\u012bgiem materi\u0101liem un kr\u0101s\u0101m. Svars 9.5kg.<\/p>\n","protected":false},"featured_media":102722,"comment_status":"closed","ping_status":"closed","template":"","meta":{"_acf_changed":false,"ep_exclude_from_search":false},"product_cat":[16123,18934,18366],"product_tag":[],"class_list":{"0":"post-60711","1":"product","2":"type-product","3":"status-publish","4":"has-post-thumbnail","6":"product_cat-makslas-piederumi-2","7":"product_cat-molberti-un-mebeles","8":"product_cat-molberti-uz-h-ramjiem","10":"first","11":"outofstock","12":"taxable","13":"shipping-taxable","14":"purchasable","15":"product-type-variable"},"acf":[],"yoast_head":"<!-- This site is optimized with the Yoast SEO plugin v24.1 - https:\/\/yoast.com\/wordpress\/plugins\/seo\/ -->\n<title>Molberts Mabef M08 &#8211; Skizze<\/title>\n<meta name=\"robots\" content=\"noindex, follow, max-snippet:-1, max-image-preview:large, max-video-preview:-1\" \/>\n<meta property=\"og:locale\" content=\"lv_LV\" \/>\n<meta property=\"og:type\" content=\"article\" \/>\n<meta property=\"og:title\" content=\"Molberts Mabef M08 &#8211; Skizze\" \/>\n<meta property=\"og:description\" content=\"MABEF M08 ir vienk\u0101r\u0161s ta\u010du daudzveid\u012bgi izmantojams, p\u0101rveidojams studijas molberts. Tas ir izgatavots no di\u017esk\u0101bar\u017ea un pies\u016bcin\u0101ts ar dab\u012bgu e\u013c\u013cu, kas izce\u013c koksnes dab\u012bgo strukt\u016bru. T\u0101 audekla tur\u0113t\u0101ja le\u0146\u0137is var tikt main\u012bts no vertik\u0101la st\u0101vok\u013ca (e\u013c\u013cas gleznojumiem) l\u012bdz piln\u012bgi horizont\u0101lam novietojumam (veidojot galdu darbam ar akvare\u013ckr\u0101s\u0101m). Ar sp\u0101rnu uzgriezni regul\u0113jamais audekla tur\u0113t\u0101js ir paredz\u0113ts l\u012bdz 180cm augsta audekla novieto\u0161anai. \u0160is molberts lieliski ieder\u0113sies katra m\u0101kslinieka m\u0101j\u0101 vai studij\u0101 un tas ir ide\u0101li piem\u0113rots tiem, kas darbojas ar at\u0161\u0137ir\u012bgiem materi\u0101liem un kr\u0101s\u0101m. Svars 9.5kg.\" \/>\n<meta property=\"og:url\" content=\"https:\/\/hobstop.ee\/lv\/produkts\/molberts-mabef-m08\/\" \/>\n<meta property=\"og:site_name\" content=\"Skizze\" \/>\n<meta property=\"article:publisher\" content=\"http:\/\/www.facebook.com\/VunderSkizze\" \/>\n<meta property=\"og:image\" content=\"https:\/\/hobstop.ee\/media\/1186.jpg\" \/>\n\t<meta property=\"og:image:width\" content=\"1024\" \/>\n\t<meta property=\"og:image:height\" content=\"768\" \/>\n\t<meta property=\"og:image:type\" content=\"image\/jpeg\" \/>\n<meta name=\"twitter:card\" content=\"summary_large_image\" \/>\n<meta name=\"twitter:label1\" content=\"Est. reading time\" \/>\n\t<meta name=\"twitter:data1\" content=\"1 min\u016b\u0161u\" \/>\n<script type=\"application\/ld+json\" class=\"yoast-schema-graph\">{\"@context\":\"https:\/\/schema.org\",\"@graph\":[{\"@type\":\"WebPage\",\"@id\":\"https:\/\/hobstop.ee\/lv\/produkts\/molberts-mabef-m08\/\",\"url\":\"https:\/\/hobstop.ee\/lv\/produkts\/molberts-mabef-m08\/\",\"name\":\"Molberts Mabef M08 &#8211; Skizze\",\"isPartOf\":{\"@id\":\"https:\/\/hobstop.ee\/lv\/#website\"},\"primaryImageOfPage\":{\"@id\":\"https:\/\/hobstop.ee\/lv\/produkts\/molberts-mabef-m08\/#primaryimage\"},\"image\":{\"@id\":\"https:\/\/hobstop.ee\/lv\/produkts\/molberts-mabef-m08\/#primaryimage\"},\"thumbnailUrl\":\"https:\/\/hobstop.ee\/media\/1186.jpg\",\"datePublished\":\"2014-12-09T10:51:10+00:00\",\"dateModified\":\"2014-12-09T10:51:10+00:00\",\"breadcrumb\":{\"@id\":\"https:\/\/hobstop.ee\/lv\/produkts\/molberts-mabef-m08\/#breadcrumb\"},\"inLanguage\":\"lv-LV\",\"potentialAction\":[{\"@type\":\"ReadAction\",\"target\":[\"https:\/\/hobstop.ee\/lv\/produkts\/molberts-mabef-m08\/\"]}]},{\"@type\":\"ImageObject\",\"inLanguage\":\"lv-LV\",\"@id\":\"https:\/\/hobstop.ee\/lv\/produkts\/molberts-mabef-m08\/#primaryimage\",\"url\":\"https:\/\/hobstop.ee\/media\/1186.jpg\",\"contentUrl\":\"https:\/\/hobstop.ee\/media\/1186.jpg\",\"width\":1024,\"height\":768},{\"@type\":\"BreadcrumbList\",\"@id\":\"https:\/\/hobstop.ee\/lv\/produkts\/molberts-mabef-m08\/#breadcrumb\",\"itemListElement\":[{\"@type\":\"ListItem\",\"position\":1,\"name\":\"Avaleht\",\"item\":\"https:\/\/hobstop.ee\/lv\/\"},{\"@type\":\"ListItem\",\"position\":2,\"name\":\"Veikals\",\"item\":\"https:\/\/hobstop.ee\/lv\/veikals\/\"},{\"@type\":\"ListItem\",\"position\":3,\"name\":\"Molberts Mabef M08\"}]},{\"@type\":\"WebSite\",\"@id\":\"https:\/\/hobstop.ee\/lv\/#website\",\"url\":\"https:\/\/hobstop.ee\/lv\/\",\"name\":\"Skizze\",\"description\":\"M\u0101kslas, hobiju un skolas preces\",\"publisher\":{\"@id\":\"https:\/\/hobstop.ee\/lv\/#organization\"},\"potentialAction\":[{\"@type\":\"SearchAction\",\"target\":{\"@type\":\"EntryPoint\",\"urlTemplate\":\"https:\/\/hobstop.ee\/lv\/?s={search_term_string}\"},\"query-input\":{\"@type\":\"PropertyValueSpecification\",\"valueRequired\":true,\"valueName\":\"search_term_string\"}}],\"inLanguage\":\"lv-LV\"},{\"@type\":\"Organization\",\"@id\":\"https:\/\/hobstop.ee\/lv\/#organization\",\"name\":\"Vunder AS\",\"url\":\"https:\/\/hobstop.ee\/lv\/\",\"logo\":{\"@type\":\"ImageObject\",\"inLanguage\":\"lv-LV\",\"@id\":\"https:\/\/hobstop.ee\/lv\/#\/schema\/logo\/image\/\",\"url\":\"https:\/\/hobstop.ee\/media\/vunder-logo.png\",\"contentUrl\":\"https:\/\/hobstop.ee\/media\/vunder-logo.png\",\"width\":127,\"height\":55,\"caption\":\"Vunder AS\"},\"image\":{\"@id\":\"https:\/\/hobstop.ee\/lv\/#\/schema\/logo\/image\/\"},\"sameAs\":[\"http:\/\/www.facebook.com\/VunderSkizze\"]}]}<\/script>\n<!-- \/ Yoast SEO plugin. -->","yoast_head_json":{"title":"Molberts Mabef M08 &#8211; Skizze","robots":{"index":"noindex","follow":"follow","max-snippet":"max-snippet:-1","max-image-preview":"max-image-preview:large","max-video-preview":"max-video-preview:-1"},"og_locale":"lv_LV","og_type":"article","og_title":"Molberts Mabef M08 &#8211; Skizze","og_description":"MABEF M08 ir vienk\u0101r\u0161s ta\u010du daudzveid\u012bgi izmantojams, p\u0101rveidojams studijas molberts. Tas ir izgatavots no di\u017esk\u0101bar\u017ea un pies\u016bcin\u0101ts ar dab\u012bgu e\u013c\u013cu, kas izce\u013c koksnes dab\u012bgo strukt\u016bru. T\u0101 audekla tur\u0113t\u0101ja le\u0146\u0137is var tikt main\u012bts no vertik\u0101la st\u0101vok\u013ca (e\u013c\u013cas gleznojumiem) l\u012bdz piln\u012bgi horizont\u0101lam novietojumam (veidojot galdu darbam ar akvare\u013ckr\u0101s\u0101m). Ar sp\u0101rnu uzgriezni regul\u0113jamais audekla tur\u0113t\u0101js ir paredz\u0113ts l\u012bdz 180cm augsta audekla novieto\u0161anai. \u0160is molberts lieliski ieder\u0113sies katra m\u0101kslinieka m\u0101j\u0101 vai studij\u0101 un tas ir ide\u0101li piem\u0113rots tiem, kas darbojas ar at\u0161\u0137ir\u012bgiem materi\u0101liem un kr\u0101s\u0101m. Svars 9.5kg.","og_url":"https:\/\/hobstop.ee\/lv\/produkts\/molberts-mabef-m08\/","og_site_name":"Skizze","article_publisher":"http:\/\/www.facebook.com\/VunderSkizze","og_image":[{"width":1024,"height":768,"url":"https:\/\/hobstop.ee\/media\/1186.jpg","type":"image\/jpeg"}],"twitter_card":"summary_large_image","twitter_misc":{"Est. reading time":"1 min\u016b\u0161u"},"schema":{"@context":"https:\/\/schema.org","@graph":[{"@type":"WebPage","@id":"https:\/\/hobstop.ee\/lv\/produkts\/molberts-mabef-m08\/","url":"https:\/\/hobstop.ee\/lv\/produkts\/molberts-mabef-m08\/","name":"Molberts Mabef M08 &#8211; Skizze","isPartOf":{"@id":"https:\/\/hobstop.ee\/lv\/#website"},"primaryImageOfPage":{"@id":"https:\/\/hobstop.ee\/lv\/produkts\/molberts-mabef-m08\/#primaryimage"},"image":{"@id":"https:\/\/hobstop.ee\/lv\/produkts\/molberts-mabef-m08\/#primaryimage"},"thumbnailUrl":"https:\/\/hobstop.ee\/media\/1186.jpg","datePublished":"2014-12-09T10:51:10+00:00","dateModified":"2014-12-09T10:51:10+00:00","breadcrumb":{"@id":"https:\/\/hobstop.ee\/lv\/produkts\/molberts-mabef-m08\/#breadcrumb"},"inLanguage":"lv-LV","potentialAction":[{"@type":"ReadAction","target":["https:\/\/hobstop.ee\/lv\/produkts\/molberts-mabef-m08\/"]}]},{"@type":"ImageObject","inLanguage":"lv-LV","@id":"https:\/\/hobstop.ee\/lv\/produkts\/molberts-mabef-m08\/#primaryimage","url":"https:\/\/hobstop.ee\/media\/1186.jpg","contentUrl":"https:\/\/hobstop.ee\/media\/1186.jpg","width":1024,"height":768},{"@type":"BreadcrumbList","@id":"https:\/\/hobstop.ee\/lv\/produkts\/molberts-mabef-m08\/#breadcrumb","itemListElement":[{"@type":"ListItem","position":1,"name":"Avaleht","item":"https:\/\/hobstop.ee\/lv\/"},{"@type":"ListItem","position":2,"name":"Veikals","item":"https:\/\/hobstop.ee\/lv\/veikals\/"},{"@type":"ListItem","position":3,"name":"Molberts Mabef M08"}]},{"@type":"WebSite","@id":"https:\/\/hobstop.ee\/lv\/#website","url":"https:\/\/hobstop.ee\/lv\/","name":"Skizze","description":"M\u0101kslas, hobiju un skolas preces","publisher":{"@id":"https:\/\/hobstop.ee\/lv\/#organization"},"potentialAction":[{"@type":"SearchAction","target":{"@type":"EntryPoint","urlTemplate":"https:\/\/hobstop.ee\/lv\/?s={search_term_string}"},"query-input":{"@type":"PropertyValueSpecification","valueRequired":true,"valueName":"search_term_string"}}],"inLanguage":"lv-LV"},{"@type":"Organization","@id":"https:\/\/hobstop.ee\/lv\/#organization","name":"Vunder AS","url":"https:\/\/hobstop.ee\/lv\/","logo":{"@type":"ImageObject","inLanguage":"lv-LV","@id":"https:\/\/hobstop.ee\/lv\/#\/schema\/logo\/image\/","url":"https:\/\/hobstop.ee\/media\/vunder-logo.png","contentUrl":"https:\/\/hobstop.ee\/media\/vunder-logo.png","width":127,"height":55,"caption":"Vunder AS"},"image":{"@id":"https:\/\/hobstop.ee\/lv\/#\/schema\/logo\/image\/"},"sameAs":["http:\/\/www.facebook.com\/VunderSkizze"]}]}},"_links":{"self":[{"href":"https:\/\/hobstop.ee\/lv\/wp-json\/wp\/v2\/product\/60711","targetHints":{"allow":["GET"]}}],"collection":[{"href":"https:\/\/hobstop.ee\/lv\/wp-json\/wp\/v2\/product"}],"about":[{"href":"https:\/\/hobstop.ee\/lv\/wp-json\/wp\/v2\/types\/product"}],"replies":[{"embeddable":true,"href":"https:\/\/hobstop.ee\/lv\/wp-json\/wp\/v2\/comments?post=60711"}],"wp:featuredmedia":[{"embeddable":true,"href":"https:\/\/hobstop.ee\/lv\/wp-json\/wp\/v2\/media\/102722"}],"wp:attachment":[{"href":"https:\/\/hobstop.ee\/lv\/wp-json\/wp\/v2\/media?parent=60711"}],"wp:term":[{"taxonomy":"product_cat","embeddable":true,"href":"https:\/\/hobstop.ee\/lv\/wp-json\/wp\/v2\/product_cat?post=60711"},{"taxonomy":"product_tag","embeddable":true,"href":"https:\/\/hobstop.ee\/lv\/wp-json\/wp\/v2\/product_tag?post=60711"}],"curies":[{"name":"wp","href":"https:\/\/api.w.org\/{rel}","templated":true}]}}