{"id":60786,"date":"2014-12-09T12:52:06","date_gmt":"2014-12-09T10:52:06","guid":{"rendered":"https:\/\/sharks.ee\/vunder_2019.klient.veebimajutus.ee\/?post_type=product&#038;p=60786"},"modified":"2014-12-09T12:52:06","modified_gmt":"2014-12-09T10:52:06","slug":"pulverizators-baltas-tafeles-tirisanai-250ml","status":"publish","type":"product","link":"https:\/\/hobstop.ee\/lv\/produkts\/pulverizators-baltas-tafeles-tirisanai-250ml\/","title":{"rendered":"Pulverizators balt\u0101s t\u0101feles t\u012br\u012b\u0161anai 250ml"},"content":{"rendered":"<p>Apli balto t\u0101fe\u013cu t\u012br\u012b\u0161anas l\u012bdzeklis ir speci\u0101li izstr\u0101d\u0101ts lieto\u0161anai skol\u0101s un birojos un tas pal\u012bdz\u0113s pagarin\u0101t balt\u0101s t\u0101feles kalpo\u0161anas laiku, nodro\u0161inot tai nevainojami baltu virsmu.<\/p>\n","protected":false},"excerpt":{"rendered":"<p>Apli balto t\u0101fe\u013cu t\u012br\u012b\u0161anas l\u012bdzeklis ir speci\u0101li izstr\u0101d\u0101ts lieto\u0161anai skol\u0101s un birojos un tas pal\u012bdz\u0113s pagarin\u0101t balt\u0101s t\u0101feles kalpo\u0161anas laiku, nodro\u0161inot tai nevainojami baltu virsmu.<\/p>\n","protected":false},"featured_media":103094,"comment_status":"closed","ping_status":"closed","template":"","meta":{"_acf_changed":false,"ep_exclude_from_search":false},"product_cat":[17913,17936,17932],"product_tag":[],"class_list":{"0":"post-60786","1":"product","2":"type-product","3":"status-publish","4":"has-post-thumbnail","6":"product_cat-biroja-preces","7":"product_cat-preces-datoriem","8":"product_cat-tirisanas-lidzekli-2","10":"first","11":"instock","12":"sale","13":"taxable","14":"shipping-taxable","15":"purchasable","16":"product-type-variable"},"acf":[],"yoast_head":"<!-- This site is optimized with the Yoast SEO plugin v24.1 - https:\/\/yoast.com\/wordpress\/plugins\/seo\/ -->\n<title>Pulverizators balt\u0101s t\u0101feles t\u012br\u012b\u0161anai 250ml                             &#8211; Skizze<\/title>\n<meta name=\"robots\" content=\"noindex, follow, max-snippet:-1, max-image-preview:large, max-video-preview:-1\" \/>\n<meta property=\"og:locale\" content=\"lv_LV\" \/>\n<meta property=\"og:type\" content=\"article\" \/>\n<meta property=\"og:title\" content=\"Pulverizators balt\u0101s t\u0101feles t\u012br\u012b\u0161anai 250ml                             &#8211; Skizze\" \/>\n<meta property=\"og:description\" content=\"Apli balto t\u0101fe\u013cu t\u012br\u012b\u0161anas l\u012bdzeklis ir speci\u0101li izstr\u0101d\u0101ts lieto\u0161anai skol\u0101s un birojos un tas pal\u012bdz\u0113s pagarin\u0101t balt\u0101s t\u0101feles kalpo\u0161anas laiku, nodro\u0161inot tai nevainojami baltu virsmu.\" \/>\n<meta property=\"og:url\" content=\"https:\/\/hobstop.ee\/lv\/produkts\/pulverizators-baltas-tafeles-tirisanai-250ml\/\" \/>\n<meta property=\"og:site_name\" content=\"Skizze\" \/>\n<meta property=\"article:publisher\" content=\"http:\/\/www.facebook.com\/VunderSkizze\" \/>\n<meta property=\"og:image\" content=\"https:\/\/hobstop.ee\/media\/1398.jpg\" \/>\n\t<meta property=\"og:image:width\" content=\"1024\" \/>\n\t<meta property=\"og:image:height\" content=\"768\" \/>\n\t<meta property=\"og:image:type\" content=\"image\/jpeg\" \/>\n<meta name=\"twitter:card\" content=\"summary_large_image\" \/>\n<script type=\"application\/ld+json\" class=\"yoast-schema-graph\">{\"@context\":\"https:\/\/schema.org\",\"@graph\":[{\"@type\":\"WebPage\",\"@id\":\"https:\/\/hobstop.ee\/lv\/produkts\/pulverizators-baltas-tafeles-tirisanai-250ml\/\",\"url\":\"https:\/\/hobstop.ee\/lv\/produkts\/pulverizators-baltas-tafeles-tirisanai-250ml\/\",\"name\":\"Pulverizators balt\u0101s t\u0101feles t\u012br\u012b\u0161anai 250ml &#8211; Skizze\",\"isPartOf\":{\"@id\":\"https:\/\/www.hobstop.ee\/lv\/#website\"},\"primaryImageOfPage\":{\"@id\":\"https:\/\/hobstop.ee\/lv\/produkts\/pulverizators-baltas-tafeles-tirisanai-250ml\/#primaryimage\"},\"image\":{\"@id\":\"https:\/\/hobstop.ee\/lv\/produkts\/pulverizators-baltas-tafeles-tirisanai-250ml\/#primaryimage\"},\"thumbnailUrl\":\"https:\/\/hobstop.ee\/media\/1398.jpg\",\"datePublished\":\"2014-12-09T10:52:06+00:00\",\"dateModified\":\"2014-12-09T10:52:06+00:00\",\"breadcrumb\":{\"@id\":\"https:\/\/hobstop.ee\/lv\/produkts\/pulverizators-baltas-tafeles-tirisanai-250ml\/#breadcrumb\"},\"inLanguage\":\"lv-LV\",\"potentialAction\":[{\"@type\":\"ReadAction\",\"target\":[\"https:\/\/hobstop.ee\/lv\/produkts\/pulverizators-baltas-tafeles-tirisanai-250ml\/\"]}]},{\"@type\":\"ImageObject\",\"inLanguage\":\"lv-LV\",\"@id\":\"https:\/\/hobstop.ee\/lv\/produkts\/pulverizators-baltas-tafeles-tirisanai-250ml\/#primaryimage\",\"url\":\"https:\/\/hobstop.ee\/media\/1398.jpg\",\"contentUrl\":\"https:\/\/hobstop.ee\/media\/1398.jpg\",\"width\":1024,\"height\":768},{\"@type\":\"BreadcrumbList\",\"@id\":\"https:\/\/hobstop.ee\/lv\/produkts\/pulverizators-baltas-tafeles-tirisanai-250ml\/#breadcrumb\",\"itemListElement\":[{\"@type\":\"ListItem\",\"position\":1,\"name\":\"Avaleht\",\"item\":\"https:\/\/www.hobstop.ee\/lv\/\"},{\"@type\":\"ListItem\",\"position\":2,\"name\":\"Veikals\",\"item\":\"https:\/\/www.hobstop.ee\/lv\/veikals\/\"},{\"@type\":\"ListItem\",\"position\":3,\"name\":\"Pulverizators balt\u0101s t\u0101feles t\u012br\u012b\u0161anai 250ml\"}]},{\"@type\":\"WebSite\",\"@id\":\"https:\/\/www.hobstop.ee\/lv\/#website\",\"url\":\"https:\/\/www.hobstop.ee\/lv\/\",\"name\":\"Skizze\",\"description\":\"M\u0101kslas, hobiju un skolas preces\",\"publisher\":{\"@id\":\"https:\/\/www.hobstop.ee\/lv\/#organization\"},\"potentialAction\":[{\"@type\":\"SearchAction\",\"target\":{\"@type\":\"EntryPoint\",\"urlTemplate\":\"https:\/\/www.hobstop.ee\/lv\/?s={search_term_string}\"},\"query-input\":{\"@type\":\"PropertyValueSpecification\",\"valueRequired\":true,\"valueName\":\"search_term_string\"}}],\"inLanguage\":\"lv-LV\"},{\"@type\":\"Organization\",\"@id\":\"https:\/\/www.hobstop.ee\/lv\/#organization\",\"name\":\"Vunder AS\",\"url\":\"https:\/\/www.hobstop.ee\/lv\/\",\"logo\":{\"@type\":\"ImageObject\",\"inLanguage\":\"lv-LV\",\"@id\":\"https:\/\/www.hobstop.ee\/lv\/#\/schema\/logo\/image\/\",\"url\":\"https:\/\/hobstop.ee\/media\/vunder-logo.png\",\"contentUrl\":\"https:\/\/hobstop.ee\/media\/vunder-logo.png\",\"width\":127,\"height\":55,\"caption\":\"Vunder AS\"},\"image\":{\"@id\":\"https:\/\/www.hobstop.ee\/lv\/#\/schema\/logo\/image\/\"},\"sameAs\":[\"http:\/\/www.facebook.com\/VunderSkizze\"]}]}<\/script>\n<!-- \/ Yoast SEO plugin. -->","yoast_head_json":{"title":"Pulverizators balt\u0101s t\u0101feles t\u012br\u012b\u0161anai 250ml                             &#8211; Skizze","robots":{"index":"noindex","follow":"follow","max-snippet":"max-snippet:-1","max-image-preview":"max-image-preview:large","max-video-preview":"max-video-preview:-1"},"og_locale":"lv_LV","og_type":"article","og_title":"Pulverizators balt\u0101s t\u0101feles t\u012br\u012b\u0161anai 250ml                             &#8211; Skizze","og_description":"Apli balto t\u0101fe\u013cu t\u012br\u012b\u0161anas l\u012bdzeklis ir speci\u0101li izstr\u0101d\u0101ts lieto\u0161anai skol\u0101s un birojos un tas pal\u012bdz\u0113s pagarin\u0101t balt\u0101s t\u0101feles kalpo\u0161anas laiku, nodro\u0161inot tai nevainojami baltu virsmu.","og_url":"https:\/\/hobstop.ee\/lv\/produkts\/pulverizators-baltas-tafeles-tirisanai-250ml\/","og_site_name":"Skizze","article_publisher":"http:\/\/www.facebook.com\/VunderSkizze","og_image":[{"width":1024,"height":768,"url":"https:\/\/hobstop.ee\/media\/1398.jpg","type":"image\/jpeg"}],"twitter_card":"summary_large_image","schema":{"@context":"https:\/\/schema.org","@graph":[{"@type":"WebPage","@id":"https:\/\/hobstop.ee\/lv\/produkts\/pulverizators-baltas-tafeles-tirisanai-250ml\/","url":"https:\/\/hobstop.ee\/lv\/produkts\/pulverizators-baltas-tafeles-tirisanai-250ml\/","name":"Pulverizators balt\u0101s t\u0101feles t\u012br\u012b\u0161anai 250ml &#8211; Skizze","isPartOf":{"@id":"https:\/\/www.hobstop.ee\/lv\/#website"},"primaryImageOfPage":{"@id":"https:\/\/hobstop.ee\/lv\/produkts\/pulverizators-baltas-tafeles-tirisanai-250ml\/#primaryimage"},"image":{"@id":"https:\/\/hobstop.ee\/lv\/produkts\/pulverizators-baltas-tafeles-tirisanai-250ml\/#primaryimage"},"thumbnailUrl":"https:\/\/hobstop.ee\/media\/1398.jpg","datePublished":"2014-12-09T10:52:06+00:00","dateModified":"2014-12-09T10:52:06+00:00","breadcrumb":{"@id":"https:\/\/hobstop.ee\/lv\/produkts\/pulverizators-baltas-tafeles-tirisanai-250ml\/#breadcrumb"},"inLanguage":"lv-LV","potentialAction":[{"@type":"ReadAction","target":["https:\/\/hobstop.ee\/lv\/produkts\/pulverizators-baltas-tafeles-tirisanai-250ml\/"]}]},{"@type":"ImageObject","inLanguage":"lv-LV","@id":"https:\/\/hobstop.ee\/lv\/produkts\/pulverizators-baltas-tafeles-tirisanai-250ml\/#primaryimage","url":"https:\/\/hobstop.ee\/media\/1398.jpg","contentUrl":"https:\/\/hobstop.ee\/media\/1398.jpg","width":1024,"height":768},{"@type":"BreadcrumbList","@id":"https:\/\/hobstop.ee\/lv\/produkts\/pulverizators-baltas-tafeles-tirisanai-250ml\/#breadcrumb","itemListElement":[{"@type":"ListItem","position":1,"name":"Avaleht","item":"https:\/\/www.hobstop.ee\/lv\/"},{"@type":"ListItem","position":2,"name":"Veikals","item":"https:\/\/www.hobstop.ee\/lv\/veikals\/"},{"@type":"ListItem","position":3,"name":"Pulverizators balt\u0101s t\u0101feles t\u012br\u012b\u0161anai 250ml"}]},{"@type":"WebSite","@id":"https:\/\/www.hobstop.ee\/lv\/#website","url":"https:\/\/www.hobstop.ee\/lv\/","name":"Skizze","description":"M\u0101kslas, hobiju un skolas preces","publisher":{"@id":"https:\/\/www.hobstop.ee\/lv\/#organization"},"potentialAction":[{"@type":"SearchAction","target":{"@type":"EntryPoint","urlTemplate":"https:\/\/www.hobstop.ee\/lv\/?s={search_term_string}"},"query-input":{"@type":"PropertyValueSpecification","valueRequired":true,"valueName":"search_term_string"}}],"inLanguage":"lv-LV"},{"@type":"Organization","@id":"https:\/\/www.hobstop.ee\/lv\/#organization","name":"Vunder AS","url":"https:\/\/www.hobstop.ee\/lv\/","logo":{"@type":"ImageObject","inLanguage":"lv-LV","@id":"https:\/\/www.hobstop.ee\/lv\/#\/schema\/logo\/image\/","url":"https:\/\/hobstop.ee\/media\/vunder-logo.png","contentUrl":"https:\/\/hobstop.ee\/media\/vunder-logo.png","width":127,"height":55,"caption":"Vunder AS"},"image":{"@id":"https:\/\/www.hobstop.ee\/lv\/#\/schema\/logo\/image\/"},"sameAs":["http:\/\/www.facebook.com\/VunderSkizze"]}]}},"_links":{"self":[{"href":"https:\/\/hobstop.ee\/lv\/wp-json\/wp\/v2\/product\/60786","targetHints":{"allow":["GET"]}}],"collection":[{"href":"https:\/\/hobstop.ee\/lv\/wp-json\/wp\/v2\/product"}],"about":[{"href":"https:\/\/hobstop.ee\/lv\/wp-json\/wp\/v2\/types\/product"}],"replies":[{"embeddable":true,"href":"https:\/\/hobstop.ee\/lv\/wp-json\/wp\/v2\/comments?post=60786"}],"wp:featuredmedia":[{"embeddable":true,"href":"https:\/\/hobstop.ee\/lv\/wp-json\/wp\/v2\/media\/103094"}],"wp:attachment":[{"href":"https:\/\/hobstop.ee\/lv\/wp-json\/wp\/v2\/media?parent=60786"}],"wp:term":[{"taxonomy":"product_cat","embeddable":true,"href":"https:\/\/hobstop.ee\/lv\/wp-json\/wp\/v2\/product_cat?post=60786"},{"taxonomy":"product_tag","embeddable":true,"href":"https:\/\/hobstop.ee\/lv\/wp-json\/wp\/v2\/product_tag?post=60786"}],"curies":[{"name":"wp","href":"https:\/\/api.w.org\/{rel}","templated":true}]}}