{"id":60923,"date":"2014-12-09T12:54:26","date_gmt":"2014-12-09T10:54:26","guid":{"rendered":"https:\/\/sharks.ee\/vunder_2019.klient.veebimajutus.ee\/?post_type=product&#038;p=60923"},"modified":"2014-12-09T12:54:26","modified_gmt":"2014-12-09T10:54:26","slug":"litografijas-drukasanas-papirs-arches-velin-darches","status":"publish","type":"product","link":"https:\/\/hobstop.ee\/lv\/produkts\/litografijas-drukasanas-papirs-arches-velin-darches\/","title":{"rendered":"Litogr\u0101fijas druk\u0101\u0161anas pap\u012brs Arches Velin d&#8217;Arches"},"content":{"rendered":"<p>Arches drukas pap\u012bra lielisk\u0101s kvalit\u0101tes nosl\u0113pums sl\u0113pjas t\u0101 \u012bpa\u0161aj\u0101 izgatavo\u0161anas proces\u0101, kur r\u016bp\u012bgi atlas\u012btas kokvilnas \u0161\u0137iedras tiek kombin\u0113tas ar apa\u013c\u0101s veidnes tehnolo\u0123iju (izgatavots, izmantojot tradicion\u0101l\u0101s iek\u0101rtas, ta\u010du atg\u0101dina ar rok\u0101m izgatavotu pap\u012bru). 100% kokvilna, veidn\u0113 izgatavots pap\u012brs. Sk\u0101bes nesaturo\u0161s, bufer\u0113ts pap\u012brs, kura ilgm\u016b\u017e\u012bbas \u012bpa\u0161\u012bbas atbilst ISO 9706 standarta pras\u012bb\u0101m. \u0160im pap\u012bram ir izteikta tekst\u016bra, tas ir dab\u012bgi balt\u0101 kr\u0101s\u0101, bez optiskiem balin\u0101t\u0101jiem.<br \/>\nIde\u0101li piem\u0113rots: z\u012bm\u0113\u0161anai, apdrukai un grav\u0113\u0161anai.<\/p>\n","protected":false},"excerpt":{"rendered":"<p>Arches drukas pap\u012bra lielisk\u0101s kvalit\u0101tes nosl\u0113pums sl\u0113pjas t\u0101 \u012bpa\u0161aj\u0101 izgatavo\u0161anas proces\u0101, kur r\u016bp\u012bgi atlas\u012btas kokvilnas \u0161\u0137iedras tiek kombin\u0113tas ar apa\u013c\u0101s veidnes tehnolo\u0123iju (izgatavots, izmantojot tradicion\u0101l\u0101s iek\u0101rtas, ta\u010du atg\u0101dina ar rok\u0101m izgatavotu pap\u012bru). 100% kokvilna, veidn\u0113 izgatavots pap\u012brs. Sk\u0101bes nesaturo\u0161s, bufer\u0113ts pap\u012brs, kura ilgm\u016b\u017e\u012bbas \u012bpa\u0161\u012bbas atbilst ISO 9706 standarta pras\u012bb\u0101m. \u0160im pap\u012bram ir izteikta tekst\u016bra, tas ir dab\u012bgi balt\u0101 kr\u0101s\u0101, bez optiskiem balin\u0101t\u0101jiem. Ide\u0101li piem\u0113rots: z\u012bm\u0113\u0161anai, apdrukai un grav\u0113\u0161anai.<\/p>\n","protected":false},"featured_media":103698,"comment_status":"closed","ping_status":"closed","template":"","meta":{"_acf_changed":false,"ep_exclude_from_search":false},"product_cat":[17992,18943,17921],"product_tag":[],"class_list":{"0":"post-60923","1":"product","2":"type-product","3":"status-publish","4":"has-post-thumbnail","6":"product_cat-drukas-papirs-3","7":"product_cat-makslas-papirs-un-kartons-2","8":"product_cat-papira-izstradajumi","10":"first","11":"instock","12":"taxable","13":"shipping-taxable","14":"purchasable","15":"product-type-variable"},"acf":[],"yoast_head":"<!-- This site is optimized with the Yoast SEO plugin v24.1 - https:\/\/yoast.com\/wordpress\/plugins\/seo\/ -->\n<title>Litogr\u0101fijas druk\u0101\u0161anas pap\u012brs Arches Velin d&#039;Arches &#8211; Skizze<\/title>\n<meta name=\"robots\" content=\"noindex, follow, max-snippet:-1, max-image-preview:large, max-video-preview:-1\" \/>\n<meta property=\"og:locale\" content=\"lv_LV\" \/>\n<meta property=\"og:type\" content=\"article\" \/>\n<meta property=\"og:title\" content=\"Litogr\u0101fijas druk\u0101\u0161anas pap\u012brs Arches Velin d&#039;Arches &#8211; Skizze\" \/>\n<meta property=\"og:description\" content=\"Arches drukas pap\u012bra lielisk\u0101s kvalit\u0101tes nosl\u0113pums sl\u0113pjas t\u0101 \u012bpa\u0161aj\u0101 izgatavo\u0161anas proces\u0101, kur r\u016bp\u012bgi atlas\u012btas kokvilnas \u0161\u0137iedras tiek kombin\u0113tas ar apa\u013c\u0101s veidnes tehnolo\u0123iju (izgatavots, izmantojot tradicion\u0101l\u0101s iek\u0101rtas, ta\u010du atg\u0101dina ar rok\u0101m izgatavotu pap\u012bru). 100% kokvilna, veidn\u0113 izgatavots pap\u012brs. Sk\u0101bes nesaturo\u0161s, bufer\u0113ts pap\u012brs, kura ilgm\u016b\u017e\u012bbas \u012bpa\u0161\u012bbas atbilst ISO 9706 standarta pras\u012bb\u0101m. \u0160im pap\u012bram ir izteikta tekst\u016bra, tas ir dab\u012bgi balt\u0101 kr\u0101s\u0101, bez optiskiem balin\u0101t\u0101jiem. Ide\u0101li piem\u0113rots: z\u012bm\u0113\u0161anai, apdrukai un grav\u0113\u0161anai.\" \/>\n<meta property=\"og:url\" content=\"https:\/\/hobstop.ee\/lv\/produkts\/litografijas-drukasanas-papirs-arches-velin-darches\/\" \/>\n<meta property=\"og:site_name\" content=\"Skizze\" \/>\n<meta property=\"article:publisher\" content=\"http:\/\/www.facebook.com\/VunderSkizze\" \/>\n<meta property=\"og:image\" content=\"https:\/\/hobstop.ee\/media\/1817.jpg\" \/>\n\t<meta property=\"og:image:width\" content=\"700\" \/>\n\t<meta property=\"og:image:height\" content=\"700\" \/>\n\t<meta property=\"og:image:type\" content=\"image\/jpeg\" \/>\n<meta name=\"twitter:card\" content=\"summary_large_image\" \/>\n<meta name=\"twitter:label1\" content=\"Est. reading time\" \/>\n\t<meta name=\"twitter:data1\" content=\"1 min\u016b\u0161u\" \/>\n<script type=\"application\/ld+json\" class=\"yoast-schema-graph\">{\"@context\":\"https:\/\/schema.org\",\"@graph\":[{\"@type\":\"WebPage\",\"@id\":\"https:\/\/hobstop.ee\/lv\/produkts\/litografijas-drukasanas-papirs-arches-velin-darches\/\",\"url\":\"https:\/\/hobstop.ee\/lv\/produkts\/litografijas-drukasanas-papirs-arches-velin-darches\/\",\"name\":\"Litogr\u0101fijas druk\u0101\u0161anas pap\u012brs Arches Velin d'Arches &#8211; Skizze\",\"isPartOf\":{\"@id\":\"https:\/\/hobstop.ee\/lv\/#website\"},\"primaryImageOfPage\":{\"@id\":\"https:\/\/hobstop.ee\/lv\/produkts\/litografijas-drukasanas-papirs-arches-velin-darches\/#primaryimage\"},\"image\":{\"@id\":\"https:\/\/hobstop.ee\/lv\/produkts\/litografijas-drukasanas-papirs-arches-velin-darches\/#primaryimage\"},\"thumbnailUrl\":\"https:\/\/hobstop.ee\/media\/1817.jpg\",\"datePublished\":\"2014-12-09T10:54:26+00:00\",\"dateModified\":\"2014-12-09T10:54:26+00:00\",\"breadcrumb\":{\"@id\":\"https:\/\/hobstop.ee\/lv\/produkts\/litografijas-drukasanas-papirs-arches-velin-darches\/#breadcrumb\"},\"inLanguage\":\"lv-LV\",\"potentialAction\":[{\"@type\":\"ReadAction\",\"target\":[\"https:\/\/hobstop.ee\/lv\/produkts\/litografijas-drukasanas-papirs-arches-velin-darches\/\"]}]},{\"@type\":\"ImageObject\",\"inLanguage\":\"lv-LV\",\"@id\":\"https:\/\/hobstop.ee\/lv\/produkts\/litografijas-drukasanas-papirs-arches-velin-darches\/#primaryimage\",\"url\":\"https:\/\/hobstop.ee\/media\/1817.jpg\",\"contentUrl\":\"https:\/\/hobstop.ee\/media\/1817.jpg\",\"width\":700,\"height\":700},{\"@type\":\"BreadcrumbList\",\"@id\":\"https:\/\/hobstop.ee\/lv\/produkts\/litografijas-drukasanas-papirs-arches-velin-darches\/#breadcrumb\",\"itemListElement\":[{\"@type\":\"ListItem\",\"position\":1,\"name\":\"Avaleht\",\"item\":\"https:\/\/www.hobstop.ee\/lv\/\"},{\"@type\":\"ListItem\",\"position\":2,\"name\":\"Veikals\",\"item\":\"https:\/\/www.hobstop.ee\/lv\/veikals\/\"},{\"@type\":\"ListItem\",\"position\":3,\"name\":\"Litogr\u0101fijas druk\u0101\u0161anas pap\u012brs Arches Velin d&#8217;Arches\"}]},{\"@type\":\"WebSite\",\"@id\":\"https:\/\/hobstop.ee\/lv\/#website\",\"url\":\"https:\/\/hobstop.ee\/lv\/\",\"name\":\"Skizze\",\"description\":\"M\u0101kslas, hobiju un skolas preces\",\"publisher\":{\"@id\":\"https:\/\/hobstop.ee\/lv\/#organization\"},\"potentialAction\":[{\"@type\":\"SearchAction\",\"target\":{\"@type\":\"EntryPoint\",\"urlTemplate\":\"https:\/\/hobstop.ee\/lv\/?s={search_term_string}\"},\"query-input\":{\"@type\":\"PropertyValueSpecification\",\"valueRequired\":true,\"valueName\":\"search_term_string\"}}],\"inLanguage\":\"lv-LV\"},{\"@type\":\"Organization\",\"@id\":\"https:\/\/hobstop.ee\/lv\/#organization\",\"name\":\"Vunder AS\",\"url\":\"https:\/\/hobstop.ee\/lv\/\",\"logo\":{\"@type\":\"ImageObject\",\"inLanguage\":\"lv-LV\",\"@id\":\"https:\/\/hobstop.ee\/lv\/#\/schema\/logo\/image\/\",\"url\":\"https:\/\/hobstop.ee\/media\/vunder-logo.png\",\"contentUrl\":\"https:\/\/hobstop.ee\/media\/vunder-logo.png\",\"width\":127,\"height\":55,\"caption\":\"Vunder AS\"},\"image\":{\"@id\":\"https:\/\/hobstop.ee\/lv\/#\/schema\/logo\/image\/\"},\"sameAs\":[\"http:\/\/www.facebook.com\/VunderSkizze\"]}]}<\/script>\n<!-- \/ Yoast SEO plugin. -->","yoast_head_json":{"title":"Litogr\u0101fijas druk\u0101\u0161anas pap\u012brs Arches Velin d'Arches &#8211; Skizze","robots":{"index":"noindex","follow":"follow","max-snippet":"max-snippet:-1","max-image-preview":"max-image-preview:large","max-video-preview":"max-video-preview:-1"},"og_locale":"lv_LV","og_type":"article","og_title":"Litogr\u0101fijas druk\u0101\u0161anas pap\u012brs Arches Velin d'Arches &#8211; Skizze","og_description":"Arches drukas pap\u012bra lielisk\u0101s kvalit\u0101tes nosl\u0113pums sl\u0113pjas t\u0101 \u012bpa\u0161aj\u0101 izgatavo\u0161anas proces\u0101, kur r\u016bp\u012bgi atlas\u012btas kokvilnas \u0161\u0137iedras tiek kombin\u0113tas ar apa\u013c\u0101s veidnes tehnolo\u0123iju (izgatavots, izmantojot tradicion\u0101l\u0101s iek\u0101rtas, ta\u010du atg\u0101dina ar rok\u0101m izgatavotu pap\u012bru). 100% kokvilna, veidn\u0113 izgatavots pap\u012brs. Sk\u0101bes nesaturo\u0161s, bufer\u0113ts pap\u012brs, kura ilgm\u016b\u017e\u012bbas \u012bpa\u0161\u012bbas atbilst ISO 9706 standarta pras\u012bb\u0101m. \u0160im pap\u012bram ir izteikta tekst\u016bra, tas ir dab\u012bgi balt\u0101 kr\u0101s\u0101, bez optiskiem balin\u0101t\u0101jiem. Ide\u0101li piem\u0113rots: z\u012bm\u0113\u0161anai, apdrukai un grav\u0113\u0161anai.","og_url":"https:\/\/hobstop.ee\/lv\/produkts\/litografijas-drukasanas-papirs-arches-velin-darches\/","og_site_name":"Skizze","article_publisher":"http:\/\/www.facebook.com\/VunderSkizze","og_image":[{"width":700,"height":700,"url":"https:\/\/hobstop.ee\/media\/1817.jpg","type":"image\/jpeg"}],"twitter_card":"summary_large_image","twitter_misc":{"Est. reading time":"1 min\u016b\u0161u"},"schema":{"@context":"https:\/\/schema.org","@graph":[{"@type":"WebPage","@id":"https:\/\/hobstop.ee\/lv\/produkts\/litografijas-drukasanas-papirs-arches-velin-darches\/","url":"https:\/\/hobstop.ee\/lv\/produkts\/litografijas-drukasanas-papirs-arches-velin-darches\/","name":"Litogr\u0101fijas druk\u0101\u0161anas pap\u012brs Arches Velin d'Arches &#8211; Skizze","isPartOf":{"@id":"https:\/\/hobstop.ee\/lv\/#website"},"primaryImageOfPage":{"@id":"https:\/\/hobstop.ee\/lv\/produkts\/litografijas-drukasanas-papirs-arches-velin-darches\/#primaryimage"},"image":{"@id":"https:\/\/hobstop.ee\/lv\/produkts\/litografijas-drukasanas-papirs-arches-velin-darches\/#primaryimage"},"thumbnailUrl":"https:\/\/hobstop.ee\/media\/1817.jpg","datePublished":"2014-12-09T10:54:26+00:00","dateModified":"2014-12-09T10:54:26+00:00","breadcrumb":{"@id":"https:\/\/hobstop.ee\/lv\/produkts\/litografijas-drukasanas-papirs-arches-velin-darches\/#breadcrumb"},"inLanguage":"lv-LV","potentialAction":[{"@type":"ReadAction","target":["https:\/\/hobstop.ee\/lv\/produkts\/litografijas-drukasanas-papirs-arches-velin-darches\/"]}]},{"@type":"ImageObject","inLanguage":"lv-LV","@id":"https:\/\/hobstop.ee\/lv\/produkts\/litografijas-drukasanas-papirs-arches-velin-darches\/#primaryimage","url":"https:\/\/hobstop.ee\/media\/1817.jpg","contentUrl":"https:\/\/hobstop.ee\/media\/1817.jpg","width":700,"height":700},{"@type":"BreadcrumbList","@id":"https:\/\/hobstop.ee\/lv\/produkts\/litografijas-drukasanas-papirs-arches-velin-darches\/#breadcrumb","itemListElement":[{"@type":"ListItem","position":1,"name":"Avaleht","item":"https:\/\/www.hobstop.ee\/lv\/"},{"@type":"ListItem","position":2,"name":"Veikals","item":"https:\/\/www.hobstop.ee\/lv\/veikals\/"},{"@type":"ListItem","position":3,"name":"Litogr\u0101fijas druk\u0101\u0161anas pap\u012brs Arches Velin d&#8217;Arches"}]},{"@type":"WebSite","@id":"https:\/\/hobstop.ee\/lv\/#website","url":"https:\/\/hobstop.ee\/lv\/","name":"Skizze","description":"M\u0101kslas, hobiju un skolas preces","publisher":{"@id":"https:\/\/hobstop.ee\/lv\/#organization"},"potentialAction":[{"@type":"SearchAction","target":{"@type":"EntryPoint","urlTemplate":"https:\/\/hobstop.ee\/lv\/?s={search_term_string}"},"query-input":{"@type":"PropertyValueSpecification","valueRequired":true,"valueName":"search_term_string"}}],"inLanguage":"lv-LV"},{"@type":"Organization","@id":"https:\/\/hobstop.ee\/lv\/#organization","name":"Vunder AS","url":"https:\/\/hobstop.ee\/lv\/","logo":{"@type":"ImageObject","inLanguage":"lv-LV","@id":"https:\/\/hobstop.ee\/lv\/#\/schema\/logo\/image\/","url":"https:\/\/hobstop.ee\/media\/vunder-logo.png","contentUrl":"https:\/\/hobstop.ee\/media\/vunder-logo.png","width":127,"height":55,"caption":"Vunder AS"},"image":{"@id":"https:\/\/hobstop.ee\/lv\/#\/schema\/logo\/image\/"},"sameAs":["http:\/\/www.facebook.com\/VunderSkizze"]}]}},"_links":{"self":[{"href":"https:\/\/hobstop.ee\/lv\/wp-json\/wp\/v2\/product\/60923","targetHints":{"allow":["GET"]}}],"collection":[{"href":"https:\/\/hobstop.ee\/lv\/wp-json\/wp\/v2\/product"}],"about":[{"href":"https:\/\/hobstop.ee\/lv\/wp-json\/wp\/v2\/types\/product"}],"replies":[{"embeddable":true,"href":"https:\/\/hobstop.ee\/lv\/wp-json\/wp\/v2\/comments?post=60923"}],"wp:featuredmedia":[{"embeddable":true,"href":"https:\/\/hobstop.ee\/lv\/wp-json\/wp\/v2\/media\/103698"}],"wp:attachment":[{"href":"https:\/\/hobstop.ee\/lv\/wp-json\/wp\/v2\/media?parent=60923"}],"wp:term":[{"taxonomy":"product_cat","embeddable":true,"href":"https:\/\/hobstop.ee\/lv\/wp-json\/wp\/v2\/product_cat?post=60923"},{"taxonomy":"product_tag","embeddable":true,"href":"https:\/\/hobstop.ee\/lv\/wp-json\/wp\/v2\/product_tag?post=60923"}],"curies":[{"name":"wp","href":"https:\/\/api.w.org\/{rel}","templated":true}]}}