{"id":60930,"date":"2014-12-09T12:54:29","date_gmt":"2014-12-09T10:54:29","guid":{"rendered":"https:\/\/sharks.ee\/vunder_2019.klient.veebimajutus.ee\/?post_type=product&#038;p=60930"},"modified":"2014-12-09T12:54:29","modified_gmt":"2014-12-09T10:54:29","slug":"krasa-tekstilam-aerosols-marabu-textil-design-150ml","status":"publish","type":"product","link":"https:\/\/hobstop.ee\/lv\/produkts\/krasa-tekstilam-aerosols-marabu-textil-design-150ml\/","title":{"rendered":"Kr\u0101sa tekstilam aerosols Marabu Textil Design 150ml"},"content":{"rendered":"<p>Marabu Textil Design ir uz akrila kr\u0101sas pamata izgatavots aerosols z\u012bm\u0113\u0161anai uz tekstila. P\u0113c no\u017e\u016b\u0161anas audumu var mazg\u0101t l\u012bdz 30\u00b0C temperat\u016br\u0101 (mazg\u0101t izgrieztu uz otru pusi).  \u0160\u012b tehnika nav piem\u0113rota ikdien\u0101 valk\u0101jama ap\u0123\u0113rba kr\u0101so\u0161anai. Kr\u0101sai nav nepiecie\u0161ama nostiprin\u0101\u0161ana. Textil Design ir ide\u0101li piem\u0113rota tekstilizstr\u0101d\u0101jumu dekor\u0113\u0161anai, izmantojot Marabu \u0161ablonus.<\/p>\n","protected":false},"excerpt":{"rendered":"<p>Marabu Textil Design ir uz akrila kr\u0101sas pamata izgatavots aerosols z\u012bm\u0113\u0161anai uz tekstila. P\u0113c no\u017e\u016b\u0161anas audumu var mazg\u0101t l\u012bdz 30\u00b0C temperat\u016br\u0101 (mazg\u0101t izgrieztu uz otru pusi). \u0160\u012b tehnika nav piem\u0113rota ikdien\u0101 valk\u0101jama ap\u0123\u0113rba kr\u0101so\u0161anai. Kr\u0101sai nav nepiecie\u0161ama nostiprin\u0101\u0161ana. Textil Design ir ide\u0101li piem\u0113rota tekstilizstr\u0101d\u0101jumu dekor\u0113\u0161anai, izmantojot Marabu \u0161ablonus.<\/p>\n","protected":false},"featured_media":311209,"comment_status":"closed","ping_status":"closed","template":"","meta":{"_acf_changed":false,"ep_exclude_from_search":false},"product_cat":[18212,17918,17956],"product_tag":[],"class_list":{"0":"post-60930","1":"product","2":"type-product","3":"status-publish","4":"has-post-thumbnail","6":"product_cat-krasas-gleznosanai-uz-auduma","7":"product_cat-preces-hobijiem","8":"product_cat-tekstilam","10":"first","11":"instock","12":"sale","13":"taxable","14":"shipping-taxable","15":"purchasable","16":"product-type-variable"},"acf":[],"yoast_head":"<!-- This site is optimized with the Yoast SEO plugin v24.1 - https:\/\/yoast.com\/wordpress\/plugins\/seo\/ -->\n<title>Kr\u0101sa tekstilam aerosols Marabu Textil Design 150ml &#8211; Skizze<\/title>\n<meta name=\"robots\" content=\"noindex, follow, max-snippet:-1, max-image-preview:large, max-video-preview:-1\" \/>\n<meta property=\"og:locale\" content=\"lv_LV\" \/>\n<meta property=\"og:type\" content=\"article\" \/>\n<meta property=\"og:title\" content=\"Kr\u0101sa tekstilam aerosols Marabu Textil Design 150ml &#8211; Skizze\" \/>\n<meta property=\"og:description\" content=\"Marabu Textil Design ir uz akrila kr\u0101sas pamata izgatavots aerosols z\u012bm\u0113\u0161anai uz tekstila. P\u0113c no\u017e\u016b\u0161anas audumu var mazg\u0101t l\u012bdz 30\u00b0C temperat\u016br\u0101 (mazg\u0101t izgrieztu uz otru pusi). \u0160\u012b tehnika nav piem\u0113rota ikdien\u0101 valk\u0101jama ap\u0123\u0113rba kr\u0101so\u0161anai. Kr\u0101sai nav nepiecie\u0161ama nostiprin\u0101\u0161ana. Textil Design ir ide\u0101li piem\u0113rota tekstilizstr\u0101d\u0101jumu dekor\u0113\u0161anai, izmantojot Marabu \u0161ablonus.\" \/>\n<meta property=\"og:url\" content=\"https:\/\/hobstop.ee\/lv\/produkts\/krasa-tekstilam-aerosols-marabu-textil-design-150ml\/\" \/>\n<meta property=\"og:site_name\" content=\"Skizze\" \/>\n<meta property=\"article:publisher\" content=\"http:\/\/www.facebook.com\/VunderSkizze\" \/>\n<meta property=\"og:image\" content=\"https:\/\/www.hobstop.ee\/media\/1857.jpg\" \/>\n\t<meta property=\"og:image:width\" content=\"1024\" \/>\n\t<meta property=\"og:image:height\" content=\"768\" \/>\n\t<meta property=\"og:image:type\" content=\"image\/jpeg\" \/>\n<meta name=\"twitter:card\" content=\"summary_large_image\" \/>\n<script type=\"application\/ld+json\" class=\"yoast-schema-graph\">{\"@context\":\"https:\/\/schema.org\",\"@graph\":[{\"@type\":\"WebPage\",\"@id\":\"https:\/\/hobstop.ee\/lv\/produkts\/krasa-tekstilam-aerosols-marabu-textil-design-150ml\/\",\"url\":\"https:\/\/hobstop.ee\/lv\/produkts\/krasa-tekstilam-aerosols-marabu-textil-design-150ml\/\",\"name\":\"Kr\u0101sa tekstilam aerosols Marabu Textil Design 150ml &#8211; Skizze\",\"isPartOf\":{\"@id\":\"https:\/\/hobstop.ee\/lv\/#website\"},\"primaryImageOfPage\":{\"@id\":\"https:\/\/hobstop.ee\/lv\/produkts\/krasa-tekstilam-aerosols-marabu-textil-design-150ml\/#primaryimage\"},\"image\":{\"@id\":\"https:\/\/hobstop.ee\/lv\/produkts\/krasa-tekstilam-aerosols-marabu-textil-design-150ml\/#primaryimage\"},\"thumbnailUrl\":\"https:\/\/hobstop.ee\/media\/1857.jpg\",\"datePublished\":\"2014-12-09T10:54:29+00:00\",\"dateModified\":\"2014-12-09T10:54:29+00:00\",\"breadcrumb\":{\"@id\":\"https:\/\/hobstop.ee\/lv\/produkts\/krasa-tekstilam-aerosols-marabu-textil-design-150ml\/#breadcrumb\"},\"inLanguage\":\"lv-LV\",\"potentialAction\":[{\"@type\":\"ReadAction\",\"target\":[\"https:\/\/hobstop.ee\/lv\/produkts\/krasa-tekstilam-aerosols-marabu-textil-design-150ml\/\"]}]},{\"@type\":\"ImageObject\",\"inLanguage\":\"lv-LV\",\"@id\":\"https:\/\/hobstop.ee\/lv\/produkts\/krasa-tekstilam-aerosols-marabu-textil-design-150ml\/#primaryimage\",\"url\":\"https:\/\/hobstop.ee\/media\/1857.jpg\",\"contentUrl\":\"https:\/\/hobstop.ee\/media\/1857.jpg\",\"width\":1024,\"height\":768},{\"@type\":\"BreadcrumbList\",\"@id\":\"https:\/\/hobstop.ee\/lv\/produkts\/krasa-tekstilam-aerosols-marabu-textil-design-150ml\/#breadcrumb\",\"itemListElement\":[{\"@type\":\"ListItem\",\"position\":1,\"name\":\"Avaleht\",\"item\":\"https:\/\/www.hobstop.ee\/lv\/\"},{\"@type\":\"ListItem\",\"position\":2,\"name\":\"Veikals\",\"item\":\"https:\/\/www.hobstop.ee\/lv\/veikals\/\"},{\"@type\":\"ListItem\",\"position\":3,\"name\":\"Kr\u0101sa tekstilam aerosols Marabu Textil Design 150ml\"}]},{\"@type\":\"WebSite\",\"@id\":\"https:\/\/hobstop.ee\/lv\/#website\",\"url\":\"https:\/\/hobstop.ee\/lv\/\",\"name\":\"Skizze\",\"description\":\"M\u0101kslas, hobiju un skolas preces\",\"publisher\":{\"@id\":\"https:\/\/hobstop.ee\/lv\/#organization\"},\"potentialAction\":[{\"@type\":\"SearchAction\",\"target\":{\"@type\":\"EntryPoint\",\"urlTemplate\":\"https:\/\/hobstop.ee\/lv\/?s={search_term_string}\"},\"query-input\":{\"@type\":\"PropertyValueSpecification\",\"valueRequired\":true,\"valueName\":\"search_term_string\"}}],\"inLanguage\":\"lv-LV\"},{\"@type\":\"Organization\",\"@id\":\"https:\/\/hobstop.ee\/lv\/#organization\",\"name\":\"Vunder AS\",\"url\":\"https:\/\/hobstop.ee\/lv\/\",\"logo\":{\"@type\":\"ImageObject\",\"inLanguage\":\"lv-LV\",\"@id\":\"https:\/\/hobstop.ee\/lv\/#\/schema\/logo\/image\/\",\"url\":\"https:\/\/hobstop.ee\/media\/vunder-logo.png\",\"contentUrl\":\"https:\/\/hobstop.ee\/media\/vunder-logo.png\",\"width\":127,\"height\":55,\"caption\":\"Vunder AS\"},\"image\":{\"@id\":\"https:\/\/hobstop.ee\/lv\/#\/schema\/logo\/image\/\"},\"sameAs\":[\"http:\/\/www.facebook.com\/VunderSkizze\"]}]}<\/script>\n<!-- \/ Yoast SEO plugin. -->","yoast_head_json":{"title":"Kr\u0101sa tekstilam aerosols Marabu Textil Design 150ml &#8211; Skizze","robots":{"index":"noindex","follow":"follow","max-snippet":"max-snippet:-1","max-image-preview":"max-image-preview:large","max-video-preview":"max-video-preview:-1"},"og_locale":"lv_LV","og_type":"article","og_title":"Kr\u0101sa tekstilam aerosols Marabu Textil Design 150ml &#8211; Skizze","og_description":"Marabu Textil Design ir uz akrila kr\u0101sas pamata izgatavots aerosols z\u012bm\u0113\u0161anai uz tekstila. P\u0113c no\u017e\u016b\u0161anas audumu var mazg\u0101t l\u012bdz 30\u00b0C temperat\u016br\u0101 (mazg\u0101t izgrieztu uz otru pusi). \u0160\u012b tehnika nav piem\u0113rota ikdien\u0101 valk\u0101jama ap\u0123\u0113rba kr\u0101so\u0161anai. Kr\u0101sai nav nepiecie\u0161ama nostiprin\u0101\u0161ana. Textil Design ir ide\u0101li piem\u0113rota tekstilizstr\u0101d\u0101jumu dekor\u0113\u0161anai, izmantojot Marabu \u0161ablonus.","og_url":"https:\/\/hobstop.ee\/lv\/produkts\/krasa-tekstilam-aerosols-marabu-textil-design-150ml\/","og_site_name":"Skizze","article_publisher":"http:\/\/www.facebook.com\/VunderSkizze","og_image":[{"width":1024,"height":768,"url":"https:\/\/www.hobstop.ee\/media\/1857.jpg","type":"image\/jpeg"}],"twitter_card":"summary_large_image","schema":{"@context":"https:\/\/schema.org","@graph":[{"@type":"WebPage","@id":"https:\/\/hobstop.ee\/lv\/produkts\/krasa-tekstilam-aerosols-marabu-textil-design-150ml\/","url":"https:\/\/hobstop.ee\/lv\/produkts\/krasa-tekstilam-aerosols-marabu-textil-design-150ml\/","name":"Kr\u0101sa tekstilam aerosols Marabu Textil Design 150ml &#8211; Skizze","isPartOf":{"@id":"https:\/\/hobstop.ee\/lv\/#website"},"primaryImageOfPage":{"@id":"https:\/\/hobstop.ee\/lv\/produkts\/krasa-tekstilam-aerosols-marabu-textil-design-150ml\/#primaryimage"},"image":{"@id":"https:\/\/hobstop.ee\/lv\/produkts\/krasa-tekstilam-aerosols-marabu-textil-design-150ml\/#primaryimage"},"thumbnailUrl":"https:\/\/hobstop.ee\/media\/1857.jpg","datePublished":"2014-12-09T10:54:29+00:00","dateModified":"2014-12-09T10:54:29+00:00","breadcrumb":{"@id":"https:\/\/hobstop.ee\/lv\/produkts\/krasa-tekstilam-aerosols-marabu-textil-design-150ml\/#breadcrumb"},"inLanguage":"lv-LV","potentialAction":[{"@type":"ReadAction","target":["https:\/\/hobstop.ee\/lv\/produkts\/krasa-tekstilam-aerosols-marabu-textil-design-150ml\/"]}]},{"@type":"ImageObject","inLanguage":"lv-LV","@id":"https:\/\/hobstop.ee\/lv\/produkts\/krasa-tekstilam-aerosols-marabu-textil-design-150ml\/#primaryimage","url":"https:\/\/hobstop.ee\/media\/1857.jpg","contentUrl":"https:\/\/hobstop.ee\/media\/1857.jpg","width":1024,"height":768},{"@type":"BreadcrumbList","@id":"https:\/\/hobstop.ee\/lv\/produkts\/krasa-tekstilam-aerosols-marabu-textil-design-150ml\/#breadcrumb","itemListElement":[{"@type":"ListItem","position":1,"name":"Avaleht","item":"https:\/\/www.hobstop.ee\/lv\/"},{"@type":"ListItem","position":2,"name":"Veikals","item":"https:\/\/www.hobstop.ee\/lv\/veikals\/"},{"@type":"ListItem","position":3,"name":"Kr\u0101sa tekstilam aerosols Marabu Textil Design 150ml"}]},{"@type":"WebSite","@id":"https:\/\/hobstop.ee\/lv\/#website","url":"https:\/\/hobstop.ee\/lv\/","name":"Skizze","description":"M\u0101kslas, hobiju un skolas preces","publisher":{"@id":"https:\/\/hobstop.ee\/lv\/#organization"},"potentialAction":[{"@type":"SearchAction","target":{"@type":"EntryPoint","urlTemplate":"https:\/\/hobstop.ee\/lv\/?s={search_term_string}"},"query-input":{"@type":"PropertyValueSpecification","valueRequired":true,"valueName":"search_term_string"}}],"inLanguage":"lv-LV"},{"@type":"Organization","@id":"https:\/\/hobstop.ee\/lv\/#organization","name":"Vunder AS","url":"https:\/\/hobstop.ee\/lv\/","logo":{"@type":"ImageObject","inLanguage":"lv-LV","@id":"https:\/\/hobstop.ee\/lv\/#\/schema\/logo\/image\/","url":"https:\/\/hobstop.ee\/media\/vunder-logo.png","contentUrl":"https:\/\/hobstop.ee\/media\/vunder-logo.png","width":127,"height":55,"caption":"Vunder AS"},"image":{"@id":"https:\/\/hobstop.ee\/lv\/#\/schema\/logo\/image\/"},"sameAs":["http:\/\/www.facebook.com\/VunderSkizze"]}]}},"_links":{"self":[{"href":"https:\/\/hobstop.ee\/lv\/wp-json\/wp\/v2\/product\/60930","targetHints":{"allow":["GET"]}}],"collection":[{"href":"https:\/\/hobstop.ee\/lv\/wp-json\/wp\/v2\/product"}],"about":[{"href":"https:\/\/hobstop.ee\/lv\/wp-json\/wp\/v2\/types\/product"}],"replies":[{"embeddable":true,"href":"https:\/\/hobstop.ee\/lv\/wp-json\/wp\/v2\/comments?post=60930"}],"wp:featuredmedia":[{"embeddable":true,"href":"https:\/\/hobstop.ee\/lv\/wp-json\/wp\/v2\/media\/311209"}],"wp:attachment":[{"href":"https:\/\/hobstop.ee\/lv\/wp-json\/wp\/v2\/media?parent=60930"}],"wp:term":[{"taxonomy":"product_cat","embeddable":true,"href":"https:\/\/hobstop.ee\/lv\/wp-json\/wp\/v2\/product_cat?post=60930"},{"taxonomy":"product_tag","embeddable":true,"href":"https:\/\/hobstop.ee\/lv\/wp-json\/wp\/v2\/product_tag?post=60930"}],"curies":[{"name":"wp","href":"https:\/\/api.w.org\/{rel}","templated":true}]}}