{"id":60957,"date":"2014-12-09T12:54:38","date_gmt":"2014-12-09T10:54:38","guid":{"rendered":"https:\/\/sharks.ee\/vunder_2019.klient.veebimajutus.ee\/?post_type=product&#038;p=60957"},"modified":"2014-12-09T12:54:38","modified_gmt":"2014-12-09T10:54:38","slug":"tjantinga-uzgalis-aluminija","status":"publish","type":"product","link":"https:\/\/hobstop.ee\/lv\/produkts\/tjantinga-uzgalis-aluminija\/","title":{"rendered":"Tjantinga uzgalis alum\u012bnija"},"content":{"rendered":"<p>Tjanting \u2013 neliela batikas vaska kanni\u0146a, ko izmanto vaska uzkl\u0101\u0161anai, piem\u0113ram, uz auduma.  Kanni\u0146as sn\u012bpim pieskaroties pie apstr\u0101d\u0101jam\u0101s virsmas, no t\u0101 s\u0101k tec\u0113t vasks. \u0160\u0101da konstrukcija nov\u0113r\u0161 vaska net\u012b\u0161u nopil\u0113\u0161anu.  0.8mm sn\u012bpis ir paredz\u0113ts vid\u0113ji smalku l\u012bniju veido\u0161anai.  Darbam uz liel\u0101k\u0101m batikojamaj\u0101m virsm\u0101m var izmantot liel\u0101ka tilpumu Tjanting kanni\u0146u.<\/p>\n","protected":false},"excerpt":{"rendered":"<p>Tjanting \u2013 neliela batikas vaska kanni\u0146a, ko izmanto vaska uzkl\u0101\u0161anai, piem\u0113ram, uz auduma. Kanni\u0146as sn\u012bpim pieskaroties pie apstr\u0101d\u0101jam\u0101s virsmas, no t\u0101 s\u0101k tec\u0113t vasks. \u0160\u0101da konstrukcija nov\u0113r\u0161 vaska net\u012b\u0161u nopil\u0113\u0161anu. 0.8mm sn\u012bpis ir paredz\u0113ts vid\u0113ji smalku l\u012bniju veido\u0161anai. Darbam uz liel\u0101k\u0101m batikojamaj\u0101m virsm\u0101m var izmantot liel\u0101ka tilpumu Tjanting kanni\u0146u.<\/p>\n","protected":false},"featured_media":160866,"comment_status":"closed","ping_status":"closed","template":"","meta":{"_acf_changed":false,"ep_exclude_from_search":false},"product_cat":[18964,17918,17956],"product_tag":[],"class_list":{"0":"post-60957","1":"product","2":"type-product","3":"status-publish","4":"has-post-thumbnail","6":"product_cat-darbariki-un-piederumi-2","7":"product_cat-preces-hobijiem","8":"product_cat-tekstilam-un-adai","10":"first","11":"instock","12":"taxable","13":"shipping-taxable","14":"purchasable","15":"product-type-variable"},"acf":[],"yoast_head":"<!-- This site is optimized with the Yoast SEO plugin v24.1 - https:\/\/yoast.com\/wordpress\/plugins\/seo\/ -->\n<title>Tjantinga uzgalis alum\u012bnija &#8211; Skizze<\/title>\n<meta name=\"robots\" content=\"noindex, follow, max-snippet:-1, max-image-preview:large, max-video-preview:-1\" \/>\n<meta property=\"og:locale\" content=\"lv_LV\" \/>\n<meta property=\"og:type\" content=\"article\" \/>\n<meta property=\"og:title\" content=\"Tjantinga uzgalis alum\u012bnija &#8211; Skizze\" \/>\n<meta property=\"og:description\" content=\"Tjanting \u2013 neliela batikas vaska kanni\u0146a, ko izmanto vaska uzkl\u0101\u0161anai, piem\u0113ram, uz auduma. Kanni\u0146as sn\u012bpim pieskaroties pie apstr\u0101d\u0101jam\u0101s virsmas, no t\u0101 s\u0101k tec\u0113t vasks. \u0160\u0101da konstrukcija nov\u0113r\u0161 vaska net\u012b\u0161u nopil\u0113\u0161anu. 0.8mm sn\u012bpis ir paredz\u0113ts vid\u0113ji smalku l\u012bniju veido\u0161anai. Darbam uz liel\u0101k\u0101m batikojamaj\u0101m virsm\u0101m var izmantot liel\u0101ka tilpumu Tjanting kanni\u0146u.\" \/>\n<meta property=\"og:url\" content=\"https:\/\/hobstop.ee\/lv\/produkts\/tjantinga-uzgalis-aluminija\/\" \/>\n<meta property=\"og:site_name\" content=\"Skizze\" \/>\n<meta property=\"article:publisher\" content=\"http:\/\/www.facebook.com\/VunderSkizze\" \/>\n<meta property=\"article:modified_time\" content=\"2014-12-09T10:54:38+00:00\" \/>\n<meta property=\"og:image\" content=\"https:\/\/hobstop.ee\/media\/1900.jpg\" \/>\n\t<meta property=\"og:image:width\" content=\"1024\" \/>\n\t<meta property=\"og:image:height\" content=\"768\" \/>\n\t<meta property=\"og:image:type\" content=\"image\/jpeg\" \/>\n<meta name=\"twitter:card\" content=\"summary_large_image\" \/>\n<script type=\"application\/ld+json\" class=\"yoast-schema-graph\">{\"@context\":\"https:\/\/schema.org\",\"@graph\":[{\"@type\":\"WebPage\",\"@id\":\"https:\/\/hobstop.ee\/lv\/produkts\/tjantinga-uzgalis-aluminija\/\",\"url\":\"https:\/\/hobstop.ee\/lv\/produkts\/tjantinga-uzgalis-aluminija\/\",\"name\":\"Tjantinga uzgalis alum\u012bnija &#8211; Skizze\",\"isPartOf\":{\"@id\":\"https:\/\/www.hobstop.ee\/lv\/#website\"},\"primaryImageOfPage\":{\"@id\":\"https:\/\/hobstop.ee\/lv\/produkts\/tjantinga-uzgalis-aluminija\/#primaryimage\"},\"image\":{\"@id\":\"https:\/\/hobstop.ee\/lv\/produkts\/tjantinga-uzgalis-aluminija\/#primaryimage\"},\"thumbnailUrl\":\"https:\/\/hobstop.ee\/media\/1900.jpg\",\"datePublished\":\"-0001-11-30T00:00:00+00:00\",\"dateModified\":\"2014-12-09T10:54:38+00:00\",\"breadcrumb\":{\"@id\":\"https:\/\/hobstop.ee\/lv\/produkts\/tjantinga-uzgalis-aluminija\/#breadcrumb\"},\"inLanguage\":\"lv-LV\",\"potentialAction\":[{\"@type\":\"ReadAction\",\"target\":[\"https:\/\/hobstop.ee\/lv\/produkts\/tjantinga-uzgalis-aluminija\/\"]}]},{\"@type\":\"ImageObject\",\"inLanguage\":\"lv-LV\",\"@id\":\"https:\/\/hobstop.ee\/lv\/produkts\/tjantinga-uzgalis-aluminija\/#primaryimage\",\"url\":\"https:\/\/hobstop.ee\/media\/1900.jpg\",\"contentUrl\":\"https:\/\/hobstop.ee\/media\/1900.jpg\",\"width\":1024,\"height\":768},{\"@type\":\"BreadcrumbList\",\"@id\":\"https:\/\/hobstop.ee\/lv\/produkts\/tjantinga-uzgalis-aluminija\/#breadcrumb\",\"itemListElement\":[{\"@type\":\"ListItem\",\"position\":1,\"name\":\"Avaleht\",\"item\":\"https:\/\/www.hobstop.ee\/lv\/\"},{\"@type\":\"ListItem\",\"position\":2,\"name\":\"Veikals\",\"item\":\"https:\/\/www.hobstop.ee\/lv\/veikals\/\"},{\"@type\":\"ListItem\",\"position\":3,\"name\":\"Tjantinga uzgalis alum\u012bnija\"}]},{\"@type\":\"WebSite\",\"@id\":\"https:\/\/www.hobstop.ee\/lv\/#website\",\"url\":\"https:\/\/www.hobstop.ee\/lv\/\",\"name\":\"Skizze\",\"description\":\"M\u0101kslas, hobiju un skolas preces\",\"publisher\":{\"@id\":\"https:\/\/www.hobstop.ee\/lv\/#organization\"},\"potentialAction\":[{\"@type\":\"SearchAction\",\"target\":{\"@type\":\"EntryPoint\",\"urlTemplate\":\"https:\/\/www.hobstop.ee\/lv\/?s={search_term_string}\"},\"query-input\":{\"@type\":\"PropertyValueSpecification\",\"valueRequired\":true,\"valueName\":\"search_term_string\"}}],\"inLanguage\":\"lv-LV\"},{\"@type\":\"Organization\",\"@id\":\"https:\/\/www.hobstop.ee\/lv\/#organization\",\"name\":\"Vunder AS\",\"url\":\"https:\/\/www.hobstop.ee\/lv\/\",\"logo\":{\"@type\":\"ImageObject\",\"inLanguage\":\"lv-LV\",\"@id\":\"https:\/\/www.hobstop.ee\/lv\/#\/schema\/logo\/image\/\",\"url\":\"https:\/\/hobstop.ee\/media\/vunder-logo.png\",\"contentUrl\":\"https:\/\/hobstop.ee\/media\/vunder-logo.png\",\"width\":127,\"height\":55,\"caption\":\"Vunder AS\"},\"image\":{\"@id\":\"https:\/\/www.hobstop.ee\/lv\/#\/schema\/logo\/image\/\"},\"sameAs\":[\"http:\/\/www.facebook.com\/VunderSkizze\"]}]}<\/script>\n<!-- \/ Yoast SEO plugin. -->","yoast_head_json":{"title":"Tjantinga uzgalis alum\u012bnija &#8211; Skizze","robots":{"index":"noindex","follow":"follow","max-snippet":"max-snippet:-1","max-image-preview":"max-image-preview:large","max-video-preview":"max-video-preview:-1"},"og_locale":"lv_LV","og_type":"article","og_title":"Tjantinga uzgalis alum\u012bnija &#8211; Skizze","og_description":"Tjanting \u2013 neliela batikas vaska kanni\u0146a, ko izmanto vaska uzkl\u0101\u0161anai, piem\u0113ram, uz auduma. Kanni\u0146as sn\u012bpim pieskaroties pie apstr\u0101d\u0101jam\u0101s virsmas, no t\u0101 s\u0101k tec\u0113t vasks. \u0160\u0101da konstrukcija nov\u0113r\u0161 vaska net\u012b\u0161u nopil\u0113\u0161anu. 0.8mm sn\u012bpis ir paredz\u0113ts vid\u0113ji smalku l\u012bniju veido\u0161anai. Darbam uz liel\u0101k\u0101m batikojamaj\u0101m virsm\u0101m var izmantot liel\u0101ka tilpumu Tjanting kanni\u0146u.","og_url":"https:\/\/hobstop.ee\/lv\/produkts\/tjantinga-uzgalis-aluminija\/","og_site_name":"Skizze","article_publisher":"http:\/\/www.facebook.com\/VunderSkizze","article_modified_time":"2014-12-09T10:54:38+00:00","og_image":[{"width":1024,"height":768,"url":"https:\/\/hobstop.ee\/media\/1900.jpg","type":"image\/jpeg"}],"twitter_card":"summary_large_image","schema":{"@context":"https:\/\/schema.org","@graph":[{"@type":"WebPage","@id":"https:\/\/hobstop.ee\/lv\/produkts\/tjantinga-uzgalis-aluminija\/","url":"https:\/\/hobstop.ee\/lv\/produkts\/tjantinga-uzgalis-aluminija\/","name":"Tjantinga uzgalis alum\u012bnija &#8211; Skizze","isPartOf":{"@id":"https:\/\/www.hobstop.ee\/lv\/#website"},"primaryImageOfPage":{"@id":"https:\/\/hobstop.ee\/lv\/produkts\/tjantinga-uzgalis-aluminija\/#primaryimage"},"image":{"@id":"https:\/\/hobstop.ee\/lv\/produkts\/tjantinga-uzgalis-aluminija\/#primaryimage"},"thumbnailUrl":"https:\/\/hobstop.ee\/media\/1900.jpg","datePublished":"-0001-11-30T00:00:00+00:00","dateModified":"2014-12-09T10:54:38+00:00","breadcrumb":{"@id":"https:\/\/hobstop.ee\/lv\/produkts\/tjantinga-uzgalis-aluminija\/#breadcrumb"},"inLanguage":"lv-LV","potentialAction":[{"@type":"ReadAction","target":["https:\/\/hobstop.ee\/lv\/produkts\/tjantinga-uzgalis-aluminija\/"]}]},{"@type":"ImageObject","inLanguage":"lv-LV","@id":"https:\/\/hobstop.ee\/lv\/produkts\/tjantinga-uzgalis-aluminija\/#primaryimage","url":"https:\/\/hobstop.ee\/media\/1900.jpg","contentUrl":"https:\/\/hobstop.ee\/media\/1900.jpg","width":1024,"height":768},{"@type":"BreadcrumbList","@id":"https:\/\/hobstop.ee\/lv\/produkts\/tjantinga-uzgalis-aluminija\/#breadcrumb","itemListElement":[{"@type":"ListItem","position":1,"name":"Avaleht","item":"https:\/\/www.hobstop.ee\/lv\/"},{"@type":"ListItem","position":2,"name":"Veikals","item":"https:\/\/www.hobstop.ee\/lv\/veikals\/"},{"@type":"ListItem","position":3,"name":"Tjantinga uzgalis alum\u012bnija"}]},{"@type":"WebSite","@id":"https:\/\/www.hobstop.ee\/lv\/#website","url":"https:\/\/www.hobstop.ee\/lv\/","name":"Skizze","description":"M\u0101kslas, hobiju un skolas preces","publisher":{"@id":"https:\/\/www.hobstop.ee\/lv\/#organization"},"potentialAction":[{"@type":"SearchAction","target":{"@type":"EntryPoint","urlTemplate":"https:\/\/www.hobstop.ee\/lv\/?s={search_term_string}"},"query-input":{"@type":"PropertyValueSpecification","valueRequired":true,"valueName":"search_term_string"}}],"inLanguage":"lv-LV"},{"@type":"Organization","@id":"https:\/\/www.hobstop.ee\/lv\/#organization","name":"Vunder AS","url":"https:\/\/www.hobstop.ee\/lv\/","logo":{"@type":"ImageObject","inLanguage":"lv-LV","@id":"https:\/\/www.hobstop.ee\/lv\/#\/schema\/logo\/image\/","url":"https:\/\/hobstop.ee\/media\/vunder-logo.png","contentUrl":"https:\/\/hobstop.ee\/media\/vunder-logo.png","width":127,"height":55,"caption":"Vunder AS"},"image":{"@id":"https:\/\/www.hobstop.ee\/lv\/#\/schema\/logo\/image\/"},"sameAs":["http:\/\/www.facebook.com\/VunderSkizze"]}]}},"_links":{"self":[{"href":"https:\/\/hobstop.ee\/lv\/wp-json\/wp\/v2\/product\/60957","targetHints":{"allow":["GET"]}}],"collection":[{"href":"https:\/\/hobstop.ee\/lv\/wp-json\/wp\/v2\/product"}],"about":[{"href":"https:\/\/hobstop.ee\/lv\/wp-json\/wp\/v2\/types\/product"}],"replies":[{"embeddable":true,"href":"https:\/\/hobstop.ee\/lv\/wp-json\/wp\/v2\/comments?post=60957"}],"wp:featuredmedia":[{"embeddable":true,"href":"https:\/\/hobstop.ee\/lv\/wp-json\/wp\/v2\/media\/160866"}],"wp:attachment":[{"href":"https:\/\/hobstop.ee\/lv\/wp-json\/wp\/v2\/media?parent=60957"}],"wp:term":[{"taxonomy":"product_cat","embeddable":true,"href":"https:\/\/hobstop.ee\/lv\/wp-json\/wp\/v2\/product_cat?post=60957"},{"taxonomy":"product_tag","embeddable":true,"href":"https:\/\/hobstop.ee\/lv\/wp-json\/wp\/v2\/product_tag?post=60957"}],"curies":[{"name":"wp","href":"https:\/\/api.w.org\/{rel}","templated":true}]}}