{"id":60960,"date":"2014-12-09T12:54:39","date_gmt":"2014-12-09T10:54:39","guid":{"rendered":"https:\/\/sharks.ee\/vunder_2019.klient.veebimajutus.ee\/?post_type=product&#038;p=60960"},"modified":"2014-12-09T12:54:39","modified_gmt":"2014-12-09T10:54:39","slug":"tjantinga-uzgalis-elektr-d35mm-220v-30w","status":"publish","type":"product","link":"https:\/\/hobstop.ee\/lv\/produkts\/tjantinga-uzgalis-elektr-d35mm-220v-30w\/","title":{"rendered":"Tjantinga uzgalis elektr. d=35mm 220V-30W"},"content":{"rendered":"<p>Elektriskais lod\u0101murs, kam lod\u0113\u0161anas uzgalis aizvietots ar Tjanting batikas kanni\u0146u.  Batikas kanni\u0146\u0101 eso\u0161ais vasks past\u0101v\u012bgi k\u016bst (aptuveni 3min), kas dod iesp\u0113ju nep\u0101rtrauktam darbam.  Kanni\u0146as sn\u012bpim pieskaroties pie apstr\u0101d\u0101jam\u0101s virsmas, no t\u0101 s\u0101k tec\u0113t vasks. \u0160\u0101da konstrukcija nov\u0113r\u0161 vaska net\u012b\u0161u nopil\u0113\u0161anu.  P\u0113c darba pabeig\u0161anas ier\u012bce j\u0101atvieno no str\u0101vas avota.<\/p>\n","protected":false},"excerpt":{"rendered":"<p>Elektriskais lod\u0101murs, kam lod\u0113\u0161anas uzgalis aizvietots ar Tjanting batikas kanni\u0146u. Batikas kanni\u0146\u0101 eso\u0161ais vasks past\u0101v\u012bgi k\u016bst (aptuveni 3min), kas dod iesp\u0113ju nep\u0101rtrauktam darbam. Kanni\u0146as sn\u012bpim pieskaroties pie apstr\u0101d\u0101jam\u0101s virsmas, no t\u0101 s\u0101k tec\u0113t vasks. \u0160\u0101da konstrukcija nov\u0113r\u0161 vaska net\u012b\u0161u nopil\u0113\u0161anu. P\u0113c darba pabeig\u0161anas ier\u012bce j\u0101atvieno no str\u0101vas avota.<\/p>\n","protected":false},"featured_media":115695,"comment_status":"closed","ping_status":"closed","template":"","meta":{"_acf_changed":false,"ep_exclude_from_search":false},"product_cat":[18964,17918,17956],"product_tag":[],"class_list":{"0":"post-60960","1":"product","2":"type-product","3":"status-publish","4":"has-post-thumbnail","6":"product_cat-dazadi-17","7":"product_cat-preces-hobijiem","8":"product_cat-tekstilam","10":"first","11":"instock","12":"taxable","13":"shipping-taxable","14":"purchasable","15":"product-type-variable"},"acf":[],"yoast_head":"<!-- This site is optimized with the Yoast SEO plugin v24.1 - https:\/\/yoast.com\/wordpress\/plugins\/seo\/ -->\n<title>Tjantinga uzgalis elektr. d=35mm 220V-30W  &#8211; Skizze<\/title>\n<meta name=\"robots\" content=\"noindex, follow, max-snippet:-1, max-image-preview:large, max-video-preview:-1\" \/>\n<meta property=\"og:locale\" content=\"lv_LV\" \/>\n<meta property=\"og:type\" content=\"article\" \/>\n<meta property=\"og:title\" content=\"Tjantinga uzgalis elektr. d=35mm 220V-30W  &#8211; Skizze\" \/>\n<meta property=\"og:description\" content=\"Elektriskais lod\u0101murs, kam lod\u0113\u0161anas uzgalis aizvietots ar Tjanting batikas kanni\u0146u. Batikas kanni\u0146\u0101 eso\u0161ais vasks past\u0101v\u012bgi k\u016bst (aptuveni 3min), kas dod iesp\u0113ju nep\u0101rtrauktam darbam. Kanni\u0146as sn\u012bpim pieskaroties pie apstr\u0101d\u0101jam\u0101s virsmas, no t\u0101 s\u0101k tec\u0113t vasks. \u0160\u0101da konstrukcija nov\u0113r\u0161 vaska net\u012b\u0161u nopil\u0113\u0161anu. P\u0113c darba pabeig\u0161anas ier\u012bce j\u0101atvieno no str\u0101vas avota.\" \/>\n<meta property=\"og:url\" content=\"https:\/\/hobstop.ee\/lv\/produkts\/tjantinga-uzgalis-elektr-d35mm-220v-30w\/\" \/>\n<meta property=\"og:site_name\" content=\"Skizze\" \/>\n<meta property=\"article:publisher\" content=\"http:\/\/www.facebook.com\/VunderSkizze\" \/>\n<meta property=\"og:image\" content=\"https:\/\/hobstop.ee\/media\/1901.jpg\" \/>\n\t<meta property=\"og:image:width\" content=\"1024\" \/>\n\t<meta property=\"og:image:height\" content=\"768\" \/>\n\t<meta property=\"og:image:type\" content=\"image\/jpeg\" \/>\n<meta name=\"twitter:card\" content=\"summary_large_image\" \/>\n<script type=\"application\/ld+json\" class=\"yoast-schema-graph\">{\"@context\":\"https:\/\/schema.org\",\"@graph\":[{\"@type\":\"WebPage\",\"@id\":\"https:\/\/hobstop.ee\/lv\/produkts\/tjantinga-uzgalis-elektr-d35mm-220v-30w\/\",\"url\":\"https:\/\/hobstop.ee\/lv\/produkts\/tjantinga-uzgalis-elektr-d35mm-220v-30w\/\",\"name\":\"Tjantinga uzgalis elektr. d=35mm 220V-30W &#8211; Skizze\",\"isPartOf\":{\"@id\":\"https:\/\/hobstop.ee\/lv\/#website\"},\"primaryImageOfPage\":{\"@id\":\"https:\/\/hobstop.ee\/lv\/produkts\/tjantinga-uzgalis-elektr-d35mm-220v-30w\/#primaryimage\"},\"image\":{\"@id\":\"https:\/\/hobstop.ee\/lv\/produkts\/tjantinga-uzgalis-elektr-d35mm-220v-30w\/#primaryimage\"},\"thumbnailUrl\":\"https:\/\/hobstop.ee\/media\/1901.jpg\",\"datePublished\":\"2014-12-09T10:54:39+00:00\",\"dateModified\":\"2014-12-09T10:54:39+00:00\",\"breadcrumb\":{\"@id\":\"https:\/\/hobstop.ee\/lv\/produkts\/tjantinga-uzgalis-elektr-d35mm-220v-30w\/#breadcrumb\"},\"inLanguage\":\"lv-LV\",\"potentialAction\":[{\"@type\":\"ReadAction\",\"target\":[\"https:\/\/hobstop.ee\/lv\/produkts\/tjantinga-uzgalis-elektr-d35mm-220v-30w\/\"]}]},{\"@type\":\"ImageObject\",\"inLanguage\":\"lv-LV\",\"@id\":\"https:\/\/hobstop.ee\/lv\/produkts\/tjantinga-uzgalis-elektr-d35mm-220v-30w\/#primaryimage\",\"url\":\"https:\/\/hobstop.ee\/media\/1901.jpg\",\"contentUrl\":\"https:\/\/hobstop.ee\/media\/1901.jpg\",\"width\":1024,\"height\":768},{\"@type\":\"BreadcrumbList\",\"@id\":\"https:\/\/hobstop.ee\/lv\/produkts\/tjantinga-uzgalis-elektr-d35mm-220v-30w\/#breadcrumb\",\"itemListElement\":[{\"@type\":\"ListItem\",\"position\":1,\"name\":\"Avaleht\",\"item\":\"https:\/\/www.hobstop.ee\/lv\/\"},{\"@type\":\"ListItem\",\"position\":2,\"name\":\"Veikals\",\"item\":\"https:\/\/www.hobstop.ee\/lv\/veikals\/\"},{\"@type\":\"ListItem\",\"position\":3,\"name\":\"Tjantinga uzgalis elektr. d=35mm 220V-30W\"}]},{\"@type\":\"WebSite\",\"@id\":\"https:\/\/hobstop.ee\/lv\/#website\",\"url\":\"https:\/\/hobstop.ee\/lv\/\",\"name\":\"Skizze\",\"description\":\"M\u0101kslas, hobiju un skolas preces\",\"publisher\":{\"@id\":\"https:\/\/hobstop.ee\/lv\/#organization\"},\"potentialAction\":[{\"@type\":\"SearchAction\",\"target\":{\"@type\":\"EntryPoint\",\"urlTemplate\":\"https:\/\/hobstop.ee\/lv\/?s={search_term_string}\"},\"query-input\":{\"@type\":\"PropertyValueSpecification\",\"valueRequired\":true,\"valueName\":\"search_term_string\"}}],\"inLanguage\":\"lv-LV\"},{\"@type\":\"Organization\",\"@id\":\"https:\/\/hobstop.ee\/lv\/#organization\",\"name\":\"Vunder AS\",\"url\":\"https:\/\/hobstop.ee\/lv\/\",\"logo\":{\"@type\":\"ImageObject\",\"inLanguage\":\"lv-LV\",\"@id\":\"https:\/\/hobstop.ee\/lv\/#\/schema\/logo\/image\/\",\"url\":\"https:\/\/hobstop.ee\/media\/vunder-logo.png\",\"contentUrl\":\"https:\/\/hobstop.ee\/media\/vunder-logo.png\",\"width\":127,\"height\":55,\"caption\":\"Vunder AS\"},\"image\":{\"@id\":\"https:\/\/hobstop.ee\/lv\/#\/schema\/logo\/image\/\"},\"sameAs\":[\"http:\/\/www.facebook.com\/VunderSkizze\"]}]}<\/script>\n<!-- \/ Yoast SEO plugin. -->","yoast_head_json":{"title":"Tjantinga uzgalis elektr. d=35mm 220V-30W  &#8211; Skizze","robots":{"index":"noindex","follow":"follow","max-snippet":"max-snippet:-1","max-image-preview":"max-image-preview:large","max-video-preview":"max-video-preview:-1"},"og_locale":"lv_LV","og_type":"article","og_title":"Tjantinga uzgalis elektr. d=35mm 220V-30W  &#8211; Skizze","og_description":"Elektriskais lod\u0101murs, kam lod\u0113\u0161anas uzgalis aizvietots ar Tjanting batikas kanni\u0146u. Batikas kanni\u0146\u0101 eso\u0161ais vasks past\u0101v\u012bgi k\u016bst (aptuveni 3min), kas dod iesp\u0113ju nep\u0101rtrauktam darbam. Kanni\u0146as sn\u012bpim pieskaroties pie apstr\u0101d\u0101jam\u0101s virsmas, no t\u0101 s\u0101k tec\u0113t vasks. \u0160\u0101da konstrukcija nov\u0113r\u0161 vaska net\u012b\u0161u nopil\u0113\u0161anu. P\u0113c darba pabeig\u0161anas ier\u012bce j\u0101atvieno no str\u0101vas avota.","og_url":"https:\/\/hobstop.ee\/lv\/produkts\/tjantinga-uzgalis-elektr-d35mm-220v-30w\/","og_site_name":"Skizze","article_publisher":"http:\/\/www.facebook.com\/VunderSkizze","og_image":[{"width":1024,"height":768,"url":"https:\/\/hobstop.ee\/media\/1901.jpg","type":"image\/jpeg"}],"twitter_card":"summary_large_image","schema":{"@context":"https:\/\/schema.org","@graph":[{"@type":"WebPage","@id":"https:\/\/hobstop.ee\/lv\/produkts\/tjantinga-uzgalis-elektr-d35mm-220v-30w\/","url":"https:\/\/hobstop.ee\/lv\/produkts\/tjantinga-uzgalis-elektr-d35mm-220v-30w\/","name":"Tjantinga uzgalis elektr. d=35mm 220V-30W &#8211; Skizze","isPartOf":{"@id":"https:\/\/hobstop.ee\/lv\/#website"},"primaryImageOfPage":{"@id":"https:\/\/hobstop.ee\/lv\/produkts\/tjantinga-uzgalis-elektr-d35mm-220v-30w\/#primaryimage"},"image":{"@id":"https:\/\/hobstop.ee\/lv\/produkts\/tjantinga-uzgalis-elektr-d35mm-220v-30w\/#primaryimage"},"thumbnailUrl":"https:\/\/hobstop.ee\/media\/1901.jpg","datePublished":"2014-12-09T10:54:39+00:00","dateModified":"2014-12-09T10:54:39+00:00","breadcrumb":{"@id":"https:\/\/hobstop.ee\/lv\/produkts\/tjantinga-uzgalis-elektr-d35mm-220v-30w\/#breadcrumb"},"inLanguage":"lv-LV","potentialAction":[{"@type":"ReadAction","target":["https:\/\/hobstop.ee\/lv\/produkts\/tjantinga-uzgalis-elektr-d35mm-220v-30w\/"]}]},{"@type":"ImageObject","inLanguage":"lv-LV","@id":"https:\/\/hobstop.ee\/lv\/produkts\/tjantinga-uzgalis-elektr-d35mm-220v-30w\/#primaryimage","url":"https:\/\/hobstop.ee\/media\/1901.jpg","contentUrl":"https:\/\/hobstop.ee\/media\/1901.jpg","width":1024,"height":768},{"@type":"BreadcrumbList","@id":"https:\/\/hobstop.ee\/lv\/produkts\/tjantinga-uzgalis-elektr-d35mm-220v-30w\/#breadcrumb","itemListElement":[{"@type":"ListItem","position":1,"name":"Avaleht","item":"https:\/\/www.hobstop.ee\/lv\/"},{"@type":"ListItem","position":2,"name":"Veikals","item":"https:\/\/www.hobstop.ee\/lv\/veikals\/"},{"@type":"ListItem","position":3,"name":"Tjantinga uzgalis elektr. d=35mm 220V-30W"}]},{"@type":"WebSite","@id":"https:\/\/hobstop.ee\/lv\/#website","url":"https:\/\/hobstop.ee\/lv\/","name":"Skizze","description":"M\u0101kslas, hobiju un skolas preces","publisher":{"@id":"https:\/\/hobstop.ee\/lv\/#organization"},"potentialAction":[{"@type":"SearchAction","target":{"@type":"EntryPoint","urlTemplate":"https:\/\/hobstop.ee\/lv\/?s={search_term_string}"},"query-input":{"@type":"PropertyValueSpecification","valueRequired":true,"valueName":"search_term_string"}}],"inLanguage":"lv-LV"},{"@type":"Organization","@id":"https:\/\/hobstop.ee\/lv\/#organization","name":"Vunder AS","url":"https:\/\/hobstop.ee\/lv\/","logo":{"@type":"ImageObject","inLanguage":"lv-LV","@id":"https:\/\/hobstop.ee\/lv\/#\/schema\/logo\/image\/","url":"https:\/\/hobstop.ee\/media\/vunder-logo.png","contentUrl":"https:\/\/hobstop.ee\/media\/vunder-logo.png","width":127,"height":55,"caption":"Vunder AS"},"image":{"@id":"https:\/\/hobstop.ee\/lv\/#\/schema\/logo\/image\/"},"sameAs":["http:\/\/www.facebook.com\/VunderSkizze"]}]}},"_links":{"self":[{"href":"https:\/\/hobstop.ee\/lv\/wp-json\/wp\/v2\/product\/60960","targetHints":{"allow":["GET"]}}],"collection":[{"href":"https:\/\/hobstop.ee\/lv\/wp-json\/wp\/v2\/product"}],"about":[{"href":"https:\/\/hobstop.ee\/lv\/wp-json\/wp\/v2\/types\/product"}],"replies":[{"embeddable":true,"href":"https:\/\/hobstop.ee\/lv\/wp-json\/wp\/v2\/comments?post=60960"}],"wp:featuredmedia":[{"embeddable":true,"href":"https:\/\/hobstop.ee\/lv\/wp-json\/wp\/v2\/media\/115695"}],"wp:attachment":[{"href":"https:\/\/hobstop.ee\/lv\/wp-json\/wp\/v2\/media?parent=60960"}],"wp:term":[{"taxonomy":"product_cat","embeddable":true,"href":"https:\/\/hobstop.ee\/lv\/wp-json\/wp\/v2\/product_cat?post=60960"},{"taxonomy":"product_tag","embeddable":true,"href":"https:\/\/hobstop.ee\/lv\/wp-json\/wp\/v2\/product_tag?post=60960"}],"curies":[{"name":"wp","href":"https:\/\/api.w.org\/{rel}","templated":true}]}}