{"id":60969,"date":"2014-12-09T12:54:44","date_gmt":"2014-12-09T10:54:44","guid":{"rendered":"https:\/\/sharks.ee\/vunder_2019.klient.veebimajutus.ee\/?post_type=product&#038;p=60969"},"modified":"2014-12-09T12:54:44","modified_gmt":"2014-12-09T10:54:44","slug":"grafikas-prese-ar-roku-spiezama-a4","status":"publish","type":"product","link":"https:\/\/hobstop.ee\/lv\/produkts\/grafikas-prese-ar-roku-spiezama-a4\/","title":{"rendered":"Grafikas prese (ar roku spie\u017eama) A4"},"content":{"rendered":"<p>Presi var izmantot vis\u0101s tehnik\u0101s, kur nepiecie\u0161ama reljef\u0101 apdruka. Maksim\u0101lais apdruk\u0101jam\u0101 materi\u0101la lielums ir A4 (21x30cm).  Speci\u0101li izstr\u0101d\u0101tais rokturis darbojas k\u0101 sviras plecs, radot spiedienu uz pl\u0101tni.  Drukas pl\u0101tnes biezums ir main\u0101ms, mainot stiprin\u0101juma elementu poz\u012bciju (2 poz\u012bcijas) un izmantojot speci\u0101las papl\u0101ksnes.  Prese ir \u012bpa\u0161i piem\u0113rota izmanto\u0161anai apst\u0101k\u013cos, kur \u012bs\u0101 laik\u0101 nepiecie\u0161ams veikt vair\u0101kas apdrukas, piem\u0113ram, m\u0101c\u012bbu klas\u0113s.<br \/>\nDrukas bloka biezums: 0-30mm<br \/>\nApdrukas izm\u0113rs: 30x21cm (A4)<br \/>\nIzm\u0113rs: 42x30x20cm<\/p>\n","protected":false},"excerpt":{"rendered":"<p>Presi var izmantot vis\u0101s tehnik\u0101s, kur nepiecie\u0161ama reljef\u0101 apdruka. Maksim\u0101lais apdruk\u0101jam\u0101 materi\u0101la lielums ir A4 (21x30cm). Speci\u0101li izstr\u0101d\u0101tais rokturis darbojas k\u0101 sviras plecs, radot spiedienu uz pl\u0101tni. Drukas pl\u0101tnes biezums ir main\u0101ms, mainot stiprin\u0101juma elementu poz\u012bciju (2 poz\u012bcijas) un izmantojot speci\u0101las papl\u0101ksnes. Prese ir \u012bpa\u0161i piem\u0113rota izmanto\u0161anai apst\u0101k\u013cos, kur \u012bs\u0101 laik\u0101 nepiecie\u0161ams veikt vair\u0101kas apdrukas, piem\u0113ram, m\u0101c\u012bbu klas\u0113s. Drukas bloka biezums: 0-30mm Apdrukas izm\u0113rs: 30x21cm (A4) Izm\u0113rs: 42x30x20cm<\/p>\n","protected":false},"featured_media":103822,"comment_status":"closed","ping_status":"closed","template":"","meta":{"_acf_changed":false,"ep_exclude_from_search":false},"product_cat":[18319,18648,16123],"product_tag":[],"class_list":{"0":"post-60969","1":"product","2":"type-product","3":"status-publish","4":"has-post-thumbnail","6":"product_cat-drukas-preses","7":"product_cat-grafika","8":"product_cat-makslas-piederumi-2","10":"first","11":"instock","12":"taxable","13":"shipping-taxable","14":"purchasable","15":"product-type-variable"},"acf":[],"yoast_head":"<!-- This site is optimized with the Yoast SEO plugin v24.1 - https:\/\/yoast.com\/wordpress\/plugins\/seo\/ -->\n<title>Grafikas prese (ar roku spie\u017eama) A4 &#8211; Skizze<\/title>\n<meta name=\"robots\" content=\"noindex, follow, max-snippet:-1, max-image-preview:large, max-video-preview:-1\" \/>\n<meta property=\"og:locale\" content=\"lv_LV\" \/>\n<meta property=\"og:type\" content=\"article\" \/>\n<meta property=\"og:title\" content=\"Grafikas prese (ar roku spie\u017eama) A4 &#8211; Skizze\" \/>\n<meta property=\"og:description\" content=\"Presi var izmantot vis\u0101s tehnik\u0101s, kur nepiecie\u0161ama reljef\u0101 apdruka. Maksim\u0101lais apdruk\u0101jam\u0101 materi\u0101la lielums ir A4 (21x30cm). Speci\u0101li izstr\u0101d\u0101tais rokturis darbojas k\u0101 sviras plecs, radot spiedienu uz pl\u0101tni. Drukas pl\u0101tnes biezums ir main\u0101ms, mainot stiprin\u0101juma elementu poz\u012bciju (2 poz\u012bcijas) un izmantojot speci\u0101las papl\u0101ksnes. Prese ir \u012bpa\u0161i piem\u0113rota izmanto\u0161anai apst\u0101k\u013cos, kur \u012bs\u0101 laik\u0101 nepiecie\u0161ams veikt vair\u0101kas apdrukas, piem\u0113ram, m\u0101c\u012bbu klas\u0113s. Drukas bloka biezums: 0-30mm Apdrukas izm\u0113rs: 30x21cm (A4) Izm\u0113rs: 42x30x20cm\" \/>\n<meta property=\"og:url\" content=\"https:\/\/hobstop.ee\/lv\/produkts\/grafikas-prese-ar-roku-spiezama-a4\/\" \/>\n<meta property=\"og:site_name\" content=\"Skizze\" \/>\n<meta property=\"article:publisher\" content=\"http:\/\/www.facebook.com\/VunderSkizze\" \/>\n<meta property=\"og:image\" content=\"https:\/\/hobstop.ee\/media\/1911.jpg\" \/>\n\t<meta property=\"og:image:width\" content=\"1024\" \/>\n\t<meta property=\"og:image:height\" content=\"768\" \/>\n\t<meta property=\"og:image:type\" content=\"image\/jpeg\" \/>\n<meta name=\"twitter:card\" content=\"summary_large_image\" \/>\n<meta name=\"twitter:label1\" content=\"Est. reading time\" \/>\n\t<meta name=\"twitter:data1\" content=\"1 min\u016b\u0161u\" \/>\n<script type=\"application\/ld+json\" class=\"yoast-schema-graph\">{\"@context\":\"https:\/\/schema.org\",\"@graph\":[{\"@type\":\"WebPage\",\"@id\":\"https:\/\/hobstop.ee\/lv\/produkts\/grafikas-prese-ar-roku-spiezama-a4\/\",\"url\":\"https:\/\/hobstop.ee\/lv\/produkts\/grafikas-prese-ar-roku-spiezama-a4\/\",\"name\":\"Grafikas prese (ar roku spie\u017eama) A4 &#8211; Skizze\",\"isPartOf\":{\"@id\":\"https:\/\/hobstop.ee\/lv\/#website\"},\"primaryImageOfPage\":{\"@id\":\"https:\/\/hobstop.ee\/lv\/produkts\/grafikas-prese-ar-roku-spiezama-a4\/#primaryimage\"},\"image\":{\"@id\":\"https:\/\/hobstop.ee\/lv\/produkts\/grafikas-prese-ar-roku-spiezama-a4\/#primaryimage\"},\"thumbnailUrl\":\"https:\/\/hobstop.ee\/media\/1911.jpg\",\"datePublished\":\"2014-12-09T10:54:44+00:00\",\"dateModified\":\"2014-12-09T10:54:44+00:00\",\"breadcrumb\":{\"@id\":\"https:\/\/hobstop.ee\/lv\/produkts\/grafikas-prese-ar-roku-spiezama-a4\/#breadcrumb\"},\"inLanguage\":\"lv-LV\",\"potentialAction\":[{\"@type\":\"ReadAction\",\"target\":[\"https:\/\/hobstop.ee\/lv\/produkts\/grafikas-prese-ar-roku-spiezama-a4\/\"]}]},{\"@type\":\"ImageObject\",\"inLanguage\":\"lv-LV\",\"@id\":\"https:\/\/hobstop.ee\/lv\/produkts\/grafikas-prese-ar-roku-spiezama-a4\/#primaryimage\",\"url\":\"https:\/\/hobstop.ee\/media\/1911.jpg\",\"contentUrl\":\"https:\/\/hobstop.ee\/media\/1911.jpg\",\"width\":1024,\"height\":768},{\"@type\":\"BreadcrumbList\",\"@id\":\"https:\/\/hobstop.ee\/lv\/produkts\/grafikas-prese-ar-roku-spiezama-a4\/#breadcrumb\",\"itemListElement\":[{\"@type\":\"ListItem\",\"position\":1,\"name\":\"Avaleht\",\"item\":\"https:\/\/hobstop.ee\/lv\/\"},{\"@type\":\"ListItem\",\"position\":2,\"name\":\"Veikals\",\"item\":\"https:\/\/hobstop.ee\/lv\/veikals\/\"},{\"@type\":\"ListItem\",\"position\":3,\"name\":\"Grafikas prese (ar roku spie\u017eama) A4\"}]},{\"@type\":\"WebSite\",\"@id\":\"https:\/\/hobstop.ee\/lv\/#website\",\"url\":\"https:\/\/hobstop.ee\/lv\/\",\"name\":\"Skizze\",\"description\":\"M\u0101kslas, hobiju un skolas preces\",\"publisher\":{\"@id\":\"https:\/\/hobstop.ee\/lv\/#organization\"},\"potentialAction\":[{\"@type\":\"SearchAction\",\"target\":{\"@type\":\"EntryPoint\",\"urlTemplate\":\"https:\/\/hobstop.ee\/lv\/?s={search_term_string}\"},\"query-input\":{\"@type\":\"PropertyValueSpecification\",\"valueRequired\":true,\"valueName\":\"search_term_string\"}}],\"inLanguage\":\"lv-LV\"},{\"@type\":\"Organization\",\"@id\":\"https:\/\/hobstop.ee\/lv\/#organization\",\"name\":\"Vunder AS\",\"url\":\"https:\/\/hobstop.ee\/lv\/\",\"logo\":{\"@type\":\"ImageObject\",\"inLanguage\":\"lv-LV\",\"@id\":\"https:\/\/hobstop.ee\/lv\/#\/schema\/logo\/image\/\",\"url\":\"https:\/\/hobstop.ee\/media\/vunder-logo.png\",\"contentUrl\":\"https:\/\/hobstop.ee\/media\/vunder-logo.png\",\"width\":127,\"height\":55,\"caption\":\"Vunder AS\"},\"image\":{\"@id\":\"https:\/\/hobstop.ee\/lv\/#\/schema\/logo\/image\/\"},\"sameAs\":[\"http:\/\/www.facebook.com\/VunderSkizze\"]}]}<\/script>\n<!-- \/ Yoast SEO plugin. -->","yoast_head_json":{"title":"Grafikas prese (ar roku spie\u017eama) A4 &#8211; Skizze","robots":{"index":"noindex","follow":"follow","max-snippet":"max-snippet:-1","max-image-preview":"max-image-preview:large","max-video-preview":"max-video-preview:-1"},"og_locale":"lv_LV","og_type":"article","og_title":"Grafikas prese (ar roku spie\u017eama) A4 &#8211; Skizze","og_description":"Presi var izmantot vis\u0101s tehnik\u0101s, kur nepiecie\u0161ama reljef\u0101 apdruka. Maksim\u0101lais apdruk\u0101jam\u0101 materi\u0101la lielums ir A4 (21x30cm). Speci\u0101li izstr\u0101d\u0101tais rokturis darbojas k\u0101 sviras plecs, radot spiedienu uz pl\u0101tni. Drukas pl\u0101tnes biezums ir main\u0101ms, mainot stiprin\u0101juma elementu poz\u012bciju (2 poz\u012bcijas) un izmantojot speci\u0101las papl\u0101ksnes. Prese ir \u012bpa\u0161i piem\u0113rota izmanto\u0161anai apst\u0101k\u013cos, kur \u012bs\u0101 laik\u0101 nepiecie\u0161ams veikt vair\u0101kas apdrukas, piem\u0113ram, m\u0101c\u012bbu klas\u0113s. Drukas bloka biezums: 0-30mm Apdrukas izm\u0113rs: 30x21cm (A4) Izm\u0113rs: 42x30x20cm","og_url":"https:\/\/hobstop.ee\/lv\/produkts\/grafikas-prese-ar-roku-spiezama-a4\/","og_site_name":"Skizze","article_publisher":"http:\/\/www.facebook.com\/VunderSkizze","og_image":[{"width":1024,"height":768,"url":"https:\/\/hobstop.ee\/media\/1911.jpg","type":"image\/jpeg"}],"twitter_card":"summary_large_image","twitter_misc":{"Est. reading time":"1 min\u016b\u0161u"},"schema":{"@context":"https:\/\/schema.org","@graph":[{"@type":"WebPage","@id":"https:\/\/hobstop.ee\/lv\/produkts\/grafikas-prese-ar-roku-spiezama-a4\/","url":"https:\/\/hobstop.ee\/lv\/produkts\/grafikas-prese-ar-roku-spiezama-a4\/","name":"Grafikas prese (ar roku spie\u017eama) A4 &#8211; Skizze","isPartOf":{"@id":"https:\/\/hobstop.ee\/lv\/#website"},"primaryImageOfPage":{"@id":"https:\/\/hobstop.ee\/lv\/produkts\/grafikas-prese-ar-roku-spiezama-a4\/#primaryimage"},"image":{"@id":"https:\/\/hobstop.ee\/lv\/produkts\/grafikas-prese-ar-roku-spiezama-a4\/#primaryimage"},"thumbnailUrl":"https:\/\/hobstop.ee\/media\/1911.jpg","datePublished":"2014-12-09T10:54:44+00:00","dateModified":"2014-12-09T10:54:44+00:00","breadcrumb":{"@id":"https:\/\/hobstop.ee\/lv\/produkts\/grafikas-prese-ar-roku-spiezama-a4\/#breadcrumb"},"inLanguage":"lv-LV","potentialAction":[{"@type":"ReadAction","target":["https:\/\/hobstop.ee\/lv\/produkts\/grafikas-prese-ar-roku-spiezama-a4\/"]}]},{"@type":"ImageObject","inLanguage":"lv-LV","@id":"https:\/\/hobstop.ee\/lv\/produkts\/grafikas-prese-ar-roku-spiezama-a4\/#primaryimage","url":"https:\/\/hobstop.ee\/media\/1911.jpg","contentUrl":"https:\/\/hobstop.ee\/media\/1911.jpg","width":1024,"height":768},{"@type":"BreadcrumbList","@id":"https:\/\/hobstop.ee\/lv\/produkts\/grafikas-prese-ar-roku-spiezama-a4\/#breadcrumb","itemListElement":[{"@type":"ListItem","position":1,"name":"Avaleht","item":"https:\/\/hobstop.ee\/lv\/"},{"@type":"ListItem","position":2,"name":"Veikals","item":"https:\/\/hobstop.ee\/lv\/veikals\/"},{"@type":"ListItem","position":3,"name":"Grafikas prese (ar roku spie\u017eama) A4"}]},{"@type":"WebSite","@id":"https:\/\/hobstop.ee\/lv\/#website","url":"https:\/\/hobstop.ee\/lv\/","name":"Skizze","description":"M\u0101kslas, hobiju un skolas preces","publisher":{"@id":"https:\/\/hobstop.ee\/lv\/#organization"},"potentialAction":[{"@type":"SearchAction","target":{"@type":"EntryPoint","urlTemplate":"https:\/\/hobstop.ee\/lv\/?s={search_term_string}"},"query-input":{"@type":"PropertyValueSpecification","valueRequired":true,"valueName":"search_term_string"}}],"inLanguage":"lv-LV"},{"@type":"Organization","@id":"https:\/\/hobstop.ee\/lv\/#organization","name":"Vunder AS","url":"https:\/\/hobstop.ee\/lv\/","logo":{"@type":"ImageObject","inLanguage":"lv-LV","@id":"https:\/\/hobstop.ee\/lv\/#\/schema\/logo\/image\/","url":"https:\/\/hobstop.ee\/media\/vunder-logo.png","contentUrl":"https:\/\/hobstop.ee\/media\/vunder-logo.png","width":127,"height":55,"caption":"Vunder AS"},"image":{"@id":"https:\/\/hobstop.ee\/lv\/#\/schema\/logo\/image\/"},"sameAs":["http:\/\/www.facebook.com\/VunderSkizze"]}]}},"_links":{"self":[{"href":"https:\/\/hobstop.ee\/lv\/wp-json\/wp\/v2\/product\/60969","targetHints":{"allow":["GET"]}}],"collection":[{"href":"https:\/\/hobstop.ee\/lv\/wp-json\/wp\/v2\/product"}],"about":[{"href":"https:\/\/hobstop.ee\/lv\/wp-json\/wp\/v2\/types\/product"}],"replies":[{"embeddable":true,"href":"https:\/\/hobstop.ee\/lv\/wp-json\/wp\/v2\/comments?post=60969"}],"wp:featuredmedia":[{"embeddable":true,"href":"https:\/\/hobstop.ee\/lv\/wp-json\/wp\/v2\/media\/103822"}],"wp:attachment":[{"href":"https:\/\/hobstop.ee\/lv\/wp-json\/wp\/v2\/media?parent=60969"}],"wp:term":[{"taxonomy":"product_cat","embeddable":true,"href":"https:\/\/hobstop.ee\/lv\/wp-json\/wp\/v2\/product_cat?post=60969"},{"taxonomy":"product_tag","embeddable":true,"href":"https:\/\/hobstop.ee\/lv\/wp-json\/wp\/v2\/product_tag?post=60969"}],"curies":[{"name":"wp","href":"https:\/\/api.w.org\/{rel}","templated":true}]}}