{"id":60972,"date":"2014-12-09T12:54:45","date_gmt":"2014-12-09T10:54:45","guid":{"rendered":"https:\/\/sharks.ee\/vunder_2019.klient.veebimajutus.ee\/?post_type=product&#038;p=60972"},"modified":"2014-12-09T12:54:45","modified_gmt":"2014-12-09T10:54:45","slug":"grafikas-prese-plaksnefilcs","status":"publish","type":"product","link":"https:\/\/hobstop.ee\/lv\/produkts\/grafikas-prese-plaksnefilcs\/","title":{"rendered":"Grafikas prese (pl\u0101ksne+filcs)"},"content":{"rendered":"<p>Prese reljefo spiedumu un grav\u012bru veido\u0161anai uz linoleja, koksnes u.c. Preses galos ir izvietoti zvaigznes formas rokturi, kas kuru pal\u012bdz\u012bbu var izdar\u012bt spiedienu uz preses aug\u0161\u0113jo  veltni.  Apak\u0161\u0113jais velt\u0146a kust\u012bba tiek vad\u012bta ar krustveida rokturi.   Prese apr\u012bkota ar stabilu, multipleksu plati apdruk\u0101jam\u0101 materi\u0101la novieto\u0161anai.   Iesp\u0113ja veikt nep\u0101rtrauktu iespie\u0161anu, iestatot vajadz\u012bgos parametrus.  Plate uz vad\u012btiem ritenti\u0146iem prec\u012bzi virz\u0101s cauri presei. Uz aug\u0161\u0113jo veltni izdar\u0101m\u0101 spiediena sp\u0113ks ar zvaigznes formas roktura pal\u012bdz\u012bbu var tikt main\u012bts diapazon\u0101 l\u012bdz 1000 kg. Multipleksa drukas plate ir izgatavota no 22mm finiera un p\u0101rkl\u0101ta ar 2.5cm cinkoto sk\u0101rdu.<br \/>\nDrukas galda garums: 700mm<br \/>\nAtv\u0113rums aug\u0161\u0113jam\/apak\u0161\u0113jam veltnim 27mm (p\u0113c speci\u0101la pas\u016bt\u012bjuma l\u012bdz 42mm), komplekt\u0101cij\u0101 5mm filcs.<\/p>\n","protected":false},"excerpt":{"rendered":"<p>Prese reljefo spiedumu un grav\u012bru veido\u0161anai uz linoleja, koksnes u.c. Preses galos ir izvietoti zvaigznes formas rokturi, kas kuru pal\u012bdz\u012bbu var izdar\u012bt spiedienu uz preses aug\u0161\u0113jo veltni. Apak\u0161\u0113jais velt\u0146a kust\u012bba tiek vad\u012bta ar krustveida rokturi. Prese apr\u012bkota ar stabilu, multipleksu plati apdruk\u0101jam\u0101 materi\u0101la novieto\u0161anai. Iesp\u0113ja veikt nep\u0101rtrauktu iespie\u0161anu, iestatot vajadz\u012bgos parametrus. Plate uz vad\u012btiem ritenti\u0146iem prec\u012bzi virz\u0101s cauri presei. Uz aug\u0161\u0113jo veltni izdar\u0101m\u0101 spiediena sp\u0113ks ar zvaigznes formas roktura pal\u012bdz\u012bbu var tikt main\u012bts diapazon\u0101 l\u012bdz 1000 kg. Multipleksa drukas plate ir izgatavota no 22mm finiera un p\u0101rkl\u0101ta ar 2.5cm cinkoto sk\u0101rdu. Drukas galda garums: 700mm Atv\u0113rums aug\u0161\u0113jam\/apak\u0161\u0113jam veltnim 27mm (p\u0113c speci\u0101la pas\u016bt\u012bjuma l\u012bdz 42mm), komplekt\u0101cij\u0101 5mm filcs.<\/p>\n","protected":false},"featured_media":103826,"comment_status":"closed","ping_status":"closed","template":"","meta":{"_acf_changed":false,"ep_exclude_from_search":false},"product_cat":[18319,18648,16123],"product_tag":[],"class_list":{"0":"post-60972","1":"product","2":"type-product","3":"status-publish","4":"has-post-thumbnail","6":"product_cat-drukas-preses","7":"product_cat-grafika","8":"product_cat-makslas-piederumi-2","10":"first","11":"instock","12":"taxable","13":"shipping-taxable","14":"purchasable","15":"product-type-variable"},"acf":[],"yoast_head":"<!-- This site is optimized with the Yoast SEO plugin v24.1 - https:\/\/yoast.com\/wordpress\/plugins\/seo\/ -->\n<title>Grafikas prese (pl\u0101ksne+filcs) &#8211; Skizze<\/title>\n<meta name=\"robots\" content=\"noindex, follow, max-snippet:-1, max-image-preview:large, max-video-preview:-1\" \/>\n<meta property=\"og:locale\" content=\"lv_LV\" \/>\n<meta property=\"og:type\" content=\"article\" \/>\n<meta property=\"og:title\" content=\"Grafikas prese (pl\u0101ksne+filcs) &#8211; Skizze\" \/>\n<meta property=\"og:description\" content=\"Prese reljefo spiedumu un grav\u012bru veido\u0161anai uz linoleja, koksnes u.c. Preses galos ir izvietoti zvaigznes formas rokturi, kas kuru pal\u012bdz\u012bbu var izdar\u012bt spiedienu uz preses aug\u0161\u0113jo veltni. Apak\u0161\u0113jais velt\u0146a kust\u012bba tiek vad\u012bta ar krustveida rokturi. Prese apr\u012bkota ar stabilu, multipleksu plati apdruk\u0101jam\u0101 materi\u0101la novieto\u0161anai. Iesp\u0113ja veikt nep\u0101rtrauktu iespie\u0161anu, iestatot vajadz\u012bgos parametrus. Plate uz vad\u012btiem ritenti\u0146iem prec\u012bzi virz\u0101s cauri presei. Uz aug\u0161\u0113jo veltni izdar\u0101m\u0101 spiediena sp\u0113ks ar zvaigznes formas roktura pal\u012bdz\u012bbu var tikt main\u012bts diapazon\u0101 l\u012bdz 1000 kg. Multipleksa drukas plate ir izgatavota no 22mm finiera un p\u0101rkl\u0101ta ar 2.5cm cinkoto sk\u0101rdu. Drukas galda garums: 700mm Atv\u0113rums aug\u0161\u0113jam\/apak\u0161\u0113jam veltnim 27mm (p\u0113c speci\u0101la pas\u016bt\u012bjuma l\u012bdz 42mm), komplekt\u0101cij\u0101 5mm filcs.\" \/>\n<meta property=\"og:url\" content=\"https:\/\/hobstop.ee\/lv\/produkts\/grafikas-prese-plaksnefilcs\/\" \/>\n<meta property=\"og:site_name\" content=\"Skizze\" \/>\n<meta property=\"article:publisher\" content=\"http:\/\/www.facebook.com\/VunderSkizze\" \/>\n<meta property=\"og:image\" content=\"https:\/\/hobstop.ee\/media\/1913.jpg\" \/>\n\t<meta property=\"og:image:width\" content=\"1024\" \/>\n\t<meta property=\"og:image:height\" content=\"768\" \/>\n\t<meta property=\"og:image:type\" content=\"image\/jpeg\" \/>\n<meta name=\"twitter:card\" content=\"summary_large_image\" \/>\n<meta name=\"twitter:label1\" content=\"Est. reading time\" \/>\n\t<meta name=\"twitter:data1\" content=\"1 min\u016b\u0161u\" \/>\n<script type=\"application\/ld+json\" class=\"yoast-schema-graph\">{\"@context\":\"https:\/\/schema.org\",\"@graph\":[{\"@type\":\"WebPage\",\"@id\":\"https:\/\/hobstop.ee\/lv\/produkts\/grafikas-prese-plaksnefilcs\/\",\"url\":\"https:\/\/hobstop.ee\/lv\/produkts\/grafikas-prese-plaksnefilcs\/\",\"name\":\"Grafikas prese (pl\u0101ksne+filcs) &#8211; Skizze\",\"isPartOf\":{\"@id\":\"https:\/\/hobstop.ee\/lv\/#website\"},\"primaryImageOfPage\":{\"@id\":\"https:\/\/hobstop.ee\/lv\/produkts\/grafikas-prese-plaksnefilcs\/#primaryimage\"},\"image\":{\"@id\":\"https:\/\/hobstop.ee\/lv\/produkts\/grafikas-prese-plaksnefilcs\/#primaryimage\"},\"thumbnailUrl\":\"https:\/\/hobstop.ee\/media\/1913.jpg\",\"datePublished\":\"2014-12-09T10:54:45+00:00\",\"dateModified\":\"2014-12-09T10:54:45+00:00\",\"breadcrumb\":{\"@id\":\"https:\/\/hobstop.ee\/lv\/produkts\/grafikas-prese-plaksnefilcs\/#breadcrumb\"},\"inLanguage\":\"lv-LV\",\"potentialAction\":[{\"@type\":\"ReadAction\",\"target\":[\"https:\/\/hobstop.ee\/lv\/produkts\/grafikas-prese-plaksnefilcs\/\"]}]},{\"@type\":\"ImageObject\",\"inLanguage\":\"lv-LV\",\"@id\":\"https:\/\/hobstop.ee\/lv\/produkts\/grafikas-prese-plaksnefilcs\/#primaryimage\",\"url\":\"https:\/\/hobstop.ee\/media\/1913.jpg\",\"contentUrl\":\"https:\/\/hobstop.ee\/media\/1913.jpg\",\"width\":1024,\"height\":768},{\"@type\":\"BreadcrumbList\",\"@id\":\"https:\/\/hobstop.ee\/lv\/produkts\/grafikas-prese-plaksnefilcs\/#breadcrumb\",\"itemListElement\":[{\"@type\":\"ListItem\",\"position\":1,\"name\":\"Avaleht\",\"item\":\"https:\/\/hobstop.ee\/lv\/\"},{\"@type\":\"ListItem\",\"position\":2,\"name\":\"Veikals\",\"item\":\"https:\/\/hobstop.ee\/lv\/veikals\/\"},{\"@type\":\"ListItem\",\"position\":3,\"name\":\"Grafikas prese (pl\u0101ksne+filcs)\"}]},{\"@type\":\"WebSite\",\"@id\":\"https:\/\/hobstop.ee\/lv\/#website\",\"url\":\"https:\/\/hobstop.ee\/lv\/\",\"name\":\"Skizze\",\"description\":\"M\u0101kslas, hobiju un skolas preces\",\"publisher\":{\"@id\":\"https:\/\/hobstop.ee\/lv\/#organization\"},\"potentialAction\":[{\"@type\":\"SearchAction\",\"target\":{\"@type\":\"EntryPoint\",\"urlTemplate\":\"https:\/\/hobstop.ee\/lv\/?s={search_term_string}\"},\"query-input\":{\"@type\":\"PropertyValueSpecification\",\"valueRequired\":true,\"valueName\":\"search_term_string\"}}],\"inLanguage\":\"lv-LV\"},{\"@type\":\"Organization\",\"@id\":\"https:\/\/hobstop.ee\/lv\/#organization\",\"name\":\"Vunder AS\",\"url\":\"https:\/\/hobstop.ee\/lv\/\",\"logo\":{\"@type\":\"ImageObject\",\"inLanguage\":\"lv-LV\",\"@id\":\"https:\/\/hobstop.ee\/lv\/#\/schema\/logo\/image\/\",\"url\":\"https:\/\/hobstop.ee\/media\/vunder-logo.png\",\"contentUrl\":\"https:\/\/hobstop.ee\/media\/vunder-logo.png\",\"width\":127,\"height\":55,\"caption\":\"Vunder AS\"},\"image\":{\"@id\":\"https:\/\/hobstop.ee\/lv\/#\/schema\/logo\/image\/\"},\"sameAs\":[\"http:\/\/www.facebook.com\/VunderSkizze\"]}]}<\/script>\n<!-- \/ Yoast SEO plugin. -->","yoast_head_json":{"title":"Grafikas prese (pl\u0101ksne+filcs) &#8211; Skizze","robots":{"index":"noindex","follow":"follow","max-snippet":"max-snippet:-1","max-image-preview":"max-image-preview:large","max-video-preview":"max-video-preview:-1"},"og_locale":"lv_LV","og_type":"article","og_title":"Grafikas prese (pl\u0101ksne+filcs) &#8211; Skizze","og_description":"Prese reljefo spiedumu un grav\u012bru veido\u0161anai uz linoleja, koksnes u.c. Preses galos ir izvietoti zvaigznes formas rokturi, kas kuru pal\u012bdz\u012bbu var izdar\u012bt spiedienu uz preses aug\u0161\u0113jo veltni. Apak\u0161\u0113jais velt\u0146a kust\u012bba tiek vad\u012bta ar krustveida rokturi. Prese apr\u012bkota ar stabilu, multipleksu plati apdruk\u0101jam\u0101 materi\u0101la novieto\u0161anai. Iesp\u0113ja veikt nep\u0101rtrauktu iespie\u0161anu, iestatot vajadz\u012bgos parametrus. Plate uz vad\u012btiem ritenti\u0146iem prec\u012bzi virz\u0101s cauri presei. Uz aug\u0161\u0113jo veltni izdar\u0101m\u0101 spiediena sp\u0113ks ar zvaigznes formas roktura pal\u012bdz\u012bbu var tikt main\u012bts diapazon\u0101 l\u012bdz 1000 kg. Multipleksa drukas plate ir izgatavota no 22mm finiera un p\u0101rkl\u0101ta ar 2.5cm cinkoto sk\u0101rdu. Drukas galda garums: 700mm Atv\u0113rums aug\u0161\u0113jam\/apak\u0161\u0113jam veltnim 27mm (p\u0113c speci\u0101la pas\u016bt\u012bjuma l\u012bdz 42mm), komplekt\u0101cij\u0101 5mm filcs.","og_url":"https:\/\/hobstop.ee\/lv\/produkts\/grafikas-prese-plaksnefilcs\/","og_site_name":"Skizze","article_publisher":"http:\/\/www.facebook.com\/VunderSkizze","og_image":[{"width":1024,"height":768,"url":"https:\/\/hobstop.ee\/media\/1913.jpg","type":"image\/jpeg"}],"twitter_card":"summary_large_image","twitter_misc":{"Est. reading time":"1 min\u016b\u0161u"},"schema":{"@context":"https:\/\/schema.org","@graph":[{"@type":"WebPage","@id":"https:\/\/hobstop.ee\/lv\/produkts\/grafikas-prese-plaksnefilcs\/","url":"https:\/\/hobstop.ee\/lv\/produkts\/grafikas-prese-plaksnefilcs\/","name":"Grafikas prese (pl\u0101ksne+filcs) &#8211; Skizze","isPartOf":{"@id":"https:\/\/hobstop.ee\/lv\/#website"},"primaryImageOfPage":{"@id":"https:\/\/hobstop.ee\/lv\/produkts\/grafikas-prese-plaksnefilcs\/#primaryimage"},"image":{"@id":"https:\/\/hobstop.ee\/lv\/produkts\/grafikas-prese-plaksnefilcs\/#primaryimage"},"thumbnailUrl":"https:\/\/hobstop.ee\/media\/1913.jpg","datePublished":"2014-12-09T10:54:45+00:00","dateModified":"2014-12-09T10:54:45+00:00","breadcrumb":{"@id":"https:\/\/hobstop.ee\/lv\/produkts\/grafikas-prese-plaksnefilcs\/#breadcrumb"},"inLanguage":"lv-LV","potentialAction":[{"@type":"ReadAction","target":["https:\/\/hobstop.ee\/lv\/produkts\/grafikas-prese-plaksnefilcs\/"]}]},{"@type":"ImageObject","inLanguage":"lv-LV","@id":"https:\/\/hobstop.ee\/lv\/produkts\/grafikas-prese-plaksnefilcs\/#primaryimage","url":"https:\/\/hobstop.ee\/media\/1913.jpg","contentUrl":"https:\/\/hobstop.ee\/media\/1913.jpg","width":1024,"height":768},{"@type":"BreadcrumbList","@id":"https:\/\/hobstop.ee\/lv\/produkts\/grafikas-prese-plaksnefilcs\/#breadcrumb","itemListElement":[{"@type":"ListItem","position":1,"name":"Avaleht","item":"https:\/\/hobstop.ee\/lv\/"},{"@type":"ListItem","position":2,"name":"Veikals","item":"https:\/\/hobstop.ee\/lv\/veikals\/"},{"@type":"ListItem","position":3,"name":"Grafikas prese (pl\u0101ksne+filcs)"}]},{"@type":"WebSite","@id":"https:\/\/hobstop.ee\/lv\/#website","url":"https:\/\/hobstop.ee\/lv\/","name":"Skizze","description":"M\u0101kslas, hobiju un skolas preces","publisher":{"@id":"https:\/\/hobstop.ee\/lv\/#organization"},"potentialAction":[{"@type":"SearchAction","target":{"@type":"EntryPoint","urlTemplate":"https:\/\/hobstop.ee\/lv\/?s={search_term_string}"},"query-input":{"@type":"PropertyValueSpecification","valueRequired":true,"valueName":"search_term_string"}}],"inLanguage":"lv-LV"},{"@type":"Organization","@id":"https:\/\/hobstop.ee\/lv\/#organization","name":"Vunder AS","url":"https:\/\/hobstop.ee\/lv\/","logo":{"@type":"ImageObject","inLanguage":"lv-LV","@id":"https:\/\/hobstop.ee\/lv\/#\/schema\/logo\/image\/","url":"https:\/\/hobstop.ee\/media\/vunder-logo.png","contentUrl":"https:\/\/hobstop.ee\/media\/vunder-logo.png","width":127,"height":55,"caption":"Vunder AS"},"image":{"@id":"https:\/\/hobstop.ee\/lv\/#\/schema\/logo\/image\/"},"sameAs":["http:\/\/www.facebook.com\/VunderSkizze"]}]}},"_links":{"self":[{"href":"https:\/\/hobstop.ee\/lv\/wp-json\/wp\/v2\/product\/60972","targetHints":{"allow":["GET"]}}],"collection":[{"href":"https:\/\/hobstop.ee\/lv\/wp-json\/wp\/v2\/product"}],"about":[{"href":"https:\/\/hobstop.ee\/lv\/wp-json\/wp\/v2\/types\/product"}],"replies":[{"embeddable":true,"href":"https:\/\/hobstop.ee\/lv\/wp-json\/wp\/v2\/comments?post=60972"}],"wp:featuredmedia":[{"embeddable":true,"href":"https:\/\/hobstop.ee\/lv\/wp-json\/wp\/v2\/media\/103826"}],"wp:attachment":[{"href":"https:\/\/hobstop.ee\/lv\/wp-json\/wp\/v2\/media?parent=60972"}],"wp:term":[{"taxonomy":"product_cat","embeddable":true,"href":"https:\/\/hobstop.ee\/lv\/wp-json\/wp\/v2\/product_cat?post=60972"},{"taxonomy":"product_tag","embeddable":true,"href":"https:\/\/hobstop.ee\/lv\/wp-json\/wp\/v2\/product_tag?post=60972"}],"curies":[{"name":"wp","href":"https:\/\/api.w.org\/{rel}","templated":true}]}}