{"id":60975,"date":"2014-12-09T12:54:46","date_gmt":"2014-12-09T10:54:46","guid":{"rendered":"https:\/\/sharks.ee\/vunder_2019.klient.veebimajutus.ee\/?post_type=product&#038;p=60975"},"modified":"2014-12-09T12:54:46","modified_gmt":"2014-12-09T10:54:46","slug":"drukasanas-rullis-abig-ar-koka-rokturi","status":"publish","type":"product","link":"https:\/\/hobstop.ee\/lv\/produkts\/drukasanas-rullis-abig-ar-koka-rokturi\/","title":{"rendered":"Druk\u0101\u0161anas rullis Abig ar koka rokt\u016bri"},"content":{"rendered":"<p>Tintes veltnis profesion\u0101lai izmanto\u0161anai skol\u0101s un m\u0101kslinieku darbn\u012bc\u0101s.  Veltnis apr\u012bkots ar koka rokturi un alum\u012bnija serdi, un tas rot\u0113 uz plastmasas gult\u0146iem.  Izmantojot veltni, tiek ieg\u016bts nemain\u012bgas kvalit\u0101tes rezult\u0101ts.  \u016adensdro\u0161s un (da\u013c\u0113ji) dro\u0161s pret e\u013c\u013cas sm\u0113r\u0113jumiem.<\/p>\n","protected":false},"excerpt":{"rendered":"<p>Tintes veltnis profesion\u0101lai izmanto\u0161anai skol\u0101s un m\u0101kslinieku darbn\u012bc\u0101s. Veltnis apr\u012bkots ar koka rokturi un alum\u012bnija serdi, un tas rot\u0113 uz plastmasas gult\u0146iem. Izmantojot veltni, tiek ieg\u016bts nemain\u012bgas kvalit\u0101tes rezult\u0101ts. \u016adensdro\u0161s un (da\u013c\u0113ji) dro\u0161s pret e\u013c\u013cas sm\u0113r\u0113jumiem.<\/p>\n","protected":false},"featured_media":145124,"comment_status":"closed","ping_status":"closed","template":"","meta":{"_acf_changed":false,"ep_exclude_from_search":false},"product_cat":[18648,16123,18152],"product_tag":[],"class_list":{"0":"post-60975","1":"product","2":"type-product","3":"status-publish","4":"has-post-thumbnail","6":"product_cat-grafika","7":"product_cat-makslas-piederumi-2","8":"product_cat-rullisi-2","10":"first","11":"instock","12":"taxable","13":"shipping-taxable","14":"purchasable","15":"product-type-variable"},"acf":[],"yoast_head":"<!-- This site is optimized with the Yoast SEO plugin v24.1 - https:\/\/yoast.com\/wordpress\/plugins\/seo\/ -->\n<title>Druk\u0101\u0161anas rullis Abig ar koka rokt\u016bri &#8211; Skizze<\/title>\n<meta name=\"robots\" content=\"noindex, follow, max-snippet:-1, max-image-preview:large, max-video-preview:-1\" \/>\n<meta property=\"og:locale\" content=\"lv_LV\" \/>\n<meta property=\"og:type\" content=\"article\" \/>\n<meta property=\"og:title\" content=\"Druk\u0101\u0161anas rullis Abig ar koka rokt\u016bri &#8211; Skizze\" \/>\n<meta property=\"og:description\" content=\"Tintes veltnis profesion\u0101lai izmanto\u0161anai skol\u0101s un m\u0101kslinieku darbn\u012bc\u0101s. Veltnis apr\u012bkots ar koka rokturi un alum\u012bnija serdi, un tas rot\u0113 uz plastmasas gult\u0146iem. Izmantojot veltni, tiek ieg\u016bts nemain\u012bgas kvalit\u0101tes rezult\u0101ts. \u016adensdro\u0161s un (da\u013c\u0113ji) dro\u0161s pret e\u013c\u013cas sm\u0113r\u0113jumiem.\" \/>\n<meta property=\"og:url\" content=\"https:\/\/hobstop.ee\/lv\/produkts\/drukasanas-rullis-abig-ar-koka-rokturi\/\" \/>\n<meta property=\"og:site_name\" content=\"Skizze\" \/>\n<meta property=\"article:publisher\" content=\"http:\/\/www.facebook.com\/VunderSkizze\" \/>\n<meta property=\"article:modified_time\" content=\"2014-12-09T10:54:46+00:00\" \/>\n<meta property=\"og:image\" content=\"https:\/\/hobstop.ee\/media\/1914.jpg\" \/>\n\t<meta property=\"og:image:width\" content=\"1024\" \/>\n\t<meta property=\"og:image:height\" content=\"768\" \/>\n\t<meta property=\"og:image:type\" content=\"image\/jpeg\" \/>\n<meta name=\"twitter:card\" content=\"summary_large_image\" \/>\n<script type=\"application\/ld+json\" class=\"yoast-schema-graph\">{\"@context\":\"https:\/\/schema.org\",\"@graph\":[{\"@type\":\"WebPage\",\"@id\":\"https:\/\/hobstop.ee\/lv\/produkts\/drukasanas-rullis-abig-ar-koka-rokturi\/\",\"url\":\"https:\/\/hobstop.ee\/lv\/produkts\/drukasanas-rullis-abig-ar-koka-rokturi\/\",\"name\":\"Druk\u0101\u0161anas rullis Abig ar koka rokt\u016bri &#8211; Skizze\",\"isPartOf\":{\"@id\":\"https:\/\/hobstop.ee\/lv\/#website\"},\"primaryImageOfPage\":{\"@id\":\"https:\/\/hobstop.ee\/lv\/produkts\/drukasanas-rullis-abig-ar-koka-rokturi\/#primaryimage\"},\"image\":{\"@id\":\"https:\/\/hobstop.ee\/lv\/produkts\/drukasanas-rullis-abig-ar-koka-rokturi\/#primaryimage\"},\"thumbnailUrl\":\"https:\/\/hobstop.ee\/media\/1914.jpg\",\"datePublished\":\"-0001-11-30T00:00:00+00:00\",\"dateModified\":\"2014-12-09T10:54:46+00:00\",\"breadcrumb\":{\"@id\":\"https:\/\/hobstop.ee\/lv\/produkts\/drukasanas-rullis-abig-ar-koka-rokturi\/#breadcrumb\"},\"inLanguage\":\"lv-LV\",\"potentialAction\":[{\"@type\":\"ReadAction\",\"target\":[\"https:\/\/hobstop.ee\/lv\/produkts\/drukasanas-rullis-abig-ar-koka-rokturi\/\"]}]},{\"@type\":\"ImageObject\",\"inLanguage\":\"lv-LV\",\"@id\":\"https:\/\/hobstop.ee\/lv\/produkts\/drukasanas-rullis-abig-ar-koka-rokturi\/#primaryimage\",\"url\":\"https:\/\/hobstop.ee\/media\/1914.jpg\",\"contentUrl\":\"https:\/\/hobstop.ee\/media\/1914.jpg\",\"width\":1024,\"height\":768},{\"@type\":\"BreadcrumbList\",\"@id\":\"https:\/\/hobstop.ee\/lv\/produkts\/drukasanas-rullis-abig-ar-koka-rokturi\/#breadcrumb\",\"itemListElement\":[{\"@type\":\"ListItem\",\"position\":1,\"name\":\"Avaleht\",\"item\":\"https:\/\/www.hobstop.ee\/lv\/\"},{\"@type\":\"ListItem\",\"position\":2,\"name\":\"Veikals\",\"item\":\"https:\/\/www.hobstop.ee\/lv\/veikals\/\"},{\"@type\":\"ListItem\",\"position\":3,\"name\":\"Druk\u0101\u0161anas rullis Abig ar koka rokt\u016bri\"}]},{\"@type\":\"WebSite\",\"@id\":\"https:\/\/hobstop.ee\/lv\/#website\",\"url\":\"https:\/\/hobstop.ee\/lv\/\",\"name\":\"Skizze\",\"description\":\"M\u0101kslas, hobiju un skolas preces\",\"publisher\":{\"@id\":\"https:\/\/hobstop.ee\/lv\/#organization\"},\"potentialAction\":[{\"@type\":\"SearchAction\",\"target\":{\"@type\":\"EntryPoint\",\"urlTemplate\":\"https:\/\/hobstop.ee\/lv\/?s={search_term_string}\"},\"query-input\":{\"@type\":\"PropertyValueSpecification\",\"valueRequired\":true,\"valueName\":\"search_term_string\"}}],\"inLanguage\":\"lv-LV\"},{\"@type\":\"Organization\",\"@id\":\"https:\/\/hobstop.ee\/lv\/#organization\",\"name\":\"Vunder AS\",\"url\":\"https:\/\/hobstop.ee\/lv\/\",\"logo\":{\"@type\":\"ImageObject\",\"inLanguage\":\"lv-LV\",\"@id\":\"https:\/\/hobstop.ee\/lv\/#\/schema\/logo\/image\/\",\"url\":\"https:\/\/hobstop.ee\/media\/vunder-logo.png\",\"contentUrl\":\"https:\/\/hobstop.ee\/media\/vunder-logo.png\",\"width\":127,\"height\":55,\"caption\":\"Vunder AS\"},\"image\":{\"@id\":\"https:\/\/hobstop.ee\/lv\/#\/schema\/logo\/image\/\"},\"sameAs\":[\"http:\/\/www.facebook.com\/VunderSkizze\"]}]}<\/script>\n<!-- \/ Yoast SEO plugin. -->","yoast_head_json":{"title":"Druk\u0101\u0161anas rullis Abig ar koka rokt\u016bri &#8211; Skizze","robots":{"index":"noindex","follow":"follow","max-snippet":"max-snippet:-1","max-image-preview":"max-image-preview:large","max-video-preview":"max-video-preview:-1"},"og_locale":"lv_LV","og_type":"article","og_title":"Druk\u0101\u0161anas rullis Abig ar koka rokt\u016bri &#8211; Skizze","og_description":"Tintes veltnis profesion\u0101lai izmanto\u0161anai skol\u0101s un m\u0101kslinieku darbn\u012bc\u0101s. Veltnis apr\u012bkots ar koka rokturi un alum\u012bnija serdi, un tas rot\u0113 uz plastmasas gult\u0146iem. Izmantojot veltni, tiek ieg\u016bts nemain\u012bgas kvalit\u0101tes rezult\u0101ts. \u016adensdro\u0161s un (da\u013c\u0113ji) dro\u0161s pret e\u013c\u013cas sm\u0113r\u0113jumiem.","og_url":"https:\/\/hobstop.ee\/lv\/produkts\/drukasanas-rullis-abig-ar-koka-rokturi\/","og_site_name":"Skizze","article_publisher":"http:\/\/www.facebook.com\/VunderSkizze","article_modified_time":"2014-12-09T10:54:46+00:00","og_image":[{"width":1024,"height":768,"url":"https:\/\/hobstop.ee\/media\/1914.jpg","type":"image\/jpeg"}],"twitter_card":"summary_large_image","schema":{"@context":"https:\/\/schema.org","@graph":[{"@type":"WebPage","@id":"https:\/\/hobstop.ee\/lv\/produkts\/drukasanas-rullis-abig-ar-koka-rokturi\/","url":"https:\/\/hobstop.ee\/lv\/produkts\/drukasanas-rullis-abig-ar-koka-rokturi\/","name":"Druk\u0101\u0161anas rullis Abig ar koka rokt\u016bri &#8211; Skizze","isPartOf":{"@id":"https:\/\/hobstop.ee\/lv\/#website"},"primaryImageOfPage":{"@id":"https:\/\/hobstop.ee\/lv\/produkts\/drukasanas-rullis-abig-ar-koka-rokturi\/#primaryimage"},"image":{"@id":"https:\/\/hobstop.ee\/lv\/produkts\/drukasanas-rullis-abig-ar-koka-rokturi\/#primaryimage"},"thumbnailUrl":"https:\/\/hobstop.ee\/media\/1914.jpg","datePublished":"-0001-11-30T00:00:00+00:00","dateModified":"2014-12-09T10:54:46+00:00","breadcrumb":{"@id":"https:\/\/hobstop.ee\/lv\/produkts\/drukasanas-rullis-abig-ar-koka-rokturi\/#breadcrumb"},"inLanguage":"lv-LV","potentialAction":[{"@type":"ReadAction","target":["https:\/\/hobstop.ee\/lv\/produkts\/drukasanas-rullis-abig-ar-koka-rokturi\/"]}]},{"@type":"ImageObject","inLanguage":"lv-LV","@id":"https:\/\/hobstop.ee\/lv\/produkts\/drukasanas-rullis-abig-ar-koka-rokturi\/#primaryimage","url":"https:\/\/hobstop.ee\/media\/1914.jpg","contentUrl":"https:\/\/hobstop.ee\/media\/1914.jpg","width":1024,"height":768},{"@type":"BreadcrumbList","@id":"https:\/\/hobstop.ee\/lv\/produkts\/drukasanas-rullis-abig-ar-koka-rokturi\/#breadcrumb","itemListElement":[{"@type":"ListItem","position":1,"name":"Avaleht","item":"https:\/\/www.hobstop.ee\/lv\/"},{"@type":"ListItem","position":2,"name":"Veikals","item":"https:\/\/www.hobstop.ee\/lv\/veikals\/"},{"@type":"ListItem","position":3,"name":"Druk\u0101\u0161anas rullis Abig ar koka rokt\u016bri"}]},{"@type":"WebSite","@id":"https:\/\/hobstop.ee\/lv\/#website","url":"https:\/\/hobstop.ee\/lv\/","name":"Skizze","description":"M\u0101kslas, hobiju un skolas preces","publisher":{"@id":"https:\/\/hobstop.ee\/lv\/#organization"},"potentialAction":[{"@type":"SearchAction","target":{"@type":"EntryPoint","urlTemplate":"https:\/\/hobstop.ee\/lv\/?s={search_term_string}"},"query-input":{"@type":"PropertyValueSpecification","valueRequired":true,"valueName":"search_term_string"}}],"inLanguage":"lv-LV"},{"@type":"Organization","@id":"https:\/\/hobstop.ee\/lv\/#organization","name":"Vunder AS","url":"https:\/\/hobstop.ee\/lv\/","logo":{"@type":"ImageObject","inLanguage":"lv-LV","@id":"https:\/\/hobstop.ee\/lv\/#\/schema\/logo\/image\/","url":"https:\/\/hobstop.ee\/media\/vunder-logo.png","contentUrl":"https:\/\/hobstop.ee\/media\/vunder-logo.png","width":127,"height":55,"caption":"Vunder AS"},"image":{"@id":"https:\/\/hobstop.ee\/lv\/#\/schema\/logo\/image\/"},"sameAs":["http:\/\/www.facebook.com\/VunderSkizze"]}]}},"_links":{"self":[{"href":"https:\/\/hobstop.ee\/lv\/wp-json\/wp\/v2\/product\/60975","targetHints":{"allow":["GET"]}}],"collection":[{"href":"https:\/\/hobstop.ee\/lv\/wp-json\/wp\/v2\/product"}],"about":[{"href":"https:\/\/hobstop.ee\/lv\/wp-json\/wp\/v2\/types\/product"}],"replies":[{"embeddable":true,"href":"https:\/\/hobstop.ee\/lv\/wp-json\/wp\/v2\/comments?post=60975"}],"wp:featuredmedia":[{"embeddable":true,"href":"https:\/\/hobstop.ee\/lv\/wp-json\/wp\/v2\/media\/145124"}],"wp:attachment":[{"href":"https:\/\/hobstop.ee\/lv\/wp-json\/wp\/v2\/media?parent=60975"}],"wp:term":[{"taxonomy":"product_cat","embeddable":true,"href":"https:\/\/hobstop.ee\/lv\/wp-json\/wp\/v2\/product_cat?post=60975"},{"taxonomy":"product_tag","embeddable":true,"href":"https:\/\/hobstop.ee\/lv\/wp-json\/wp\/v2\/product_tag?post=60975"}],"curies":[{"name":"wp","href":"https:\/\/api.w.org\/{rel}","templated":true}]}}