{"id":60989,"date":"2014-12-09T12:54:59","date_gmt":"2014-12-09T10:54:59","guid":{"rendered":"https:\/\/sharks.ee\/vunder_2019.klient.veebimajutus.ee\/?post_type=product&#038;p=60989"},"modified":"2014-12-09T12:54:59","modified_gmt":"2014-12-09T10:54:59","slug":"parnesajama-lampa-daylight-freedom-ar-bateriju","status":"publish","type":"product","link":"https:\/\/hobstop.ee\/lv\/produkts\/parnesajama-lampa-daylight-freedom-ar-bateriju\/","title":{"rendered":"P\u0101rn\u0113s\u0101jama lampa Daylight Freedom ar bateriju"},"content":{"rendered":"<p>Daylight\u2122 vilab\u0101k p\u0101rdotajai parn\u0113s\u0101jamajai lampai tagad ir jauns dizains un tagad t\u0101 ir pieejama div\u0101s jaun\u0101s kr\u0101s\u0101s: mat\u0113t\u0101 sudraba un meln\u0101 kr\u0101s\u0101. \u0160ai, ar elektrisko str\u0101vu darbin\u0101majai, lampai ir spilgta 13w Daylight\u2122 ener\u0123iju taupo\u0161a spuldze (l\u012bdzv\u0113rt\u012bga 75w) un gar\u0161 elektr\u012bbas vads. To ir vienk\u0101r\u0161i saloc\u012bt p\u0101rn\u0113s\u0101\u0161anai un izmato\u0161anai jebkur\u0101 viet\u0101 j\u016bsu m\u0101j\u0101.<\/p>\n","protected":false},"excerpt":{"rendered":"<p>Daylight\u2122 vilab\u0101k p\u0101rdotajai parn\u0113s\u0101jamajai lampai tagad ir jauns dizains un tagad t\u0101 ir pieejama div\u0101s jaun\u0101s kr\u0101s\u0101s: mat\u0113t\u0101 sudraba un meln\u0101 kr\u0101s\u0101. \u0160ai, ar elektrisko str\u0101vu darbin\u0101majai, lampai ir spilgta 13w Daylight\u2122 ener\u0123iju taupo\u0161a spuldze (l\u012bdzv\u0113rt\u012bga 75w) un gar\u0161 elektr\u012bbas vads. To ir vienk\u0101r\u0161i saloc\u012bt p\u0101rn\u0113s\u0101\u0161anai un izmato\u0161anai jebkur\u0101 viet\u0101 j\u016bsu m\u0101j\u0101.<\/p>\n","protected":false},"featured_media":0,"comment_status":"closed","ping_status":"closed","template":"","meta":{"_acf_changed":false,"ep_exclude_from_search":false},"product_cat":[18532,18798],"product_tag":[],"class_list":{"0":"post-60989","1":"product","2":"type-product","3":"status-publish","5":"product_cat-galda-lampas-2","6":"product_cat-lampas-3","8":"first","9":"instock","10":"sale","11":"taxable","12":"shipping-taxable","13":"purchasable","14":"product-type-variable"},"acf":[],"yoast_head":"<!-- This site is optimized with the Yoast SEO plugin v24.1 - https:\/\/yoast.com\/wordpress\/plugins\/seo\/ -->\n<title>P\u0101rn\u0113s\u0101jama lampa Daylight Freedom ar bateriju &#8211; Skizze<\/title>\n<meta name=\"robots\" content=\"noindex, follow, max-snippet:-1, max-image-preview:large, max-video-preview:-1\" \/>\n<meta property=\"og:locale\" content=\"lv_LV\" \/>\n<meta property=\"og:type\" content=\"article\" \/>\n<meta property=\"og:title\" content=\"P\u0101rn\u0113s\u0101jama lampa Daylight Freedom ar bateriju &#8211; Skizze\" \/>\n<meta property=\"og:description\" content=\"Daylight\u2122 vilab\u0101k p\u0101rdotajai parn\u0113s\u0101jamajai lampai tagad ir jauns dizains un tagad t\u0101 ir pieejama div\u0101s jaun\u0101s kr\u0101s\u0101s: mat\u0113t\u0101 sudraba un meln\u0101 kr\u0101s\u0101. \u0160ai, ar elektrisko str\u0101vu darbin\u0101majai, lampai ir spilgta 13w Daylight\u2122 ener\u0123iju taupo\u0161a spuldze (l\u012bdzv\u0113rt\u012bga 75w) un gar\u0161 elektr\u012bbas vads. To ir vienk\u0101r\u0161i saloc\u012bt p\u0101rn\u0113s\u0101\u0161anai un izmato\u0161anai jebkur\u0101 viet\u0101 j\u016bsu m\u0101j\u0101.\" \/>\n<meta property=\"og:url\" content=\"https:\/\/hobstop.ee\/lv\/produkts\/parnesajama-lampa-daylight-freedom-ar-bateriju\/\" \/>\n<meta property=\"og:site_name\" content=\"Skizze\" \/>\n<meta property=\"article:publisher\" content=\"http:\/\/www.facebook.com\/VunderSkizze\" \/>\n<meta name=\"twitter:card\" content=\"summary_large_image\" \/>\n<script type=\"application\/ld+json\" class=\"yoast-schema-graph\">{\"@context\":\"https:\/\/schema.org\",\"@graph\":[{\"@type\":\"WebPage\",\"@id\":\"https:\/\/hobstop.ee\/lv\/produkts\/parnesajama-lampa-daylight-freedom-ar-bateriju\/\",\"url\":\"https:\/\/hobstop.ee\/lv\/produkts\/parnesajama-lampa-daylight-freedom-ar-bateriju\/\",\"name\":\"P\u0101rn\u0113s\u0101jama lampa Daylight Freedom ar bateriju &#8211; Skizze\",\"isPartOf\":{\"@id\":\"https:\/\/hobstop.ee\/lv\/#website\"},\"datePublished\":\"2014-12-09T10:54:59+00:00\",\"dateModified\":\"2014-12-09T10:54:59+00:00\",\"breadcrumb\":{\"@id\":\"https:\/\/hobstop.ee\/lv\/produkts\/parnesajama-lampa-daylight-freedom-ar-bateriju\/#breadcrumb\"},\"inLanguage\":\"lv-LV\",\"potentialAction\":[{\"@type\":\"ReadAction\",\"target\":[\"https:\/\/hobstop.ee\/lv\/produkts\/parnesajama-lampa-daylight-freedom-ar-bateriju\/\"]}]},{\"@type\":\"BreadcrumbList\",\"@id\":\"https:\/\/hobstop.ee\/lv\/produkts\/parnesajama-lampa-daylight-freedom-ar-bateriju\/#breadcrumb\",\"itemListElement\":[{\"@type\":\"ListItem\",\"position\":1,\"name\":\"Avaleht\",\"item\":\"https:\/\/hobstop.ee\/lv\/\"},{\"@type\":\"ListItem\",\"position\":2,\"name\":\"Veikals\",\"item\":\"https:\/\/hobstop.ee\/lv\/veikals\/\"},{\"@type\":\"ListItem\",\"position\":3,\"name\":\"P\u0101rn\u0113s\u0101jama lampa Daylight Freedom ar bateriju\"}]},{\"@type\":\"WebSite\",\"@id\":\"https:\/\/hobstop.ee\/lv\/#website\",\"url\":\"https:\/\/hobstop.ee\/lv\/\",\"name\":\"Skizze\",\"description\":\"M\u0101kslas, hobiju un skolas preces\",\"publisher\":{\"@id\":\"https:\/\/hobstop.ee\/lv\/#organization\"},\"potentialAction\":[{\"@type\":\"SearchAction\",\"target\":{\"@type\":\"EntryPoint\",\"urlTemplate\":\"https:\/\/hobstop.ee\/lv\/?s={search_term_string}\"},\"query-input\":{\"@type\":\"PropertyValueSpecification\",\"valueRequired\":true,\"valueName\":\"search_term_string\"}}],\"inLanguage\":\"lv-LV\"},{\"@type\":\"Organization\",\"@id\":\"https:\/\/hobstop.ee\/lv\/#organization\",\"name\":\"Vunder AS\",\"url\":\"https:\/\/hobstop.ee\/lv\/\",\"logo\":{\"@type\":\"ImageObject\",\"inLanguage\":\"lv-LV\",\"@id\":\"https:\/\/hobstop.ee\/lv\/#\/schema\/logo\/image\/\",\"url\":\"https:\/\/hobstop.ee\/media\/vunder-logo.png\",\"contentUrl\":\"https:\/\/hobstop.ee\/media\/vunder-logo.png\",\"width\":127,\"height\":55,\"caption\":\"Vunder AS\"},\"image\":{\"@id\":\"https:\/\/hobstop.ee\/lv\/#\/schema\/logo\/image\/\"},\"sameAs\":[\"http:\/\/www.facebook.com\/VunderSkizze\"]}]}<\/script>\n<!-- \/ Yoast SEO plugin. -->","yoast_head_json":{"title":"P\u0101rn\u0113s\u0101jama lampa Daylight Freedom ar bateriju &#8211; Skizze","robots":{"index":"noindex","follow":"follow","max-snippet":"max-snippet:-1","max-image-preview":"max-image-preview:large","max-video-preview":"max-video-preview:-1"},"og_locale":"lv_LV","og_type":"article","og_title":"P\u0101rn\u0113s\u0101jama lampa Daylight Freedom ar bateriju &#8211; Skizze","og_description":"Daylight\u2122 vilab\u0101k p\u0101rdotajai parn\u0113s\u0101jamajai lampai tagad ir jauns dizains un tagad t\u0101 ir pieejama div\u0101s jaun\u0101s kr\u0101s\u0101s: mat\u0113t\u0101 sudraba un meln\u0101 kr\u0101s\u0101. \u0160ai, ar elektrisko str\u0101vu darbin\u0101majai, lampai ir spilgta 13w Daylight\u2122 ener\u0123iju taupo\u0161a spuldze (l\u012bdzv\u0113rt\u012bga 75w) un gar\u0161 elektr\u012bbas vads. To ir vienk\u0101r\u0161i saloc\u012bt p\u0101rn\u0113s\u0101\u0161anai un izmato\u0161anai jebkur\u0101 viet\u0101 j\u016bsu m\u0101j\u0101.","og_url":"https:\/\/hobstop.ee\/lv\/produkts\/parnesajama-lampa-daylight-freedom-ar-bateriju\/","og_site_name":"Skizze","article_publisher":"http:\/\/www.facebook.com\/VunderSkizze","twitter_card":"summary_large_image","schema":{"@context":"https:\/\/schema.org","@graph":[{"@type":"WebPage","@id":"https:\/\/hobstop.ee\/lv\/produkts\/parnesajama-lampa-daylight-freedom-ar-bateriju\/","url":"https:\/\/hobstop.ee\/lv\/produkts\/parnesajama-lampa-daylight-freedom-ar-bateriju\/","name":"P\u0101rn\u0113s\u0101jama lampa Daylight Freedom ar bateriju &#8211; Skizze","isPartOf":{"@id":"https:\/\/hobstop.ee\/lv\/#website"},"datePublished":"2014-12-09T10:54:59+00:00","dateModified":"2014-12-09T10:54:59+00:00","breadcrumb":{"@id":"https:\/\/hobstop.ee\/lv\/produkts\/parnesajama-lampa-daylight-freedom-ar-bateriju\/#breadcrumb"},"inLanguage":"lv-LV","potentialAction":[{"@type":"ReadAction","target":["https:\/\/hobstop.ee\/lv\/produkts\/parnesajama-lampa-daylight-freedom-ar-bateriju\/"]}]},{"@type":"BreadcrumbList","@id":"https:\/\/hobstop.ee\/lv\/produkts\/parnesajama-lampa-daylight-freedom-ar-bateriju\/#breadcrumb","itemListElement":[{"@type":"ListItem","position":1,"name":"Avaleht","item":"https:\/\/hobstop.ee\/lv\/"},{"@type":"ListItem","position":2,"name":"Veikals","item":"https:\/\/hobstop.ee\/lv\/veikals\/"},{"@type":"ListItem","position":3,"name":"P\u0101rn\u0113s\u0101jama lampa Daylight Freedom ar bateriju"}]},{"@type":"WebSite","@id":"https:\/\/hobstop.ee\/lv\/#website","url":"https:\/\/hobstop.ee\/lv\/","name":"Skizze","description":"M\u0101kslas, hobiju un skolas preces","publisher":{"@id":"https:\/\/hobstop.ee\/lv\/#organization"},"potentialAction":[{"@type":"SearchAction","target":{"@type":"EntryPoint","urlTemplate":"https:\/\/hobstop.ee\/lv\/?s={search_term_string}"},"query-input":{"@type":"PropertyValueSpecification","valueRequired":true,"valueName":"search_term_string"}}],"inLanguage":"lv-LV"},{"@type":"Organization","@id":"https:\/\/hobstop.ee\/lv\/#organization","name":"Vunder AS","url":"https:\/\/hobstop.ee\/lv\/","logo":{"@type":"ImageObject","inLanguage":"lv-LV","@id":"https:\/\/hobstop.ee\/lv\/#\/schema\/logo\/image\/","url":"https:\/\/hobstop.ee\/media\/vunder-logo.png","contentUrl":"https:\/\/hobstop.ee\/media\/vunder-logo.png","width":127,"height":55,"caption":"Vunder AS"},"image":{"@id":"https:\/\/hobstop.ee\/lv\/#\/schema\/logo\/image\/"},"sameAs":["http:\/\/www.facebook.com\/VunderSkizze"]}]}},"_links":{"self":[{"href":"https:\/\/hobstop.ee\/lv\/wp-json\/wp\/v2\/product\/60989","targetHints":{"allow":["GET"]}}],"collection":[{"href":"https:\/\/hobstop.ee\/lv\/wp-json\/wp\/v2\/product"}],"about":[{"href":"https:\/\/hobstop.ee\/lv\/wp-json\/wp\/v2\/types\/product"}],"replies":[{"embeddable":true,"href":"https:\/\/hobstop.ee\/lv\/wp-json\/wp\/v2\/comments?post=60989"}],"wp:attachment":[{"href":"https:\/\/hobstop.ee\/lv\/wp-json\/wp\/v2\/media?parent=60989"}],"wp:term":[{"taxonomy":"product_cat","embeddable":true,"href":"https:\/\/hobstop.ee\/lv\/wp-json\/wp\/v2\/product_cat?post=60989"},{"taxonomy":"product_tag","embeddable":true,"href":"https:\/\/hobstop.ee\/lv\/wp-json\/wp\/v2\/product_tag?post=60989"}],"curies":[{"name":"wp","href":"https:\/\/api.w.org\/{rel}","templated":true}]}}