{"id":60992,"date":"2014-12-09T12:55:00","date_gmt":"2014-12-09T10:55:00","guid":{"rendered":"https:\/\/sharks.ee\/vunder_2019.klient.veebimajutus.ee\/?post_type=product&#038;p=60992"},"modified":"2014-12-09T12:55:00","modified_gmt":"2014-12-09T10:55:00","slug":"molberta-lampa-daylight","status":"publish","type":"product","link":"https:\/\/hobstop.ee\/lv\/produkts\/molberta-lampa-daylight\/","title":{"rendered":"Molberta lampa Daylight"},"content":{"rendered":"<p>Rad\u012bta m\u0101ksliniekiem, kuri v\u0113las lab\u0101k fokus\u0113tu Daylight apgaismojumu kam\u0113r str\u0101d\u0101 pie molberta vai demonstr\u0113jot savus darbus, kad tie tapu\u0161i par glezn\u0101m, z\u012bm\u0113jumiem vai projektiem. T\u0101 ir ar kna\u0123a stiprin\u0101jumu, modern\u0101 alum\u012bnija ton\u012b, komplekt\u0101 ar 20W Daylight ener\u0123iju taupo\u0161u, apa\u013cu spuldzi (l\u012bdzv\u0113rt\u012bga 100W).<\/p>\n","protected":false},"excerpt":{"rendered":"<p>Rad\u012bta m\u0101ksliniekiem, kuri v\u0113las lab\u0101k fokus\u0113tu Daylight apgaismojumu kam\u0113r str\u0101d\u0101 pie molberta vai demonstr\u0113jot savus darbus, kad tie tapu\u0161i par glezn\u0101m, z\u012bm\u0113jumiem vai projektiem. T\u0101 ir ar kna\u0123a stiprin\u0101jumu, modern\u0101 alum\u012bnija ton\u012b, komplekt\u0101 ar 20W Daylight ener\u0123iju taupo\u0161u, apa\u013cu spuldzi (l\u012bdzv\u0113rt\u012bga 100W).<\/p>\n","protected":false},"featured_media":103910,"comment_status":"closed","ping_status":"closed","template":"","meta":{"_acf_changed":false,"ep_exclude_from_search":false},"product_cat":[18798,20060],"product_tag":[],"class_list":{"0":"post-60992","1":"product","2":"type-product","3":"status-publish","4":"has-post-thumbnail","6":"product_cat-lampas-3","7":"product_cat-makslinieku-lampas","9":"first","10":"instock","11":"taxable","12":"shipping-taxable","13":"purchasable","14":"product-type-variable"},"acf":[],"yoast_head":"<!-- This site is optimized with the Yoast SEO plugin v24.1 - https:\/\/yoast.com\/wordpress\/plugins\/seo\/ -->\n<title>Molberta lampa Daylight &#8211; Skizze<\/title>\n<meta name=\"robots\" content=\"noindex, follow, max-snippet:-1, max-image-preview:large, max-video-preview:-1\" \/>\n<meta property=\"og:locale\" content=\"lv_LV\" \/>\n<meta property=\"og:type\" content=\"article\" \/>\n<meta property=\"og:title\" content=\"Molberta lampa Daylight &#8211; Skizze\" \/>\n<meta property=\"og:description\" content=\"Rad\u012bta m\u0101ksliniekiem, kuri v\u0113las lab\u0101k fokus\u0113tu Daylight apgaismojumu kam\u0113r str\u0101d\u0101 pie molberta vai demonstr\u0113jot savus darbus, kad tie tapu\u0161i par glezn\u0101m, z\u012bm\u0113jumiem vai projektiem. T\u0101 ir ar kna\u0123a stiprin\u0101jumu, modern\u0101 alum\u012bnija ton\u012b, komplekt\u0101 ar 20W Daylight ener\u0123iju taupo\u0161u, apa\u013cu spuldzi (l\u012bdzv\u0113rt\u012bga 100W).\" \/>\n<meta property=\"og:url\" content=\"https:\/\/hobstop.ee\/lv\/produkts\/molberta-lampa-daylight\/\" \/>\n<meta property=\"og:site_name\" content=\"Skizze\" \/>\n<meta property=\"article:publisher\" content=\"http:\/\/www.facebook.com\/VunderSkizze\" \/>\n<meta property=\"og:image\" content=\"https:\/\/hobstop.ee\/media\/1971.jpg\" \/>\n\t<meta property=\"og:image:width\" content=\"1024\" \/>\n\t<meta property=\"og:image:height\" content=\"768\" \/>\n\t<meta property=\"og:image:type\" content=\"image\/jpeg\" \/>\n<meta name=\"twitter:card\" content=\"summary_large_image\" \/>\n<script type=\"application\/ld+json\" class=\"yoast-schema-graph\">{\"@context\":\"https:\/\/schema.org\",\"@graph\":[{\"@type\":\"WebPage\",\"@id\":\"https:\/\/hobstop.ee\/lv\/produkts\/molberta-lampa-daylight\/\",\"url\":\"https:\/\/hobstop.ee\/lv\/produkts\/molberta-lampa-daylight\/\",\"name\":\"Molberta lampa Daylight &#8211; Skizze\",\"isPartOf\":{\"@id\":\"https:\/\/hobstop.ee\/lv\/#website\"},\"primaryImageOfPage\":{\"@id\":\"https:\/\/hobstop.ee\/lv\/produkts\/molberta-lampa-daylight\/#primaryimage\"},\"image\":{\"@id\":\"https:\/\/hobstop.ee\/lv\/produkts\/molberta-lampa-daylight\/#primaryimage\"},\"thumbnailUrl\":\"https:\/\/hobstop.ee\/media\/1971.jpg\",\"datePublished\":\"2014-12-09T10:55:00+00:00\",\"dateModified\":\"2014-12-09T10:55:00+00:00\",\"breadcrumb\":{\"@id\":\"https:\/\/hobstop.ee\/lv\/produkts\/molberta-lampa-daylight\/#breadcrumb\"},\"inLanguage\":\"lv-LV\",\"potentialAction\":[{\"@type\":\"ReadAction\",\"target\":[\"https:\/\/hobstop.ee\/lv\/produkts\/molberta-lampa-daylight\/\"]}]},{\"@type\":\"ImageObject\",\"inLanguage\":\"lv-LV\",\"@id\":\"https:\/\/hobstop.ee\/lv\/produkts\/molberta-lampa-daylight\/#primaryimage\",\"url\":\"https:\/\/hobstop.ee\/media\/1971.jpg\",\"contentUrl\":\"https:\/\/hobstop.ee\/media\/1971.jpg\",\"width\":1024,\"height\":768},{\"@type\":\"BreadcrumbList\",\"@id\":\"https:\/\/hobstop.ee\/lv\/produkts\/molberta-lampa-daylight\/#breadcrumb\",\"itemListElement\":[{\"@type\":\"ListItem\",\"position\":1,\"name\":\"Avaleht\",\"item\":\"https:\/\/hobstop.ee\/lv\/\"},{\"@type\":\"ListItem\",\"position\":2,\"name\":\"Veikals\",\"item\":\"https:\/\/hobstop.ee\/lv\/veikals\/\"},{\"@type\":\"ListItem\",\"position\":3,\"name\":\"Molberta lampa Daylight\"}]},{\"@type\":\"WebSite\",\"@id\":\"https:\/\/hobstop.ee\/lv\/#website\",\"url\":\"https:\/\/hobstop.ee\/lv\/\",\"name\":\"Skizze\",\"description\":\"M\u0101kslas, hobiju un skolas preces\",\"publisher\":{\"@id\":\"https:\/\/hobstop.ee\/lv\/#organization\"},\"potentialAction\":[{\"@type\":\"SearchAction\",\"target\":{\"@type\":\"EntryPoint\",\"urlTemplate\":\"https:\/\/hobstop.ee\/lv\/?s={search_term_string}\"},\"query-input\":{\"@type\":\"PropertyValueSpecification\",\"valueRequired\":true,\"valueName\":\"search_term_string\"}}],\"inLanguage\":\"lv-LV\"},{\"@type\":\"Organization\",\"@id\":\"https:\/\/hobstop.ee\/lv\/#organization\",\"name\":\"Vunder AS\",\"url\":\"https:\/\/hobstop.ee\/lv\/\",\"logo\":{\"@type\":\"ImageObject\",\"inLanguage\":\"lv-LV\",\"@id\":\"https:\/\/hobstop.ee\/lv\/#\/schema\/logo\/image\/\",\"url\":\"https:\/\/hobstop.ee\/media\/vunder-logo.png\",\"contentUrl\":\"https:\/\/hobstop.ee\/media\/vunder-logo.png\",\"width\":127,\"height\":55,\"caption\":\"Vunder AS\"},\"image\":{\"@id\":\"https:\/\/hobstop.ee\/lv\/#\/schema\/logo\/image\/\"},\"sameAs\":[\"http:\/\/www.facebook.com\/VunderSkizze\"]}]}<\/script>\n<!-- \/ Yoast SEO plugin. -->","yoast_head_json":{"title":"Molberta lampa Daylight &#8211; Skizze","robots":{"index":"noindex","follow":"follow","max-snippet":"max-snippet:-1","max-image-preview":"max-image-preview:large","max-video-preview":"max-video-preview:-1"},"og_locale":"lv_LV","og_type":"article","og_title":"Molberta lampa Daylight &#8211; Skizze","og_description":"Rad\u012bta m\u0101ksliniekiem, kuri v\u0113las lab\u0101k fokus\u0113tu Daylight apgaismojumu kam\u0113r str\u0101d\u0101 pie molberta vai demonstr\u0113jot savus darbus, kad tie tapu\u0161i par glezn\u0101m, z\u012bm\u0113jumiem vai projektiem. T\u0101 ir ar kna\u0123a stiprin\u0101jumu, modern\u0101 alum\u012bnija ton\u012b, komplekt\u0101 ar 20W Daylight ener\u0123iju taupo\u0161u, apa\u013cu spuldzi (l\u012bdzv\u0113rt\u012bga 100W).","og_url":"https:\/\/hobstop.ee\/lv\/produkts\/molberta-lampa-daylight\/","og_site_name":"Skizze","article_publisher":"http:\/\/www.facebook.com\/VunderSkizze","og_image":[{"width":1024,"height":768,"url":"https:\/\/hobstop.ee\/media\/1971.jpg","type":"image\/jpeg"}],"twitter_card":"summary_large_image","schema":{"@context":"https:\/\/schema.org","@graph":[{"@type":"WebPage","@id":"https:\/\/hobstop.ee\/lv\/produkts\/molberta-lampa-daylight\/","url":"https:\/\/hobstop.ee\/lv\/produkts\/molberta-lampa-daylight\/","name":"Molberta lampa Daylight &#8211; Skizze","isPartOf":{"@id":"https:\/\/hobstop.ee\/lv\/#website"},"primaryImageOfPage":{"@id":"https:\/\/hobstop.ee\/lv\/produkts\/molberta-lampa-daylight\/#primaryimage"},"image":{"@id":"https:\/\/hobstop.ee\/lv\/produkts\/molberta-lampa-daylight\/#primaryimage"},"thumbnailUrl":"https:\/\/hobstop.ee\/media\/1971.jpg","datePublished":"2014-12-09T10:55:00+00:00","dateModified":"2014-12-09T10:55:00+00:00","breadcrumb":{"@id":"https:\/\/hobstop.ee\/lv\/produkts\/molberta-lampa-daylight\/#breadcrumb"},"inLanguage":"lv-LV","potentialAction":[{"@type":"ReadAction","target":["https:\/\/hobstop.ee\/lv\/produkts\/molberta-lampa-daylight\/"]}]},{"@type":"ImageObject","inLanguage":"lv-LV","@id":"https:\/\/hobstop.ee\/lv\/produkts\/molberta-lampa-daylight\/#primaryimage","url":"https:\/\/hobstop.ee\/media\/1971.jpg","contentUrl":"https:\/\/hobstop.ee\/media\/1971.jpg","width":1024,"height":768},{"@type":"BreadcrumbList","@id":"https:\/\/hobstop.ee\/lv\/produkts\/molberta-lampa-daylight\/#breadcrumb","itemListElement":[{"@type":"ListItem","position":1,"name":"Avaleht","item":"https:\/\/hobstop.ee\/lv\/"},{"@type":"ListItem","position":2,"name":"Veikals","item":"https:\/\/hobstop.ee\/lv\/veikals\/"},{"@type":"ListItem","position":3,"name":"Molberta lampa Daylight"}]},{"@type":"WebSite","@id":"https:\/\/hobstop.ee\/lv\/#website","url":"https:\/\/hobstop.ee\/lv\/","name":"Skizze","description":"M\u0101kslas, hobiju un skolas preces","publisher":{"@id":"https:\/\/hobstop.ee\/lv\/#organization"},"potentialAction":[{"@type":"SearchAction","target":{"@type":"EntryPoint","urlTemplate":"https:\/\/hobstop.ee\/lv\/?s={search_term_string}"},"query-input":{"@type":"PropertyValueSpecification","valueRequired":true,"valueName":"search_term_string"}}],"inLanguage":"lv-LV"},{"@type":"Organization","@id":"https:\/\/hobstop.ee\/lv\/#organization","name":"Vunder AS","url":"https:\/\/hobstop.ee\/lv\/","logo":{"@type":"ImageObject","inLanguage":"lv-LV","@id":"https:\/\/hobstop.ee\/lv\/#\/schema\/logo\/image\/","url":"https:\/\/hobstop.ee\/media\/vunder-logo.png","contentUrl":"https:\/\/hobstop.ee\/media\/vunder-logo.png","width":127,"height":55,"caption":"Vunder AS"},"image":{"@id":"https:\/\/hobstop.ee\/lv\/#\/schema\/logo\/image\/"},"sameAs":["http:\/\/www.facebook.com\/VunderSkizze"]}]}},"_links":{"self":[{"href":"https:\/\/hobstop.ee\/lv\/wp-json\/wp\/v2\/product\/60992","targetHints":{"allow":["GET"]}}],"collection":[{"href":"https:\/\/hobstop.ee\/lv\/wp-json\/wp\/v2\/product"}],"about":[{"href":"https:\/\/hobstop.ee\/lv\/wp-json\/wp\/v2\/types\/product"}],"replies":[{"embeddable":true,"href":"https:\/\/hobstop.ee\/lv\/wp-json\/wp\/v2\/comments?post=60992"}],"wp:featuredmedia":[{"embeddable":true,"href":"https:\/\/hobstop.ee\/lv\/wp-json\/wp\/v2\/media\/103910"}],"wp:attachment":[{"href":"https:\/\/hobstop.ee\/lv\/wp-json\/wp\/v2\/media?parent=60992"}],"wp:term":[{"taxonomy":"product_cat","embeddable":true,"href":"https:\/\/hobstop.ee\/lv\/wp-json\/wp\/v2\/product_cat?post=60992"},{"taxonomy":"product_tag","embeddable":true,"href":"https:\/\/hobstop.ee\/lv\/wp-json\/wp\/v2\/product_tag?post=60992"}],"curies":[{"name":"wp","href":"https:\/\/api.w.org\/{rel}","templated":true}]}}