{"id":61078,"date":"2014-12-09T12:55:53","date_gmt":"2014-12-09T10:55:53","guid":{"rendered":"https:\/\/sharks.ee\/vunder_2019.klient.veebimajutus.ee\/?post_type=product&#038;p=61078"},"modified":"2014-12-09T12:55:53","modified_gmt":"2014-12-09T10:55:53","slug":"lapstina-gleznosanai-liquitex-freestyle","status":"publish","type":"product","link":"https:\/\/hobstop.ee\/lv\/produkts\/lapstina-gleznosanai-liquitex-freestyle\/","title":{"rendered":"L\u0101psti\u0146a glezno\u0161anai Liquitex Freestyle"},"content":{"rendered":"<p>Inovat\u012bvas formas un lieluma paletes na\u017ei, kuru asme\u0146i ir no augstas kvalit\u0101tes ner\u016bs\u0113jo\u0161a t\u0113rauda un iztur\u012bgi pret nodilumu un r\u016bsu. Pateicoties t\u0101 lielumam, ar Liquitex paletes nazi ir iesp\u0113jams str\u0101d\u0101t uz liel\u0101m virsm\u0101m un uzkl\u0101t uz paletes vienlaikus liel\u0101ku daudzumu kr\u0101sas vai m\u0113dija.<\/p>\n","protected":false},"excerpt":{"rendered":"<p>Inovat\u012bvas formas un lieluma paletes na\u017ei, kuru asme\u0146i ir no augstas kvalit\u0101tes ner\u016bs\u0113jo\u0161a t\u0113rauda un iztur\u012bgi pret nodilumu un r\u016bsu. Pateicoties t\u0101 lielumam, ar Liquitex paletes nazi ir iesp\u0113jams str\u0101d\u0101t uz liel\u0101m virsm\u0101m un uzkl\u0101t uz paletes vienlaikus liel\u0101ku daudzumu kr\u0101sas vai m\u0113dija.<\/p>\n","protected":false},"featured_media":104170,"comment_status":"closed","ping_status":"closed","template":"","meta":{"_acf_changed":false,"ep_exclude_from_search":false},"product_cat":[18396,16123,18650],"product_tag":[],"class_list":{"0":"post-61078","1":"product","2":"type-product","3":"status-publish","4":"has-post-thumbnail","6":"product_cat-gleznosanas-nazi","7":"product_cat-makslas-piederumi-2","8":"product_cat-otas-un-piederumi","10":"first","11":"instock","12":"sale","13":"taxable","14":"shipping-taxable","15":"purchasable","16":"product-type-variable"},"acf":[],"yoast_head":"<!-- This site is optimized with the Yoast SEO plugin v24.1 - https:\/\/yoast.com\/wordpress\/plugins\/seo\/ -->\n<title>L\u0101psti\u0146a glezno\u0161anai Liquitex Freestyle &#8211; Skizze<\/title>\n<meta name=\"robots\" content=\"noindex, follow, max-snippet:-1, max-image-preview:large, max-video-preview:-1\" \/>\n<meta property=\"og:locale\" content=\"lv_LV\" \/>\n<meta property=\"og:type\" content=\"article\" \/>\n<meta property=\"og:title\" content=\"L\u0101psti\u0146a glezno\u0161anai Liquitex Freestyle &#8211; Skizze\" \/>\n<meta property=\"og:description\" content=\"Inovat\u012bvas formas un lieluma paletes na\u017ei, kuru asme\u0146i ir no augstas kvalit\u0101tes ner\u016bs\u0113jo\u0161a t\u0113rauda un iztur\u012bgi pret nodilumu un r\u016bsu. Pateicoties t\u0101 lielumam, ar Liquitex paletes nazi ir iesp\u0113jams str\u0101d\u0101t uz liel\u0101m virsm\u0101m un uzkl\u0101t uz paletes vienlaikus liel\u0101ku daudzumu kr\u0101sas vai m\u0113dija.\" \/>\n<meta property=\"og:url\" content=\"https:\/\/hobstop.ee\/lv\/produkts\/lapstina-gleznosanai-liquitex-freestyle\/\" \/>\n<meta property=\"og:site_name\" content=\"Skizze\" \/>\n<meta property=\"article:publisher\" content=\"http:\/\/www.facebook.com\/VunderSkizze\" \/>\n<meta property=\"og:image\" content=\"https:\/\/www.hobstop.ee\/media\/2131.jpg\" \/>\n\t<meta property=\"og:image:width\" content=\"1024\" \/>\n\t<meta property=\"og:image:height\" content=\"768\" \/>\n\t<meta property=\"og:image:type\" content=\"image\/jpeg\" \/>\n<meta name=\"twitter:card\" content=\"summary_large_image\" \/>\n<script type=\"application\/ld+json\" class=\"yoast-schema-graph\">{\"@context\":\"https:\/\/schema.org\",\"@graph\":[{\"@type\":\"WebPage\",\"@id\":\"https:\/\/hobstop.ee\/lv\/produkts\/lapstina-gleznosanai-liquitex-freestyle\/\",\"url\":\"https:\/\/hobstop.ee\/lv\/produkts\/lapstina-gleznosanai-liquitex-freestyle\/\",\"name\":\"L\u0101psti\u0146a glezno\u0161anai Liquitex Freestyle &#8211; Skizze\",\"isPartOf\":{\"@id\":\"https:\/\/hobstop.ee\/lv\/#website\"},\"primaryImageOfPage\":{\"@id\":\"https:\/\/hobstop.ee\/lv\/produkts\/lapstina-gleznosanai-liquitex-freestyle\/#primaryimage\"},\"image\":{\"@id\":\"https:\/\/hobstop.ee\/lv\/produkts\/lapstina-gleznosanai-liquitex-freestyle\/#primaryimage\"},\"thumbnailUrl\":\"https:\/\/hobstop.ee\/media\/2131.jpg\",\"datePublished\":\"2014-12-09T10:55:53+00:00\",\"dateModified\":\"2014-12-09T10:55:53+00:00\",\"breadcrumb\":{\"@id\":\"https:\/\/hobstop.ee\/lv\/produkts\/lapstina-gleznosanai-liquitex-freestyle\/#breadcrumb\"},\"inLanguage\":\"lv-LV\",\"potentialAction\":[{\"@type\":\"ReadAction\",\"target\":[\"https:\/\/hobstop.ee\/lv\/produkts\/lapstina-gleznosanai-liquitex-freestyle\/\"]}]},{\"@type\":\"ImageObject\",\"inLanguage\":\"lv-LV\",\"@id\":\"https:\/\/hobstop.ee\/lv\/produkts\/lapstina-gleznosanai-liquitex-freestyle\/#primaryimage\",\"url\":\"https:\/\/hobstop.ee\/media\/2131.jpg\",\"contentUrl\":\"https:\/\/hobstop.ee\/media\/2131.jpg\",\"width\":1024,\"height\":768},{\"@type\":\"BreadcrumbList\",\"@id\":\"https:\/\/hobstop.ee\/lv\/produkts\/lapstina-gleznosanai-liquitex-freestyle\/#breadcrumb\",\"itemListElement\":[{\"@type\":\"ListItem\",\"position\":1,\"name\":\"Avaleht\",\"item\":\"https:\/\/www.hobstop.ee\/lv\/\"},{\"@type\":\"ListItem\",\"position\":2,\"name\":\"Veikals\",\"item\":\"https:\/\/www.hobstop.ee\/lv\/veikals\/\"},{\"@type\":\"ListItem\",\"position\":3,\"name\":\"L\u0101psti\u0146a glezno\u0161anai Liquitex Freestyle\"}]},{\"@type\":\"WebSite\",\"@id\":\"https:\/\/hobstop.ee\/lv\/#website\",\"url\":\"https:\/\/hobstop.ee\/lv\/\",\"name\":\"Skizze\",\"description\":\"M\u0101kslas, hobiju un skolas preces\",\"publisher\":{\"@id\":\"https:\/\/hobstop.ee\/lv\/#organization\"},\"potentialAction\":[{\"@type\":\"SearchAction\",\"target\":{\"@type\":\"EntryPoint\",\"urlTemplate\":\"https:\/\/hobstop.ee\/lv\/?s={search_term_string}\"},\"query-input\":{\"@type\":\"PropertyValueSpecification\",\"valueRequired\":true,\"valueName\":\"search_term_string\"}}],\"inLanguage\":\"lv-LV\"},{\"@type\":\"Organization\",\"@id\":\"https:\/\/hobstop.ee\/lv\/#organization\",\"name\":\"Vunder AS\",\"url\":\"https:\/\/hobstop.ee\/lv\/\",\"logo\":{\"@type\":\"ImageObject\",\"inLanguage\":\"lv-LV\",\"@id\":\"https:\/\/hobstop.ee\/lv\/#\/schema\/logo\/image\/\",\"url\":\"https:\/\/hobstop.ee\/media\/vunder-logo.png\",\"contentUrl\":\"https:\/\/hobstop.ee\/media\/vunder-logo.png\",\"width\":127,\"height\":55,\"caption\":\"Vunder AS\"},\"image\":{\"@id\":\"https:\/\/hobstop.ee\/lv\/#\/schema\/logo\/image\/\"},\"sameAs\":[\"http:\/\/www.facebook.com\/VunderSkizze\"]}]}<\/script>\n<!-- \/ Yoast SEO plugin. -->","yoast_head_json":{"title":"L\u0101psti\u0146a glezno\u0161anai Liquitex Freestyle &#8211; Skizze","robots":{"index":"noindex","follow":"follow","max-snippet":"max-snippet:-1","max-image-preview":"max-image-preview:large","max-video-preview":"max-video-preview:-1"},"og_locale":"lv_LV","og_type":"article","og_title":"L\u0101psti\u0146a glezno\u0161anai Liquitex Freestyle &#8211; Skizze","og_description":"Inovat\u012bvas formas un lieluma paletes na\u017ei, kuru asme\u0146i ir no augstas kvalit\u0101tes ner\u016bs\u0113jo\u0161a t\u0113rauda un iztur\u012bgi pret nodilumu un r\u016bsu. Pateicoties t\u0101 lielumam, ar Liquitex paletes nazi ir iesp\u0113jams str\u0101d\u0101t uz liel\u0101m virsm\u0101m un uzkl\u0101t uz paletes vienlaikus liel\u0101ku daudzumu kr\u0101sas vai m\u0113dija.","og_url":"https:\/\/hobstop.ee\/lv\/produkts\/lapstina-gleznosanai-liquitex-freestyle\/","og_site_name":"Skizze","article_publisher":"http:\/\/www.facebook.com\/VunderSkizze","og_image":[{"width":1024,"height":768,"url":"https:\/\/www.hobstop.ee\/media\/2131.jpg","type":"image\/jpeg"}],"twitter_card":"summary_large_image","schema":{"@context":"https:\/\/schema.org","@graph":[{"@type":"WebPage","@id":"https:\/\/hobstop.ee\/lv\/produkts\/lapstina-gleznosanai-liquitex-freestyle\/","url":"https:\/\/hobstop.ee\/lv\/produkts\/lapstina-gleznosanai-liquitex-freestyle\/","name":"L\u0101psti\u0146a glezno\u0161anai Liquitex Freestyle &#8211; Skizze","isPartOf":{"@id":"https:\/\/hobstop.ee\/lv\/#website"},"primaryImageOfPage":{"@id":"https:\/\/hobstop.ee\/lv\/produkts\/lapstina-gleznosanai-liquitex-freestyle\/#primaryimage"},"image":{"@id":"https:\/\/hobstop.ee\/lv\/produkts\/lapstina-gleznosanai-liquitex-freestyle\/#primaryimage"},"thumbnailUrl":"https:\/\/hobstop.ee\/media\/2131.jpg","datePublished":"2014-12-09T10:55:53+00:00","dateModified":"2014-12-09T10:55:53+00:00","breadcrumb":{"@id":"https:\/\/hobstop.ee\/lv\/produkts\/lapstina-gleznosanai-liquitex-freestyle\/#breadcrumb"},"inLanguage":"lv-LV","potentialAction":[{"@type":"ReadAction","target":["https:\/\/hobstop.ee\/lv\/produkts\/lapstina-gleznosanai-liquitex-freestyle\/"]}]},{"@type":"ImageObject","inLanguage":"lv-LV","@id":"https:\/\/hobstop.ee\/lv\/produkts\/lapstina-gleznosanai-liquitex-freestyle\/#primaryimage","url":"https:\/\/hobstop.ee\/media\/2131.jpg","contentUrl":"https:\/\/hobstop.ee\/media\/2131.jpg","width":1024,"height":768},{"@type":"BreadcrumbList","@id":"https:\/\/hobstop.ee\/lv\/produkts\/lapstina-gleznosanai-liquitex-freestyle\/#breadcrumb","itemListElement":[{"@type":"ListItem","position":1,"name":"Avaleht","item":"https:\/\/www.hobstop.ee\/lv\/"},{"@type":"ListItem","position":2,"name":"Veikals","item":"https:\/\/www.hobstop.ee\/lv\/veikals\/"},{"@type":"ListItem","position":3,"name":"L\u0101psti\u0146a glezno\u0161anai Liquitex Freestyle"}]},{"@type":"WebSite","@id":"https:\/\/hobstop.ee\/lv\/#website","url":"https:\/\/hobstop.ee\/lv\/","name":"Skizze","description":"M\u0101kslas, hobiju un skolas preces","publisher":{"@id":"https:\/\/hobstop.ee\/lv\/#organization"},"potentialAction":[{"@type":"SearchAction","target":{"@type":"EntryPoint","urlTemplate":"https:\/\/hobstop.ee\/lv\/?s={search_term_string}"},"query-input":{"@type":"PropertyValueSpecification","valueRequired":true,"valueName":"search_term_string"}}],"inLanguage":"lv-LV"},{"@type":"Organization","@id":"https:\/\/hobstop.ee\/lv\/#organization","name":"Vunder AS","url":"https:\/\/hobstop.ee\/lv\/","logo":{"@type":"ImageObject","inLanguage":"lv-LV","@id":"https:\/\/hobstop.ee\/lv\/#\/schema\/logo\/image\/","url":"https:\/\/hobstop.ee\/media\/vunder-logo.png","contentUrl":"https:\/\/hobstop.ee\/media\/vunder-logo.png","width":127,"height":55,"caption":"Vunder AS"},"image":{"@id":"https:\/\/hobstop.ee\/lv\/#\/schema\/logo\/image\/"},"sameAs":["http:\/\/www.facebook.com\/VunderSkizze"]}]}},"_links":{"self":[{"href":"https:\/\/hobstop.ee\/lv\/wp-json\/wp\/v2\/product\/61078","targetHints":{"allow":["GET"]}}],"collection":[{"href":"https:\/\/hobstop.ee\/lv\/wp-json\/wp\/v2\/product"}],"about":[{"href":"https:\/\/hobstop.ee\/lv\/wp-json\/wp\/v2\/types\/product"}],"replies":[{"embeddable":true,"href":"https:\/\/hobstop.ee\/lv\/wp-json\/wp\/v2\/comments?post=61078"}],"wp:featuredmedia":[{"embeddable":true,"href":"https:\/\/hobstop.ee\/lv\/wp-json\/wp\/v2\/media\/104170"}],"wp:attachment":[{"href":"https:\/\/hobstop.ee\/lv\/wp-json\/wp\/v2\/media?parent=61078"}],"wp:term":[{"taxonomy":"product_cat","embeddable":true,"href":"https:\/\/hobstop.ee\/lv\/wp-json\/wp\/v2\/product_cat?post=61078"},{"taxonomy":"product_tag","embeddable":true,"href":"https:\/\/hobstop.ee\/lv\/wp-json\/wp\/v2\/product_tag?post=61078"}],"curies":[{"name":"wp","href":"https:\/\/api.w.org\/{rel}","templated":true}]}}