{"id":61109,"date":"2014-12-09T12:57:50","date_gmt":"2014-12-09T10:57:50","guid":{"rendered":"https:\/\/sharks.ee\/vunder_2019.klient.veebimajutus.ee\/?post_type=product&#038;p=61109"},"modified":"2014-12-09T12:57:50","modified_gmt":"2014-12-09T10:57:50","slug":"krasa-iespieddarbiem-marabu-aqua-linol-250ml","status":"publish","type":"product","link":"https:\/\/hobstop.ee\/lv\/produkts\/krasa-iespieddarbiem-marabu-aqua-linol-250ml\/","title":{"rendered":"Kr\u0101sa iespieddarbiem Marabu Aqua Linol 250ml"},"content":{"rendered":"<p>Marabu Aqua Lino Printing kr\u0101sa ir ide\u0101li piem\u0113rota iespie\u0161anas darbiem skol\u0101, m\u0101j\u0101s, darbn\u012bc\u0101s, grafikas dizainam un terapijai. Ide\u0101li piem\u0113rota vis\u0101m reljefspiedes tehnik\u0101m, izmantojot linoleja, polistirola, koka, filca, gumijas vai dab\u012bgu materi\u0101lu pl\u0101ksnes.  Lieto\u0161anai gatav\u0101, uz \u016bdens b\u0101zes izgatavot\u0101 kr\u0101sa nodro\u0161ina prec\u012bzas l\u012bnijas un gludu kr\u0101sas nokl\u0101jumu, str\u0101d\u0101jot ar pap\u012bru, kartonu, audumu un filcu.  Visas intens\u012bv\u0101s Marabu Aqua Lino Printing kr\u0101sas var sav\u0101 starp\u0101 jaukt un at\u0161\u0137aid\u012bt ar \u016bdeni.  Pateicoties viskozit\u0101tei, kr\u0101sa lieliski nokl\u0101j virsmu un nodro\u0161ina labu iztur\u012bbu pret gaismu.  No\u017e\u016bstot t\u0101 k\u013c\u016bst sk\u0101riendro\u0161a p\u0113c 15 min\u016bt\u0113m, ta\u010du t\u0101 nav \u016bdensdro\u0161a.  Darbar\u012bkus var viegli nomazg\u0101t ar \u016bdeni.  Marabu Aqua Lino Printing Colour atbilst Eiropas standarta EN71 pras\u012bb\u0101m.<\/p>\n","protected":false},"excerpt":{"rendered":"<p>Marabu Aqua Lino Printing kr\u0101sa ir ide\u0101li piem\u0113rota iespie\u0161anas darbiem skol\u0101, m\u0101j\u0101s, darbn\u012bc\u0101s, grafikas dizainam un terapijai. Ide\u0101li piem\u0113rota vis\u0101m reljefspiedes tehnik\u0101m, izmantojot linoleja, polistirola, koka, filca, gumijas vai dab\u012bgu materi\u0101lu pl\u0101ksnes. Lieto\u0161anai gatav\u0101, uz \u016bdens b\u0101zes izgatavot\u0101 kr\u0101sa nodro\u0161ina prec\u012bzas l\u012bnijas un gludu kr\u0101sas nokl\u0101jumu, str\u0101d\u0101jot ar pap\u012bru, kartonu, audumu un filcu. Visas intens\u012bv\u0101s Marabu Aqua Lino Printing kr\u0101sas var sav\u0101 starp\u0101 jaukt un at\u0161\u0137aid\u012bt ar \u016bdeni. Pateicoties viskozit\u0101tei, kr\u0101sa lieliski nokl\u0101j virsmu un nodro\u0161ina labu iztur\u012bbu pret gaismu. No\u017e\u016bstot t\u0101 k\u013c\u016bst sk\u0101riendro\u0161a p\u0113c 15 min\u016bt\u0113m, ta\u010du t\u0101 nav \u016bdensdro\u0161a. Darbar\u012bkus var viegli nomazg\u0101t ar \u016bdeni. Marabu Aqua Lino Printing Colour atbilst Eiropas standarta EN71 pras\u012bb\u0101m.<\/p>\n","protected":false},"featured_media":353007,"comment_status":"closed","ping_status":"closed","template":"","meta":{"_acf_changed":false,"ep_exclude_from_search":false},"product_cat":[18648,18317,16123],"product_tag":[],"class_list":{"0":"post-61109","1":"product","2":"type-product","3":"status-publish","4":"has-post-thumbnail","6":"product_cat-grafika","7":"product_cat-kodinasanas-krasas-un-lakas","8":"product_cat-makslas-piederumi-2","10":"first","11":"instock","12":"taxable","13":"shipping-taxable","14":"purchasable","15":"product-type-variable"},"acf":[],"yoast_head":"<!-- This site is optimized with the Yoast SEO plugin v24.1 - https:\/\/yoast.com\/wordpress\/plugins\/seo\/ -->\n<title>Kr\u0101sa iespieddarbiem Marabu Aqua Linol 250ml &#8211; Skizze<\/title>\n<meta name=\"robots\" content=\"noindex, follow, max-snippet:-1, max-image-preview:large, max-video-preview:-1\" \/>\n<meta property=\"og:locale\" content=\"lv_LV\" \/>\n<meta property=\"og:type\" content=\"article\" \/>\n<meta property=\"og:title\" content=\"Kr\u0101sa iespieddarbiem Marabu Aqua Linol 250ml &#8211; Skizze\" \/>\n<meta property=\"og:description\" content=\"Marabu Aqua Lino Printing kr\u0101sa ir ide\u0101li piem\u0113rota iespie\u0161anas darbiem skol\u0101, m\u0101j\u0101s, darbn\u012bc\u0101s, grafikas dizainam un terapijai. Ide\u0101li piem\u0113rota vis\u0101m reljefspiedes tehnik\u0101m, izmantojot linoleja, polistirola, koka, filca, gumijas vai dab\u012bgu materi\u0101lu pl\u0101ksnes. Lieto\u0161anai gatav\u0101, uz \u016bdens b\u0101zes izgatavot\u0101 kr\u0101sa nodro\u0161ina prec\u012bzas l\u012bnijas un gludu kr\u0101sas nokl\u0101jumu, str\u0101d\u0101jot ar pap\u012bru, kartonu, audumu un filcu. Visas intens\u012bv\u0101s Marabu Aqua Lino Printing kr\u0101sas var sav\u0101 starp\u0101 jaukt un at\u0161\u0137aid\u012bt ar \u016bdeni. Pateicoties viskozit\u0101tei, kr\u0101sa lieliski nokl\u0101j virsmu un nodro\u0161ina labu iztur\u012bbu pret gaismu. No\u017e\u016bstot t\u0101 k\u013c\u016bst sk\u0101riendro\u0161a p\u0113c 15 min\u016bt\u0113m, ta\u010du t\u0101 nav \u016bdensdro\u0161a. Darbar\u012bkus var viegli nomazg\u0101t ar \u016bdeni. Marabu Aqua Lino Printing Colour atbilst Eiropas standarta EN71 pras\u012bb\u0101m.\" \/>\n<meta property=\"og:url\" content=\"https:\/\/hobstop.ee\/lv\/produkts\/krasa-iespieddarbiem-marabu-aqua-linol-250ml\/\" \/>\n<meta property=\"og:site_name\" content=\"Skizze\" \/>\n<meta property=\"article:publisher\" content=\"http:\/\/www.facebook.com\/VunderSkizze\" \/>\n<meta property=\"og:image\" content=\"https:\/\/hobstop.ee\/media\/2182.jpg\" \/>\n\t<meta property=\"og:image:width\" content=\"1024\" \/>\n\t<meta property=\"og:image:height\" content=\"768\" \/>\n\t<meta property=\"og:image:type\" content=\"image\/jpeg\" \/>\n<meta name=\"twitter:card\" content=\"summary_large_image\" \/>\n<meta name=\"twitter:label1\" content=\"Est. reading time\" \/>\n\t<meta name=\"twitter:data1\" content=\"1 min\u016b\u0161u\" \/>\n<script type=\"application\/ld+json\" class=\"yoast-schema-graph\">{\"@context\":\"https:\/\/schema.org\",\"@graph\":[{\"@type\":\"WebPage\",\"@id\":\"https:\/\/hobstop.ee\/lv\/produkts\/krasa-iespieddarbiem-marabu-aqua-linol-250ml\/\",\"url\":\"https:\/\/hobstop.ee\/lv\/produkts\/krasa-iespieddarbiem-marabu-aqua-linol-250ml\/\",\"name\":\"Kr\u0101sa iespieddarbiem Marabu Aqua Linol 250ml &#8211; Skizze\",\"isPartOf\":{\"@id\":\"https:\/\/hobstop.ee\/lv\/#website\"},\"primaryImageOfPage\":{\"@id\":\"https:\/\/hobstop.ee\/lv\/produkts\/krasa-iespieddarbiem-marabu-aqua-linol-250ml\/#primaryimage\"},\"image\":{\"@id\":\"https:\/\/hobstop.ee\/lv\/produkts\/krasa-iespieddarbiem-marabu-aqua-linol-250ml\/#primaryimage\"},\"thumbnailUrl\":\"https:\/\/hobstop.ee\/media\/2182.jpg\",\"datePublished\":\"2014-12-09T10:57:50+00:00\",\"dateModified\":\"2014-12-09T10:57:50+00:00\",\"breadcrumb\":{\"@id\":\"https:\/\/hobstop.ee\/lv\/produkts\/krasa-iespieddarbiem-marabu-aqua-linol-250ml\/#breadcrumb\"},\"inLanguage\":\"lv-LV\",\"potentialAction\":[{\"@type\":\"ReadAction\",\"target\":[\"https:\/\/hobstop.ee\/lv\/produkts\/krasa-iespieddarbiem-marabu-aqua-linol-250ml\/\"]}]},{\"@type\":\"ImageObject\",\"inLanguage\":\"lv-LV\",\"@id\":\"https:\/\/hobstop.ee\/lv\/produkts\/krasa-iespieddarbiem-marabu-aqua-linol-250ml\/#primaryimage\",\"url\":\"https:\/\/hobstop.ee\/media\/2182.jpg\",\"contentUrl\":\"https:\/\/hobstop.ee\/media\/2182.jpg\",\"width\":1024,\"height\":768},{\"@type\":\"BreadcrumbList\",\"@id\":\"https:\/\/hobstop.ee\/lv\/produkts\/krasa-iespieddarbiem-marabu-aqua-linol-250ml\/#breadcrumb\",\"itemListElement\":[{\"@type\":\"ListItem\",\"position\":1,\"name\":\"Avaleht\",\"item\":\"https:\/\/hobstop.ee\/lv\/\"},{\"@type\":\"ListItem\",\"position\":2,\"name\":\"Veikals\",\"item\":\"https:\/\/hobstop.ee\/lv\/veikals\/\"},{\"@type\":\"ListItem\",\"position\":3,\"name\":\"Kr\u0101sa iespieddarbiem Marabu Aqua Linol 250ml\"}]},{\"@type\":\"WebSite\",\"@id\":\"https:\/\/hobstop.ee\/lv\/#website\",\"url\":\"https:\/\/hobstop.ee\/lv\/\",\"name\":\"Skizze\",\"description\":\"M\u0101kslas, hobiju un skolas preces\",\"publisher\":{\"@id\":\"https:\/\/hobstop.ee\/lv\/#organization\"},\"potentialAction\":[{\"@type\":\"SearchAction\",\"target\":{\"@type\":\"EntryPoint\",\"urlTemplate\":\"https:\/\/hobstop.ee\/lv\/?s={search_term_string}\"},\"query-input\":{\"@type\":\"PropertyValueSpecification\",\"valueRequired\":true,\"valueName\":\"search_term_string\"}}],\"inLanguage\":\"lv-LV\"},{\"@type\":\"Organization\",\"@id\":\"https:\/\/hobstop.ee\/lv\/#organization\",\"name\":\"Vunder AS\",\"url\":\"https:\/\/hobstop.ee\/lv\/\",\"logo\":{\"@type\":\"ImageObject\",\"inLanguage\":\"lv-LV\",\"@id\":\"https:\/\/hobstop.ee\/lv\/#\/schema\/logo\/image\/\",\"url\":\"https:\/\/hobstop.ee\/media\/vunder-logo.png\",\"contentUrl\":\"https:\/\/hobstop.ee\/media\/vunder-logo.png\",\"width\":127,\"height\":55,\"caption\":\"Vunder AS\"},\"image\":{\"@id\":\"https:\/\/hobstop.ee\/lv\/#\/schema\/logo\/image\/\"},\"sameAs\":[\"http:\/\/www.facebook.com\/VunderSkizze\"]}]}<\/script>\n<!-- \/ Yoast SEO plugin. -->","yoast_head_json":{"title":"Kr\u0101sa iespieddarbiem Marabu Aqua Linol 250ml &#8211; Skizze","robots":{"index":"noindex","follow":"follow","max-snippet":"max-snippet:-1","max-image-preview":"max-image-preview:large","max-video-preview":"max-video-preview:-1"},"og_locale":"lv_LV","og_type":"article","og_title":"Kr\u0101sa iespieddarbiem Marabu Aqua Linol 250ml &#8211; Skizze","og_description":"Marabu Aqua Lino Printing kr\u0101sa ir ide\u0101li piem\u0113rota iespie\u0161anas darbiem skol\u0101, m\u0101j\u0101s, darbn\u012bc\u0101s, grafikas dizainam un terapijai. Ide\u0101li piem\u0113rota vis\u0101m reljefspiedes tehnik\u0101m, izmantojot linoleja, polistirola, koka, filca, gumijas vai dab\u012bgu materi\u0101lu pl\u0101ksnes. Lieto\u0161anai gatav\u0101, uz \u016bdens b\u0101zes izgatavot\u0101 kr\u0101sa nodro\u0161ina prec\u012bzas l\u012bnijas un gludu kr\u0101sas nokl\u0101jumu, str\u0101d\u0101jot ar pap\u012bru, kartonu, audumu un filcu. Visas intens\u012bv\u0101s Marabu Aqua Lino Printing kr\u0101sas var sav\u0101 starp\u0101 jaukt un at\u0161\u0137aid\u012bt ar \u016bdeni. Pateicoties viskozit\u0101tei, kr\u0101sa lieliski nokl\u0101j virsmu un nodro\u0161ina labu iztur\u012bbu pret gaismu. No\u017e\u016bstot t\u0101 k\u013c\u016bst sk\u0101riendro\u0161a p\u0113c 15 min\u016bt\u0113m, ta\u010du t\u0101 nav \u016bdensdro\u0161a. Darbar\u012bkus var viegli nomazg\u0101t ar \u016bdeni. Marabu Aqua Lino Printing Colour atbilst Eiropas standarta EN71 pras\u012bb\u0101m.","og_url":"https:\/\/hobstop.ee\/lv\/produkts\/krasa-iespieddarbiem-marabu-aqua-linol-250ml\/","og_site_name":"Skizze","article_publisher":"http:\/\/www.facebook.com\/VunderSkizze","og_image":[{"width":1024,"height":768,"url":"https:\/\/hobstop.ee\/media\/2182.jpg","type":"image\/jpeg"}],"twitter_card":"summary_large_image","twitter_misc":{"Est. reading time":"1 min\u016b\u0161u"},"schema":{"@context":"https:\/\/schema.org","@graph":[{"@type":"WebPage","@id":"https:\/\/hobstop.ee\/lv\/produkts\/krasa-iespieddarbiem-marabu-aqua-linol-250ml\/","url":"https:\/\/hobstop.ee\/lv\/produkts\/krasa-iespieddarbiem-marabu-aqua-linol-250ml\/","name":"Kr\u0101sa iespieddarbiem Marabu Aqua Linol 250ml &#8211; Skizze","isPartOf":{"@id":"https:\/\/hobstop.ee\/lv\/#website"},"primaryImageOfPage":{"@id":"https:\/\/hobstop.ee\/lv\/produkts\/krasa-iespieddarbiem-marabu-aqua-linol-250ml\/#primaryimage"},"image":{"@id":"https:\/\/hobstop.ee\/lv\/produkts\/krasa-iespieddarbiem-marabu-aqua-linol-250ml\/#primaryimage"},"thumbnailUrl":"https:\/\/hobstop.ee\/media\/2182.jpg","datePublished":"2014-12-09T10:57:50+00:00","dateModified":"2014-12-09T10:57:50+00:00","breadcrumb":{"@id":"https:\/\/hobstop.ee\/lv\/produkts\/krasa-iespieddarbiem-marabu-aqua-linol-250ml\/#breadcrumb"},"inLanguage":"lv-LV","potentialAction":[{"@type":"ReadAction","target":["https:\/\/hobstop.ee\/lv\/produkts\/krasa-iespieddarbiem-marabu-aqua-linol-250ml\/"]}]},{"@type":"ImageObject","inLanguage":"lv-LV","@id":"https:\/\/hobstop.ee\/lv\/produkts\/krasa-iespieddarbiem-marabu-aqua-linol-250ml\/#primaryimage","url":"https:\/\/hobstop.ee\/media\/2182.jpg","contentUrl":"https:\/\/hobstop.ee\/media\/2182.jpg","width":1024,"height":768},{"@type":"BreadcrumbList","@id":"https:\/\/hobstop.ee\/lv\/produkts\/krasa-iespieddarbiem-marabu-aqua-linol-250ml\/#breadcrumb","itemListElement":[{"@type":"ListItem","position":1,"name":"Avaleht","item":"https:\/\/hobstop.ee\/lv\/"},{"@type":"ListItem","position":2,"name":"Veikals","item":"https:\/\/hobstop.ee\/lv\/veikals\/"},{"@type":"ListItem","position":3,"name":"Kr\u0101sa iespieddarbiem Marabu Aqua Linol 250ml"}]},{"@type":"WebSite","@id":"https:\/\/hobstop.ee\/lv\/#website","url":"https:\/\/hobstop.ee\/lv\/","name":"Skizze","description":"M\u0101kslas, hobiju un skolas preces","publisher":{"@id":"https:\/\/hobstop.ee\/lv\/#organization"},"potentialAction":[{"@type":"SearchAction","target":{"@type":"EntryPoint","urlTemplate":"https:\/\/hobstop.ee\/lv\/?s={search_term_string}"},"query-input":{"@type":"PropertyValueSpecification","valueRequired":true,"valueName":"search_term_string"}}],"inLanguage":"lv-LV"},{"@type":"Organization","@id":"https:\/\/hobstop.ee\/lv\/#organization","name":"Vunder AS","url":"https:\/\/hobstop.ee\/lv\/","logo":{"@type":"ImageObject","inLanguage":"lv-LV","@id":"https:\/\/hobstop.ee\/lv\/#\/schema\/logo\/image\/","url":"https:\/\/hobstop.ee\/media\/vunder-logo.png","contentUrl":"https:\/\/hobstop.ee\/media\/vunder-logo.png","width":127,"height":55,"caption":"Vunder AS"},"image":{"@id":"https:\/\/hobstop.ee\/lv\/#\/schema\/logo\/image\/"},"sameAs":["http:\/\/www.facebook.com\/VunderSkizze"]}]}},"_links":{"self":[{"href":"https:\/\/hobstop.ee\/lv\/wp-json\/wp\/v2\/product\/61109","targetHints":{"allow":["GET"]}}],"collection":[{"href":"https:\/\/hobstop.ee\/lv\/wp-json\/wp\/v2\/product"}],"about":[{"href":"https:\/\/hobstop.ee\/lv\/wp-json\/wp\/v2\/types\/product"}],"replies":[{"embeddable":true,"href":"https:\/\/hobstop.ee\/lv\/wp-json\/wp\/v2\/comments?post=61109"}],"wp:featuredmedia":[{"embeddable":true,"href":"https:\/\/hobstop.ee\/lv\/wp-json\/wp\/v2\/media\/353007"}],"wp:attachment":[{"href":"https:\/\/hobstop.ee\/lv\/wp-json\/wp\/v2\/media?parent=61109"}],"wp:term":[{"taxonomy":"product_cat","embeddable":true,"href":"https:\/\/hobstop.ee\/lv\/wp-json\/wp\/v2\/product_cat?post=61109"},{"taxonomy":"product_tag","embeddable":true,"href":"https:\/\/hobstop.ee\/lv\/wp-json\/wp\/v2\/product_tag?post=61109"}],"curies":[{"name":"wp","href":"https:\/\/api.w.org\/{rel}","templated":true}]}}