{"id":61119,"date":"2014-12-09T12:57:53","date_gmt":"2014-12-09T10:57:53","guid":{"rendered":"https:\/\/sharks.ee\/vunder_2019.klient.veebimajutus.ee\/?post_type=product&#038;p=61119"},"modified":"2014-12-09T12:57:53","modified_gmt":"2014-12-09T10:57:53","slug":"lineals-maped-geometric-ar-rokturi","status":"publish","type":"product","link":"https:\/\/hobstop.ee\/lv\/produkts\/lineals-maped-geometric-ar-rokturi\/","title":{"rendered":"Line\u0101ls Maped Geometric ar rokturi"},"content":{"rendered":"<p>Maped Geometric line\u0101ls ar ergonomisku un tehnisku dizainu. Augstas kavalit\u0101tes mar\u0137\u0113jums -lai nodro\u0161in\u0101tu maksim\u0101lo iztur\u012bbu ieda\u013c\u0101m ir izmatota UV tinte.<\/p>\n","protected":false},"excerpt":{"rendered":"<p>Maped Geometric line\u0101ls ar ergonomisku un tehnisku dizainu. Augstas kavalit\u0101tes mar\u0137\u0113jums -lai nodro\u0161in\u0101tu maksim\u0101lo iztur\u012bbu ieda\u013c\u0101m ir izmatota UV tinte.<\/p>\n","protected":false},"featured_media":113783,"comment_status":"closed","ping_status":"closed","template":"","meta":{"_acf_changed":false,"ep_exclude_from_search":false},"product_cat":[19821,17916,19818],"product_tag":[],"class_list":{"0":"post-61119","1":"product","2":"type-product","3":"status-publish","4":"has-post-thumbnail","6":"product_cat-lineali-trissturi-un-transportieri","7":"product_cat-preces-skolai","8":"product_cat-rasesanas-piederumi","10":"first","11":"instock","12":"taxable","13":"shipping-taxable","14":"purchasable","15":"product-type-variable"},"acf":[],"yoast_head":"<!-- This site is optimized with the Yoast SEO plugin v24.1 - https:\/\/yoast.com\/wordpress\/plugins\/seo\/ -->\n<title>Line\u0101ls Maped Geometric ar rokturi &#8211; Skizze<\/title>\n<meta name=\"robots\" content=\"noindex, follow, max-snippet:-1, max-image-preview:large, max-video-preview:-1\" \/>\n<meta property=\"og:locale\" content=\"lv_LV\" \/>\n<meta property=\"og:type\" content=\"article\" \/>\n<meta property=\"og:title\" content=\"Line\u0101ls Maped Geometric ar rokturi &#8211; Skizze\" \/>\n<meta property=\"og:description\" content=\"Maped Geometric line\u0101ls ar ergonomisku un tehnisku dizainu. Augstas kavalit\u0101tes mar\u0137\u0113jums -lai nodro\u0161in\u0101tu maksim\u0101lo iztur\u012bbu ieda\u013c\u0101m ir izmatota UV tinte.\" \/>\n<meta property=\"og:url\" content=\"https:\/\/hobstop.ee\/lv\/produkts\/lineals-maped-geometric-ar-rokturi\/\" \/>\n<meta property=\"og:site_name\" content=\"Skizze\" \/>\n<meta property=\"article:publisher\" content=\"http:\/\/www.facebook.com\/VunderSkizze\" \/>\n<meta property=\"og:image\" content=\"https:\/\/hobstop.ee\/media\/2205.jpg\" \/>\n\t<meta property=\"og:image:width\" content=\"1024\" \/>\n\t<meta property=\"og:image:height\" content=\"768\" \/>\n\t<meta property=\"og:image:type\" content=\"image\/jpeg\" \/>\n<meta name=\"twitter:card\" content=\"summary_large_image\" \/>\n<script type=\"application\/ld+json\" class=\"yoast-schema-graph\">{\"@context\":\"https:\/\/schema.org\",\"@graph\":[{\"@type\":\"WebPage\",\"@id\":\"https:\/\/hobstop.ee\/lv\/produkts\/lineals-maped-geometric-ar-rokturi\/\",\"url\":\"https:\/\/hobstop.ee\/lv\/produkts\/lineals-maped-geometric-ar-rokturi\/\",\"name\":\"Line\u0101ls Maped Geometric ar rokturi &#8211; Skizze\",\"isPartOf\":{\"@id\":\"https:\/\/hobstop.ee\/lv\/#website\"},\"primaryImageOfPage\":{\"@id\":\"https:\/\/hobstop.ee\/lv\/produkts\/lineals-maped-geometric-ar-rokturi\/#primaryimage\"},\"image\":{\"@id\":\"https:\/\/hobstop.ee\/lv\/produkts\/lineals-maped-geometric-ar-rokturi\/#primaryimage\"},\"thumbnailUrl\":\"https:\/\/hobstop.ee\/media\/2205.jpg\",\"datePublished\":\"2014-12-09T10:57:53+00:00\",\"dateModified\":\"2014-12-09T10:57:53+00:00\",\"breadcrumb\":{\"@id\":\"https:\/\/hobstop.ee\/lv\/produkts\/lineals-maped-geometric-ar-rokturi\/#breadcrumb\"},\"inLanguage\":\"lv-LV\",\"potentialAction\":[{\"@type\":\"ReadAction\",\"target\":[\"https:\/\/hobstop.ee\/lv\/produkts\/lineals-maped-geometric-ar-rokturi\/\"]}]},{\"@type\":\"ImageObject\",\"inLanguage\":\"lv-LV\",\"@id\":\"https:\/\/hobstop.ee\/lv\/produkts\/lineals-maped-geometric-ar-rokturi\/#primaryimage\",\"url\":\"https:\/\/hobstop.ee\/media\/2205.jpg\",\"contentUrl\":\"https:\/\/hobstop.ee\/media\/2205.jpg\",\"width\":1024,\"height\":768},{\"@type\":\"BreadcrumbList\",\"@id\":\"https:\/\/hobstop.ee\/lv\/produkts\/lineals-maped-geometric-ar-rokturi\/#breadcrumb\",\"itemListElement\":[{\"@type\":\"ListItem\",\"position\":1,\"name\":\"Avaleht\",\"item\":\"https:\/\/www.hobstop.ee\/lv\/\"},{\"@type\":\"ListItem\",\"position\":2,\"name\":\"Veikals\",\"item\":\"https:\/\/www.hobstop.ee\/lv\/veikals\/\"},{\"@type\":\"ListItem\",\"position\":3,\"name\":\"Line\u0101ls Maped Geometric ar rokturi\"}]},{\"@type\":\"WebSite\",\"@id\":\"https:\/\/hobstop.ee\/lv\/#website\",\"url\":\"https:\/\/hobstop.ee\/lv\/\",\"name\":\"Skizze\",\"description\":\"M\u0101kslas, hobiju un skolas preces\",\"publisher\":{\"@id\":\"https:\/\/hobstop.ee\/lv\/#organization\"},\"potentialAction\":[{\"@type\":\"SearchAction\",\"target\":{\"@type\":\"EntryPoint\",\"urlTemplate\":\"https:\/\/hobstop.ee\/lv\/?s={search_term_string}\"},\"query-input\":{\"@type\":\"PropertyValueSpecification\",\"valueRequired\":true,\"valueName\":\"search_term_string\"}}],\"inLanguage\":\"lv-LV\"},{\"@type\":\"Organization\",\"@id\":\"https:\/\/hobstop.ee\/lv\/#organization\",\"name\":\"Vunder AS\",\"url\":\"https:\/\/hobstop.ee\/lv\/\",\"logo\":{\"@type\":\"ImageObject\",\"inLanguage\":\"lv-LV\",\"@id\":\"https:\/\/hobstop.ee\/lv\/#\/schema\/logo\/image\/\",\"url\":\"https:\/\/hobstop.ee\/media\/vunder-logo.png\",\"contentUrl\":\"https:\/\/hobstop.ee\/media\/vunder-logo.png\",\"width\":127,\"height\":55,\"caption\":\"Vunder AS\"},\"image\":{\"@id\":\"https:\/\/hobstop.ee\/lv\/#\/schema\/logo\/image\/\"},\"sameAs\":[\"http:\/\/www.facebook.com\/VunderSkizze\"]}]}<\/script>\n<!-- \/ Yoast SEO plugin. -->","yoast_head_json":{"title":"Line\u0101ls Maped Geometric ar rokturi &#8211; Skizze","robots":{"index":"noindex","follow":"follow","max-snippet":"max-snippet:-1","max-image-preview":"max-image-preview:large","max-video-preview":"max-video-preview:-1"},"og_locale":"lv_LV","og_type":"article","og_title":"Line\u0101ls Maped Geometric ar rokturi &#8211; Skizze","og_description":"Maped Geometric line\u0101ls ar ergonomisku un tehnisku dizainu. Augstas kavalit\u0101tes mar\u0137\u0113jums -lai nodro\u0161in\u0101tu maksim\u0101lo iztur\u012bbu ieda\u013c\u0101m ir izmatota UV tinte.","og_url":"https:\/\/hobstop.ee\/lv\/produkts\/lineals-maped-geometric-ar-rokturi\/","og_site_name":"Skizze","article_publisher":"http:\/\/www.facebook.com\/VunderSkizze","og_image":[{"width":1024,"height":768,"url":"https:\/\/hobstop.ee\/media\/2205.jpg","type":"image\/jpeg"}],"twitter_card":"summary_large_image","schema":{"@context":"https:\/\/schema.org","@graph":[{"@type":"WebPage","@id":"https:\/\/hobstop.ee\/lv\/produkts\/lineals-maped-geometric-ar-rokturi\/","url":"https:\/\/hobstop.ee\/lv\/produkts\/lineals-maped-geometric-ar-rokturi\/","name":"Line\u0101ls Maped Geometric ar rokturi &#8211; Skizze","isPartOf":{"@id":"https:\/\/hobstop.ee\/lv\/#website"},"primaryImageOfPage":{"@id":"https:\/\/hobstop.ee\/lv\/produkts\/lineals-maped-geometric-ar-rokturi\/#primaryimage"},"image":{"@id":"https:\/\/hobstop.ee\/lv\/produkts\/lineals-maped-geometric-ar-rokturi\/#primaryimage"},"thumbnailUrl":"https:\/\/hobstop.ee\/media\/2205.jpg","datePublished":"2014-12-09T10:57:53+00:00","dateModified":"2014-12-09T10:57:53+00:00","breadcrumb":{"@id":"https:\/\/hobstop.ee\/lv\/produkts\/lineals-maped-geometric-ar-rokturi\/#breadcrumb"},"inLanguage":"lv-LV","potentialAction":[{"@type":"ReadAction","target":["https:\/\/hobstop.ee\/lv\/produkts\/lineals-maped-geometric-ar-rokturi\/"]}]},{"@type":"ImageObject","inLanguage":"lv-LV","@id":"https:\/\/hobstop.ee\/lv\/produkts\/lineals-maped-geometric-ar-rokturi\/#primaryimage","url":"https:\/\/hobstop.ee\/media\/2205.jpg","contentUrl":"https:\/\/hobstop.ee\/media\/2205.jpg","width":1024,"height":768},{"@type":"BreadcrumbList","@id":"https:\/\/hobstop.ee\/lv\/produkts\/lineals-maped-geometric-ar-rokturi\/#breadcrumb","itemListElement":[{"@type":"ListItem","position":1,"name":"Avaleht","item":"https:\/\/www.hobstop.ee\/lv\/"},{"@type":"ListItem","position":2,"name":"Veikals","item":"https:\/\/www.hobstop.ee\/lv\/veikals\/"},{"@type":"ListItem","position":3,"name":"Line\u0101ls Maped Geometric ar rokturi"}]},{"@type":"WebSite","@id":"https:\/\/hobstop.ee\/lv\/#website","url":"https:\/\/hobstop.ee\/lv\/","name":"Skizze","description":"M\u0101kslas, hobiju un skolas preces","publisher":{"@id":"https:\/\/hobstop.ee\/lv\/#organization"},"potentialAction":[{"@type":"SearchAction","target":{"@type":"EntryPoint","urlTemplate":"https:\/\/hobstop.ee\/lv\/?s={search_term_string}"},"query-input":{"@type":"PropertyValueSpecification","valueRequired":true,"valueName":"search_term_string"}}],"inLanguage":"lv-LV"},{"@type":"Organization","@id":"https:\/\/hobstop.ee\/lv\/#organization","name":"Vunder AS","url":"https:\/\/hobstop.ee\/lv\/","logo":{"@type":"ImageObject","inLanguage":"lv-LV","@id":"https:\/\/hobstop.ee\/lv\/#\/schema\/logo\/image\/","url":"https:\/\/hobstop.ee\/media\/vunder-logo.png","contentUrl":"https:\/\/hobstop.ee\/media\/vunder-logo.png","width":127,"height":55,"caption":"Vunder AS"},"image":{"@id":"https:\/\/hobstop.ee\/lv\/#\/schema\/logo\/image\/"},"sameAs":["http:\/\/www.facebook.com\/VunderSkizze"]}]}},"_links":{"self":[{"href":"https:\/\/hobstop.ee\/lv\/wp-json\/wp\/v2\/product\/61119","targetHints":{"allow":["GET"]}}],"collection":[{"href":"https:\/\/hobstop.ee\/lv\/wp-json\/wp\/v2\/product"}],"about":[{"href":"https:\/\/hobstop.ee\/lv\/wp-json\/wp\/v2\/types\/product"}],"replies":[{"embeddable":true,"href":"https:\/\/hobstop.ee\/lv\/wp-json\/wp\/v2\/comments?post=61119"}],"wp:featuredmedia":[{"embeddable":true,"href":"https:\/\/hobstop.ee\/lv\/wp-json\/wp\/v2\/media\/113783"}],"wp:attachment":[{"href":"https:\/\/hobstop.ee\/lv\/wp-json\/wp\/v2\/media?parent=61119"}],"wp:term":[{"taxonomy":"product_cat","embeddable":true,"href":"https:\/\/hobstop.ee\/lv\/wp-json\/wp\/v2\/product_cat?post=61119"},{"taxonomy":"product_tag","embeddable":true,"href":"https:\/\/hobstop.ee\/lv\/wp-json\/wp\/v2\/product_tag?post=61119"}],"curies":[{"name":"wp","href":"https:\/\/api.w.org\/{rel}","templated":true}]}}