{"id":61122,"date":"2014-12-09T12:57:54","date_gmt":"2014-12-09T10:57:54","guid":{"rendered":"https:\/\/sharks.ee\/vunder_2019.klient.veebimajutus.ee\/?post_type=product&#038;p=61122"},"modified":"2014-12-09T12:57:54","modified_gmt":"2014-12-09T10:57:54","slug":"krasa-tekstilam-marabu-textil-15ml","status":"publish","type":"product","link":"https:\/\/hobstop.ee\/lv\/produkts\/krasa-tekstilam-marabu-textil-15ml\/","title":{"rendered":"Kr\u0101sa tekstilam Marabu Textil 15ml"},"content":{"rendered":"<p>Uz \u016bdens b\u0101zes izgatavota, univers\u0101la kr\u0101sa gai\u0161a auduma apdrukai un apglezno\u0161anai, ide\u0101li piem\u0113rota izmanto\u0161anai skol\u0101s, amatniec\u012bb\u0101, rokdarbos un lieti\u0161\u0137aj\u0101 m\u0101ksl\u0101.  P\u0113c nostiprin\u0101\u0161anas (gludinot vai kr\u0101sn\u012b 150\u00b0C\/8min) ar Marabu Textil dekor\u0113tos audumus var mazg\u0101t ve\u013cas ma\u0161\u012bn\u0101.  Kr\u0101sas ir \u013coti notur\u012bgas, t\u0101s var jaukt sav\u0101 starp\u0101 un \u0161\u0137\u012bdin\u0101t \u016bden\u012b.  Marabu Textil kr\u0101sas nodro\u0161ina lielisku gai\u0161u audumu nokl\u0101jo\u0161u efektu.  Tum\u0161u audumu kr\u0101so\u0161anai iesak\u0101m lietot Marabu Textil Plus kr\u0101sas.  Marabu Textil ir piem\u0113rota visa veida kokvilnas, lina, d\u017eutas, z\u012bda un nep\u0101rkl\u0101tu jaukto audumu (ar max sint\u0113tisk\u0101s \u0161\u0137iedras saturu 20%) kr\u0101so\u0161anai, ta\u010du t\u0101s neder trikot\u0101\u017eas izstr\u0101d\u0101jumu kr\u0101so\u0161anai.  Marabu Textil ir viegli uzkl\u0101jama un nepadara audumu cietu.<\/p>\n","protected":false},"excerpt":{"rendered":"<p>Uz \u016bdens b\u0101zes izgatavota, univers\u0101la kr\u0101sa gai\u0161a auduma apdrukai un apglezno\u0161anai, ide\u0101li piem\u0113rota izmanto\u0161anai skol\u0101s, amatniec\u012bb\u0101, rokdarbos un lieti\u0161\u0137aj\u0101 m\u0101ksl\u0101. P\u0113c nostiprin\u0101\u0161anas (gludinot vai kr\u0101sn\u012b 150\u00b0C\/8min) ar Marabu Textil dekor\u0113tos audumus var mazg\u0101t ve\u013cas ma\u0161\u012bn\u0101. Kr\u0101sas ir \u013coti notur\u012bgas, t\u0101s var jaukt sav\u0101 starp\u0101 un \u0161\u0137\u012bdin\u0101t \u016bden\u012b. Marabu Textil kr\u0101sas nodro\u0161ina lielisku gai\u0161u audumu nokl\u0101jo\u0161u efektu. Tum\u0161u audumu kr\u0101so\u0161anai iesak\u0101m lietot Marabu Textil Plus kr\u0101sas. Marabu Textil ir piem\u0113rota visa veida kokvilnas, lina, d\u017eutas, z\u012bda un nep\u0101rkl\u0101tu jaukto audumu (ar max sint\u0113tisk\u0101s \u0161\u0137iedras saturu 20%) kr\u0101so\u0161anai, ta\u010du t\u0101s neder trikot\u0101\u017eas izstr\u0101d\u0101jumu kr\u0101so\u0161anai. Marabu Textil ir viegli uzkl\u0101jama un nepadara audumu cietu.<\/p>\n","protected":false},"featured_media":352719,"comment_status":"closed","ping_status":"closed","template":"","meta":{"_acf_changed":false,"ep_exclude_from_search":false},"product_cat":[18212,17918,17956],"product_tag":[],"class_list":{"0":"post-61122","1":"product","2":"type-product","3":"status-publish","4":"has-post-thumbnail","6":"product_cat-krasas-gleznosanai-uz-auduma","7":"product_cat-preces-hobijiem","8":"product_cat-tekstilam","10":"first","11":"instock","12":"sale","13":"taxable","14":"shipping-taxable","15":"purchasable","16":"product-type-variable"},"acf":[],"yoast_head":"<!-- This site is optimized with the Yoast SEO plugin v24.1 - https:\/\/yoast.com\/wordpress\/plugins\/seo\/ -->\n<title>Kr\u0101sa tekstilam Marabu Textil 15ml &#8211; Skizze<\/title>\n<meta name=\"robots\" content=\"noindex, follow, max-snippet:-1, max-image-preview:large, max-video-preview:-1\" \/>\n<meta property=\"og:locale\" content=\"lv_LV\" \/>\n<meta property=\"og:type\" content=\"article\" \/>\n<meta property=\"og:title\" content=\"Kr\u0101sa tekstilam Marabu Textil 15ml &#8211; Skizze\" \/>\n<meta property=\"og:description\" content=\"Uz \u016bdens b\u0101zes izgatavota, univers\u0101la kr\u0101sa gai\u0161a auduma apdrukai un apglezno\u0161anai, ide\u0101li piem\u0113rota izmanto\u0161anai skol\u0101s, amatniec\u012bb\u0101, rokdarbos un lieti\u0161\u0137aj\u0101 m\u0101ksl\u0101. P\u0113c nostiprin\u0101\u0161anas (gludinot vai kr\u0101sn\u012b 150\u00b0C\/8min) ar Marabu Textil dekor\u0113tos audumus var mazg\u0101t ve\u013cas ma\u0161\u012bn\u0101. Kr\u0101sas ir \u013coti notur\u012bgas, t\u0101s var jaukt sav\u0101 starp\u0101 un \u0161\u0137\u012bdin\u0101t \u016bden\u012b. Marabu Textil kr\u0101sas nodro\u0161ina lielisku gai\u0161u audumu nokl\u0101jo\u0161u efektu. Tum\u0161u audumu kr\u0101so\u0161anai iesak\u0101m lietot Marabu Textil Plus kr\u0101sas. Marabu Textil ir piem\u0113rota visa veida kokvilnas, lina, d\u017eutas, z\u012bda un nep\u0101rkl\u0101tu jaukto audumu (ar max sint\u0113tisk\u0101s \u0161\u0137iedras saturu 20%) kr\u0101so\u0161anai, ta\u010du t\u0101s neder trikot\u0101\u017eas izstr\u0101d\u0101jumu kr\u0101so\u0161anai. Marabu Textil ir viegli uzkl\u0101jama un nepadara audumu cietu.\" \/>\n<meta property=\"og:url\" content=\"https:\/\/hobstop.ee\/lv\/produkts\/krasa-tekstilam-marabu-textil-15ml\/\" \/>\n<meta property=\"og:site_name\" content=\"Skizze\" \/>\n<meta property=\"article:publisher\" content=\"http:\/\/www.facebook.com\/VunderSkizze\" \/>\n<meta property=\"og:image\" content=\"https:\/\/www.hobstop.ee\/media\/2207.jpg\" \/>\n\t<meta property=\"og:image:width\" content=\"1024\" \/>\n\t<meta property=\"og:image:height\" content=\"768\" \/>\n\t<meta property=\"og:image:type\" content=\"image\/jpeg\" \/>\n<meta name=\"twitter:card\" content=\"summary_large_image\" \/>\n<meta name=\"twitter:label1\" content=\"Est. reading time\" \/>\n\t<meta name=\"twitter:data1\" content=\"1 min\u016b\u0161u\" \/>\n<script type=\"application\/ld+json\" class=\"yoast-schema-graph\">{\"@context\":\"https:\/\/schema.org\",\"@graph\":[{\"@type\":\"WebPage\",\"@id\":\"https:\/\/hobstop.ee\/lv\/produkts\/krasa-tekstilam-marabu-textil-15ml\/\",\"url\":\"https:\/\/hobstop.ee\/lv\/produkts\/krasa-tekstilam-marabu-textil-15ml\/\",\"name\":\"Kr\u0101sa tekstilam Marabu Textil 15ml &#8211; Skizze\",\"isPartOf\":{\"@id\":\"https:\/\/hobstop.ee\/lv\/#website\"},\"primaryImageOfPage\":{\"@id\":\"https:\/\/hobstop.ee\/lv\/produkts\/krasa-tekstilam-marabu-textil-15ml\/#primaryimage\"},\"image\":{\"@id\":\"https:\/\/hobstop.ee\/lv\/produkts\/krasa-tekstilam-marabu-textil-15ml\/#primaryimage\"},\"thumbnailUrl\":\"https:\/\/hobstop.ee\/media\/2207.jpg\",\"datePublished\":\"2014-12-09T10:57:54+00:00\",\"dateModified\":\"2014-12-09T10:57:54+00:00\",\"breadcrumb\":{\"@id\":\"https:\/\/hobstop.ee\/lv\/produkts\/krasa-tekstilam-marabu-textil-15ml\/#breadcrumb\"},\"inLanguage\":\"lv-LV\",\"potentialAction\":[{\"@type\":\"ReadAction\",\"target\":[\"https:\/\/hobstop.ee\/lv\/produkts\/krasa-tekstilam-marabu-textil-15ml\/\"]}]},{\"@type\":\"ImageObject\",\"inLanguage\":\"lv-LV\",\"@id\":\"https:\/\/hobstop.ee\/lv\/produkts\/krasa-tekstilam-marabu-textil-15ml\/#primaryimage\",\"url\":\"https:\/\/hobstop.ee\/media\/2207.jpg\",\"contentUrl\":\"https:\/\/hobstop.ee\/media\/2207.jpg\",\"width\":1024,\"height\":768},{\"@type\":\"BreadcrumbList\",\"@id\":\"https:\/\/hobstop.ee\/lv\/produkts\/krasa-tekstilam-marabu-textil-15ml\/#breadcrumb\",\"itemListElement\":[{\"@type\":\"ListItem\",\"position\":1,\"name\":\"Avaleht\",\"item\":\"https:\/\/www.hobstop.ee\/lv\/\"},{\"@type\":\"ListItem\",\"position\":2,\"name\":\"Veikals\",\"item\":\"https:\/\/www.hobstop.ee\/lv\/veikals\/\"},{\"@type\":\"ListItem\",\"position\":3,\"name\":\"Kr\u0101sa tekstilam Marabu Textil 15ml\"}]},{\"@type\":\"WebSite\",\"@id\":\"https:\/\/hobstop.ee\/lv\/#website\",\"url\":\"https:\/\/hobstop.ee\/lv\/\",\"name\":\"Skizze\",\"description\":\"M\u0101kslas, hobiju un skolas preces\",\"publisher\":{\"@id\":\"https:\/\/hobstop.ee\/lv\/#organization\"},\"potentialAction\":[{\"@type\":\"SearchAction\",\"target\":{\"@type\":\"EntryPoint\",\"urlTemplate\":\"https:\/\/hobstop.ee\/lv\/?s={search_term_string}\"},\"query-input\":{\"@type\":\"PropertyValueSpecification\",\"valueRequired\":true,\"valueName\":\"search_term_string\"}}],\"inLanguage\":\"lv-LV\"},{\"@type\":\"Organization\",\"@id\":\"https:\/\/hobstop.ee\/lv\/#organization\",\"name\":\"Vunder AS\",\"url\":\"https:\/\/hobstop.ee\/lv\/\",\"logo\":{\"@type\":\"ImageObject\",\"inLanguage\":\"lv-LV\",\"@id\":\"https:\/\/hobstop.ee\/lv\/#\/schema\/logo\/image\/\",\"url\":\"https:\/\/hobstop.ee\/media\/vunder-logo.png\",\"contentUrl\":\"https:\/\/hobstop.ee\/media\/vunder-logo.png\",\"width\":127,\"height\":55,\"caption\":\"Vunder AS\"},\"image\":{\"@id\":\"https:\/\/hobstop.ee\/lv\/#\/schema\/logo\/image\/\"},\"sameAs\":[\"http:\/\/www.facebook.com\/VunderSkizze\"]}]}<\/script>\n<!-- \/ Yoast SEO plugin. -->","yoast_head_json":{"title":"Kr\u0101sa tekstilam Marabu Textil 15ml &#8211; Skizze","robots":{"index":"noindex","follow":"follow","max-snippet":"max-snippet:-1","max-image-preview":"max-image-preview:large","max-video-preview":"max-video-preview:-1"},"og_locale":"lv_LV","og_type":"article","og_title":"Kr\u0101sa tekstilam Marabu Textil 15ml &#8211; Skizze","og_description":"Uz \u016bdens b\u0101zes izgatavota, univers\u0101la kr\u0101sa gai\u0161a auduma apdrukai un apglezno\u0161anai, ide\u0101li piem\u0113rota izmanto\u0161anai skol\u0101s, amatniec\u012bb\u0101, rokdarbos un lieti\u0161\u0137aj\u0101 m\u0101ksl\u0101. P\u0113c nostiprin\u0101\u0161anas (gludinot vai kr\u0101sn\u012b 150\u00b0C\/8min) ar Marabu Textil dekor\u0113tos audumus var mazg\u0101t ve\u013cas ma\u0161\u012bn\u0101. Kr\u0101sas ir \u013coti notur\u012bgas, t\u0101s var jaukt sav\u0101 starp\u0101 un \u0161\u0137\u012bdin\u0101t \u016bden\u012b. Marabu Textil kr\u0101sas nodro\u0161ina lielisku gai\u0161u audumu nokl\u0101jo\u0161u efektu. Tum\u0161u audumu kr\u0101so\u0161anai iesak\u0101m lietot Marabu Textil Plus kr\u0101sas. Marabu Textil ir piem\u0113rota visa veida kokvilnas, lina, d\u017eutas, z\u012bda un nep\u0101rkl\u0101tu jaukto audumu (ar max sint\u0113tisk\u0101s \u0161\u0137iedras saturu 20%) kr\u0101so\u0161anai, ta\u010du t\u0101s neder trikot\u0101\u017eas izstr\u0101d\u0101jumu kr\u0101so\u0161anai. Marabu Textil ir viegli uzkl\u0101jama un nepadara audumu cietu.","og_url":"https:\/\/hobstop.ee\/lv\/produkts\/krasa-tekstilam-marabu-textil-15ml\/","og_site_name":"Skizze","article_publisher":"http:\/\/www.facebook.com\/VunderSkizze","og_image":[{"width":1024,"height":768,"url":"https:\/\/www.hobstop.ee\/media\/2207.jpg","type":"image\/jpeg"}],"twitter_card":"summary_large_image","twitter_misc":{"Est. reading time":"1 min\u016b\u0161u"},"schema":{"@context":"https:\/\/schema.org","@graph":[{"@type":"WebPage","@id":"https:\/\/hobstop.ee\/lv\/produkts\/krasa-tekstilam-marabu-textil-15ml\/","url":"https:\/\/hobstop.ee\/lv\/produkts\/krasa-tekstilam-marabu-textil-15ml\/","name":"Kr\u0101sa tekstilam Marabu Textil 15ml &#8211; Skizze","isPartOf":{"@id":"https:\/\/hobstop.ee\/lv\/#website"},"primaryImageOfPage":{"@id":"https:\/\/hobstop.ee\/lv\/produkts\/krasa-tekstilam-marabu-textil-15ml\/#primaryimage"},"image":{"@id":"https:\/\/hobstop.ee\/lv\/produkts\/krasa-tekstilam-marabu-textil-15ml\/#primaryimage"},"thumbnailUrl":"https:\/\/hobstop.ee\/media\/2207.jpg","datePublished":"2014-12-09T10:57:54+00:00","dateModified":"2014-12-09T10:57:54+00:00","breadcrumb":{"@id":"https:\/\/hobstop.ee\/lv\/produkts\/krasa-tekstilam-marabu-textil-15ml\/#breadcrumb"},"inLanguage":"lv-LV","potentialAction":[{"@type":"ReadAction","target":["https:\/\/hobstop.ee\/lv\/produkts\/krasa-tekstilam-marabu-textil-15ml\/"]}]},{"@type":"ImageObject","inLanguage":"lv-LV","@id":"https:\/\/hobstop.ee\/lv\/produkts\/krasa-tekstilam-marabu-textil-15ml\/#primaryimage","url":"https:\/\/hobstop.ee\/media\/2207.jpg","contentUrl":"https:\/\/hobstop.ee\/media\/2207.jpg","width":1024,"height":768},{"@type":"BreadcrumbList","@id":"https:\/\/hobstop.ee\/lv\/produkts\/krasa-tekstilam-marabu-textil-15ml\/#breadcrumb","itemListElement":[{"@type":"ListItem","position":1,"name":"Avaleht","item":"https:\/\/www.hobstop.ee\/lv\/"},{"@type":"ListItem","position":2,"name":"Veikals","item":"https:\/\/www.hobstop.ee\/lv\/veikals\/"},{"@type":"ListItem","position":3,"name":"Kr\u0101sa tekstilam Marabu Textil 15ml"}]},{"@type":"WebSite","@id":"https:\/\/hobstop.ee\/lv\/#website","url":"https:\/\/hobstop.ee\/lv\/","name":"Skizze","description":"M\u0101kslas, hobiju un skolas preces","publisher":{"@id":"https:\/\/hobstop.ee\/lv\/#organization"},"potentialAction":[{"@type":"SearchAction","target":{"@type":"EntryPoint","urlTemplate":"https:\/\/hobstop.ee\/lv\/?s={search_term_string}"},"query-input":{"@type":"PropertyValueSpecification","valueRequired":true,"valueName":"search_term_string"}}],"inLanguage":"lv-LV"},{"@type":"Organization","@id":"https:\/\/hobstop.ee\/lv\/#organization","name":"Vunder AS","url":"https:\/\/hobstop.ee\/lv\/","logo":{"@type":"ImageObject","inLanguage":"lv-LV","@id":"https:\/\/hobstop.ee\/lv\/#\/schema\/logo\/image\/","url":"https:\/\/hobstop.ee\/media\/vunder-logo.png","contentUrl":"https:\/\/hobstop.ee\/media\/vunder-logo.png","width":127,"height":55,"caption":"Vunder AS"},"image":{"@id":"https:\/\/hobstop.ee\/lv\/#\/schema\/logo\/image\/"},"sameAs":["http:\/\/www.facebook.com\/VunderSkizze"]}]}},"_links":{"self":[{"href":"https:\/\/hobstop.ee\/lv\/wp-json\/wp\/v2\/product\/61122","targetHints":{"allow":["GET"]}}],"collection":[{"href":"https:\/\/hobstop.ee\/lv\/wp-json\/wp\/v2\/product"}],"about":[{"href":"https:\/\/hobstop.ee\/lv\/wp-json\/wp\/v2\/types\/product"}],"replies":[{"embeddable":true,"href":"https:\/\/hobstop.ee\/lv\/wp-json\/wp\/v2\/comments?post=61122"}],"wp:featuredmedia":[{"embeddable":true,"href":"https:\/\/hobstop.ee\/lv\/wp-json\/wp\/v2\/media\/352719"}],"wp:attachment":[{"href":"https:\/\/hobstop.ee\/lv\/wp-json\/wp\/v2\/media?parent=61122"}],"wp:term":[{"taxonomy":"product_cat","embeddable":true,"href":"https:\/\/hobstop.ee\/lv\/wp-json\/wp\/v2\/product_cat?post=61122"},{"taxonomy":"product_tag","embeddable":true,"href":"https:\/\/hobstop.ee\/lv\/wp-json\/wp\/v2\/product_tag?post=61122"}],"curies":[{"name":"wp","href":"https:\/\/api.w.org\/{rel}","templated":true}]}}