{"id":61158,"date":"2014-12-09T12:58:02","date_gmt":"2014-12-09T10:58:02","guid":{"rendered":"https:\/\/sharks.ee\/vunder_2019.klient.veebimajutus.ee\/?post_type=product&#038;p=61158"},"modified":"2014-12-09T12:58:02","modified_gmt":"2014-12-09T10:58:02","slug":"putuplasts-canson-plume","status":"publish","type":"product","link":"https:\/\/hobstop.ee\/lv\/produkts\/putuplasts-canson-plume\/","title":{"rendered":"Putuplasts Canson Plume"},"content":{"rendered":"<p>\u0160\u012bs \u012bpa\u0161i kvalitat\u012bv\u0101s, ciet\u0101s un viegl\u0101s kartona loksnes ir izgatavotas no poliuret\u0101na, t\u0101s ir piem\u0113rotas jebkura tipa l\u012bmes (gan \u0161\u0137\u012bdin\u0101t\u0101jus saturo\u0161as, gan nesaturo\u0161as) lieto\u0161anai un no ab\u0101m pus\u0113m ir p\u0101rkl\u0101tas ar mat\u0113tu pap\u012bru. Polyurethane Carton Plume ir slavens ar sav\u0101m lieliskaj\u0101m tehniskaj\u0101m \u012bpa\u0161\u012bb\u0101m un nodro\u0161ina J\u016bsu darbam ilg\u0101ku m\u016b\u017eu. Tas ir piln\u012bgi l\u012bdzens, dimension\u0101li stabils un iztur\u012bgs pret augst\u0101m temperat\u016br\u0101m. Materi\u0101la augstais bl\u012bvums nodro\u0161ina lielisku stingr\u012bbu, k\u0101 ar\u012b prec\u012bzas un t\u012bras griezuma l\u012bnijas. Ide\u0101li piem\u0113rots visiem darbiem \u2013 no visvienk\u0101r\u0161\u0101kajiem l\u012bdz pat vissare\u017e\u0123\u012bt\u0101kajiem:  darbu nostiprin\u0101\u0161anai, dekor\u0113\u0161anai, 3D model\u0113\u0161anai, inform\u0101cijas z\u012bm\u0113m, virziena r\u0101d\u012bt\u0101jiem izst\u0101d\u0113s&#8230;<\/p>\n","protected":false},"excerpt":{"rendered":"<p>\u0160\u012bs \u012bpa\u0161i kvalitat\u012bv\u0101s, ciet\u0101s un viegl\u0101s kartona loksnes ir izgatavotas no poliuret\u0101na, t\u0101s ir piem\u0113rotas jebkura tipa l\u012bmes (gan \u0161\u0137\u012bdin\u0101t\u0101jus saturo\u0161as, gan nesaturo\u0161as) lieto\u0161anai un no ab\u0101m pus\u0113m ir p\u0101rkl\u0101tas ar mat\u0113tu pap\u012bru. Polyurethane Carton Plume ir slavens ar sav\u0101m lieliskaj\u0101m tehniskaj\u0101m \u012bpa\u0161\u012bb\u0101m un nodro\u0161ina J\u016bsu darbam ilg\u0101ku m\u016b\u017eu. Tas ir piln\u012bgi l\u012bdzens, dimension\u0101li stabils un iztur\u012bgs pret augst\u0101m temperat\u016br\u0101m. Materi\u0101la augstais bl\u012bvums nodro\u0161ina lielisku stingr\u012bbu, k\u0101 ar\u012b prec\u012bzas un t\u012bras griezuma l\u012bnijas. Ide\u0101li piem\u0113rots visiem darbiem \u2013 no visvienk\u0101r\u0161\u0101kajiem l\u012bdz pat vissare\u017e\u0123\u012bt\u0101kajiem: darbu nostiprin\u0101\u0161anai, dekor\u0113\u0161anai, 3D model\u0113\u0161anai, inform\u0101cijas z\u012bm\u0113m, virziena r\u0101d\u012bt\u0101jiem izst\u0101d\u0113s&#8230;<\/p>\n","protected":false},"featured_media":293857,"comment_status":"closed","ping_status":"closed","template":"","meta":{"_acf_changed":false,"ep_exclude_from_search":false},"product_cat":[19932,17921],"product_tag":[],"class_list":{"0":"post-61158","1":"product","2":"type-product","3":"status-publish","4":"has-post-thumbnail","6":"product_cat-dazadi-42","7":"product_cat-papira-izstradajumi","9":"first","10":"outofstock","11":"taxable","12":"shipping-taxable","13":"purchasable","14":"product-type-variable"},"acf":[],"yoast_head":"<!-- This site is optimized with the Yoast SEO plugin v24.1 - https:\/\/yoast.com\/wordpress\/plugins\/seo\/ -->\n<title>Putuplasts Canson Plume &#8211; Skizze<\/title>\n<meta name=\"robots\" content=\"noindex, follow, max-snippet:-1, max-image-preview:large, max-video-preview:-1\" \/>\n<meta property=\"og:locale\" content=\"lv_LV\" \/>\n<meta property=\"og:type\" content=\"article\" \/>\n<meta property=\"og:title\" content=\"Putuplasts Canson Plume &#8211; Skizze\" \/>\n<meta property=\"og:description\" content=\"\u0160\u012bs \u012bpa\u0161i kvalitat\u012bv\u0101s, ciet\u0101s un viegl\u0101s kartona loksnes ir izgatavotas no poliuret\u0101na, t\u0101s ir piem\u0113rotas jebkura tipa l\u012bmes (gan \u0161\u0137\u012bdin\u0101t\u0101jus saturo\u0161as, gan nesaturo\u0161as) lieto\u0161anai un no ab\u0101m pus\u0113m ir p\u0101rkl\u0101tas ar mat\u0113tu pap\u012bru. Polyurethane Carton Plume ir slavens ar sav\u0101m lieliskaj\u0101m tehniskaj\u0101m \u012bpa\u0161\u012bb\u0101m un nodro\u0161ina J\u016bsu darbam ilg\u0101ku m\u016b\u017eu. Tas ir piln\u012bgi l\u012bdzens, dimension\u0101li stabils un iztur\u012bgs pret augst\u0101m temperat\u016br\u0101m. Materi\u0101la augstais bl\u012bvums nodro\u0161ina lielisku stingr\u012bbu, k\u0101 ar\u012b prec\u012bzas un t\u012bras griezuma l\u012bnijas. Ide\u0101li piem\u0113rots visiem darbiem \u2013 no visvienk\u0101r\u0161\u0101kajiem l\u012bdz pat vissare\u017e\u0123\u012bt\u0101kajiem: darbu nostiprin\u0101\u0161anai, dekor\u0113\u0161anai, 3D model\u0113\u0161anai, inform\u0101cijas z\u012bm\u0113m, virziena r\u0101d\u012bt\u0101jiem izst\u0101d\u0113s&#8230;\" \/>\n<meta property=\"og:url\" content=\"https:\/\/hobstop.ee\/lv\/produkts\/putuplasts-canson-plume\/\" \/>\n<meta property=\"og:site_name\" content=\"Skizze\" \/>\n<meta property=\"article:publisher\" content=\"http:\/\/www.facebook.com\/VunderSkizze\" \/>\n<meta property=\"og:image\" content=\"https:\/\/hobstop.ee\/media\/2235.jpg\" \/>\n\t<meta property=\"og:image:width\" content=\"1024\" \/>\n\t<meta property=\"og:image:height\" content=\"768\" \/>\n\t<meta property=\"og:image:type\" content=\"image\/jpeg\" \/>\n<meta name=\"twitter:card\" content=\"summary_large_image\" \/>\n<meta name=\"twitter:label1\" content=\"Est. reading time\" \/>\n\t<meta name=\"twitter:data1\" content=\"1 min\u016b\u0161u\" \/>\n<script type=\"application\/ld+json\" class=\"yoast-schema-graph\">{\"@context\":\"https:\/\/schema.org\",\"@graph\":[{\"@type\":\"WebPage\",\"@id\":\"https:\/\/hobstop.ee\/lv\/produkts\/putuplasts-canson-plume\/\",\"url\":\"https:\/\/hobstop.ee\/lv\/produkts\/putuplasts-canson-plume\/\",\"name\":\"Putuplasts Canson Plume &#8211; Skizze\",\"isPartOf\":{\"@id\":\"https:\/\/hobstop.ee\/lv\/#website\"},\"primaryImageOfPage\":{\"@id\":\"https:\/\/hobstop.ee\/lv\/produkts\/putuplasts-canson-plume\/#primaryimage\"},\"image\":{\"@id\":\"https:\/\/hobstop.ee\/lv\/produkts\/putuplasts-canson-plume\/#primaryimage\"},\"thumbnailUrl\":\"https:\/\/hobstop.ee\/media\/2235.jpg\",\"datePublished\":\"2014-12-09T10:58:02+00:00\",\"dateModified\":\"2014-12-09T10:58:02+00:00\",\"breadcrumb\":{\"@id\":\"https:\/\/hobstop.ee\/lv\/produkts\/putuplasts-canson-plume\/#breadcrumb\"},\"inLanguage\":\"lv-LV\",\"potentialAction\":[{\"@type\":\"ReadAction\",\"target\":[\"https:\/\/hobstop.ee\/lv\/produkts\/putuplasts-canson-plume\/\"]}]},{\"@type\":\"ImageObject\",\"inLanguage\":\"lv-LV\",\"@id\":\"https:\/\/hobstop.ee\/lv\/produkts\/putuplasts-canson-plume\/#primaryimage\",\"url\":\"https:\/\/hobstop.ee\/media\/2235.jpg\",\"contentUrl\":\"https:\/\/hobstop.ee\/media\/2235.jpg\",\"width\":1024,\"height\":768},{\"@type\":\"BreadcrumbList\",\"@id\":\"https:\/\/hobstop.ee\/lv\/produkts\/putuplasts-canson-plume\/#breadcrumb\",\"itemListElement\":[{\"@type\":\"ListItem\",\"position\":1,\"name\":\"Avaleht\",\"item\":\"https:\/\/hobstop.ee\/lv\/\"},{\"@type\":\"ListItem\",\"position\":2,\"name\":\"Veikals\",\"item\":\"https:\/\/hobstop.ee\/lv\/veikals\/\"},{\"@type\":\"ListItem\",\"position\":3,\"name\":\"Putuplasts Canson Plume\"}]},{\"@type\":\"WebSite\",\"@id\":\"https:\/\/hobstop.ee\/lv\/#website\",\"url\":\"https:\/\/hobstop.ee\/lv\/\",\"name\":\"Skizze\",\"description\":\"M\u0101kslas, hobiju un skolas preces\",\"publisher\":{\"@id\":\"https:\/\/hobstop.ee\/lv\/#organization\"},\"potentialAction\":[{\"@type\":\"SearchAction\",\"target\":{\"@type\":\"EntryPoint\",\"urlTemplate\":\"https:\/\/hobstop.ee\/lv\/?s={search_term_string}\"},\"query-input\":{\"@type\":\"PropertyValueSpecification\",\"valueRequired\":true,\"valueName\":\"search_term_string\"}}],\"inLanguage\":\"lv-LV\"},{\"@type\":\"Organization\",\"@id\":\"https:\/\/hobstop.ee\/lv\/#organization\",\"name\":\"Vunder AS\",\"url\":\"https:\/\/hobstop.ee\/lv\/\",\"logo\":{\"@type\":\"ImageObject\",\"inLanguage\":\"lv-LV\",\"@id\":\"https:\/\/hobstop.ee\/lv\/#\/schema\/logo\/image\/\",\"url\":\"https:\/\/hobstop.ee\/media\/vunder-logo.png\",\"contentUrl\":\"https:\/\/hobstop.ee\/media\/vunder-logo.png\",\"width\":127,\"height\":55,\"caption\":\"Vunder AS\"},\"image\":{\"@id\":\"https:\/\/hobstop.ee\/lv\/#\/schema\/logo\/image\/\"},\"sameAs\":[\"http:\/\/www.facebook.com\/VunderSkizze\"]}]}<\/script>\n<!-- \/ Yoast SEO plugin. -->","yoast_head_json":{"title":"Putuplasts Canson Plume &#8211; Skizze","robots":{"index":"noindex","follow":"follow","max-snippet":"max-snippet:-1","max-image-preview":"max-image-preview:large","max-video-preview":"max-video-preview:-1"},"og_locale":"lv_LV","og_type":"article","og_title":"Putuplasts Canson Plume &#8211; Skizze","og_description":"\u0160\u012bs \u012bpa\u0161i kvalitat\u012bv\u0101s, ciet\u0101s un viegl\u0101s kartona loksnes ir izgatavotas no poliuret\u0101na, t\u0101s ir piem\u0113rotas jebkura tipa l\u012bmes (gan \u0161\u0137\u012bdin\u0101t\u0101jus saturo\u0161as, gan nesaturo\u0161as) lieto\u0161anai un no ab\u0101m pus\u0113m ir p\u0101rkl\u0101tas ar mat\u0113tu pap\u012bru. Polyurethane Carton Plume ir slavens ar sav\u0101m lieliskaj\u0101m tehniskaj\u0101m \u012bpa\u0161\u012bb\u0101m un nodro\u0161ina J\u016bsu darbam ilg\u0101ku m\u016b\u017eu. Tas ir piln\u012bgi l\u012bdzens, dimension\u0101li stabils un iztur\u012bgs pret augst\u0101m temperat\u016br\u0101m. Materi\u0101la augstais bl\u012bvums nodro\u0161ina lielisku stingr\u012bbu, k\u0101 ar\u012b prec\u012bzas un t\u012bras griezuma l\u012bnijas. Ide\u0101li piem\u0113rots visiem darbiem \u2013 no visvienk\u0101r\u0161\u0101kajiem l\u012bdz pat vissare\u017e\u0123\u012bt\u0101kajiem: darbu nostiprin\u0101\u0161anai, dekor\u0113\u0161anai, 3D model\u0113\u0161anai, inform\u0101cijas z\u012bm\u0113m, virziena r\u0101d\u012bt\u0101jiem izst\u0101d\u0113s&#8230;","og_url":"https:\/\/hobstop.ee\/lv\/produkts\/putuplasts-canson-plume\/","og_site_name":"Skizze","article_publisher":"http:\/\/www.facebook.com\/VunderSkizze","og_image":[{"width":1024,"height":768,"url":"https:\/\/hobstop.ee\/media\/2235.jpg","type":"image\/jpeg"}],"twitter_card":"summary_large_image","twitter_misc":{"Est. reading time":"1 min\u016b\u0161u"},"schema":{"@context":"https:\/\/schema.org","@graph":[{"@type":"WebPage","@id":"https:\/\/hobstop.ee\/lv\/produkts\/putuplasts-canson-plume\/","url":"https:\/\/hobstop.ee\/lv\/produkts\/putuplasts-canson-plume\/","name":"Putuplasts Canson Plume &#8211; Skizze","isPartOf":{"@id":"https:\/\/hobstop.ee\/lv\/#website"},"primaryImageOfPage":{"@id":"https:\/\/hobstop.ee\/lv\/produkts\/putuplasts-canson-plume\/#primaryimage"},"image":{"@id":"https:\/\/hobstop.ee\/lv\/produkts\/putuplasts-canson-plume\/#primaryimage"},"thumbnailUrl":"https:\/\/hobstop.ee\/media\/2235.jpg","datePublished":"2014-12-09T10:58:02+00:00","dateModified":"2014-12-09T10:58:02+00:00","breadcrumb":{"@id":"https:\/\/hobstop.ee\/lv\/produkts\/putuplasts-canson-plume\/#breadcrumb"},"inLanguage":"lv-LV","potentialAction":[{"@type":"ReadAction","target":["https:\/\/hobstop.ee\/lv\/produkts\/putuplasts-canson-plume\/"]}]},{"@type":"ImageObject","inLanguage":"lv-LV","@id":"https:\/\/hobstop.ee\/lv\/produkts\/putuplasts-canson-plume\/#primaryimage","url":"https:\/\/hobstop.ee\/media\/2235.jpg","contentUrl":"https:\/\/hobstop.ee\/media\/2235.jpg","width":1024,"height":768},{"@type":"BreadcrumbList","@id":"https:\/\/hobstop.ee\/lv\/produkts\/putuplasts-canson-plume\/#breadcrumb","itemListElement":[{"@type":"ListItem","position":1,"name":"Avaleht","item":"https:\/\/hobstop.ee\/lv\/"},{"@type":"ListItem","position":2,"name":"Veikals","item":"https:\/\/hobstop.ee\/lv\/veikals\/"},{"@type":"ListItem","position":3,"name":"Putuplasts Canson Plume"}]},{"@type":"WebSite","@id":"https:\/\/hobstop.ee\/lv\/#website","url":"https:\/\/hobstop.ee\/lv\/","name":"Skizze","description":"M\u0101kslas, hobiju un skolas preces","publisher":{"@id":"https:\/\/hobstop.ee\/lv\/#organization"},"potentialAction":[{"@type":"SearchAction","target":{"@type":"EntryPoint","urlTemplate":"https:\/\/hobstop.ee\/lv\/?s={search_term_string}"},"query-input":{"@type":"PropertyValueSpecification","valueRequired":true,"valueName":"search_term_string"}}],"inLanguage":"lv-LV"},{"@type":"Organization","@id":"https:\/\/hobstop.ee\/lv\/#organization","name":"Vunder AS","url":"https:\/\/hobstop.ee\/lv\/","logo":{"@type":"ImageObject","inLanguage":"lv-LV","@id":"https:\/\/hobstop.ee\/lv\/#\/schema\/logo\/image\/","url":"https:\/\/hobstop.ee\/media\/vunder-logo.png","contentUrl":"https:\/\/hobstop.ee\/media\/vunder-logo.png","width":127,"height":55,"caption":"Vunder AS"},"image":{"@id":"https:\/\/hobstop.ee\/lv\/#\/schema\/logo\/image\/"},"sameAs":["http:\/\/www.facebook.com\/VunderSkizze"]}]}},"_links":{"self":[{"href":"https:\/\/hobstop.ee\/lv\/wp-json\/wp\/v2\/product\/61158","targetHints":{"allow":["GET"]}}],"collection":[{"href":"https:\/\/hobstop.ee\/lv\/wp-json\/wp\/v2\/product"}],"about":[{"href":"https:\/\/hobstop.ee\/lv\/wp-json\/wp\/v2\/types\/product"}],"replies":[{"embeddable":true,"href":"https:\/\/hobstop.ee\/lv\/wp-json\/wp\/v2\/comments?post=61158"}],"wp:featuredmedia":[{"embeddable":true,"href":"https:\/\/hobstop.ee\/lv\/wp-json\/wp\/v2\/media\/293857"}],"wp:attachment":[{"href":"https:\/\/hobstop.ee\/lv\/wp-json\/wp\/v2\/media?parent=61158"}],"wp:term":[{"taxonomy":"product_cat","embeddable":true,"href":"https:\/\/hobstop.ee\/lv\/wp-json\/wp\/v2\/product_cat?post=61158"},{"taxonomy":"product_tag","embeddable":true,"href":"https:\/\/hobstop.ee\/lv\/wp-json\/wp\/v2\/product_tag?post=61158"}],"curies":[{"name":"wp","href":"https:\/\/api.w.org\/{rel}","templated":true}]}}