{"id":61170,"date":"2014-12-09T12:58:05","date_gmt":"2014-12-09T10:58:05","guid":{"rendered":"https:\/\/sharks.ee\/vunder_2019.klient.veebimajutus.ee\/?post_type=product&#038;p=61170"},"modified":"2014-12-09T12:58:05","modified_gmt":"2014-12-09T10:58:05","slug":"izsusanas-ramis-daylight-koka-klepja","status":"publish","type":"product","link":"https:\/\/hobstop.ee\/lv\/produkts\/izsusanas-ramis-daylight-koka-klepja\/","title":{"rendered":"Iz\u0161\u016b\u0161anas r\u0101mis Daylight koka kl\u0113pja"},"content":{"rendered":"<p>Iz\u0161\u016b\u0161anas galda stat\u012bvs ir pagatavots no viegla koka gai\u0161\u0101 kr\u0101s\u0101 un ir piem\u0113rojams vajadz\u012bgajam augstumam, s\u0113\u017eot jebkur\u0101 kr\u0113sl\u0101, kur v\u0113laties str\u0101d\u0101t. Piem\u0113rots jebkura tipa r\u0101mjiem (t\u0101feles tipa, apa\u013ciem, vai st\u012bpas r\u0101mjiem) l\u012bdz pat 53cm, kas \u013cauj str\u0101d\u0101t stund\u0101m ilgi, netrauc\u0113ti un \u0113rti. Sagatavo\u0161an\u0101s darbam ir viegla un \u0101tra. Iepakojum\u0101 iz\u0161\u016b\u0161anas r\u0101mis nav iek\u013cauts.<\/p>\n","protected":false},"excerpt":{"rendered":"<p>Iz\u0161\u016b\u0161anas galda stat\u012bvs ir pagatavots no viegla koka gai\u0161\u0101 kr\u0101s\u0101 un ir piem\u0113rojams vajadz\u012bgajam augstumam, s\u0113\u017eot jebkur\u0101 kr\u0113sl\u0101, kur v\u0113laties str\u0101d\u0101t. Piem\u0113rots jebkura tipa r\u0101mjiem (t\u0101feles tipa, apa\u013ciem, vai st\u012bpas r\u0101mjiem) l\u012bdz pat 53cm, kas \u013cauj str\u0101d\u0101t stund\u0101m ilgi, netrauc\u0113ti un \u0113rti. Sagatavo\u0161an\u0101s darbam ir viegla un \u0101tra. Iepakojum\u0101 iz\u0161\u016b\u0161anas r\u0101mis nav iek\u013cauts.<\/p>\n","protected":false},"featured_media":0,"comment_status":"closed","ping_status":"closed","template":"","meta":{"_acf_changed":false,"ep_exclude_from_search":false},"product_cat":[19870,17918,19760],"product_tag":[],"class_list":{"0":"post-61170","1":"product","2":"type-product","3":"status-publish","5":"product_cat-adisanas-darbariki","6":"product_cat-preces-hobijiem","7":"product_cat-rokdarbi","9":"first","10":"instock","11":"sale","12":"taxable","13":"shipping-taxable","14":"purchasable","15":"product-type-variable"},"acf":[],"yoast_head":"<!-- This site is optimized with the Yoast SEO plugin v24.1 - https:\/\/yoast.com\/wordpress\/plugins\/seo\/ -->\n<title>Iz\u0161\u016b\u0161anas r\u0101mis Daylight koka kl\u0113pja &#8211; Skizze<\/title>\n<meta name=\"robots\" content=\"noindex, follow, max-snippet:-1, max-image-preview:large, max-video-preview:-1\" \/>\n<meta property=\"og:locale\" content=\"lv_LV\" \/>\n<meta property=\"og:type\" content=\"article\" \/>\n<meta property=\"og:title\" content=\"Iz\u0161\u016b\u0161anas r\u0101mis Daylight koka kl\u0113pja &#8211; Skizze\" \/>\n<meta property=\"og:description\" content=\"Iz\u0161\u016b\u0161anas galda stat\u012bvs ir pagatavots no viegla koka gai\u0161\u0101 kr\u0101s\u0101 un ir piem\u0113rojams vajadz\u012bgajam augstumam, s\u0113\u017eot jebkur\u0101 kr\u0113sl\u0101, kur v\u0113laties str\u0101d\u0101t. Piem\u0113rots jebkura tipa r\u0101mjiem (t\u0101feles tipa, apa\u013ciem, vai st\u012bpas r\u0101mjiem) l\u012bdz pat 53cm, kas \u013cauj str\u0101d\u0101t stund\u0101m ilgi, netrauc\u0113ti un \u0113rti. Sagatavo\u0161an\u0101s darbam ir viegla un \u0101tra. Iepakojum\u0101 iz\u0161\u016b\u0161anas r\u0101mis nav iek\u013cauts.\" \/>\n<meta property=\"og:url\" content=\"https:\/\/hobstop.ee\/lv\/produkts\/izsusanas-ramis-daylight-koka-klepja\/\" \/>\n<meta property=\"og:site_name\" content=\"Skizze\" \/>\n<meta property=\"article:publisher\" content=\"http:\/\/www.facebook.com\/VunderSkizze\" \/>\n<meta property=\"article:modified_time\" content=\"2014-12-09T10:58:05+00:00\" \/>\n<meta name=\"twitter:card\" content=\"summary_large_image\" \/>\n<script type=\"application\/ld+json\" class=\"yoast-schema-graph\">{\"@context\":\"https:\/\/schema.org\",\"@graph\":[{\"@type\":\"WebPage\",\"@id\":\"https:\/\/hobstop.ee\/lv\/produkts\/izsusanas-ramis-daylight-koka-klepja\/\",\"url\":\"https:\/\/hobstop.ee\/lv\/produkts\/izsusanas-ramis-daylight-koka-klepja\/\",\"name\":\"Iz\u0161\u016b\u0161anas r\u0101mis Daylight koka kl\u0113pja &#8211; Skizze\",\"isPartOf\":{\"@id\":\"https:\/\/hobstop.ee\/lv\/#website\"},\"datePublished\":\"-0001-11-30T00:00:00+00:00\",\"dateModified\":\"2014-12-09T10:58:05+00:00\",\"breadcrumb\":{\"@id\":\"https:\/\/hobstop.ee\/lv\/produkts\/izsusanas-ramis-daylight-koka-klepja\/#breadcrumb\"},\"inLanguage\":\"lv-LV\",\"potentialAction\":[{\"@type\":\"ReadAction\",\"target\":[\"https:\/\/hobstop.ee\/lv\/produkts\/izsusanas-ramis-daylight-koka-klepja\/\"]}]},{\"@type\":\"BreadcrumbList\",\"@id\":\"https:\/\/hobstop.ee\/lv\/produkts\/izsusanas-ramis-daylight-koka-klepja\/#breadcrumb\",\"itemListElement\":[{\"@type\":\"ListItem\",\"position\":1,\"name\":\"Avaleht\",\"item\":\"https:\/\/hobstop.ee\/lv\/\"},{\"@type\":\"ListItem\",\"position\":2,\"name\":\"Veikals\",\"item\":\"https:\/\/hobstop.ee\/lv\/veikals\/\"},{\"@type\":\"ListItem\",\"position\":3,\"name\":\"Iz\u0161\u016b\u0161anas r\u0101mis Daylight koka kl\u0113pja\"}]},{\"@type\":\"WebSite\",\"@id\":\"https:\/\/hobstop.ee\/lv\/#website\",\"url\":\"https:\/\/hobstop.ee\/lv\/\",\"name\":\"Skizze\",\"description\":\"M\u0101kslas, hobiju un skolas preces\",\"publisher\":{\"@id\":\"https:\/\/hobstop.ee\/lv\/#organization\"},\"potentialAction\":[{\"@type\":\"SearchAction\",\"target\":{\"@type\":\"EntryPoint\",\"urlTemplate\":\"https:\/\/hobstop.ee\/lv\/?s={search_term_string}\"},\"query-input\":{\"@type\":\"PropertyValueSpecification\",\"valueRequired\":true,\"valueName\":\"search_term_string\"}}],\"inLanguage\":\"lv-LV\"},{\"@type\":\"Organization\",\"@id\":\"https:\/\/hobstop.ee\/lv\/#organization\",\"name\":\"Vunder AS\",\"url\":\"https:\/\/hobstop.ee\/lv\/\",\"logo\":{\"@type\":\"ImageObject\",\"inLanguage\":\"lv-LV\",\"@id\":\"https:\/\/hobstop.ee\/lv\/#\/schema\/logo\/image\/\",\"url\":\"https:\/\/hobstop.ee\/media\/vunder-logo.png\",\"contentUrl\":\"https:\/\/hobstop.ee\/media\/vunder-logo.png\",\"width\":127,\"height\":55,\"caption\":\"Vunder AS\"},\"image\":{\"@id\":\"https:\/\/hobstop.ee\/lv\/#\/schema\/logo\/image\/\"},\"sameAs\":[\"http:\/\/www.facebook.com\/VunderSkizze\"]}]}<\/script>\n<!-- \/ Yoast SEO plugin. -->","yoast_head_json":{"title":"Iz\u0161\u016b\u0161anas r\u0101mis Daylight koka kl\u0113pja &#8211; Skizze","robots":{"index":"noindex","follow":"follow","max-snippet":"max-snippet:-1","max-image-preview":"max-image-preview:large","max-video-preview":"max-video-preview:-1"},"og_locale":"lv_LV","og_type":"article","og_title":"Iz\u0161\u016b\u0161anas r\u0101mis Daylight koka kl\u0113pja &#8211; Skizze","og_description":"Iz\u0161\u016b\u0161anas galda stat\u012bvs ir pagatavots no viegla koka gai\u0161\u0101 kr\u0101s\u0101 un ir piem\u0113rojams vajadz\u012bgajam augstumam, s\u0113\u017eot jebkur\u0101 kr\u0113sl\u0101, kur v\u0113laties str\u0101d\u0101t. Piem\u0113rots jebkura tipa r\u0101mjiem (t\u0101feles tipa, apa\u013ciem, vai st\u012bpas r\u0101mjiem) l\u012bdz pat 53cm, kas \u013cauj str\u0101d\u0101t stund\u0101m ilgi, netrauc\u0113ti un \u0113rti. Sagatavo\u0161an\u0101s darbam ir viegla un \u0101tra. Iepakojum\u0101 iz\u0161\u016b\u0161anas r\u0101mis nav iek\u013cauts.","og_url":"https:\/\/hobstop.ee\/lv\/produkts\/izsusanas-ramis-daylight-koka-klepja\/","og_site_name":"Skizze","article_publisher":"http:\/\/www.facebook.com\/VunderSkizze","article_modified_time":"2014-12-09T10:58:05+00:00","twitter_card":"summary_large_image","schema":{"@context":"https:\/\/schema.org","@graph":[{"@type":"WebPage","@id":"https:\/\/hobstop.ee\/lv\/produkts\/izsusanas-ramis-daylight-koka-klepja\/","url":"https:\/\/hobstop.ee\/lv\/produkts\/izsusanas-ramis-daylight-koka-klepja\/","name":"Iz\u0161\u016b\u0161anas r\u0101mis Daylight koka kl\u0113pja &#8211; Skizze","isPartOf":{"@id":"https:\/\/hobstop.ee\/lv\/#website"},"datePublished":"-0001-11-30T00:00:00+00:00","dateModified":"2014-12-09T10:58:05+00:00","breadcrumb":{"@id":"https:\/\/hobstop.ee\/lv\/produkts\/izsusanas-ramis-daylight-koka-klepja\/#breadcrumb"},"inLanguage":"lv-LV","potentialAction":[{"@type":"ReadAction","target":["https:\/\/hobstop.ee\/lv\/produkts\/izsusanas-ramis-daylight-koka-klepja\/"]}]},{"@type":"BreadcrumbList","@id":"https:\/\/hobstop.ee\/lv\/produkts\/izsusanas-ramis-daylight-koka-klepja\/#breadcrumb","itemListElement":[{"@type":"ListItem","position":1,"name":"Avaleht","item":"https:\/\/hobstop.ee\/lv\/"},{"@type":"ListItem","position":2,"name":"Veikals","item":"https:\/\/hobstop.ee\/lv\/veikals\/"},{"@type":"ListItem","position":3,"name":"Iz\u0161\u016b\u0161anas r\u0101mis Daylight koka kl\u0113pja"}]},{"@type":"WebSite","@id":"https:\/\/hobstop.ee\/lv\/#website","url":"https:\/\/hobstop.ee\/lv\/","name":"Skizze","description":"M\u0101kslas, hobiju un skolas preces","publisher":{"@id":"https:\/\/hobstop.ee\/lv\/#organization"},"potentialAction":[{"@type":"SearchAction","target":{"@type":"EntryPoint","urlTemplate":"https:\/\/hobstop.ee\/lv\/?s={search_term_string}"},"query-input":{"@type":"PropertyValueSpecification","valueRequired":true,"valueName":"search_term_string"}}],"inLanguage":"lv-LV"},{"@type":"Organization","@id":"https:\/\/hobstop.ee\/lv\/#organization","name":"Vunder AS","url":"https:\/\/hobstop.ee\/lv\/","logo":{"@type":"ImageObject","inLanguage":"lv-LV","@id":"https:\/\/hobstop.ee\/lv\/#\/schema\/logo\/image\/","url":"https:\/\/hobstop.ee\/media\/vunder-logo.png","contentUrl":"https:\/\/hobstop.ee\/media\/vunder-logo.png","width":127,"height":55,"caption":"Vunder AS"},"image":{"@id":"https:\/\/hobstop.ee\/lv\/#\/schema\/logo\/image\/"},"sameAs":["http:\/\/www.facebook.com\/VunderSkizze"]}]}},"_links":{"self":[{"href":"https:\/\/hobstop.ee\/lv\/wp-json\/wp\/v2\/product\/61170","targetHints":{"allow":["GET"]}}],"collection":[{"href":"https:\/\/hobstop.ee\/lv\/wp-json\/wp\/v2\/product"}],"about":[{"href":"https:\/\/hobstop.ee\/lv\/wp-json\/wp\/v2\/types\/product"}],"replies":[{"embeddable":true,"href":"https:\/\/hobstop.ee\/lv\/wp-json\/wp\/v2\/comments?post=61170"}],"wp:attachment":[{"href":"https:\/\/hobstop.ee\/lv\/wp-json\/wp\/v2\/media?parent=61170"}],"wp:term":[{"taxonomy":"product_cat","embeddable":true,"href":"https:\/\/hobstop.ee\/lv\/wp-json\/wp\/v2\/product_cat?post=61170"},{"taxonomy":"product_tag","embeddable":true,"href":"https:\/\/hobstop.ee\/lv\/wp-json\/wp\/v2\/product_tag?post=61170"}],"curies":[{"name":"wp","href":"https:\/\/api.w.org\/{rel}","templated":true}]}}