{"id":61200,"date":"2014-12-09T12:58:11","date_gmt":"2014-12-09T10:58:11","guid":{"rendered":"https:\/\/sharks.ee\/vunder_2019.klient.veebimajutus.ee\/?post_type=product&#038;p=61200"},"modified":"2014-12-09T12:58:11","modified_gmt":"2014-12-09T10:58:11","slug":"maskesanas-skidums-lb-education-250ml","status":"publish","type":"product","link":"https:\/\/hobstop.ee\/lv\/produkts\/maskesanas-skidums-lb-education-250ml\/","title":{"rendered":"Mask\u0113\u0161anas \u0161\u0137\u012bdums L&#038;B Education 250ml"},"content":{"rendered":"<p>Virsmas, kas p\u0101rkl\u0101tas ar mask\u0113\u0161anas \u0161\u0137\u012bdumu, atgr\u016b\u017e kr\u0101su, t\u0101d\u0113j\u0101di radot interesantu glezno\u0161anas efektu. Pateicoties gai\u0161i zilajam tonim, iekr\u0101sot\u0101s virsmas var viegli paman\u012bt. Kad kr\u0101sa ir no\u017euvusi, \u0161\u0137\u012bdumu var viegli nokas\u012bt no virsmas.<\/p>\n","protected":false},"excerpt":{"rendered":"<p>Virsmas, kas p\u0101rkl\u0101tas ar mask\u0113\u0161anas \u0161\u0137\u012bdumu, atgr\u016b\u017e kr\u0101su, t\u0101d\u0113j\u0101di radot interesantu glezno\u0161anas efektu. Pateicoties gai\u0161i zilajam tonim, iekr\u0101sot\u0101s virsmas var viegli paman\u012bt. Kad kr\u0101sa ir no\u017euvusi, \u0161\u0137\u012bdumu var viegli nokas\u012bt no virsmas.<\/p>\n","protected":false},"featured_media":104410,"comment_status":"closed","ping_status":"closed","template":"","meta":{"_acf_changed":false,"ep_exclude_from_search":false},"product_cat":[18707,18925,17916],"product_tag":[],"class_list":{"0":"post-61200","1":"product","2":"type-product","3":"status-publish","4":"has-post-thumbnail","6":"product_cat-dazadi-11","7":"product_cat-gleznosanas-piederumi","8":"product_cat-preces-skolai","10":"first","11":"instock","12":"taxable","13":"shipping-taxable","14":"purchasable","15":"product-type-variable"},"acf":[],"yoast_head":"<!-- This site is optimized with the Yoast SEO plugin v24.1 - https:\/\/yoast.com\/wordpress\/plugins\/seo\/ -->\n<title>Mask\u0113\u0161anas \u0161\u0137\u012bdums L&amp;B Education 250ml &#8211; Skizze<\/title>\n<meta name=\"robots\" content=\"noindex, follow, max-snippet:-1, max-image-preview:large, max-video-preview:-1\" \/>\n<meta property=\"og:locale\" content=\"lv_LV\" \/>\n<meta property=\"og:type\" content=\"article\" \/>\n<meta property=\"og:title\" content=\"Mask\u0113\u0161anas \u0161\u0137\u012bdums L&amp;B Education 250ml &#8211; Skizze\" \/>\n<meta property=\"og:description\" content=\"Virsmas, kas p\u0101rkl\u0101tas ar mask\u0113\u0161anas \u0161\u0137\u012bdumu, atgr\u016b\u017e kr\u0101su, t\u0101d\u0113j\u0101di radot interesantu glezno\u0161anas efektu. Pateicoties gai\u0161i zilajam tonim, iekr\u0101sot\u0101s virsmas var viegli paman\u012bt. Kad kr\u0101sa ir no\u017euvusi, \u0161\u0137\u012bdumu var viegli nokas\u012bt no virsmas.\" \/>\n<meta property=\"og:url\" content=\"https:\/\/hobstop.ee\/lv\/produkts\/maskesanas-skidums-lb-education-250ml\/\" \/>\n<meta property=\"og:site_name\" content=\"Skizze\" \/>\n<meta property=\"article:publisher\" content=\"http:\/\/www.facebook.com\/VunderSkizze\" \/>\n<meta property=\"og:image\" content=\"https:\/\/hobstop.ee\/media\/2253.jpg\" \/>\n\t<meta property=\"og:image:width\" content=\"1024\" \/>\n\t<meta property=\"og:image:height\" content=\"768\" \/>\n\t<meta property=\"og:image:type\" content=\"image\/jpeg\" \/>\n<meta name=\"twitter:card\" content=\"summary_large_image\" \/>\n<script type=\"application\/ld+json\" class=\"yoast-schema-graph\">{\"@context\":\"https:\/\/schema.org\",\"@graph\":[{\"@type\":\"WebPage\",\"@id\":\"https:\/\/hobstop.ee\/lv\/produkts\/maskesanas-skidums-lb-education-250ml\/\",\"url\":\"https:\/\/hobstop.ee\/lv\/produkts\/maskesanas-skidums-lb-education-250ml\/\",\"name\":\"Mask\u0113\u0161anas \u0161\u0137\u012bdums L&B Education 250ml &#8211; Skizze\",\"isPartOf\":{\"@id\":\"https:\/\/hobstop.ee\/lv\/#website\"},\"primaryImageOfPage\":{\"@id\":\"https:\/\/hobstop.ee\/lv\/produkts\/maskesanas-skidums-lb-education-250ml\/#primaryimage\"},\"image\":{\"@id\":\"https:\/\/hobstop.ee\/lv\/produkts\/maskesanas-skidums-lb-education-250ml\/#primaryimage\"},\"thumbnailUrl\":\"https:\/\/hobstop.ee\/media\/2253.jpg\",\"datePublished\":\"2014-12-09T10:58:11+00:00\",\"dateModified\":\"2014-12-09T10:58:11+00:00\",\"breadcrumb\":{\"@id\":\"https:\/\/hobstop.ee\/lv\/produkts\/maskesanas-skidums-lb-education-250ml\/#breadcrumb\"},\"inLanguage\":\"lv-LV\",\"potentialAction\":[{\"@type\":\"ReadAction\",\"target\":[\"https:\/\/hobstop.ee\/lv\/produkts\/maskesanas-skidums-lb-education-250ml\/\"]}]},{\"@type\":\"ImageObject\",\"inLanguage\":\"lv-LV\",\"@id\":\"https:\/\/hobstop.ee\/lv\/produkts\/maskesanas-skidums-lb-education-250ml\/#primaryimage\",\"url\":\"https:\/\/hobstop.ee\/media\/2253.jpg\",\"contentUrl\":\"https:\/\/hobstop.ee\/media\/2253.jpg\",\"width\":1024,\"height\":768},{\"@type\":\"BreadcrumbList\",\"@id\":\"https:\/\/hobstop.ee\/lv\/produkts\/maskesanas-skidums-lb-education-250ml\/#breadcrumb\",\"itemListElement\":[{\"@type\":\"ListItem\",\"position\":1,\"name\":\"Avaleht\",\"item\":\"https:\/\/hobstop.ee\/lv\/\"},{\"@type\":\"ListItem\",\"position\":2,\"name\":\"Veikals\",\"item\":\"https:\/\/hobstop.ee\/lv\/veikals\/\"},{\"@type\":\"ListItem\",\"position\":3,\"name\":\"Mask\u0113\u0161anas \u0161\u0137\u012bdums L&#038;B Education 250ml\"}]},{\"@type\":\"WebSite\",\"@id\":\"https:\/\/hobstop.ee\/lv\/#website\",\"url\":\"https:\/\/hobstop.ee\/lv\/\",\"name\":\"Skizze\",\"description\":\"M\u0101kslas, hobiju un skolas preces\",\"publisher\":{\"@id\":\"https:\/\/hobstop.ee\/lv\/#organization\"},\"potentialAction\":[{\"@type\":\"SearchAction\",\"target\":{\"@type\":\"EntryPoint\",\"urlTemplate\":\"https:\/\/hobstop.ee\/lv\/?s={search_term_string}\"},\"query-input\":{\"@type\":\"PropertyValueSpecification\",\"valueRequired\":true,\"valueName\":\"search_term_string\"}}],\"inLanguage\":\"lv-LV\"},{\"@type\":\"Organization\",\"@id\":\"https:\/\/hobstop.ee\/lv\/#organization\",\"name\":\"Vunder AS\",\"url\":\"https:\/\/hobstop.ee\/lv\/\",\"logo\":{\"@type\":\"ImageObject\",\"inLanguage\":\"lv-LV\",\"@id\":\"https:\/\/hobstop.ee\/lv\/#\/schema\/logo\/image\/\",\"url\":\"https:\/\/hobstop.ee\/media\/vunder-logo.png\",\"contentUrl\":\"https:\/\/hobstop.ee\/media\/vunder-logo.png\",\"width\":127,\"height\":55,\"caption\":\"Vunder AS\"},\"image\":{\"@id\":\"https:\/\/hobstop.ee\/lv\/#\/schema\/logo\/image\/\"},\"sameAs\":[\"http:\/\/www.facebook.com\/VunderSkizze\"]}]}<\/script>\n<!-- \/ Yoast SEO plugin. -->","yoast_head_json":{"title":"Mask\u0113\u0161anas \u0161\u0137\u012bdums L&B Education 250ml &#8211; Skizze","robots":{"index":"noindex","follow":"follow","max-snippet":"max-snippet:-1","max-image-preview":"max-image-preview:large","max-video-preview":"max-video-preview:-1"},"og_locale":"lv_LV","og_type":"article","og_title":"Mask\u0113\u0161anas \u0161\u0137\u012bdums L&B Education 250ml &#8211; Skizze","og_description":"Virsmas, kas p\u0101rkl\u0101tas ar mask\u0113\u0161anas \u0161\u0137\u012bdumu, atgr\u016b\u017e kr\u0101su, t\u0101d\u0113j\u0101di radot interesantu glezno\u0161anas efektu. Pateicoties gai\u0161i zilajam tonim, iekr\u0101sot\u0101s virsmas var viegli paman\u012bt. Kad kr\u0101sa ir no\u017euvusi, \u0161\u0137\u012bdumu var viegli nokas\u012bt no virsmas.","og_url":"https:\/\/hobstop.ee\/lv\/produkts\/maskesanas-skidums-lb-education-250ml\/","og_site_name":"Skizze","article_publisher":"http:\/\/www.facebook.com\/VunderSkizze","og_image":[{"width":1024,"height":768,"url":"https:\/\/hobstop.ee\/media\/2253.jpg","type":"image\/jpeg"}],"twitter_card":"summary_large_image","schema":{"@context":"https:\/\/schema.org","@graph":[{"@type":"WebPage","@id":"https:\/\/hobstop.ee\/lv\/produkts\/maskesanas-skidums-lb-education-250ml\/","url":"https:\/\/hobstop.ee\/lv\/produkts\/maskesanas-skidums-lb-education-250ml\/","name":"Mask\u0113\u0161anas \u0161\u0137\u012bdums L&B Education 250ml &#8211; Skizze","isPartOf":{"@id":"https:\/\/hobstop.ee\/lv\/#website"},"primaryImageOfPage":{"@id":"https:\/\/hobstop.ee\/lv\/produkts\/maskesanas-skidums-lb-education-250ml\/#primaryimage"},"image":{"@id":"https:\/\/hobstop.ee\/lv\/produkts\/maskesanas-skidums-lb-education-250ml\/#primaryimage"},"thumbnailUrl":"https:\/\/hobstop.ee\/media\/2253.jpg","datePublished":"2014-12-09T10:58:11+00:00","dateModified":"2014-12-09T10:58:11+00:00","breadcrumb":{"@id":"https:\/\/hobstop.ee\/lv\/produkts\/maskesanas-skidums-lb-education-250ml\/#breadcrumb"},"inLanguage":"lv-LV","potentialAction":[{"@type":"ReadAction","target":["https:\/\/hobstop.ee\/lv\/produkts\/maskesanas-skidums-lb-education-250ml\/"]}]},{"@type":"ImageObject","inLanguage":"lv-LV","@id":"https:\/\/hobstop.ee\/lv\/produkts\/maskesanas-skidums-lb-education-250ml\/#primaryimage","url":"https:\/\/hobstop.ee\/media\/2253.jpg","contentUrl":"https:\/\/hobstop.ee\/media\/2253.jpg","width":1024,"height":768},{"@type":"BreadcrumbList","@id":"https:\/\/hobstop.ee\/lv\/produkts\/maskesanas-skidums-lb-education-250ml\/#breadcrumb","itemListElement":[{"@type":"ListItem","position":1,"name":"Avaleht","item":"https:\/\/hobstop.ee\/lv\/"},{"@type":"ListItem","position":2,"name":"Veikals","item":"https:\/\/hobstop.ee\/lv\/veikals\/"},{"@type":"ListItem","position":3,"name":"Mask\u0113\u0161anas \u0161\u0137\u012bdums L&#038;B Education 250ml"}]},{"@type":"WebSite","@id":"https:\/\/hobstop.ee\/lv\/#website","url":"https:\/\/hobstop.ee\/lv\/","name":"Skizze","description":"M\u0101kslas, hobiju un skolas preces","publisher":{"@id":"https:\/\/hobstop.ee\/lv\/#organization"},"potentialAction":[{"@type":"SearchAction","target":{"@type":"EntryPoint","urlTemplate":"https:\/\/hobstop.ee\/lv\/?s={search_term_string}"},"query-input":{"@type":"PropertyValueSpecification","valueRequired":true,"valueName":"search_term_string"}}],"inLanguage":"lv-LV"},{"@type":"Organization","@id":"https:\/\/hobstop.ee\/lv\/#organization","name":"Vunder AS","url":"https:\/\/hobstop.ee\/lv\/","logo":{"@type":"ImageObject","inLanguage":"lv-LV","@id":"https:\/\/hobstop.ee\/lv\/#\/schema\/logo\/image\/","url":"https:\/\/hobstop.ee\/media\/vunder-logo.png","contentUrl":"https:\/\/hobstop.ee\/media\/vunder-logo.png","width":127,"height":55,"caption":"Vunder AS"},"image":{"@id":"https:\/\/hobstop.ee\/lv\/#\/schema\/logo\/image\/"},"sameAs":["http:\/\/www.facebook.com\/VunderSkizze"]}]}},"_links":{"self":[{"href":"https:\/\/hobstop.ee\/lv\/wp-json\/wp\/v2\/product\/61200","targetHints":{"allow":["GET"]}}],"collection":[{"href":"https:\/\/hobstop.ee\/lv\/wp-json\/wp\/v2\/product"}],"about":[{"href":"https:\/\/hobstop.ee\/lv\/wp-json\/wp\/v2\/types\/product"}],"replies":[{"embeddable":true,"href":"https:\/\/hobstop.ee\/lv\/wp-json\/wp\/v2\/comments?post=61200"}],"wp:featuredmedia":[{"embeddable":true,"href":"https:\/\/hobstop.ee\/lv\/wp-json\/wp\/v2\/media\/104410"}],"wp:attachment":[{"href":"https:\/\/hobstop.ee\/lv\/wp-json\/wp\/v2\/media?parent=61200"}],"wp:term":[{"taxonomy":"product_cat","embeddable":true,"href":"https:\/\/hobstop.ee\/lv\/wp-json\/wp\/v2\/product_cat?post=61200"},{"taxonomy":"product_tag","embeddable":true,"href":"https:\/\/hobstop.ee\/lv\/wp-json\/wp\/v2\/product_tag?post=61200"}],"curies":[{"name":"wp","href":"https:\/\/api.w.org\/{rel}","templated":true}]}}