{"id":61203,"date":"2014-12-09T12:58:12","date_gmt":"2014-12-09T10:58:12","guid":{"rendered":"https:\/\/sharks.ee\/vunder_2019.klient.veebimajutus.ee\/?post_type=product&#038;p=61203"},"modified":"2014-12-09T12:58:12","modified_gmt":"2014-12-09T10:58:12","slug":"molberts-darbagalds-mabef-m30","status":"publish","type":"product","link":"https:\/\/hobstop.ee\/lv\/produkts\/molberts-darbagalds-mabef-m30\/","title":{"rendered":"Molberts-darbagalds Mabef M30"},"content":{"rendered":"<p>MABEF M30 glezno\u0161anas darbstacija ir paredz\u0113ta tiem m\u0101ksliniekiem, kas p\u0101rvietojas rati\u0146kr\u0113sl\u0101.  Piln\u012bb\u0101 integr\u0113t\u0101 darbstacija ir \u0113rta un r\u016bp\u012bgi p\u0101rdom\u0101ta.  T\u0101 ir lieliski piem\u0113rota ar\u012b tiem m\u0101ksliniekiem, kas dod priek\u0161roku grezno\u0161anai stacion\u0101r\u0101 st\u0101vokl\u012b, un t\u0101 lieliski der gan e\u013c\u013cas, gan akvare\u013cu gleznojumiem.  Darbstacijas molberta elements ir noregul\u0113jams gan vertik\u0101l\u0101, gan horizont\u0101l\u0101 st\u0101vokl\u012b, un to var noliekt uz priek\u0161u par 10 gr\u0101diem.  Darbstacijai ab\u0101s pus\u0113s ir divas darbvirsmas glezno\u0161anas piederumu novieto\u0161anai, k\u0101 ar\u012b vertik\u0101las un horizont\u0101las atvilktnes vajadz\u012bgo piederumu uzglab\u0101\u0161anai.  Darbstacija ir izgatavota no e\u013c\u013cota di\u017esk\u0101b\u0101r\u017ea.  Darbstacija ir ide\u0101li piem\u0113rota tiem m\u0101ksliniekiem, kas str\u0101d\u0101 s\u0113\u017eot vai rati\u0146kr\u0113sl\u0101.  Vienk\u0101r\u0161a mont\u0101\u017ea.<\/p>\n","protected":false},"excerpt":{"rendered":"<p>MABEF M30 glezno\u0161anas darbstacija ir paredz\u0113ta tiem m\u0101ksliniekiem, kas p\u0101rvietojas rati\u0146kr\u0113sl\u0101. Piln\u012bb\u0101 integr\u0113t\u0101 darbstacija ir \u0113rta un r\u016bp\u012bgi p\u0101rdom\u0101ta. T\u0101 ir lieliski piem\u0113rota ar\u012b tiem m\u0101ksliniekiem, kas dod priek\u0161roku grezno\u0161anai stacion\u0101r\u0101 st\u0101vokl\u012b, un t\u0101 lieliski der gan e\u013c\u013cas, gan akvare\u013cu gleznojumiem. Darbstacijas molberta elements ir noregul\u0113jams gan vertik\u0101l\u0101, gan horizont\u0101l\u0101 st\u0101vokl\u012b, un to var noliekt uz priek\u0161u par 10 gr\u0101diem. Darbstacijai ab\u0101s pus\u0113s ir divas darbvirsmas glezno\u0161anas piederumu novieto\u0161anai, k\u0101 ar\u012b vertik\u0101las un horizont\u0101las atvilktnes vajadz\u012bgo piederumu uzglab\u0101\u0161anai. Darbstacija ir izgatavota no e\u013c\u013cota di\u017esk\u0101b\u0101r\u017ea. Darbstacija ir ide\u0101li piem\u0113rota tiem m\u0101ksliniekiem, kas str\u0101d\u0101 s\u0113\u017eot vai rati\u0146kr\u0113sl\u0101. Vienk\u0101r\u0161a mont\u0101\u017ea.<\/p>\n","protected":false},"featured_media":104414,"comment_status":"closed","ping_status":"closed","template":"","meta":{"_acf_changed":false,"ep_exclude_from_search":false},"product_cat":[19006,16123,18934],"product_tag":[],"class_list":{"0":"post-61203","1":"product","2":"type-product","3":"status-publish","4":"has-post-thumbnail","6":"product_cat-dazadi-28","7":"product_cat-makslas-piederumi-2","8":"product_cat-molberti-2","10":"first","11":"instock","12":"taxable","13":"shipping-taxable","14":"purchasable","15":"product-type-variable"},"acf":[],"yoast_head":"<!-- This site is optimized with the Yoast SEO plugin v24.1 - https:\/\/yoast.com\/wordpress\/plugins\/seo\/ -->\n<title>Molberts-darbagalds Mabef M30 &#8211; Skizze<\/title>\n<meta name=\"robots\" content=\"noindex, follow, max-snippet:-1, max-image-preview:large, max-video-preview:-1\" \/>\n<meta property=\"og:locale\" content=\"lv_LV\" \/>\n<meta property=\"og:type\" content=\"article\" \/>\n<meta property=\"og:title\" content=\"Molberts-darbagalds Mabef M30 &#8211; Skizze\" \/>\n<meta property=\"og:description\" content=\"MABEF M30 glezno\u0161anas darbstacija ir paredz\u0113ta tiem m\u0101ksliniekiem, kas p\u0101rvietojas rati\u0146kr\u0113sl\u0101. Piln\u012bb\u0101 integr\u0113t\u0101 darbstacija ir \u0113rta un r\u016bp\u012bgi p\u0101rdom\u0101ta. T\u0101 ir lieliski piem\u0113rota ar\u012b tiem m\u0101ksliniekiem, kas dod priek\u0161roku grezno\u0161anai stacion\u0101r\u0101 st\u0101vokl\u012b, un t\u0101 lieliski der gan e\u013c\u013cas, gan akvare\u013cu gleznojumiem. Darbstacijas molberta elements ir noregul\u0113jams gan vertik\u0101l\u0101, gan horizont\u0101l\u0101 st\u0101vokl\u012b, un to var noliekt uz priek\u0161u par 10 gr\u0101diem. Darbstacijai ab\u0101s pus\u0113s ir divas darbvirsmas glezno\u0161anas piederumu novieto\u0161anai, k\u0101 ar\u012b vertik\u0101las un horizont\u0101las atvilktnes vajadz\u012bgo piederumu uzglab\u0101\u0161anai. Darbstacija ir izgatavota no e\u013c\u013cota di\u017esk\u0101b\u0101r\u017ea. Darbstacija ir ide\u0101li piem\u0113rota tiem m\u0101ksliniekiem, kas str\u0101d\u0101 s\u0113\u017eot vai rati\u0146kr\u0113sl\u0101. Vienk\u0101r\u0161a mont\u0101\u017ea.\" \/>\n<meta property=\"og:url\" content=\"https:\/\/hobstop.ee\/lv\/produkts\/molberts-darbagalds-mabef-m30\/\" \/>\n<meta property=\"og:site_name\" content=\"Skizze\" \/>\n<meta property=\"article:publisher\" content=\"http:\/\/www.facebook.com\/VunderSkizze\" \/>\n<meta property=\"og:image\" content=\"https:\/\/www.hobstop.ee\/media\/2256.jpg\" \/>\n\t<meta property=\"og:image:width\" content=\"1024\" \/>\n\t<meta property=\"og:image:height\" content=\"768\" \/>\n\t<meta property=\"og:image:type\" content=\"image\/jpeg\" \/>\n<meta name=\"twitter:card\" content=\"summary_large_image\" \/>\n<meta name=\"twitter:label1\" content=\"Est. reading time\" \/>\n\t<meta name=\"twitter:data1\" content=\"1 min\u016b\u0161u\" \/>\n<script type=\"application\/ld+json\" class=\"yoast-schema-graph\">{\"@context\":\"https:\/\/schema.org\",\"@graph\":[{\"@type\":\"WebPage\",\"@id\":\"https:\/\/hobstop.ee\/lv\/produkts\/molberts-darbagalds-mabef-m30\/\",\"url\":\"https:\/\/hobstop.ee\/lv\/produkts\/molberts-darbagalds-mabef-m30\/\",\"name\":\"Molberts-darbagalds Mabef M30 &#8211; Skizze\",\"isPartOf\":{\"@id\":\"https:\/\/www.hobstop.ee\/lv\/#website\"},\"primaryImageOfPage\":{\"@id\":\"https:\/\/hobstop.ee\/lv\/produkts\/molberts-darbagalds-mabef-m30\/#primaryimage\"},\"image\":{\"@id\":\"https:\/\/hobstop.ee\/lv\/produkts\/molberts-darbagalds-mabef-m30\/#primaryimage\"},\"thumbnailUrl\":\"https:\/\/hobstop.ee\/media\/2256.jpg\",\"datePublished\":\"2014-12-09T10:58:12+00:00\",\"dateModified\":\"2014-12-09T10:58:12+00:00\",\"breadcrumb\":{\"@id\":\"https:\/\/hobstop.ee\/lv\/produkts\/molberts-darbagalds-mabef-m30\/#breadcrumb\"},\"inLanguage\":\"lv-LV\",\"potentialAction\":[{\"@type\":\"ReadAction\",\"target\":[\"https:\/\/hobstop.ee\/lv\/produkts\/molberts-darbagalds-mabef-m30\/\"]}]},{\"@type\":\"ImageObject\",\"inLanguage\":\"lv-LV\",\"@id\":\"https:\/\/hobstop.ee\/lv\/produkts\/molberts-darbagalds-mabef-m30\/#primaryimage\",\"url\":\"https:\/\/hobstop.ee\/media\/2256.jpg\",\"contentUrl\":\"https:\/\/hobstop.ee\/media\/2256.jpg\",\"width\":1024,\"height\":768},{\"@type\":\"BreadcrumbList\",\"@id\":\"https:\/\/hobstop.ee\/lv\/produkts\/molberts-darbagalds-mabef-m30\/#breadcrumb\",\"itemListElement\":[{\"@type\":\"ListItem\",\"position\":1,\"name\":\"Avaleht\",\"item\":\"https:\/\/www.hobstop.ee\/lv\/\"},{\"@type\":\"ListItem\",\"position\":2,\"name\":\"Veikals\",\"item\":\"https:\/\/www.hobstop.ee\/lv\/veikals\/\"},{\"@type\":\"ListItem\",\"position\":3,\"name\":\"Molberts-darbagalds Mabef M30\"}]},{\"@type\":\"WebSite\",\"@id\":\"https:\/\/www.hobstop.ee\/lv\/#website\",\"url\":\"https:\/\/www.hobstop.ee\/lv\/\",\"name\":\"Skizze\",\"description\":\"M\u0101kslas, hobiju un skolas preces\",\"publisher\":{\"@id\":\"https:\/\/www.hobstop.ee\/lv\/#organization\"},\"potentialAction\":[{\"@type\":\"SearchAction\",\"target\":{\"@type\":\"EntryPoint\",\"urlTemplate\":\"https:\/\/www.hobstop.ee\/lv\/?s={search_term_string}\"},\"query-input\":{\"@type\":\"PropertyValueSpecification\",\"valueRequired\":true,\"valueName\":\"search_term_string\"}}],\"inLanguage\":\"lv-LV\"},{\"@type\":\"Organization\",\"@id\":\"https:\/\/www.hobstop.ee\/lv\/#organization\",\"name\":\"Vunder AS\",\"url\":\"https:\/\/www.hobstop.ee\/lv\/\",\"logo\":{\"@type\":\"ImageObject\",\"inLanguage\":\"lv-LV\",\"@id\":\"https:\/\/www.hobstop.ee\/lv\/#\/schema\/logo\/image\/\",\"url\":\"https:\/\/hobstop.ee\/media\/vunder-logo.png\",\"contentUrl\":\"https:\/\/hobstop.ee\/media\/vunder-logo.png\",\"width\":127,\"height\":55,\"caption\":\"Vunder AS\"},\"image\":{\"@id\":\"https:\/\/www.hobstop.ee\/lv\/#\/schema\/logo\/image\/\"},\"sameAs\":[\"http:\/\/www.facebook.com\/VunderSkizze\"]}]}<\/script>\n<!-- \/ Yoast SEO plugin. -->","yoast_head_json":{"title":"Molberts-darbagalds Mabef M30 &#8211; Skizze","robots":{"index":"noindex","follow":"follow","max-snippet":"max-snippet:-1","max-image-preview":"max-image-preview:large","max-video-preview":"max-video-preview:-1"},"og_locale":"lv_LV","og_type":"article","og_title":"Molberts-darbagalds Mabef M30 &#8211; Skizze","og_description":"MABEF M30 glezno\u0161anas darbstacija ir paredz\u0113ta tiem m\u0101ksliniekiem, kas p\u0101rvietojas rati\u0146kr\u0113sl\u0101. Piln\u012bb\u0101 integr\u0113t\u0101 darbstacija ir \u0113rta un r\u016bp\u012bgi p\u0101rdom\u0101ta. T\u0101 ir lieliski piem\u0113rota ar\u012b tiem m\u0101ksliniekiem, kas dod priek\u0161roku grezno\u0161anai stacion\u0101r\u0101 st\u0101vokl\u012b, un t\u0101 lieliski der gan e\u013c\u013cas, gan akvare\u013cu gleznojumiem. Darbstacijas molberta elements ir noregul\u0113jams gan vertik\u0101l\u0101, gan horizont\u0101l\u0101 st\u0101vokl\u012b, un to var noliekt uz priek\u0161u par 10 gr\u0101diem. Darbstacijai ab\u0101s pus\u0113s ir divas darbvirsmas glezno\u0161anas piederumu novieto\u0161anai, k\u0101 ar\u012b vertik\u0101las un horizont\u0101las atvilktnes vajadz\u012bgo piederumu uzglab\u0101\u0161anai. Darbstacija ir izgatavota no e\u013c\u013cota di\u017esk\u0101b\u0101r\u017ea. Darbstacija ir ide\u0101li piem\u0113rota tiem m\u0101ksliniekiem, kas str\u0101d\u0101 s\u0113\u017eot vai rati\u0146kr\u0113sl\u0101. Vienk\u0101r\u0161a mont\u0101\u017ea.","og_url":"https:\/\/hobstop.ee\/lv\/produkts\/molberts-darbagalds-mabef-m30\/","og_site_name":"Skizze","article_publisher":"http:\/\/www.facebook.com\/VunderSkizze","og_image":[{"width":1024,"height":768,"url":"https:\/\/www.hobstop.ee\/media\/2256.jpg","type":"image\/jpeg"}],"twitter_card":"summary_large_image","twitter_misc":{"Est. reading time":"1 min\u016b\u0161u"},"schema":{"@context":"https:\/\/schema.org","@graph":[{"@type":"WebPage","@id":"https:\/\/hobstop.ee\/lv\/produkts\/molberts-darbagalds-mabef-m30\/","url":"https:\/\/hobstop.ee\/lv\/produkts\/molberts-darbagalds-mabef-m30\/","name":"Molberts-darbagalds Mabef M30 &#8211; Skizze","isPartOf":{"@id":"https:\/\/www.hobstop.ee\/lv\/#website"},"primaryImageOfPage":{"@id":"https:\/\/hobstop.ee\/lv\/produkts\/molberts-darbagalds-mabef-m30\/#primaryimage"},"image":{"@id":"https:\/\/hobstop.ee\/lv\/produkts\/molberts-darbagalds-mabef-m30\/#primaryimage"},"thumbnailUrl":"https:\/\/hobstop.ee\/media\/2256.jpg","datePublished":"2014-12-09T10:58:12+00:00","dateModified":"2014-12-09T10:58:12+00:00","breadcrumb":{"@id":"https:\/\/hobstop.ee\/lv\/produkts\/molberts-darbagalds-mabef-m30\/#breadcrumb"},"inLanguage":"lv-LV","potentialAction":[{"@type":"ReadAction","target":["https:\/\/hobstop.ee\/lv\/produkts\/molberts-darbagalds-mabef-m30\/"]}]},{"@type":"ImageObject","inLanguage":"lv-LV","@id":"https:\/\/hobstop.ee\/lv\/produkts\/molberts-darbagalds-mabef-m30\/#primaryimage","url":"https:\/\/hobstop.ee\/media\/2256.jpg","contentUrl":"https:\/\/hobstop.ee\/media\/2256.jpg","width":1024,"height":768},{"@type":"BreadcrumbList","@id":"https:\/\/hobstop.ee\/lv\/produkts\/molberts-darbagalds-mabef-m30\/#breadcrumb","itemListElement":[{"@type":"ListItem","position":1,"name":"Avaleht","item":"https:\/\/www.hobstop.ee\/lv\/"},{"@type":"ListItem","position":2,"name":"Veikals","item":"https:\/\/www.hobstop.ee\/lv\/veikals\/"},{"@type":"ListItem","position":3,"name":"Molberts-darbagalds Mabef M30"}]},{"@type":"WebSite","@id":"https:\/\/www.hobstop.ee\/lv\/#website","url":"https:\/\/www.hobstop.ee\/lv\/","name":"Skizze","description":"M\u0101kslas, hobiju un skolas preces","publisher":{"@id":"https:\/\/www.hobstop.ee\/lv\/#organization"},"potentialAction":[{"@type":"SearchAction","target":{"@type":"EntryPoint","urlTemplate":"https:\/\/www.hobstop.ee\/lv\/?s={search_term_string}"},"query-input":{"@type":"PropertyValueSpecification","valueRequired":true,"valueName":"search_term_string"}}],"inLanguage":"lv-LV"},{"@type":"Organization","@id":"https:\/\/www.hobstop.ee\/lv\/#organization","name":"Vunder AS","url":"https:\/\/www.hobstop.ee\/lv\/","logo":{"@type":"ImageObject","inLanguage":"lv-LV","@id":"https:\/\/www.hobstop.ee\/lv\/#\/schema\/logo\/image\/","url":"https:\/\/hobstop.ee\/media\/vunder-logo.png","contentUrl":"https:\/\/hobstop.ee\/media\/vunder-logo.png","width":127,"height":55,"caption":"Vunder AS"},"image":{"@id":"https:\/\/www.hobstop.ee\/lv\/#\/schema\/logo\/image\/"},"sameAs":["http:\/\/www.facebook.com\/VunderSkizze"]}]}},"_links":{"self":[{"href":"https:\/\/hobstop.ee\/lv\/wp-json\/wp\/v2\/product\/61203","targetHints":{"allow":["GET"]}}],"collection":[{"href":"https:\/\/hobstop.ee\/lv\/wp-json\/wp\/v2\/product"}],"about":[{"href":"https:\/\/hobstop.ee\/lv\/wp-json\/wp\/v2\/types\/product"}],"replies":[{"embeddable":true,"href":"https:\/\/hobstop.ee\/lv\/wp-json\/wp\/v2\/comments?post=61203"}],"wp:featuredmedia":[{"embeddable":true,"href":"https:\/\/hobstop.ee\/lv\/wp-json\/wp\/v2\/media\/104414"}],"wp:attachment":[{"href":"https:\/\/hobstop.ee\/lv\/wp-json\/wp\/v2\/media?parent=61203"}],"wp:term":[{"taxonomy":"product_cat","embeddable":true,"href":"https:\/\/hobstop.ee\/lv\/wp-json\/wp\/v2\/product_cat?post=61203"},{"taxonomy":"product_tag","embeddable":true,"href":"https:\/\/hobstop.ee\/lv\/wp-json\/wp\/v2\/product_tag?post=61203"}],"curies":[{"name":"wp","href":"https:\/\/api.w.org\/{rel}","templated":true}]}}