{"id":61209,"date":"2014-12-09T12:58:13","date_gmt":"2014-12-09T10:58:13","guid":{"rendered":"https:\/\/sharks.ee\/vunder_2019.klient.veebimajutus.ee\/?post_type=product&#038;p=61209"},"modified":"2014-12-09T12:58:13","modified_gmt":"2014-12-09T10:58:13","slug":"molberts-mabef-m02-elektriskais-ar-diviem-pleciem","status":"publish","type":"product","link":"https:\/\/hobstop.ee\/lv\/produkts\/molberts-mabef-m02-elektriskais-ar-diviem-pleciem\/","title":{"rendered":"Molberts Mabef M02 elektriskais ar diviem pleciem"},"content":{"rendered":"<p>MABEF M02 studijas molberts ir izgatavots no e\u013c\u013cota di\u017esk\u0101b\u0101r\u017ea un noteikti b\u016bs ikviena m\u0101kslinieka sapnis.  Molberts paredz\u0113ts lielu audeklu nostiprin\u0101\u0161anai un apr\u012bkots ar klo\u0137a meh\u0101nismu audekla augstuma regul\u0113\u0161anai.  Molberta le\u0146\u0137is ir regul\u0113jams un tas ir apr\u012bkots ar izvelkamu, centr\u0101lu k\u0101rti, kas nodro\u0161ina molberta stabilit\u0101ti, str\u0101d\u0101jot ar l\u012bdz 235cm augstiem audekliem.  K\u0101rts un audekla fiks\u0113\u0161anai v\u0113lamaj\u0101 st\u0101vokl\u012b tiek izmantota aizmugur\u0113 eso\u0161\u0101 skr\u016bve.  Ietilp\u012bgais glezno\u0161anas piederumu plaukts abos galos ir apr\u012bkots ar izvelkam\u0101m atvilktn\u0113m.  Stingrais pamata r\u0101mis ir apr\u012bkots ar \u010detriem ritenti\u0146iem un l\u012bme\u0146o\u0161anas skr\u016bv\u0113m, kas nodro\u0161ina molberta vieglu p\u0101rvieto\u0161anu un dro\u0161u izmanto\u0161anu.  Ar 220V motoru, ar ped\u0101\u013ca un\/vai distances vad\u012bbu.<\/p>\n","protected":false},"excerpt":{"rendered":"<p>MABEF M02 studijas molberts ir izgatavots no e\u013c\u013cota di\u017esk\u0101b\u0101r\u017ea un noteikti b\u016bs ikviena m\u0101kslinieka sapnis. Molberts paredz\u0113ts lielu audeklu nostiprin\u0101\u0161anai un apr\u012bkots ar klo\u0137a meh\u0101nismu audekla augstuma regul\u0113\u0161anai. Molberta le\u0146\u0137is ir regul\u0113jams un tas ir apr\u012bkots ar izvelkamu, centr\u0101lu k\u0101rti, kas nodro\u0161ina molberta stabilit\u0101ti, str\u0101d\u0101jot ar l\u012bdz 235cm augstiem audekliem. K\u0101rts un audekla fiks\u0113\u0161anai v\u0113lamaj\u0101 st\u0101vokl\u012b tiek izmantota aizmugur\u0113 eso\u0161\u0101 skr\u016bve. Ietilp\u012bgais glezno\u0161anas piederumu plaukts abos galos ir apr\u012bkots ar izvelkam\u0101m atvilktn\u0113m. Stingrais pamata r\u0101mis ir apr\u012bkots ar \u010detriem ritenti\u0146iem un l\u012bme\u0146o\u0161anas skr\u016bv\u0113m, kas nodro\u0161ina molberta vieglu p\u0101rvieto\u0161anu un dro\u0161u izmanto\u0161anu. Ar 220V motoru, ar ped\u0101\u013ca un\/vai distances vad\u012bbu.<\/p>\n","protected":false},"featured_media":104422,"comment_status":"closed","ping_status":"closed","template":"","meta":{"_acf_changed":false,"ep_exclude_from_search":false},"product_cat":[18550,16123,18934],"product_tag":[],"class_list":{"0":"post-61209","1":"product","2":"type-product","3":"status-publish","4":"has-post-thumbnail","6":"product_cat-elektriskie-molberti","7":"product_cat-makslas-piederumi-2","8":"product_cat-molberti-un-mebeles","10":"first","11":"instock","12":"taxable","13":"shipping-taxable","14":"purchasable","15":"product-type-variable"},"acf":[],"yoast_head":"<!-- This site is optimized with the Yoast SEO plugin v24.1 - https:\/\/yoast.com\/wordpress\/plugins\/seo\/ -->\n<title>Molberts Mabef M02 elektriskais ar diviem pleciem &#8211; Skizze<\/title>\n<meta name=\"robots\" content=\"noindex, follow, max-snippet:-1, max-image-preview:large, max-video-preview:-1\" \/>\n<meta property=\"og:locale\" content=\"lv_LV\" \/>\n<meta property=\"og:type\" content=\"article\" \/>\n<meta property=\"og:title\" content=\"Molberts Mabef M02 elektriskais ar diviem pleciem &#8211; Skizze\" \/>\n<meta property=\"og:description\" content=\"MABEF M02 studijas molberts ir izgatavots no e\u013c\u013cota di\u017esk\u0101b\u0101r\u017ea un noteikti b\u016bs ikviena m\u0101kslinieka sapnis. Molberts paredz\u0113ts lielu audeklu nostiprin\u0101\u0161anai un apr\u012bkots ar klo\u0137a meh\u0101nismu audekla augstuma regul\u0113\u0161anai. Molberta le\u0146\u0137is ir regul\u0113jams un tas ir apr\u012bkots ar izvelkamu, centr\u0101lu k\u0101rti, kas nodro\u0161ina molberta stabilit\u0101ti, str\u0101d\u0101jot ar l\u012bdz 235cm augstiem audekliem. K\u0101rts un audekla fiks\u0113\u0161anai v\u0113lamaj\u0101 st\u0101vokl\u012b tiek izmantota aizmugur\u0113 eso\u0161\u0101 skr\u016bve. Ietilp\u012bgais glezno\u0161anas piederumu plaukts abos galos ir apr\u012bkots ar izvelkam\u0101m atvilktn\u0113m. Stingrais pamata r\u0101mis ir apr\u012bkots ar \u010detriem ritenti\u0146iem un l\u012bme\u0146o\u0161anas skr\u016bv\u0113m, kas nodro\u0161ina molberta vieglu p\u0101rvieto\u0161anu un dro\u0161u izmanto\u0161anu. Ar 220V motoru, ar ped\u0101\u013ca un\/vai distances vad\u012bbu.\" \/>\n<meta property=\"og:url\" content=\"https:\/\/hobstop.ee\/lv\/produkts\/molberts-mabef-m02-elektriskais-ar-diviem-pleciem\/\" \/>\n<meta property=\"og:site_name\" content=\"Skizze\" \/>\n<meta property=\"article:publisher\" content=\"http:\/\/www.facebook.com\/VunderSkizze\" \/>\n<meta property=\"og:image\" content=\"https:\/\/hobstop.ee\/media\/2258.jpg\" \/>\n\t<meta property=\"og:image:width\" content=\"1024\" \/>\n\t<meta property=\"og:image:height\" content=\"768\" \/>\n\t<meta property=\"og:image:type\" content=\"image\/jpeg\" \/>\n<meta name=\"twitter:card\" content=\"summary_large_image\" \/>\n<meta name=\"twitter:label1\" content=\"Est. reading time\" \/>\n\t<meta name=\"twitter:data1\" content=\"1 min\u016b\u0161u\" \/>\n<script type=\"application\/ld+json\" class=\"yoast-schema-graph\">{\"@context\":\"https:\/\/schema.org\",\"@graph\":[{\"@type\":\"WebPage\",\"@id\":\"https:\/\/hobstop.ee\/lv\/produkts\/molberts-mabef-m02-elektriskais-ar-diviem-pleciem\/\",\"url\":\"https:\/\/hobstop.ee\/lv\/produkts\/molberts-mabef-m02-elektriskais-ar-diviem-pleciem\/\",\"name\":\"Molberts Mabef M02 elektriskais ar diviem pleciem &#8211; Skizze\",\"isPartOf\":{\"@id\":\"https:\/\/hobstop.ee\/lv\/#website\"},\"primaryImageOfPage\":{\"@id\":\"https:\/\/hobstop.ee\/lv\/produkts\/molberts-mabef-m02-elektriskais-ar-diviem-pleciem\/#primaryimage\"},\"image\":{\"@id\":\"https:\/\/hobstop.ee\/lv\/produkts\/molberts-mabef-m02-elektriskais-ar-diviem-pleciem\/#primaryimage\"},\"thumbnailUrl\":\"https:\/\/hobstop.ee\/media\/2258.jpg\",\"datePublished\":\"2014-12-09T10:58:13+00:00\",\"dateModified\":\"2014-12-09T10:58:13+00:00\",\"breadcrumb\":{\"@id\":\"https:\/\/hobstop.ee\/lv\/produkts\/molberts-mabef-m02-elektriskais-ar-diviem-pleciem\/#breadcrumb\"},\"inLanguage\":\"lv-LV\",\"potentialAction\":[{\"@type\":\"ReadAction\",\"target\":[\"https:\/\/hobstop.ee\/lv\/produkts\/molberts-mabef-m02-elektriskais-ar-diviem-pleciem\/\"]}]},{\"@type\":\"ImageObject\",\"inLanguage\":\"lv-LV\",\"@id\":\"https:\/\/hobstop.ee\/lv\/produkts\/molberts-mabef-m02-elektriskais-ar-diviem-pleciem\/#primaryimage\",\"url\":\"https:\/\/hobstop.ee\/media\/2258.jpg\",\"contentUrl\":\"https:\/\/hobstop.ee\/media\/2258.jpg\",\"width\":1024,\"height\":768},{\"@type\":\"BreadcrumbList\",\"@id\":\"https:\/\/hobstop.ee\/lv\/produkts\/molberts-mabef-m02-elektriskais-ar-diviem-pleciem\/#breadcrumb\",\"itemListElement\":[{\"@type\":\"ListItem\",\"position\":1,\"name\":\"Avaleht\",\"item\":\"https:\/\/hobstop.ee\/lv\/\"},{\"@type\":\"ListItem\",\"position\":2,\"name\":\"Veikals\",\"item\":\"https:\/\/hobstop.ee\/lv\/veikals\/\"},{\"@type\":\"ListItem\",\"position\":3,\"name\":\"Molberts Mabef M02 elektriskais ar diviem pleciem\"}]},{\"@type\":\"WebSite\",\"@id\":\"https:\/\/hobstop.ee\/lv\/#website\",\"url\":\"https:\/\/hobstop.ee\/lv\/\",\"name\":\"Skizze\",\"description\":\"M\u0101kslas, hobiju un skolas preces\",\"publisher\":{\"@id\":\"https:\/\/hobstop.ee\/lv\/#organization\"},\"potentialAction\":[{\"@type\":\"SearchAction\",\"target\":{\"@type\":\"EntryPoint\",\"urlTemplate\":\"https:\/\/hobstop.ee\/lv\/?s={search_term_string}\"},\"query-input\":{\"@type\":\"PropertyValueSpecification\",\"valueRequired\":true,\"valueName\":\"search_term_string\"}}],\"inLanguage\":\"lv-LV\"},{\"@type\":\"Organization\",\"@id\":\"https:\/\/hobstop.ee\/lv\/#organization\",\"name\":\"Vunder AS\",\"url\":\"https:\/\/hobstop.ee\/lv\/\",\"logo\":{\"@type\":\"ImageObject\",\"inLanguage\":\"lv-LV\",\"@id\":\"https:\/\/hobstop.ee\/lv\/#\/schema\/logo\/image\/\",\"url\":\"https:\/\/hobstop.ee\/media\/vunder-logo.png\",\"contentUrl\":\"https:\/\/hobstop.ee\/media\/vunder-logo.png\",\"width\":127,\"height\":55,\"caption\":\"Vunder AS\"},\"image\":{\"@id\":\"https:\/\/hobstop.ee\/lv\/#\/schema\/logo\/image\/\"},\"sameAs\":[\"http:\/\/www.facebook.com\/VunderSkizze\"]}]}<\/script>\n<!-- \/ Yoast SEO plugin. -->","yoast_head_json":{"title":"Molberts Mabef M02 elektriskais ar diviem pleciem &#8211; Skizze","robots":{"index":"noindex","follow":"follow","max-snippet":"max-snippet:-1","max-image-preview":"max-image-preview:large","max-video-preview":"max-video-preview:-1"},"og_locale":"lv_LV","og_type":"article","og_title":"Molberts Mabef M02 elektriskais ar diviem pleciem &#8211; Skizze","og_description":"MABEF M02 studijas molberts ir izgatavots no e\u013c\u013cota di\u017esk\u0101b\u0101r\u017ea un noteikti b\u016bs ikviena m\u0101kslinieka sapnis. Molberts paredz\u0113ts lielu audeklu nostiprin\u0101\u0161anai un apr\u012bkots ar klo\u0137a meh\u0101nismu audekla augstuma regul\u0113\u0161anai. Molberta le\u0146\u0137is ir regul\u0113jams un tas ir apr\u012bkots ar izvelkamu, centr\u0101lu k\u0101rti, kas nodro\u0161ina molberta stabilit\u0101ti, str\u0101d\u0101jot ar l\u012bdz 235cm augstiem audekliem. K\u0101rts un audekla fiks\u0113\u0161anai v\u0113lamaj\u0101 st\u0101vokl\u012b tiek izmantota aizmugur\u0113 eso\u0161\u0101 skr\u016bve. Ietilp\u012bgais glezno\u0161anas piederumu plaukts abos galos ir apr\u012bkots ar izvelkam\u0101m atvilktn\u0113m. Stingrais pamata r\u0101mis ir apr\u012bkots ar \u010detriem ritenti\u0146iem un l\u012bme\u0146o\u0161anas skr\u016bv\u0113m, kas nodro\u0161ina molberta vieglu p\u0101rvieto\u0161anu un dro\u0161u izmanto\u0161anu. Ar 220V motoru, ar ped\u0101\u013ca un\/vai distances vad\u012bbu.","og_url":"https:\/\/hobstop.ee\/lv\/produkts\/molberts-mabef-m02-elektriskais-ar-diviem-pleciem\/","og_site_name":"Skizze","article_publisher":"http:\/\/www.facebook.com\/VunderSkizze","og_image":[{"width":1024,"height":768,"url":"https:\/\/hobstop.ee\/media\/2258.jpg","type":"image\/jpeg"}],"twitter_card":"summary_large_image","twitter_misc":{"Est. reading time":"1 min\u016b\u0161u"},"schema":{"@context":"https:\/\/schema.org","@graph":[{"@type":"WebPage","@id":"https:\/\/hobstop.ee\/lv\/produkts\/molberts-mabef-m02-elektriskais-ar-diviem-pleciem\/","url":"https:\/\/hobstop.ee\/lv\/produkts\/molberts-mabef-m02-elektriskais-ar-diviem-pleciem\/","name":"Molberts Mabef M02 elektriskais ar diviem pleciem &#8211; Skizze","isPartOf":{"@id":"https:\/\/hobstop.ee\/lv\/#website"},"primaryImageOfPage":{"@id":"https:\/\/hobstop.ee\/lv\/produkts\/molberts-mabef-m02-elektriskais-ar-diviem-pleciem\/#primaryimage"},"image":{"@id":"https:\/\/hobstop.ee\/lv\/produkts\/molberts-mabef-m02-elektriskais-ar-diviem-pleciem\/#primaryimage"},"thumbnailUrl":"https:\/\/hobstop.ee\/media\/2258.jpg","datePublished":"2014-12-09T10:58:13+00:00","dateModified":"2014-12-09T10:58:13+00:00","breadcrumb":{"@id":"https:\/\/hobstop.ee\/lv\/produkts\/molberts-mabef-m02-elektriskais-ar-diviem-pleciem\/#breadcrumb"},"inLanguage":"lv-LV","potentialAction":[{"@type":"ReadAction","target":["https:\/\/hobstop.ee\/lv\/produkts\/molberts-mabef-m02-elektriskais-ar-diviem-pleciem\/"]}]},{"@type":"ImageObject","inLanguage":"lv-LV","@id":"https:\/\/hobstop.ee\/lv\/produkts\/molberts-mabef-m02-elektriskais-ar-diviem-pleciem\/#primaryimage","url":"https:\/\/hobstop.ee\/media\/2258.jpg","contentUrl":"https:\/\/hobstop.ee\/media\/2258.jpg","width":1024,"height":768},{"@type":"BreadcrumbList","@id":"https:\/\/hobstop.ee\/lv\/produkts\/molberts-mabef-m02-elektriskais-ar-diviem-pleciem\/#breadcrumb","itemListElement":[{"@type":"ListItem","position":1,"name":"Avaleht","item":"https:\/\/hobstop.ee\/lv\/"},{"@type":"ListItem","position":2,"name":"Veikals","item":"https:\/\/hobstop.ee\/lv\/veikals\/"},{"@type":"ListItem","position":3,"name":"Molberts Mabef M02 elektriskais ar diviem pleciem"}]},{"@type":"WebSite","@id":"https:\/\/hobstop.ee\/lv\/#website","url":"https:\/\/hobstop.ee\/lv\/","name":"Skizze","description":"M\u0101kslas, hobiju un skolas preces","publisher":{"@id":"https:\/\/hobstop.ee\/lv\/#organization"},"potentialAction":[{"@type":"SearchAction","target":{"@type":"EntryPoint","urlTemplate":"https:\/\/hobstop.ee\/lv\/?s={search_term_string}"},"query-input":{"@type":"PropertyValueSpecification","valueRequired":true,"valueName":"search_term_string"}}],"inLanguage":"lv-LV"},{"@type":"Organization","@id":"https:\/\/hobstop.ee\/lv\/#organization","name":"Vunder AS","url":"https:\/\/hobstop.ee\/lv\/","logo":{"@type":"ImageObject","inLanguage":"lv-LV","@id":"https:\/\/hobstop.ee\/lv\/#\/schema\/logo\/image\/","url":"https:\/\/hobstop.ee\/media\/vunder-logo.png","contentUrl":"https:\/\/hobstop.ee\/media\/vunder-logo.png","width":127,"height":55,"caption":"Vunder AS"},"image":{"@id":"https:\/\/hobstop.ee\/lv\/#\/schema\/logo\/image\/"},"sameAs":["http:\/\/www.facebook.com\/VunderSkizze"]}]}},"_links":{"self":[{"href":"https:\/\/hobstop.ee\/lv\/wp-json\/wp\/v2\/product\/61209","targetHints":{"allow":["GET"]}}],"collection":[{"href":"https:\/\/hobstop.ee\/lv\/wp-json\/wp\/v2\/product"}],"about":[{"href":"https:\/\/hobstop.ee\/lv\/wp-json\/wp\/v2\/types\/product"}],"replies":[{"embeddable":true,"href":"https:\/\/hobstop.ee\/lv\/wp-json\/wp\/v2\/comments?post=61209"}],"wp:featuredmedia":[{"embeddable":true,"href":"https:\/\/hobstop.ee\/lv\/wp-json\/wp\/v2\/media\/104422"}],"wp:attachment":[{"href":"https:\/\/hobstop.ee\/lv\/wp-json\/wp\/v2\/media?parent=61209"}],"wp:term":[{"taxonomy":"product_cat","embeddable":true,"href":"https:\/\/hobstop.ee\/lv\/wp-json\/wp\/v2\/product_cat?post=61209"},{"taxonomy":"product_tag","embeddable":true,"href":"https:\/\/hobstop.ee\/lv\/wp-json\/wp\/v2\/product_tag?post=61209"}],"curies":[{"name":"wp","href":"https:\/\/api.w.org\/{rel}","templated":true}]}}