{"id":61233,"date":"2014-12-09T12:58:19","date_gmt":"2014-12-09T10:58:19","guid":{"rendered":"https:\/\/sharks.ee\/vunder_2019.klient.veebimajutus.ee\/?post_type=product&#038;p=61233"},"modified":"2019-09-11T11:38:44","modified_gmt":"2019-09-11T08:38:44","slug":"zida-krasa-marabu-silk-50ml","status":"publish","type":"product","link":"https:\/\/hobstop.ee\/lv\/produkts\/zida-krasa-marabu-silk-50ml\/","title":{"rendered":"Z\u012bda kr\u0101sa Marabu Silk 50ml"},"content":{"rendered":"<p>Intens\u012bv\u0101s Marabu Silk kr\u0101sas ir paredz\u0113tas z\u012bda apglezno\u0161anai. Pies\u0101tin\u0101tas un mirdzo\u0161as kr\u0101sas ar \u013coti lab\u0101m pl\u016b\u0161anas \u012bpa\u0161\u012bb\u0101m &#8211; uz \u016bdens b\u0101zes izgatavot\u0101s kr\u0101sas var nostiprin\u0101t gludinot, un t\u0101s ir piem\u0113rotas izmanto\u0161anai skol\u0101s, darbn\u012bc\u0101s, m\u0101j\u0101s un lieti\u0161\u0137\u0101s m\u0101kslas studij\u0101s.  Kr\u0101sas ir \u013coti notur\u012bgas un t\u0101s var at\u0161\u0137aid\u012bt ar \u016bdeni.  Marabu Silk kr\u0101sa ir ide\u0101li piem\u0113rota visa veida z\u012bda, k\u0101 ar\u012b pl\u0101na kokvilnas auduma apglezno\u0161anai.  P\u0113c nostiprin\u0101\u0161anas (gludinot vai kr\u0101sn\u012b 150\u00b0C\/8min) ar Marabu Silk apgleznotos audumus var mazg\u0101t un t\u012br\u012bt \u0137\u012bmiski.<\/p>\n","protected":false},"excerpt":{"rendered":"<p>Intens\u012bv\u0101s Marabu Silk kr\u0101sas ir paredz\u0113tas z\u012bda apglezno\u0161anai. Pies\u0101tin\u0101tas un mirdzo\u0161as kr\u0101sas ar \u013coti lab\u0101m pl\u016b\u0161anas \u012bpa\u0161\u012bb\u0101m &#8211; uz \u016bdens b\u0101zes izgatavot\u0101s kr\u0101sas var nostiprin\u0101t gludinot, un t\u0101s ir piem\u0113rotas izmanto\u0161anai skol\u0101s, darbn\u012bc\u0101s, m\u0101j\u0101s un lieti\u0161\u0137\u0101s m\u0101kslas studij\u0101s. Kr\u0101sas ir \u013coti notur\u012bgas un t\u0101s var at\u0161\u0137aid\u012bt ar \u016bdeni. Marabu Silk kr\u0101sa ir ide\u0101li piem\u0113rota visa veida z\u012bda, k\u0101 ar\u012b pl\u0101na kokvilnas auduma apglezno\u0161anai. P\u0113c nostiprin\u0101\u0161anas (gludinot vai kr\u0101sn\u012b 150\u00b0C\/8min) ar Marabu Silk apgleznotos audumus var mazg\u0101t un t\u012br\u012bt \u0137\u012bmiski.<\/p>\n","protected":false},"featured_media":353163,"comment_status":"closed","ping_status":"closed","template":"","meta":{"_acf_changed":false,"ep_exclude_from_search":false},"product_cat":[17918,17956,18211],"product_tag":[],"class_list":{"0":"post-61233","1":"product","2":"type-product","3":"status-publish","4":"has-post-thumbnail","6":"product_cat-preces-hobijiem","7":"product_cat-tekstilam-un-adai","8":"product_cat-zida-krasas","10":"first","11":"instock","12":"sale","13":"taxable","14":"shipping-taxable","15":"purchasable","16":"product-type-variable"},"acf":[],"yoast_head":"<!-- This site is optimized with the Yoast SEO plugin v24.1 - https:\/\/yoast.com\/wordpress\/plugins\/seo\/ -->\n<title>Z\u012bda kr\u0101sa Marabu Silk 50ml &#8211; Skizze<\/title>\n<meta name=\"robots\" content=\"noindex, follow, max-snippet:-1, max-image-preview:large, max-video-preview:-1\" \/>\n<meta property=\"og:locale\" content=\"lv_LV\" \/>\n<meta property=\"og:type\" content=\"article\" \/>\n<meta property=\"og:title\" content=\"Z\u012bda kr\u0101sa Marabu Silk 50ml &#8211; Skizze\" \/>\n<meta property=\"og:description\" content=\"Intens\u012bv\u0101s Marabu Silk kr\u0101sas ir paredz\u0113tas z\u012bda apglezno\u0161anai. Pies\u0101tin\u0101tas un mirdzo\u0161as kr\u0101sas ar \u013coti lab\u0101m pl\u016b\u0161anas \u012bpa\u0161\u012bb\u0101m &#8211; uz \u016bdens b\u0101zes izgatavot\u0101s kr\u0101sas var nostiprin\u0101t gludinot, un t\u0101s ir piem\u0113rotas izmanto\u0161anai skol\u0101s, darbn\u012bc\u0101s, m\u0101j\u0101s un lieti\u0161\u0137\u0101s m\u0101kslas studij\u0101s. Kr\u0101sas ir \u013coti notur\u012bgas un t\u0101s var at\u0161\u0137aid\u012bt ar \u016bdeni. Marabu Silk kr\u0101sa ir ide\u0101li piem\u0113rota visa veida z\u012bda, k\u0101 ar\u012b pl\u0101na kokvilnas auduma apglezno\u0161anai. P\u0113c nostiprin\u0101\u0161anas (gludinot vai kr\u0101sn\u012b 150\u00b0C\/8min) ar Marabu Silk apgleznotos audumus var mazg\u0101t un t\u012br\u012bt \u0137\u012bmiski.\" \/>\n<meta property=\"og:url\" content=\"https:\/\/hobstop.ee\/lv\/produkts\/zida-krasa-marabu-silk-50ml\/\" \/>\n<meta property=\"og:site_name\" content=\"Skizze\" \/>\n<meta property=\"article:publisher\" content=\"http:\/\/www.facebook.com\/VunderSkizze\" \/>\n<meta property=\"article:modified_time\" content=\"2019-09-11T08:38:44+00:00\" \/>\n<meta property=\"og:image\" content=\"https:\/\/hobstop.ee\/media\/2274.jpg\" \/>\n\t<meta property=\"og:image:width\" content=\"1024\" \/>\n\t<meta property=\"og:image:height\" content=\"768\" \/>\n\t<meta property=\"og:image:type\" content=\"image\/jpeg\" \/>\n<meta name=\"twitter:card\" content=\"summary_large_image\" \/>\n<meta name=\"twitter:label1\" content=\"Est. reading time\" \/>\n\t<meta name=\"twitter:data1\" content=\"1 min\u016b\u0161u\" \/>\n<script type=\"application\/ld+json\" class=\"yoast-schema-graph\">{\"@context\":\"https:\/\/schema.org\",\"@graph\":[{\"@type\":\"WebPage\",\"@id\":\"https:\/\/hobstop.ee\/lv\/produkts\/zida-krasa-marabu-silk-50ml\/\",\"url\":\"https:\/\/hobstop.ee\/lv\/produkts\/zida-krasa-marabu-silk-50ml\/\",\"name\":\"Z\u012bda kr\u0101sa Marabu Silk 50ml &#8211; Skizze\",\"isPartOf\":{\"@id\":\"https:\/\/www.hobstop.ee\/lv\/#website\"},\"primaryImageOfPage\":{\"@id\":\"https:\/\/hobstop.ee\/lv\/produkts\/zida-krasa-marabu-silk-50ml\/#primaryimage\"},\"image\":{\"@id\":\"https:\/\/hobstop.ee\/lv\/produkts\/zida-krasa-marabu-silk-50ml\/#primaryimage\"},\"thumbnailUrl\":\"https:\/\/hobstop.ee\/media\/2274.jpg\",\"datePublished\":\"2014-12-09T10:58:19+00:00\",\"dateModified\":\"2019-09-11T08:38:44+00:00\",\"breadcrumb\":{\"@id\":\"https:\/\/hobstop.ee\/lv\/produkts\/zida-krasa-marabu-silk-50ml\/#breadcrumb\"},\"inLanguage\":\"lv-LV\",\"potentialAction\":[{\"@type\":\"ReadAction\",\"target\":[\"https:\/\/hobstop.ee\/lv\/produkts\/zida-krasa-marabu-silk-50ml\/\"]}]},{\"@type\":\"ImageObject\",\"inLanguage\":\"lv-LV\",\"@id\":\"https:\/\/hobstop.ee\/lv\/produkts\/zida-krasa-marabu-silk-50ml\/#primaryimage\",\"url\":\"https:\/\/hobstop.ee\/media\/2274.jpg\",\"contentUrl\":\"https:\/\/hobstop.ee\/media\/2274.jpg\",\"width\":1024,\"height\":768},{\"@type\":\"BreadcrumbList\",\"@id\":\"https:\/\/hobstop.ee\/lv\/produkts\/zida-krasa-marabu-silk-50ml\/#breadcrumb\",\"itemListElement\":[{\"@type\":\"ListItem\",\"position\":1,\"name\":\"Avaleht\",\"item\":\"https:\/\/www.hobstop.ee\/lv\/\"},{\"@type\":\"ListItem\",\"position\":2,\"name\":\"Veikals\",\"item\":\"https:\/\/www.hobstop.ee\/lv\/veikals\/\"},{\"@type\":\"ListItem\",\"position\":3,\"name\":\"Z\u012bda kr\u0101sa Marabu Silk 50ml\"}]},{\"@type\":\"WebSite\",\"@id\":\"https:\/\/www.hobstop.ee\/lv\/#website\",\"url\":\"https:\/\/www.hobstop.ee\/lv\/\",\"name\":\"Skizze\",\"description\":\"M\u0101kslas, hobiju un skolas preces\",\"publisher\":{\"@id\":\"https:\/\/www.hobstop.ee\/lv\/#organization\"},\"potentialAction\":[{\"@type\":\"SearchAction\",\"target\":{\"@type\":\"EntryPoint\",\"urlTemplate\":\"https:\/\/www.hobstop.ee\/lv\/?s={search_term_string}\"},\"query-input\":{\"@type\":\"PropertyValueSpecification\",\"valueRequired\":true,\"valueName\":\"search_term_string\"}}],\"inLanguage\":\"lv-LV\"},{\"@type\":\"Organization\",\"@id\":\"https:\/\/www.hobstop.ee\/lv\/#organization\",\"name\":\"Vunder AS\",\"url\":\"https:\/\/www.hobstop.ee\/lv\/\",\"logo\":{\"@type\":\"ImageObject\",\"inLanguage\":\"lv-LV\",\"@id\":\"https:\/\/www.hobstop.ee\/lv\/#\/schema\/logo\/image\/\",\"url\":\"https:\/\/hobstop.ee\/media\/vunder-logo.png\",\"contentUrl\":\"https:\/\/hobstop.ee\/media\/vunder-logo.png\",\"width\":127,\"height\":55,\"caption\":\"Vunder AS\"},\"image\":{\"@id\":\"https:\/\/www.hobstop.ee\/lv\/#\/schema\/logo\/image\/\"},\"sameAs\":[\"http:\/\/www.facebook.com\/VunderSkizze\"]}]}<\/script>\n<!-- \/ Yoast SEO plugin. -->","yoast_head_json":{"title":"Z\u012bda kr\u0101sa Marabu Silk 50ml &#8211; Skizze","robots":{"index":"noindex","follow":"follow","max-snippet":"max-snippet:-1","max-image-preview":"max-image-preview:large","max-video-preview":"max-video-preview:-1"},"og_locale":"lv_LV","og_type":"article","og_title":"Z\u012bda kr\u0101sa Marabu Silk 50ml &#8211; Skizze","og_description":"Intens\u012bv\u0101s Marabu Silk kr\u0101sas ir paredz\u0113tas z\u012bda apglezno\u0161anai. Pies\u0101tin\u0101tas un mirdzo\u0161as kr\u0101sas ar \u013coti lab\u0101m pl\u016b\u0161anas \u012bpa\u0161\u012bb\u0101m &#8211; uz \u016bdens b\u0101zes izgatavot\u0101s kr\u0101sas var nostiprin\u0101t gludinot, un t\u0101s ir piem\u0113rotas izmanto\u0161anai skol\u0101s, darbn\u012bc\u0101s, m\u0101j\u0101s un lieti\u0161\u0137\u0101s m\u0101kslas studij\u0101s. Kr\u0101sas ir \u013coti notur\u012bgas un t\u0101s var at\u0161\u0137aid\u012bt ar \u016bdeni. Marabu Silk kr\u0101sa ir ide\u0101li piem\u0113rota visa veida z\u012bda, k\u0101 ar\u012b pl\u0101na kokvilnas auduma apglezno\u0161anai. P\u0113c nostiprin\u0101\u0161anas (gludinot vai kr\u0101sn\u012b 150\u00b0C\/8min) ar Marabu Silk apgleznotos audumus var mazg\u0101t un t\u012br\u012bt \u0137\u012bmiski.","og_url":"https:\/\/hobstop.ee\/lv\/produkts\/zida-krasa-marabu-silk-50ml\/","og_site_name":"Skizze","article_publisher":"http:\/\/www.facebook.com\/VunderSkizze","article_modified_time":"2019-09-11T08:38:44+00:00","og_image":[{"width":1024,"height":768,"url":"https:\/\/hobstop.ee\/media\/2274.jpg","type":"image\/jpeg"}],"twitter_card":"summary_large_image","twitter_misc":{"Est. reading time":"1 min\u016b\u0161u"},"schema":{"@context":"https:\/\/schema.org","@graph":[{"@type":"WebPage","@id":"https:\/\/hobstop.ee\/lv\/produkts\/zida-krasa-marabu-silk-50ml\/","url":"https:\/\/hobstop.ee\/lv\/produkts\/zida-krasa-marabu-silk-50ml\/","name":"Z\u012bda kr\u0101sa Marabu Silk 50ml &#8211; Skizze","isPartOf":{"@id":"https:\/\/www.hobstop.ee\/lv\/#website"},"primaryImageOfPage":{"@id":"https:\/\/hobstop.ee\/lv\/produkts\/zida-krasa-marabu-silk-50ml\/#primaryimage"},"image":{"@id":"https:\/\/hobstop.ee\/lv\/produkts\/zida-krasa-marabu-silk-50ml\/#primaryimage"},"thumbnailUrl":"https:\/\/hobstop.ee\/media\/2274.jpg","datePublished":"2014-12-09T10:58:19+00:00","dateModified":"2019-09-11T08:38:44+00:00","breadcrumb":{"@id":"https:\/\/hobstop.ee\/lv\/produkts\/zida-krasa-marabu-silk-50ml\/#breadcrumb"},"inLanguage":"lv-LV","potentialAction":[{"@type":"ReadAction","target":["https:\/\/hobstop.ee\/lv\/produkts\/zida-krasa-marabu-silk-50ml\/"]}]},{"@type":"ImageObject","inLanguage":"lv-LV","@id":"https:\/\/hobstop.ee\/lv\/produkts\/zida-krasa-marabu-silk-50ml\/#primaryimage","url":"https:\/\/hobstop.ee\/media\/2274.jpg","contentUrl":"https:\/\/hobstop.ee\/media\/2274.jpg","width":1024,"height":768},{"@type":"BreadcrumbList","@id":"https:\/\/hobstop.ee\/lv\/produkts\/zida-krasa-marabu-silk-50ml\/#breadcrumb","itemListElement":[{"@type":"ListItem","position":1,"name":"Avaleht","item":"https:\/\/www.hobstop.ee\/lv\/"},{"@type":"ListItem","position":2,"name":"Veikals","item":"https:\/\/www.hobstop.ee\/lv\/veikals\/"},{"@type":"ListItem","position":3,"name":"Z\u012bda kr\u0101sa Marabu Silk 50ml"}]},{"@type":"WebSite","@id":"https:\/\/www.hobstop.ee\/lv\/#website","url":"https:\/\/www.hobstop.ee\/lv\/","name":"Skizze","description":"M\u0101kslas, hobiju un skolas preces","publisher":{"@id":"https:\/\/www.hobstop.ee\/lv\/#organization"},"potentialAction":[{"@type":"SearchAction","target":{"@type":"EntryPoint","urlTemplate":"https:\/\/www.hobstop.ee\/lv\/?s={search_term_string}"},"query-input":{"@type":"PropertyValueSpecification","valueRequired":true,"valueName":"search_term_string"}}],"inLanguage":"lv-LV"},{"@type":"Organization","@id":"https:\/\/www.hobstop.ee\/lv\/#organization","name":"Vunder AS","url":"https:\/\/www.hobstop.ee\/lv\/","logo":{"@type":"ImageObject","inLanguage":"lv-LV","@id":"https:\/\/www.hobstop.ee\/lv\/#\/schema\/logo\/image\/","url":"https:\/\/hobstop.ee\/media\/vunder-logo.png","contentUrl":"https:\/\/hobstop.ee\/media\/vunder-logo.png","width":127,"height":55,"caption":"Vunder AS"},"image":{"@id":"https:\/\/www.hobstop.ee\/lv\/#\/schema\/logo\/image\/"},"sameAs":["http:\/\/www.facebook.com\/VunderSkizze"]}]}},"_links":{"self":[{"href":"https:\/\/hobstop.ee\/lv\/wp-json\/wp\/v2\/product\/61233","targetHints":{"allow":["GET"]}}],"collection":[{"href":"https:\/\/hobstop.ee\/lv\/wp-json\/wp\/v2\/product"}],"about":[{"href":"https:\/\/hobstop.ee\/lv\/wp-json\/wp\/v2\/types\/product"}],"replies":[{"embeddable":true,"href":"https:\/\/hobstop.ee\/lv\/wp-json\/wp\/v2\/comments?post=61233"}],"wp:featuredmedia":[{"embeddable":true,"href":"https:\/\/hobstop.ee\/lv\/wp-json\/wp\/v2\/media\/353163"}],"wp:attachment":[{"href":"https:\/\/hobstop.ee\/lv\/wp-json\/wp\/v2\/media?parent=61233"}],"wp:term":[{"taxonomy":"product_cat","embeddable":true,"href":"https:\/\/hobstop.ee\/lv\/wp-json\/wp\/v2\/product_cat?post=61233"},{"taxonomy":"product_tag","embeddable":true,"href":"https:\/\/hobstop.ee\/lv\/wp-json\/wp\/v2\/product_tag?post=61233"}],"curies":[{"name":"wp","href":"https:\/\/api.w.org\/{rel}","templated":true}]}}