{"id":61245,"date":"2014-12-09T12:58:30","date_gmt":"2014-12-09T10:58:30","guid":{"rendered":"https:\/\/sharks.ee\/vunder_2019.klient.veebimajutus.ee\/?post_type=product&#038;p=61245"},"modified":"2014-12-09T12:58:30","modified_gmt":"2014-12-09T10:58:30","slug":"krasainais-zimulis-derwent-academy-metala-kaste","status":"publish","type":"product","link":"https:\/\/hobstop.ee\/lv\/produkts\/krasainais-zimulis-derwent-academy-metala-kaste\/","title":{"rendered":"Kr\u0101sainais z\u012bmulis Derwent Academy met\u0101la kast\u0113"},"content":{"rendered":"<p>Lab\u0101kais ies\u0101kums z\u012bm\u0113\u0161anas pasaul\u0113. Derwent Academy kr\u0101sainie z\u012bmu\u013ci ir lieliski piem\u0113roti kr\u0101so\u0161anai, z\u012bm\u0113\u0161anai un ilustr\u0113\u0161anai. Tos ir viegli lietot un vien\u0101 mirkl\u012b uzburt veselu kr\u0101su burv\u012bbu. Izgatavoti no dab\u012bga koka. Z\u012bmu\u013cu serdes ir no kvalitat\u012bva pigmenta atbilsto\u0161i Derwent stingrajiem standartiem, t\u0101d\u0113\u013c kr\u0101sa kl\u0101jas uz pap\u012bra \u0101tri un vienm\u0113r\u012bgi. Da\u017e\u0101d\u0101s kr\u0101sas ir labi sajaucamas, dodot iesp\u0113ju rad\u012bt v\u0113l vair\u0101k jaunu nokr\u0101su.<br \/>\nApa\u013c\u0161 6.9mm koka apvalks, serde\u0146a d=2.9mm<\/p>\n","protected":false},"excerpt":{"rendered":"<p>Lab\u0101kais ies\u0101kums z\u012bm\u0113\u0161anas pasaul\u0113. Derwent Academy kr\u0101sainie z\u012bmu\u013ci ir lieliski piem\u0113roti kr\u0101so\u0161anai, z\u012bm\u0113\u0161anai un ilustr\u0113\u0161anai. Tos ir viegli lietot un vien\u0101 mirkl\u012b uzburt veselu kr\u0101su burv\u012bbu. Izgatavoti no dab\u012bga koka. Z\u012bmu\u013cu serdes ir no kvalitat\u012bva pigmenta atbilsto\u0161i Derwent stingrajiem standartiem, t\u0101d\u0113\u013c kr\u0101sa kl\u0101jas uz pap\u012bra \u0101tri un vienm\u0113r\u012bgi. Da\u017e\u0101d\u0101s kr\u0101sas ir labi sajaucamas, dodot iesp\u0113ju rad\u012bt v\u0113l vair\u0101k jaunu nokr\u0101su. Apa\u013c\u0161 6.9mm koka apvalks, serde\u0146a d=2.9mm<\/p>\n","protected":false},"featured_media":0,"comment_status":"closed","ping_status":"closed","template":"","meta":{"_acf_changed":false,"ep_exclude_from_search":false},"product_cat":[18142,16123,18931],"product_tag":[],"class_list":{"0":"post-61245","1":"product","2":"type-product","3":"status-publish","5":"product_cat-krasu-zimuli-3","6":"product_cat-makslas-piederumi-2","7":"product_cat-zimesanas-piederumi-3","9":"first","10":"instock","11":"taxable","12":"shipping-taxable","13":"purchasable","14":"product-type-variable"},"acf":[],"yoast_head":"<!-- This site is optimized with the Yoast SEO plugin v24.1 - https:\/\/yoast.com\/wordpress\/plugins\/seo\/ -->\n<title>Kr\u0101sainais z\u012bmulis Derwent Academy met\u0101la kast\u0113 &#8211; Skizze<\/title>\n<meta name=\"robots\" content=\"noindex, follow, max-snippet:-1, max-image-preview:large, max-video-preview:-1\" \/>\n<meta property=\"og:locale\" content=\"lv_LV\" \/>\n<meta property=\"og:type\" content=\"article\" \/>\n<meta property=\"og:title\" content=\"Kr\u0101sainais z\u012bmulis Derwent Academy met\u0101la kast\u0113 &#8211; Skizze\" \/>\n<meta property=\"og:description\" content=\"Lab\u0101kais ies\u0101kums z\u012bm\u0113\u0161anas pasaul\u0113. Derwent Academy kr\u0101sainie z\u012bmu\u013ci ir lieliski piem\u0113roti kr\u0101so\u0161anai, z\u012bm\u0113\u0161anai un ilustr\u0113\u0161anai. Tos ir viegli lietot un vien\u0101 mirkl\u012b uzburt veselu kr\u0101su burv\u012bbu. Izgatavoti no dab\u012bga koka. Z\u012bmu\u013cu serdes ir no kvalitat\u012bva pigmenta atbilsto\u0161i Derwent stingrajiem standartiem, t\u0101d\u0113\u013c kr\u0101sa kl\u0101jas uz pap\u012bra \u0101tri un vienm\u0113r\u012bgi. Da\u017e\u0101d\u0101s kr\u0101sas ir labi sajaucamas, dodot iesp\u0113ju rad\u012bt v\u0113l vair\u0101k jaunu nokr\u0101su. Apa\u013c\u0161 6.9mm koka apvalks, serde\u0146a d=2.9mm\" \/>\n<meta property=\"og:url\" content=\"https:\/\/hobstop.ee\/lv\/produkts\/krasainais-zimulis-derwent-academy-metala-kaste\/\" \/>\n<meta property=\"og:site_name\" content=\"Skizze\" \/>\n<meta property=\"article:publisher\" content=\"http:\/\/www.facebook.com\/VunderSkizze\" \/>\n<meta name=\"twitter:card\" content=\"summary_large_image\" \/>\n<meta name=\"twitter:label1\" content=\"Est. reading time\" \/>\n\t<meta name=\"twitter:data1\" content=\"1 min\u016b\u0161u\" \/>\n<script type=\"application\/ld+json\" class=\"yoast-schema-graph\">{\"@context\":\"https:\/\/schema.org\",\"@graph\":[{\"@type\":\"WebPage\",\"@id\":\"https:\/\/hobstop.ee\/lv\/produkts\/krasainais-zimulis-derwent-academy-metala-kaste\/\",\"url\":\"https:\/\/hobstop.ee\/lv\/produkts\/krasainais-zimulis-derwent-academy-metala-kaste\/\",\"name\":\"Kr\u0101sainais z\u012bmulis Derwent Academy met\u0101la kast\u0113 &#8211; Skizze\",\"isPartOf\":{\"@id\":\"https:\/\/hobstop.ee\/lv\/#website\"},\"datePublished\":\"2014-12-09T10:58:30+00:00\",\"dateModified\":\"2014-12-09T10:58:30+00:00\",\"breadcrumb\":{\"@id\":\"https:\/\/hobstop.ee\/lv\/produkts\/krasainais-zimulis-derwent-academy-metala-kaste\/#breadcrumb\"},\"inLanguage\":\"lv-LV\",\"potentialAction\":[{\"@type\":\"ReadAction\",\"target\":[\"https:\/\/hobstop.ee\/lv\/produkts\/krasainais-zimulis-derwent-academy-metala-kaste\/\"]}]},{\"@type\":\"BreadcrumbList\",\"@id\":\"https:\/\/hobstop.ee\/lv\/produkts\/krasainais-zimulis-derwent-academy-metala-kaste\/#breadcrumb\",\"itemListElement\":[{\"@type\":\"ListItem\",\"position\":1,\"name\":\"Avaleht\",\"item\":\"https:\/\/hobstop.ee\/lv\/\"},{\"@type\":\"ListItem\",\"position\":2,\"name\":\"Veikals\",\"item\":\"https:\/\/hobstop.ee\/lv\/veikals\/\"},{\"@type\":\"ListItem\",\"position\":3,\"name\":\"Kr\u0101sainais z\u012bmulis Derwent Academy met\u0101la kast\u0113\"}]},{\"@type\":\"WebSite\",\"@id\":\"https:\/\/hobstop.ee\/lv\/#website\",\"url\":\"https:\/\/hobstop.ee\/lv\/\",\"name\":\"Skizze\",\"description\":\"M\u0101kslas, hobiju un skolas preces\",\"publisher\":{\"@id\":\"https:\/\/hobstop.ee\/lv\/#organization\"},\"potentialAction\":[{\"@type\":\"SearchAction\",\"target\":{\"@type\":\"EntryPoint\",\"urlTemplate\":\"https:\/\/hobstop.ee\/lv\/?s={search_term_string}\"},\"query-input\":{\"@type\":\"PropertyValueSpecification\",\"valueRequired\":true,\"valueName\":\"search_term_string\"}}],\"inLanguage\":\"lv-LV\"},{\"@type\":\"Organization\",\"@id\":\"https:\/\/hobstop.ee\/lv\/#organization\",\"name\":\"Vunder AS\",\"url\":\"https:\/\/hobstop.ee\/lv\/\",\"logo\":{\"@type\":\"ImageObject\",\"inLanguage\":\"lv-LV\",\"@id\":\"https:\/\/hobstop.ee\/lv\/#\/schema\/logo\/image\/\",\"url\":\"https:\/\/hobstop.ee\/media\/vunder-logo.png\",\"contentUrl\":\"https:\/\/hobstop.ee\/media\/vunder-logo.png\",\"width\":127,\"height\":55,\"caption\":\"Vunder AS\"},\"image\":{\"@id\":\"https:\/\/hobstop.ee\/lv\/#\/schema\/logo\/image\/\"},\"sameAs\":[\"http:\/\/www.facebook.com\/VunderSkizze\"]}]}<\/script>\n<!-- \/ Yoast SEO plugin. -->","yoast_head_json":{"title":"Kr\u0101sainais z\u012bmulis Derwent Academy met\u0101la kast\u0113 &#8211; Skizze","robots":{"index":"noindex","follow":"follow","max-snippet":"max-snippet:-1","max-image-preview":"max-image-preview:large","max-video-preview":"max-video-preview:-1"},"og_locale":"lv_LV","og_type":"article","og_title":"Kr\u0101sainais z\u012bmulis Derwent Academy met\u0101la kast\u0113 &#8211; Skizze","og_description":"Lab\u0101kais ies\u0101kums z\u012bm\u0113\u0161anas pasaul\u0113. Derwent Academy kr\u0101sainie z\u012bmu\u013ci ir lieliski piem\u0113roti kr\u0101so\u0161anai, z\u012bm\u0113\u0161anai un ilustr\u0113\u0161anai. Tos ir viegli lietot un vien\u0101 mirkl\u012b uzburt veselu kr\u0101su burv\u012bbu. Izgatavoti no dab\u012bga koka. Z\u012bmu\u013cu serdes ir no kvalitat\u012bva pigmenta atbilsto\u0161i Derwent stingrajiem standartiem, t\u0101d\u0113\u013c kr\u0101sa kl\u0101jas uz pap\u012bra \u0101tri un vienm\u0113r\u012bgi. Da\u017e\u0101d\u0101s kr\u0101sas ir labi sajaucamas, dodot iesp\u0113ju rad\u012bt v\u0113l vair\u0101k jaunu nokr\u0101su. Apa\u013c\u0161 6.9mm koka apvalks, serde\u0146a d=2.9mm","og_url":"https:\/\/hobstop.ee\/lv\/produkts\/krasainais-zimulis-derwent-academy-metala-kaste\/","og_site_name":"Skizze","article_publisher":"http:\/\/www.facebook.com\/VunderSkizze","twitter_card":"summary_large_image","twitter_misc":{"Est. reading time":"1 min\u016b\u0161u"},"schema":{"@context":"https:\/\/schema.org","@graph":[{"@type":"WebPage","@id":"https:\/\/hobstop.ee\/lv\/produkts\/krasainais-zimulis-derwent-academy-metala-kaste\/","url":"https:\/\/hobstop.ee\/lv\/produkts\/krasainais-zimulis-derwent-academy-metala-kaste\/","name":"Kr\u0101sainais z\u012bmulis Derwent Academy met\u0101la kast\u0113 &#8211; Skizze","isPartOf":{"@id":"https:\/\/hobstop.ee\/lv\/#website"},"datePublished":"2014-12-09T10:58:30+00:00","dateModified":"2014-12-09T10:58:30+00:00","breadcrumb":{"@id":"https:\/\/hobstop.ee\/lv\/produkts\/krasainais-zimulis-derwent-academy-metala-kaste\/#breadcrumb"},"inLanguage":"lv-LV","potentialAction":[{"@type":"ReadAction","target":["https:\/\/hobstop.ee\/lv\/produkts\/krasainais-zimulis-derwent-academy-metala-kaste\/"]}]},{"@type":"BreadcrumbList","@id":"https:\/\/hobstop.ee\/lv\/produkts\/krasainais-zimulis-derwent-academy-metala-kaste\/#breadcrumb","itemListElement":[{"@type":"ListItem","position":1,"name":"Avaleht","item":"https:\/\/hobstop.ee\/lv\/"},{"@type":"ListItem","position":2,"name":"Veikals","item":"https:\/\/hobstop.ee\/lv\/veikals\/"},{"@type":"ListItem","position":3,"name":"Kr\u0101sainais z\u012bmulis Derwent Academy met\u0101la kast\u0113"}]},{"@type":"WebSite","@id":"https:\/\/hobstop.ee\/lv\/#website","url":"https:\/\/hobstop.ee\/lv\/","name":"Skizze","description":"M\u0101kslas, hobiju un skolas preces","publisher":{"@id":"https:\/\/hobstop.ee\/lv\/#organization"},"potentialAction":[{"@type":"SearchAction","target":{"@type":"EntryPoint","urlTemplate":"https:\/\/hobstop.ee\/lv\/?s={search_term_string}"},"query-input":{"@type":"PropertyValueSpecification","valueRequired":true,"valueName":"search_term_string"}}],"inLanguage":"lv-LV"},{"@type":"Organization","@id":"https:\/\/hobstop.ee\/lv\/#organization","name":"Vunder AS","url":"https:\/\/hobstop.ee\/lv\/","logo":{"@type":"ImageObject","inLanguage":"lv-LV","@id":"https:\/\/hobstop.ee\/lv\/#\/schema\/logo\/image\/","url":"https:\/\/hobstop.ee\/media\/vunder-logo.png","contentUrl":"https:\/\/hobstop.ee\/media\/vunder-logo.png","width":127,"height":55,"caption":"Vunder AS"},"image":{"@id":"https:\/\/hobstop.ee\/lv\/#\/schema\/logo\/image\/"},"sameAs":["http:\/\/www.facebook.com\/VunderSkizze"]}]}},"_links":{"self":[{"href":"https:\/\/hobstop.ee\/lv\/wp-json\/wp\/v2\/product\/61245","targetHints":{"allow":["GET"]}}],"collection":[{"href":"https:\/\/hobstop.ee\/lv\/wp-json\/wp\/v2\/product"}],"about":[{"href":"https:\/\/hobstop.ee\/lv\/wp-json\/wp\/v2\/types\/product"}],"replies":[{"embeddable":true,"href":"https:\/\/hobstop.ee\/lv\/wp-json\/wp\/v2\/comments?post=61245"}],"wp:attachment":[{"href":"https:\/\/hobstop.ee\/lv\/wp-json\/wp\/v2\/media?parent=61245"}],"wp:term":[{"taxonomy":"product_cat","embeddable":true,"href":"https:\/\/hobstop.ee\/lv\/wp-json\/wp\/v2\/product_cat?post=61245"},{"taxonomy":"product_tag","embeddable":true,"href":"https:\/\/hobstop.ee\/lv\/wp-json\/wp\/v2\/product_tag?post=61245"}],"curies":[{"name":"wp","href":"https:\/\/api.w.org\/{rel}","templated":true}]}}