{"id":61248,"date":"2014-12-09T12:58:31","date_gmt":"2014-12-09T10:58:31","guid":{"rendered":"https:\/\/sharks.ee\/vunder_2019.klient.veebimajutus.ee\/?post_type=product&#038;p=61248"},"modified":"2014-12-09T12:58:31","modified_gmt":"2014-12-09T10:58:31","slug":"akvarelzimuli-derwent-academy-metala-kaste","status":"publish","type":"product","link":"https:\/\/hobstop.ee\/lv\/produkts\/akvarelzimuli-derwent-academy-metala-kaste\/","title":{"rendered":"Akvare\u013cz\u012bmu\u013ci Derwent Academy met\u0101la kast\u0113"},"content":{"rendered":"<p>Lab\u0101kais veids ies\u0101kumam z\u012bm\u0113\u0161anas pasaul\u0113. Ar Derwent Academy akvare\u013cz\u012bmu\u013ciem var lieliski izveidot z\u012bm\u0113jumu un tad ar slapju otu iz\u0161\u0137\u012bdin\u0101t bag\u0101t\u012bgos pigmentus vienreiz\u0113j\u0101 akvarel\u012b. Sajauciet tos sav\u0101 starp\u0101, izveidojot jaunus to\u0146us, vai ar\u012b izmantojiet tos saus\u0101 veid\u0101. Ide\u0101li piem\u0113roti detaliz\u0113tam z\u012bm\u0113jumam vai gleznojumam, jo se\u0161st\u016brainais z\u012bmulis lieliski iek\u013caujas kontrol\u0113jam\u0101 un prec\u012bz\u0101 tv\u0113rien\u0101.<br \/>\n\u0160e\u0161st\u016brains 6.9mm apvalks, kodola d=2.9mm<\/p>\n","protected":false},"excerpt":{"rendered":"<p>Lab\u0101kais veids ies\u0101kumam z\u012bm\u0113\u0161anas pasaul\u0113. Ar Derwent Academy akvare\u013cz\u012bmu\u013ciem var lieliski izveidot z\u012bm\u0113jumu un tad ar slapju otu iz\u0161\u0137\u012bdin\u0101t bag\u0101t\u012bgos pigmentus vienreiz\u0113j\u0101 akvarel\u012b. Sajauciet tos sav\u0101 starp\u0101, izveidojot jaunus to\u0146us, vai ar\u012b izmantojiet tos saus\u0101 veid\u0101. Ide\u0101li piem\u0113roti detaliz\u0113tam z\u012bm\u0113jumam vai gleznojumam, jo se\u0161st\u016brainais z\u012bmulis lieliski iek\u013caujas kontrol\u0113jam\u0101 un prec\u012bz\u0101 tv\u0113rien\u0101. \u0160e\u0161st\u016brains 6.9mm apvalks, kodola d=2.9mm<\/p>\n","protected":false},"featured_media":104506,"comment_status":"closed","ping_status":"closed","template":"","meta":{"_acf_changed":false,"ep_exclude_from_search":false},"product_cat":[18985,16123,18931],"product_tag":[],"class_list":{"0":"post-61248","1":"product","2":"type-product","3":"status-publish","4":"has-post-thumbnail","6":"product_cat-akvarelkrasu-zimuli-2","7":"product_cat-makslas-piederumi-2","8":"product_cat-zimesanas-piederumi-3","10":"first","11":"instock","12":"taxable","13":"shipping-taxable","14":"purchasable","15":"product-type-variable"},"acf":[],"yoast_head":"<!-- This site is optimized with the Yoast SEO plugin v24.1 - https:\/\/yoast.com\/wordpress\/plugins\/seo\/ -->\n<title>Akvare\u013cz\u012bmu\u013ci Derwent Academy met\u0101la kast\u0113 &#8211; Skizze<\/title>\n<meta name=\"robots\" content=\"noindex, follow, max-snippet:-1, max-image-preview:large, max-video-preview:-1\" \/>\n<meta property=\"og:locale\" content=\"lv_LV\" \/>\n<meta property=\"og:type\" content=\"article\" \/>\n<meta property=\"og:title\" content=\"Akvare\u013cz\u012bmu\u013ci Derwent Academy met\u0101la kast\u0113 &#8211; Skizze\" \/>\n<meta property=\"og:description\" content=\"Lab\u0101kais veids ies\u0101kumam z\u012bm\u0113\u0161anas pasaul\u0113. Ar Derwent Academy akvare\u013cz\u012bmu\u013ciem var lieliski izveidot z\u012bm\u0113jumu un tad ar slapju otu iz\u0161\u0137\u012bdin\u0101t bag\u0101t\u012bgos pigmentus vienreiz\u0113j\u0101 akvarel\u012b. Sajauciet tos sav\u0101 starp\u0101, izveidojot jaunus to\u0146us, vai ar\u012b izmantojiet tos saus\u0101 veid\u0101. Ide\u0101li piem\u0113roti detaliz\u0113tam z\u012bm\u0113jumam vai gleznojumam, jo se\u0161st\u016brainais z\u012bmulis lieliski iek\u013caujas kontrol\u0113jam\u0101 un prec\u012bz\u0101 tv\u0113rien\u0101. \u0160e\u0161st\u016brains 6.9mm apvalks, kodola d=2.9mm\" \/>\n<meta property=\"og:url\" content=\"https:\/\/hobstop.ee\/lv\/produkts\/akvarelzimuli-derwent-academy-metala-kaste\/\" \/>\n<meta property=\"og:site_name\" content=\"Skizze\" \/>\n<meta property=\"article:publisher\" content=\"http:\/\/www.facebook.com\/VunderSkizze\" \/>\n<meta property=\"og:image\" content=\"https:\/\/hobstop.ee\/media\/2305.jpg\" \/>\n\t<meta property=\"og:image:width\" content=\"1024\" \/>\n\t<meta property=\"og:image:height\" content=\"768\" \/>\n\t<meta property=\"og:image:type\" content=\"image\/jpeg\" \/>\n<meta name=\"twitter:card\" content=\"summary_large_image\" \/>\n<script type=\"application\/ld+json\" class=\"yoast-schema-graph\">{\"@context\":\"https:\/\/schema.org\",\"@graph\":[{\"@type\":\"WebPage\",\"@id\":\"https:\/\/hobstop.ee\/lv\/produkts\/akvarelzimuli-derwent-academy-metala-kaste\/\",\"url\":\"https:\/\/hobstop.ee\/lv\/produkts\/akvarelzimuli-derwent-academy-metala-kaste\/\",\"name\":\"Akvare\u013cz\u012bmu\u013ci Derwent Academy met\u0101la kast\u0113 &#8211; Skizze\",\"isPartOf\":{\"@id\":\"https:\/\/hobstop.ee\/lv\/#website\"},\"primaryImageOfPage\":{\"@id\":\"https:\/\/hobstop.ee\/lv\/produkts\/akvarelzimuli-derwent-academy-metala-kaste\/#primaryimage\"},\"image\":{\"@id\":\"https:\/\/hobstop.ee\/lv\/produkts\/akvarelzimuli-derwent-academy-metala-kaste\/#primaryimage\"},\"thumbnailUrl\":\"https:\/\/hobstop.ee\/media\/2305.jpg\",\"datePublished\":\"2014-12-09T10:58:31+00:00\",\"dateModified\":\"2014-12-09T10:58:31+00:00\",\"breadcrumb\":{\"@id\":\"https:\/\/hobstop.ee\/lv\/produkts\/akvarelzimuli-derwent-academy-metala-kaste\/#breadcrumb\"},\"inLanguage\":\"lv-LV\",\"potentialAction\":[{\"@type\":\"ReadAction\",\"target\":[\"https:\/\/hobstop.ee\/lv\/produkts\/akvarelzimuli-derwent-academy-metala-kaste\/\"]}]},{\"@type\":\"ImageObject\",\"inLanguage\":\"lv-LV\",\"@id\":\"https:\/\/hobstop.ee\/lv\/produkts\/akvarelzimuli-derwent-academy-metala-kaste\/#primaryimage\",\"url\":\"https:\/\/hobstop.ee\/media\/2305.jpg\",\"contentUrl\":\"https:\/\/hobstop.ee\/media\/2305.jpg\",\"width\":1024,\"height\":768},{\"@type\":\"BreadcrumbList\",\"@id\":\"https:\/\/hobstop.ee\/lv\/produkts\/akvarelzimuli-derwent-academy-metala-kaste\/#breadcrumb\",\"itemListElement\":[{\"@type\":\"ListItem\",\"position\":1,\"name\":\"Avaleht\",\"item\":\"https:\/\/hobstop.ee\/lv\/\"},{\"@type\":\"ListItem\",\"position\":2,\"name\":\"Veikals\",\"item\":\"https:\/\/hobstop.ee\/lv\/veikals\/\"},{\"@type\":\"ListItem\",\"position\":3,\"name\":\"Akvare\u013cz\u012bmu\u013ci Derwent Academy met\u0101la kast\u0113\"}]},{\"@type\":\"WebSite\",\"@id\":\"https:\/\/hobstop.ee\/lv\/#website\",\"url\":\"https:\/\/hobstop.ee\/lv\/\",\"name\":\"Skizze\",\"description\":\"M\u0101kslas, hobiju un skolas preces\",\"publisher\":{\"@id\":\"https:\/\/hobstop.ee\/lv\/#organization\"},\"potentialAction\":[{\"@type\":\"SearchAction\",\"target\":{\"@type\":\"EntryPoint\",\"urlTemplate\":\"https:\/\/hobstop.ee\/lv\/?s={search_term_string}\"},\"query-input\":{\"@type\":\"PropertyValueSpecification\",\"valueRequired\":true,\"valueName\":\"search_term_string\"}}],\"inLanguage\":\"lv-LV\"},{\"@type\":\"Organization\",\"@id\":\"https:\/\/hobstop.ee\/lv\/#organization\",\"name\":\"Vunder AS\",\"url\":\"https:\/\/hobstop.ee\/lv\/\",\"logo\":{\"@type\":\"ImageObject\",\"inLanguage\":\"lv-LV\",\"@id\":\"https:\/\/hobstop.ee\/lv\/#\/schema\/logo\/image\/\",\"url\":\"https:\/\/hobstop.ee\/media\/vunder-logo.png\",\"contentUrl\":\"https:\/\/hobstop.ee\/media\/vunder-logo.png\",\"width\":127,\"height\":55,\"caption\":\"Vunder AS\"},\"image\":{\"@id\":\"https:\/\/hobstop.ee\/lv\/#\/schema\/logo\/image\/\"},\"sameAs\":[\"http:\/\/www.facebook.com\/VunderSkizze\"]}]}<\/script>\n<!-- \/ Yoast SEO plugin. -->","yoast_head_json":{"title":"Akvare\u013cz\u012bmu\u013ci Derwent Academy met\u0101la kast\u0113 &#8211; Skizze","robots":{"index":"noindex","follow":"follow","max-snippet":"max-snippet:-1","max-image-preview":"max-image-preview:large","max-video-preview":"max-video-preview:-1"},"og_locale":"lv_LV","og_type":"article","og_title":"Akvare\u013cz\u012bmu\u013ci Derwent Academy met\u0101la kast\u0113 &#8211; Skizze","og_description":"Lab\u0101kais veids ies\u0101kumam z\u012bm\u0113\u0161anas pasaul\u0113. Ar Derwent Academy akvare\u013cz\u012bmu\u013ciem var lieliski izveidot z\u012bm\u0113jumu un tad ar slapju otu iz\u0161\u0137\u012bdin\u0101t bag\u0101t\u012bgos pigmentus vienreiz\u0113j\u0101 akvarel\u012b. Sajauciet tos sav\u0101 starp\u0101, izveidojot jaunus to\u0146us, vai ar\u012b izmantojiet tos saus\u0101 veid\u0101. Ide\u0101li piem\u0113roti detaliz\u0113tam z\u012bm\u0113jumam vai gleznojumam, jo se\u0161st\u016brainais z\u012bmulis lieliski iek\u013caujas kontrol\u0113jam\u0101 un prec\u012bz\u0101 tv\u0113rien\u0101. \u0160e\u0161st\u016brains 6.9mm apvalks, kodola d=2.9mm","og_url":"https:\/\/hobstop.ee\/lv\/produkts\/akvarelzimuli-derwent-academy-metala-kaste\/","og_site_name":"Skizze","article_publisher":"http:\/\/www.facebook.com\/VunderSkizze","og_image":[{"width":1024,"height":768,"url":"https:\/\/hobstop.ee\/media\/2305.jpg","type":"image\/jpeg"}],"twitter_card":"summary_large_image","schema":{"@context":"https:\/\/schema.org","@graph":[{"@type":"WebPage","@id":"https:\/\/hobstop.ee\/lv\/produkts\/akvarelzimuli-derwent-academy-metala-kaste\/","url":"https:\/\/hobstop.ee\/lv\/produkts\/akvarelzimuli-derwent-academy-metala-kaste\/","name":"Akvare\u013cz\u012bmu\u013ci Derwent Academy met\u0101la kast\u0113 &#8211; Skizze","isPartOf":{"@id":"https:\/\/hobstop.ee\/lv\/#website"},"primaryImageOfPage":{"@id":"https:\/\/hobstop.ee\/lv\/produkts\/akvarelzimuli-derwent-academy-metala-kaste\/#primaryimage"},"image":{"@id":"https:\/\/hobstop.ee\/lv\/produkts\/akvarelzimuli-derwent-academy-metala-kaste\/#primaryimage"},"thumbnailUrl":"https:\/\/hobstop.ee\/media\/2305.jpg","datePublished":"2014-12-09T10:58:31+00:00","dateModified":"2014-12-09T10:58:31+00:00","breadcrumb":{"@id":"https:\/\/hobstop.ee\/lv\/produkts\/akvarelzimuli-derwent-academy-metala-kaste\/#breadcrumb"},"inLanguage":"lv-LV","potentialAction":[{"@type":"ReadAction","target":["https:\/\/hobstop.ee\/lv\/produkts\/akvarelzimuli-derwent-academy-metala-kaste\/"]}]},{"@type":"ImageObject","inLanguage":"lv-LV","@id":"https:\/\/hobstop.ee\/lv\/produkts\/akvarelzimuli-derwent-academy-metala-kaste\/#primaryimage","url":"https:\/\/hobstop.ee\/media\/2305.jpg","contentUrl":"https:\/\/hobstop.ee\/media\/2305.jpg","width":1024,"height":768},{"@type":"BreadcrumbList","@id":"https:\/\/hobstop.ee\/lv\/produkts\/akvarelzimuli-derwent-academy-metala-kaste\/#breadcrumb","itemListElement":[{"@type":"ListItem","position":1,"name":"Avaleht","item":"https:\/\/hobstop.ee\/lv\/"},{"@type":"ListItem","position":2,"name":"Veikals","item":"https:\/\/hobstop.ee\/lv\/veikals\/"},{"@type":"ListItem","position":3,"name":"Akvare\u013cz\u012bmu\u013ci Derwent Academy met\u0101la kast\u0113"}]},{"@type":"WebSite","@id":"https:\/\/hobstop.ee\/lv\/#website","url":"https:\/\/hobstop.ee\/lv\/","name":"Skizze","description":"M\u0101kslas, hobiju un skolas preces","publisher":{"@id":"https:\/\/hobstop.ee\/lv\/#organization"},"potentialAction":[{"@type":"SearchAction","target":{"@type":"EntryPoint","urlTemplate":"https:\/\/hobstop.ee\/lv\/?s={search_term_string}"},"query-input":{"@type":"PropertyValueSpecification","valueRequired":true,"valueName":"search_term_string"}}],"inLanguage":"lv-LV"},{"@type":"Organization","@id":"https:\/\/hobstop.ee\/lv\/#organization","name":"Vunder AS","url":"https:\/\/hobstop.ee\/lv\/","logo":{"@type":"ImageObject","inLanguage":"lv-LV","@id":"https:\/\/hobstop.ee\/lv\/#\/schema\/logo\/image\/","url":"https:\/\/hobstop.ee\/media\/vunder-logo.png","contentUrl":"https:\/\/hobstop.ee\/media\/vunder-logo.png","width":127,"height":55,"caption":"Vunder AS"},"image":{"@id":"https:\/\/hobstop.ee\/lv\/#\/schema\/logo\/image\/"},"sameAs":["http:\/\/www.facebook.com\/VunderSkizze"]}]}},"_links":{"self":[{"href":"https:\/\/hobstop.ee\/lv\/wp-json\/wp\/v2\/product\/61248","targetHints":{"allow":["GET"]}}],"collection":[{"href":"https:\/\/hobstop.ee\/lv\/wp-json\/wp\/v2\/product"}],"about":[{"href":"https:\/\/hobstop.ee\/lv\/wp-json\/wp\/v2\/types\/product"}],"replies":[{"embeddable":true,"href":"https:\/\/hobstop.ee\/lv\/wp-json\/wp\/v2\/comments?post=61248"}],"wp:featuredmedia":[{"embeddable":true,"href":"https:\/\/hobstop.ee\/lv\/wp-json\/wp\/v2\/media\/104506"}],"wp:attachment":[{"href":"https:\/\/hobstop.ee\/lv\/wp-json\/wp\/v2\/media?parent=61248"}],"wp:term":[{"taxonomy":"product_cat","embeddable":true,"href":"https:\/\/hobstop.ee\/lv\/wp-json\/wp\/v2\/product_cat?post=61248"},{"taxonomy":"product_tag","embeddable":true,"href":"https:\/\/hobstop.ee\/lv\/wp-json\/wp\/v2\/product_tag?post=61248"}],"curies":[{"name":"wp","href":"https:\/\/api.w.org\/{rel}","templated":true}]}}