{"id":61298,"date":"2014-12-09T12:58:43","date_gmt":"2014-12-09T10:58:43","guid":{"rendered":"https:\/\/sharks.ee\/vunder_2019.klient.veebimajutus.ee\/?post_type=product&#038;p=61298"},"modified":"2014-12-09T12:58:43","modified_gmt":"2014-12-09T10:58:43","slug":"kaligrafijas-spalvaskatu-komplekts-classic-calligraphy","status":"publish","type":"product","link":"https:\/\/hobstop.ee\/lv\/produkts\/kaligrafijas-spalvaskatu-komplekts-classic-calligraphy\/","title":{"rendered":"Kaligr\u0101fijas spalvask\u0101tu komplekts Classic Calligraphy"},"content":{"rendered":"<p>Manuskript Classic piederumu komplekts ar klasisku spalvask\u0101tu, tintes kapsul\u0101m un futl\u0101ri \u2013 t\u0101 ir lieliska d\u0101vana, lai apg\u016btu vai pilnveidotu kaligr\u0101fijas prasmes. Komplekt\u0101 ietilpst 5 kvalitat\u012bvi spalvask\u0101ti, kas \u013cauj eksperiment\u0113t ar fontu izm\u0113riem, stiliem un kr\u0101su.<\/p>\n<p>Komplekt\u0101 ietilpst:<br \/>\nSmalk\u0101 rakst\u0101mspalva (0.85mm)<br \/>\nVid\u0113j\u0101 rakst\u0101mspalva (1.1mm)<br \/>\nPlat\u0101 rakst\u0101mspalva (1.35mm)<br \/>\n2B rakst\u0101mspalva (1.6mm)<br \/>\n4B rakst\u0101mspalva (2.8 mm)<br \/>\nKlasisks spalvask\u0101ta modelis<br \/>\nPildspalvu tintes kapsulas (starptautiskais izm\u0113rs)<br \/>\nTintes dozators<br \/>\nLieto\u0161anas pam\u0101c\u012bba<br \/>\nFutl\u0101ris<\/p>\n","protected":false},"excerpt":{"rendered":"<p>Manuskript Classic piederumu komplekts ar klasisku spalvask\u0101tu, tintes kapsul\u0101m un futl\u0101ri \u2013 t\u0101 ir lieliska d\u0101vana, lai apg\u016btu vai pilnveidotu kaligr\u0101fijas prasmes. Komplekt\u0101 ietilpst 5 kvalitat\u012bvi spalvask\u0101ti, kas \u013cauj eksperiment\u0113t ar fontu izm\u0113riem, stiliem un kr\u0101su. Komplekt\u0101 ietilpst: Smalk\u0101 rakst\u0101mspalva (0.85mm) Vid\u0113j\u0101 rakst\u0101mspalva (1.1mm) Plat\u0101 rakst\u0101mspalva (1.35mm) 2B rakst\u0101mspalva (1.6mm) 4B rakst\u0101mspalva (2.8 mm) Klasisks spalvask\u0101ta modelis Pildspalvu tintes kapsulas (starptautiskais izm\u0113rs) Tintes dozators Lieto\u0161anas pam\u0101c\u012bba Futl\u0101ris<\/p>\n","protected":false},"featured_media":293921,"comment_status":"closed","ping_status":"closed","template":"","meta":{"_acf_changed":false,"ep_exclude_from_search":false},"product_cat":[17975,16123,18337],"product_tag":[],"class_list":{"0":"post-61298","1":"product","2":"type-product","3":"status-publish","4":"has-post-thumbnail","6":"product_cat-kaligrafijas-piederumi","7":"product_cat-makslas-piederumi-2","8":"product_cat-spalvaskati","10":"first","11":"instock","12":"taxable","13":"shipping-taxable","14":"purchasable","15":"product-type-variable"},"acf":[],"yoast_head":"<!-- This site is optimized with the Yoast SEO plugin v24.1 - https:\/\/yoast.com\/wordpress\/plugins\/seo\/ -->\n<title>Kaligr\u0101fijas spalvask\u0101tu komplekts Classic Calligraphy &#8211; Skizze<\/title>\n<meta name=\"robots\" content=\"noindex, follow, max-snippet:-1, max-image-preview:large, max-video-preview:-1\" \/>\n<meta property=\"og:locale\" content=\"lv_LV\" \/>\n<meta property=\"og:type\" content=\"article\" \/>\n<meta property=\"og:title\" content=\"Kaligr\u0101fijas spalvask\u0101tu komplekts Classic Calligraphy &#8211; Skizze\" \/>\n<meta property=\"og:description\" content=\"Manuskript Classic piederumu komplekts ar klasisku spalvask\u0101tu, tintes kapsul\u0101m un futl\u0101ri \u2013 t\u0101 ir lieliska d\u0101vana, lai apg\u016btu vai pilnveidotu kaligr\u0101fijas prasmes. Komplekt\u0101 ietilpst 5 kvalitat\u012bvi spalvask\u0101ti, kas \u013cauj eksperiment\u0113t ar fontu izm\u0113riem, stiliem un kr\u0101su. Komplekt\u0101 ietilpst: Smalk\u0101 rakst\u0101mspalva (0.85mm) Vid\u0113j\u0101 rakst\u0101mspalva (1.1mm) Plat\u0101 rakst\u0101mspalva (1.35mm) 2B rakst\u0101mspalva (1.6mm) 4B rakst\u0101mspalva (2.8 mm) Klasisks spalvask\u0101ta modelis Pildspalvu tintes kapsulas (starptautiskais izm\u0113rs) Tintes dozators Lieto\u0161anas pam\u0101c\u012bba Futl\u0101ris\" \/>\n<meta property=\"og:url\" content=\"https:\/\/hobstop.ee\/lv\/produkts\/kaligrafijas-spalvaskatu-komplekts-classic-calligraphy\/\" \/>\n<meta property=\"og:site_name\" content=\"Skizze\" \/>\n<meta property=\"article:publisher\" content=\"http:\/\/www.facebook.com\/VunderSkizze\" \/>\n<meta property=\"og:image\" content=\"https:\/\/hobstop.ee\/media\/2346.jpg\" \/>\n\t<meta property=\"og:image:width\" content=\"1024\" \/>\n\t<meta property=\"og:image:height\" content=\"768\" \/>\n\t<meta property=\"og:image:type\" content=\"image\/jpeg\" \/>\n<meta name=\"twitter:card\" content=\"summary_large_image\" \/>\n<script type=\"application\/ld+json\" class=\"yoast-schema-graph\">{\"@context\":\"https:\/\/schema.org\",\"@graph\":[{\"@type\":\"WebPage\",\"@id\":\"https:\/\/hobstop.ee\/lv\/produkts\/kaligrafijas-spalvaskatu-komplekts-classic-calligraphy\/\",\"url\":\"https:\/\/hobstop.ee\/lv\/produkts\/kaligrafijas-spalvaskatu-komplekts-classic-calligraphy\/\",\"name\":\"Kaligr\u0101fijas spalvask\u0101tu komplekts Classic Calligraphy &#8211; Skizze\",\"isPartOf\":{\"@id\":\"https:\/\/hobstop.ee\/lv\/#website\"},\"primaryImageOfPage\":{\"@id\":\"https:\/\/hobstop.ee\/lv\/produkts\/kaligrafijas-spalvaskatu-komplekts-classic-calligraphy\/#primaryimage\"},\"image\":{\"@id\":\"https:\/\/hobstop.ee\/lv\/produkts\/kaligrafijas-spalvaskatu-komplekts-classic-calligraphy\/#primaryimage\"},\"thumbnailUrl\":\"https:\/\/hobstop.ee\/media\/2346.jpg\",\"datePublished\":\"2014-12-09T10:58:43+00:00\",\"dateModified\":\"2014-12-09T10:58:43+00:00\",\"breadcrumb\":{\"@id\":\"https:\/\/hobstop.ee\/lv\/produkts\/kaligrafijas-spalvaskatu-komplekts-classic-calligraphy\/#breadcrumb\"},\"inLanguage\":\"lv-LV\",\"potentialAction\":[{\"@type\":\"ReadAction\",\"target\":[\"https:\/\/hobstop.ee\/lv\/produkts\/kaligrafijas-spalvaskatu-komplekts-classic-calligraphy\/\"]}]},{\"@type\":\"ImageObject\",\"inLanguage\":\"lv-LV\",\"@id\":\"https:\/\/hobstop.ee\/lv\/produkts\/kaligrafijas-spalvaskatu-komplekts-classic-calligraphy\/#primaryimage\",\"url\":\"https:\/\/hobstop.ee\/media\/2346.jpg\",\"contentUrl\":\"https:\/\/hobstop.ee\/media\/2346.jpg\",\"width\":1024,\"height\":768},{\"@type\":\"BreadcrumbList\",\"@id\":\"https:\/\/hobstop.ee\/lv\/produkts\/kaligrafijas-spalvaskatu-komplekts-classic-calligraphy\/#breadcrumb\",\"itemListElement\":[{\"@type\":\"ListItem\",\"position\":1,\"name\":\"Avaleht\",\"item\":\"https:\/\/www.hobstop.ee\/lv\/\"},{\"@type\":\"ListItem\",\"position\":2,\"name\":\"Veikals\",\"item\":\"https:\/\/www.hobstop.ee\/lv\/veikals\/\"},{\"@type\":\"ListItem\",\"position\":3,\"name\":\"Kaligr\u0101fijas spalvask\u0101tu komplekts Classic Calligraphy\"}]},{\"@type\":\"WebSite\",\"@id\":\"https:\/\/hobstop.ee\/lv\/#website\",\"url\":\"https:\/\/hobstop.ee\/lv\/\",\"name\":\"Skizze\",\"description\":\"M\u0101kslas, hobiju un skolas preces\",\"publisher\":{\"@id\":\"https:\/\/hobstop.ee\/lv\/#organization\"},\"potentialAction\":[{\"@type\":\"SearchAction\",\"target\":{\"@type\":\"EntryPoint\",\"urlTemplate\":\"https:\/\/hobstop.ee\/lv\/?s={search_term_string}\"},\"query-input\":{\"@type\":\"PropertyValueSpecification\",\"valueRequired\":true,\"valueName\":\"search_term_string\"}}],\"inLanguage\":\"lv-LV\"},{\"@type\":\"Organization\",\"@id\":\"https:\/\/hobstop.ee\/lv\/#organization\",\"name\":\"Vunder AS\",\"url\":\"https:\/\/hobstop.ee\/lv\/\",\"logo\":{\"@type\":\"ImageObject\",\"inLanguage\":\"lv-LV\",\"@id\":\"https:\/\/hobstop.ee\/lv\/#\/schema\/logo\/image\/\",\"url\":\"https:\/\/hobstop.ee\/media\/vunder-logo.png\",\"contentUrl\":\"https:\/\/hobstop.ee\/media\/vunder-logo.png\",\"width\":127,\"height\":55,\"caption\":\"Vunder AS\"},\"image\":{\"@id\":\"https:\/\/hobstop.ee\/lv\/#\/schema\/logo\/image\/\"},\"sameAs\":[\"http:\/\/www.facebook.com\/VunderSkizze\"]}]}<\/script>\n<!-- \/ Yoast SEO plugin. -->","yoast_head_json":{"title":"Kaligr\u0101fijas spalvask\u0101tu komplekts Classic Calligraphy &#8211; Skizze","robots":{"index":"noindex","follow":"follow","max-snippet":"max-snippet:-1","max-image-preview":"max-image-preview:large","max-video-preview":"max-video-preview:-1"},"og_locale":"lv_LV","og_type":"article","og_title":"Kaligr\u0101fijas spalvask\u0101tu komplekts Classic Calligraphy &#8211; Skizze","og_description":"Manuskript Classic piederumu komplekts ar klasisku spalvask\u0101tu, tintes kapsul\u0101m un futl\u0101ri \u2013 t\u0101 ir lieliska d\u0101vana, lai apg\u016btu vai pilnveidotu kaligr\u0101fijas prasmes. Komplekt\u0101 ietilpst 5 kvalitat\u012bvi spalvask\u0101ti, kas \u013cauj eksperiment\u0113t ar fontu izm\u0113riem, stiliem un kr\u0101su. Komplekt\u0101 ietilpst: Smalk\u0101 rakst\u0101mspalva (0.85mm) Vid\u0113j\u0101 rakst\u0101mspalva (1.1mm) Plat\u0101 rakst\u0101mspalva (1.35mm) 2B rakst\u0101mspalva (1.6mm) 4B rakst\u0101mspalva (2.8 mm) Klasisks spalvask\u0101ta modelis Pildspalvu tintes kapsulas (starptautiskais izm\u0113rs) Tintes dozators Lieto\u0161anas pam\u0101c\u012bba Futl\u0101ris","og_url":"https:\/\/hobstop.ee\/lv\/produkts\/kaligrafijas-spalvaskatu-komplekts-classic-calligraphy\/","og_site_name":"Skizze","article_publisher":"http:\/\/www.facebook.com\/VunderSkizze","og_image":[{"width":1024,"height":768,"url":"https:\/\/hobstop.ee\/media\/2346.jpg","type":"image\/jpeg"}],"twitter_card":"summary_large_image","schema":{"@context":"https:\/\/schema.org","@graph":[{"@type":"WebPage","@id":"https:\/\/hobstop.ee\/lv\/produkts\/kaligrafijas-spalvaskatu-komplekts-classic-calligraphy\/","url":"https:\/\/hobstop.ee\/lv\/produkts\/kaligrafijas-spalvaskatu-komplekts-classic-calligraphy\/","name":"Kaligr\u0101fijas spalvask\u0101tu komplekts Classic Calligraphy &#8211; Skizze","isPartOf":{"@id":"https:\/\/hobstop.ee\/lv\/#website"},"primaryImageOfPage":{"@id":"https:\/\/hobstop.ee\/lv\/produkts\/kaligrafijas-spalvaskatu-komplekts-classic-calligraphy\/#primaryimage"},"image":{"@id":"https:\/\/hobstop.ee\/lv\/produkts\/kaligrafijas-spalvaskatu-komplekts-classic-calligraphy\/#primaryimage"},"thumbnailUrl":"https:\/\/hobstop.ee\/media\/2346.jpg","datePublished":"2014-12-09T10:58:43+00:00","dateModified":"2014-12-09T10:58:43+00:00","breadcrumb":{"@id":"https:\/\/hobstop.ee\/lv\/produkts\/kaligrafijas-spalvaskatu-komplekts-classic-calligraphy\/#breadcrumb"},"inLanguage":"lv-LV","potentialAction":[{"@type":"ReadAction","target":["https:\/\/hobstop.ee\/lv\/produkts\/kaligrafijas-spalvaskatu-komplekts-classic-calligraphy\/"]}]},{"@type":"ImageObject","inLanguage":"lv-LV","@id":"https:\/\/hobstop.ee\/lv\/produkts\/kaligrafijas-spalvaskatu-komplekts-classic-calligraphy\/#primaryimage","url":"https:\/\/hobstop.ee\/media\/2346.jpg","contentUrl":"https:\/\/hobstop.ee\/media\/2346.jpg","width":1024,"height":768},{"@type":"BreadcrumbList","@id":"https:\/\/hobstop.ee\/lv\/produkts\/kaligrafijas-spalvaskatu-komplekts-classic-calligraphy\/#breadcrumb","itemListElement":[{"@type":"ListItem","position":1,"name":"Avaleht","item":"https:\/\/www.hobstop.ee\/lv\/"},{"@type":"ListItem","position":2,"name":"Veikals","item":"https:\/\/www.hobstop.ee\/lv\/veikals\/"},{"@type":"ListItem","position":3,"name":"Kaligr\u0101fijas spalvask\u0101tu komplekts Classic Calligraphy"}]},{"@type":"WebSite","@id":"https:\/\/hobstop.ee\/lv\/#website","url":"https:\/\/hobstop.ee\/lv\/","name":"Skizze","description":"M\u0101kslas, hobiju un skolas preces","publisher":{"@id":"https:\/\/hobstop.ee\/lv\/#organization"},"potentialAction":[{"@type":"SearchAction","target":{"@type":"EntryPoint","urlTemplate":"https:\/\/hobstop.ee\/lv\/?s={search_term_string}"},"query-input":{"@type":"PropertyValueSpecification","valueRequired":true,"valueName":"search_term_string"}}],"inLanguage":"lv-LV"},{"@type":"Organization","@id":"https:\/\/hobstop.ee\/lv\/#organization","name":"Vunder AS","url":"https:\/\/hobstop.ee\/lv\/","logo":{"@type":"ImageObject","inLanguage":"lv-LV","@id":"https:\/\/hobstop.ee\/lv\/#\/schema\/logo\/image\/","url":"https:\/\/hobstop.ee\/media\/vunder-logo.png","contentUrl":"https:\/\/hobstop.ee\/media\/vunder-logo.png","width":127,"height":55,"caption":"Vunder AS"},"image":{"@id":"https:\/\/hobstop.ee\/lv\/#\/schema\/logo\/image\/"},"sameAs":["http:\/\/www.facebook.com\/VunderSkizze"]}]}},"_links":{"self":[{"href":"https:\/\/hobstop.ee\/lv\/wp-json\/wp\/v2\/product\/61298","targetHints":{"allow":["GET"]}}],"collection":[{"href":"https:\/\/hobstop.ee\/lv\/wp-json\/wp\/v2\/product"}],"about":[{"href":"https:\/\/hobstop.ee\/lv\/wp-json\/wp\/v2\/types\/product"}],"replies":[{"embeddable":true,"href":"https:\/\/hobstop.ee\/lv\/wp-json\/wp\/v2\/comments?post=61298"}],"wp:featuredmedia":[{"embeddable":true,"href":"https:\/\/hobstop.ee\/lv\/wp-json\/wp\/v2\/media\/293921"}],"wp:attachment":[{"href":"https:\/\/hobstop.ee\/lv\/wp-json\/wp\/v2\/media?parent=61298"}],"wp:term":[{"taxonomy":"product_cat","embeddable":true,"href":"https:\/\/hobstop.ee\/lv\/wp-json\/wp\/v2\/product_cat?post=61298"},{"taxonomy":"product_tag","embeddable":true,"href":"https:\/\/hobstop.ee\/lv\/wp-json\/wp\/v2\/product_tag?post=61298"}],"curies":[{"name":"wp","href":"https:\/\/api.w.org\/{rel}","templated":true}]}}