{"id":61355,"date":"2014-12-09T12:59:22","date_gmt":"2014-12-09T10:59:22","guid":{"rendered":"https:\/\/sharks.ee\/vunder_2019.klient.veebimajutus.ee\/?post_type=product&#038;p=61355"},"modified":"2014-12-09T12:59:22","modified_gmt":"2014-12-09T10:59:22","slug":"zids-rulli-crepe-georgette-8","status":"publish","type":"product","link":"https:\/\/hobstop.ee\/lv\/produkts\/zids-rulli-crepe-georgette-8\/","title":{"rendered":"Z\u012bds rull\u012b Crepe Georgette 8"},"content":{"rendered":"<p>Cr\u00eape Georgette 08 ir visviegl\u0101kais \u017eor\u017eeta audums. Tam ir z\u012bdaini mat\u0113ts sp\u012bdums un rakstur\u012bga s\u016bnaina tekst\u016bra.  Audums ir da\u013c\u0113ji caursp\u012bd\u012bgs, \u013coti m\u012bksti kr\u012bto\u0161s un, k\u0101 jau visi z\u012bda krepa audumi, nedaudz burz\u012bgs.  T\u0101d\u0113\u013c \u017eor\u017eets bie\u017ei tiek izmantots z\u012bda \u0161a\u013c\u013cu un lakatu, k\u0101 ar\u012b bl\u016b\u017eu \u0161\u016b\u0161anai.  Kr\u0101sas lieliski kl\u0101jas uz \u017eor\u017eeta un tas \u012bpa\u0161i labi izce\u013c kr\u0101su pies\u0101tin\u0101tos to\u0146us.  Tas ir piem\u0113rots darbam vis\u0101s z\u012bda apglezno\u0161anas tehnik\u0101s. \u012apa\u0161i labi piem\u0113rots darbam Nuno tehnik\u0101.  Nuno filcveida pusei ir br\u012bni\u0161\u0137\u012bgas fakt\u016bra, kas atg\u0101dina mistisku, ar dab\u012bgu s\u016bnu kl\u0101tu virsmu. Paturiet atmi\u0146\u0101, ka, mazg\u0101jot un kr\u0101sojot audumu, t\u0101 \u0161\u0137iedras piebriest un t\u0101d\u0113\u013c p\u0113c iz\u017e\u016b\u0161anas tas var iev\u0113rojami sarauties.<\/p>\n","protected":false},"excerpt":{"rendered":"<p>Cr\u00eape Georgette 08 ir visviegl\u0101kais \u017eor\u017eeta audums. Tam ir z\u012bdaini mat\u0113ts sp\u012bdums un rakstur\u012bga s\u016bnaina tekst\u016bra. Audums ir da\u013c\u0113ji caursp\u012bd\u012bgs, \u013coti m\u012bksti kr\u012bto\u0161s un, k\u0101 jau visi z\u012bda krepa audumi, nedaudz burz\u012bgs. T\u0101d\u0113\u013c \u017eor\u017eets bie\u017ei tiek izmantots z\u012bda \u0161a\u013c\u013cu un lakatu, k\u0101 ar\u012b bl\u016b\u017eu \u0161\u016b\u0161anai. Kr\u0101sas lieliski kl\u0101jas uz \u017eor\u017eeta un tas \u012bpa\u0161i labi izce\u013c kr\u0101su pies\u0101tin\u0101tos to\u0146us. Tas ir piem\u0113rots darbam vis\u0101s z\u012bda apglezno\u0161anas tehnik\u0101s. \u012apa\u0161i labi piem\u0113rots darbam Nuno tehnik\u0101. Nuno filcveida pusei ir br\u012bni\u0161\u0137\u012bgas fakt\u016bra, kas atg\u0101dina mistisku, ar dab\u012bgu s\u016bnu kl\u0101tu virsmu. Paturiet atmi\u0146\u0101, ka, mazg\u0101jot un kr\u0101sojot audumu, t\u0101 \u0161\u0137iedras piebriest un t\u0101d\u0113\u013c p\u0113c iz\u017e\u016b\u0161anas tas var iev\u0113rojami sarauties.<\/p>\n","protected":false},"featured_media":146925,"comment_status":"closed","ping_status":"closed","template":"","meta":{"_acf_changed":false,"ep_exclude_from_search":false},"product_cat":[17918,17971,18305],"product_tag":[],"class_list":{"0":"post-61355","1":"product","2":"type-product","3":"status-publish","4":"has-post-thumbnail","6":"product_cat-preces-hobijiem","7":"product_cat-sagataves","8":"product_cat-zids","10":"first","11":"instock","12":"taxable","13":"shipping-taxable","14":"purchasable","15":"product-type-variable"},"acf":[],"yoast_head":"<!-- This site is optimized with the Yoast SEO plugin v24.1 - https:\/\/yoast.com\/wordpress\/plugins\/seo\/ -->\n<title>Z\u012bds rull\u012b Crepe Georgette 8 &#8211; Skizze<\/title>\n<meta name=\"robots\" content=\"noindex, follow, max-snippet:-1, max-image-preview:large, max-video-preview:-1\" \/>\n<meta property=\"og:locale\" content=\"lv_LV\" \/>\n<meta property=\"og:type\" content=\"article\" \/>\n<meta property=\"og:title\" content=\"Z\u012bds rull\u012b Crepe Georgette 8 &#8211; Skizze\" \/>\n<meta property=\"og:description\" content=\"Cr\u00eape Georgette 08 ir visviegl\u0101kais \u017eor\u017eeta audums. Tam ir z\u012bdaini mat\u0113ts sp\u012bdums un rakstur\u012bga s\u016bnaina tekst\u016bra. Audums ir da\u013c\u0113ji caursp\u012bd\u012bgs, \u013coti m\u012bksti kr\u012bto\u0161s un, k\u0101 jau visi z\u012bda krepa audumi, nedaudz burz\u012bgs. T\u0101d\u0113\u013c \u017eor\u017eets bie\u017ei tiek izmantots z\u012bda \u0161a\u013c\u013cu un lakatu, k\u0101 ar\u012b bl\u016b\u017eu \u0161\u016b\u0161anai. Kr\u0101sas lieliski kl\u0101jas uz \u017eor\u017eeta un tas \u012bpa\u0161i labi izce\u013c kr\u0101su pies\u0101tin\u0101tos to\u0146us. Tas ir piem\u0113rots darbam vis\u0101s z\u012bda apglezno\u0161anas tehnik\u0101s. \u012apa\u0161i labi piem\u0113rots darbam Nuno tehnik\u0101. Nuno filcveida pusei ir br\u012bni\u0161\u0137\u012bgas fakt\u016bra, kas atg\u0101dina mistisku, ar dab\u012bgu s\u016bnu kl\u0101tu virsmu. Paturiet atmi\u0146\u0101, ka, mazg\u0101jot un kr\u0101sojot audumu, t\u0101 \u0161\u0137iedras piebriest un t\u0101d\u0113\u013c p\u0113c iz\u017e\u016b\u0161anas tas var iev\u0113rojami sarauties.\" \/>\n<meta property=\"og:url\" content=\"https:\/\/hobstop.ee\/lv\/produkts\/zids-rulli-crepe-georgette-8\/\" \/>\n<meta property=\"og:site_name\" content=\"Skizze\" \/>\n<meta property=\"article:publisher\" content=\"http:\/\/www.facebook.com\/VunderSkizze\" \/>\n<meta property=\"article:modified_time\" content=\"2014-12-09T10:59:22+00:00\" \/>\n<meta property=\"og:image\" content=\"https:\/\/hobstop.ee\/media\/2448.jpg\" \/>\n\t<meta property=\"og:image:width\" content=\"270\" \/>\n\t<meta property=\"og:image:height\" content=\"258\" \/>\n\t<meta property=\"og:image:type\" content=\"image\/jpeg\" \/>\n<meta name=\"twitter:card\" content=\"summary_large_image\" \/>\n<meta name=\"twitter:label1\" content=\"Est. reading time\" \/>\n\t<meta name=\"twitter:data1\" content=\"1 min\u016b\u0161u\" \/>\n<script type=\"application\/ld+json\" class=\"yoast-schema-graph\">{\"@context\":\"https:\/\/schema.org\",\"@graph\":[{\"@type\":\"WebPage\",\"@id\":\"https:\/\/hobstop.ee\/lv\/produkts\/zids-rulli-crepe-georgette-8\/\",\"url\":\"https:\/\/hobstop.ee\/lv\/produkts\/zids-rulli-crepe-georgette-8\/\",\"name\":\"Z\u012bds rull\u012b Crepe Georgette 8 &#8211; Skizze\",\"isPartOf\":{\"@id\":\"https:\/\/hobstop.ee\/lv\/#website\"},\"primaryImageOfPage\":{\"@id\":\"https:\/\/hobstop.ee\/lv\/produkts\/zids-rulli-crepe-georgette-8\/#primaryimage\"},\"image\":{\"@id\":\"https:\/\/hobstop.ee\/lv\/produkts\/zids-rulli-crepe-georgette-8\/#primaryimage\"},\"thumbnailUrl\":\"https:\/\/hobstop.ee\/media\/2448.jpg\",\"datePublished\":\"-0001-11-30T00:00:00+00:00\",\"dateModified\":\"2014-12-09T10:59:22+00:00\",\"breadcrumb\":{\"@id\":\"https:\/\/hobstop.ee\/lv\/produkts\/zids-rulli-crepe-georgette-8\/#breadcrumb\"},\"inLanguage\":\"lv-LV\",\"potentialAction\":[{\"@type\":\"ReadAction\",\"target\":[\"https:\/\/hobstop.ee\/lv\/produkts\/zids-rulli-crepe-georgette-8\/\"]}]},{\"@type\":\"ImageObject\",\"inLanguage\":\"lv-LV\",\"@id\":\"https:\/\/hobstop.ee\/lv\/produkts\/zids-rulli-crepe-georgette-8\/#primaryimage\",\"url\":\"https:\/\/hobstop.ee\/media\/2448.jpg\",\"contentUrl\":\"https:\/\/hobstop.ee\/media\/2448.jpg\",\"width\":270,\"height\":258},{\"@type\":\"BreadcrumbList\",\"@id\":\"https:\/\/hobstop.ee\/lv\/produkts\/zids-rulli-crepe-georgette-8\/#breadcrumb\",\"itemListElement\":[{\"@type\":\"ListItem\",\"position\":1,\"name\":\"Avaleht\",\"item\":\"https:\/\/www.hobstop.ee\/lv\/\"},{\"@type\":\"ListItem\",\"position\":2,\"name\":\"Veikals\",\"item\":\"https:\/\/www.hobstop.ee\/lv\/veikals\/\"},{\"@type\":\"ListItem\",\"position\":3,\"name\":\"Z\u012bds rull\u012b Crepe Georgette 8\"}]},{\"@type\":\"WebSite\",\"@id\":\"https:\/\/hobstop.ee\/lv\/#website\",\"url\":\"https:\/\/hobstop.ee\/lv\/\",\"name\":\"Skizze\",\"description\":\"M\u0101kslas, hobiju un skolas preces\",\"publisher\":{\"@id\":\"https:\/\/hobstop.ee\/lv\/#organization\"},\"potentialAction\":[{\"@type\":\"SearchAction\",\"target\":{\"@type\":\"EntryPoint\",\"urlTemplate\":\"https:\/\/hobstop.ee\/lv\/?s={search_term_string}\"},\"query-input\":{\"@type\":\"PropertyValueSpecification\",\"valueRequired\":true,\"valueName\":\"search_term_string\"}}],\"inLanguage\":\"lv-LV\"},{\"@type\":\"Organization\",\"@id\":\"https:\/\/hobstop.ee\/lv\/#organization\",\"name\":\"Vunder AS\",\"url\":\"https:\/\/hobstop.ee\/lv\/\",\"logo\":{\"@type\":\"ImageObject\",\"inLanguage\":\"lv-LV\",\"@id\":\"https:\/\/hobstop.ee\/lv\/#\/schema\/logo\/image\/\",\"url\":\"https:\/\/hobstop.ee\/media\/vunder-logo.png\",\"contentUrl\":\"https:\/\/hobstop.ee\/media\/vunder-logo.png\",\"width\":127,\"height\":55,\"caption\":\"Vunder AS\"},\"image\":{\"@id\":\"https:\/\/hobstop.ee\/lv\/#\/schema\/logo\/image\/\"},\"sameAs\":[\"http:\/\/www.facebook.com\/VunderSkizze\"]}]}<\/script>\n<!-- \/ Yoast SEO plugin. -->","yoast_head_json":{"title":"Z\u012bds rull\u012b Crepe Georgette 8 &#8211; Skizze","robots":{"index":"noindex","follow":"follow","max-snippet":"max-snippet:-1","max-image-preview":"max-image-preview:large","max-video-preview":"max-video-preview:-1"},"og_locale":"lv_LV","og_type":"article","og_title":"Z\u012bds rull\u012b Crepe Georgette 8 &#8211; Skizze","og_description":"Cr\u00eape Georgette 08 ir visviegl\u0101kais \u017eor\u017eeta audums. Tam ir z\u012bdaini mat\u0113ts sp\u012bdums un rakstur\u012bga s\u016bnaina tekst\u016bra. Audums ir da\u013c\u0113ji caursp\u012bd\u012bgs, \u013coti m\u012bksti kr\u012bto\u0161s un, k\u0101 jau visi z\u012bda krepa audumi, nedaudz burz\u012bgs. T\u0101d\u0113\u013c \u017eor\u017eets bie\u017ei tiek izmantots z\u012bda \u0161a\u013c\u013cu un lakatu, k\u0101 ar\u012b bl\u016b\u017eu \u0161\u016b\u0161anai. Kr\u0101sas lieliski kl\u0101jas uz \u017eor\u017eeta un tas \u012bpa\u0161i labi izce\u013c kr\u0101su pies\u0101tin\u0101tos to\u0146us. Tas ir piem\u0113rots darbam vis\u0101s z\u012bda apglezno\u0161anas tehnik\u0101s. \u012apa\u0161i labi piem\u0113rots darbam Nuno tehnik\u0101. Nuno filcveida pusei ir br\u012bni\u0161\u0137\u012bgas fakt\u016bra, kas atg\u0101dina mistisku, ar dab\u012bgu s\u016bnu kl\u0101tu virsmu. Paturiet atmi\u0146\u0101, ka, mazg\u0101jot un kr\u0101sojot audumu, t\u0101 \u0161\u0137iedras piebriest un t\u0101d\u0113\u013c p\u0113c iz\u017e\u016b\u0161anas tas var iev\u0113rojami sarauties.","og_url":"https:\/\/hobstop.ee\/lv\/produkts\/zids-rulli-crepe-georgette-8\/","og_site_name":"Skizze","article_publisher":"http:\/\/www.facebook.com\/VunderSkizze","article_modified_time":"2014-12-09T10:59:22+00:00","og_image":[{"width":270,"height":258,"url":"https:\/\/hobstop.ee\/media\/2448.jpg","type":"image\/jpeg"}],"twitter_card":"summary_large_image","twitter_misc":{"Est. reading time":"1 min\u016b\u0161u"},"schema":{"@context":"https:\/\/schema.org","@graph":[{"@type":"WebPage","@id":"https:\/\/hobstop.ee\/lv\/produkts\/zids-rulli-crepe-georgette-8\/","url":"https:\/\/hobstop.ee\/lv\/produkts\/zids-rulli-crepe-georgette-8\/","name":"Z\u012bds rull\u012b Crepe Georgette 8 &#8211; Skizze","isPartOf":{"@id":"https:\/\/hobstop.ee\/lv\/#website"},"primaryImageOfPage":{"@id":"https:\/\/hobstop.ee\/lv\/produkts\/zids-rulli-crepe-georgette-8\/#primaryimage"},"image":{"@id":"https:\/\/hobstop.ee\/lv\/produkts\/zids-rulli-crepe-georgette-8\/#primaryimage"},"thumbnailUrl":"https:\/\/hobstop.ee\/media\/2448.jpg","datePublished":"-0001-11-30T00:00:00+00:00","dateModified":"2014-12-09T10:59:22+00:00","breadcrumb":{"@id":"https:\/\/hobstop.ee\/lv\/produkts\/zids-rulli-crepe-georgette-8\/#breadcrumb"},"inLanguage":"lv-LV","potentialAction":[{"@type":"ReadAction","target":["https:\/\/hobstop.ee\/lv\/produkts\/zids-rulli-crepe-georgette-8\/"]}]},{"@type":"ImageObject","inLanguage":"lv-LV","@id":"https:\/\/hobstop.ee\/lv\/produkts\/zids-rulli-crepe-georgette-8\/#primaryimage","url":"https:\/\/hobstop.ee\/media\/2448.jpg","contentUrl":"https:\/\/hobstop.ee\/media\/2448.jpg","width":270,"height":258},{"@type":"BreadcrumbList","@id":"https:\/\/hobstop.ee\/lv\/produkts\/zids-rulli-crepe-georgette-8\/#breadcrumb","itemListElement":[{"@type":"ListItem","position":1,"name":"Avaleht","item":"https:\/\/www.hobstop.ee\/lv\/"},{"@type":"ListItem","position":2,"name":"Veikals","item":"https:\/\/www.hobstop.ee\/lv\/veikals\/"},{"@type":"ListItem","position":3,"name":"Z\u012bds rull\u012b Crepe Georgette 8"}]},{"@type":"WebSite","@id":"https:\/\/hobstop.ee\/lv\/#website","url":"https:\/\/hobstop.ee\/lv\/","name":"Skizze","description":"M\u0101kslas, hobiju un skolas preces","publisher":{"@id":"https:\/\/hobstop.ee\/lv\/#organization"},"potentialAction":[{"@type":"SearchAction","target":{"@type":"EntryPoint","urlTemplate":"https:\/\/hobstop.ee\/lv\/?s={search_term_string}"},"query-input":{"@type":"PropertyValueSpecification","valueRequired":true,"valueName":"search_term_string"}}],"inLanguage":"lv-LV"},{"@type":"Organization","@id":"https:\/\/hobstop.ee\/lv\/#organization","name":"Vunder AS","url":"https:\/\/hobstop.ee\/lv\/","logo":{"@type":"ImageObject","inLanguage":"lv-LV","@id":"https:\/\/hobstop.ee\/lv\/#\/schema\/logo\/image\/","url":"https:\/\/hobstop.ee\/media\/vunder-logo.png","contentUrl":"https:\/\/hobstop.ee\/media\/vunder-logo.png","width":127,"height":55,"caption":"Vunder AS"},"image":{"@id":"https:\/\/hobstop.ee\/lv\/#\/schema\/logo\/image\/"},"sameAs":["http:\/\/www.facebook.com\/VunderSkizze"]}]}},"_links":{"self":[{"href":"https:\/\/hobstop.ee\/lv\/wp-json\/wp\/v2\/product\/61355","targetHints":{"allow":["GET"]}}],"collection":[{"href":"https:\/\/hobstop.ee\/lv\/wp-json\/wp\/v2\/product"}],"about":[{"href":"https:\/\/hobstop.ee\/lv\/wp-json\/wp\/v2\/types\/product"}],"replies":[{"embeddable":true,"href":"https:\/\/hobstop.ee\/lv\/wp-json\/wp\/v2\/comments?post=61355"}],"wp:featuredmedia":[{"embeddable":true,"href":"https:\/\/hobstop.ee\/lv\/wp-json\/wp\/v2\/media\/146925"}],"wp:attachment":[{"href":"https:\/\/hobstop.ee\/lv\/wp-json\/wp\/v2\/media?parent=61355"}],"wp:term":[{"taxonomy":"product_cat","embeddable":true,"href":"https:\/\/hobstop.ee\/lv\/wp-json\/wp\/v2\/product_cat?post=61355"},{"taxonomy":"product_tag","embeddable":true,"href":"https:\/\/hobstop.ee\/lv\/wp-json\/wp\/v2\/product_tag?post=61355"}],"curies":[{"name":"wp","href":"https:\/\/api.w.org\/{rel}","templated":true}]}}