{"id":61358,"date":"2014-12-09T12:59:27","date_gmt":"2014-12-09T10:59:27","guid":{"rendered":"https:\/\/sharks.ee\/vunder_2019.klient.veebimajutus.ee\/?post_type=product&#038;p=61358"},"modified":"2014-12-09T12:59:27","modified_gmt":"2014-12-09T10:59:27","slug":"pastelzimuli-conte-a-paris-metala-kaste","status":"publish","type":"product","link":"https:\/\/hobstop.ee\/lv\/produkts\/pastelzimuli-conte-a-paris-metala-kaste\/","title":{"rendered":"Paste\u013cz\u012bmu\u013ci Conte a Paris met\u0101la kast\u0113"},"content":{"rendered":"<p>Izteiktais Conte Par\u012bzes paste\u013cz\u012bmu\u013ca izm\u0113rs (5 mm) sniedz neierobe\u017eotu un neatk\u0101rtojamu br\u012bv\u012bbas saj\u016btu rado\u0161\u0101m izpausm\u0113m. Tas ir izcils papildin\u0101jums m\u012bkstajiem paste\u013ciem, jo tas ir mazliet ciet\u0101ks un ar maz\u0101ku pigmentu. Lai veiktu nelielus un vid\u0113ja izm\u0113ra darbus, to izmantot ir \u0113rt\u0101k nek\u0101 Conte m\u012bkstos paste\u013cus un kr\u0101sainos kr\u012bti\u0146us. Sal\u012bdzinot ar m\u012bkstajiem paste\u013ciem, paste\u013cz\u012bmuli nedr\u012bkst kl\u0101t sec\u012bgos kr\u0101su sl\u0101\u0146os, bet gan izmantot k\u0101 t\u012bru kr\u0101su, kas tiek uzkl\u0101ta viena otrai l\u012bdz\u0101s (t\u0101, lai kr\u0101su to\u0146i sav\u0101 starp\u0101 nesm\u0113r\u0113tos).<\/p>\n","protected":false},"excerpt":{"rendered":"<p>Izteiktais Conte Par\u012bzes paste\u013cz\u012bmu\u013ca izm\u0113rs (5 mm) sniedz neierobe\u017eotu un neatk\u0101rtojamu br\u012bv\u012bbas saj\u016btu rado\u0161\u0101m izpausm\u0113m. Tas ir izcils papildin\u0101jums m\u012bkstajiem paste\u013ciem, jo tas ir mazliet ciet\u0101ks un ar maz\u0101ku pigmentu. Lai veiktu nelielus un vid\u0113ja izm\u0113ra darbus, to izmantot ir \u0113rt\u0101k nek\u0101 Conte m\u012bkstos paste\u013cus un kr\u0101sainos kr\u012bti\u0146us. Sal\u012bdzinot ar m\u012bkstajiem paste\u013ciem, paste\u013cz\u012bmuli nedr\u012bkst kl\u0101t sec\u012bgos kr\u0101su sl\u0101\u0146os, bet gan izmantot k\u0101 t\u012bru kr\u0101su, kas tiek uzkl\u0101ta viena otrai l\u012bdz\u0101s (t\u0101, lai kr\u0101su to\u0146i sav\u0101 starp\u0101 nesm\u0113r\u0113tos).<\/p>\n","protected":false},"featured_media":104794,"comment_status":"closed","ping_status":"closed","template":"","meta":{"_acf_changed":false,"ep_exclude_from_search":false},"product_cat":[16123,18134,18931],"product_tag":[],"class_list":{"0":"post-61358","1":"product","2":"type-product","3":"status-publish","4":"has-post-thumbnail","6":"product_cat-makslas-piederumi-2","7":"product_cat-pastela-zimuli","8":"product_cat-zimesanas-piederumi-3","10":"first","11":"instock","12":"taxable","13":"shipping-taxable","14":"purchasable","15":"product-type-variable"},"acf":[],"yoast_head":"<!-- This site is optimized with the Yoast SEO plugin v24.1 - https:\/\/yoast.com\/wordpress\/plugins\/seo\/ -->\n<title>Paste\u013cz\u012bmu\u013ci Conte a Paris met\u0101la kast\u0113 &#8211; Skizze<\/title>\n<meta name=\"robots\" content=\"noindex, follow, max-snippet:-1, max-image-preview:large, max-video-preview:-1\" \/>\n<meta property=\"og:locale\" content=\"lv_LV\" \/>\n<meta property=\"og:type\" content=\"article\" \/>\n<meta property=\"og:title\" content=\"Paste\u013cz\u012bmu\u013ci Conte a Paris met\u0101la kast\u0113 &#8211; Skizze\" \/>\n<meta property=\"og:description\" content=\"Izteiktais Conte Par\u012bzes paste\u013cz\u012bmu\u013ca izm\u0113rs (5 mm) sniedz neierobe\u017eotu un neatk\u0101rtojamu br\u012bv\u012bbas saj\u016btu rado\u0161\u0101m izpausm\u0113m. Tas ir izcils papildin\u0101jums m\u012bkstajiem paste\u013ciem, jo tas ir mazliet ciet\u0101ks un ar maz\u0101ku pigmentu. Lai veiktu nelielus un vid\u0113ja izm\u0113ra darbus, to izmantot ir \u0113rt\u0101k nek\u0101 Conte m\u012bkstos paste\u013cus un kr\u0101sainos kr\u012bti\u0146us. Sal\u012bdzinot ar m\u012bkstajiem paste\u013ciem, paste\u013cz\u012bmuli nedr\u012bkst kl\u0101t sec\u012bgos kr\u0101su sl\u0101\u0146os, bet gan izmantot k\u0101 t\u012bru kr\u0101su, kas tiek uzkl\u0101ta viena otrai l\u012bdz\u0101s (t\u0101, lai kr\u0101su to\u0146i sav\u0101 starp\u0101 nesm\u0113r\u0113tos).\" \/>\n<meta property=\"og:url\" content=\"https:\/\/hobstop.ee\/lv\/produkts\/pastelzimuli-conte-a-paris-metala-kaste\/\" \/>\n<meta property=\"og:site_name\" content=\"Skizze\" \/>\n<meta property=\"article:publisher\" content=\"http:\/\/www.facebook.com\/VunderSkizze\" \/>\n<meta property=\"og:image\" content=\"https:\/\/hobstop.ee\/media\/2464.jpg\" \/>\n\t<meta property=\"og:image:width\" content=\"1024\" \/>\n\t<meta property=\"og:image:height\" content=\"768\" \/>\n\t<meta property=\"og:image:type\" content=\"image\/jpeg\" \/>\n<meta name=\"twitter:card\" content=\"summary_large_image\" \/>\n<meta name=\"twitter:label1\" content=\"Est. reading time\" \/>\n\t<meta name=\"twitter:data1\" content=\"1 min\u016b\u0161u\" \/>\n<script type=\"application\/ld+json\" class=\"yoast-schema-graph\">{\"@context\":\"https:\/\/schema.org\",\"@graph\":[{\"@type\":\"WebPage\",\"@id\":\"https:\/\/hobstop.ee\/lv\/produkts\/pastelzimuli-conte-a-paris-metala-kaste\/\",\"url\":\"https:\/\/hobstop.ee\/lv\/produkts\/pastelzimuli-conte-a-paris-metala-kaste\/\",\"name\":\"Paste\u013cz\u012bmu\u013ci Conte a Paris met\u0101la kast\u0113 &#8211; Skizze\",\"isPartOf\":{\"@id\":\"https:\/\/hobstop.ee\/lv\/#website\"},\"primaryImageOfPage\":{\"@id\":\"https:\/\/hobstop.ee\/lv\/produkts\/pastelzimuli-conte-a-paris-metala-kaste\/#primaryimage\"},\"image\":{\"@id\":\"https:\/\/hobstop.ee\/lv\/produkts\/pastelzimuli-conte-a-paris-metala-kaste\/#primaryimage\"},\"thumbnailUrl\":\"https:\/\/hobstop.ee\/media\/2464.jpg\",\"datePublished\":\"2014-12-09T10:59:27+00:00\",\"dateModified\":\"2014-12-09T10:59:27+00:00\",\"breadcrumb\":{\"@id\":\"https:\/\/hobstop.ee\/lv\/produkts\/pastelzimuli-conte-a-paris-metala-kaste\/#breadcrumb\"},\"inLanguage\":\"lv-LV\",\"potentialAction\":[{\"@type\":\"ReadAction\",\"target\":[\"https:\/\/hobstop.ee\/lv\/produkts\/pastelzimuli-conte-a-paris-metala-kaste\/\"]}]},{\"@type\":\"ImageObject\",\"inLanguage\":\"lv-LV\",\"@id\":\"https:\/\/hobstop.ee\/lv\/produkts\/pastelzimuli-conte-a-paris-metala-kaste\/#primaryimage\",\"url\":\"https:\/\/hobstop.ee\/media\/2464.jpg\",\"contentUrl\":\"https:\/\/hobstop.ee\/media\/2464.jpg\",\"width\":1024,\"height\":768},{\"@type\":\"BreadcrumbList\",\"@id\":\"https:\/\/hobstop.ee\/lv\/produkts\/pastelzimuli-conte-a-paris-metala-kaste\/#breadcrumb\",\"itemListElement\":[{\"@type\":\"ListItem\",\"position\":1,\"name\":\"Avaleht\",\"item\":\"https:\/\/hobstop.ee\/lv\/\"},{\"@type\":\"ListItem\",\"position\":2,\"name\":\"Veikals\",\"item\":\"https:\/\/hobstop.ee\/lv\/veikals\/\"},{\"@type\":\"ListItem\",\"position\":3,\"name\":\"Paste\u013cz\u012bmu\u013ci Conte a Paris met\u0101la kast\u0113\"}]},{\"@type\":\"WebSite\",\"@id\":\"https:\/\/hobstop.ee\/lv\/#website\",\"url\":\"https:\/\/hobstop.ee\/lv\/\",\"name\":\"Skizze\",\"description\":\"M\u0101kslas, hobiju un skolas preces\",\"publisher\":{\"@id\":\"https:\/\/hobstop.ee\/lv\/#organization\"},\"potentialAction\":[{\"@type\":\"SearchAction\",\"target\":{\"@type\":\"EntryPoint\",\"urlTemplate\":\"https:\/\/hobstop.ee\/lv\/?s={search_term_string}\"},\"query-input\":{\"@type\":\"PropertyValueSpecification\",\"valueRequired\":true,\"valueName\":\"search_term_string\"}}],\"inLanguage\":\"lv-LV\"},{\"@type\":\"Organization\",\"@id\":\"https:\/\/hobstop.ee\/lv\/#organization\",\"name\":\"Vunder AS\",\"url\":\"https:\/\/hobstop.ee\/lv\/\",\"logo\":{\"@type\":\"ImageObject\",\"inLanguage\":\"lv-LV\",\"@id\":\"https:\/\/hobstop.ee\/lv\/#\/schema\/logo\/image\/\",\"url\":\"https:\/\/hobstop.ee\/media\/vunder-logo.png\",\"contentUrl\":\"https:\/\/hobstop.ee\/media\/vunder-logo.png\",\"width\":127,\"height\":55,\"caption\":\"Vunder AS\"},\"image\":{\"@id\":\"https:\/\/hobstop.ee\/lv\/#\/schema\/logo\/image\/\"},\"sameAs\":[\"http:\/\/www.facebook.com\/VunderSkizze\"]}]}<\/script>\n<!-- \/ Yoast SEO plugin. -->","yoast_head_json":{"title":"Paste\u013cz\u012bmu\u013ci Conte a Paris met\u0101la kast\u0113 &#8211; Skizze","robots":{"index":"noindex","follow":"follow","max-snippet":"max-snippet:-1","max-image-preview":"max-image-preview:large","max-video-preview":"max-video-preview:-1"},"og_locale":"lv_LV","og_type":"article","og_title":"Paste\u013cz\u012bmu\u013ci Conte a Paris met\u0101la kast\u0113 &#8211; Skizze","og_description":"Izteiktais Conte Par\u012bzes paste\u013cz\u012bmu\u013ca izm\u0113rs (5 mm) sniedz neierobe\u017eotu un neatk\u0101rtojamu br\u012bv\u012bbas saj\u016btu rado\u0161\u0101m izpausm\u0113m. Tas ir izcils papildin\u0101jums m\u012bkstajiem paste\u013ciem, jo tas ir mazliet ciet\u0101ks un ar maz\u0101ku pigmentu. Lai veiktu nelielus un vid\u0113ja izm\u0113ra darbus, to izmantot ir \u0113rt\u0101k nek\u0101 Conte m\u012bkstos paste\u013cus un kr\u0101sainos kr\u012bti\u0146us. Sal\u012bdzinot ar m\u012bkstajiem paste\u013ciem, paste\u013cz\u012bmuli nedr\u012bkst kl\u0101t sec\u012bgos kr\u0101su sl\u0101\u0146os, bet gan izmantot k\u0101 t\u012bru kr\u0101su, kas tiek uzkl\u0101ta viena otrai l\u012bdz\u0101s (t\u0101, lai kr\u0101su to\u0146i sav\u0101 starp\u0101 nesm\u0113r\u0113tos).","og_url":"https:\/\/hobstop.ee\/lv\/produkts\/pastelzimuli-conte-a-paris-metala-kaste\/","og_site_name":"Skizze","article_publisher":"http:\/\/www.facebook.com\/VunderSkizze","og_image":[{"width":1024,"height":768,"url":"https:\/\/hobstop.ee\/media\/2464.jpg","type":"image\/jpeg"}],"twitter_card":"summary_large_image","twitter_misc":{"Est. reading time":"1 min\u016b\u0161u"},"schema":{"@context":"https:\/\/schema.org","@graph":[{"@type":"WebPage","@id":"https:\/\/hobstop.ee\/lv\/produkts\/pastelzimuli-conte-a-paris-metala-kaste\/","url":"https:\/\/hobstop.ee\/lv\/produkts\/pastelzimuli-conte-a-paris-metala-kaste\/","name":"Paste\u013cz\u012bmu\u013ci Conte a Paris met\u0101la kast\u0113 &#8211; Skizze","isPartOf":{"@id":"https:\/\/hobstop.ee\/lv\/#website"},"primaryImageOfPage":{"@id":"https:\/\/hobstop.ee\/lv\/produkts\/pastelzimuli-conte-a-paris-metala-kaste\/#primaryimage"},"image":{"@id":"https:\/\/hobstop.ee\/lv\/produkts\/pastelzimuli-conte-a-paris-metala-kaste\/#primaryimage"},"thumbnailUrl":"https:\/\/hobstop.ee\/media\/2464.jpg","datePublished":"2014-12-09T10:59:27+00:00","dateModified":"2014-12-09T10:59:27+00:00","breadcrumb":{"@id":"https:\/\/hobstop.ee\/lv\/produkts\/pastelzimuli-conte-a-paris-metala-kaste\/#breadcrumb"},"inLanguage":"lv-LV","potentialAction":[{"@type":"ReadAction","target":["https:\/\/hobstop.ee\/lv\/produkts\/pastelzimuli-conte-a-paris-metala-kaste\/"]}]},{"@type":"ImageObject","inLanguage":"lv-LV","@id":"https:\/\/hobstop.ee\/lv\/produkts\/pastelzimuli-conte-a-paris-metala-kaste\/#primaryimage","url":"https:\/\/hobstop.ee\/media\/2464.jpg","contentUrl":"https:\/\/hobstop.ee\/media\/2464.jpg","width":1024,"height":768},{"@type":"BreadcrumbList","@id":"https:\/\/hobstop.ee\/lv\/produkts\/pastelzimuli-conte-a-paris-metala-kaste\/#breadcrumb","itemListElement":[{"@type":"ListItem","position":1,"name":"Avaleht","item":"https:\/\/hobstop.ee\/lv\/"},{"@type":"ListItem","position":2,"name":"Veikals","item":"https:\/\/hobstop.ee\/lv\/veikals\/"},{"@type":"ListItem","position":3,"name":"Paste\u013cz\u012bmu\u013ci Conte a Paris met\u0101la kast\u0113"}]},{"@type":"WebSite","@id":"https:\/\/hobstop.ee\/lv\/#website","url":"https:\/\/hobstop.ee\/lv\/","name":"Skizze","description":"M\u0101kslas, hobiju un skolas preces","publisher":{"@id":"https:\/\/hobstop.ee\/lv\/#organization"},"potentialAction":[{"@type":"SearchAction","target":{"@type":"EntryPoint","urlTemplate":"https:\/\/hobstop.ee\/lv\/?s={search_term_string}"},"query-input":{"@type":"PropertyValueSpecification","valueRequired":true,"valueName":"search_term_string"}}],"inLanguage":"lv-LV"},{"@type":"Organization","@id":"https:\/\/hobstop.ee\/lv\/#organization","name":"Vunder AS","url":"https:\/\/hobstop.ee\/lv\/","logo":{"@type":"ImageObject","inLanguage":"lv-LV","@id":"https:\/\/hobstop.ee\/lv\/#\/schema\/logo\/image\/","url":"https:\/\/hobstop.ee\/media\/vunder-logo.png","contentUrl":"https:\/\/hobstop.ee\/media\/vunder-logo.png","width":127,"height":55,"caption":"Vunder AS"},"image":{"@id":"https:\/\/hobstop.ee\/lv\/#\/schema\/logo\/image\/"},"sameAs":["http:\/\/www.facebook.com\/VunderSkizze"]}]}},"_links":{"self":[{"href":"https:\/\/hobstop.ee\/lv\/wp-json\/wp\/v2\/product\/61358","targetHints":{"allow":["GET"]}}],"collection":[{"href":"https:\/\/hobstop.ee\/lv\/wp-json\/wp\/v2\/product"}],"about":[{"href":"https:\/\/hobstop.ee\/lv\/wp-json\/wp\/v2\/types\/product"}],"replies":[{"embeddable":true,"href":"https:\/\/hobstop.ee\/lv\/wp-json\/wp\/v2\/comments?post=61358"}],"wp:featuredmedia":[{"embeddable":true,"href":"https:\/\/hobstop.ee\/lv\/wp-json\/wp\/v2\/media\/104794"}],"wp:attachment":[{"href":"https:\/\/hobstop.ee\/lv\/wp-json\/wp\/v2\/media?parent=61358"}],"wp:term":[{"taxonomy":"product_cat","embeddable":true,"href":"https:\/\/hobstop.ee\/lv\/wp-json\/wp\/v2\/product_cat?post=61358"},{"taxonomy":"product_tag","embeddable":true,"href":"https:\/\/hobstop.ee\/lv\/wp-json\/wp\/v2\/product_tag?post=61358"}],"curies":[{"name":"wp","href":"https:\/\/api.w.org\/{rel}","templated":true}]}}